{"id":98363,"date":"2024-11-21T13:17:36","date_gmt":"2024-11-21T12:17:36","guid":{"rendered":"https:\/\/www.zivautomation.com\/?page_id=98363"},"modified":"2024-11-27T13:19:58","modified_gmt":"2024-11-27T12:19:58","slug":"routers","status":"publish","type":"page","link":"https:\/\/www.zivautomation.com\/es\/productos\/comunicaciones\/routers\/","title":{"rendered":"Routers"},"content":{"rendered":"<div class=\"wpb-content-wrapper\"><p>[vc_row content_placement=&#8221;top&#8221; padding_left=&#8221;60px&#8221;][vc_column width=&#8221;1\/3&#8243;]<div  class=\"kleo-gap\" style=\"height:50px;line-height:50px;\"><\/div>[vc_single_image image=&#8221;98366&#8243; img_size=&#8221;medium&#8221; alignment=&#8221;center&#8221; onclick=&#8221;img_link_large&#8221; css=&#8221;&#8221;][\/vc_column][vc_column width=&#8221;2\/3&#8243;]<div  class=\"kleo-gap\" style=\"height:50px;line-height:50px;\"><\/div>[vc_column_text css=&#8221;&#8221;]<\/p>\n<h1>Nuestra gama de producto evoluciona hacia dispositivos m\u00e1s seguros, vers\u00e1tiles y con capacidades mejoradas para adaptarse a las demandas de un mercado en constante evoluci\u00f3n.<\/h1>\n<p>[\/vc_column_text][\/vc_column][\/vc_row][vc_row][vc_column]<div  class=\"kleo-gap\" style=\"height:50px;line-height:50px;\"><\/div>[vc_column_text css=&#8221;&#8221;]<\/p>\n<h2>Funcionalidades \/ Capacidades comunes<\/h2>\n<p>[\/vc_column_text][\/vc_column][\/vc_row][vc_row][vc_column width=&#8221;1\/2&#8243;][vc_column_text css=&#8221;&#8221;]<\/p>\n<ul>\n<li>HTTP\/HTTPS.<\/li>\n<li>Telnet.<\/li>\n<li>SSH.<\/li>\n<li>FTP\/FTPS.<\/li>\n<li>SNMPv1, SNMPv2c, SNMPv3. SNMP Traps.<\/li>\n<li>Syslog.<\/li>\n<li>Reinicio peri\u00f3dico.<\/li>\n<li>DNS cliente y relay.<\/li>\n<li>Cliente DNS din\u00e1mico.<\/li>\n<li>Servidor y cliente DHCP. DHCP relay.<\/li>\n<li>Servidor y cliente NTP\/SNTP.<\/li>\n<li>VLANs .<\/li>\n<li>Detecci\u00f3n autom\u00e1tica de velocidad del puerto.<\/li>\n<li>Informaci\u00f3n de rutado est\u00e1tica (configurada por el usuario).<\/li>\n<li>Informaci\u00f3n de rutado din\u00e1mica (protocolos de rutado RIP y OSPF).<\/li>\n<\/ul>\n<p>[\/vc_column_text][\/vc_column][vc_column width=&#8221;1\/2&#8243; css=&#8221;.vc_custom_1732183497747{padding-left: 60px !important;}&#8221;][vc_column_text css=&#8221;&#8221;]<\/p>\n<ul>\n<li>Protocolo de redundancia VRRP.<\/li>\n<li>Reglas NAT.<\/li>\n<li>T\u00faneles IPIP (IP over IP) y GRE.<\/li>\n<li>T\u00faneles IPSec con soporte DMVPN (Dynamic Multipoint VPN).<\/li>\n<li>NHRP (Next Hop Resolution Protocol).<\/li>\n<li>NHRP Keep Alive.<\/li>\n<li>Filtrado L3 (Direcci\u00f3pn IP y Servicio).<\/li>\n<li>Stateful IP firewall.<\/li>\n<li>Protecci\u00f3n contra ataques DoS.<\/li>\n<li>Asignaci\u00f3n de calidades de servicio y gesti\u00f3n de calidades de servicio a nivel de capa 3\/4.<\/li>\n<li>Clientes TACACS+ y RADIUS.<\/li>\n<li>Ping Keep Alive \/ TCP Keep Alive para WAN.<\/li>\n<li>Role Based Access (RBAC).<\/li>\n<\/ul>\n<p>[\/vc_column_text][\/vc_column][\/vc_row][vc_row][vc_column]<div  class=\"kleo-gap\" style=\"height:50px;line-height:50px;\"><\/div>[vc_column_text css=&#8221;&#8221;]<\/p>\n<h2>Routers ZIV<\/h2>\n<p>[\/vc_column_text][\/vc_column][\/vc_row][vc_row][vc_column][vc_column_text css=&#8221;&#8221;]<img loading=\"lazy\" decoding=\"async\" class=\"aligncenter wp-image-98392 size-large\" src=\"https:\/\/www.zivautomation.com\/wp-content\/uploads\/2024\/11\/captura-de-pantalla-2024-11-21-a-las-11.37.28-1024x351.png\" alt=\"\" width=\"1024\" height=\"351\" srcset=\"https:\/\/www.zivautomation.com\/wp-content\/uploads\/2024\/11\/captura-de-pantalla-2024-11-21-a-las-11.37.28-1024x351.png 1024w, https:\/\/www.zivautomation.com\/wp-content\/uploads\/2024\/11\/captura-de-pantalla-2024-11-21-a-las-11.37.28-300x103.png 300w, https:\/\/www.zivautomation.com\/wp-content\/uploads\/2024\/11\/captura-de-pantalla-2024-11-21-a-las-11.37.28-768x263.png 768w, https:\/\/www.zivautomation.com\/wp-content\/uploads\/2024\/11\/captura-de-pantalla-2024-11-21-a-las-11.37.28-1536x526.png 1536w, https:\/\/www.zivautomation.com\/wp-content\/uploads\/2024\/11\/captura-de-pantalla-2024-11-21-a-las-11.37.28-2048x702.png 2048w, https:\/\/www.zivautomation.com\/wp-content\/uploads\/2024\/11\/captura-de-pantalla-2024-11-21-a-las-11.37.28-672x230.png 672w, https:\/\/www.zivautomation.com\/wp-content\/uploads\/2024\/11\/captura-de-pantalla-2024-11-21-a-las-11.37.28-1038x356.png 1038w, https:\/\/www.zivautomation.com\/wp-content\/uploads\/2024\/11\/captura-de-pantalla-2024-11-21-a-las-11.37.28-480x164.png 480w, https:\/\/www.zivautomation.com\/wp-content\/uploads\/2024\/11\/captura-de-pantalla-2024-11-21-a-las-11.37.28-277x95.png 277w, https:\/\/www.zivautomation.com\/wp-content\/uploads\/2024\/11\/captura-de-pantalla-2024-11-21-a-las-11.37.28-1459x500.png 1459w\" sizes=\"auto, (max-width: 1024px) 100vw, 1024px\" \/>[\/vc_column_text][\/vc_column][vc_column]<div  class=\"kleo-gap\" style=\"height:50px;line-height:50px;\"><\/div>[\/vc_column][\/vc_row][vc_row][vc_column width=&#8221;1\/2&#8243;][vc_column_text css=&#8221;&#8221;]<\/p>\n<h3><span style=\"color: #800000;\">EMR-5 \/ Router WAN+LAN+Serie<\/span><\/h3>\n<ul>\n<li>Mejoras significativas en ciberseguridad y conectividad.<\/li>\n<li>Segunda antena para diversidad de se\u00f1al.<\/li>\n<li>Mayores velocidades de transmisi\u00f3n UL\/DL<\/li>\n<li>Contrase\u00f1as robustas, eliminaci\u00f3n del usuario root y logs avanzados para an\u00e1lisis de red.<\/li>\n<li>Alimentaci\u00f3n mejorada, incluyendo soporte para 12V y 24V.<\/li>\n<li>Disponibilidad de modelo con puertos serie configurables y Entradas y Salidas digitales.<\/li>\n<\/ul>\n<p>&nbsp;<\/p>\n<h3><span style=\"color: #800000;\">EMR-4 \/ Encapsulador Serie a IP + Router vers\u00e1til<\/span><\/h3>\n<ul>\n<li>Dise\u00f1ado con 2 puertos Ethernet y 2 puertos serie.<\/li>\n<li>Comunicaciones: soporte 4G.<\/li>\n<li>Envolvente de pl\u00e1stico sin torniller\u00eda, lo que facilita la fabricaci\u00f3n.<\/li>\n<li>Compatible con montajes en carril DIN.<\/li>\n<\/ul>\n<p>[\/vc_column_text][vc_column_text css=&#8221;&#8221;][\/vc_column_text][\/vc_column][vc_column width=&#8221;1\/2&#8243;][vc_column_text css=&#8221;&#8221;]<\/p>\n<h3><span style=\"color: #800000;\">SIP-5 \/ Encapsulador serie a IP<strong><br \/>\n<\/strong><\/span><\/h3>\n<ul>\n<li>Evoluci\u00f3n del SIP-2: dise\u00f1ado para conectar dispositivos serie en redes seguras mediante comunicaciones celulares 4G y t\u00faneles IPSec.<\/li>\n<li>Interfaz: un puerto Ethernet.<\/li>\n<li>Uso de Nano SIM (mayor compactaci\u00f3n).<\/li>\n<li>Puertos serie: configurables como RS-232 o RS-485.<\/li>\n<li>Novedad: incluye un puerto de servicio en formato mini USB y un conector de entradas digitales (4 pines).<\/li>\n<li>Alimentaci\u00f3n: disponible en versiones de bajo voltaje (12-48V) y alta tensi\u00f3n (continua\/alterna).<\/li>\n<li>Envolvente mixta: aluminio en el cuerpo principal y tapas laterales de pl\u00e1stico.<\/li>\n<li style=\"list-style-type: none;\"><\/li>\n<\/ul>\n<p>[\/vc_column_text][\/vc_column][\/vc_row][vc_row][vc_column]<div  class=\"kleo-gap\" style=\"height:50px;line-height:50px;\"><\/div>[vc_column_text css=&#8221;&#8221;]<\/p>\n<h2>NUEVO en EMR-5!!!<\/h2>\n<p>[\/vc_column_text][\/vc_column][\/vc_row][vc_row][vc_column css=&#8221;.vc_custom_1732189173165{border-color: #990000 !important;}&#8221;][vc_column_text css=&#8221;.vc_custom_1732189623699{background-color: #FFFFFF !important;border-radius: 2px !important;border-color: #990000 !important;}&#8221;]<img loading=\"lazy\" decoding=\"async\" class=\"aligncenter wp-image-98404 size-large\" src=\"https:\/\/www.zivautomation.com\/wp-content\/uploads\/2024\/11\/modelos-emr5-1024x284.png\" alt=\"\" width=\"1024\" height=\"284\" srcset=\"https:\/\/www.zivautomation.com\/wp-content\/uploads\/2024\/11\/modelos-emr5-1024x284.png 1024w, https:\/\/www.zivautomation.com\/wp-content\/uploads\/2024\/11\/modelos-emr5-300x83.png 300w, https:\/\/www.zivautomation.com\/wp-content\/uploads\/2024\/11\/modelos-emr5-768x213.png 768w, https:\/\/www.zivautomation.com\/wp-content\/uploads\/2024\/11\/modelos-emr5-1536x426.png 1536w, https:\/\/www.zivautomation.com\/wp-content\/uploads\/2024\/11\/modelos-emr5-672x186.png 672w, https:\/\/www.zivautomation.com\/wp-content\/uploads\/2024\/11\/modelos-emr5-1038x288.png 1038w, https:\/\/www.zivautomation.com\/wp-content\/uploads\/2024\/11\/modelos-emr5-480x133.png 480w, https:\/\/www.zivautomation.com\/wp-content\/uploads\/2024\/11\/modelos-emr5-343x95.png 343w, https:\/\/www.zivautomation.com\/wp-content\/uploads\/2024\/11\/modelos-emr5.png 1800w\" sizes=\"auto, (max-width: 1024px) 100vw, 1024px\" \/>[\/vc_column_text][\/vc_column][\/vc_row][vc_row][vc_column width=&#8221;1\/3&#8243;][vc_column_text css=&#8221;&#8221;]<\/p>\n<h3><b>M\u00f3dem<\/b> <b>Celular<\/b><b>: <\/b><\/h3>\n<ul>\n<li>LTE Cat4 (DL 150\/UL 50Mbps)<\/li>\n<li>pLTE B40 (TDD 2300MHz)<\/li>\n<li>Doble antena para diversidad de Rx (recepci\u00f3n).<\/li>\n<\/ul>\n<p>[\/vc_column_text][\/vc_column][vc_column width=&#8221;1\/3&#8243;][vc_column_text css=&#8221;&#8221;]<\/p>\n<h3><b>Ciberseguridad<\/b><b>: <\/b><\/h3>\n<ul>\n<li>Role Based Acces<\/li>\n<li>Eliminaci\u00f3n del usuario <i>root<\/i><\/li>\n<li>Contrase\u00f1as seguras<\/li>\n<li>Protocolos no seguros inhabilitados por defecto.<\/li>\n<li>Inhabilitaci\u00f3n de puertos<\/li>\n<\/ul>\n<p>[\/vc_column_text][\/vc_column][vc_column width=&#8221;1\/3&#8243;][vc_column_text css=&#8221;&#8221;]<\/p>\n<h3><b>An\u00e1lisis<\/b><b>:<\/b><\/h3>\n<ul>\n<li>Logs espec\u00edficos para diferentes eventos (autenticaci\u00f3n, sucesos, seguridad)<\/li>\n<li>Eventos de cortafuegos (firewall) registrados en un nuevo log espec\u00edfico<\/li>\n<li>Supervisi\u00f3n de la calidad de la red<\/li>\n<li>Volcados en formato Wireshark<\/li>\n<\/ul>\n<p>[\/vc_column_text][\/vc_column][\/vc_row][vc_row][vc_column]<p><strong>Documentaci\u00f3n<\/strong><\/p><strong>EMR-5 \/ Router WAN+LAN+Serie<\/strong>\r\n<ul>\r\n \t<li>Manual de Instrucciones: <a target=\"_blank\" class=\"icon-lock\" data-id=\"98309\" href=\"https:\/\/www.zivautomation.com\/es\/access\/acceso\/\">M0EMR52407Ev01<\/a> - <em><strong>Rev 11.2024<\/strong><\/em><\/li>\r\n \t<li>Hoja de Producto: <a target=\"_blank\" href=\"https:\/\/www.zivautomation.com\/wp-content\/uploads\/2024\/09\/h0emr52409ev00.pdf\">H0EMR52409Ev00<\/a>\u00a0<em><strong>- Rev 09.2024<\/strong><\/em><\/li>\r\n<\/ul>\r\n<strong>EMR-4 \/ Encapsulador Serie a IP + Router vers\u00e1til<\/strong>\r\n<ul>\r\n \t<li>Manual de Instrucciones: <a class=\"icon-lock\" data-id=\"89554\" href=\"https:\/\/www.zivautomation.com\/es\/access\/acceso\/\" target=\"_blank\" rel=\"noopener\">M0EMR42304Ev05<\/a><\/li>\r\n \t<li>Hoja de Producto:\u00a0 \u00a0 \u00a0 <a target=\"_blank\" href=\"https:\/\/www.zivautomation.com\/wp-content\/uploads\/2019\/06\/f0emr42202ev00_ziv_emr-4_data_sheet_r0-c-3.pdf\">F0EMR42202Ev00_ZIV_EMR-4_Data_Sheet_R0-C<\/a>\u00a0 \u00a0 \u00a0 <em><strong>\u00a0Rev 02.2022<\/strong><\/em><\/li>\r\n<\/ul>\r\n<strong>EMR-2 \/ Router WAN para centros de transformaci\u00f3n<\/strong>\r\n<ul>\r\n \t<li>Manual de Instrucciones: <a class=\"icon-lock\" data-id=\"89550\" href=\"https:\/\/www.zivautomation.com\/es\/access\/acceso\/\" target=\"_blank\" rel=\"noopener\">M0EMR22304Ev57<\/a><\/li>\r\n \t<li>Hoja de Producto:\u00a0 \u00a0 \u00a0 <a target=\"_blank\" href=\"https:\/\/www.zivautomation.com\/wp-content\/uploads\/2024\/11\/f0emr22202ev02_ziv_emr-2_data_sheet_r2-c.pdf\">F0EMR22202Ev02_ZIV_EMR-2_Data_Sheet_R2-C<\/a>\u00a0 \u00a0 \u00a0\u00a0<em><strong>\u00a0Rev 02.2022<\/strong><\/em><\/li>\r\n<\/ul>\r\n<strong>SIP-5 \/ Encapsulador serie a IP + <span class=\"OYPEnA font-feature-liga-off font-feature-clig-off font-feature-calt-off text-decoration-none text-strikethrough-none\">1 Eth<\/span>\r\n<\/strong>\r\n<ul>\r\n \t<li>Manual de Instrucciones: <a class=\"icon-lock\" data-id=\"91225\" href=\"https:\/\/www.zivautomation.com\/es\/access\/acceso\/\" target=\"_blank\" rel=\"noopener\">M0SIP5R2310Ev05<\/a><\/li>\r\n \t<li>Hoja de Producto: <a target=\"_blank\" href=\"https:\/\/www.zivautomation.com\/wp-content\/uploads\/2022\/02\/f0sip52202ev00_ziv_sip-5_data_sheet_r0-c.pdf\">F0SIP52202Ev00_ZIV_SIP-5_Data_Sheet_R0-C <\/a>- <strong><em>Rev 02.2022<\/em><\/strong><\/li>\r\n<\/ul>\r\n<strong>SIP-3 \/ Encapsulador Serie a IP + Eths (FO)<\/strong>\r\n<ul>\r\n \t<li>Manual de Instrucciones: <a class=\"icon-lock\" data-id=\"89561\" href=\"https:\/\/www.zivautomation.com\/es\/access\/acceso\/\" target=\"_blank\" rel=\"noopener\">M0SIP3E2012Ev02<\/a><\/li>\r\n \t<li>Hoja de Producto: <a target=\"_blank\" href=\"https:\/\/www.zivautomation.com\/wp-content\/uploads\/2022\/02\/f0sip32202ev01_ziv_sip-3_data_sheet_r1-c.pdf\">F0SIP32202Ev01_ZIV_SIP-3_Data_Sheet_R1-C<\/a>\u00a0 - <strong><em>Rev 02.2022<\/em><\/strong><\/li>\r\n<\/ul>[\/vc_column][\/vc_row]<\/p>\n<\/div>","protected":false},"excerpt":{"rendered":"<p> Nuestra gama de producto evoluciona hacia dispositivos m\u00e1s seguros, vers\u00e1tiles y con capacidades mejoradas para adaptarse a las demandas de un mercado en constante evoluci\u00f3n.  Funcionalidades \/ Capacidades comunes  HTTP\/HTTPS. Telnet. SSH. FTP\/FTPS. SNMPv1, SNMPv2c, SNMPv3. SNMP Traps. Syslog. Reinicio peri\u00f3dico. DNS cliente y [&hellip;]<\/p>\n","protected":false},"author":1324,"featured_media":98366,"parent":84941,"menu_order":218,"comment_status":"closed","ping_status":"closed","template":"","meta":{"_acf_changed":false,"footnotes":""},"categories":[429,208,388,347],"tags":[],"class_list":["post-98363","page","type-page","status-publish","has-post-thumbnail","hentry","category-comunicaciones-mt-bt-cat","category-comunicaciones-cat","category-subestacion-secundaria","category-router-modem-switch-cat"],"acf":[],"yoast_head":"<!-- This site is optimized with the Yoast SEO plugin v27.4 - https:\/\/yoast.com\/product\/yoast-seo-wordpress\/ -->\n<title>Routers - ZIV<\/title>\n<meta name=\"description\" content=\"Routers WAN Compactos para centros de transformaci\u00f3n, EMR 4 y EMR-5. Encapsulador serie a IP y funcionalidad de Gateway 104\u2013101. WAN interfaces: UMTS (3G), LTE (4G). DIN rail o montaje mural\" \/>\n<meta name=\"robots\" content=\"index, follow, max-snippet:-1, max-image-preview:large, max-video-preview:-1\" \/>\n<link rel=\"canonical\" href=\"https:\/\/www.zivautomation.com\/es\/productos\/comunicaciones\/routers\/\" \/>\n<meta property=\"og:locale\" content=\"es_ES\" \/>\n<meta property=\"og:type\" content=\"article\" \/>\n<meta property=\"og:title\" content=\"Routers - ZIV\" \/>\n<meta property=\"og:description\" content=\"Routers WAN Compactos para centros de transformaci\u00f3n, EMR 4 y EMR-5. Encapsulador serie a IP y funcionalidad de Gateway 104\u2013101. WAN interfaces: UMTS (3G), LTE (4G). DIN rail o montaje mural\" \/>\n<meta property=\"og:url\" content=\"https:\/\/www.zivautomation.com\/es\/productos\/comunicaciones\/routers\/\" \/>\n<meta property=\"og:site_name\" content=\"ZIV\" \/>\n<meta property=\"article:modified_time\" content=\"2024-11-27T12:19:58+00:00\" \/>\n<meta property=\"og:image\" content=\"https:\/\/www.zivautomation.com\/wp-content\/uploads\/2024\/11\/emr-5-canva.png\" \/>\n\t<meta property=\"og:image:width\" content=\"2105\" \/>\n\t<meta property=\"og:image:height\" content=\"1276\" \/>\n\t<meta property=\"og:image:type\" content=\"image\/png\" \/>\n<meta name=\"twitter:card\" content=\"summary_large_image\" \/>\n<meta name=\"twitter:label1\" content=\"Tiempo de lectura\" \/>\n\t<meta name=\"twitter:data1\" content=\"3 minutos\" \/>\n<script type=\"application\/ld+json\" class=\"yoast-schema-graph\">{\"@context\":\"https:\\\/\\\/schema.org\",\"@graph\":[{\"@type\":\"WebPage\",\"@id\":\"https:\\\/\\\/www.zivautomation.com\\\/es\\\/productos\\\/comunicaciones\\\/routers\\\/\",\"url\":\"https:\\\/\\\/www.zivautomation.com\\\/es\\\/productos\\\/comunicaciones\\\/routers\\\/\",\"name\":\"Routers - ZIV\",\"isPartOf\":{\"@id\":\"https:\\\/\\\/www.zivautomation.com\\\/es\\\/#website\"},\"primaryImageOfPage\":{\"@id\":\"https:\\\/\\\/www.zivautomation.com\\\/es\\\/productos\\\/comunicaciones\\\/routers\\\/#primaryimage\"},\"image\":{\"@id\":\"https:\\\/\\\/www.zivautomation.com\\\/es\\\/productos\\\/comunicaciones\\\/routers\\\/#primaryimage\"},\"thumbnailUrl\":\"https:\\\/\\\/www.zivautomation.com\\\/wp-content\\\/uploads\\\/2024\\\/11\\\/emr-5-canva.png\",\"datePublished\":\"2024-11-21T12:17:36+00:00\",\"dateModified\":\"2024-11-27T12:19:58+00:00\",\"description\":\"Routers WAN Compactos para centros de transformaci\u00f3n, EMR 4 y EMR-5. Encapsulador serie a IP y funcionalidad de Gateway 104\u2013101. WAN interfaces: UMTS (3G), LTE (4G). DIN rail o montaje mural\",\"breadcrumb\":{\"@id\":\"https:\\\/\\\/www.zivautomation.com\\\/es\\\/productos\\\/comunicaciones\\\/routers\\\/#breadcrumb\"},\"inLanguage\":\"es\",\"potentialAction\":[{\"@type\":\"ReadAction\",\"target\":[\"https:\\\/\\\/www.zivautomation.com\\\/es\\\/productos\\\/comunicaciones\\\/routers\\\/\"]}]},{\"@type\":\"ImageObject\",\"inLanguage\":\"es\",\"@id\":\"https:\\\/\\\/www.zivautomation.com\\\/es\\\/productos\\\/comunicaciones\\\/routers\\\/#primaryimage\",\"url\":\"https:\\\/\\\/www.zivautomation.com\\\/wp-content\\\/uploads\\\/2024\\\/11\\\/emr-5-canva.png\",\"contentUrl\":\"https:\\\/\\\/www.zivautomation.com\\\/wp-content\\\/uploads\\\/2024\\\/11\\\/emr-5-canva.png\",\"width\":2105,\"height\":1276},{\"@type\":\"BreadcrumbList\",\"@id\":\"https:\\\/\\\/www.zivautomation.com\\\/es\\\/productos\\\/comunicaciones\\\/routers\\\/#breadcrumb\",\"itemListElement\":[{\"@type\":\"ListItem\",\"position\":1,\"name\":\"Home\",\"item\":\"https:\\\/\\\/www.zivautomation.com\\\/es\\\/\"},{\"@type\":\"ListItem\",\"position\":2,\"name\":\"Soluciones ZIV\",\"item\":\"https:\\\/\\\/www.zivautomation.com\\\/es\\\/productos\\\/\"},{\"@type\":\"ListItem\",\"position\":3,\"name\":\"Comunicaciones\",\"item\":\"https:\\\/\\\/www.zivautomation.com\\\/es\\\/productos\\\/comunicaciones\\\/\"},{\"@type\":\"ListItem\",\"position\":4,\"name\":\"Routers\"}]},{\"@type\":\"WebSite\",\"@id\":\"https:\\\/\\\/www.zivautomation.com\\\/es\\\/#website\",\"url\":\"https:\\\/\\\/www.zivautomation.com\\\/es\\\/\",\"name\":\"ZIV\",\"description\":\"Haciendo realidad la Red del Futuro\",\"publisher\":{\"@id\":\"https:\\\/\\\/www.zivautomation.com\\\/es\\\/#organization\"},\"potentialAction\":[{\"@type\":\"SearchAction\",\"target\":{\"@type\":\"EntryPoint\",\"urlTemplate\":\"https:\\\/\\\/www.zivautomation.com\\\/es\\\/?s={search_term_string}\"},\"query-input\":{\"@type\":\"PropertyValueSpecification\",\"valueRequired\":true,\"valueName\":\"search_term_string\"}}],\"inLanguage\":\"es\"},{\"@type\":\"Organization\",\"@id\":\"https:\\\/\\\/www.zivautomation.com\\\/es\\\/#organization\",\"name\":\"ZIV\",\"url\":\"https:\\\/\\\/www.zivautomation.com\\\/es\\\/\",\"logo\":{\"@type\":\"ImageObject\",\"inLanguage\":\"es\",\"@id\":\"https:\\\/\\\/www.zivautomation.com\\\/es\\\/#\\\/schema\\\/logo\\\/image\\\/\",\"url\":\"https:\\\/\\\/www.zivautomation.com\\\/wp-content\\\/uploads\\\/2016\\\/10\\\/ziv_solo_cmyk_hr.jpg\",\"contentUrl\":\"https:\\\/\\\/www.zivautomation.com\\\/wp-content\\\/uploads\\\/2016\\\/10\\\/ziv_solo_cmyk_hr.jpg\",\"width\":7078,\"height\":2234,\"caption\":\"ZIV\"},\"image\":{\"@id\":\"https:\\\/\\\/www.zivautomation.com\\\/es\\\/#\\\/schema\\\/logo\\\/image\\\/\"}}]}<\/script>\n<!-- \/ Yoast SEO plugin. -->","yoast_head_json":{"title":"Routers - ZIV","description":"Routers WAN Compactos para centros de transformaci\u00f3n, EMR 4 y EMR-5. Encapsulador serie a IP y funcionalidad de Gateway 104\u2013101. WAN interfaces: UMTS (3G), LTE (4G). DIN rail o montaje mural","robots":{"index":"index","follow":"follow","max-snippet":"max-snippet:-1","max-image-preview":"max-image-preview:large","max-video-preview":"max-video-preview:-1"},"canonical":"https:\/\/www.zivautomation.com\/es\/productos\/comunicaciones\/routers\/","og_locale":"es_ES","og_type":"article","og_title":"Routers - ZIV","og_description":"Routers WAN Compactos para centros de transformaci\u00f3n, EMR 4 y EMR-5. Encapsulador serie a IP y funcionalidad de Gateway 104\u2013101. WAN interfaces: UMTS (3G), LTE (4G). DIN rail o montaje mural","og_url":"https:\/\/www.zivautomation.com\/es\/productos\/comunicaciones\/routers\/","og_site_name":"ZIV","article_modified_time":"2024-11-27T12:19:58+00:00","og_image":[{"width":2105,"height":1276,"url":"https:\/\/www.zivautomation.com\/wp-content\/uploads\/2024\/11\/emr-5-canva.png","type":"image\/png"}],"twitter_card":"summary_large_image","twitter_misc":{"Tiempo de lectura":"3 minutos"},"schema":{"@context":"https:\/\/schema.org","@graph":[{"@type":"WebPage","@id":"https:\/\/www.zivautomation.com\/es\/productos\/comunicaciones\/routers\/","url":"https:\/\/www.zivautomation.com\/es\/productos\/comunicaciones\/routers\/","name":"Routers - ZIV","isPartOf":{"@id":"https:\/\/www.zivautomation.com\/es\/#website"},"primaryImageOfPage":{"@id":"https:\/\/www.zivautomation.com\/es\/productos\/comunicaciones\/routers\/#primaryimage"},"image":{"@id":"https:\/\/www.zivautomation.com\/es\/productos\/comunicaciones\/routers\/#primaryimage"},"thumbnailUrl":"https:\/\/www.zivautomation.com\/wp-content\/uploads\/2024\/11\/emr-5-canva.png","datePublished":"2024-11-21T12:17:36+00:00","dateModified":"2024-11-27T12:19:58+00:00","description":"Routers WAN Compactos para centros de transformaci\u00f3n, EMR 4 y EMR-5. Encapsulador serie a IP y funcionalidad de Gateway 104\u2013101. WAN interfaces: UMTS (3G), LTE (4G). DIN rail o montaje mural","breadcrumb":{"@id":"https:\/\/www.zivautomation.com\/es\/productos\/comunicaciones\/routers\/#breadcrumb"},"inLanguage":"es","potentialAction":[{"@type":"ReadAction","target":["https:\/\/www.zivautomation.com\/es\/productos\/comunicaciones\/routers\/"]}]},{"@type":"ImageObject","inLanguage":"es","@id":"https:\/\/www.zivautomation.com\/es\/productos\/comunicaciones\/routers\/#primaryimage","url":"https:\/\/www.zivautomation.com\/wp-content\/uploads\/2024\/11\/emr-5-canva.png","contentUrl":"https:\/\/www.zivautomation.com\/wp-content\/uploads\/2024\/11\/emr-5-canva.png","width":2105,"height":1276},{"@type":"BreadcrumbList","@id":"https:\/\/www.zivautomation.com\/es\/productos\/comunicaciones\/routers\/#breadcrumb","itemListElement":[{"@type":"ListItem","position":1,"name":"Home","item":"https:\/\/www.zivautomation.com\/es\/"},{"@type":"ListItem","position":2,"name":"Soluciones ZIV","item":"https:\/\/www.zivautomation.com\/es\/productos\/"},{"@type":"ListItem","position":3,"name":"Comunicaciones","item":"https:\/\/www.zivautomation.com\/es\/productos\/comunicaciones\/"},{"@type":"ListItem","position":4,"name":"Routers"}]},{"@type":"WebSite","@id":"https:\/\/www.zivautomation.com\/es\/#website","url":"https:\/\/www.zivautomation.com\/es\/","name":"ZIV","description":"Haciendo realidad la Red del Futuro","publisher":{"@id":"https:\/\/www.zivautomation.com\/es\/#organization"},"potentialAction":[{"@type":"SearchAction","target":{"@type":"EntryPoint","urlTemplate":"https:\/\/www.zivautomation.com\/es\/?s={search_term_string}"},"query-input":{"@type":"PropertyValueSpecification","valueRequired":true,"valueName":"search_term_string"}}],"inLanguage":"es"},{"@type":"Organization","@id":"https:\/\/www.zivautomation.com\/es\/#organization","name":"ZIV","url":"https:\/\/www.zivautomation.com\/es\/","logo":{"@type":"ImageObject","inLanguage":"es","@id":"https:\/\/www.zivautomation.com\/es\/#\/schema\/logo\/image\/","url":"https:\/\/www.zivautomation.com\/wp-content\/uploads\/2016\/10\/ziv_solo_cmyk_hr.jpg","contentUrl":"https:\/\/www.zivautomation.com\/wp-content\/uploads\/2016\/10\/ziv_solo_cmyk_hr.jpg","width":7078,"height":2234,"caption":"ZIV"},"image":{"@id":"https:\/\/www.zivautomation.com\/es\/#\/schema\/logo\/image\/"}}]}},"_links":{"self":[{"href":"https:\/\/www.zivautomation.com\/es\/wp-json\/wp\/v2\/pages\/98363","targetHints":{"allow":["GET"]}}],"collection":[{"href":"https:\/\/www.zivautomation.com\/es\/wp-json\/wp\/v2\/pages"}],"about":[{"href":"https:\/\/www.zivautomation.com\/es\/wp-json\/wp\/v2\/types\/page"}],"author":[{"embeddable":true,"href":"https:\/\/www.zivautomation.com\/es\/wp-json\/wp\/v2\/users\/1324"}],"replies":[{"embeddable":true,"href":"https:\/\/www.zivautomation.com\/es\/wp-json\/wp\/v2\/comments?post=98363"}],"version-history":[{"count":47,"href":"https:\/\/www.zivautomation.com\/es\/wp-json\/wp\/v2\/pages\/98363\/revisions"}],"predecessor-version":[{"id":98421,"href":"https:\/\/www.zivautomation.com\/es\/wp-json\/wp\/v2\/pages\/98363\/revisions\/98421"}],"up":[{"embeddable":true,"href":"https:\/\/www.zivautomation.com\/es\/wp-json\/wp\/v2\/pages\/84941"}],"wp:featuredmedia":[{"embeddable":true,"href":"https:\/\/www.zivautomation.com\/es\/wp-json\/wp\/v2\/media\/98366"}],"wp:attachment":[{"href":"https:\/\/www.zivautomation.com\/es\/wp-json\/wp\/v2\/media?parent=98363"}],"wp:term":[{"taxonomy":"category","embeddable":true,"href":"https:\/\/www.zivautomation.com\/es\/wp-json\/wp\/v2\/categories?post=98363"},{"taxonomy":"post_tag","embeddable":true,"href":"https:\/\/www.zivautomation.com\/es\/wp-json\/wp\/v2\/tags?post=98363"}],"curies":[{"name":"wp","href":"https:\/\/api.w.org\/{rel}","templated":true}]}}