{"id":96586,"date":"2024-06-27T15:01:38","date_gmt":"2024-06-27T13:01:38","guid":{"rendered":"https:\/\/www.zivautomation.com\/?page_id=96586"},"modified":"2026-03-10T15:29:23","modified_gmt":"2026-03-10T14:29:23","slug":"proteccion-de-subestaciones-herramientas","status":"publish","type":"page","link":"https:\/\/www.zivautomation.com\/es\/partner\/area-partners\/proteccion-de-subestaciones-herramientas\/","title":{"rendered":"Servicios y Sistemas"},"content":{"rendered":"<div class=\"section-container container\">\r\n<div class=\"vc_row wpb_row vc_row-fluid row\">\r\n<div class=\"wpb_column vc_column_container vc_col-sm-12\">\r\n<div class=\"vc_column-inner \">\r\n<div class=\"wpb_wrapper\">\r\n<div class=\"kleo_text_column wpb_text_column wpb_content_element  vc_custom_1674313496617 zivcolor\">\r\n<div class=\"wpb_wrapper\">\r\n<p><span style=\"font-size: 16px\">El acceso al curso est\u00e1 restringido a usuarios registrados<\/span><\/p>\r\n<\/div>\r\n<\/div>\r\n<\/div>\r\n<\/div>\r\n<\/div>\r\n<\/div>\r\n<\/div>","protected":false},"excerpt":{"rendered":" Formaci\u00f3n y recursos  Curso de descripci\u00f3n y manejo de las herramientas ZIV de gesti\u00f3n y configuraci\u00f3n de protecciones  Recursos Os presentamos los videos did\u00e1cticos correspondientes al ciclo de sesiones formativas online \"Curso de herramientas de configuraci\u00f3n\" y una serie de [...]","protected":false},"author":1323,"featured_media":162098,"parent":161464,"menu_order":91,"comment_status":"closed","ping_status":"closed","template":"","meta":{"_acf_changed":false,"footnotes":""},"categories":[479,478,459],"tags":[],"class_list":["post-96586","page","type-page","status-publish","hentry","category-area-partners","category-proteccion-de-subestaciones-herramientas","category-partners"],"acf":[],"yoast_head":"<!-- This site is optimized with the Yoast SEO plugin v27.4 - https:\/\/yoast.com\/product\/yoast-seo-wordpress\/ -->\n<title>Servicios y Sistemas - ZIV<\/title>\n<meta name=\"robots\" content=\"index, follow, max-snippet:-1, max-image-preview:large, max-video-preview:-1\" \/>\n<link rel=\"canonical\" href=\"https:\/\/www.zivautomation.com\/es\/partner\/area-partners\/proteccion-de-subestaciones-herramientas\/\" \/>\n<meta property=\"og:locale\" content=\"es_ES\" \/>\n<meta property=\"og:type\" content=\"article\" \/>\n<meta property=\"og:title\" content=\"Servicios y Sistemas - ZIV\" \/>\n<meta property=\"og:url\" content=\"https:\/\/www.zivautomation.com\/es\/partner\/area-partners\/proteccion-de-subestaciones-herramientas\/\" \/>\n<meta property=\"og:site_name\" content=\"ZIV\" \/>\n<meta property=\"article:modified_time\" content=\"2026-03-10T14:29:23+00:00\" \/>\n<meta property=\"og:image\" content=\"https:\/\/www.zivautomation.com\/wp-content\/uploads\/2026\/03\/laboratorio-subestaciones.jpg\" \/>\n\t<meta property=\"og:image:width\" content=\"1800\" \/>\n\t<meta property=\"og:image:height\" content=\"700\" \/>\n\t<meta property=\"og:image:type\" content=\"image\/jpeg\" \/>\n<meta name=\"twitter:card\" content=\"summary_large_image\" \/>\n<meta name=\"twitter:label1\" content=\"Tiempo de lectura\" \/>\n\t<meta name=\"twitter:data1\" content=\"3 minutos\" \/>\n<script type=\"application\/ld+json\" class=\"yoast-schema-graph\">{\"@context\":\"https:\\\/\\\/schema.org\",\"@graph\":[{\"@type\":\"WebPage\",\"@id\":\"https:\\\/\\\/www.zivautomation.com\\\/es\\\/partner\\\/area-partners\\\/proteccion-de-subestaciones-herramientas\\\/\",\"url\":\"https:\\\/\\\/www.zivautomation.com\\\/es\\\/partner\\\/area-partners\\\/proteccion-de-subestaciones-herramientas\\\/\",\"name\":\"Servicios y Sistemas - ZIV\",\"isPartOf\":{\"@id\":\"https:\\\/\\\/www.zivautomation.com\\\/es\\\/#website\"},\"datePublished\":\"2024-06-27T13:01:38+00:00\",\"dateModified\":\"2026-03-10T14:29:23+00:00\",\"breadcrumb\":{\"@id\":\"https:\\\/\\\/www.zivautomation.com\\\/es\\\/partner\\\/area-partners\\\/proteccion-de-subestaciones-herramientas\\\/#breadcrumb\"},\"inLanguage\":\"es\",\"potentialAction\":[{\"@type\":\"ReadAction\",\"target\":[\"https:\\\/\\\/www.zivautomation.com\\\/es\\\/partner\\\/area-partners\\\/proteccion-de-subestaciones-herramientas\\\/\"]}]},{\"@type\":\"BreadcrumbList\",\"@id\":\"https:\\\/\\\/www.zivautomation.com\\\/es\\\/partner\\\/area-partners\\\/proteccion-de-subestaciones-herramientas\\\/#breadcrumb\",\"itemListElement\":[{\"@type\":\"ListItem\",\"position\":1,\"name\":\"Home\",\"item\":\"https:\\\/\\\/www.zivautomation.com\\\/es\\\/\"},{\"@type\":\"ListItem\",\"position\":2,\"name\":\"Partners\",\"item\":\"https:\\\/\\\/www.zivautomation.com\\\/es\\\/partner\\\/\"},{\"@type\":\"ListItem\",\"position\":3,\"name\":\"\u00c1rea Partners\",\"item\":\"https:\\\/\\\/www.zivautomation.com\\\/es\\\/partner\\\/area-partners\\\/\"},{\"@type\":\"ListItem\",\"position\":4,\"name\":\"Servicios y Sistemas\"}]},{\"@type\":\"WebSite\",\"@id\":\"https:\\\/\\\/www.zivautomation.com\\\/es\\\/#website\",\"url\":\"https:\\\/\\\/www.zivautomation.com\\\/es\\\/\",\"name\":\"ZIV\",\"description\":\"Haciendo realidad la Red del Futuro\",\"publisher\":{\"@id\":\"https:\\\/\\\/www.zivautomation.com\\\/es\\\/#organization\"},\"potentialAction\":[{\"@type\":\"SearchAction\",\"target\":{\"@type\":\"EntryPoint\",\"urlTemplate\":\"https:\\\/\\\/www.zivautomation.com\\\/es\\\/?s={search_term_string}\"},\"query-input\":{\"@type\":\"PropertyValueSpecification\",\"valueRequired\":true,\"valueName\":\"search_term_string\"}}],\"inLanguage\":\"es\"},{\"@type\":\"Organization\",\"@id\":\"https:\\\/\\\/www.zivautomation.com\\\/es\\\/#organization\",\"name\":\"ZIV\",\"url\":\"https:\\\/\\\/www.zivautomation.com\\\/es\\\/\",\"logo\":{\"@type\":\"ImageObject\",\"inLanguage\":\"es\",\"@id\":\"https:\\\/\\\/www.zivautomation.com\\\/es\\\/#\\\/schema\\\/logo\\\/image\\\/\",\"url\":\"https:\\\/\\\/www.zivautomation.com\\\/wp-content\\\/uploads\\\/2016\\\/10\\\/ziv_solo_cmyk_hr.jpg\",\"contentUrl\":\"https:\\\/\\\/www.zivautomation.com\\\/wp-content\\\/uploads\\\/2016\\\/10\\\/ziv_solo_cmyk_hr.jpg\",\"width\":7078,\"height\":2234,\"caption\":\"ZIV\"},\"image\":{\"@id\":\"https:\\\/\\\/www.zivautomation.com\\\/es\\\/#\\\/schema\\\/logo\\\/image\\\/\"}}]}<\/script>\n<!-- \/ Yoast SEO plugin. -->","yoast_head_json":{"title":"Servicios y Sistemas - ZIV","robots":{"index":"index","follow":"follow","max-snippet":"max-snippet:-1","max-image-preview":"max-image-preview:large","max-video-preview":"max-video-preview:-1"},"canonical":"https:\/\/www.zivautomation.com\/es\/partner\/area-partners\/proteccion-de-subestaciones-herramientas\/","og_locale":"es_ES","og_type":"article","og_title":"Servicios y Sistemas - ZIV","og_url":"https:\/\/www.zivautomation.com\/es\/partner\/area-partners\/proteccion-de-subestaciones-herramientas\/","og_site_name":"ZIV","article_modified_time":"2026-03-10T14:29:23+00:00","og_image":[{"width":1800,"height":700,"url":"https:\/\/www.zivautomation.com\/wp-content\/uploads\/2026\/03\/laboratorio-subestaciones.jpg","type":"image\/jpeg"}],"twitter_card":"summary_large_image","twitter_misc":{"Tiempo de lectura":"3 minutos"},"schema":{"@context":"https:\/\/schema.org","@graph":[{"@type":"WebPage","@id":"https:\/\/www.zivautomation.com\/es\/partner\/area-partners\/proteccion-de-subestaciones-herramientas\/","url":"https:\/\/www.zivautomation.com\/es\/partner\/area-partners\/proteccion-de-subestaciones-herramientas\/","name":"Servicios y Sistemas - ZIV","isPartOf":{"@id":"https:\/\/www.zivautomation.com\/es\/#website"},"datePublished":"2024-06-27T13:01:38+00:00","dateModified":"2026-03-10T14:29:23+00:00","breadcrumb":{"@id":"https:\/\/www.zivautomation.com\/es\/partner\/area-partners\/proteccion-de-subestaciones-herramientas\/#breadcrumb"},"inLanguage":"es","potentialAction":[{"@type":"ReadAction","target":["https:\/\/www.zivautomation.com\/es\/partner\/area-partners\/proteccion-de-subestaciones-herramientas\/"]}]},{"@type":"BreadcrumbList","@id":"https:\/\/www.zivautomation.com\/es\/partner\/area-partners\/proteccion-de-subestaciones-herramientas\/#breadcrumb","itemListElement":[{"@type":"ListItem","position":1,"name":"Home","item":"https:\/\/www.zivautomation.com\/es\/"},{"@type":"ListItem","position":2,"name":"Partners","item":"https:\/\/www.zivautomation.com\/es\/partner\/"},{"@type":"ListItem","position":3,"name":"\u00c1rea Partners","item":"https:\/\/www.zivautomation.com\/es\/partner\/area-partners\/"},{"@type":"ListItem","position":4,"name":"Servicios y Sistemas"}]},{"@type":"WebSite","@id":"https:\/\/www.zivautomation.com\/es\/#website","url":"https:\/\/www.zivautomation.com\/es\/","name":"ZIV","description":"Haciendo realidad la Red del Futuro","publisher":{"@id":"https:\/\/www.zivautomation.com\/es\/#organization"},"potentialAction":[{"@type":"SearchAction","target":{"@type":"EntryPoint","urlTemplate":"https:\/\/www.zivautomation.com\/es\/?s={search_term_string}"},"query-input":{"@type":"PropertyValueSpecification","valueRequired":true,"valueName":"search_term_string"}}],"inLanguage":"es"},{"@type":"Organization","@id":"https:\/\/www.zivautomation.com\/es\/#organization","name":"ZIV","url":"https:\/\/www.zivautomation.com\/es\/","logo":{"@type":"ImageObject","inLanguage":"es","@id":"https:\/\/www.zivautomation.com\/es\/#\/schema\/logo\/image\/","url":"https:\/\/www.zivautomation.com\/wp-content\/uploads\/2016\/10\/ziv_solo_cmyk_hr.jpg","contentUrl":"https:\/\/www.zivautomation.com\/wp-content\/uploads\/2016\/10\/ziv_solo_cmyk_hr.jpg","width":7078,"height":2234,"caption":"ZIV"},"image":{"@id":"https:\/\/www.zivautomation.com\/es\/#\/schema\/logo\/image\/"}}]}},"_links":{"self":[{"href":"https:\/\/www.zivautomation.com\/es\/wp-json\/wp\/v2\/pages\/96586","targetHints":{"allow":["GET"]}}],"collection":[{"href":"https:\/\/www.zivautomation.com\/es\/wp-json\/wp\/v2\/pages"}],"about":[{"href":"https:\/\/www.zivautomation.com\/es\/wp-json\/wp\/v2\/types\/page"}],"author":[{"embeddable":true,"href":"https:\/\/www.zivautomation.com\/es\/wp-json\/wp\/v2\/users\/1323"}],"replies":[{"embeddable":true,"href":"https:\/\/www.zivautomation.com\/es\/wp-json\/wp\/v2\/comments?post=96586"}],"version-history":[{"count":34,"href":"https:\/\/www.zivautomation.com\/es\/wp-json\/wp\/v2\/pages\/96586\/revisions"}],"predecessor-version":[{"id":162103,"href":"https:\/\/www.zivautomation.com\/es\/wp-json\/wp\/v2\/pages\/96586\/revisions\/162103"}],"up":[{"embeddable":true,"href":"https:\/\/www.zivautomation.com\/es\/wp-json\/wp\/v2\/pages\/161464"}],"wp:featuredmedia":[{"embeddable":true,"href":"https:\/\/www.zivautomation.com\/es\/wp-json\/wp\/v2\/media\/162098"}],"wp:attachment":[{"href":"https:\/\/www.zivautomation.com\/es\/wp-json\/wp\/v2\/media?parent=96586"}],"wp:term":[{"taxonomy":"category","embeddable":true,"href":"https:\/\/www.zivautomation.com\/es\/wp-json\/wp\/v2\/categories?post=96586"},{"taxonomy":"post_tag","embeddable":true,"href":"https:\/\/www.zivautomation.com\/es\/wp-json\/wp\/v2\/tags?post=96586"}],"curies":[{"name":"wp","href":"https:\/\/api.w.org\/{rel}","templated":true}]}}