{"id":96461,"date":"2024-06-19T14:09:39","date_gmt":"2024-06-19T12:09:39","guid":{"rendered":"https:\/\/www.zivautomation.com\/?page_id=96461"},"modified":"2024-06-19T16:04:48","modified_gmt":"2024-06-19T14:04:48","slug":"becario-marketing","status":"publish","type":"page","link":"https:\/\/www.zivautomation.com\/es\/personas\/becario-marketing\/","title":{"rendered":"Empleo &#8211; Becario\/a para Marketing"},"content":{"rendered":"<div class=\"wpb-content-wrapper\"><p>[vc_row padding_top=&#8221;0&#8243; padding_bottom=&#8221;0&#8243;][vc_column][vc_column_text css=&#8221;&#8221;]<\/p>\n<div style=\"position: relative; overflow: hidden; aspect-ratio: 1920\/1080;\"><iframe style=\"position: absolute; width: 80%; height: 80%; top: 0; left: 0; border: none; padding: 0; margin: 0; overflow: hidden;\" title=\"Synthesia video player - Becario\/a de Marketing para ZIV\" src=\"https:\/\/share.synthesia.io\/embeds\/videos\/63ad049f-c51d-41bd-886a-59f43d6b23bc\" allowfullscreen=\"allowfullscreen\"><span data-mce-type=\"bookmark\" style=\"display: inline-block; width: 0px; overflow: hidden; line-height: 0;\" class=\"mce_SELRES_start\">\ufeff<\/span><\/iframe><\/div>\n<p>[\/vc_column_text][vc_column_text css=&#8221;&#8221;]<\/p>\n<h2>ZIV Automation est\u00e1 en la b\u00fasqueda de un\/a becario\/a apasionado\/a y creativo\/a para unirse a nuestro equipo de Marketing en Espa\u00f1a<\/h2>\n<p>[\/vc_column_text][vc_column_text css=&#8221;&#8221;]Esta posici\u00f3n es ideal para <strong>estudiantes de \u00faltimo curso <\/strong>que deseen adentrarse en el mundo del marketing dentro de la industria tecnol\u00f3gica y energ\u00e9tica. Como becario\/a de marketing, trabajar\u00e1s de la mano con nuestro equipo para <strong>desarrollar e implementar estrategias de marketing<\/strong> que promuevan nuestra <strong>marca<\/strong> y <strong>productos<\/strong>, y que nos ayuden a alcanzar nuestros objetivos comerciales.<\/p>\n<h4 style=\"margin: 0cm; text-indent: 0cm;\"><\/h4>\n<p>[\/vc_column_text][vc_column_text css=&#8221;&#8221;]<\/p>\n<h4><strong>Ofrecemos<\/strong><\/h4>\n<ul>\n<li>Una oportunidad de <strong>aprender y desarrollarse profesionalmente<\/strong> en un ambiente innovador y din\u00e1mico.<\/li>\n<li>Posibilidad de trabajar en <strong>proyectos reales<\/strong> y contribuir al \u00e9xito del equipo de Marketing.<\/li>\n<li>Formaci\u00f3n continua y apoyo de un <strong>equipo de profesionales<\/strong> experimentados.<\/li>\n<li>Ambiente de trabajo <strong>flexible y multicultural<\/strong>.<\/li>\n<\/ul>\n<p>[\/vc_column_text][\/vc_column][\/vc_row][vc_row content_placement=&#8221;middle&#8221; padding_top=&#8221;0&#8243; padding_bottom=&#8221;0&#8243;][vc_column][vc_column_text css=&#8221;&#8221;]<\/p>\n<h4 style=\"margin: 0cm; text-indent: 0cm;\"><b><span style=\"font-family: 'Calibri',sans-serif;\">Responsabilidades clave<\/span><\/b><\/h4>\n<ul>\n<li>Asistir en la creaci\u00f3n y ejecuci\u00f3n de <strong>campa\u00f1as de marketing digital<\/strong>, incluyendo manejo de contenido en redes sociales, email marketing y publicidad en l\u00ednea.<\/li>\n<li>Colaborar en la <strong>organizaci\u00f3n de eventos<\/strong> y ferias comerciales, incluyendo la log\u00edstica, preparaci\u00f3n de materiales y seguimiento post-evento.<\/li>\n<li>Contribuir al desarrollo y mantenimiento del contenido del sitio <strong>web y materiales de marketing<\/strong> como folletos, presentaciones y publicaciones varias.<\/li>\n<li>Realizar an\u00e1lisis de mercado y <strong>estudios<\/strong> de la competencia para identificar tendencias y oportunidades.<\/li>\n<li>Ayudar en la gesti\u00f3n de la <strong>base de datos<\/strong> de marketing y en la <strong>segmentaci\u00f3n<\/strong> de audiencias para campa\u00f1as espec\u00edficas.<\/li>\n<li>Apoyar en la medici\u00f3n y an\u00e1lisis del desempe\u00f1o de las <strong>campa\u00f1as<\/strong> de marketing utilizando herramientas anal\u00edticas para generar informes y recomendaciones.<\/li>\n<li>Proporcionar <strong>soporte<\/strong> en diversas tareas del departamento de marketing seg\u00fan sea necesario, como la <strong>gesti\u00f3n documental, edici\u00f3n de cat\u00e1logos, edici\u00f3n web, SEO, SEM edici\u00f3n gr\u00e1fica o la edici\u00f3n de video.<\/strong><\/li>\n<\/ul>\n<h4><strong>Requisitos<\/strong><\/h4>\n<ul>\n<li>Estudiante universitario\/a en curso o reci\u00e9n graduado\/a en Marketing, Comunicaciones, Administraci\u00f3n de Empresas o carreras relacionadas, o Formaci\u00f3n Profesional.<\/li>\n<li>Inter\u00e9s en el marketing dentro del sector de tecnolog\u00eda y energ\u00eda.<\/li>\n<li>Fuertes habilidades de comunicaci\u00f3n verbal y escrita en espa\u00f1ol.<\/li>\n<li>Ingl\u00e9s hablado y escrito.<\/li>\n<li>Creatividad, iniciativa y ganas de aprender.<\/li>\n<li>Buen manejo de herramientas de Microsoft Office y familiaridad con herramientas de marketing digital (CRM, plataformas de email marketing, Google Analytics, Mailchimp, InDesign, Google Analytics 4, Google Tag Manager, Word Press<\/li>\n<li>Capacidad para trabajar en equipo y excelente atenci\u00f3n al detalle.<\/li>\n<\/ul>\n<p>[\/vc_column_text][\/vc_column][\/vc_row][vc_row padding_top=&#8221;0&#8243; padding_bottom=&#8221;0&#8243;][vc_column]<a class=\"btn vc_btn3 with-icon btn-default\" href=\"mailto:hr@zivautomation.com\"><i class=\"icon-mail\" ><\/i> Env\u00eda tu CV<\/a>[vc_column_text]<a href=\"https:\/\/www.zivautomation.com\/es\/acerca-de\/aviso_legal\/\">Aviso legal<\/a>[\/vc_column_text]<div  class=\"kleo-gap\" style=\"height:30px;line-height:30px;\"><\/div>[\/vc_column][\/vc_row][vc_row][vc_column][vc_column_text]<\/p>\n<p>[\/vc_column_text][\/vc_column][\/vc_row]<\/p>\n<\/div>","protected":false},"excerpt":{"rendered":"<p> \ufeff  ZIV Automation est\u00e1 en la b\u00fasqueda de un\/a becario\/a apasionado\/a y creativo\/a para unirse a nuestro equipo de Marketing en Espa\u00f1a Esta posici\u00f3n es ideal para estudiantes de \u00faltimo curso que deseen adentrarse en el mundo del marketing dentro de la industria tecnol\u00f3gica y energ\u00e9tica. Como becario\/a de marketing, trabajar\u00e1s de la [&hellip;]<\/p>\n","protected":false},"author":1324,"featured_media":96472,"parent":78347,"menu_order":183,"comment_status":"closed","ping_status":"closed","template":"","meta":{"_acf_changed":false,"footnotes":""},"categories":[],"tags":[],"class_list":["post-96461","page","type-page","status-publish","has-post-thumbnail","hentry"],"acf":[],"yoast_head":"<!-- This site is optimized with the Yoast SEO plugin v27.4 - https:\/\/yoast.com\/product\/yoast-seo-wordpress\/ -->\n<title>Empleo - Becario\/a para Marketing - ZIV<\/title>\n<meta name=\"description\" content=\"ZIV Automation est\u00e1 en la b\u00fasqueda de un\/a becario\/a apasionado\/a y creativo\/a para unirse a nuestro equipo de Marketing en Espa\u00f1a.\" \/>\n<meta name=\"robots\" content=\"index, follow, max-snippet:-1, max-image-preview:large, max-video-preview:-1\" \/>\n<link rel=\"canonical\" href=\"https:\/\/www.zivautomation.com\/es\/personas\/becario-marketing\/\" \/>\n<meta property=\"og:locale\" content=\"es_ES\" \/>\n<meta property=\"og:type\" content=\"article\" \/>\n<meta property=\"og:title\" content=\"Empleo - Becario\/a para Marketing - ZIV\" \/>\n<meta property=\"og:description\" content=\"ZIV Automation est\u00e1 en la b\u00fasqueda de un\/a becario\/a apasionado\/a y creativo\/a para unirse a nuestro equipo de Marketing en Espa\u00f1a.\" \/>\n<meta property=\"og:url\" content=\"https:\/\/www.zivautomation.com\/es\/personas\/becario-marketing\/\" \/>\n<meta property=\"og:site_name\" content=\"ZIV\" \/>\n<meta property=\"article:modified_time\" content=\"2024-06-19T14:04:48+00:00\" \/>\n<meta property=\"og:image\" content=\"https:\/\/www.zivautomation.com\/wp-content\/uploads\/2024\/06\/buscamos-bacaria-marketing.png\" \/>\n\t<meta property=\"og:image:width\" content=\"800\" \/>\n\t<meta property=\"og:image:height\" content=\"400\" \/>\n\t<meta property=\"og:image:type\" content=\"image\/png\" \/>\n<meta name=\"twitter:card\" content=\"summary_large_image\" \/>\n<meta name=\"twitter:label1\" content=\"Tiempo de lectura\" \/>\n\t<meta name=\"twitter:data1\" content=\"2 minutos\" \/>\n<script type=\"application\/ld+json\" class=\"yoast-schema-graph\">{\"@context\":\"https:\\\/\\\/schema.org\",\"@graph\":[{\"@type\":\"WebPage\",\"@id\":\"https:\\\/\\\/www.zivautomation.com\\\/es\\\/personas\\\/becario-marketing\\\/\",\"url\":\"https:\\\/\\\/www.zivautomation.com\\\/es\\\/personas\\\/becario-marketing\\\/\",\"name\":\"Empleo - Becario\\\/a para Marketing - ZIV\",\"isPartOf\":{\"@id\":\"https:\\\/\\\/www.zivautomation.com\\\/es\\\/#website\"},\"primaryImageOfPage\":{\"@id\":\"https:\\\/\\\/www.zivautomation.com\\\/es\\\/personas\\\/becario-marketing\\\/#primaryimage\"},\"image\":{\"@id\":\"https:\\\/\\\/www.zivautomation.com\\\/es\\\/personas\\\/becario-marketing\\\/#primaryimage\"},\"thumbnailUrl\":\"https:\\\/\\\/www.zivautomation.com\\\/wp-content\\\/uploads\\\/2024\\\/06\\\/buscamos-bacaria-marketing.png\",\"datePublished\":\"2024-06-19T12:09:39+00:00\",\"dateModified\":\"2024-06-19T14:04:48+00:00\",\"description\":\"ZIV Automation est\u00e1 en la b\u00fasqueda de un\\\/a becario\\\/a apasionado\\\/a y creativo\\\/a para unirse a nuestro equipo de Marketing en Espa\u00f1a.\",\"breadcrumb\":{\"@id\":\"https:\\\/\\\/www.zivautomation.com\\\/es\\\/personas\\\/becario-marketing\\\/#breadcrumb\"},\"inLanguage\":\"es\",\"potentialAction\":[{\"@type\":\"ReadAction\",\"target\":[\"https:\\\/\\\/www.zivautomation.com\\\/es\\\/personas\\\/becario-marketing\\\/\"]}]},{\"@type\":\"ImageObject\",\"inLanguage\":\"es\",\"@id\":\"https:\\\/\\\/www.zivautomation.com\\\/es\\\/personas\\\/becario-marketing\\\/#primaryimage\",\"url\":\"https:\\\/\\\/www.zivautomation.com\\\/wp-content\\\/uploads\\\/2024\\\/06\\\/buscamos-bacaria-marketing.png\",\"contentUrl\":\"https:\\\/\\\/www.zivautomation.com\\\/wp-content\\\/uploads\\\/2024\\\/06\\\/buscamos-bacaria-marketing.png\",\"width\":800,\"height\":400},{\"@type\":\"BreadcrumbList\",\"@id\":\"https:\\\/\\\/www.zivautomation.com\\\/es\\\/personas\\\/becario-marketing\\\/#breadcrumb\",\"itemListElement\":[{\"@type\":\"ListItem\",\"position\":1,\"name\":\"Home\",\"item\":\"https:\\\/\\\/www.zivautomation.com\\\/es\\\/\"},{\"@type\":\"ListItem\",\"position\":2,\"name\":\"Personas\",\"item\":\"https:\\\/\\\/www.zivautomation.com\\\/es\\\/personas\\\/\"},{\"@type\":\"ListItem\",\"position\":3,\"name\":\"Empleo &#8211; Becario\\\/a para Marketing\"}]},{\"@type\":\"WebSite\",\"@id\":\"https:\\\/\\\/www.zivautomation.com\\\/es\\\/#website\",\"url\":\"https:\\\/\\\/www.zivautomation.com\\\/es\\\/\",\"name\":\"ZIV\",\"description\":\"Haciendo realidad la Red del Futuro\",\"publisher\":{\"@id\":\"https:\\\/\\\/www.zivautomation.com\\\/es\\\/#organization\"},\"potentialAction\":[{\"@type\":\"SearchAction\",\"target\":{\"@type\":\"EntryPoint\",\"urlTemplate\":\"https:\\\/\\\/www.zivautomation.com\\\/es\\\/?s={search_term_string}\"},\"query-input\":{\"@type\":\"PropertyValueSpecification\",\"valueRequired\":true,\"valueName\":\"search_term_string\"}}],\"inLanguage\":\"es\"},{\"@type\":\"Organization\",\"@id\":\"https:\\\/\\\/www.zivautomation.com\\\/es\\\/#organization\",\"name\":\"ZIV\",\"url\":\"https:\\\/\\\/www.zivautomation.com\\\/es\\\/\",\"logo\":{\"@type\":\"ImageObject\",\"inLanguage\":\"es\",\"@id\":\"https:\\\/\\\/www.zivautomation.com\\\/es\\\/#\\\/schema\\\/logo\\\/image\\\/\",\"url\":\"https:\\\/\\\/www.zivautomation.com\\\/wp-content\\\/uploads\\\/2016\\\/10\\\/ziv_solo_cmyk_hr.jpg\",\"contentUrl\":\"https:\\\/\\\/www.zivautomation.com\\\/wp-content\\\/uploads\\\/2016\\\/10\\\/ziv_solo_cmyk_hr.jpg\",\"width\":7078,\"height\":2234,\"caption\":\"ZIV\"},\"image\":{\"@id\":\"https:\\\/\\\/www.zivautomation.com\\\/es\\\/#\\\/schema\\\/logo\\\/image\\\/\"}}]}<\/script>\n<!-- \/ Yoast SEO plugin. -->","yoast_head_json":{"title":"Empleo - Becario\/a para Marketing - ZIV","description":"ZIV Automation est\u00e1 en la b\u00fasqueda de un\/a becario\/a apasionado\/a y creativo\/a para unirse a nuestro equipo de Marketing en Espa\u00f1a.","robots":{"index":"index","follow":"follow","max-snippet":"max-snippet:-1","max-image-preview":"max-image-preview:large","max-video-preview":"max-video-preview:-1"},"canonical":"https:\/\/www.zivautomation.com\/es\/personas\/becario-marketing\/","og_locale":"es_ES","og_type":"article","og_title":"Empleo - Becario\/a para Marketing - ZIV","og_description":"ZIV Automation est\u00e1 en la b\u00fasqueda de un\/a becario\/a apasionado\/a y creativo\/a para unirse a nuestro equipo de Marketing en Espa\u00f1a.","og_url":"https:\/\/www.zivautomation.com\/es\/personas\/becario-marketing\/","og_site_name":"ZIV","article_modified_time":"2024-06-19T14:04:48+00:00","og_image":[{"width":800,"height":400,"url":"https:\/\/www.zivautomation.com\/wp-content\/uploads\/2024\/06\/buscamos-bacaria-marketing.png","type":"image\/png"}],"twitter_card":"summary_large_image","twitter_misc":{"Tiempo de lectura":"2 minutos"},"schema":{"@context":"https:\/\/schema.org","@graph":[{"@type":"WebPage","@id":"https:\/\/www.zivautomation.com\/es\/personas\/becario-marketing\/","url":"https:\/\/www.zivautomation.com\/es\/personas\/becario-marketing\/","name":"Empleo - Becario\/a para Marketing - ZIV","isPartOf":{"@id":"https:\/\/www.zivautomation.com\/es\/#website"},"primaryImageOfPage":{"@id":"https:\/\/www.zivautomation.com\/es\/personas\/becario-marketing\/#primaryimage"},"image":{"@id":"https:\/\/www.zivautomation.com\/es\/personas\/becario-marketing\/#primaryimage"},"thumbnailUrl":"https:\/\/www.zivautomation.com\/wp-content\/uploads\/2024\/06\/buscamos-bacaria-marketing.png","datePublished":"2024-06-19T12:09:39+00:00","dateModified":"2024-06-19T14:04:48+00:00","description":"ZIV Automation est\u00e1 en la b\u00fasqueda de un\/a becario\/a apasionado\/a y creativo\/a para unirse a nuestro equipo de Marketing en Espa\u00f1a.","breadcrumb":{"@id":"https:\/\/www.zivautomation.com\/es\/personas\/becario-marketing\/#breadcrumb"},"inLanguage":"es","potentialAction":[{"@type":"ReadAction","target":["https:\/\/www.zivautomation.com\/es\/personas\/becario-marketing\/"]}]},{"@type":"ImageObject","inLanguage":"es","@id":"https:\/\/www.zivautomation.com\/es\/personas\/becario-marketing\/#primaryimage","url":"https:\/\/www.zivautomation.com\/wp-content\/uploads\/2024\/06\/buscamos-bacaria-marketing.png","contentUrl":"https:\/\/www.zivautomation.com\/wp-content\/uploads\/2024\/06\/buscamos-bacaria-marketing.png","width":800,"height":400},{"@type":"BreadcrumbList","@id":"https:\/\/www.zivautomation.com\/es\/personas\/becario-marketing\/#breadcrumb","itemListElement":[{"@type":"ListItem","position":1,"name":"Home","item":"https:\/\/www.zivautomation.com\/es\/"},{"@type":"ListItem","position":2,"name":"Personas","item":"https:\/\/www.zivautomation.com\/es\/personas\/"},{"@type":"ListItem","position":3,"name":"Empleo &#8211; Becario\/a para Marketing"}]},{"@type":"WebSite","@id":"https:\/\/www.zivautomation.com\/es\/#website","url":"https:\/\/www.zivautomation.com\/es\/","name":"ZIV","description":"Haciendo realidad la Red del Futuro","publisher":{"@id":"https:\/\/www.zivautomation.com\/es\/#organization"},"potentialAction":[{"@type":"SearchAction","target":{"@type":"EntryPoint","urlTemplate":"https:\/\/www.zivautomation.com\/es\/?s={search_term_string}"},"query-input":{"@type":"PropertyValueSpecification","valueRequired":true,"valueName":"search_term_string"}}],"inLanguage":"es"},{"@type":"Organization","@id":"https:\/\/www.zivautomation.com\/es\/#organization","name":"ZIV","url":"https:\/\/www.zivautomation.com\/es\/","logo":{"@type":"ImageObject","inLanguage":"es","@id":"https:\/\/www.zivautomation.com\/es\/#\/schema\/logo\/image\/","url":"https:\/\/www.zivautomation.com\/wp-content\/uploads\/2016\/10\/ziv_solo_cmyk_hr.jpg","contentUrl":"https:\/\/www.zivautomation.com\/wp-content\/uploads\/2016\/10\/ziv_solo_cmyk_hr.jpg","width":7078,"height":2234,"caption":"ZIV"},"image":{"@id":"https:\/\/www.zivautomation.com\/es\/#\/schema\/logo\/image\/"}}]}},"_links":{"self":[{"href":"https:\/\/www.zivautomation.com\/es\/wp-json\/wp\/v2\/pages\/96461","targetHints":{"allow":["GET"]}}],"collection":[{"href":"https:\/\/www.zivautomation.com\/es\/wp-json\/wp\/v2\/pages"}],"about":[{"href":"https:\/\/www.zivautomation.com\/es\/wp-json\/wp\/v2\/types\/page"}],"author":[{"embeddable":true,"href":"https:\/\/www.zivautomation.com\/es\/wp-json\/wp\/v2\/users\/1324"}],"replies":[{"embeddable":true,"href":"https:\/\/www.zivautomation.com\/es\/wp-json\/wp\/v2\/comments?post=96461"}],"version-history":[{"count":13,"href":"https:\/\/www.zivautomation.com\/es\/wp-json\/wp\/v2\/pages\/96461\/revisions"}],"predecessor-version":[{"id":96496,"href":"https:\/\/www.zivautomation.com\/es\/wp-json\/wp\/v2\/pages\/96461\/revisions\/96496"}],"up":[{"embeddable":true,"href":"https:\/\/www.zivautomation.com\/es\/wp-json\/wp\/v2\/pages\/78347"}],"wp:featuredmedia":[{"embeddable":true,"href":"https:\/\/www.zivautomation.com\/es\/wp-json\/wp\/v2\/media\/96472"}],"wp:attachment":[{"href":"https:\/\/www.zivautomation.com\/es\/wp-json\/wp\/v2\/media?parent=96461"}],"wp:term":[{"taxonomy":"category","embeddable":true,"href":"https:\/\/www.zivautomation.com\/es\/wp-json\/wp\/v2\/categories?post=96461"},{"taxonomy":"post_tag","embeddable":true,"href":"https:\/\/www.zivautomation.com\/es\/wp-json\/wp\/v2\/tags?post=96461"}],"curies":[{"name":"wp","href":"https:\/\/api.w.org\/{rel}","templated":true}]}}