{"id":9616,"date":"2015-12-14T11:51:25","date_gmt":"2015-12-14T10:51:25","guid":{"rendered":"https:\/\/www.zivautomation.com\/es\/productos-sas\/proteccion-y-control\/proteccion-de-alimentadores\/irl-feeder-protection-relay\/"},"modified":"2025-10-16T12:02:01","modified_gmt":"2025-10-16T10:02:01","slug":"irl-proteccion-de-alimentador","status":"publish","type":"page","link":"https:\/\/www.zivautomation.com\/es\/productos\/soluciones-de-automatizacion-de-distribucion\/irl-proteccion-de-alimentador\/","title":{"rendered":"IRL &#8211; Protecci\u00f3n Multifunci\u00f3n de Alimentador para Sistemas de MT e Industria"},"content":{"rendered":"<div class=\"wpb-content-wrapper\"><p>[vc_row][vc_column width=&#8221;1\/3&#8243;][vc_single_image image=&#8221;25643&#8243; img_size=&#8221;medium&#8221; alignment=&#8221;center&#8221; css=&#8221;&#8221;][\/vc_column][vc_column width=&#8221;2\/3&#8243;][vc_column_text]<\/p>\n<h1>Rel\u00e9 de protecci\u00f3n para redes puestas a tierra, con neutro aislado y\/o compensado<\/h1>\n<h2>Protecci\u00f3n compacta de alimentador para celdas de MT, con funci\u00f3n de deslastre de cargas para segurar la estabilidad del sistema, capacidad de respaldo para l\u00edneas de AT y potente m\u00f3dulo de control integrado.<\/h2>\n<h4>Caracter\u00edsticas principales<strong><br \/>\n<\/strong><\/h4>\n<ul>\n<li>Sobrecorriente de fases y neutro (3&#215;50\/51 + 50N\/51N).<\/li>\n<li>Sobrecorriente de neutro sensible (50Ns\/51Ns).<\/li>\n<li>Sobrecorriente de secuencia negativa (50Q\/51Q).<\/li>\n<li>Unidades direccionales (3&#215;67 + 67N + 67Q + 67Ns).<\/li>\n<li>Esquemas de proteccion de sobrecorriente a tierra (85-67N\/67Q).<\/li>\n<li>Sobrecorriente para sistemas con neutro aislado y bobina Petersen.<\/li>\n<li>Sobrecorriente de fase vigilada por tension (3x51V).<\/li>\n<li>Unidades de baja tension (3&#215;27).<\/li>\n<li>Unidades de sobre tension (3&#215;59).<\/li>\n<li>Unidad de sobre tension de tierra (1x59N).<\/li>\n<li>Unidad de baja frecuencia (81m), sobrefrecuencia (81M) y de variacion de frecuencia (81D).<\/li>\n<li>Funcion de fallo interruptor (50\/62BF).<\/li>\n<li>Unidad de chequeo de sincronismo (25).<\/li>\n<li>Redisparo (79).<\/li>\n<\/ul>\n<h4><strong>\u00a0<\/strong><\/h4>\n<p>[\/vc_column_text]<p><strong>Documentaci\u00f3n<\/strong><\/p><ul>\r\n \t<li>Manual de Instrucciones: <a target=\"_blank\" class=\"icon-lock\" data-id=\"142173\" href=\"https:\/\/www.zivautomation.com\/es\/access\/acceso\/\">M0IRLF1806Ev23<\/a> (10\/2025)<\/li>\r\n<\/ul>[\/vc_column][\/vc_row]<\/p>\n<\/div>","protected":false},"excerpt":{"rendered":"<p> Rel\u00e9 de protecci\u00f3n para redes puestas a tierra, con neutro aislado y\/o compensado Protecci\u00f3n compacta de alimentador para celdas de MT, con funci\u00f3n de deslastre de cargas para segurar la estabilidad del sistema, capacidad de respaldo para l\u00edneas de AT y potente m\u00f3dulo de control integrado. Caracter\u00edsticas principales Sobrecorriente de fases y neutro [&hellip;]<\/p>\n","protected":false},"author":1,"featured_media":74511,"parent":84915,"menu_order":268,"comment_status":"closed","ping_status":"closed","template":"","meta":{"_acf_changed":false,"footnotes":""},"categories":[268,388,440,217,220],"tags":[],"class_list":["post-9616","page","type-page","status-publish","has-post-thumbnail","hentry","category-sistemas-de-automatizacion-de-subestacion-cat","category-subestacion-secundaria","category-subestacion-primaria-cat","category-protecciones-cat","category-proteccion-de-alimentadores-cat"],"acf":[],"yoast_head":"<!-- This site is optimized with the Yoast SEO plugin v27.4 - https:\/\/yoast.com\/product\/yoast-seo-wordpress\/ -->\n<title>IRL - Protecci\u00f3n Multifunci\u00f3n de Alimentador para Sistemas de MT e Industria - ZIV<\/title>\n<meta name=\"robots\" content=\"index, follow, max-snippet:-1, max-image-preview:large, max-video-preview:-1\" \/>\n<link rel=\"canonical\" href=\"https:\/\/www.zivautomation.com\/es\/productos\/soluciones-de-automatizacion-de-distribucion\/irl-proteccion-de-alimentador\/\" \/>\n<meta property=\"og:locale\" content=\"es_ES\" \/>\n<meta property=\"og:type\" content=\"article\" \/>\n<meta property=\"og:title\" content=\"IRL - Protecci\u00f3n Multifunci\u00f3n de Alimentador para Sistemas de MT e Industria - ZIV\" \/>\n<meta property=\"og:description\" content=\"[vc_row][vc_column width=&#8221;1\/3&#8243;][vc_single_image image=&#8221;25643&#8243; img_size=&#8221;medium&#8221; alignment=&#8221;center&#8221; css=&#8221;&#8221;][\/vc_column][vc_column width=&#8221;2\/3&#8243;][vc_column_text] Rel\u00e9 de protecci\u00f3n para redes puestas a tierra, con neutro aislado y\/o compensado Protecci\u00f3n compacta de alimentador para celdas de MT, con funci\u00f3n de deslastre de cargas para segurar la estabilidad del sistema, capacidad de respaldo para l\u00edneas de AT y potente m\u00f3dulo de control integrado. Caracter\u00edsticas principales Sobrecorriente de fases y neutro [&hellip;]\" \/>\n<meta property=\"og:url\" content=\"https:\/\/www.zivautomation.com\/es\/productos\/soluciones-de-automatizacion-de-distribucion\/irl-proteccion-de-alimentador\/\" \/>\n<meta property=\"og:site_name\" content=\"ZIV\" \/>\n<meta property=\"article:modified_time\" content=\"2025-10-16T10:02:01+00:00\" \/>\n<meta property=\"og:image\" content=\"https:\/\/www.zivautomation.com\/wp-content\/uploads\/2020\/04\/irl-compact-relay-proteccion-compacta-ziv.png\" \/>\n\t<meta property=\"og:image:width\" content=\"800\" \/>\n\t<meta property=\"og:image:height\" content=\"400\" \/>\n\t<meta property=\"og:image:type\" content=\"image\/png\" \/>\n<meta name=\"twitter:card\" content=\"summary_large_image\" \/>\n<meta name=\"twitter:label1\" content=\"Tiempo de lectura\" \/>\n\t<meta name=\"twitter:data1\" content=\"1 minuto\" \/>\n<script type=\"application\/ld+json\" class=\"yoast-schema-graph\">{\"@context\":\"https:\\\/\\\/schema.org\",\"@graph\":[{\"@type\":\"WebPage\",\"@id\":\"https:\\\/\\\/www.zivautomation.com\\\/es\\\/productos\\\/soluciones-de-automatizacion-de-distribucion\\\/irl-proteccion-de-alimentador\\\/\",\"url\":\"https:\\\/\\\/www.zivautomation.com\\\/es\\\/productos\\\/soluciones-de-automatizacion-de-distribucion\\\/irl-proteccion-de-alimentador\\\/\",\"name\":\"IRL - Protecci\u00f3n Multifunci\u00f3n de Alimentador para Sistemas de MT e Industria - ZIV\",\"isPartOf\":{\"@id\":\"https:\\\/\\\/www.zivautomation.com\\\/es\\\/#website\"},\"primaryImageOfPage\":{\"@id\":\"https:\\\/\\\/www.zivautomation.com\\\/es\\\/productos\\\/soluciones-de-automatizacion-de-distribucion\\\/irl-proteccion-de-alimentador\\\/#primaryimage\"},\"image\":{\"@id\":\"https:\\\/\\\/www.zivautomation.com\\\/es\\\/productos\\\/soluciones-de-automatizacion-de-distribucion\\\/irl-proteccion-de-alimentador\\\/#primaryimage\"},\"thumbnailUrl\":\"https:\\\/\\\/www.zivautomation.com\\\/wp-content\\\/uploads\\\/2020\\\/04\\\/irl-compact-relay-proteccion-compacta-ziv.png\",\"datePublished\":\"2015-12-14T10:51:25+00:00\",\"dateModified\":\"2025-10-16T10:02:01+00:00\",\"breadcrumb\":{\"@id\":\"https:\\\/\\\/www.zivautomation.com\\\/es\\\/productos\\\/soluciones-de-automatizacion-de-distribucion\\\/irl-proteccion-de-alimentador\\\/#breadcrumb\"},\"inLanguage\":\"es\",\"potentialAction\":[{\"@type\":\"ReadAction\",\"target\":[\"https:\\\/\\\/www.zivautomation.com\\\/es\\\/productos\\\/soluciones-de-automatizacion-de-distribucion\\\/irl-proteccion-de-alimentador\\\/\"]}]},{\"@type\":\"ImageObject\",\"inLanguage\":\"es\",\"@id\":\"https:\\\/\\\/www.zivautomation.com\\\/es\\\/productos\\\/soluciones-de-automatizacion-de-distribucion\\\/irl-proteccion-de-alimentador\\\/#primaryimage\",\"url\":\"https:\\\/\\\/www.zivautomation.com\\\/wp-content\\\/uploads\\\/2020\\\/04\\\/irl-compact-relay-proteccion-compacta-ziv.png\",\"contentUrl\":\"https:\\\/\\\/www.zivautomation.com\\\/wp-content\\\/uploads\\\/2020\\\/04\\\/irl-compact-relay-proteccion-compacta-ziv.png\",\"width\":800,\"height\":400,\"caption\":\"IRL COMPACT RELAY - PROTECCION COMPACTA\"},{\"@type\":\"BreadcrumbList\",\"@id\":\"https:\\\/\\\/www.zivautomation.com\\\/es\\\/productos\\\/soluciones-de-automatizacion-de-distribucion\\\/irl-proteccion-de-alimentador\\\/#breadcrumb\",\"itemListElement\":[{\"@type\":\"ListItem\",\"position\":1,\"name\":\"Home\",\"item\":\"https:\\\/\\\/www.zivautomation.com\\\/es\\\/\"},{\"@type\":\"ListItem\",\"position\":2,\"name\":\"Soluciones ZIV\",\"item\":\"https:\\\/\\\/www.zivautomation.com\\\/es\\\/productos\\\/\"},{\"@type\":\"ListItem\",\"position\":3,\"name\":\"Soluciones para la Automatizaci\u00f3n de la Distribuci\u00f3n\",\"item\":\"https:\\\/\\\/www.zivautomation.com\\\/es\\\/productos\\\/soluciones-de-automatizacion-de-distribucion\\\/\"},{\"@type\":\"ListItem\",\"position\":4,\"name\":\"IRL &#8211; Protecci\u00f3n Multifunci\u00f3n de Alimentador para Sistemas de MT e Industria\"}]},{\"@type\":\"WebSite\",\"@id\":\"https:\\\/\\\/www.zivautomation.com\\\/es\\\/#website\",\"url\":\"https:\\\/\\\/www.zivautomation.com\\\/es\\\/\",\"name\":\"ZIV\",\"description\":\"Haciendo realidad la Red del Futuro\",\"publisher\":{\"@id\":\"https:\\\/\\\/www.zivautomation.com\\\/es\\\/#organization\"},\"potentialAction\":[{\"@type\":\"SearchAction\",\"target\":{\"@type\":\"EntryPoint\",\"urlTemplate\":\"https:\\\/\\\/www.zivautomation.com\\\/es\\\/?s={search_term_string}\"},\"query-input\":{\"@type\":\"PropertyValueSpecification\",\"valueRequired\":true,\"valueName\":\"search_term_string\"}}],\"inLanguage\":\"es\"},{\"@type\":\"Organization\",\"@id\":\"https:\\\/\\\/www.zivautomation.com\\\/es\\\/#organization\",\"name\":\"ZIV\",\"url\":\"https:\\\/\\\/www.zivautomation.com\\\/es\\\/\",\"logo\":{\"@type\":\"ImageObject\",\"inLanguage\":\"es\",\"@id\":\"https:\\\/\\\/www.zivautomation.com\\\/es\\\/#\\\/schema\\\/logo\\\/image\\\/\",\"url\":\"https:\\\/\\\/www.zivautomation.com\\\/wp-content\\\/uploads\\\/2016\\\/10\\\/ziv_solo_cmyk_hr.jpg\",\"contentUrl\":\"https:\\\/\\\/www.zivautomation.com\\\/wp-content\\\/uploads\\\/2016\\\/10\\\/ziv_solo_cmyk_hr.jpg\",\"width\":7078,\"height\":2234,\"caption\":\"ZIV\"},\"image\":{\"@id\":\"https:\\\/\\\/www.zivautomation.com\\\/es\\\/#\\\/schema\\\/logo\\\/image\\\/\"}}]}<\/script>\n<!-- \/ Yoast SEO plugin. -->","yoast_head_json":{"title":"IRL - Protecci\u00f3n Multifunci\u00f3n de Alimentador para Sistemas de MT e Industria - ZIV","robots":{"index":"index","follow":"follow","max-snippet":"max-snippet:-1","max-image-preview":"max-image-preview:large","max-video-preview":"max-video-preview:-1"},"canonical":"https:\/\/www.zivautomation.com\/es\/productos\/soluciones-de-automatizacion-de-distribucion\/irl-proteccion-de-alimentador\/","og_locale":"es_ES","og_type":"article","og_title":"IRL - Protecci\u00f3n Multifunci\u00f3n de Alimentador para Sistemas de MT e Industria - ZIV","og_description":"[vc_row][vc_column width=&#8221;1\/3&#8243;][vc_single_image image=&#8221;25643&#8243; img_size=&#8221;medium&#8221; alignment=&#8221;center&#8221; css=&#8221;&#8221;][\/vc_column][vc_column width=&#8221;2\/3&#8243;][vc_column_text] Rel\u00e9 de protecci\u00f3n para redes puestas a tierra, con neutro aislado y\/o compensado Protecci\u00f3n compacta de alimentador para celdas de MT, con funci\u00f3n de deslastre de cargas para segurar la estabilidad del sistema, capacidad de respaldo para l\u00edneas de AT y potente m\u00f3dulo de control integrado. Caracter\u00edsticas principales Sobrecorriente de fases y neutro [&hellip;]","og_url":"https:\/\/www.zivautomation.com\/es\/productos\/soluciones-de-automatizacion-de-distribucion\/irl-proteccion-de-alimentador\/","og_site_name":"ZIV","article_modified_time":"2025-10-16T10:02:01+00:00","og_image":[{"width":800,"height":400,"url":"https:\/\/www.zivautomation.com\/wp-content\/uploads\/2020\/04\/irl-compact-relay-proteccion-compacta-ziv.png","type":"image\/png"}],"twitter_card":"summary_large_image","twitter_misc":{"Tiempo de lectura":"1 minuto"},"schema":{"@context":"https:\/\/schema.org","@graph":[{"@type":"WebPage","@id":"https:\/\/www.zivautomation.com\/es\/productos\/soluciones-de-automatizacion-de-distribucion\/irl-proteccion-de-alimentador\/","url":"https:\/\/www.zivautomation.com\/es\/productos\/soluciones-de-automatizacion-de-distribucion\/irl-proteccion-de-alimentador\/","name":"IRL - Protecci\u00f3n Multifunci\u00f3n de Alimentador para Sistemas de MT e Industria - ZIV","isPartOf":{"@id":"https:\/\/www.zivautomation.com\/es\/#website"},"primaryImageOfPage":{"@id":"https:\/\/www.zivautomation.com\/es\/productos\/soluciones-de-automatizacion-de-distribucion\/irl-proteccion-de-alimentador\/#primaryimage"},"image":{"@id":"https:\/\/www.zivautomation.com\/es\/productos\/soluciones-de-automatizacion-de-distribucion\/irl-proteccion-de-alimentador\/#primaryimage"},"thumbnailUrl":"https:\/\/www.zivautomation.com\/wp-content\/uploads\/2020\/04\/irl-compact-relay-proteccion-compacta-ziv.png","datePublished":"2015-12-14T10:51:25+00:00","dateModified":"2025-10-16T10:02:01+00:00","breadcrumb":{"@id":"https:\/\/www.zivautomation.com\/es\/productos\/soluciones-de-automatizacion-de-distribucion\/irl-proteccion-de-alimentador\/#breadcrumb"},"inLanguage":"es","potentialAction":[{"@type":"ReadAction","target":["https:\/\/www.zivautomation.com\/es\/productos\/soluciones-de-automatizacion-de-distribucion\/irl-proteccion-de-alimentador\/"]}]},{"@type":"ImageObject","inLanguage":"es","@id":"https:\/\/www.zivautomation.com\/es\/productos\/soluciones-de-automatizacion-de-distribucion\/irl-proteccion-de-alimentador\/#primaryimage","url":"https:\/\/www.zivautomation.com\/wp-content\/uploads\/2020\/04\/irl-compact-relay-proteccion-compacta-ziv.png","contentUrl":"https:\/\/www.zivautomation.com\/wp-content\/uploads\/2020\/04\/irl-compact-relay-proteccion-compacta-ziv.png","width":800,"height":400,"caption":"IRL COMPACT RELAY - PROTECCION COMPACTA"},{"@type":"BreadcrumbList","@id":"https:\/\/www.zivautomation.com\/es\/productos\/soluciones-de-automatizacion-de-distribucion\/irl-proteccion-de-alimentador\/#breadcrumb","itemListElement":[{"@type":"ListItem","position":1,"name":"Home","item":"https:\/\/www.zivautomation.com\/es\/"},{"@type":"ListItem","position":2,"name":"Soluciones ZIV","item":"https:\/\/www.zivautomation.com\/es\/productos\/"},{"@type":"ListItem","position":3,"name":"Soluciones para la Automatizaci\u00f3n de la Distribuci\u00f3n","item":"https:\/\/www.zivautomation.com\/es\/productos\/soluciones-de-automatizacion-de-distribucion\/"},{"@type":"ListItem","position":4,"name":"IRL &#8211; Protecci\u00f3n Multifunci\u00f3n de Alimentador para Sistemas de MT e Industria"}]},{"@type":"WebSite","@id":"https:\/\/www.zivautomation.com\/es\/#website","url":"https:\/\/www.zivautomation.com\/es\/","name":"ZIV","description":"Haciendo realidad la Red del Futuro","publisher":{"@id":"https:\/\/www.zivautomation.com\/es\/#organization"},"potentialAction":[{"@type":"SearchAction","target":{"@type":"EntryPoint","urlTemplate":"https:\/\/www.zivautomation.com\/es\/?s={search_term_string}"},"query-input":{"@type":"PropertyValueSpecification","valueRequired":true,"valueName":"search_term_string"}}],"inLanguage":"es"},{"@type":"Organization","@id":"https:\/\/www.zivautomation.com\/es\/#organization","name":"ZIV","url":"https:\/\/www.zivautomation.com\/es\/","logo":{"@type":"ImageObject","inLanguage":"es","@id":"https:\/\/www.zivautomation.com\/es\/#\/schema\/logo\/image\/","url":"https:\/\/www.zivautomation.com\/wp-content\/uploads\/2016\/10\/ziv_solo_cmyk_hr.jpg","contentUrl":"https:\/\/www.zivautomation.com\/wp-content\/uploads\/2016\/10\/ziv_solo_cmyk_hr.jpg","width":7078,"height":2234,"caption":"ZIV"},"image":{"@id":"https:\/\/www.zivautomation.com\/es\/#\/schema\/logo\/image\/"}}]}},"_links":{"self":[{"href":"https:\/\/www.zivautomation.com\/es\/wp-json\/wp\/v2\/pages\/9616","targetHints":{"allow":["GET"]}}],"collection":[{"href":"https:\/\/www.zivautomation.com\/es\/wp-json\/wp\/v2\/pages"}],"about":[{"href":"https:\/\/www.zivautomation.com\/es\/wp-json\/wp\/v2\/types\/page"}],"author":[{"embeddable":true,"href":"https:\/\/www.zivautomation.com\/es\/wp-json\/wp\/v2\/users\/1"}],"replies":[{"embeddable":true,"href":"https:\/\/www.zivautomation.com\/es\/wp-json\/wp\/v2\/comments?post=9616"}],"version-history":[{"count":32,"href":"https:\/\/www.zivautomation.com\/es\/wp-json\/wp\/v2\/pages\/9616\/revisions"}],"predecessor-version":[{"id":142175,"href":"https:\/\/www.zivautomation.com\/es\/wp-json\/wp\/v2\/pages\/9616\/revisions\/142175"}],"up":[{"embeddable":true,"href":"https:\/\/www.zivautomation.com\/es\/wp-json\/wp\/v2\/pages\/84915"}],"wp:featuredmedia":[{"embeddable":true,"href":"https:\/\/www.zivautomation.com\/es\/wp-json\/wp\/v2\/media\/74511"}],"wp:attachment":[{"href":"https:\/\/www.zivautomation.com\/es\/wp-json\/wp\/v2\/media?parent=9616"}],"wp:term":[{"taxonomy":"category","embeddable":true,"href":"https:\/\/www.zivautomation.com\/es\/wp-json\/wp\/v2\/categories?post=9616"},{"taxonomy":"post_tag","embeddable":true,"href":"https:\/\/www.zivautomation.com\/es\/wp-json\/wp\/v2\/tags?post=9616"}],"curies":[{"name":"wp","href":"https:\/\/api.w.org\/{rel}","templated":true}]}}