{"id":92212,"date":"2023-12-12T09:29:10","date_gmt":"2023-12-12T08:29:10","guid":{"rendered":"https:\/\/www.zivautomation.com\/?page_id=92212"},"modified":"2025-12-19T11:38:42","modified_gmt":"2025-12-19T10:38:42","slug":"servicios-y-sistemas-2024","status":"publish","type":"page","link":"https:\/\/www.zivautomation.com\/es\/productos\/servicios-y-sistemas-2024\/","title":{"rendered":"Servicios de Valor A\u00f1adido"},"content":{"rendered":"<div class=\"wpb-content-wrapper\"><p>[vc_row min_height=&#8221;&#8221; padding_top=&#8221;&#8221; padding_bottom=&#8221;&#8221; fixed_height=&#8221;&#8221;][vc_column]<div  class=\"kleo-gap\" style=\"height:30px;line-height:30px;\"><\/div>[vc_column_text css=&#8221;&#8221;]<\/p>\n<h1>Servicios de <strong>Ingenier\u00eda y Formaci\u00f3n<\/strong> para compa\u00f1\u00edas el\u00e9ctricas, EPCs e integradores de sistemas<\/h1>\n<p>[\/vc_column_text]<div  class=\"kleo-gap\" style=\"height:30px;line-height:30px;\"><\/div>[vc_single_image image=&#8221;99305&#8243; img_size=&#8221;full&#8221; alignment=&#8221;center&#8221; css=&#8221;&#8221;]<div  class=\"kleo-gap\" style=\"height:50px;line-height:50px;\"><\/div>[\/vc_column][\/vc_row][vc_row][vc_column][vc_custom_heading text=&#8221;2&#8243; font_container=&#8221;tag:h1|text_align:left&#8221; google_fonts=&#8221;font_family:Open%20Sans%3A300%2C300italic%2Cregular%2Citalic%2C600%2C600italic%2C700%2C700italic%2C800%2C800italic|font_style:400%20regular%3A400%3Anormal&#8221; css=&#8221;&#8221; product_layout=&#8221;product&#8221; post_layout=&#8221;&#8221;][vc_column_text css=&#8221;&#8221;]<\/p>\n<ul>\n<li>Sistemas integrados de protecci\u00f3n, control y telecomunicaciones (SAS \/ SIPCO)<\/li>\n<li>Automatizaci\u00f3n de la red de distribuci\u00f3n<\/li>\n<li>Integraci\u00f3n de renovables: Sistemas ANM \/ DERM<\/li>\n<\/ul>\n<p>[\/vc_column_text]<div  class=\"kleo-gap\" style=\"height:50px;line-height:50px;\"><\/div>[vc_single_image image=&#8221;79946&#8243; img_size=&#8221;full&#8221;]<div  class=\"kleo-gap\" style=\"height:50px;line-height:50px;\"><\/div>[vc_column_text]<\/p>\n<h3>Servicios<\/h3>\n<ul>\n<li>Configuraciones avanzadas<\/li>\n<li>C\u00e1lculo de ajustes<\/li>\n<li>C\u00e1lculo de CTs<\/li>\n<li>Servicios de Mantenimiento<\/li>\n<li>Soporte SAT<\/li>\n<li>Formaci\u00f3n<\/li>\n<\/ul>\n<p>[\/vc_column_text]<div  class=\"kleo-gap\" style=\"height:150px;line-height:150px;\"><\/div>[\/vc_column][\/vc_row][vc_row min_height=&#8221;&#8221; inner_container=&#8221;no&#8221; padding_top=&#8221;&#8221; padding_bottom=&#8221;&#8221; fixed_height=&#8221;&#8221;][vc_column][vc_custom_heading text=&#8221;3&#8243; font_container=&#8221;tag:h1|text_align:left&#8221; google_fonts=&#8221;font_family:Open%20Sans%3A300%2C300italic%2Cregular%2Citalic%2C600%2C600italic%2C700%2C700italic%2C800%2C800italic|font_style:400%20regular%3A400%3Anormal&#8221; css=&#8221;&#8221; product_layout=&#8221;product&#8221; post_layout=&#8221;&#8221; el_id=&#8221;Substation Automation Systems&#8221;]<div  class=\"kleo-gap\" style=\"height:100px;line-height:100px;\"><\/div>[vc_single_image image=&#8221;92224&#8243; img_size=&#8221;full&#8221;]<div  class=\"kleo-gap\" style=\"height:100px;line-height:100px;\"><\/div>[\/vc_column][\/vc_row][vc_row][vc_column width=&#8221;1\/2&#8243;][vc_column_text]<\/p>\n<h3>SAS Cases |\u00a0Substation Automation Systems<\/h3>\n<h3><strong>T&amp;D 400 \/ 132 \/ 66 Kv<\/strong><\/h3>\n<ul>\n<li>Brazil | <a href=\"https:\/\/www.zivautomation.com\/es\/news-and-events\/noticias\/chesf-proteccion-de-barras-brasil-la-fortaleza-sin\/\">ZIV busbar system for CHESF at Fortaleza II 500\/230kV substation.<\/a><\/li>\n<li>Brazil | <a href=\"https:\/\/www.zivautomation.com\/es\/news-and-events\/noticias\/ziv-suministra-38-hmi-armarios-de-control-redundantes-a-enel-goias-brazil-2\/\">Automation cabinets &amp; SWT for Enel Goias\u00a0<\/a><\/li>\n<li>Brazil |\u00a0<a href=\"https:\/\/www.zivautomation.com\/es\/news-and-events\/noticias\/ziv-do-brasil-enel-reles-proteccion-y-control-armarios-paneles-conceicao-macabu-piabanha-subestaciones\/\">ZIV cabinets for ENEL Rio de Janeiro<\/a><\/li>\n<li>Brazil | <a href=\"https:\/\/www.zivautomation.com\/es\/news-and-events\/noticias\/enel-goias-brazil-ziv-sas-iec-61850-armarios-bastidores-relevadores-de-proteccion-y-control\/\">ZIV e-NET flex relays for ENEL Goias<\/a><\/li>\n<li>Spain | <a href=\"https:\/\/www.zivautomation.com\/es\/news-and-events\/noticias\/reles-de-proteccion-ziv-irf-multifuncion-y-auto-alimentado-irs-integrados-en-celdas-modulares-siemens-para-parques-eolicos-y-plantas-solares\/\">Modular switchgears with integrated ZIV relays\u00a0<\/a><\/li>\n<li>Sierra Leona| <a href=\"https:\/\/www.zivautomation.com\/es\/news-and-events\/noticias\/ziv-bes_sierra_leone-2\/\">A SAS project in collaboration with BES Group<\/a><\/li>\n<li>India |<a href=\"https:\/\/www.zivautomation.com\/es\/news-and-events\/noticias\/ziv-to-supply-a-substation-automation-systems-to-monitor-and-improve-pgcils-transmission-capacity-in-jharkhand-india\/\">\u00a0ZIV IEC 61850 SAS 220\/132\/33 kV para PGCIL \u2013 Jharkhand,<\/a><\/li>\n<li>Dominican Rep. | Washington Capital Solar Park\u00a0 SE. Mata de Palma 69 kV\u00a0\u00a0 2019\u00a0 (EPC: Dominion)<\/li>\n<li>Dominican Rep. | \u00a0SE DAJAO 138 kV 2019 \u2013 ETED (EPC: UTE Cobra &amp; Semi)<\/li>\n<li>Tanzania| A turn key Telecommunication System. Jacobsen Elecktro. TANESCO.<\/li>\n<li>Ecuador | CELEC EP 230\/138\/69kV Substation Santo Domingo. Ecuador<\/li>\n<li>Rep. Dominicana |\u00a0<a href=\"https:\/\/www.zivautomation.com\/es\/news-and-events\/noticias\/ziv_sas_eted_republica_dominicana_transmisson_cruce_de_cabral_parque_eolico_los_cocos\/\">ZIV SAS for 7 Substations &#8211; ETED \u2013 Cruce de Cabral<\/a><\/li>\n<\/ul>\n<p>[\/vc_column_text][\/vc_column][vc_column width=&#8221;1\/2&#8243;][\/vc_column][\/vc_row][vc_row][vc_column width=&#8221;1\/2&#8243;][vc_column_text]<\/p>\n<h3>T&amp;D Substation Automation Systems<br \/>\n<strong>Solar Plants<\/strong><\/h3>\n<ul>\n<li>Chile | <a href=\"https:\/\/www.zivautomation.com\/es\/news-and-events\/noticias\/chile-un-sistema-de-proteccion-y-control-multifabricante-iec-61850-comunicaciones-iccp\/\">Capricornio, IEC 61850 multivendor SAS communicated via ICCP protocol with the CEN (GES &#8211; Engie)<\/a> &#8211;\u00a0 <a href=\"https:\/\/www.zivautomation.com\/es\/news-and-events\/noticias\/fats-chile-ges-engie-ziv-calama-capricornio-parque-eolico-solar-fotovoltaico\/\">FATs performance<\/a><\/li>\n<li>Chile | <a href=\"https:\/\/www.zivautomation.com\/es\/news-and-events\/noticias\/ziv-substation-automation-system-at-latin-americas-largest-photovoltaic-power-plant\/\">Llano de Llampos Solar Plant SAS for SunEdison (Isastur)<\/a><\/li>\n<li>Spain | <a href=\"https:\/\/www.zivautomation.com\/es\/news-and-events\/noticias\/sipco-subestacion-venalta-hueneja-diverxia-ohla\/\">Venalta &amp; Hu\u00e9neja (Diverxia \/ OHLA)<\/a><\/li>\n<li>Spain | <a href=\"https:\/\/www.zivautomation.com\/es\/news-and-events\/noticias\/el-aliagar-parque-solar-fotovoltaico-sipco-132-30kv\/\">\u201cEl Aliagar\u201d solar plant 132\/30kV Substation Automation System<\/a><\/li>\n<li>Spain | <a href=\"https:\/\/www.zivautomation.com\/es\/news-and-events\/noticias\/sas-planta-solar-fotovoltaica-hueva-2020-epc-set-peguerillas\/\">\u00abHuelva 2020\u00bb Solar plant SAS (Alter Enersun &#8211; GES)<\/a><\/li>\n<li>Spain | <a href=\"https:\/\/www.zivautomation.com\/es\/news-and-events\/noticias\/talasol-planta-solar-fotovoltaica-extremadura-talavan-eiffage-metka-ziv-protecciones-61850-sipco-reduccion-emisiones-co2-400-30-kv\/\">Talasol Solar Plant IEC 61850 SAS\u00a0400\/30kV (METKA,Eiffage)\u00a0<\/a><\/li>\n<\/ul>\n<p>.[\/vc_column_text]<div  class=\"kleo-gap\" style=\"height:100px;line-height:100px;\"><\/div>[\/vc_column][vc_column width=&#8221;1\/2&#8243;][vc_column_text]<\/p>\n<h3>T&amp;D Substation Automation Systems<br \/>\n<strong>Wind farms<\/strong><\/h3>\n<ul>\n<li>Chile | <a href=\"https:\/\/www.zivautomation.com\/es\/news-and-events\/noticias\/chile-un-sistema-de-proteccion-y-control-multifabricante-iec-61850-comunicaciones-iccp\/\">Calama, a multivendor SAS communicated via ICCP wiht the National Coordination Centre (CEN) &#8211; (Engie, GES)<\/a><\/li>\n<li>Peru | <a href=\"https:\/\/www.zivautomation.com\/es\/news-and-events\/noticias\/duna-humabos-wind-park-iec-61850-sas-and-telcom-system-cjr-renewables-siemens-gamesa-grenergy-ziv\/\">Duna &amp; Huambos 138 kV + teleprotection system <\/a>\u00a0(Grenergy, CJR)<\/li>\n<li>Spain | <a href=\"https:\/\/www.zivautomation.com\/es\/news-and-events\/noticias\/reles-de-proteccion-ziv-irf-multifuncion-y-auto-alimentado-irs-integrados-en-celdas-modulares-siemens-para-parques-eolicos-y-plantas-solares\/\">Soliedra Wind Farm &#8211; ZIV relays in Siemens MVSG<\/a> (Alfanar &#8211; Isotron)<\/li>\n<li>Spain | | <a href=\"https:\/\/www.zivautomation.com\/es\/news-and-events\/noticias\/los-parques-eolicos-de-torozos-y-la-subestacion-de-mudarra-en-valladolid-400kv-132-kv-66-kv\/\">Torozos Wind Farm &#8211; La Mudarra 400\/132\/66kV<\/a> (Naturgy).<\/li>\n<li>Spain | <a href=\"https:\/\/www.zivautomation.com\/es\/news-and-events\/noticias\/sas-sipco-sistemas-para-subestaciones-de-los-parques-eolicos-la-escalereta-la-estancia-siemnes-gamesa\/\">La Escalareta II &amp; La Estancia &#8211; ZIV e-NET flex relays at MV SWG &amp; Substation Cabinets<\/a> (Gamesa Energy, Isastur)<\/li>\n<li>Spain | <a href=\"https:\/\/www.zivautomation.com\/es\/news-and-events\/noticias\/sas-ciberseguro-epc-subestacion-parque-eolico-la-casetonas-y-ballestas-set-baca-y-raya\/\">A cybersecure IEC 61850 ed 2 SAS at Baca &amp; Raya (Gamesa Energy, Isastur)<\/a><\/li>\n<li>Spain | <a href=\"https:\/\/www.zivautomation.com\/es\/news-and-events\/noticias\/reles-de-proteccion-en-subestacion-electrica-de-132-30-kv-90-110-mva-para-evacuar-la-energia-producida-en-los-parques-eolicos\/\">ZIV SAS at Forestalia\u00b4s wind farms (GES)<\/a><\/li>\n<li>Ireland |<a href=\"https:\/\/www.zivautomation.com\/es\/news-and-events\/noticias\/solving_transmission_grid_stability\/\"> ANM systems at ESB Networks .<\/a><\/li>\n<li>UK | <a href=\"https:\/\/www.zivautomation.com\/es\/news-and-events\/noticias\/llynfl-afan-renewable-energy-park\/\">ANM + SAS at Llynfl Afan Renewable Energy Park (Western Power Distribution, Gamesa)<\/a><\/li>\n<li>France | Parc \u00c9oilen de Ch\u00e2tres \u2013 Poste 21\/90 kV SRN.<\/li>\n<li>Argentina | Corti \u2013 Mario Cebreiro, (100 MW) 29 x VESTAS 3,45 MW aerogeneradores.\u00a0Subestaci\u00f3n\u00a0132\/33 kV.<\/li>\n<li>Dominican Rep. | Los Cocos, Empresa Generadora de Electricidad Haina (EGE Haina), ETED<\/li>\n<\/ul>\n<p>[\/vc_column_text]<div  class=\"kleo-gap\" style=\"height:150px;line-height:150px;\"><\/div>[\/vc_column][\/vc_row][vc_row min_height=&#8221;&#8221; inner_container=&#8221;no&#8221; padding_top=&#8221;&#8221; padding_bottom=&#8221;&#8221; fixed_height=&#8221;&#8221; el_class=&#8221;product-section-menu-title&#8221;][vc_column][vc_custom_heading text=&#8221;4&#8243; font_container=&#8221;tag:h1|text_align:left&#8221; google_fonts=&#8221;font_family:Open%20Sans%3A300%2C300italic%2Cregular%2Citalic%2C600%2C600italic%2C700%2C700italic%2C800%2C800italic|font_style:400%20regular%3A400%3Anormal&#8221; css=&#8221;&#8221; product_layout=&#8221;product&#8221; post_layout=&#8221;&#8221;]<div  class=\"kleo-gap\" style=\"height:100px;line-height:100px;\"><\/div>[vc_single_image image=&#8221;85883&#8243; img_size=&#8221;full&#8221;]<div  class=\"kleo-gap\" style=\"height:150px;line-height:150px;\"><\/div>[\/vc_column][\/vc_row][vc_row min_height=&#8221;&#8221; inner_container=&#8221;no&#8221; padding_top=&#8221;&#8221; padding_bottom=&#8221;&#8221; fixed_height=&#8221;&#8221; el_class=&#8221;product-section-menu-title&#8221;][vc_column][vc_custom_heading text=&#8221;5&#8243; font_container=&#8221;tag:h1|text_align:left&#8221; google_fonts=&#8221;font_family:Open%20Sans%3A300%2C300italic%2Cregular%2Citalic%2C600%2C600italic%2C700%2C700italic%2C800%2C800italic|font_style:400%20regular%3A400%3Anormal&#8221; css=&#8221;&#8221; product_layout=&#8221;product&#8221; post_layout=&#8221;&#8221;]<div  class=\"kleo-gap\" style=\"height:100px;line-height:100px;\"><\/div>[\/vc_column][\/vc_row][vc_row][vc_column width=&#8221;1\/2&#8243;][vc_column_text]ZIV&#8217;s DERM system is an energy automation platform that offers advanced Power Management Software (PMS) functionality and extends the lifespan of the existing SCADA infrastructure while providing enhanced capabilities.<\/p>\n<p>The platform\u2019s modularity allows combining different applications to create a scalable architecture, from localised constraint management schemes in a single substation network to large regional or national enterprise scale systems running multiple applications. It supports dual and triple redundancy for increased resilience and can be deployed incrementally in the knowledge it can meet larger, future requirements.<\/p>\n<p>It is a full end-to-end solution platform, offering robust field hardware, substation and enterprise level software and complete design and integration services. The Constellation Platform covers Level 1 DER Controllers, Level 2 Substation Controllers and Level 3 and Level 4 Enterprise Software.<\/p>\n<p><a href=\"https:\/\/www.zivautomation.com\/es\/contacto\/\">Contact us for further information!<\/a><\/p>\n<p>&nbsp;<\/p>\n<p>[\/vc_column_text]<div  class=\"kleo-gap\" style=\"height:100px;line-height:100px;\"><\/div>[vc_column_text]<\/p>\n<h3>ANM \/ DERMs Cases | Distributed Energy Resources Management Systems<\/h3>\n<ul>\n<li>Ireland |<a href=\"https:\/\/www.zivautomation.com\/es\/news-and-events\/noticias\/solving_transmission_grid_stability\/\"> Solving Transmission Grid stability problems by managing aggregated reactive power systems at ESB Networks .<\/a><\/li>\n<li>UK | <a href=\"https:\/\/www.zivautomation.com\/es\/news-and-events\/noticias\/llynfl-afan-renewable-energy-park\/\">ANM + SAS at Llynfl Afan Renewable Energy Park (Western Power Distribution, Gamesa)<\/a><\/li>\n<li>UK | <a href=\"https:\/\/www.zivautomation.com\/es\/news-and-events\/noticias\/scottish-and-southern-electricity-networks-to-implement-ziv-anm-active-network-management-solutions-distribution-grid-digitalization\/\">SSEN picks ZIV automation to help deliver a smarter energy system for its 3.8 million customers<\/a><\/li>\n<li>UK | <a href=\"https:\/\/www.zivautomation.com\/es\/?p=80058\">Power Potential Project: National Grid ESO + UKPN<\/a><\/li>\n<li>Mongolia | <a href=\"https:\/\/www.zivautomation.com\/es\/news-and-events\/noticias\/desert-solar-plant-mongolia-anm-active-network-management-para-acelerar-a-integracion-de-renovables\/\">First ANM in the country<\/a><\/li>\n<\/ul>\n<p>[\/vc_column_text][\/vc_column][vc_column width=&#8221;1\/2&#8243;][vc_single_image image=&#8221;81097&#8243; img_size=&#8221;full&#8221;][\/vc_column][\/vc_row]<\/p>\n<\/div>","protected":false},"excerpt":{"rendered":"<p> Servicios de Ingenier\u00eda y Formaci\u00f3n para compa\u00f1\u00edas el\u00e9ctricas, EPCs e integradores de sistemas  Sistemas integrados de protecci\u00f3n, control y telecomunicaciones (SAS \/ SIPCO) Automatizaci\u00f3n de la red de distribuci\u00f3n Integraci\u00f3n de renovables: Sistemas ANM \/ DERM  Servicios Configuraciones avanzadas [&hellip;]<\/p>\n","protected":false},"author":1323,"featured_media":99306,"parent":82858,"menu_order":68,"comment_status":"closed","ping_status":"closed","template":"","meta":{"_acf_changed":false,"footnotes":""},"categories":[357],"tags":[],"class_list":["post-92212","page","type-page","status-publish","has-post-thumbnail","hentry","category-productos-cat"],"acf":[],"yoast_head":"<!-- This site is optimized with the Yoast SEO plugin v27.4 - https:\/\/yoast.com\/product\/yoast-seo-wordpress\/ -->\n<title>Servicios de Valor A\u00f1adido - ZIV Digital Substation<\/title>\n<meta name=\"description\" content=\"IEC 61850 2 Protection and Control Relays for digital substations. Distance, Differential, Feeder, Transformer, Breaker, AVR ...\" \/>\n<meta name=\"robots\" content=\"index, follow, max-snippet:-1, max-image-preview:large, max-video-preview:-1\" \/>\n<link rel=\"canonical\" href=\"https:\/\/www.zivautomation.com\/es\/productos\/servicios-y-sistemas-2024\/\" \/>\n<meta property=\"og:locale\" content=\"es_ES\" \/>\n<meta property=\"og:type\" content=\"article\" \/>\n<meta property=\"og:title\" content=\"Servicios de Valor A\u00f1adido - ZIV Digital Substation\" \/>\n<meta property=\"og:description\" content=\"IEC 61850 2 Protection and Control Relays for digital substations. Distance, Differential, Feeder, Transformer, Breaker, AVR ...\" \/>\n<meta property=\"og:url\" content=\"https:\/\/www.zivautomation.com\/es\/productos\/servicios-y-sistemas-2024\/\" \/>\n<meta property=\"og:site_name\" content=\"ZIV\" \/>\n<meta property=\"article:modified_time\" content=\"2025-12-19T10:38:42+00:00\" \/>\n<meta property=\"og:image\" content=\"https:\/\/www.zivautomation.com\/wp-content\/uploads\/2025\/01\/services.jpg\" \/>\n\t<meta property=\"og:image:width\" content=\"1600\" \/>\n\t<meta property=\"og:image:height\" content=\"600\" \/>\n\t<meta property=\"og:image:type\" content=\"image\/jpeg\" \/>\n<meta name=\"twitter:card\" content=\"summary_large_image\" \/>\n<meta name=\"twitter:label1\" content=\"Tiempo de lectura\" \/>\n\t<meta name=\"twitter:data1\" content=\"4 minutos\" \/>\n<script type=\"application\/ld+json\" class=\"yoast-schema-graph\">{\"@context\":\"https:\\\/\\\/schema.org\",\"@graph\":[{\"@type\":\"WebPage\",\"@id\":\"https:\\\/\\\/www.zivautomation.com\\\/es\\\/productos\\\/servicios-y-sistemas-2024\\\/\",\"url\":\"https:\\\/\\\/www.zivautomation.com\\\/es\\\/productos\\\/servicios-y-sistemas-2024\\\/\",\"name\":\"Servicios de Valor A\u00f1adido - ZIV Digital Substation\",\"isPartOf\":{\"@id\":\"https:\\\/\\\/www.zivautomation.com\\\/es\\\/#website\"},\"primaryImageOfPage\":{\"@id\":\"https:\\\/\\\/www.zivautomation.com\\\/es\\\/productos\\\/servicios-y-sistemas-2024\\\/#primaryimage\"},\"image\":{\"@id\":\"https:\\\/\\\/www.zivautomation.com\\\/es\\\/productos\\\/servicios-y-sistemas-2024\\\/#primaryimage\"},\"thumbnailUrl\":\"https:\\\/\\\/www.zivautomation.com\\\/wp-content\\\/uploads\\\/2025\\\/01\\\/services.jpg\",\"datePublished\":\"2023-12-12T08:29:10+00:00\",\"dateModified\":\"2025-12-19T10:38:42+00:00\",\"description\":\"IEC 61850 2 Protection and Control Relays for digital substations. Distance, Differential, Feeder, Transformer, Breaker, AVR ...\",\"breadcrumb\":{\"@id\":\"https:\\\/\\\/www.zivautomation.com\\\/es\\\/productos\\\/servicios-y-sistemas-2024\\\/#breadcrumb\"},\"inLanguage\":\"es\",\"potentialAction\":[{\"@type\":\"ReadAction\",\"target\":[\"https:\\\/\\\/www.zivautomation.com\\\/es\\\/productos\\\/servicios-y-sistemas-2024\\\/\"]}]},{\"@type\":\"ImageObject\",\"inLanguage\":\"es\",\"@id\":\"https:\\\/\\\/www.zivautomation.com\\\/es\\\/productos\\\/servicios-y-sistemas-2024\\\/#primaryimage\",\"url\":\"https:\\\/\\\/www.zivautomation.com\\\/wp-content\\\/uploads\\\/2025\\\/01\\\/services.jpg\",\"contentUrl\":\"https:\\\/\\\/www.zivautomation.com\\\/wp-content\\\/uploads\\\/2025\\\/01\\\/services.jpg\",\"width\":1600,\"height\":600},{\"@type\":\"BreadcrumbList\",\"@id\":\"https:\\\/\\\/www.zivautomation.com\\\/es\\\/productos\\\/servicios-y-sistemas-2024\\\/#breadcrumb\",\"itemListElement\":[{\"@type\":\"ListItem\",\"position\":1,\"name\":\"Home\",\"item\":\"https:\\\/\\\/www.zivautomation.com\\\/es\\\/\"},{\"@type\":\"ListItem\",\"position\":2,\"name\":\"Soluciones ZIV\",\"item\":\"https:\\\/\\\/www.zivautomation.com\\\/es\\\/productos\\\/\"},{\"@type\":\"ListItem\",\"position\":3,\"name\":\"Servicios de Valor A\u00f1adido\"}]},{\"@type\":\"WebSite\",\"@id\":\"https:\\\/\\\/www.zivautomation.com\\\/es\\\/#website\",\"url\":\"https:\\\/\\\/www.zivautomation.com\\\/es\\\/\",\"name\":\"ZIV\",\"description\":\"Haciendo realidad la Red del Futuro\",\"publisher\":{\"@id\":\"https:\\\/\\\/www.zivautomation.com\\\/es\\\/#organization\"},\"potentialAction\":[{\"@type\":\"SearchAction\",\"target\":{\"@type\":\"EntryPoint\",\"urlTemplate\":\"https:\\\/\\\/www.zivautomation.com\\\/es\\\/?s={search_term_string}\"},\"query-input\":{\"@type\":\"PropertyValueSpecification\",\"valueRequired\":true,\"valueName\":\"search_term_string\"}}],\"inLanguage\":\"es\"},{\"@type\":\"Organization\",\"@id\":\"https:\\\/\\\/www.zivautomation.com\\\/es\\\/#organization\",\"name\":\"ZIV\",\"url\":\"https:\\\/\\\/www.zivautomation.com\\\/es\\\/\",\"logo\":{\"@type\":\"ImageObject\",\"inLanguage\":\"es\",\"@id\":\"https:\\\/\\\/www.zivautomation.com\\\/es\\\/#\\\/schema\\\/logo\\\/image\\\/\",\"url\":\"https:\\\/\\\/www.zivautomation.com\\\/wp-content\\\/uploads\\\/2016\\\/10\\\/ziv_solo_cmyk_hr.jpg\",\"contentUrl\":\"https:\\\/\\\/www.zivautomation.com\\\/wp-content\\\/uploads\\\/2016\\\/10\\\/ziv_solo_cmyk_hr.jpg\",\"width\":7078,\"height\":2234,\"caption\":\"ZIV\"},\"image\":{\"@id\":\"https:\\\/\\\/www.zivautomation.com\\\/es\\\/#\\\/schema\\\/logo\\\/image\\\/\"}}]}<\/script>\n<!-- \/ Yoast SEO plugin. -->","yoast_head_json":{"title":"Servicios de Valor A\u00f1adido - ZIV Digital Substation","description":"IEC 61850 2 Protection and Control Relays for digital substations. Distance, Differential, Feeder, Transformer, Breaker, AVR ...","robots":{"index":"index","follow":"follow","max-snippet":"max-snippet:-1","max-image-preview":"max-image-preview:large","max-video-preview":"max-video-preview:-1"},"canonical":"https:\/\/www.zivautomation.com\/es\/productos\/servicios-y-sistemas-2024\/","og_locale":"es_ES","og_type":"article","og_title":"Servicios de Valor A\u00f1adido - ZIV Digital Substation","og_description":"IEC 61850 2 Protection and Control Relays for digital substations. Distance, Differential, Feeder, Transformer, Breaker, AVR ...","og_url":"https:\/\/www.zivautomation.com\/es\/productos\/servicios-y-sistemas-2024\/","og_site_name":"ZIV","article_modified_time":"2025-12-19T10:38:42+00:00","og_image":[{"width":1600,"height":600,"url":"https:\/\/www.zivautomation.com\/wp-content\/uploads\/2025\/01\/services.jpg","type":"image\/jpeg"}],"twitter_card":"summary_large_image","twitter_misc":{"Tiempo de lectura":"4 minutos"},"schema":{"@context":"https:\/\/schema.org","@graph":[{"@type":"WebPage","@id":"https:\/\/www.zivautomation.com\/es\/productos\/servicios-y-sistemas-2024\/","url":"https:\/\/www.zivautomation.com\/es\/productos\/servicios-y-sistemas-2024\/","name":"Servicios de Valor A\u00f1adido - ZIV Digital Substation","isPartOf":{"@id":"https:\/\/www.zivautomation.com\/es\/#website"},"primaryImageOfPage":{"@id":"https:\/\/www.zivautomation.com\/es\/productos\/servicios-y-sistemas-2024\/#primaryimage"},"image":{"@id":"https:\/\/www.zivautomation.com\/es\/productos\/servicios-y-sistemas-2024\/#primaryimage"},"thumbnailUrl":"https:\/\/www.zivautomation.com\/wp-content\/uploads\/2025\/01\/services.jpg","datePublished":"2023-12-12T08:29:10+00:00","dateModified":"2025-12-19T10:38:42+00:00","description":"IEC 61850 2 Protection and Control Relays for digital substations. Distance, Differential, Feeder, Transformer, Breaker, AVR ...","breadcrumb":{"@id":"https:\/\/www.zivautomation.com\/es\/productos\/servicios-y-sistemas-2024\/#breadcrumb"},"inLanguage":"es","potentialAction":[{"@type":"ReadAction","target":["https:\/\/www.zivautomation.com\/es\/productos\/servicios-y-sistemas-2024\/"]}]},{"@type":"ImageObject","inLanguage":"es","@id":"https:\/\/www.zivautomation.com\/es\/productos\/servicios-y-sistemas-2024\/#primaryimage","url":"https:\/\/www.zivautomation.com\/wp-content\/uploads\/2025\/01\/services.jpg","contentUrl":"https:\/\/www.zivautomation.com\/wp-content\/uploads\/2025\/01\/services.jpg","width":1600,"height":600},{"@type":"BreadcrumbList","@id":"https:\/\/www.zivautomation.com\/es\/productos\/servicios-y-sistemas-2024\/#breadcrumb","itemListElement":[{"@type":"ListItem","position":1,"name":"Home","item":"https:\/\/www.zivautomation.com\/es\/"},{"@type":"ListItem","position":2,"name":"Soluciones ZIV","item":"https:\/\/www.zivautomation.com\/es\/productos\/"},{"@type":"ListItem","position":3,"name":"Servicios de Valor A\u00f1adido"}]},{"@type":"WebSite","@id":"https:\/\/www.zivautomation.com\/es\/#website","url":"https:\/\/www.zivautomation.com\/es\/","name":"ZIV","description":"Haciendo realidad la Red del Futuro","publisher":{"@id":"https:\/\/www.zivautomation.com\/es\/#organization"},"potentialAction":[{"@type":"SearchAction","target":{"@type":"EntryPoint","urlTemplate":"https:\/\/www.zivautomation.com\/es\/?s={search_term_string}"},"query-input":{"@type":"PropertyValueSpecification","valueRequired":true,"valueName":"search_term_string"}}],"inLanguage":"es"},{"@type":"Organization","@id":"https:\/\/www.zivautomation.com\/es\/#organization","name":"ZIV","url":"https:\/\/www.zivautomation.com\/es\/","logo":{"@type":"ImageObject","inLanguage":"es","@id":"https:\/\/www.zivautomation.com\/es\/#\/schema\/logo\/image\/","url":"https:\/\/www.zivautomation.com\/wp-content\/uploads\/2016\/10\/ziv_solo_cmyk_hr.jpg","contentUrl":"https:\/\/www.zivautomation.com\/wp-content\/uploads\/2016\/10\/ziv_solo_cmyk_hr.jpg","width":7078,"height":2234,"caption":"ZIV"},"image":{"@id":"https:\/\/www.zivautomation.com\/es\/#\/schema\/logo\/image\/"}}]}},"_links":{"self":[{"href":"https:\/\/www.zivautomation.com\/es\/wp-json\/wp\/v2\/pages\/92212","targetHints":{"allow":["GET"]}}],"collection":[{"href":"https:\/\/www.zivautomation.com\/es\/wp-json\/wp\/v2\/pages"}],"about":[{"href":"https:\/\/www.zivautomation.com\/es\/wp-json\/wp\/v2\/types\/page"}],"author":[{"embeddable":true,"href":"https:\/\/www.zivautomation.com\/es\/wp-json\/wp\/v2\/users\/1323"}],"replies":[{"embeddable":true,"href":"https:\/\/www.zivautomation.com\/es\/wp-json\/wp\/v2\/comments?post=92212"}],"version-history":[{"count":17,"href":"https:\/\/www.zivautomation.com\/es\/wp-json\/wp\/v2\/pages\/92212\/revisions"}],"predecessor-version":[{"id":142057,"href":"https:\/\/www.zivautomation.com\/es\/wp-json\/wp\/v2\/pages\/92212\/revisions\/142057"}],"up":[{"embeddable":true,"href":"https:\/\/www.zivautomation.com\/es\/wp-json\/wp\/v2\/pages\/82858"}],"wp:featuredmedia":[{"embeddable":true,"href":"https:\/\/www.zivautomation.com\/es\/wp-json\/wp\/v2\/media\/99306"}],"wp:attachment":[{"href":"https:\/\/www.zivautomation.com\/es\/wp-json\/wp\/v2\/media?parent=92212"}],"wp:term":[{"taxonomy":"category","embeddable":true,"href":"https:\/\/www.zivautomation.com\/es\/wp-json\/wp\/v2\/categories?post=92212"},{"taxonomy":"post_tag","embeddable":true,"href":"https:\/\/www.zivautomation.com\/es\/wp-json\/wp\/v2\/tags?post=92212"}],"curies":[{"name":"wp","href":"https:\/\/api.w.org\/{rel}","templated":true}]}}