{"id":91905,"date":"2023-11-22T17:32:40","date_gmt":"2023-11-22T16:32:40","guid":{"rendered":"https:\/\/www.zivautomation.com\/?page_id=91905"},"modified":"2025-05-29T10:20:41","modified_gmt":"2025-05-29T08:20:41","slug":"meters-and-more-gateway-modem-4gwc","status":"publish","type":"page","link":"https:\/\/www.zivautomation.com\/es\/productos\/metering-ami\/meters-and-more-gateway-modem-4gwc\/","title":{"rendered":"Gateway Meters &#038; More  |  4GWC-L"},"content":{"rendered":"<div class=\"wpb-content-wrapper\"><p>[vc_row][vc_column width=&#8221;1\/3&#8243;][vc_single_image image=&#8221;91850&#8243; img_size=&#8221;medium&#8221; alignment=&#8221;center&#8221; onclick=&#8221;img_link_large&#8221; css=&#8221;&#8221;][\/vc_column][vc_column width=&#8221;2\/3&#8243;][vc_column_text css=&#8221;&#8221;]<\/p>\n<h2 class=\"cvGsUA direction-ltr align-start para-style-body\" style=\"line-height: 1.4;\"><span class=\"OYPEnA font-feature-liga-off font-feature-clig-off font-feature-calt-off text-decoration-none text-strikethrough-none\">El 4GWC <\/span><span class=\"OYPEnA font-feature-liga-off font-feature-clig-off font-feature-calt-off text-decoration-none text-strikethrough-none\">gateway \/ m\u00f3dem Meters &amp; More<\/span><span class=\"OYPEnA font-feature-liga-off font-feature-clig-off font-feature-calt-off text-decoration-none text-strikethrough-none\"> forma parte de un sistema de telegesti\u00f3n con lectura autom\u00e1tica de contadores (AMR) a trav\u00e9s de la red de baja tensi\u00f3n (Power Line Communication o PLC).<\/span><\/h2>\n<h2 class=\"cvGsUA direction-ltr align-start para-style-body\" style=\"line-height: 1.4;\"><span class=\"OYPEnA font-feature-liga-off font-feature-clig-off font-feature-calt-off text-decoration-none text-strikethrough-none\">Es un dispositivo compacto que proporciona soluciones eficientes en el despliegue de contadores inteligentes PLC.<\/span><\/h2>\n<h4><\/h4>\n<p>[\/vc_column_text]<div  class=\"kleo-gap\" style=\"height:10px;line-height:10px;\"><\/div>[vc_single_image image=&#8221;68714&#8243; img_size=&#8221;184 x 102&#8243; alignment=&#8221;center&#8221;]<div  class=\"kleo-gap\" style=\"height:10px;line-height:10px;\"><\/div>[vc_column_text css=&#8221;&#8221;]<\/p>\n<h4>Caracter\u00edsticas<\/h4>\n<ul>\n<li><span class=\"OYPEnA font-feature-liga-off font-feature-clig-off font-feature-calt-off text-decoration-none text-strikethrough-none\">El <\/span><strong><span class=\"OYPEnA font-feature-liga-off font-feature-clig-off font-feature-calt-off text-decoration-none text-strikethrough-none\">4GWC<\/span><\/strong><span class=\"OYPEnA font-feature-liga-off font-feature-clig-off font-feature-calt-off text-decoration-none text-strikethrough-none\"> es un gateway puramente de telecomunicaciones transparente a las capas superiores.<\/span><\/li>\n<li><span class=\"OYPEnA font-feature-liga-off font-feature-clig-off font-feature-calt-off text-decoration-none text-strikethrough-none\">Los datos de los contadores no se almacenan en el dispositivo, como en las arquitecturas tradicionales de concentradores de datos en las que el cliente DLMS y la base de datos AMI se instalan localmente en cada subestaci\u00f3n secundaria.<\/span><\/li>\n<li><span class=\"OYPEnA font-feature-liga-off font-feature-clig-off font-feature-calt-off text-decoration-none text-strikethrough-none\">Con el <\/span><strong><span class=\"OYPEnA font-feature-liga-off font-feature-clig-off font-feature-calt-off text-decoration-none text-strikethrough-none\">4GWC<\/span><\/strong><span class=\"OYPEnA font-feature-liga-off font-feature-clig-off font-feature-calt-off text-decoration-none text-strikethrough-none\"> se puede implantar una infraestructura de telecomunicaciones inteligente, separando la prestaci\u00f3n de servicios de comunicaci\u00f3n de la funcionalidad a nivel de aplicaci\u00f3n y, por tanto, preparada para el futuro. Gracias a esta arquitectura, la funci\u00f3n de concentrador de datos puede centralizarse junto con el sistema de cabecera AMI para facilitar una gesti\u00f3n unificada del sistema de informaci\u00f3n AMI.<\/span><\/li>\n<\/ul>\n<h4>Informaci\u00f3n T\u00e9cnica<\/h4>\n<ul>\n<li><span class=\"OYPEnA font-feature-liga-off font-feature-clig-off font-feature-calt-off text-decoration-none text-strikethrough-none\">Valor nominal (Vn)<\/span><span class=\"OYPEnA font-feature-liga-off font-feature-clig-off font-feature-calt-off text-decoration-none text-strikethrough-none\">: 3&#215;127 \/ 400 Vca<\/span> <span class=\"OYPEnA font-feature-liga-off font-feature-clig-off font-feature-calt-off text-decoration-none text-strikethrough-none\">50 \/ 60 Hz<\/span><\/li>\n<li><span class=\"OYPEnA font-feature-liga-off font-feature-clig-off font-feature-calt-off text-decoration-none text-strikethrough-none\">Rango de funcionamiento<\/span><span class=\"OYPEnA font-feature-liga-off font-feature-clig-off font-feature-calt-off text-decoration-none text-strikethrough-none\">: 0,4 a 1,1 Un<\/span><\/li>\n<li><span class=\"OYPEnA font-feature-liga-off font-feature-clig-off font-feature-calt-off text-decoration-none text-strikethrough-none\">M\u00f3dulo PLC<\/span><span class=\"OYPEnA font-feature-liga-off font-feature-clig-off font-feature-calt-off text-decoration-none text-strikethrough-none\">:<\/span>\n<ul>\n<li><span class=\"OYPEnA font-feature-liga-off font-feature-clig-off font-feature-calt-off text-decoration-none text-strikethrough-none\">M\u00f3dulo trif\u00e1sico.<\/span><\/li>\n<li><span class=\"OYPEnA font-feature-liga-off font-feature-clig-off font-feature-calt-off text-decoration-none text-strikethrough-none\">Protocolo SMITP<\/span><\/li>\n<li><span class=\"OYPEnA font-feature-liga-off font-feature-clig-off font-feature-calt-off text-decoration-none text-strikethrough-none\">TS 50568<\/span><\/li>\n<\/ul>\n<\/li>\n<li><span class=\"OYPEnA font-feature-liga-off font-feature-clig-off font-feature-calt-off text-decoration-none text-strikethrough-none\">Puerto Ethernet<\/span><span class=\"OYPEnA font-feature-liga-off font-feature-clig-off font-feature-calt-off text-decoration-none text-strikethrough-none\">:<\/span>\n<ul>\n<li><span class=\"OYPEnA font-feature-liga-off font-feature-clig-off font-feature-calt-off text-decoration-none text-strikethrough-none\">IEEE 802.3, 10\/100 Base-T<\/span><\/li>\n<li><span class=\"OYPEnA font-feature-liga-off font-feature-clig-off font-feature-calt-off text-decoration-none text-strikethrough-none\">Auto MDI-X (crossover)<\/span><\/li>\n<li><span class=\"OYPEnA font-feature-liga-off font-feature-clig-off font-feature-calt-off text-decoration-none text-strikethrough-none\">Half \/ Full duplex<\/span><\/li>\n<\/ul>\n<\/li>\n<li><span class=\"OYPEnA font-feature-liga-off font-feature-clig-off font-feature-calt-off text-decoration-none text-strikethrough-none\">Consumo m\u00e1ximo (condiciones normales)<\/span><span class=\"OYPEnA font-feature-liga-off font-feature-clig-off font-feature-calt-off text-decoration-none text-strikethrough-none\">:<\/span>\n<ul>\n<li><span class=\"OYPEnA font-feature-liga-off font-feature-clig-off font-feature-calt-off text-decoration-none text-strikethrough-none\">7 W (total)<\/span> <span class=\"OYPEnA font-feature-liga-off font-feature-clig-off font-feature-calt-off text-decoration-none text-strikethrough-none\">\/ 37 VA por fase<\/span><\/li>\n<\/ul>\n<\/li>\n<li><span class=\"OYPEnA font-feature-liga-off font-feature-clig-off font-feature-calt-off text-decoration-none text-strikethrough-none\">Consumo m\u00e1ximo (condiciones forzadas)<\/span><span class=\"OYPEnA font-feature-liga-off font-feature-clig-off font-feature-calt-off text-decoration-none text-strikethrough-none\">:<\/span>\n<ul>\n<li><span class=\"OYPEnA font-feature-liga-off font-feature-clig-off font-feature-calt-off text-decoration-none text-strikethrough-none\">12 W (total) \/ 37 VA por fase<\/span><\/li>\n<\/ul>\n<\/li>\n<li><span class=\"OYPEnA font-feature-liga-off font-feature-clig-off font-feature-calt-off text-decoration-none text-strikethrough-none\">Categor\u00eda de sobretensi\u00f3n<\/span><span class=\"OYPEnA font-feature-liga-off font-feature-clig-off font-feature-calt-off text-decoration-none text-strikethrough-none\">: IV (IEC 60950)<\/span><\/li>\n<li><span class=\"OYPEnA font-feature-liga-off font-feature-clig-off font-feature-calt-off text-decoration-none text-strikethrough-none\">Protecci\u00f3n de la envolvente: <\/span><span class=\"OYPEnA font-feature-liga-off font-feature-clig-off font-feature-calt-off text-decoration-none text-strikethrough-none\">Aislamiento doble Clase II<\/span><\/li>\n<li><span class=\"OYPEnA font-feature-liga-off font-feature-clig-off font-feature-calt-off text-decoration-none text-strikethrough-none\">Aislamiento (Rigidez Diel\u00e9ctrica)<\/span><span class=\"OYPEnA font-feature-liga-off font-feature-clig-off font-feature-calt-off text-decoration-none text-strikethrough-none\">: 2 kV<\/span><\/li>\n<li><span class=\"OYPEnA font-feature-liga-off font-feature-clig-off font-feature-calt-off text-decoration-none text-strikethrough-none\">Impulso de tensi\u00f3n<\/span><span class=\"OYPEnA font-feature-liga-off font-feature-clig-off font-feature-calt-off text-decoration-none text-strikethrough-none\">: 6 kV<\/span><\/li>\n<li><span class=\"OYPEnA font-feature-liga-off font-feature-clig-off font-feature-calt-off text-decoration-none text-strikethrough-none\">Rango de almacenaje y operaci\u00f3n<\/span><span class=\"OYPEnA font-feature-liga-off font-feature-clig-off font-feature-calt-off text-decoration-none text-strikethrough-none\">: De -25\u00ba C a +70\u00ba C \/ Humedad &lt;95% (sin condensaci\u00f3n)<\/span><\/li>\n<li><span class=\"OYPEnA font-feature-liga-off font-feature-clig-off font-feature-calt-off text-decoration-none text-strikethrough-none\">Clasificaci\u00f3n IP\/IK<\/span><span class=\"OYPEnA font-feature-liga-off font-feature-clig-off font-feature-calt-off text-decoration-none text-strikethrough-none\">: IK08\/IP20<\/span><\/li>\n<li><span class=\"OYPEnA font-feature-liga-off font-feature-clig-off font-feature-calt-off text-decoration-none text-strikethrough-none\">Dimensiones (mm)<\/span><span class=\"OYPEnA font-feature-liga-off font-feature-clig-off font-feature-calt-off text-decoration-none text-strikethrough-none\">: 149,7 x 98 x 39,8<\/span><\/li>\n<\/ul>\n<p>[\/vc_column_text]<p><strong>Documentaci\u00f3n<\/strong><\/p><strong>4GWC-L \/ Gateway Meters &amp; More\u00a0<\/strong>\r\n<ul>\r\n \t<li>Manual de instrucciones (ENG): <a href=\"https:\/\/www.zivautomation.com\/es\/access\/acceso\/\" data-id=\"95803\" class=\"icon-lock\">M4GWCL2103Iv01<\/a> - <em>Rev. 05 \/ 2021<\/em><\/li>\r\n \t<li>Hoja de producto: <a href=\"https:\/\/www.zivautomation.com\/wp-content\/uploads\/2019\/06\/h4gwcmm2311ev00.pdf\" target=\"_blank\">H4GWCM&amp;M2311Ev00<\/a> - <em>Rev. 05\/2025<\/em><\/li>\r\n<\/ul>[\/vc_column][\/vc_row]<\/p>\n<\/div>","protected":false},"excerpt":{"rendered":"<p> El 4GWC gateway \/ m\u00f3dem Meters &amp; More forma parte de un sistema de telegesti\u00f3n con lectura autom\u00e1tica de contadores (AMR) a trav\u00e9s de la red de baja tensi\u00f3n (Power Line Communication o PLC). Es un dispositivo compacto que proporciona soluciones eficientes en el despliegue de contadores inteligentes PLC. <\/p>\n","protected":false},"author":1323,"featured_media":74636,"parent":84877,"menu_order":10,"comment_status":"closed","ping_status":"closed","template":"","meta":{"_acf_changed":false,"footnotes":""},"categories":[390,388,231,392],"tags":[],"class_list":["post-91905","page","type-page","status-publish","has-post-thumbnail","hentry","category-dcus-y-gateway-cat","category-subestacion-secundaria","category-medida-y-ami-cat","category-puerta-de-enlace-cat"],"acf":[],"yoast_head":"<!-- This site is optimized with the Yoast SEO plugin v27.3 - https:\/\/yoast.com\/product\/yoast-seo-wordpress\/ -->\n<title>Gateway Meters &amp; More | 4GWC-L - ZIV for rural smart grid deplloyment<\/title>\n<meta name=\"description\" content=\"El 4GWC-gateway \/ m\u00f3dem meters &amp; more forma parte de un sistema de telegesti\u00f3n con lectura autom\u00e1tica de contadores (AMR) a trav\u00e9s de la red de baja tensi\u00f3n (Power Line Communication o PLC).\" \/>\n<meta name=\"robots\" content=\"index, follow, max-snippet:-1, max-image-preview:large, max-video-preview:-1\" \/>\n<link rel=\"canonical\" href=\"https:\/\/www.zivautomation.com\/es\/productos\/metering-ami\/meters-and-more-gateway-modem-4gwc\/\" \/>\n<meta property=\"og:locale\" content=\"es_ES\" \/>\n<meta property=\"og:type\" content=\"article\" \/>\n<meta property=\"og:title\" content=\"Gateway Meters &amp; More | 4GWC-L - ZIV for rural smart grid deplloyment\" \/>\n<meta property=\"og:description\" content=\"El 4GWC-gateway \/ m\u00f3dem meters &amp; more forma parte de un sistema de telegesti\u00f3n con lectura autom\u00e1tica de contadores (AMR) a trav\u00e9s de la red de baja tensi\u00f3n (Power Line Communication o PLC).\" \/>\n<meta property=\"og:url\" content=\"https:\/\/www.zivautomation.com\/es\/productos\/metering-ami\/meters-and-more-gateway-modem-4gwc\/\" \/>\n<meta property=\"og:site_name\" content=\"ZIV\" \/>\n<meta property=\"article:modified_time\" content=\"2025-05-29T08:20:41+00:00\" \/>\n<meta property=\"og:image\" content=\"https:\/\/www.zivautomation.com\/wp-content\/uploads\/2020\/04\/ip-ami-gateway-ziv-smart-grids.png\" \/>\n\t<meta property=\"og:image:width\" content=\"800\" \/>\n\t<meta property=\"og:image:height\" content=\"400\" \/>\n\t<meta property=\"og:image:type\" content=\"image\/png\" \/>\n<meta name=\"twitter:card\" content=\"summary_large_image\" \/>\n<meta name=\"twitter:label1\" content=\"Tiempo de lectura\" \/>\n\t<meta name=\"twitter:data1\" content=\"2 minutos\" \/>\n<script type=\"application\/ld+json\" class=\"yoast-schema-graph\">{\"@context\":\"https:\\\/\\\/schema.org\",\"@graph\":[{\"@type\":\"WebPage\",\"@id\":\"https:\\\/\\\/www.zivautomation.com\\\/es\\\/productos\\\/metering-ami\\\/meters-and-more-gateway-modem-4gwc\\\/\",\"url\":\"https:\\\/\\\/www.zivautomation.com\\\/es\\\/productos\\\/metering-ami\\\/meters-and-more-gateway-modem-4gwc\\\/\",\"name\":\"Gateway Meters & More | 4GWC-L - ZIV for rural smart grid deplloyment\",\"isPartOf\":{\"@id\":\"https:\\\/\\\/www.zivautomation.com\\\/es\\\/#website\"},\"primaryImageOfPage\":{\"@id\":\"https:\\\/\\\/www.zivautomation.com\\\/es\\\/productos\\\/metering-ami\\\/meters-and-more-gateway-modem-4gwc\\\/#primaryimage\"},\"image\":{\"@id\":\"https:\\\/\\\/www.zivautomation.com\\\/es\\\/productos\\\/metering-ami\\\/meters-and-more-gateway-modem-4gwc\\\/#primaryimage\"},\"thumbnailUrl\":\"https:\\\/\\\/www.zivautomation.com\\\/wp-content\\\/uploads\\\/2020\\\/04\\\/ip-ami-gateway-ziv-smart-grids.png\",\"datePublished\":\"2023-11-22T16:32:40+00:00\",\"dateModified\":\"2025-05-29T08:20:41+00:00\",\"description\":\"El 4GWC-gateway \\\/ m\u00f3dem meters & more forma parte de un sistema de telegesti\u00f3n con lectura autom\u00e1tica de contadores (AMR) a trav\u00e9s de la red de baja tensi\u00f3n (Power Line Communication o PLC).\",\"breadcrumb\":{\"@id\":\"https:\\\/\\\/www.zivautomation.com\\\/es\\\/productos\\\/metering-ami\\\/meters-and-more-gateway-modem-4gwc\\\/#breadcrumb\"},\"inLanguage\":\"es\",\"potentialAction\":[{\"@type\":\"ReadAction\",\"target\":[\"https:\\\/\\\/www.zivautomation.com\\\/es\\\/productos\\\/metering-ami\\\/meters-and-more-gateway-modem-4gwc\\\/\"]}]},{\"@type\":\"ImageObject\",\"inLanguage\":\"es\",\"@id\":\"https:\\\/\\\/www.zivautomation.com\\\/es\\\/productos\\\/metering-ami\\\/meters-and-more-gateway-modem-4gwc\\\/#primaryimage\",\"url\":\"https:\\\/\\\/www.zivautomation.com\\\/wp-content\\\/uploads\\\/2020\\\/04\\\/ip-ami-gateway-ziv-smart-grids.png\",\"contentUrl\":\"https:\\\/\\\/www.zivautomation.com\\\/wp-content\\\/uploads\\\/2020\\\/04\\\/ip-ami-gateway-ziv-smart-grids.png\",\"width\":800,\"height\":400,\"caption\":\"IP AMI GATEWAY ZIV SMART GRIDS\"},{\"@type\":\"BreadcrumbList\",\"@id\":\"https:\\\/\\\/www.zivautomation.com\\\/es\\\/productos\\\/metering-ami\\\/meters-and-more-gateway-modem-4gwc\\\/#breadcrumb\",\"itemListElement\":[{\"@type\":\"ListItem\",\"position\":1,\"name\":\"Home\",\"item\":\"https:\\\/\\\/www.zivautomation.com\\\/es\\\/\"},{\"@type\":\"ListItem\",\"position\":2,\"name\":\"Soluciones ZIV\",\"item\":\"https:\\\/\\\/www.zivautomation.com\\\/es\\\/productos\\\/\"},{\"@type\":\"ListItem\",\"position\":3,\"name\":\"Medida y AMI\",\"item\":\"https:\\\/\\\/www.zivautomation.com\\\/es\\\/productos\\\/metering-ami\\\/\"},{\"@type\":\"ListItem\",\"position\":4,\"name\":\"Gateway Meters &#038; More | 4GWC-L\"}]},{\"@type\":\"WebSite\",\"@id\":\"https:\\\/\\\/www.zivautomation.com\\\/es\\\/#website\",\"url\":\"https:\\\/\\\/www.zivautomation.com\\\/es\\\/\",\"name\":\"ZIV\",\"description\":\"Haciendo realidad la Red del Futuro\",\"publisher\":{\"@id\":\"https:\\\/\\\/www.zivautomation.com\\\/es\\\/#organization\"},\"potentialAction\":[{\"@type\":\"SearchAction\",\"target\":{\"@type\":\"EntryPoint\",\"urlTemplate\":\"https:\\\/\\\/www.zivautomation.com\\\/es\\\/?s={search_term_string}\"},\"query-input\":{\"@type\":\"PropertyValueSpecification\",\"valueRequired\":true,\"valueName\":\"search_term_string\"}}],\"inLanguage\":\"es\"},{\"@type\":\"Organization\",\"@id\":\"https:\\\/\\\/www.zivautomation.com\\\/es\\\/#organization\",\"name\":\"ZIV\",\"url\":\"https:\\\/\\\/www.zivautomation.com\\\/es\\\/\",\"logo\":{\"@type\":\"ImageObject\",\"inLanguage\":\"es\",\"@id\":\"https:\\\/\\\/www.zivautomation.com\\\/es\\\/#\\\/schema\\\/logo\\\/image\\\/\",\"url\":\"https:\\\/\\\/www.zivautomation.com\\\/wp-content\\\/uploads\\\/2016\\\/10\\\/ziv_solo_cmyk_hr.jpg\",\"contentUrl\":\"https:\\\/\\\/www.zivautomation.com\\\/wp-content\\\/uploads\\\/2016\\\/10\\\/ziv_solo_cmyk_hr.jpg\",\"width\":7078,\"height\":2234,\"caption\":\"ZIV\"},\"image\":{\"@id\":\"https:\\\/\\\/www.zivautomation.com\\\/es\\\/#\\\/schema\\\/logo\\\/image\\\/\"}}]}<\/script>\n<!-- \/ Yoast SEO plugin. -->","yoast_head_json":{"title":"Gateway Meters & More | 4GWC-L - ZIV for rural smart grid deplloyment","description":"El 4GWC-gateway \/ m\u00f3dem meters & more forma parte de un sistema de telegesti\u00f3n con lectura autom\u00e1tica de contadores (AMR) a trav\u00e9s de la red de baja tensi\u00f3n (Power Line Communication o PLC).","robots":{"index":"index","follow":"follow","max-snippet":"max-snippet:-1","max-image-preview":"max-image-preview:large","max-video-preview":"max-video-preview:-1"},"canonical":"https:\/\/www.zivautomation.com\/es\/productos\/metering-ami\/meters-and-more-gateway-modem-4gwc\/","og_locale":"es_ES","og_type":"article","og_title":"Gateway Meters & More | 4GWC-L - ZIV for rural smart grid deplloyment","og_description":"El 4GWC-gateway \/ m\u00f3dem meters & more forma parte de un sistema de telegesti\u00f3n con lectura autom\u00e1tica de contadores (AMR) a trav\u00e9s de la red de baja tensi\u00f3n (Power Line Communication o PLC).","og_url":"https:\/\/www.zivautomation.com\/es\/productos\/metering-ami\/meters-and-more-gateway-modem-4gwc\/","og_site_name":"ZIV","article_modified_time":"2025-05-29T08:20:41+00:00","og_image":[{"width":800,"height":400,"url":"https:\/\/www.zivautomation.com\/wp-content\/uploads\/2020\/04\/ip-ami-gateway-ziv-smart-grids.png","type":"image\/png"}],"twitter_card":"summary_large_image","twitter_misc":{"Tiempo de lectura":"2 minutos"},"schema":{"@context":"https:\/\/schema.org","@graph":[{"@type":"WebPage","@id":"https:\/\/www.zivautomation.com\/es\/productos\/metering-ami\/meters-and-more-gateway-modem-4gwc\/","url":"https:\/\/www.zivautomation.com\/es\/productos\/metering-ami\/meters-and-more-gateway-modem-4gwc\/","name":"Gateway Meters & More | 4GWC-L - ZIV for rural smart grid deplloyment","isPartOf":{"@id":"https:\/\/www.zivautomation.com\/es\/#website"},"primaryImageOfPage":{"@id":"https:\/\/www.zivautomation.com\/es\/productos\/metering-ami\/meters-and-more-gateway-modem-4gwc\/#primaryimage"},"image":{"@id":"https:\/\/www.zivautomation.com\/es\/productos\/metering-ami\/meters-and-more-gateway-modem-4gwc\/#primaryimage"},"thumbnailUrl":"https:\/\/www.zivautomation.com\/wp-content\/uploads\/2020\/04\/ip-ami-gateway-ziv-smart-grids.png","datePublished":"2023-11-22T16:32:40+00:00","dateModified":"2025-05-29T08:20:41+00:00","description":"El 4GWC-gateway \/ m\u00f3dem meters & more forma parte de un sistema de telegesti\u00f3n con lectura autom\u00e1tica de contadores (AMR) a trav\u00e9s de la red de baja tensi\u00f3n (Power Line Communication o PLC).","breadcrumb":{"@id":"https:\/\/www.zivautomation.com\/es\/productos\/metering-ami\/meters-and-more-gateway-modem-4gwc\/#breadcrumb"},"inLanguage":"es","potentialAction":[{"@type":"ReadAction","target":["https:\/\/www.zivautomation.com\/es\/productos\/metering-ami\/meters-and-more-gateway-modem-4gwc\/"]}]},{"@type":"ImageObject","inLanguage":"es","@id":"https:\/\/www.zivautomation.com\/es\/productos\/metering-ami\/meters-and-more-gateway-modem-4gwc\/#primaryimage","url":"https:\/\/www.zivautomation.com\/wp-content\/uploads\/2020\/04\/ip-ami-gateway-ziv-smart-grids.png","contentUrl":"https:\/\/www.zivautomation.com\/wp-content\/uploads\/2020\/04\/ip-ami-gateway-ziv-smart-grids.png","width":800,"height":400,"caption":"IP AMI GATEWAY ZIV SMART GRIDS"},{"@type":"BreadcrumbList","@id":"https:\/\/www.zivautomation.com\/es\/productos\/metering-ami\/meters-and-more-gateway-modem-4gwc\/#breadcrumb","itemListElement":[{"@type":"ListItem","position":1,"name":"Home","item":"https:\/\/www.zivautomation.com\/es\/"},{"@type":"ListItem","position":2,"name":"Soluciones ZIV","item":"https:\/\/www.zivautomation.com\/es\/productos\/"},{"@type":"ListItem","position":3,"name":"Medida y AMI","item":"https:\/\/www.zivautomation.com\/es\/productos\/metering-ami\/"},{"@type":"ListItem","position":4,"name":"Gateway Meters &#038; More | 4GWC-L"}]},{"@type":"WebSite","@id":"https:\/\/www.zivautomation.com\/es\/#website","url":"https:\/\/www.zivautomation.com\/es\/","name":"ZIV","description":"Haciendo realidad la Red del Futuro","publisher":{"@id":"https:\/\/www.zivautomation.com\/es\/#organization"},"potentialAction":[{"@type":"SearchAction","target":{"@type":"EntryPoint","urlTemplate":"https:\/\/www.zivautomation.com\/es\/?s={search_term_string}"},"query-input":{"@type":"PropertyValueSpecification","valueRequired":true,"valueName":"search_term_string"}}],"inLanguage":"es"},{"@type":"Organization","@id":"https:\/\/www.zivautomation.com\/es\/#organization","name":"ZIV","url":"https:\/\/www.zivautomation.com\/es\/","logo":{"@type":"ImageObject","inLanguage":"es","@id":"https:\/\/www.zivautomation.com\/es\/#\/schema\/logo\/image\/","url":"https:\/\/www.zivautomation.com\/wp-content\/uploads\/2016\/10\/ziv_solo_cmyk_hr.jpg","contentUrl":"https:\/\/www.zivautomation.com\/wp-content\/uploads\/2016\/10\/ziv_solo_cmyk_hr.jpg","width":7078,"height":2234,"caption":"ZIV"},"image":{"@id":"https:\/\/www.zivautomation.com\/es\/#\/schema\/logo\/image\/"}}]}},"_links":{"self":[{"href":"https:\/\/www.zivautomation.com\/es\/wp-json\/wp\/v2\/pages\/91905","targetHints":{"allow":["GET"]}}],"collection":[{"href":"https:\/\/www.zivautomation.com\/es\/wp-json\/wp\/v2\/pages"}],"about":[{"href":"https:\/\/www.zivautomation.com\/es\/wp-json\/wp\/v2\/types\/page"}],"author":[{"embeddable":true,"href":"https:\/\/www.zivautomation.com\/es\/wp-json\/wp\/v2\/users\/1323"}],"replies":[{"embeddable":true,"href":"https:\/\/www.zivautomation.com\/es\/wp-json\/wp\/v2\/comments?post=91905"}],"version-history":[{"count":13,"href":"https:\/\/www.zivautomation.com\/es\/wp-json\/wp\/v2\/pages\/91905\/revisions"}],"predecessor-version":[{"id":98766,"href":"https:\/\/www.zivautomation.com\/es\/wp-json\/wp\/v2\/pages\/91905\/revisions\/98766"}],"up":[{"embeddable":true,"href":"https:\/\/www.zivautomation.com\/es\/wp-json\/wp\/v2\/pages\/84877"}],"wp:featuredmedia":[{"embeddable":true,"href":"https:\/\/www.zivautomation.com\/es\/wp-json\/wp\/v2\/media\/74636"}],"wp:attachment":[{"href":"https:\/\/www.zivautomation.com\/es\/wp-json\/wp\/v2\/media?parent=91905"}],"wp:term":[{"taxonomy":"category","embeddable":true,"href":"https:\/\/www.zivautomation.com\/es\/wp-json\/wp\/v2\/categories?post=91905"},{"taxonomy":"post_tag","embeddable":true,"href":"https:\/\/www.zivautomation.com\/es\/wp-json\/wp\/v2\/tags?post=91905"}],"curies":[{"name":"wp","href":"https:\/\/api.w.org\/{rel}","templated":true}]}}