{"id":91837,"date":"2023-11-22T10:43:53","date_gmt":"2023-11-22T09:43:53","guid":{"rendered":"https:\/\/www.zivautomation.com\/?page_id=91837"},"modified":"2025-10-31T11:56:50","modified_gmt":"2025-10-31T10:56:50","slug":"dual-stack-prime-1-3-1-4-meter-1ph-3ph","status":"publish","type":"page","link":"https:\/\/www.zivautomation.com\/es\/productos\/metering-ami\/dual-stack-prime-1-3-1-4-meter-1ph-3ph\/","title":{"rendered":"Contadores PLC 1F \/ 3F \u00b7 Dual Stack PRIME 1.3 &#038; 1.4  | 5CTB-1\/3"},"content":{"rendered":"<div class=\"wpb-content-wrapper\"><p>[vc_row][vc_column width=&#8221;1\/3&#8243;][vc_single_image image=&#8221;141898&#8243; img_size=&#8221;medium&#8221; alignment=&#8221;center&#8221; onclick=&#8221;img_link_large&#8221; css=&#8221;&#8221;][\/vc_column][vc_column width=&#8221;2\/3&#8243;][vc_column_text css=&#8221;&#8221;]<\/p>\n<h2 style=\"line-height: 1.4;\"><span class=\"OYPEnA font-feature-liga-off font-feature-clig-off font-feature-calt-off text-decoration-none text-strikethrough-none\">Contadores inteligentes monof\u00e1sicos y trif\u00e1sicos Dual Stack PRIME 1.3 &amp;1.4 <\/span><span class=\"OYPEnA font-feature-liga-off font-feature-clig-off font-feature-calt-off text-decoration-none text-strikethrough-none\">dise\u00f1ados con tecnolog\u00eda propia ZIV conforme al protocolo PRIME de probada eficacia en campo<\/span><\/h2>\n<p>[\/vc_column_text]<div  class=\"kleo-gap\" style=\"height:20px;line-height:20px;\"><\/div>[vc_single_image image=&#8221;68712&#8243; img_size=&#8221;medium&#8221; alignment=&#8221;center&#8221; onclick=&#8221;img_link_large&#8221;]<div  class=\"kleo-gap\" style=\"height:20px;line-height:20px;\"><\/div>[vc_column_text css=&#8221;&#8221;]<span class=\"OYPEnA font-feature-liga-off font-feature-clig-off font-feature-calt-off text-decoration-none text-strikethrough-none\">El contador <strong>5CTB<\/strong> proporciona soluciones robustas de lectura automatizada de medidas para empresas de distribuci\u00f3n que utilizan datos de aplicaci\u00f3n DLMS\/COSEM. Esta implementaci\u00f3n puede adaptarse a diferentes est\u00e1ndares complementarios.<\/span><\/p>\n<p><span class=\"OYPEnA font-feature-liga-off font-feature-clig-off font-feature-calt-off text-decoration-none text-strikethrough-none\">Las capacidades de comunicaci\u00f3n local y remota permiten un funcionamiento completo del contador, incluida la actualizaci\u00f3n remota del firmware para incorporar mejoras, cambios normativos o nuevos retos.<\/span><\/p>\n<p><span class=\"OYPEnA font-feature-liga-off font-feature-clig-off font-feature-calt-off text-decoration-none text-strikethrough-none\">Un conjunto de par\u00e1metros configurables lo convierten en la soluci\u00f3n adecuada para todos los consumidores dom\u00e9sticos de energ\u00eda y prosumidores.<\/span><\/p>\n<h4>Caracter\u00edsticas t\u00e9cnicas<strong><br \/>\n<\/strong><\/h4>\n<ul>\n<li><span class=\"OYPEnA font-feature-liga-off font-feature-clig-off font-feature-calt-off text-decoration-none text-strikethrough-none\">Clase de precisi\u00f3n activa y reactiva: <\/span><span class=\"OYPEnA font-feature-liga-off font-feature-clig-off font-feature-calt-off text-decoration-none text-strikethrough-none\">Clase B (EN 50470-3) \/ Clase 2 (IEC 62053-23)<\/span><\/li>\n<li><span class=\"OYPEnA font-feature-liga-off font-feature-clig-off font-feature-calt-off text-decoration-none text-strikethrough-none\">Constante de pulso<\/span><span class=\"OYPEnA font-feature-liga-off font-feature-clig-off font-feature-calt-off text-decoration-none text-strikethrough-none\">: 4000 imp\/kWh o kvarh<\/span><\/li>\n<li><span class=\"OYPEnA font-feature-liga-off font-feature-clig-off font-feature-calt-off text-decoration-none text-strikethrough-none\">Intensidad m\u00ednima, de referencia y m\u00e1xima:<\/span>\n<ul>\n<li><span class=\"OYPEnA font-feature-liga-off font-feature-clig-off font-feature-calt-off text-decoration-none text-strikethrough-none\">0,25-5(80) A (Contador 1F)<\/span><\/li>\n<li><span class=\"OYPEnA font-feature-liga-off font-feature-clig-off font-feature-calt-off text-decoration-none text-strikethrough-none\">0,25-5(80) A (5CTBE2F6) (Contador 3F)<\/span><\/li>\n<\/ul>\n<\/li>\n<li><span class=\"OYPEnA font-feature-liga-off font-feature-clig-off font-feature-calt-off text-decoration-none text-strikethrough-none\">Intensidad de arranque<\/span><span class=\"OYPEnA font-feature-liga-off font-feature-clig-off font-feature-calt-off text-decoration-none text-strikethrough-none\">: 20mA<\/span><\/li>\n<li><span class=\"OYPEnA font-feature-liga-off font-feature-clig-off font-feature-calt-off text-decoration-none text-strikethrough-none\">Potencia absorbida por los circuitos de intensidad (Iref)<\/span><span class=\"OYPEnA font-feature-liga-off font-feature-clig-off font-feature-calt-off text-decoration-none text-strikethrough-none\">: &lt; 0,3 VA<\/span><\/li>\n<li><span class=\"OYPEnA font-feature-liga-off font-feature-clig-off font-feature-calt-off text-decoration-none text-strikethrough-none\">Valor nominal de tensi\u00f3n<\/span><span class=\"OYPEnA font-feature-liga-off font-feature-clig-off font-feature-calt-off text-decoration-none text-strikethrough-none\">:<\/span>\n<ul>\n<li><span class=\"OYPEnA font-feature-liga-off font-feature-clig-off font-feature-calt-off text-decoration-none text-strikethrough-none\">127-230 Vac; 50 Hz (Contador 1F)<\/span><\/li>\n<li><span class=\"OYPEnA font-feature-liga-off font-feature-clig-off font-feature-calt-off text-decoration-none text-strikethrough-none\">3&#215;127\/220 Vac \/ 3x 230\/400 Vac \/ 50 Hz (Contador 3F)<\/span><\/li>\n<\/ul>\n<\/li>\n<li><span class=\"OYPEnA font-feature-liga-off font-feature-clig-off font-feature-calt-off text-decoration-none text-strikethrough-none\">Consumo en circuito de tensi\u00f3n<\/span><span class=\"OYPEnA font-feature-liga-off font-feature-clig-off font-feature-calt-off text-decoration-none text-strikethrough-none\">: &lt;1.1 W \/ 13 VA por fase (IEC 62053-61)<\/span><\/li>\n<li><span class=\"OYPEnA font-feature-liga-off font-feature-clig-off font-feature-calt-off text-decoration-none text-strikethrough-none\">Rango de funcionamiento<\/span><span class=\"OYPEnA font-feature-liga-off font-feature-clig-off font-feature-calt-off text-decoration-none text-strikethrough-none\">: de -25 \u00baC a 55 \u00baC<\/span><\/li>\n<li><span class=\"OYPEnA font-feature-liga-off font-feature-clig-off font-feature-calt-off text-decoration-none text-strikethrough-none\">Interruptor integrado<\/span><span class=\"OYPEnA font-feature-liga-off font-feature-clig-off font-feature-calt-off text-decoration-none text-strikethrough-none\">:<\/span>\n<ul>\n<li><span class=\"OYPEnA font-feature-liga-off font-feature-clig-off font-feature-calt-off text-decoration-none text-strikethrough-none\">Dos polos-250 Vca \/ 90 A. UC2 conforme a IEC 62052-31<\/span><\/li>\n<li><span class=\"OYPEnA font-feature-liga-off font-feature-clig-off font-feature-calt-off text-decoration-none text-strikethrough-none\">Tres polos-250 Vca \/ 90 A. UC2 conforme a IEC 62052-31<\/span><\/li>\n<\/ul>\n<\/li>\n<li><span class=\"OYPEnA font-feature-liga-off font-feature-clig-off font-feature-calt-off text-decoration-none text-strikethrough-none\">Puerto \u00f3ptico<\/span><span class=\"OYPEnA font-feature-liga-off font-feature-clig-off font-feature-calt-off text-decoration-none text-strikethrough-none\">: conforme a la norma IEC 61056-21<\/span><\/li>\n<li><span class=\"OYPEnA font-feature-liga-off font-feature-clig-off font-feature-calt-off text-decoration-none text-strikethrough-none\">M\u00f3dulo PLC<\/span><span class=\"OYPEnA font-feature-liga-off font-feature-clig-off font-feature-calt-off text-decoration-none text-strikethrough-none\">: PLC integrado PRIME Dual 1.3 y 1.4<\/span><\/li>\n<li><span class=\"OYPEnA font-feature-liga-off font-feature-clig-off font-feature-calt-off text-decoration-none text-strikethrough-none\">Grado de protecci\u00f3n<\/span><span class=\"OYPEnA font-feature-liga-off font-feature-clig-off font-feature-calt-off text-decoration-none text-strikethrough-none\">: IP51<\/span><\/li>\n<li><span class=\"OYPEnA font-feature-liga-off font-feature-clig-off font-feature-calt-off text-decoration-none text-strikethrough-none\">Vida \u00fatil<\/span><span class=\"OYPEnA font-feature-liga-off font-feature-clig-off font-feature-calt-off text-decoration-none text-strikethrough-none\">: 15 a\u00f1os<\/span><\/li>\n<li><span class=\"OYPEnA font-feature-liga-off font-feature-clig-off font-feature-calt-off text-decoration-none text-strikethrough-none\">Contador con cubrebornes de dimensiones largas (mm):<\/span>\n<ul>\n<li>212,27 x 124,7 x 64 (Contador 1F)<\/li>\n<li>264,6 x 165 x 70,8 (Contador 3F)<\/li>\n<\/ul>\n<\/li>\n<li><span class=\"OYPEnA font-feature-liga-off font-feature-clig-off font-feature-calt-off text-decoration-none text-strikethrough-none\">Contador con cubrebornes de dimensiones cortas (mm)<\/span><span class=\"OYPEnA font-feature-liga-off font-feature-clig-off font-feature-calt-off text-decoration-none text-strikethrough-none\">:<\/span>\n<ul>\n<li><span class=\"OYPEnA font-feature-liga-off font-feature-clig-off font-feature-calt-off text-decoration-none text-strikethrough-none\">171,46 x 124,7 x 64 (Contador 1F)<\/span><\/li>\n<li><span class=\"OYPEnA font-feature-liga-off font-feature-clig-off font-feature-calt-off text-decoration-none text-strikethrough-none\">211 x 165 x 70,8 (Contador 3F)<\/span><\/li>\n<\/ul>\n<\/li>\n<\/ul>\n<ol>\n<li style=\"list-style-type: none;\"><\/li>\n<\/ol>\n<p>[\/vc_column_text]<p><strong>Documentaci\u00f3n<\/strong><\/p><strong>5CTB-1\/3 Contador Monof\u00e1sico Telegesti\u00f3n PRIME dual 1.3 &amp; 1.4 (D<span data-teams=\"true\">ual Stack Despliegue<\/span>)<\/strong>\r\n<ul>\r\n \t<li>Instrucciones de instalaci\u00f3n, puesta en servicio y funcionamiento (5CTB-1): <a target=\"_blank\" class=\"icon-lock\" data-id=\"98586\" href=\"https:\/\/www.zivautomation.com\/es\/access\/acceso\/\">I5CTB12409Ev00<\/a>- <em>Rev. 07\/2024<\/em><\/li>\r\n \t<li>Hoja de producto (5CTB-1\/3): <a target=\"_blank\" href=\"https:\/\/www.zivautomation.com\/wp-content\/uploads\/2025\/10\/h5ctb132311ev00.pdf\">H5CTB132311Ev00<\/a>\u00a0 \u00a0- <em>Rev. 10\/2025<\/em><\/li>\r\n<\/ul>\r\n<strong>5CTB-1 \/ Contador Monof\u00e1sico Telegesti\u00f3n PRIME dual 1.3 &amp; 1.4 (D<span data-teams=\"true\">ual Stack Pilotaje<\/span>)<\/strong>\r\n<ul>\r\n \t<li>Instrucciones de instalaci\u00f3n, puesta en servicio y funcionamiento: <a target=\"_blank\" class=\"icon-lock\" data-id=\"98603\" href=\"https:\/\/www.zivautomation.com\/es\/access\/acceso\/\">I5CTB12202Ev05<\/a>\u00a0- <em>Rev. 03\/2024<\/em><\/li>\r\n<\/ul>\r\n<strong>5CTB-3ABQ \/ Contador trif\u00e1sico inteligente de conexi\u00f3n directa (D<span data-teams=\"true\">ual Stack Pilotaje<\/span>)<\/strong>\r\n<ul>\r\n \t<li>Instrucciones de instalaci\u00f3n, puesta en servicio y funcionamiento: <a target=\"_blank\" class=\"icon-lock\" data-id=\"98608\" href=\"https:\/\/www.zivautomation.com\/es\/access\/acceso\/\">I5CTB3ABQ2202Ev00<\/a>\u00a0- <em>Rev. 02\/2024<\/em><\/li>\r\n<\/ul>\r\n<strong>5CTB-3 \/ Contador Trif\u00e1sico Inteligente de Conexi\u00f3n Directa \/ Indirecta<\/strong>\r\n<ul>\r\n \t<li>Instrucciones de instalaci\u00f3n, puesta en servicio y funcionamiento: <a target=\"_blank\" class=\"icon-lock\" data-id=\"98613\" href=\"https:\/\/www.zivautomation.com\/es\/access\/acceso\/\">I5CTB3AB1910Ev00<\/a> - <em>Rev. 10\/2019<\/em><\/li>\r\n \t<li>Instrucciones de instalaci\u00f3n, puesta en servicio y funcionamiento: <a target=\"_blank\" class=\"icon-lock\" data-id=\"98640\" href=\"https:\/\/www.zivautomation.com\/es\/access\/acceso\/\">I5CTB3BB2006Ev00<\/a> - <em>Rev. 06\/2020<\/em><\/li>\r\n \t<li>Instrucciones de instalaci\u00f3n, puesta en servicio y funcionamiento: <a target=\"_blank\" class=\"icon-lock\" data-id=\"98615\" href=\"https:\/\/www.zivautomation.com\/es\/access\/acceso\/\">I5CTB3HB2209Ev00<\/a> \u00a0- <em>Rev. 09\/2022<\/em><\/li>\r\n \t<li>Hoja de producto: <a target=\"_blank\" href=\"https:\/\/www.zivautomation.com\/wp-content\/uploads\/2024\/11\/h5ctb52107ev01.pdf\">H5CTB52107Ev01<\/a> \u00a0 - <em>Rev. 03\/2022<\/em><\/li>\r\n<\/ul>[\/vc_column][\/vc_row]<\/p>\n<\/div>","protected":false},"excerpt":{"rendered":"<p> Contadores inteligentes monof\u00e1sicos y trif\u00e1sicos Dual Stack PRIME 1.3 &amp;1.4 dise\u00f1ados con tecnolog\u00eda propia ZIV conforme al protocolo PRIME de probada eficacia en campo El contador 5CTB proporciona soluciones robustas de lectura automatizada de medidas para empresas de distribuci\u00f3n que utilizan datos de aplicaci\u00f3n DLMS\/COSEM. Esta [&hellip;]<\/p>\n","protected":false},"author":1323,"featured_media":141898,"parent":84877,"menu_order":14,"comment_status":"closed","ping_status":"closed","template":"","meta":{"_acf_changed":false,"footnotes":""},"categories":[386,231,235,405],"tags":[],"class_list":["post-91837","page","type-page","status-publish","has-post-thumbnail","hentry","category-usuario-final-consumidor-cat","category-medida-y-ami-cat","category-contadores-cat","category-medidor-residencial-cat"],"acf":[],"yoast_head":"<!-- This site is optimized with the Yoast SEO plugin v27.4 - https:\/\/yoast.com\/product\/yoast-seo-wordpress\/ -->\n<title>Contadores PLC 1F \/ 3F \u00b7 Dual Stack PRIME 1.3 &amp; 1.4 | 5CTB-1\/3 - ZIV<\/title>\n<meta name=\"description\" content=\"Single phase Smart meter designed with field proven ZIV\u2019s own technology according to Meters and More protocol.\" \/>\n<meta name=\"robots\" content=\"index, follow, max-snippet:-1, max-image-preview:large, max-video-preview:-1\" \/>\n<link rel=\"canonical\" href=\"https:\/\/www.zivautomation.com\/es\/productos\/metering-ami\/dual-stack-prime-1-3-1-4-meter-1ph-3ph\/\" \/>\n<meta property=\"og:locale\" content=\"es_ES\" \/>\n<meta property=\"og:type\" content=\"article\" \/>\n<meta property=\"og:title\" content=\"Contadores PLC 1F \/ 3F \u00b7 Dual Stack PRIME 1.3 &amp; 1.4 | 5CTB-1\/3 - ZIV\" \/>\n<meta property=\"og:description\" content=\"Single phase Smart meter designed with field proven ZIV\u2019s own technology according to Meters and More protocol.\" \/>\n<meta property=\"og:url\" content=\"https:\/\/www.zivautomation.com\/es\/productos\/metering-ami\/dual-stack-prime-1-3-1-4-meter-1ph-3ph\/\" \/>\n<meta property=\"og:site_name\" content=\"ZIV\" \/>\n<meta property=\"article:modified_time\" content=\"2025-10-31T10:56:50+00:00\" \/>\n<meta property=\"og:image\" content=\"https:\/\/www.zivautomation.com\/wp-content\/uploads\/2025\/10\/5ctb-bidecont-fase-2.jpg\" \/>\n\t<meta property=\"og:image:width\" content=\"1200\" \/>\n\t<meta property=\"og:image:height\" content=\"1126\" \/>\n\t<meta property=\"og:image:type\" content=\"image\/jpeg\" \/>\n<meta name=\"twitter:card\" content=\"summary_large_image\" \/>\n<meta name=\"twitter:label1\" content=\"Tiempo de lectura\" \/>\n\t<meta name=\"twitter:data1\" content=\"2 minutos\" \/>\n<script type=\"application\/ld+json\" class=\"yoast-schema-graph\">{\"@context\":\"https:\\\/\\\/schema.org\",\"@graph\":[{\"@type\":\"WebPage\",\"@id\":\"https:\\\/\\\/www.zivautomation.com\\\/es\\\/productos\\\/metering-ami\\\/dual-stack-prime-1-3-1-4-meter-1ph-3ph\\\/\",\"url\":\"https:\\\/\\\/www.zivautomation.com\\\/es\\\/productos\\\/metering-ami\\\/dual-stack-prime-1-3-1-4-meter-1ph-3ph\\\/\",\"name\":\"Contadores PLC 1F \\\/ 3F \u00b7 Dual Stack PRIME 1.3 & 1.4 | 5CTB-1\\\/3 - ZIV\",\"isPartOf\":{\"@id\":\"https:\\\/\\\/www.zivautomation.com\\\/es\\\/#website\"},\"primaryImageOfPage\":{\"@id\":\"https:\\\/\\\/www.zivautomation.com\\\/es\\\/productos\\\/metering-ami\\\/dual-stack-prime-1-3-1-4-meter-1ph-3ph\\\/#primaryimage\"},\"image\":{\"@id\":\"https:\\\/\\\/www.zivautomation.com\\\/es\\\/productos\\\/metering-ami\\\/dual-stack-prime-1-3-1-4-meter-1ph-3ph\\\/#primaryimage\"},\"thumbnailUrl\":\"https:\\\/\\\/www.zivautomation.com\\\/wp-content\\\/uploads\\\/2025\\\/10\\\/5ctb-bidecont-fase-2.jpg\",\"datePublished\":\"2023-11-22T09:43:53+00:00\",\"dateModified\":\"2025-10-31T10:56:50+00:00\",\"description\":\"Single phase Smart meter designed with field proven ZIV\u2019s own technology according to Meters and More protocol.\",\"breadcrumb\":{\"@id\":\"https:\\\/\\\/www.zivautomation.com\\\/es\\\/productos\\\/metering-ami\\\/dual-stack-prime-1-3-1-4-meter-1ph-3ph\\\/#breadcrumb\"},\"inLanguage\":\"es\",\"potentialAction\":[{\"@type\":\"ReadAction\",\"target\":[\"https:\\\/\\\/www.zivautomation.com\\\/es\\\/productos\\\/metering-ami\\\/dual-stack-prime-1-3-1-4-meter-1ph-3ph\\\/\"]}]},{\"@type\":\"ImageObject\",\"inLanguage\":\"es\",\"@id\":\"https:\\\/\\\/www.zivautomation.com\\\/es\\\/productos\\\/metering-ami\\\/dual-stack-prime-1-3-1-4-meter-1ph-3ph\\\/#primaryimage\",\"url\":\"https:\\\/\\\/www.zivautomation.com\\\/wp-content\\\/uploads\\\/2025\\\/10\\\/5ctb-bidecont-fase-2.jpg\",\"contentUrl\":\"https:\\\/\\\/www.zivautomation.com\\\/wp-content\\\/uploads\\\/2025\\\/10\\\/5ctb-bidecont-fase-2.jpg\",\"width\":1200,\"height\":1126},{\"@type\":\"BreadcrumbList\",\"@id\":\"https:\\\/\\\/www.zivautomation.com\\\/es\\\/productos\\\/metering-ami\\\/dual-stack-prime-1-3-1-4-meter-1ph-3ph\\\/#breadcrumb\",\"itemListElement\":[{\"@type\":\"ListItem\",\"position\":1,\"name\":\"Home\",\"item\":\"https:\\\/\\\/www.zivautomation.com\\\/es\\\/\"},{\"@type\":\"ListItem\",\"position\":2,\"name\":\"Soluciones ZIV\",\"item\":\"https:\\\/\\\/www.zivautomation.com\\\/es\\\/productos\\\/\"},{\"@type\":\"ListItem\",\"position\":3,\"name\":\"Medida y AMI\",\"item\":\"https:\\\/\\\/www.zivautomation.com\\\/es\\\/productos\\\/metering-ami\\\/\"},{\"@type\":\"ListItem\",\"position\":4,\"name\":\"Contadores PLC 1F \\\/ 3F \u00b7 Dual Stack PRIME 1.3 &#038; 1.4 | 5CTB-1\\\/3\"}]},{\"@type\":\"WebSite\",\"@id\":\"https:\\\/\\\/www.zivautomation.com\\\/es\\\/#website\",\"url\":\"https:\\\/\\\/www.zivautomation.com\\\/es\\\/\",\"name\":\"ZIV\",\"description\":\"Haciendo realidad la Red del Futuro\",\"publisher\":{\"@id\":\"https:\\\/\\\/www.zivautomation.com\\\/es\\\/#organization\"},\"potentialAction\":[{\"@type\":\"SearchAction\",\"target\":{\"@type\":\"EntryPoint\",\"urlTemplate\":\"https:\\\/\\\/www.zivautomation.com\\\/es\\\/?s={search_term_string}\"},\"query-input\":{\"@type\":\"PropertyValueSpecification\",\"valueRequired\":true,\"valueName\":\"search_term_string\"}}],\"inLanguage\":\"es\"},{\"@type\":\"Organization\",\"@id\":\"https:\\\/\\\/www.zivautomation.com\\\/es\\\/#organization\",\"name\":\"ZIV\",\"url\":\"https:\\\/\\\/www.zivautomation.com\\\/es\\\/\",\"logo\":{\"@type\":\"ImageObject\",\"inLanguage\":\"es\",\"@id\":\"https:\\\/\\\/www.zivautomation.com\\\/es\\\/#\\\/schema\\\/logo\\\/image\\\/\",\"url\":\"https:\\\/\\\/www.zivautomation.com\\\/wp-content\\\/uploads\\\/2016\\\/10\\\/ziv_solo_cmyk_hr.jpg\",\"contentUrl\":\"https:\\\/\\\/www.zivautomation.com\\\/wp-content\\\/uploads\\\/2016\\\/10\\\/ziv_solo_cmyk_hr.jpg\",\"width\":7078,\"height\":2234,\"caption\":\"ZIV\"},\"image\":{\"@id\":\"https:\\\/\\\/www.zivautomation.com\\\/es\\\/#\\\/schema\\\/logo\\\/image\\\/\"}}]}<\/script>\n<!-- \/ Yoast SEO plugin. -->","yoast_head_json":{"title":"Contadores PLC 1F \/ 3F \u00b7 Dual Stack PRIME 1.3 & 1.4 | 5CTB-1\/3 - ZIV","description":"Single phase Smart meter designed with field proven ZIV\u2019s own technology according to Meters and More protocol.","robots":{"index":"index","follow":"follow","max-snippet":"max-snippet:-1","max-image-preview":"max-image-preview:large","max-video-preview":"max-video-preview:-1"},"canonical":"https:\/\/www.zivautomation.com\/es\/productos\/metering-ami\/dual-stack-prime-1-3-1-4-meter-1ph-3ph\/","og_locale":"es_ES","og_type":"article","og_title":"Contadores PLC 1F \/ 3F \u00b7 Dual Stack PRIME 1.3 & 1.4 | 5CTB-1\/3 - ZIV","og_description":"Single phase Smart meter designed with field proven ZIV\u2019s own technology according to Meters and More protocol.","og_url":"https:\/\/www.zivautomation.com\/es\/productos\/metering-ami\/dual-stack-prime-1-3-1-4-meter-1ph-3ph\/","og_site_name":"ZIV","article_modified_time":"2025-10-31T10:56:50+00:00","og_image":[{"width":1200,"height":1126,"url":"https:\/\/www.zivautomation.com\/wp-content\/uploads\/2025\/10\/5ctb-bidecont-fase-2.jpg","type":"image\/jpeg"}],"twitter_card":"summary_large_image","twitter_misc":{"Tiempo de lectura":"2 minutos"},"schema":{"@context":"https:\/\/schema.org","@graph":[{"@type":"WebPage","@id":"https:\/\/www.zivautomation.com\/es\/productos\/metering-ami\/dual-stack-prime-1-3-1-4-meter-1ph-3ph\/","url":"https:\/\/www.zivautomation.com\/es\/productos\/metering-ami\/dual-stack-prime-1-3-1-4-meter-1ph-3ph\/","name":"Contadores PLC 1F \/ 3F \u00b7 Dual Stack PRIME 1.3 & 1.4 | 5CTB-1\/3 - ZIV","isPartOf":{"@id":"https:\/\/www.zivautomation.com\/es\/#website"},"primaryImageOfPage":{"@id":"https:\/\/www.zivautomation.com\/es\/productos\/metering-ami\/dual-stack-prime-1-3-1-4-meter-1ph-3ph\/#primaryimage"},"image":{"@id":"https:\/\/www.zivautomation.com\/es\/productos\/metering-ami\/dual-stack-prime-1-3-1-4-meter-1ph-3ph\/#primaryimage"},"thumbnailUrl":"https:\/\/www.zivautomation.com\/wp-content\/uploads\/2025\/10\/5ctb-bidecont-fase-2.jpg","datePublished":"2023-11-22T09:43:53+00:00","dateModified":"2025-10-31T10:56:50+00:00","description":"Single phase Smart meter designed with field proven ZIV\u2019s own technology according to Meters and More protocol.","breadcrumb":{"@id":"https:\/\/www.zivautomation.com\/es\/productos\/metering-ami\/dual-stack-prime-1-3-1-4-meter-1ph-3ph\/#breadcrumb"},"inLanguage":"es","potentialAction":[{"@type":"ReadAction","target":["https:\/\/www.zivautomation.com\/es\/productos\/metering-ami\/dual-stack-prime-1-3-1-4-meter-1ph-3ph\/"]}]},{"@type":"ImageObject","inLanguage":"es","@id":"https:\/\/www.zivautomation.com\/es\/productos\/metering-ami\/dual-stack-prime-1-3-1-4-meter-1ph-3ph\/#primaryimage","url":"https:\/\/www.zivautomation.com\/wp-content\/uploads\/2025\/10\/5ctb-bidecont-fase-2.jpg","contentUrl":"https:\/\/www.zivautomation.com\/wp-content\/uploads\/2025\/10\/5ctb-bidecont-fase-2.jpg","width":1200,"height":1126},{"@type":"BreadcrumbList","@id":"https:\/\/www.zivautomation.com\/es\/productos\/metering-ami\/dual-stack-prime-1-3-1-4-meter-1ph-3ph\/#breadcrumb","itemListElement":[{"@type":"ListItem","position":1,"name":"Home","item":"https:\/\/www.zivautomation.com\/es\/"},{"@type":"ListItem","position":2,"name":"Soluciones ZIV","item":"https:\/\/www.zivautomation.com\/es\/productos\/"},{"@type":"ListItem","position":3,"name":"Medida y AMI","item":"https:\/\/www.zivautomation.com\/es\/productos\/metering-ami\/"},{"@type":"ListItem","position":4,"name":"Contadores PLC 1F \/ 3F \u00b7 Dual Stack PRIME 1.3 &#038; 1.4 | 5CTB-1\/3"}]},{"@type":"WebSite","@id":"https:\/\/www.zivautomation.com\/es\/#website","url":"https:\/\/www.zivautomation.com\/es\/","name":"ZIV","description":"Haciendo realidad la Red del Futuro","publisher":{"@id":"https:\/\/www.zivautomation.com\/es\/#organization"},"potentialAction":[{"@type":"SearchAction","target":{"@type":"EntryPoint","urlTemplate":"https:\/\/www.zivautomation.com\/es\/?s={search_term_string}"},"query-input":{"@type":"PropertyValueSpecification","valueRequired":true,"valueName":"search_term_string"}}],"inLanguage":"es"},{"@type":"Organization","@id":"https:\/\/www.zivautomation.com\/es\/#organization","name":"ZIV","url":"https:\/\/www.zivautomation.com\/es\/","logo":{"@type":"ImageObject","inLanguage":"es","@id":"https:\/\/www.zivautomation.com\/es\/#\/schema\/logo\/image\/","url":"https:\/\/www.zivautomation.com\/wp-content\/uploads\/2016\/10\/ziv_solo_cmyk_hr.jpg","contentUrl":"https:\/\/www.zivautomation.com\/wp-content\/uploads\/2016\/10\/ziv_solo_cmyk_hr.jpg","width":7078,"height":2234,"caption":"ZIV"},"image":{"@id":"https:\/\/www.zivautomation.com\/es\/#\/schema\/logo\/image\/"}}]}},"_links":{"self":[{"href":"https:\/\/www.zivautomation.com\/es\/wp-json\/wp\/v2\/pages\/91837","targetHints":{"allow":["GET"]}}],"collection":[{"href":"https:\/\/www.zivautomation.com\/es\/wp-json\/wp\/v2\/pages"}],"about":[{"href":"https:\/\/www.zivautomation.com\/es\/wp-json\/wp\/v2\/types\/page"}],"author":[{"embeddable":true,"href":"https:\/\/www.zivautomation.com\/es\/wp-json\/wp\/v2\/users\/1323"}],"replies":[{"embeddable":true,"href":"https:\/\/www.zivautomation.com\/es\/wp-json\/wp\/v2\/comments?post=91837"}],"version-history":[{"count":31,"href":"https:\/\/www.zivautomation.com\/es\/wp-json\/wp\/v2\/pages\/91837\/revisions"}],"predecessor-version":[{"id":142352,"href":"https:\/\/www.zivautomation.com\/es\/wp-json\/wp\/v2\/pages\/91837\/revisions\/142352"}],"up":[{"embeddable":true,"href":"https:\/\/www.zivautomation.com\/es\/wp-json\/wp\/v2\/pages\/84877"}],"wp:featuredmedia":[{"embeddable":true,"href":"https:\/\/www.zivautomation.com\/es\/wp-json\/wp\/v2\/media\/141898"}],"wp:attachment":[{"href":"https:\/\/www.zivautomation.com\/es\/wp-json\/wp\/v2\/media?parent=91837"}],"wp:term":[{"taxonomy":"category","embeddable":true,"href":"https:\/\/www.zivautomation.com\/es\/wp-json\/wp\/v2\/categories?post=91837"},{"taxonomy":"post_tag","embeddable":true,"href":"https:\/\/www.zivautomation.com\/es\/wp-json\/wp\/v2\/tags?post=91837"}],"curies":[{"name":"wp","href":"https:\/\/api.w.org\/{rel}","templated":true}]}}