{"id":87352,"date":"2023-01-12T17:22:50","date_gmt":"2023-01-12T16:22:50","guid":{"rendered":"https:\/\/www.zivautomation.com\/universidad-ziv-proteccion-de-subestaciones\/"},"modified":"2026-03-10T15:51:49","modified_gmt":"2026-03-10T14:51:49","slug":"proteccion-de-subestaciones","status":"publish","type":"page","link":"https:\/\/www.zivautomation.com\/es\/partner\/area-partners\/proteccion-de-subestaciones\/","title":{"rendered":"Sistemas de Automatizaci\u00f3n de Subestaciones"},"content":{"rendered":"<div class=\"section-container container\">\r\n<div class=\"vc_row wpb_row vc_row-fluid row\">\r\n<div class=\"wpb_column vc_column_container vc_col-sm-12\">\r\n<div class=\"vc_column-inner \">\r\n<div class=\"wpb_wrapper\">\r\n<div class=\"kleo_text_column wpb_text_column wpb_content_element  vc_custom_1674313496617 zivcolor\">\r\n<div class=\"wpb_wrapper\">\r\n<p><span style=\"font-size: 16px\">El acceso al curso est\u00e1 restringido a usuarios registrados<\/span><\/p>\r\n<\/div>\r\n<\/div>\r\n<\/div>\r\n<\/div>\r\n<\/div>\r\n<\/div>\r\n<\/div>","protected":false},"excerpt":{"rendered":" Formaci\u00f3n y recursos  Webinars (p\u00edldoras de conocimiento de 30 minutos)  Protecci\u00f3n de Distancia en L\u00edneas de Distribuci\u00f3n de MT Protecci\u00f3n Diferencial de Barras DistribuidaRetrofit para Rel\u00e9s Industriales RTDS en [...]","protected":false},"author":1,"featured_media":99591,"parent":161464,"menu_order":95,"comment_status":"closed","ping_status":"closed","template":"","meta":{"_acf_changed":false,"footnotes":""},"categories":[479,459],"tags":[],"class_list":["post-87352","page","type-page","status-publish","hentry","category-area-partners","category-partners"],"acf":[],"yoast_head":"<!-- This site is optimized with the Yoast SEO plugin v27.4 - https:\/\/yoast.com\/product\/yoast-seo-wordpress\/ -->\n<title>Sistemas de Automatizaci\u00f3n de Subestaciones - ZIV<\/title>\n<meta name=\"robots\" content=\"index, follow, max-snippet:-1, max-image-preview:large, max-video-preview:-1\" \/>\n<link rel=\"canonical\" href=\"https:\/\/www.zivautomation.com\/es\/partner\/area-partners\/proteccion-de-subestaciones\/\" \/>\n<meta property=\"og:locale\" content=\"es_ES\" \/>\n<meta property=\"og:type\" content=\"article\" \/>\n<meta property=\"og:title\" content=\"Sistemas de Automatizaci\u00f3n de Subestaciones - ZIV\" \/>\n<meta property=\"og:url\" content=\"https:\/\/www.zivautomation.com\/es\/partner\/area-partners\/proteccion-de-subestaciones\/\" \/>\n<meta property=\"og:site_name\" content=\"ZIV\" \/>\n<meta property=\"article:modified_time\" content=\"2026-03-10T14:51:49+00:00\" \/>\n<meta property=\"og:image\" content=\"https:\/\/www.zivautomation.com\/wp-content\/uploads\/2025\/01\/sas_1800-2.jpg\" \/>\n\t<meta property=\"og:image:width\" content=\"1800\" \/>\n\t<meta property=\"og:image:height\" content=\"700\" \/>\n\t<meta property=\"og:image:type\" content=\"image\/jpeg\" \/>\n<meta name=\"twitter:card\" content=\"summary_large_image\" \/>\n<meta name=\"twitter:label1\" content=\"Tiempo de lectura\" \/>\n\t<meta name=\"twitter:data1\" content=\"2 minutos\" \/>\n<script type=\"application\/ld+json\" class=\"yoast-schema-graph\">{\"@context\":\"https:\\\/\\\/schema.org\",\"@graph\":[{\"@type\":\"WebPage\",\"@id\":\"https:\\\/\\\/www.zivautomation.com\\\/es\\\/partner\\\/area-partners\\\/proteccion-de-subestaciones\\\/\",\"url\":\"https:\\\/\\\/www.zivautomation.com\\\/es\\\/partner\\\/area-partners\\\/proteccion-de-subestaciones\\\/\",\"name\":\"Sistemas de Automatizaci\u00f3n de Subestaciones - ZIV\",\"isPartOf\":{\"@id\":\"https:\\\/\\\/www.zivautomation.com\\\/es\\\/#website\"},\"datePublished\":\"2023-01-12T16:22:50+00:00\",\"dateModified\":\"2026-03-10T14:51:49+00:00\",\"breadcrumb\":{\"@id\":\"https:\\\/\\\/www.zivautomation.com\\\/es\\\/partner\\\/area-partners\\\/proteccion-de-subestaciones\\\/#breadcrumb\"},\"inLanguage\":\"es\",\"potentialAction\":[{\"@type\":\"ReadAction\",\"target\":[\"https:\\\/\\\/www.zivautomation.com\\\/es\\\/partner\\\/area-partners\\\/proteccion-de-subestaciones\\\/\"]}]},{\"@type\":\"BreadcrumbList\",\"@id\":\"https:\\\/\\\/www.zivautomation.com\\\/es\\\/partner\\\/area-partners\\\/proteccion-de-subestaciones\\\/#breadcrumb\",\"itemListElement\":[{\"@type\":\"ListItem\",\"position\":1,\"name\":\"Home\",\"item\":\"https:\\\/\\\/www.zivautomation.com\\\/es\\\/\"},{\"@type\":\"ListItem\",\"position\":2,\"name\":\"Partners\",\"item\":\"https:\\\/\\\/www.zivautomation.com\\\/es\\\/partner\\\/\"},{\"@type\":\"ListItem\",\"position\":3,\"name\":\"\u00c1rea Partners\",\"item\":\"https:\\\/\\\/www.zivautomation.com\\\/es\\\/partner\\\/area-partners\\\/\"},{\"@type\":\"ListItem\",\"position\":4,\"name\":\"Sistemas de Automatizaci\u00f3n de Subestaciones\"}]},{\"@type\":\"WebSite\",\"@id\":\"https:\\\/\\\/www.zivautomation.com\\\/es\\\/#website\",\"url\":\"https:\\\/\\\/www.zivautomation.com\\\/es\\\/\",\"name\":\"ZIV\",\"description\":\"Haciendo realidad la Red del Futuro\",\"publisher\":{\"@id\":\"https:\\\/\\\/www.zivautomation.com\\\/es\\\/#organization\"},\"potentialAction\":[{\"@type\":\"SearchAction\",\"target\":{\"@type\":\"EntryPoint\",\"urlTemplate\":\"https:\\\/\\\/www.zivautomation.com\\\/es\\\/?s={search_term_string}\"},\"query-input\":{\"@type\":\"PropertyValueSpecification\",\"valueRequired\":true,\"valueName\":\"search_term_string\"}}],\"inLanguage\":\"es\"},{\"@type\":\"Organization\",\"@id\":\"https:\\\/\\\/www.zivautomation.com\\\/es\\\/#organization\",\"name\":\"ZIV\",\"url\":\"https:\\\/\\\/www.zivautomation.com\\\/es\\\/\",\"logo\":{\"@type\":\"ImageObject\",\"inLanguage\":\"es\",\"@id\":\"https:\\\/\\\/www.zivautomation.com\\\/es\\\/#\\\/schema\\\/logo\\\/image\\\/\",\"url\":\"https:\\\/\\\/www.zivautomation.com\\\/wp-content\\\/uploads\\\/2016\\\/10\\\/ziv_solo_cmyk_hr.jpg\",\"contentUrl\":\"https:\\\/\\\/www.zivautomation.com\\\/wp-content\\\/uploads\\\/2016\\\/10\\\/ziv_solo_cmyk_hr.jpg\",\"width\":7078,\"height\":2234,\"caption\":\"ZIV\"},\"image\":{\"@id\":\"https:\\\/\\\/www.zivautomation.com\\\/es\\\/#\\\/schema\\\/logo\\\/image\\\/\"}}]}<\/script>\n<!-- \/ Yoast SEO plugin. -->","yoast_head_json":{"title":"Sistemas de Automatizaci\u00f3n de Subestaciones - ZIV","robots":{"index":"index","follow":"follow","max-snippet":"max-snippet:-1","max-image-preview":"max-image-preview:large","max-video-preview":"max-video-preview:-1"},"canonical":"https:\/\/www.zivautomation.com\/es\/partner\/area-partners\/proteccion-de-subestaciones\/","og_locale":"es_ES","og_type":"article","og_title":"Sistemas de Automatizaci\u00f3n de Subestaciones - ZIV","og_url":"https:\/\/www.zivautomation.com\/es\/partner\/area-partners\/proteccion-de-subestaciones\/","og_site_name":"ZIV","article_modified_time":"2026-03-10T14:51:49+00:00","og_image":[{"width":1800,"height":700,"url":"https:\/\/www.zivautomation.com\/wp-content\/uploads\/2025\/01\/sas_1800-2.jpg","type":"image\/jpeg"}],"twitter_card":"summary_large_image","twitter_misc":{"Tiempo de lectura":"2 minutos"},"schema":{"@context":"https:\/\/schema.org","@graph":[{"@type":"WebPage","@id":"https:\/\/www.zivautomation.com\/es\/partner\/area-partners\/proteccion-de-subestaciones\/","url":"https:\/\/www.zivautomation.com\/es\/partner\/area-partners\/proteccion-de-subestaciones\/","name":"Sistemas de Automatizaci\u00f3n de Subestaciones - ZIV","isPartOf":{"@id":"https:\/\/www.zivautomation.com\/es\/#website"},"datePublished":"2023-01-12T16:22:50+00:00","dateModified":"2026-03-10T14:51:49+00:00","breadcrumb":{"@id":"https:\/\/www.zivautomation.com\/es\/partner\/area-partners\/proteccion-de-subestaciones\/#breadcrumb"},"inLanguage":"es","potentialAction":[{"@type":"ReadAction","target":["https:\/\/www.zivautomation.com\/es\/partner\/area-partners\/proteccion-de-subestaciones\/"]}]},{"@type":"BreadcrumbList","@id":"https:\/\/www.zivautomation.com\/es\/partner\/area-partners\/proteccion-de-subestaciones\/#breadcrumb","itemListElement":[{"@type":"ListItem","position":1,"name":"Home","item":"https:\/\/www.zivautomation.com\/es\/"},{"@type":"ListItem","position":2,"name":"Partners","item":"https:\/\/www.zivautomation.com\/es\/partner\/"},{"@type":"ListItem","position":3,"name":"\u00c1rea Partners","item":"https:\/\/www.zivautomation.com\/es\/partner\/area-partners\/"},{"@type":"ListItem","position":4,"name":"Sistemas de Automatizaci\u00f3n de Subestaciones"}]},{"@type":"WebSite","@id":"https:\/\/www.zivautomation.com\/es\/#website","url":"https:\/\/www.zivautomation.com\/es\/","name":"ZIV","description":"Haciendo realidad la Red del Futuro","publisher":{"@id":"https:\/\/www.zivautomation.com\/es\/#organization"},"potentialAction":[{"@type":"SearchAction","target":{"@type":"EntryPoint","urlTemplate":"https:\/\/www.zivautomation.com\/es\/?s={search_term_string}"},"query-input":{"@type":"PropertyValueSpecification","valueRequired":true,"valueName":"search_term_string"}}],"inLanguage":"es"},{"@type":"Organization","@id":"https:\/\/www.zivautomation.com\/es\/#organization","name":"ZIV","url":"https:\/\/www.zivautomation.com\/es\/","logo":{"@type":"ImageObject","inLanguage":"es","@id":"https:\/\/www.zivautomation.com\/es\/#\/schema\/logo\/image\/","url":"https:\/\/www.zivautomation.com\/wp-content\/uploads\/2016\/10\/ziv_solo_cmyk_hr.jpg","contentUrl":"https:\/\/www.zivautomation.com\/wp-content\/uploads\/2016\/10\/ziv_solo_cmyk_hr.jpg","width":7078,"height":2234,"caption":"ZIV"},"image":{"@id":"https:\/\/www.zivautomation.com\/es\/#\/schema\/logo\/image\/"}}]}},"_links":{"self":[{"href":"https:\/\/www.zivautomation.com\/es\/wp-json\/wp\/v2\/pages\/87352","targetHints":{"allow":["GET"]}}],"collection":[{"href":"https:\/\/www.zivautomation.com\/es\/wp-json\/wp\/v2\/pages"}],"about":[{"href":"https:\/\/www.zivautomation.com\/es\/wp-json\/wp\/v2\/types\/page"}],"author":[{"embeddable":true,"href":"https:\/\/www.zivautomation.com\/es\/wp-json\/wp\/v2\/users\/1"}],"replies":[{"embeddable":true,"href":"https:\/\/www.zivautomation.com\/es\/wp-json\/wp\/v2\/comments?post=87352"}],"version-history":[{"count":53,"href":"https:\/\/www.zivautomation.com\/es\/wp-json\/wp\/v2\/pages\/87352\/revisions"}],"predecessor-version":[{"id":162121,"href":"https:\/\/www.zivautomation.com\/es\/wp-json\/wp\/v2\/pages\/87352\/revisions\/162121"}],"up":[{"embeddable":true,"href":"https:\/\/www.zivautomation.com\/es\/wp-json\/wp\/v2\/pages\/161464"}],"wp:featuredmedia":[{"embeddable":true,"href":"https:\/\/www.zivautomation.com\/es\/wp-json\/wp\/v2\/media\/99591"}],"wp:attachment":[{"href":"https:\/\/www.zivautomation.com\/es\/wp-json\/wp\/v2\/media?parent=87352"}],"wp:term":[{"taxonomy":"category","embeddable":true,"href":"https:\/\/www.zivautomation.com\/es\/wp-json\/wp\/v2\/categories?post=87352"},{"taxonomy":"post_tag","embeddable":true,"href":"https:\/\/www.zivautomation.com\/es\/wp-json\/wp\/v2\/tags?post=87352"}],"curies":[{"name":"wp","href":"https:\/\/api.w.org\/{rel}","templated":true}]}}