{"id":86760,"date":"2022-11-08T11:52:50","date_gmt":"2022-11-08T10:52:50","guid":{"rendered":"https:\/\/www.zivautomation.com\/?page_id=86760"},"modified":"2022-11-08T12:25:53","modified_gmt":"2022-11-08T11:25:53","slug":"tacm-1-acoplador-plc-para-baja-tension","status":"publish","type":"page","link":"https:\/\/www.zivautomation.com\/es\/productos\/comunicaciones\/tacm-1-acoplador-plc-para-baja-tension\/","title":{"rendered":"TACM-1 &#8211; Acoplador PLC para Baja Tensi\u00f3n"},"content":{"rendered":"<div class=\"wpb-content-wrapper\"><p>[vc_row][vc_column width=&#8221;1\/3&#8243;][vc_single_image image=&#8221;86771&#8243; img_size=&#8221;large&#8221; onclick=&#8221;img_link_large&#8221;][\/vc_column][vc_column width=&#8221;2\/3&#8243;][vc_column_text]<\/p>\n<h2>Acoplador capacitivo para redes de BT de hasta 1 kVef<\/h2>\n<p>Este acoplador est\u00e1 dise\u00f1ado para realizar la funci\u00f3n de interfaz entre el modem PLC y la l\u00ednea de Baja Tensi\u00f3n, proporcionando aislamiento galv\u00e1nico y adaptaci\u00f3n de impedancias lado equipo a lado l\u00ednea.<\/p>\n<p><strong>Caracter\u00edsticas principales<\/strong><\/p>\n<ul>\n<li>Inyecci\u00f3n y recepci\u00f3n de se\u00f1ales de Alta Frecuencia en redes de Baja Tensi\u00f3n de hasta 1 kVef.<\/li>\n<li>Proporciona aislamiento galv\u00e1nico (5 kVef) y adaptaci\u00f3n de impedancias.<\/li>\n<li>Banda de frecuencias nominal: 100 kHz\u00a0\u00f7\u00a016 kHz.<\/li>\n<li>Tipo de acoplamiento: Fase-Neutro o Fase-Fase.<\/li>\n<li>Impedancia nominal:\n<ul>\n<li>Lado equipo: 50 \u03a9.<\/li>\n<li>Lado l\u00ednea: 50 \u03a9. Otras bajo demanda<\/li>\n<\/ul>\n<\/li>\n<li>Potencia nominal: 5 W.<\/li>\n<li>Protecci\u00f3n lado equipo: descargador de gas (CG-90).<\/li>\n<li>Conexi\u00f3n lado l\u00ednea: dos bornes de doble tornillo para cable multifilar (AWG 1) de hasta 50mm2\u00a0de secci\u00f3n.<\/li>\n<li>Conexi\u00f3n lado modem PLC: conector BNC (cable RG-58).<\/li>\n<li>Fijaci\u00f3n: mediante cuatro taladros de 5 mm de di\u00e1metro<\/li>\n<\/ul>\n<p>[\/vc_column_text]<p><strong>Documentaci\u00f3n<\/strong><\/p><ul>\r\n \t<li>Manual de Instrucciones: <a href=\"https:\/\/www.zivautomation.com\/es\/access\/acceso\/\" data-id=\"86776\" class=\"icon-lock\">TACM-1_r0<\/a><\/li>\r\n<\/ul>[\/vc_column][\/vc_row]<\/p>\n<\/div>","protected":false},"excerpt":{"rendered":"<p> Acoplador capacitivo para redes de BT de hasta 1 kVef Este acoplador est\u00e1 dise\u00f1ado para realizar la funci\u00f3n de interfaz entre el modem PLC y la l\u00ednea de Baja Tensi\u00f3n, proporcionando aislamiento galv\u00e1nico y adaptaci\u00f3n de impedancias lado equipo a lado l\u00ednea. Caracter\u00edsticas principales Inyecci\u00f3n y recepci\u00f3n de se\u00f1ales de Alta Frecuencia en redes [&hellip;]<\/p>\n","protected":false},"author":1,"featured_media":86771,"parent":84941,"menu_order":231,"comment_status":"closed","ping_status":"closed","template":"","meta":{"_acf_changed":false,"footnotes":""},"categories":[429,208,388,243],"tags":[],"class_list":["post-86760","page","type-page","status-publish","has-post-thumbnail","hentry","category-comunicaciones-mt-bt-cat","category-comunicaciones-cat","category-subestacion-secundaria","category-sensor-acoplo-plc-cat"],"acf":[],"yoast_head":"<!-- This site is optimized with the Yoast SEO plugin v27.3 - https:\/\/yoast.com\/product\/yoast-seo-wordpress\/ -->\n<title>TACM-1 - Acoplador PLC para Baja Tensi\u00f3n - ZIV<\/title>\n<meta name=\"description\" content=\"MV PLC communications - Distribution Line Carrier for urban environment. Data transport for services in MV Secondary Substations to a Main Substation.\" \/>\n<meta name=\"robots\" content=\"index, follow, max-snippet:-1, max-image-preview:large, max-video-preview:-1\" \/>\n<link rel=\"canonical\" href=\"https:\/\/www.zivautomation.com\/es\/productos\/comunicaciones\/tacm-1-acoplador-plc-para-baja-tension\/\" \/>\n<meta property=\"og:locale\" content=\"es_ES\" \/>\n<meta property=\"og:type\" content=\"article\" \/>\n<meta property=\"og:title\" content=\"TACM-1 - Acoplador PLC para Baja Tensi\u00f3n - ZIV\" \/>\n<meta property=\"og:description\" content=\"MV PLC communications - Distribution Line Carrier for urban environment. Data transport for services in MV Secondary Substations to a Main Substation.\" \/>\n<meta property=\"og:url\" content=\"https:\/\/www.zivautomation.com\/es\/productos\/comunicaciones\/tacm-1-acoplador-plc-para-baja-tension\/\" \/>\n<meta property=\"og:site_name\" content=\"ZIV\" \/>\n<meta property=\"article:modified_time\" content=\"2022-11-08T11:25:53+00:00\" \/>\n<meta property=\"og:image\" content=\"https:\/\/www.zivautomation.com\/wp-content\/uploads\/2022\/11\/tacm-1.jpg\" \/>\n\t<meta property=\"og:image:width\" content=\"410\" \/>\n\t<meta property=\"og:image:height\" content=\"354\" \/>\n\t<meta property=\"og:image:type\" content=\"image\/jpeg\" \/>\n<meta name=\"twitter:card\" content=\"summary_large_image\" \/>\n<meta name=\"twitter:label1\" content=\"Tiempo de lectura\" \/>\n\t<meta name=\"twitter:data1\" content=\"1 minuto\" \/>\n<script type=\"application\/ld+json\" class=\"yoast-schema-graph\">{\"@context\":\"https:\\\/\\\/schema.org\",\"@graph\":[{\"@type\":\"WebPage\",\"@id\":\"https:\\\/\\\/www.zivautomation.com\\\/es\\\/productos\\\/comunicaciones\\\/tacm-1-acoplador-plc-para-baja-tension\\\/\",\"url\":\"https:\\\/\\\/www.zivautomation.com\\\/es\\\/productos\\\/comunicaciones\\\/tacm-1-acoplador-plc-para-baja-tension\\\/\",\"name\":\"TACM-1 - Acoplador PLC para Baja Tensi\u00f3n - ZIV\",\"isPartOf\":{\"@id\":\"https:\\\/\\\/www.zivautomation.com\\\/es\\\/#website\"},\"primaryImageOfPage\":{\"@id\":\"https:\\\/\\\/www.zivautomation.com\\\/es\\\/productos\\\/comunicaciones\\\/tacm-1-acoplador-plc-para-baja-tension\\\/#primaryimage\"},\"image\":{\"@id\":\"https:\\\/\\\/www.zivautomation.com\\\/es\\\/productos\\\/comunicaciones\\\/tacm-1-acoplador-plc-para-baja-tension\\\/#primaryimage\"},\"thumbnailUrl\":\"https:\\\/\\\/www.zivautomation.com\\\/wp-content\\\/uploads\\\/2022\\\/11\\\/tacm-1.jpg\",\"datePublished\":\"2022-11-08T10:52:50+00:00\",\"dateModified\":\"2022-11-08T11:25:53+00:00\",\"description\":\"MV PLC communications - Distribution Line Carrier for urban environment. Data transport for services in MV Secondary Substations to a Main Substation.\",\"breadcrumb\":{\"@id\":\"https:\\\/\\\/www.zivautomation.com\\\/es\\\/productos\\\/comunicaciones\\\/tacm-1-acoplador-plc-para-baja-tension\\\/#breadcrumb\"},\"inLanguage\":\"es\",\"potentialAction\":[{\"@type\":\"ReadAction\",\"target\":[\"https:\\\/\\\/www.zivautomation.com\\\/es\\\/productos\\\/comunicaciones\\\/tacm-1-acoplador-plc-para-baja-tension\\\/\"]}]},{\"@type\":\"ImageObject\",\"inLanguage\":\"es\",\"@id\":\"https:\\\/\\\/www.zivautomation.com\\\/es\\\/productos\\\/comunicaciones\\\/tacm-1-acoplador-plc-para-baja-tension\\\/#primaryimage\",\"url\":\"https:\\\/\\\/www.zivautomation.com\\\/wp-content\\\/uploads\\\/2022\\\/11\\\/tacm-1.jpg\",\"contentUrl\":\"https:\\\/\\\/www.zivautomation.com\\\/wp-content\\\/uploads\\\/2022\\\/11\\\/tacm-1.jpg\",\"width\":410,\"height\":354},{\"@type\":\"BreadcrumbList\",\"@id\":\"https:\\\/\\\/www.zivautomation.com\\\/es\\\/productos\\\/comunicaciones\\\/tacm-1-acoplador-plc-para-baja-tension\\\/#breadcrumb\",\"itemListElement\":[{\"@type\":\"ListItem\",\"position\":1,\"name\":\"Home\",\"item\":\"https:\\\/\\\/www.zivautomation.com\\\/es\\\/\"},{\"@type\":\"ListItem\",\"position\":2,\"name\":\"Soluciones ZIV\",\"item\":\"https:\\\/\\\/www.zivautomation.com\\\/es\\\/productos\\\/\"},{\"@type\":\"ListItem\",\"position\":3,\"name\":\"Comunicaciones\",\"item\":\"https:\\\/\\\/www.zivautomation.com\\\/es\\\/productos\\\/comunicaciones\\\/\"},{\"@type\":\"ListItem\",\"position\":4,\"name\":\"TACM-1 &#8211; Acoplador PLC para Baja Tensi\u00f3n\"}]},{\"@type\":\"WebSite\",\"@id\":\"https:\\\/\\\/www.zivautomation.com\\\/es\\\/#website\",\"url\":\"https:\\\/\\\/www.zivautomation.com\\\/es\\\/\",\"name\":\"ZIV\",\"description\":\"Haciendo realidad la Red del Futuro\",\"publisher\":{\"@id\":\"https:\\\/\\\/www.zivautomation.com\\\/es\\\/#organization\"},\"potentialAction\":[{\"@type\":\"SearchAction\",\"target\":{\"@type\":\"EntryPoint\",\"urlTemplate\":\"https:\\\/\\\/www.zivautomation.com\\\/es\\\/?s={search_term_string}\"},\"query-input\":{\"@type\":\"PropertyValueSpecification\",\"valueRequired\":true,\"valueName\":\"search_term_string\"}}],\"inLanguage\":\"es\"},{\"@type\":\"Organization\",\"@id\":\"https:\\\/\\\/www.zivautomation.com\\\/es\\\/#organization\",\"name\":\"ZIV\",\"url\":\"https:\\\/\\\/www.zivautomation.com\\\/es\\\/\",\"logo\":{\"@type\":\"ImageObject\",\"inLanguage\":\"es\",\"@id\":\"https:\\\/\\\/www.zivautomation.com\\\/es\\\/#\\\/schema\\\/logo\\\/image\\\/\",\"url\":\"https:\\\/\\\/www.zivautomation.com\\\/wp-content\\\/uploads\\\/2016\\\/10\\\/ziv_solo_cmyk_hr.jpg\",\"contentUrl\":\"https:\\\/\\\/www.zivautomation.com\\\/wp-content\\\/uploads\\\/2016\\\/10\\\/ziv_solo_cmyk_hr.jpg\",\"width\":7078,\"height\":2234,\"caption\":\"ZIV\"},\"image\":{\"@id\":\"https:\\\/\\\/www.zivautomation.com\\\/es\\\/#\\\/schema\\\/logo\\\/image\\\/\"}}]}<\/script>\n<!-- \/ Yoast SEO plugin. -->","yoast_head_json":{"title":"TACM-1 - Acoplador PLC para Baja Tensi\u00f3n - ZIV","description":"MV PLC communications - Distribution Line Carrier for urban environment. Data transport for services in MV Secondary Substations to a Main Substation.","robots":{"index":"index","follow":"follow","max-snippet":"max-snippet:-1","max-image-preview":"max-image-preview:large","max-video-preview":"max-video-preview:-1"},"canonical":"https:\/\/www.zivautomation.com\/es\/productos\/comunicaciones\/tacm-1-acoplador-plc-para-baja-tension\/","og_locale":"es_ES","og_type":"article","og_title":"TACM-1 - Acoplador PLC para Baja Tensi\u00f3n - ZIV","og_description":"MV PLC communications - Distribution Line Carrier for urban environment. Data transport for services in MV Secondary Substations to a Main Substation.","og_url":"https:\/\/www.zivautomation.com\/es\/productos\/comunicaciones\/tacm-1-acoplador-plc-para-baja-tension\/","og_site_name":"ZIV","article_modified_time":"2022-11-08T11:25:53+00:00","og_image":[{"width":410,"height":354,"url":"https:\/\/www.zivautomation.com\/wp-content\/uploads\/2022\/11\/tacm-1.jpg","type":"image\/jpeg"}],"twitter_card":"summary_large_image","twitter_misc":{"Tiempo de lectura":"1 minuto"},"schema":{"@context":"https:\/\/schema.org","@graph":[{"@type":"WebPage","@id":"https:\/\/www.zivautomation.com\/es\/productos\/comunicaciones\/tacm-1-acoplador-plc-para-baja-tension\/","url":"https:\/\/www.zivautomation.com\/es\/productos\/comunicaciones\/tacm-1-acoplador-plc-para-baja-tension\/","name":"TACM-1 - Acoplador PLC para Baja Tensi\u00f3n - ZIV","isPartOf":{"@id":"https:\/\/www.zivautomation.com\/es\/#website"},"primaryImageOfPage":{"@id":"https:\/\/www.zivautomation.com\/es\/productos\/comunicaciones\/tacm-1-acoplador-plc-para-baja-tension\/#primaryimage"},"image":{"@id":"https:\/\/www.zivautomation.com\/es\/productos\/comunicaciones\/tacm-1-acoplador-plc-para-baja-tension\/#primaryimage"},"thumbnailUrl":"https:\/\/www.zivautomation.com\/wp-content\/uploads\/2022\/11\/tacm-1.jpg","datePublished":"2022-11-08T10:52:50+00:00","dateModified":"2022-11-08T11:25:53+00:00","description":"MV PLC communications - Distribution Line Carrier for urban environment. Data transport for services in MV Secondary Substations to a Main Substation.","breadcrumb":{"@id":"https:\/\/www.zivautomation.com\/es\/productos\/comunicaciones\/tacm-1-acoplador-plc-para-baja-tension\/#breadcrumb"},"inLanguage":"es","potentialAction":[{"@type":"ReadAction","target":["https:\/\/www.zivautomation.com\/es\/productos\/comunicaciones\/tacm-1-acoplador-plc-para-baja-tension\/"]}]},{"@type":"ImageObject","inLanguage":"es","@id":"https:\/\/www.zivautomation.com\/es\/productos\/comunicaciones\/tacm-1-acoplador-plc-para-baja-tension\/#primaryimage","url":"https:\/\/www.zivautomation.com\/wp-content\/uploads\/2022\/11\/tacm-1.jpg","contentUrl":"https:\/\/www.zivautomation.com\/wp-content\/uploads\/2022\/11\/tacm-1.jpg","width":410,"height":354},{"@type":"BreadcrumbList","@id":"https:\/\/www.zivautomation.com\/es\/productos\/comunicaciones\/tacm-1-acoplador-plc-para-baja-tension\/#breadcrumb","itemListElement":[{"@type":"ListItem","position":1,"name":"Home","item":"https:\/\/www.zivautomation.com\/es\/"},{"@type":"ListItem","position":2,"name":"Soluciones ZIV","item":"https:\/\/www.zivautomation.com\/es\/productos\/"},{"@type":"ListItem","position":3,"name":"Comunicaciones","item":"https:\/\/www.zivautomation.com\/es\/productos\/comunicaciones\/"},{"@type":"ListItem","position":4,"name":"TACM-1 &#8211; Acoplador PLC para Baja Tensi\u00f3n"}]},{"@type":"WebSite","@id":"https:\/\/www.zivautomation.com\/es\/#website","url":"https:\/\/www.zivautomation.com\/es\/","name":"ZIV","description":"Haciendo realidad la Red del Futuro","publisher":{"@id":"https:\/\/www.zivautomation.com\/es\/#organization"},"potentialAction":[{"@type":"SearchAction","target":{"@type":"EntryPoint","urlTemplate":"https:\/\/www.zivautomation.com\/es\/?s={search_term_string}"},"query-input":{"@type":"PropertyValueSpecification","valueRequired":true,"valueName":"search_term_string"}}],"inLanguage":"es"},{"@type":"Organization","@id":"https:\/\/www.zivautomation.com\/es\/#organization","name":"ZIV","url":"https:\/\/www.zivautomation.com\/es\/","logo":{"@type":"ImageObject","inLanguage":"es","@id":"https:\/\/www.zivautomation.com\/es\/#\/schema\/logo\/image\/","url":"https:\/\/www.zivautomation.com\/wp-content\/uploads\/2016\/10\/ziv_solo_cmyk_hr.jpg","contentUrl":"https:\/\/www.zivautomation.com\/wp-content\/uploads\/2016\/10\/ziv_solo_cmyk_hr.jpg","width":7078,"height":2234,"caption":"ZIV"},"image":{"@id":"https:\/\/www.zivautomation.com\/es\/#\/schema\/logo\/image\/"}}]}},"_links":{"self":[{"href":"https:\/\/www.zivautomation.com\/es\/wp-json\/wp\/v2\/pages\/86760","targetHints":{"allow":["GET"]}}],"collection":[{"href":"https:\/\/www.zivautomation.com\/es\/wp-json\/wp\/v2\/pages"}],"about":[{"href":"https:\/\/www.zivautomation.com\/es\/wp-json\/wp\/v2\/types\/page"}],"author":[{"embeddable":true,"href":"https:\/\/www.zivautomation.com\/es\/wp-json\/wp\/v2\/users\/1"}],"replies":[{"embeddable":true,"href":"https:\/\/www.zivautomation.com\/es\/wp-json\/wp\/v2\/comments?post=86760"}],"version-history":[{"count":8,"href":"https:\/\/www.zivautomation.com\/es\/wp-json\/wp\/v2\/pages\/86760\/revisions"}],"predecessor-version":[{"id":86781,"href":"https:\/\/www.zivautomation.com\/es\/wp-json\/wp\/v2\/pages\/86760\/revisions\/86781"}],"up":[{"embeddable":true,"href":"https:\/\/www.zivautomation.com\/es\/wp-json\/wp\/v2\/pages\/84941"}],"wp:featuredmedia":[{"embeddable":true,"href":"https:\/\/www.zivautomation.com\/es\/wp-json\/wp\/v2\/media\/86771"}],"wp:attachment":[{"href":"https:\/\/www.zivautomation.com\/es\/wp-json\/wp\/v2\/media?parent=86760"}],"wp:term":[{"taxonomy":"category","embeddable":true,"href":"https:\/\/www.zivautomation.com\/es\/wp-json\/wp\/v2\/categories?post=86760"},{"taxonomy":"post_tag","embeddable":true,"href":"https:\/\/www.zivautomation.com\/es\/wp-json\/wp\/v2\/tags?post=86760"}],"curies":[{"name":"wp","href":"https:\/\/api.w.org\/{rel}","templated":true}]}}