{"id":85136,"date":"2022-07-14T18:37:54","date_gmt":"2022-07-14T16:37:54","guid":{"rendered":"https:\/\/www.zivautomation.com\/?page_id=85136"},"modified":"2025-10-30T08:42:20","modified_gmt":"2025-10-30T07:42:20","slug":"ziv-e-net-tool","status":"publish","type":"page","link":"https:\/\/www.zivautomation.com\/es\/productos\/sistemas-de-automatizacion-de-subestacion\/ziv-e-net-tool\/","title":{"rendered":"ZIV e-NET tool\u00a0"},"content":{"rendered":"<div class=\"wpb-content-wrapper\"><p>[vc_row][vc_column width=&#8221;1\/3&#8243;][vc_single_image image=&#8221;29859&#8243; img_size=&#8221;large&#8221; onclick=&#8221;img_link_large&#8221;][\/vc_column][vc_column width=&#8221;2\/3&#8243;][vc_column_text css=&#8221;&#8221;]<\/p>\n<h1>Una \u00fanica herramienta para todos los IEDs y Sistemas.<\/h1>\n<p>Caracter\u00edsticas principales:<\/p>\n<ul>\n<li>Multiprotocolo (IEC 61850, DNP3, CEI 101\/104, Modbus).<\/li>\n<li>Interfaz gr\u00e1fica (modo \u201carrastrar y soltar\u201d).<\/li>\n<li>Editor gr\u00e1fico de L\u00f3gica (CEI 61131, diagrama de funciones).<\/li>\n<li>Modo Proyecto\/ Modo Stand-alone.<\/li>\n<li>Inserci\u00f3n parcial de elementos.<\/li>\n<li>Mapeo autom\u00e1tico de se\u00f1ales de usuario.<\/li>\n<li>Integraci\u00f3n de IEDs de terceros.<\/li>\n<\/ul>\n<p>[\/vc_column_text]<p><strong>Documentaci\u00f3n<\/strong><\/p>Descarga de software:\r\n<ul>\r\n \t<li>ZIVeNetTool 2.7.3.0: <a href=\"https:\/\/www.zivautomation.com\/es\/access\/acceso\/\" data-id=\"142130\" class=\"icon-lock\">zivenetTool setup 2.7r0<\/a>\u00a0 - Rev 10.2025<\/li>\r\n<\/ul>\r\n<p style=\"padding-left: 40px;\">Esta versi\u00f3n de ZIVeNetTool instala ZIVeNetTool + ZIVercomplus<\/p>\r\nManuales:\r\n<ul>\r\n \t<li>\ud83d\udc49\ud83d\udc49\u00a0Configuraci\u00f3n B\u00e1sica de los IEDs de ZIV Mediante las <strong>Herramientas ZIV<\/strong>: <a href=\"https:\/\/www.zivautomation.com\/es\/access\/acceso\/\" data-id=\"142338\" class=\"icon-lock\">MBCONF2405Ev01<\/a><\/li>\r\n<\/ul>[\/vc_column][\/vc_row]<\/p>\n<\/div>","protected":false},"excerpt":{"rendered":"<p> Una \u00fanica herramienta para todos los IEDs y Sistemas. Caracter\u00edsticas principales: Multiprotocolo (IEC 61850, DNP3, CEI 101\/104, Modbus). Interfaz gr\u00e1fica (modo \u201carrastrar y soltar\u201d). Editor gr\u00e1fico de L\u00f3gica (CEI 61131, diagrama de funciones). Modo Proyecto\/ Modo Stand-alone. Inserci\u00f3n parcial de elementos. Mapeo autom\u00e1tico de se\u00f1ales de usuario. Integraci\u00f3n de IEDs de terceros. <\/p>\n","protected":false},"author":1,"featured_media":0,"parent":84398,"menu_order":78,"comment_status":"closed","ping_status":"closed","template":"","meta":{"_acf_changed":false,"footnotes":""},"categories":[268,440,441,383,378],"tags":[],"class_list":["post-85136","page","type-page","status-publish","hentry","category-sistemas-de-automatizacion-de-subestacion-cat","category-subestacion-primaria-cat","category-transmision-cat","category-sistemas-cat","category-herramientas-cat"],"acf":[],"yoast_head":"<!-- This site is optimized with the Yoast SEO plugin v27.3 - https:\/\/yoast.com\/product\/yoast-seo-wordpress\/ -->\n<title>ZIV e-NET tool\u00a0 - ZIV<\/title>\n<meta name=\"description\" content=\"ZIV E-NET TOOL: Software ZIV para IEDs y Sistemas. Multiprotocolo (IEC 61850, DNP3, CEI 101\/104, Modbus). Interfaz gr\u00e1fica\" \/>\n<meta name=\"robots\" content=\"index, follow, max-snippet:-1, max-image-preview:large, max-video-preview:-1\" \/>\n<link rel=\"canonical\" href=\"https:\/\/www.zivautomation.com\/es\/productos\/sistemas-de-automatizacion-de-subestacion\/ziv-e-net-tool\/\" \/>\n<meta property=\"og:locale\" content=\"es_ES\" \/>\n<meta property=\"og:type\" content=\"article\" \/>\n<meta property=\"og:title\" content=\"ZIV e-NET tool\u00a0 - ZIV\" \/>\n<meta property=\"og:description\" content=\"ZIV E-NET TOOL: Software ZIV para IEDs y Sistemas. Multiprotocolo (IEC 61850, DNP3, CEI 101\/104, Modbus). Interfaz gr\u00e1fica\" \/>\n<meta property=\"og:url\" content=\"https:\/\/www.zivautomation.com\/es\/productos\/sistemas-de-automatizacion-de-subestacion\/ziv-e-net-tool\/\" \/>\n<meta property=\"og:site_name\" content=\"ZIV\" \/>\n<meta property=\"article:modified_time\" content=\"2025-10-30T07:42:20+00:00\" \/>\n<meta name=\"twitter:card\" content=\"summary_large_image\" \/>\n<meta name=\"twitter:label1\" content=\"Tiempo de lectura\" \/>\n\t<meta name=\"twitter:data1\" content=\"1 minuto\" \/>\n<script type=\"application\/ld+json\" class=\"yoast-schema-graph\">{\"@context\":\"https:\\\/\\\/schema.org\",\"@graph\":[{\"@type\":\"WebPage\",\"@id\":\"https:\\\/\\\/www.zivautomation.com\\\/es\\\/productos\\\/sistemas-de-automatizacion-de-subestacion\\\/ziv-e-net-tool\\\/\",\"url\":\"https:\\\/\\\/www.zivautomation.com\\\/es\\\/productos\\\/sistemas-de-automatizacion-de-subestacion\\\/ziv-e-net-tool\\\/\",\"name\":\"ZIV e-NET tool\u00a0 - ZIV\",\"isPartOf\":{\"@id\":\"https:\\\/\\\/www.zivautomation.com\\\/es\\\/#website\"},\"datePublished\":\"2022-07-14T16:37:54+00:00\",\"dateModified\":\"2025-10-30T07:42:20+00:00\",\"description\":\"ZIV E-NET TOOL: Software ZIV para IEDs y Sistemas. Multiprotocolo (IEC 61850, DNP3, CEI 101\\\/104, Modbus). Interfaz gr\u00e1fica\",\"breadcrumb\":{\"@id\":\"https:\\\/\\\/www.zivautomation.com\\\/es\\\/productos\\\/sistemas-de-automatizacion-de-subestacion\\\/ziv-e-net-tool\\\/#breadcrumb\"},\"inLanguage\":\"es\",\"potentialAction\":[{\"@type\":\"ReadAction\",\"target\":[\"https:\\\/\\\/www.zivautomation.com\\\/es\\\/productos\\\/sistemas-de-automatizacion-de-subestacion\\\/ziv-e-net-tool\\\/\"]}]},{\"@type\":\"BreadcrumbList\",\"@id\":\"https:\\\/\\\/www.zivautomation.com\\\/es\\\/productos\\\/sistemas-de-automatizacion-de-subestacion\\\/ziv-e-net-tool\\\/#breadcrumb\",\"itemListElement\":[{\"@type\":\"ListItem\",\"position\":1,\"name\":\"Home\",\"item\":\"https:\\\/\\\/www.zivautomation.com\\\/es\\\/\"},{\"@type\":\"ListItem\",\"position\":2,\"name\":\"Soluciones ZIV\",\"item\":\"https:\\\/\\\/www.zivautomation.com\\\/es\\\/productos\\\/\"},{\"@type\":\"ListItem\",\"position\":3,\"name\":\"Sistemas de Automatizaci\u00f3n de Subestaciones\",\"item\":\"https:\\\/\\\/www.zivautomation.com\\\/es\\\/productos\\\/sistemas-de-automatizacion-de-subestacion\\\/\"},{\"@type\":\"ListItem\",\"position\":4,\"name\":\"ZIV e-NET tool\u00a0\"}]},{\"@type\":\"WebSite\",\"@id\":\"https:\\\/\\\/www.zivautomation.com\\\/es\\\/#website\",\"url\":\"https:\\\/\\\/www.zivautomation.com\\\/es\\\/\",\"name\":\"ZIV\",\"description\":\"Haciendo realidad la Red del Futuro\",\"publisher\":{\"@id\":\"https:\\\/\\\/www.zivautomation.com\\\/es\\\/#organization\"},\"potentialAction\":[{\"@type\":\"SearchAction\",\"target\":{\"@type\":\"EntryPoint\",\"urlTemplate\":\"https:\\\/\\\/www.zivautomation.com\\\/es\\\/?s={search_term_string}\"},\"query-input\":{\"@type\":\"PropertyValueSpecification\",\"valueRequired\":true,\"valueName\":\"search_term_string\"}}],\"inLanguage\":\"es\"},{\"@type\":\"Organization\",\"@id\":\"https:\\\/\\\/www.zivautomation.com\\\/es\\\/#organization\",\"name\":\"ZIV\",\"url\":\"https:\\\/\\\/www.zivautomation.com\\\/es\\\/\",\"logo\":{\"@type\":\"ImageObject\",\"inLanguage\":\"es\",\"@id\":\"https:\\\/\\\/www.zivautomation.com\\\/es\\\/#\\\/schema\\\/logo\\\/image\\\/\",\"url\":\"https:\\\/\\\/www.zivautomation.com\\\/wp-content\\\/uploads\\\/2016\\\/10\\\/ziv_solo_cmyk_hr.jpg\",\"contentUrl\":\"https:\\\/\\\/www.zivautomation.com\\\/wp-content\\\/uploads\\\/2016\\\/10\\\/ziv_solo_cmyk_hr.jpg\",\"width\":7078,\"height\":2234,\"caption\":\"ZIV\"},\"image\":{\"@id\":\"https:\\\/\\\/www.zivautomation.com\\\/es\\\/#\\\/schema\\\/logo\\\/image\\\/\"}}]}<\/script>\n<!-- \/ Yoast SEO plugin. -->","yoast_head_json":{"title":"ZIV e-NET tool\u00a0 - ZIV","description":"ZIV E-NET TOOL: Software ZIV para IEDs y Sistemas. Multiprotocolo (IEC 61850, DNP3, CEI 101\/104, Modbus). Interfaz gr\u00e1fica","robots":{"index":"index","follow":"follow","max-snippet":"max-snippet:-1","max-image-preview":"max-image-preview:large","max-video-preview":"max-video-preview:-1"},"canonical":"https:\/\/www.zivautomation.com\/es\/productos\/sistemas-de-automatizacion-de-subestacion\/ziv-e-net-tool\/","og_locale":"es_ES","og_type":"article","og_title":"ZIV e-NET tool\u00a0 - ZIV","og_description":"ZIV E-NET TOOL: Software ZIV para IEDs y Sistemas. Multiprotocolo (IEC 61850, DNP3, CEI 101\/104, Modbus). Interfaz gr\u00e1fica","og_url":"https:\/\/www.zivautomation.com\/es\/productos\/sistemas-de-automatizacion-de-subestacion\/ziv-e-net-tool\/","og_site_name":"ZIV","article_modified_time":"2025-10-30T07:42:20+00:00","twitter_card":"summary_large_image","twitter_misc":{"Tiempo de lectura":"1 minuto"},"schema":{"@context":"https:\/\/schema.org","@graph":[{"@type":"WebPage","@id":"https:\/\/www.zivautomation.com\/es\/productos\/sistemas-de-automatizacion-de-subestacion\/ziv-e-net-tool\/","url":"https:\/\/www.zivautomation.com\/es\/productos\/sistemas-de-automatizacion-de-subestacion\/ziv-e-net-tool\/","name":"ZIV e-NET tool\u00a0 - ZIV","isPartOf":{"@id":"https:\/\/www.zivautomation.com\/es\/#website"},"datePublished":"2022-07-14T16:37:54+00:00","dateModified":"2025-10-30T07:42:20+00:00","description":"ZIV E-NET TOOL: Software ZIV para IEDs y Sistemas. Multiprotocolo (IEC 61850, DNP3, CEI 101\/104, Modbus). Interfaz gr\u00e1fica","breadcrumb":{"@id":"https:\/\/www.zivautomation.com\/es\/productos\/sistemas-de-automatizacion-de-subestacion\/ziv-e-net-tool\/#breadcrumb"},"inLanguage":"es","potentialAction":[{"@type":"ReadAction","target":["https:\/\/www.zivautomation.com\/es\/productos\/sistemas-de-automatizacion-de-subestacion\/ziv-e-net-tool\/"]}]},{"@type":"BreadcrumbList","@id":"https:\/\/www.zivautomation.com\/es\/productos\/sistemas-de-automatizacion-de-subestacion\/ziv-e-net-tool\/#breadcrumb","itemListElement":[{"@type":"ListItem","position":1,"name":"Home","item":"https:\/\/www.zivautomation.com\/es\/"},{"@type":"ListItem","position":2,"name":"Soluciones ZIV","item":"https:\/\/www.zivautomation.com\/es\/productos\/"},{"@type":"ListItem","position":3,"name":"Sistemas de Automatizaci\u00f3n de Subestaciones","item":"https:\/\/www.zivautomation.com\/es\/productos\/sistemas-de-automatizacion-de-subestacion\/"},{"@type":"ListItem","position":4,"name":"ZIV e-NET tool\u00a0"}]},{"@type":"WebSite","@id":"https:\/\/www.zivautomation.com\/es\/#website","url":"https:\/\/www.zivautomation.com\/es\/","name":"ZIV","description":"Haciendo realidad la Red del Futuro","publisher":{"@id":"https:\/\/www.zivautomation.com\/es\/#organization"},"potentialAction":[{"@type":"SearchAction","target":{"@type":"EntryPoint","urlTemplate":"https:\/\/www.zivautomation.com\/es\/?s={search_term_string}"},"query-input":{"@type":"PropertyValueSpecification","valueRequired":true,"valueName":"search_term_string"}}],"inLanguage":"es"},{"@type":"Organization","@id":"https:\/\/www.zivautomation.com\/es\/#organization","name":"ZIV","url":"https:\/\/www.zivautomation.com\/es\/","logo":{"@type":"ImageObject","inLanguage":"es","@id":"https:\/\/www.zivautomation.com\/es\/#\/schema\/logo\/image\/","url":"https:\/\/www.zivautomation.com\/wp-content\/uploads\/2016\/10\/ziv_solo_cmyk_hr.jpg","contentUrl":"https:\/\/www.zivautomation.com\/wp-content\/uploads\/2016\/10\/ziv_solo_cmyk_hr.jpg","width":7078,"height":2234,"caption":"ZIV"},"image":{"@id":"https:\/\/www.zivautomation.com\/es\/#\/schema\/logo\/image\/"}}]}},"_links":{"self":[{"href":"https:\/\/www.zivautomation.com\/es\/wp-json\/wp\/v2\/pages\/85136","targetHints":{"allow":["GET"]}}],"collection":[{"href":"https:\/\/www.zivautomation.com\/es\/wp-json\/wp\/v2\/pages"}],"about":[{"href":"https:\/\/www.zivautomation.com\/es\/wp-json\/wp\/v2\/types\/page"}],"author":[{"embeddable":true,"href":"https:\/\/www.zivautomation.com\/es\/wp-json\/wp\/v2\/users\/1"}],"replies":[{"embeddable":true,"href":"https:\/\/www.zivautomation.com\/es\/wp-json\/wp\/v2\/comments?post=85136"}],"version-history":[{"count":27,"href":"https:\/\/www.zivautomation.com\/es\/wp-json\/wp\/v2\/pages\/85136\/revisions"}],"predecessor-version":[{"id":142340,"href":"https:\/\/www.zivautomation.com\/es\/wp-json\/wp\/v2\/pages\/85136\/revisions\/142340"}],"up":[{"embeddable":true,"href":"https:\/\/www.zivautomation.com\/es\/wp-json\/wp\/v2\/pages\/84398"}],"wp:attachment":[{"href":"https:\/\/www.zivautomation.com\/es\/wp-json\/wp\/v2\/media?parent=85136"}],"wp:term":[{"taxonomy":"category","embeddable":true,"href":"https:\/\/www.zivautomation.com\/es\/wp-json\/wp\/v2\/categories?post=85136"},{"taxonomy":"post_tag","embeddable":true,"href":"https:\/\/www.zivautomation.com\/es\/wp-json\/wp\/v2\/tags?post=85136"}],"curies":[{"name":"wp","href":"https:\/\/api.w.org\/{rel}","templated":true}]}}