{"id":85126,"date":"2022-07-14T18:26:24","date_gmt":"2022-07-14T16:26:24","guid":{"rendered":"https:\/\/www.zivautomation.com\/?page_id=85126"},"modified":"2022-07-14T18:26:59","modified_gmt":"2022-07-14T16:26:59","slug":"4pbn","status":"publish","type":"page","link":"https:\/\/www.zivautomation.com\/es\/productos\/metering-ami\/4pbn\/","title":{"rendered":"4PBN"},"content":{"rendered":"<div class=\"wpb-content-wrapper\"><p>[vc_row][vc_column width=&#8221;1\/3&#8243;][vc_single_image image=&#8221;17483&#8243; img_size=&#8221;large&#8221; onclick=&#8221;img_link_large&#8221;][\/vc_column][vc_column width=&#8221;2\/3&#8243;][vc_column_text]<strong>Dispositivo de comunicaciones PRIME para localizaci\u00f3n y depuraci\u00f3n del ruido y de otros par\u00e1metros de comunicaci\u00f3n en redes PRIME<\/strong><\/p>\n<p>Varias funciones configurables: Nodo Base y Nodo Servicio.<\/p>\n<p>Inyecci\u00f3n de se\u00f1al PRIME PLC monof\u00e1sica.<\/p>\n<p>Puertos serie y Ethernet.<\/p>\n<p>Los datos pueden enviarse al ZIV AMI MANAGER para un posterior an\u00e1lisis de ruidos, RF y tramas.[\/vc_column_text][\/vc_column][\/vc_row]<\/p>\n<\/div>","protected":false},"excerpt":{"rendered":"<p>Dispositivo de comunicaciones PRIME para localizaci\u00f3n y depuraci\u00f3n del ruido y de otros par\u00e1metros de comunicaci\u00f3n en redes PRIME Varias funciones configurables: Nodo Base y Nodo Servicio. Inyecci\u00f3n de se\u00f1al PRIME PLC monof\u00e1sica. Puertos serie y Ethernet. Los datos pueden enviarse al ZIV AMI MANAGER para un posterior an\u00e1lisis de ruidos, RF y tramas.<\/p>\n","protected":false},"author":1,"featured_media":0,"parent":84877,"menu_order":322,"comment_status":"closed","ping_status":"closed","template":"","meta":{"_acf_changed":false,"footnotes":""},"categories":[386,231,383,378],"tags":[],"class_list":["post-85126","page","type-page","status-publish","hentry","category-usuario-final-consumidor-cat","category-medida-y-ami-cat","category-sistemas-cat","category-herramientas-cat"],"acf":[],"yoast_head":"<!-- This site is optimized with the Yoast SEO plugin v27.3 - https:\/\/yoast.com\/product\/yoast-seo-wordpress\/ -->\n<title>4PBN - ZIV<\/title>\n<meta name=\"robots\" content=\"index, follow, max-snippet:-1, max-image-preview:large, max-video-preview:-1\" \/>\n<link rel=\"canonical\" href=\"https:\/\/www.zivautomation.com\/es\/productos\/metering-ami\/4pbn\/\" \/>\n<meta property=\"og:locale\" content=\"es_ES\" \/>\n<meta property=\"og:type\" content=\"article\" \/>\n<meta property=\"og:title\" content=\"4PBN - ZIV\" \/>\n<meta property=\"og:description\" content=\"[vc_row][vc_column width=&#8221;1\/3&#8243;][vc_single_image image=&#8221;17483&#8243; img_size=&#8221;large&#8221; onclick=&#8221;img_link_large&#8221;][\/vc_column][vc_column width=&#8221;2\/3&#8243;][vc_column_text]Dispositivo de comunicaciones PRIME para localizaci\u00f3n y depuraci\u00f3n del ruido y de otros par\u00e1metros de comunicaci\u00f3n en redes PRIME Varias funciones configurables: Nodo Base y Nodo Servicio. Inyecci\u00f3n de se\u00f1al PRIME PLC monof\u00e1sica. Puertos serie y Ethernet. Los datos pueden enviarse al ZIV AMI MANAGER para un posterior an\u00e1lisis de ruidos, RF y tramas.[\/vc_column_text][\/vc_column][\/vc_row]\" \/>\n<meta property=\"og:url\" content=\"https:\/\/www.zivautomation.com\/es\/productos\/metering-ami\/4pbn\/\" \/>\n<meta property=\"og:site_name\" content=\"ZIV\" \/>\n<meta property=\"article:modified_time\" content=\"2022-07-14T16:26:59+00:00\" \/>\n<meta name=\"twitter:card\" content=\"summary_large_image\" \/>\n<meta name=\"twitter:label1\" content=\"Tiempo de lectura\" \/>\n\t<meta name=\"twitter:data1\" content=\"1 minuto\" \/>\n<script type=\"application\/ld+json\" class=\"yoast-schema-graph\">{\"@context\":\"https:\\\/\\\/schema.org\",\"@graph\":[{\"@type\":\"WebPage\",\"@id\":\"https:\\\/\\\/www.zivautomation.com\\\/es\\\/productos\\\/metering-ami\\\/4pbn\\\/\",\"url\":\"https:\\\/\\\/www.zivautomation.com\\\/es\\\/productos\\\/metering-ami\\\/4pbn\\\/\",\"name\":\"4PBN - ZIV\",\"isPartOf\":{\"@id\":\"https:\\\/\\\/www.zivautomation.com\\\/es\\\/#website\"},\"datePublished\":\"2022-07-14T16:26:24+00:00\",\"dateModified\":\"2022-07-14T16:26:59+00:00\",\"breadcrumb\":{\"@id\":\"https:\\\/\\\/www.zivautomation.com\\\/es\\\/productos\\\/metering-ami\\\/4pbn\\\/#breadcrumb\"},\"inLanguage\":\"es\",\"potentialAction\":[{\"@type\":\"ReadAction\",\"target\":[\"https:\\\/\\\/www.zivautomation.com\\\/es\\\/productos\\\/metering-ami\\\/4pbn\\\/\"]}]},{\"@type\":\"BreadcrumbList\",\"@id\":\"https:\\\/\\\/www.zivautomation.com\\\/es\\\/productos\\\/metering-ami\\\/4pbn\\\/#breadcrumb\",\"itemListElement\":[{\"@type\":\"ListItem\",\"position\":1,\"name\":\"Home\",\"item\":\"https:\\\/\\\/www.zivautomation.com\\\/es\\\/\"},{\"@type\":\"ListItem\",\"position\":2,\"name\":\"Soluciones ZIV\",\"item\":\"https:\\\/\\\/www.zivautomation.com\\\/es\\\/productos\\\/\"},{\"@type\":\"ListItem\",\"position\":3,\"name\":\"Medida y AMI\",\"item\":\"https:\\\/\\\/www.zivautomation.com\\\/es\\\/productos\\\/metering-ami\\\/\"},{\"@type\":\"ListItem\",\"position\":4,\"name\":\"4PBN\"}]},{\"@type\":\"WebSite\",\"@id\":\"https:\\\/\\\/www.zivautomation.com\\\/es\\\/#website\",\"url\":\"https:\\\/\\\/www.zivautomation.com\\\/es\\\/\",\"name\":\"ZIV\",\"description\":\"Haciendo realidad la Red del Futuro\",\"publisher\":{\"@id\":\"https:\\\/\\\/www.zivautomation.com\\\/es\\\/#organization\"},\"potentialAction\":[{\"@type\":\"SearchAction\",\"target\":{\"@type\":\"EntryPoint\",\"urlTemplate\":\"https:\\\/\\\/www.zivautomation.com\\\/es\\\/?s={search_term_string}\"},\"query-input\":{\"@type\":\"PropertyValueSpecification\",\"valueRequired\":true,\"valueName\":\"search_term_string\"}}],\"inLanguage\":\"es\"},{\"@type\":\"Organization\",\"@id\":\"https:\\\/\\\/www.zivautomation.com\\\/es\\\/#organization\",\"name\":\"ZIV\",\"url\":\"https:\\\/\\\/www.zivautomation.com\\\/es\\\/\",\"logo\":{\"@type\":\"ImageObject\",\"inLanguage\":\"es\",\"@id\":\"https:\\\/\\\/www.zivautomation.com\\\/es\\\/#\\\/schema\\\/logo\\\/image\\\/\",\"url\":\"https:\\\/\\\/www.zivautomation.com\\\/wp-content\\\/uploads\\\/2016\\\/10\\\/ziv_solo_cmyk_hr.jpg\",\"contentUrl\":\"https:\\\/\\\/www.zivautomation.com\\\/wp-content\\\/uploads\\\/2016\\\/10\\\/ziv_solo_cmyk_hr.jpg\",\"width\":7078,\"height\":2234,\"caption\":\"ZIV\"},\"image\":{\"@id\":\"https:\\\/\\\/www.zivautomation.com\\\/es\\\/#\\\/schema\\\/logo\\\/image\\\/\"}}]}<\/script>\n<!-- \/ Yoast SEO plugin. -->","yoast_head_json":{"title":"4PBN - ZIV","robots":{"index":"index","follow":"follow","max-snippet":"max-snippet:-1","max-image-preview":"max-image-preview:large","max-video-preview":"max-video-preview:-1"},"canonical":"https:\/\/www.zivautomation.com\/es\/productos\/metering-ami\/4pbn\/","og_locale":"es_ES","og_type":"article","og_title":"4PBN - ZIV","og_description":"[vc_row][vc_column width=&#8221;1\/3&#8243;][vc_single_image image=&#8221;17483&#8243; img_size=&#8221;large&#8221; onclick=&#8221;img_link_large&#8221;][\/vc_column][vc_column width=&#8221;2\/3&#8243;][vc_column_text]Dispositivo de comunicaciones PRIME para localizaci\u00f3n y depuraci\u00f3n del ruido y de otros par\u00e1metros de comunicaci\u00f3n en redes PRIME Varias funciones configurables: Nodo Base y Nodo Servicio. Inyecci\u00f3n de se\u00f1al PRIME PLC monof\u00e1sica. Puertos serie y Ethernet. Los datos pueden enviarse al ZIV AMI MANAGER para un posterior an\u00e1lisis de ruidos, RF y tramas.[\/vc_column_text][\/vc_column][\/vc_row]","og_url":"https:\/\/www.zivautomation.com\/es\/productos\/metering-ami\/4pbn\/","og_site_name":"ZIV","article_modified_time":"2022-07-14T16:26:59+00:00","twitter_card":"summary_large_image","twitter_misc":{"Tiempo de lectura":"1 minuto"},"schema":{"@context":"https:\/\/schema.org","@graph":[{"@type":"WebPage","@id":"https:\/\/www.zivautomation.com\/es\/productos\/metering-ami\/4pbn\/","url":"https:\/\/www.zivautomation.com\/es\/productos\/metering-ami\/4pbn\/","name":"4PBN - ZIV","isPartOf":{"@id":"https:\/\/www.zivautomation.com\/es\/#website"},"datePublished":"2022-07-14T16:26:24+00:00","dateModified":"2022-07-14T16:26:59+00:00","breadcrumb":{"@id":"https:\/\/www.zivautomation.com\/es\/productos\/metering-ami\/4pbn\/#breadcrumb"},"inLanguage":"es","potentialAction":[{"@type":"ReadAction","target":["https:\/\/www.zivautomation.com\/es\/productos\/metering-ami\/4pbn\/"]}]},{"@type":"BreadcrumbList","@id":"https:\/\/www.zivautomation.com\/es\/productos\/metering-ami\/4pbn\/#breadcrumb","itemListElement":[{"@type":"ListItem","position":1,"name":"Home","item":"https:\/\/www.zivautomation.com\/es\/"},{"@type":"ListItem","position":2,"name":"Soluciones ZIV","item":"https:\/\/www.zivautomation.com\/es\/productos\/"},{"@type":"ListItem","position":3,"name":"Medida y AMI","item":"https:\/\/www.zivautomation.com\/es\/productos\/metering-ami\/"},{"@type":"ListItem","position":4,"name":"4PBN"}]},{"@type":"WebSite","@id":"https:\/\/www.zivautomation.com\/es\/#website","url":"https:\/\/www.zivautomation.com\/es\/","name":"ZIV","description":"Haciendo realidad la Red del Futuro","publisher":{"@id":"https:\/\/www.zivautomation.com\/es\/#organization"},"potentialAction":[{"@type":"SearchAction","target":{"@type":"EntryPoint","urlTemplate":"https:\/\/www.zivautomation.com\/es\/?s={search_term_string}"},"query-input":{"@type":"PropertyValueSpecification","valueRequired":true,"valueName":"search_term_string"}}],"inLanguage":"es"},{"@type":"Organization","@id":"https:\/\/www.zivautomation.com\/es\/#organization","name":"ZIV","url":"https:\/\/www.zivautomation.com\/es\/","logo":{"@type":"ImageObject","inLanguage":"es","@id":"https:\/\/www.zivautomation.com\/es\/#\/schema\/logo\/image\/","url":"https:\/\/www.zivautomation.com\/wp-content\/uploads\/2016\/10\/ziv_solo_cmyk_hr.jpg","contentUrl":"https:\/\/www.zivautomation.com\/wp-content\/uploads\/2016\/10\/ziv_solo_cmyk_hr.jpg","width":7078,"height":2234,"caption":"ZIV"},"image":{"@id":"https:\/\/www.zivautomation.com\/es\/#\/schema\/logo\/image\/"}}]}},"_links":{"self":[{"href":"https:\/\/www.zivautomation.com\/es\/wp-json\/wp\/v2\/pages\/85126","targetHints":{"allow":["GET"]}}],"collection":[{"href":"https:\/\/www.zivautomation.com\/es\/wp-json\/wp\/v2\/pages"}],"about":[{"href":"https:\/\/www.zivautomation.com\/es\/wp-json\/wp\/v2\/types\/page"}],"author":[{"embeddable":true,"href":"https:\/\/www.zivautomation.com\/es\/wp-json\/wp\/v2\/users\/1"}],"replies":[{"embeddable":true,"href":"https:\/\/www.zivautomation.com\/es\/wp-json\/wp\/v2\/comments?post=85126"}],"version-history":[{"count":1,"href":"https:\/\/www.zivautomation.com\/es\/wp-json\/wp\/v2\/pages\/85126\/revisions"}],"predecessor-version":[{"id":85128,"href":"https:\/\/www.zivautomation.com\/es\/wp-json\/wp\/v2\/pages\/85126\/revisions\/85128"}],"up":[{"embeddable":true,"href":"https:\/\/www.zivautomation.com\/es\/wp-json\/wp\/v2\/pages\/84877"}],"wp:attachment":[{"href":"https:\/\/www.zivautomation.com\/es\/wp-json\/wp\/v2\/media?parent=85126"}],"wp:term":[{"taxonomy":"category","embeddable":true,"href":"https:\/\/www.zivautomation.com\/es\/wp-json\/wp\/v2\/categories?post=85126"},{"taxonomy":"post_tag","embeddable":true,"href":"https:\/\/www.zivautomation.com\/es\/wp-json\/wp\/v2\/tags?post=85126"}],"curies":[{"name":"wp","href":"https:\/\/api.w.org\/{rel}","templated":true}]}}