{"id":84977,"date":"2022-07-14T09:42:22","date_gmt":"2022-07-14T07:42:22","guid":{"rendered":"https:\/\/www.zivautomation.com\/?page_id=84977"},"modified":"2022-07-14T15:54:48","modified_gmt":"2022-07-14T13:54:48","slug":"sistemas-de-telecomunicaciones","status":"publish","type":"page","link":"https:\/\/www.zivautomation.com\/es\/productos\/comunicaciones\/sistemas-de-telecomunicaciones\/","title":{"rendered":"Sistemas de telecomunicaciones"},"content":{"rendered":"<div class=\"wpb-content-wrapper\"><p>[vc_row][vc_column][vc_column_text]<\/p>\n<h2><span lang=\"ES\">Las comunicaciones juegan un papel fundamental en los sistemas el\u00e9ctricos. La amplia experiencia de ZIV y su extenso portfolio de soluciones, que abarcan desde el\u00a0<\/span><strong><span lang=\"ES\">networking<\/span><\/strong><span lang=\"ES\">\u00a0hasta los sistemas de\u00a0<\/span><strong><span lang=\"ES\">teleprotecci\u00f3n y onda portadora<\/span><\/strong><span lang=\"ES\">, permiten ofrecer una soluci\u00f3n tecnol\u00f3gica apropiada a las particularidades de cada proyecto.<u><\/u><u><\/u><\/span><\/h2>\n<p><span lang=\"ES\">A lo largo de m\u00e1s de 5 d\u00e9cadas, inicialmente DIMAT\u00a0 y ahora ZIV ha recibido la confianza de muchas compa\u00f1\u00edas el\u00e9ctricas que valoran la experiencia y capacidad tecnol\u00f3gica de la compa\u00f1\u00eda.<u><\/u><u><\/u><\/span><\/p>\n<p><span lang=\"ES\">La amplia experiencia internacional en l\u00edneas de alta tensi\u00f3n se refleja en el desarrollo de caracter\u00edsticas clave importantes para los usuarios finales, tales como diferentes tipos de modulaci\u00f3n (QAM TCM y OFDM) para lograr un funcionamiento confiable bajo diferentes niveles de ruido en las l\u00edneas de alta tensi\u00f3n, resolviendo la congesti\u00f3n de frecuencia utilizando filtros de doble l\u00ednea o ancho de banda flexible del servidor web para evitar la necesidad de software propietario.<u><\/u><u><\/u><\/span><\/p>\n<p><span lang=\"ES\">Los switches Ethernet ofrecen las capacidades necesarias para implementar la automatizaci\u00f3n de las subestaciones el\u00e9ctricas de acuerdo con el est\u00e1ndar IEC 61850, realizando funciones de conmutaci\u00f3n (L2) y\u00a0enrutamiento de IPv4 (L3 ).<u><\/u><u><\/u><\/span>[\/vc_column_text][vc_single_image image=&#8221;84100&#8243; img_size=&#8221;full&#8221; onclick=&#8221;img_link_large&#8221;][\/vc_column][\/vc_row]<\/p>\n<\/div>","protected":false},"excerpt":{"rendered":"<p> Las comunicaciones juegan un papel fundamental en los sistemas el\u00e9ctricos. La amplia experiencia de ZIV y su extenso portfolio de soluciones, que abarcan desde el\u00a0networking\u00a0hasta los sistemas de\u00a0teleprotecci\u00f3n y onda portadora, permiten ofrecer una soluci\u00f3n tecnol\u00f3gica apropiada a las particularidades de cada proyecto. A lo largo de m\u00e1s de 5 d\u00e9cadas, inicialmente DIMAT\u00a0 y ahora ZIV ha recibido la [&hellip;]<\/p>\n","protected":false},"author":1,"featured_media":0,"parent":84941,"menu_order":229,"comment_status":"closed","ping_status":"closed","template":"","meta":{"_acf_changed":false,"footnotes":""},"categories":[443,208,440,441,383],"tags":[],"class_list":["post-84977","page","type-page","status-publish","hentry","category-sistemas-de-telecomunicaciones","category-comunicaciones-cat","category-subestacion-primaria-cat","category-transmision-cat","category-sistemas-cat"],"acf":[],"yoast_head":"<!-- This site is optimized with the Yoast SEO plugin v27.4 - https:\/\/yoast.com\/product\/yoast-seo-wordpress\/ -->\n<title>Sistemas de telecomunicaciones - ZIV<\/title>\n<meta name=\"description\" content=\"MV PLC communications - Distribution Line Carrier for urban environment. Data transport for services in MV Secondary Substations to a Main Substation.\" \/>\n<meta name=\"robots\" content=\"index, follow, max-snippet:-1, max-image-preview:large, max-video-preview:-1\" \/>\n<link rel=\"canonical\" href=\"https:\/\/www.zivautomation.com\/es\/productos\/comunicaciones\/sistemas-de-telecomunicaciones\/\" \/>\n<meta property=\"og:locale\" content=\"es_ES\" \/>\n<meta property=\"og:type\" content=\"article\" \/>\n<meta property=\"og:title\" content=\"Sistemas de telecomunicaciones - ZIV\" \/>\n<meta property=\"og:description\" content=\"MV PLC communications - Distribution Line Carrier for urban environment. Data transport for services in MV Secondary Substations to a Main Substation.\" \/>\n<meta property=\"og:url\" content=\"https:\/\/www.zivautomation.com\/es\/productos\/comunicaciones\/sistemas-de-telecomunicaciones\/\" \/>\n<meta property=\"og:site_name\" content=\"ZIV\" \/>\n<meta property=\"article:modified_time\" content=\"2022-07-14T13:54:48+00:00\" \/>\n<meta name=\"twitter:card\" content=\"summary_large_image\" \/>\n<meta name=\"twitter:label1\" content=\"Tiempo de lectura\" \/>\n\t<meta name=\"twitter:data1\" content=\"1 minuto\" \/>\n<script type=\"application\/ld+json\" class=\"yoast-schema-graph\">{\"@context\":\"https:\\\/\\\/schema.org\",\"@graph\":[{\"@type\":\"WebPage\",\"@id\":\"https:\\\/\\\/www.zivautomation.com\\\/es\\\/productos\\\/comunicaciones\\\/sistemas-de-telecomunicaciones\\\/\",\"url\":\"https:\\\/\\\/www.zivautomation.com\\\/es\\\/productos\\\/comunicaciones\\\/sistemas-de-telecomunicaciones\\\/\",\"name\":\"Sistemas de telecomunicaciones - ZIV\",\"isPartOf\":{\"@id\":\"https:\\\/\\\/www.zivautomation.com\\\/es\\\/#website\"},\"datePublished\":\"2022-07-14T07:42:22+00:00\",\"dateModified\":\"2022-07-14T13:54:48+00:00\",\"description\":\"MV PLC communications - Distribution Line Carrier for urban environment. Data transport for services in MV Secondary Substations to a Main Substation.\",\"breadcrumb\":{\"@id\":\"https:\\\/\\\/www.zivautomation.com\\\/es\\\/productos\\\/comunicaciones\\\/sistemas-de-telecomunicaciones\\\/#breadcrumb\"},\"inLanguage\":\"es\",\"potentialAction\":[{\"@type\":\"ReadAction\",\"target\":[\"https:\\\/\\\/www.zivautomation.com\\\/es\\\/productos\\\/comunicaciones\\\/sistemas-de-telecomunicaciones\\\/\"]}]},{\"@type\":\"BreadcrumbList\",\"@id\":\"https:\\\/\\\/www.zivautomation.com\\\/es\\\/productos\\\/comunicaciones\\\/sistemas-de-telecomunicaciones\\\/#breadcrumb\",\"itemListElement\":[{\"@type\":\"ListItem\",\"position\":1,\"name\":\"Home\",\"item\":\"https:\\\/\\\/www.zivautomation.com\\\/es\\\/\"},{\"@type\":\"ListItem\",\"position\":2,\"name\":\"Soluciones ZIV\",\"item\":\"https:\\\/\\\/www.zivautomation.com\\\/es\\\/productos\\\/\"},{\"@type\":\"ListItem\",\"position\":3,\"name\":\"Comunicaciones\",\"item\":\"https:\\\/\\\/www.zivautomation.com\\\/es\\\/productos\\\/comunicaciones\\\/\"},{\"@type\":\"ListItem\",\"position\":4,\"name\":\"Sistemas de telecomunicaciones\"}]},{\"@type\":\"WebSite\",\"@id\":\"https:\\\/\\\/www.zivautomation.com\\\/es\\\/#website\",\"url\":\"https:\\\/\\\/www.zivautomation.com\\\/es\\\/\",\"name\":\"ZIV\",\"description\":\"Haciendo realidad la Red del Futuro\",\"publisher\":{\"@id\":\"https:\\\/\\\/www.zivautomation.com\\\/es\\\/#organization\"},\"potentialAction\":[{\"@type\":\"SearchAction\",\"target\":{\"@type\":\"EntryPoint\",\"urlTemplate\":\"https:\\\/\\\/www.zivautomation.com\\\/es\\\/?s={search_term_string}\"},\"query-input\":{\"@type\":\"PropertyValueSpecification\",\"valueRequired\":true,\"valueName\":\"search_term_string\"}}],\"inLanguage\":\"es\"},{\"@type\":\"Organization\",\"@id\":\"https:\\\/\\\/www.zivautomation.com\\\/es\\\/#organization\",\"name\":\"ZIV\",\"url\":\"https:\\\/\\\/www.zivautomation.com\\\/es\\\/\",\"logo\":{\"@type\":\"ImageObject\",\"inLanguage\":\"es\",\"@id\":\"https:\\\/\\\/www.zivautomation.com\\\/es\\\/#\\\/schema\\\/logo\\\/image\\\/\",\"url\":\"https:\\\/\\\/www.zivautomation.com\\\/wp-content\\\/uploads\\\/2016\\\/10\\\/ziv_solo_cmyk_hr.jpg\",\"contentUrl\":\"https:\\\/\\\/www.zivautomation.com\\\/wp-content\\\/uploads\\\/2016\\\/10\\\/ziv_solo_cmyk_hr.jpg\",\"width\":7078,\"height\":2234,\"caption\":\"ZIV\"},\"image\":{\"@id\":\"https:\\\/\\\/www.zivautomation.com\\\/es\\\/#\\\/schema\\\/logo\\\/image\\\/\"}}]}<\/script>\n<!-- \/ Yoast SEO plugin. -->","yoast_head_json":{"title":"Sistemas de telecomunicaciones - ZIV","description":"MV PLC communications - Distribution Line Carrier for urban environment. Data transport for services in MV Secondary Substations to a Main Substation.","robots":{"index":"index","follow":"follow","max-snippet":"max-snippet:-1","max-image-preview":"max-image-preview:large","max-video-preview":"max-video-preview:-1"},"canonical":"https:\/\/www.zivautomation.com\/es\/productos\/comunicaciones\/sistemas-de-telecomunicaciones\/","og_locale":"es_ES","og_type":"article","og_title":"Sistemas de telecomunicaciones - ZIV","og_description":"MV PLC communications - Distribution Line Carrier for urban environment. Data transport for services in MV Secondary Substations to a Main Substation.","og_url":"https:\/\/www.zivautomation.com\/es\/productos\/comunicaciones\/sistemas-de-telecomunicaciones\/","og_site_name":"ZIV","article_modified_time":"2022-07-14T13:54:48+00:00","twitter_card":"summary_large_image","twitter_misc":{"Tiempo de lectura":"1 minuto"},"schema":{"@context":"https:\/\/schema.org","@graph":[{"@type":"WebPage","@id":"https:\/\/www.zivautomation.com\/es\/productos\/comunicaciones\/sistemas-de-telecomunicaciones\/","url":"https:\/\/www.zivautomation.com\/es\/productos\/comunicaciones\/sistemas-de-telecomunicaciones\/","name":"Sistemas de telecomunicaciones - ZIV","isPartOf":{"@id":"https:\/\/www.zivautomation.com\/es\/#website"},"datePublished":"2022-07-14T07:42:22+00:00","dateModified":"2022-07-14T13:54:48+00:00","description":"MV PLC communications - Distribution Line Carrier for urban environment. Data transport for services in MV Secondary Substations to a Main Substation.","breadcrumb":{"@id":"https:\/\/www.zivautomation.com\/es\/productos\/comunicaciones\/sistemas-de-telecomunicaciones\/#breadcrumb"},"inLanguage":"es","potentialAction":[{"@type":"ReadAction","target":["https:\/\/www.zivautomation.com\/es\/productos\/comunicaciones\/sistemas-de-telecomunicaciones\/"]}]},{"@type":"BreadcrumbList","@id":"https:\/\/www.zivautomation.com\/es\/productos\/comunicaciones\/sistemas-de-telecomunicaciones\/#breadcrumb","itemListElement":[{"@type":"ListItem","position":1,"name":"Home","item":"https:\/\/www.zivautomation.com\/es\/"},{"@type":"ListItem","position":2,"name":"Soluciones ZIV","item":"https:\/\/www.zivautomation.com\/es\/productos\/"},{"@type":"ListItem","position":3,"name":"Comunicaciones","item":"https:\/\/www.zivautomation.com\/es\/productos\/comunicaciones\/"},{"@type":"ListItem","position":4,"name":"Sistemas de telecomunicaciones"}]},{"@type":"WebSite","@id":"https:\/\/www.zivautomation.com\/es\/#website","url":"https:\/\/www.zivautomation.com\/es\/","name":"ZIV","description":"Haciendo realidad la Red del Futuro","publisher":{"@id":"https:\/\/www.zivautomation.com\/es\/#organization"},"potentialAction":[{"@type":"SearchAction","target":{"@type":"EntryPoint","urlTemplate":"https:\/\/www.zivautomation.com\/es\/?s={search_term_string}"},"query-input":{"@type":"PropertyValueSpecification","valueRequired":true,"valueName":"search_term_string"}}],"inLanguage":"es"},{"@type":"Organization","@id":"https:\/\/www.zivautomation.com\/es\/#organization","name":"ZIV","url":"https:\/\/www.zivautomation.com\/es\/","logo":{"@type":"ImageObject","inLanguage":"es","@id":"https:\/\/www.zivautomation.com\/es\/#\/schema\/logo\/image\/","url":"https:\/\/www.zivautomation.com\/wp-content\/uploads\/2016\/10\/ziv_solo_cmyk_hr.jpg","contentUrl":"https:\/\/www.zivautomation.com\/wp-content\/uploads\/2016\/10\/ziv_solo_cmyk_hr.jpg","width":7078,"height":2234,"caption":"ZIV"},"image":{"@id":"https:\/\/www.zivautomation.com\/es\/#\/schema\/logo\/image\/"}}]}},"_links":{"self":[{"href":"https:\/\/www.zivautomation.com\/es\/wp-json\/wp\/v2\/pages\/84977","targetHints":{"allow":["GET"]}}],"collection":[{"href":"https:\/\/www.zivautomation.com\/es\/wp-json\/wp\/v2\/pages"}],"about":[{"href":"https:\/\/www.zivautomation.com\/es\/wp-json\/wp\/v2\/types\/page"}],"author":[{"embeddable":true,"href":"https:\/\/www.zivautomation.com\/es\/wp-json\/wp\/v2\/users\/1"}],"replies":[{"embeddable":true,"href":"https:\/\/www.zivautomation.com\/es\/wp-json\/wp\/v2\/comments?post=84977"}],"version-history":[{"count":2,"href":"https:\/\/www.zivautomation.com\/es\/wp-json\/wp\/v2\/pages\/84977\/revisions"}],"predecessor-version":[{"id":84982,"href":"https:\/\/www.zivautomation.com\/es\/wp-json\/wp\/v2\/pages\/84977\/revisions\/84982"}],"up":[{"embeddable":true,"href":"https:\/\/www.zivautomation.com\/es\/wp-json\/wp\/v2\/pages\/84941"}],"wp:attachment":[{"href":"https:\/\/www.zivautomation.com\/es\/wp-json\/wp\/v2\/media?parent=84977"}],"wp:term":[{"taxonomy":"category","embeddable":true,"href":"https:\/\/www.zivautomation.com\/es\/wp-json\/wp\/v2\/categories?post=84977"},{"taxonomy":"post_tag","embeddable":true,"href":"https:\/\/www.zivautomation.com\/es\/wp-json\/wp\/v2\/tags?post=84977"}],"curies":[{"name":"wp","href":"https:\/\/api.w.org\/{rel}","templated":true}]}}