{"id":8311,"date":"2015-11-05T10:58:42","date_gmt":"2015-11-05T09:58:42","guid":{"rendered":"http:\/\/www.ziv.es\/es\/sas-products\/protection-and-control\/transformer-protection\/differential-idv-iec61850-protection-control\/"},"modified":"2024-01-19T11:03:15","modified_gmt":"2024-01-19T10:03:15","slug":"idv-diferencial-y-control","status":"publish","type":"page","link":"https:\/\/www.zivautomation.com\/es\/productos\/sistemas-de-automatizacion-de-subestacion\/idv-diferencial-y-control\/","title":{"rendered":"IDV &#8211; Terminal de Protecci\u00f3n Diferencial, Control y Medida"},"content":{"rendered":"<div class=\"wpb-content-wrapper\"><p>[vc_row][vc_column width=&#8221;1\/3&#8243;][vc_single_image border_color=&#8221;grey&#8221; img_link_large=&#8221;yes&#8221; img_link_target=&#8221;_self&#8221; css_animation=&#8221;right-to-left&#8221; img_size=&#8221;medium&#8221; image=&#8221;7574&#8243;][\/vc_column][vc_column width=&#8221;2\/3&#8243;][vc_column_text css_animation=&#8221;right-to-left&#8221;]<\/p>\n<h2>Una soluci\u00f3n completa para transformadores y otras m\u00e1quinas<\/h2>\n<p>El equipo IDV incorpora todas las funciones de protecci\u00f3n, control y medida para una posici\u00f3n de transformador o autotransformador, de dos o tres devanados, con cualquier nivel de tensi\u00f3n, con interruptor simple o doble interruptor. Tambi\u00e9n puede aplicarse como protecci\u00f3n diferencial en reactancias, generadores o motores.<\/p>\n<p><strong>Caracter\u00edsticas principales<\/strong><\/p>\n<ul>\n<li>Salidas de Disparo de estado s\u00f3lido.<\/li>\n<li>Unidad Diferencial con Frenado porcentual.<\/li>\n<li>Unidad Diferencial sin Frenado.<\/li>\n<li>Bloqueo \/ Frenado por arm\u00f3nicos.<\/li>\n<li>Protecci\u00f3n de Faltas a Tierra Restringidas.<\/li>\n<li>Detector de Falta Externa.<\/li>\n<li>Puertos Ethernet.<\/li>\n<li>Posiciones de doble interruptor.<\/li>\n<\/ul>\n<p>[\/vc_column_text]<p><strong>Documentaci\u00f3n<\/strong><\/p><ul>\r\n \t<li>Manual de Instrucciones: <a target=\"_blank\" class=\"icon-lock\" data-id=\"94209\" href=\"https:\/\/www.zivautomation.com\/es\/access\/acceso\/\">M0IDVA1810Ev12<\/a> (19 \/ 01 \/ 2024)<\/li>\r\n \t<li>Cat\u00e1logo de producto: <a target=\"_blank\" class=\"icon-lock\" data-id=\"9027\" href=\"https:\/\/www.zivautomation.com\/es\/access\/acceso\/\">FIDV411G<\/a><\/li>\r\n \t<li>Hoja de Producto: <a target=\"_blank\" href=\"https:\/\/www.zivautomation.com\/wp-content\/uploads\/2015\/11\/hidv1701b.pdf\">HIDV1701B<\/a><\/li>\r\n \t<li>Certificado IEC61850 de KEMA para <a href=\"http:\/\/www.ziv.es\/wp-content\/uploads\/2015\/11\/08-0554certificateziv_idva.pdf\" target=\"_blank\" rel=\"noopener noreferrer\">IDV-A<\/a><\/li>\r\n<\/ul>[\/vc_column][\/vc_row]<\/p>\n<\/div>","protected":false},"excerpt":{"rendered":"<p> Una soluci\u00f3n completa para transformadores y otras m\u00e1quinas El equipo IDV incorpora todas las funciones de protecci\u00f3n, control y medida para una posici\u00f3n de transformador o autotransformador, de dos o tres devanados, con cualquier nivel de tensi\u00f3n, con interruptor simple o doble interruptor. Tambi\u00e9n puede aplicarse como protecci\u00f3n diferencial en [&hellip;]<\/p>\n","protected":false},"author":1,"featured_media":74481,"parent":84398,"menu_order":263,"comment_status":"closed","ping_status":"closed","template":"","meta":{"_acf_changed":false,"footnotes":""},"categories":[268,440,441,217,223],"tags":[],"class_list":["post-8311","page","type-page","status-publish","has-post-thumbnail","hentry","category-sistemas-de-automatizacion-de-subestacion-cat","category-subestacion-primaria-cat","category-transmision-cat","category-protecciones-cat","category-proteccion-de-transformadores-cat"],"acf":[],"yoast_head":"<!-- This site is optimized with the Yoast SEO plugin v27.5 - https:\/\/yoast.com\/product\/yoast-seo-wordpress\/ -->\n<title>IDV - Terminal de Protecci\u00f3n Diferencial, Control y Medida - ZIV<\/title>\n<meta name=\"description\" content=\"El equipo IDV incorpora todas las funciones de protecci\u00f3n, control y medida para una posici\u00f3n de transformador o autotransformador\" \/>\n<meta name=\"robots\" content=\"index, follow, max-snippet:-1, max-image-preview:large, max-video-preview:-1\" \/>\n<link rel=\"canonical\" href=\"https:\/\/www.zivautomation.com\/es\/productos\/sistemas-de-automatizacion-de-subestacion\/idv-diferencial-y-control\/\" \/>\n<meta property=\"og:locale\" content=\"es_ES\" \/>\n<meta property=\"og:type\" content=\"article\" \/>\n<meta property=\"og:title\" content=\"IDV - Terminal de Protecci\u00f3n Diferencial, Control y Medida - ZIV\" \/>\n<meta property=\"og:description\" content=\"El equipo IDV incorpora todas las funciones de protecci\u00f3n, control y medida para una posici\u00f3n de transformador o autotransformador\" \/>\n<meta property=\"og:url\" content=\"https:\/\/www.zivautomation.com\/es\/productos\/sistemas-de-automatizacion-de-subestacion\/idv-diferencial-y-control\/\" \/>\n<meta property=\"og:site_name\" content=\"ZIV\" \/>\n<meta property=\"article:modified_time\" content=\"2024-01-19T10:03:15+00:00\" \/>\n<meta property=\"og:image\" content=\"https:\/\/www.zivautomation.com\/wp-content\/uploads\/2020\/04\/ziv-relay-proteccion-y-control-1.png\" \/>\n\t<meta property=\"og:image:width\" content=\"800\" \/>\n\t<meta property=\"og:image:height\" content=\"400\" \/>\n\t<meta property=\"og:image:type\" content=\"image\/png\" \/>\n<meta name=\"twitter:card\" content=\"summary_large_image\" \/>\n<meta name=\"twitter:label1\" content=\"Tiempo de lectura\" \/>\n\t<meta name=\"twitter:data1\" content=\"1 minuto\" \/>\n<script type=\"application\/ld+json\" class=\"yoast-schema-graph\">{\"@context\":\"https:\\\/\\\/schema.org\",\"@graph\":[{\"@type\":\"WebPage\",\"@id\":\"https:\\\/\\\/www.zivautomation.com\\\/es\\\/productos\\\/sistemas-de-automatizacion-de-subestacion\\\/idv-diferencial-y-control\\\/\",\"url\":\"https:\\\/\\\/www.zivautomation.com\\\/es\\\/productos\\\/sistemas-de-automatizacion-de-subestacion\\\/idv-diferencial-y-control\\\/\",\"name\":\"IDV - Terminal de Protecci\u00f3n Diferencial, Control y Medida - ZIV\",\"isPartOf\":{\"@id\":\"https:\\\/\\\/www.zivautomation.com\\\/es\\\/#website\"},\"primaryImageOfPage\":{\"@id\":\"https:\\\/\\\/www.zivautomation.com\\\/es\\\/productos\\\/sistemas-de-automatizacion-de-subestacion\\\/idv-diferencial-y-control\\\/#primaryimage\"},\"image\":{\"@id\":\"https:\\\/\\\/www.zivautomation.com\\\/es\\\/productos\\\/sistemas-de-automatizacion-de-subestacion\\\/idv-diferencial-y-control\\\/#primaryimage\"},\"thumbnailUrl\":\"https:\\\/\\\/www.zivautomation.com\\\/wp-content\\\/uploads\\\/2020\\\/04\\\/ziv-relay-proteccion-y-control-1.png\",\"datePublished\":\"2015-11-05T09:58:42+00:00\",\"dateModified\":\"2024-01-19T10:03:15+00:00\",\"description\":\"El equipo IDV incorpora todas las funciones de protecci\u00f3n, control y medida para una posici\u00f3n de transformador o autotransformador\",\"breadcrumb\":{\"@id\":\"https:\\\/\\\/www.zivautomation.com\\\/es\\\/productos\\\/sistemas-de-automatizacion-de-subestacion\\\/idv-diferencial-y-control\\\/#breadcrumb\"},\"inLanguage\":\"es\",\"potentialAction\":[{\"@type\":\"ReadAction\",\"target\":[\"https:\\\/\\\/www.zivautomation.com\\\/es\\\/productos\\\/sistemas-de-automatizacion-de-subestacion\\\/idv-diferencial-y-control\\\/\"]}]},{\"@type\":\"ImageObject\",\"inLanguage\":\"es\",\"@id\":\"https:\\\/\\\/www.zivautomation.com\\\/es\\\/productos\\\/sistemas-de-automatizacion-de-subestacion\\\/idv-diferencial-y-control\\\/#primaryimage\",\"url\":\"https:\\\/\\\/www.zivautomation.com\\\/wp-content\\\/uploads\\\/2020\\\/04\\\/ziv-relay-proteccion-y-control-1.png\",\"contentUrl\":\"https:\\\/\\\/www.zivautomation.com\\\/wp-content\\\/uploads\\\/2020\\\/04\\\/ziv-relay-proteccion-y-control-1.png\",\"width\":800,\"height\":400,\"caption\":\"ZIV RELAY proteccion y control\"},{\"@type\":\"BreadcrumbList\",\"@id\":\"https:\\\/\\\/www.zivautomation.com\\\/es\\\/productos\\\/sistemas-de-automatizacion-de-subestacion\\\/idv-diferencial-y-control\\\/#breadcrumb\",\"itemListElement\":[{\"@type\":\"ListItem\",\"position\":1,\"name\":\"Home\",\"item\":\"https:\\\/\\\/www.zivautomation.com\\\/es\\\/\"},{\"@type\":\"ListItem\",\"position\":2,\"name\":\"Soluciones ZIV\",\"item\":\"https:\\\/\\\/www.zivautomation.com\\\/es\\\/productos\\\/\"},{\"@type\":\"ListItem\",\"position\":3,\"name\":\"Sistemas de Automatizaci\u00f3n de Subestaciones\",\"item\":\"https:\\\/\\\/www.zivautomation.com\\\/es\\\/productos\\\/sistemas-de-automatizacion-de-subestacion\\\/\"},{\"@type\":\"ListItem\",\"position\":4,\"name\":\"IDV &#8211; Terminal de Protecci\u00f3n Diferencial, Control y Medida\"}]},{\"@type\":\"WebSite\",\"@id\":\"https:\\\/\\\/www.zivautomation.com\\\/es\\\/#website\",\"url\":\"https:\\\/\\\/www.zivautomation.com\\\/es\\\/\",\"name\":\"ZIV\",\"description\":\"Haciendo realidad la Red del Futuro\",\"publisher\":{\"@id\":\"https:\\\/\\\/www.zivautomation.com\\\/es\\\/#organization\"},\"potentialAction\":[{\"@type\":\"SearchAction\",\"target\":{\"@type\":\"EntryPoint\",\"urlTemplate\":\"https:\\\/\\\/www.zivautomation.com\\\/es\\\/?s={search_term_string}\"},\"query-input\":{\"@type\":\"PropertyValueSpecification\",\"valueRequired\":true,\"valueName\":\"search_term_string\"}}],\"inLanguage\":\"es\"},{\"@type\":\"Organization\",\"@id\":\"https:\\\/\\\/www.zivautomation.com\\\/es\\\/#organization\",\"name\":\"ZIV\",\"url\":\"https:\\\/\\\/www.zivautomation.com\\\/es\\\/\",\"logo\":{\"@type\":\"ImageObject\",\"inLanguage\":\"es\",\"@id\":\"https:\\\/\\\/www.zivautomation.com\\\/es\\\/#\\\/schema\\\/logo\\\/image\\\/\",\"url\":\"https:\\\/\\\/www.zivautomation.com\\\/wp-content\\\/uploads\\\/2016\\\/10\\\/ziv_solo_cmyk_hr.jpg\",\"contentUrl\":\"https:\\\/\\\/www.zivautomation.com\\\/wp-content\\\/uploads\\\/2016\\\/10\\\/ziv_solo_cmyk_hr.jpg\",\"width\":7078,\"height\":2234,\"caption\":\"ZIV\"},\"image\":{\"@id\":\"https:\\\/\\\/www.zivautomation.com\\\/es\\\/#\\\/schema\\\/logo\\\/image\\\/\"}}]}<\/script>\n<!-- \/ Yoast SEO plugin. -->","yoast_head_json":{"title":"IDV - Terminal de Protecci\u00f3n Diferencial, Control y Medida - ZIV","description":"El equipo IDV incorpora todas las funciones de protecci\u00f3n, control y medida para una posici\u00f3n de transformador o autotransformador","robots":{"index":"index","follow":"follow","max-snippet":"max-snippet:-1","max-image-preview":"max-image-preview:large","max-video-preview":"max-video-preview:-1"},"canonical":"https:\/\/www.zivautomation.com\/es\/productos\/sistemas-de-automatizacion-de-subestacion\/idv-diferencial-y-control\/","og_locale":"es_ES","og_type":"article","og_title":"IDV - Terminal de Protecci\u00f3n Diferencial, Control y Medida - ZIV","og_description":"El equipo IDV incorpora todas las funciones de protecci\u00f3n, control y medida para una posici\u00f3n de transformador o autotransformador","og_url":"https:\/\/www.zivautomation.com\/es\/productos\/sistemas-de-automatizacion-de-subestacion\/idv-diferencial-y-control\/","og_site_name":"ZIV","article_modified_time":"2024-01-19T10:03:15+00:00","og_image":[{"width":800,"height":400,"url":"https:\/\/www.zivautomation.com\/wp-content\/uploads\/2020\/04\/ziv-relay-proteccion-y-control-1.png","type":"image\/png"}],"twitter_card":"summary_large_image","twitter_misc":{"Tiempo de lectura":"1 minuto"},"schema":{"@context":"https:\/\/schema.org","@graph":[{"@type":"WebPage","@id":"https:\/\/www.zivautomation.com\/es\/productos\/sistemas-de-automatizacion-de-subestacion\/idv-diferencial-y-control\/","url":"https:\/\/www.zivautomation.com\/es\/productos\/sistemas-de-automatizacion-de-subestacion\/idv-diferencial-y-control\/","name":"IDV - Terminal de Protecci\u00f3n Diferencial, Control y Medida - ZIV","isPartOf":{"@id":"https:\/\/www.zivautomation.com\/es\/#website"},"primaryImageOfPage":{"@id":"https:\/\/www.zivautomation.com\/es\/productos\/sistemas-de-automatizacion-de-subestacion\/idv-diferencial-y-control\/#primaryimage"},"image":{"@id":"https:\/\/www.zivautomation.com\/es\/productos\/sistemas-de-automatizacion-de-subestacion\/idv-diferencial-y-control\/#primaryimage"},"thumbnailUrl":"https:\/\/www.zivautomation.com\/wp-content\/uploads\/2020\/04\/ziv-relay-proteccion-y-control-1.png","datePublished":"2015-11-05T09:58:42+00:00","dateModified":"2024-01-19T10:03:15+00:00","description":"El equipo IDV incorpora todas las funciones de protecci\u00f3n, control y medida para una posici\u00f3n de transformador o autotransformador","breadcrumb":{"@id":"https:\/\/www.zivautomation.com\/es\/productos\/sistemas-de-automatizacion-de-subestacion\/idv-diferencial-y-control\/#breadcrumb"},"inLanguage":"es","potentialAction":[{"@type":"ReadAction","target":["https:\/\/www.zivautomation.com\/es\/productos\/sistemas-de-automatizacion-de-subestacion\/idv-diferencial-y-control\/"]}]},{"@type":"ImageObject","inLanguage":"es","@id":"https:\/\/www.zivautomation.com\/es\/productos\/sistemas-de-automatizacion-de-subestacion\/idv-diferencial-y-control\/#primaryimage","url":"https:\/\/www.zivautomation.com\/wp-content\/uploads\/2020\/04\/ziv-relay-proteccion-y-control-1.png","contentUrl":"https:\/\/www.zivautomation.com\/wp-content\/uploads\/2020\/04\/ziv-relay-proteccion-y-control-1.png","width":800,"height":400,"caption":"ZIV RELAY proteccion y control"},{"@type":"BreadcrumbList","@id":"https:\/\/www.zivautomation.com\/es\/productos\/sistemas-de-automatizacion-de-subestacion\/idv-diferencial-y-control\/#breadcrumb","itemListElement":[{"@type":"ListItem","position":1,"name":"Home","item":"https:\/\/www.zivautomation.com\/es\/"},{"@type":"ListItem","position":2,"name":"Soluciones ZIV","item":"https:\/\/www.zivautomation.com\/es\/productos\/"},{"@type":"ListItem","position":3,"name":"Sistemas de Automatizaci\u00f3n de Subestaciones","item":"https:\/\/www.zivautomation.com\/es\/productos\/sistemas-de-automatizacion-de-subestacion\/"},{"@type":"ListItem","position":4,"name":"IDV &#8211; Terminal de Protecci\u00f3n Diferencial, Control y Medida"}]},{"@type":"WebSite","@id":"https:\/\/www.zivautomation.com\/es\/#website","url":"https:\/\/www.zivautomation.com\/es\/","name":"ZIV","description":"Haciendo realidad la Red del Futuro","publisher":{"@id":"https:\/\/www.zivautomation.com\/es\/#organization"},"potentialAction":[{"@type":"SearchAction","target":{"@type":"EntryPoint","urlTemplate":"https:\/\/www.zivautomation.com\/es\/?s={search_term_string}"},"query-input":{"@type":"PropertyValueSpecification","valueRequired":true,"valueName":"search_term_string"}}],"inLanguage":"es"},{"@type":"Organization","@id":"https:\/\/www.zivautomation.com\/es\/#organization","name":"ZIV","url":"https:\/\/www.zivautomation.com\/es\/","logo":{"@type":"ImageObject","inLanguage":"es","@id":"https:\/\/www.zivautomation.com\/es\/#\/schema\/logo\/image\/","url":"https:\/\/www.zivautomation.com\/wp-content\/uploads\/2016\/10\/ziv_solo_cmyk_hr.jpg","contentUrl":"https:\/\/www.zivautomation.com\/wp-content\/uploads\/2016\/10\/ziv_solo_cmyk_hr.jpg","width":7078,"height":2234,"caption":"ZIV"},"image":{"@id":"https:\/\/www.zivautomation.com\/es\/#\/schema\/logo\/image\/"}}]}},"_links":{"self":[{"href":"https:\/\/www.zivautomation.com\/es\/wp-json\/wp\/v2\/pages\/8311","targetHints":{"allow":["GET"]}}],"collection":[{"href":"https:\/\/www.zivautomation.com\/es\/wp-json\/wp\/v2\/pages"}],"about":[{"href":"https:\/\/www.zivautomation.com\/es\/wp-json\/wp\/v2\/types\/page"}],"author":[{"embeddable":true,"href":"https:\/\/www.zivautomation.com\/es\/wp-json\/wp\/v2\/users\/1"}],"replies":[{"embeddable":true,"href":"https:\/\/www.zivautomation.com\/es\/wp-json\/wp\/v2\/comments?post=8311"}],"version-history":[{"count":19,"href":"https:\/\/www.zivautomation.com\/es\/wp-json\/wp\/v2\/pages\/8311\/revisions"}],"predecessor-version":[{"id":94211,"href":"https:\/\/www.zivautomation.com\/es\/wp-json\/wp\/v2\/pages\/8311\/revisions\/94211"}],"up":[{"embeddable":true,"href":"https:\/\/www.zivautomation.com\/es\/wp-json\/wp\/v2\/pages\/84398"}],"wp:featuredmedia":[{"embeddable":true,"href":"https:\/\/www.zivautomation.com\/es\/wp-json\/wp\/v2\/media\/74481"}],"wp:attachment":[{"href":"https:\/\/www.zivautomation.com\/es\/wp-json\/wp\/v2\/media?parent=8311"}],"wp:term":[{"taxonomy":"category","embeddable":true,"href":"https:\/\/www.zivautomation.com\/es\/wp-json\/wp\/v2\/categories?post=8311"},{"taxonomy":"post_tag","embeddable":true,"href":"https:\/\/www.zivautomation.com\/es\/wp-json\/wp\/v2\/tags?post=8311"}],"curies":[{"name":"wp","href":"https:\/\/api.w.org\/{rel}","templated":true}]}}