{"id":78385,"date":"2021-03-11T14:09:42","date_gmt":"2021-03-11T14:09:42","guid":{"rendered":"https:\/\/www.zivautomation.com\/?page_id=78385"},"modified":"2022-02-21T15:28:50","modified_gmt":"2022-02-21T14:28:50","slug":"ingeniero-ingeniera-de-hardware","status":"publish","type":"page","link":"https:\/\/www.zivautomation.com\/es\/personas\/ingeniero-ingeniera-de-hardware\/","title":{"rendered":"Empleo &#8211; Ingeniero\/a de hardware"},"content":{"rendered":"<div class=\"wpb-content-wrapper\"><p>[vc_row padding_top=&#8221;0&#8243; padding_bottom=&#8221;0&#8243;][vc_column][vc_column_text]<\/p>\n<h2>Buscamos personas creativas, a las que les guste desarrollar soluciones sencillas para problemas complejos<\/h2>\n<p>[\/vc_column_text]<div  class=\"kleo-gap\" style=\"height:30px;line-height:30px;\"><\/div>[\/vc_column][\/vc_row][vc_row padding_top=&#8221;0&#8243; padding_bottom=&#8221;0&#8243;][vc_column width=&#8221;1\/2&#8243;][vc_column_text]<\/p>\n<h4>Funciones<\/h4>\n<ul>\n<li>Dise\u00f1ar y desarrollar circuitos electr\u00f3nicos para equipos que soportan la infraestructura de la red el\u00e9ctrica de AT, MT y BT.<\/li>\n<li>Probar los dise\u00f1os realizados.<\/li>\n<li>Dise\u00f1ar fuentes de alimentaci\u00f3n de hasta 440Vrms.<\/li>\n<li>Dise\u00f1o de interfaces anal\u00f3gicas.<\/li>\n<li>Integraci\u00f3n de electr\u00f3nica digital de medida y comunicaciones.<\/li>\n<li>Colaborar con el equipo en la gesti\u00f3n de proyectos y mejora continua de los procesos de desarrollo.<\/li>\n<\/ul>\n<p>[\/vc_column_text][\/vc_column][vc_column width=&#8221;1\/2&#8243;][vc_column_text]<\/p>\n<h4>Requisitos<\/h4>\n<ul>\n<li>Ingenier\u00eda Industrial, El\u00e9ctrica, de Telecomunicaciones o similar<\/li>\n<li>Conocimientos de dise\u00f1o electr\u00f3nico a bajo nivel<\/li>\n<li>Manejo de instrumentos de laboratorio<\/li>\n<li>Altium Designer<\/li>\n<li>Experiencia realizando tareas similares<\/li>\n<li>Alto nivel de ingl\u00e9s<\/li>\n<\/ul>\n<p>[\/vc_column_text][\/vc_column][\/vc_row][vc_row padding_top=&#8221;0&#8243; padding_bottom=&#8221;0&#8243;][vc_column]<a class=\"btn vc_btn3 with-icon btn-default\" href=\"mailto:hr@zivautomation.com\"><i class=\"icon-mail\" ><\/i> Env\u00eda tu CV<\/a>[vc_column_text]<a href=\"https:\/\/www.zivautomation.com\/es\/acerca-de\/aviso_legal\/\">Aviso legal<\/a>[\/vc_column_text]<div  class=\"kleo-gap\" style=\"height:30px;line-height:30px;\"><\/div>[\/vc_column][\/vc_row][vc_row padding_top=&#8221;0&#8243; padding_bottom=&#8221;0&#8243;][vc_column]<a class=\"btn vc_btn3 with-icon btn-default\" href=\"mailto:hr@zivautomation.com\"><i class=\"icon-mail\" ><\/i> Env\u00eda tu CV<\/a>[vc_column_text]<a href=\"https:\/\/www.zivautomation.com\/es\/acerca-de\/aviso_legal\/\">Aviso legal<\/a>[\/vc_column_text]<div  class=\"kleo-gap\" style=\"height:30px;line-height:30px;\"><\/div>[\/vc_column][\/vc_row][vc_row][vc_column][vc_column_text]<\/p>\n<p>[\/vc_column_text][\/vc_column][\/vc_row]<\/p>\n<\/div>","protected":false},"excerpt":{"rendered":"<p> Buscamos personas creativas, a las que les guste desarrollar soluciones sencillas para problemas complejos  Funciones Dise\u00f1ar y desarrollar circuitos electr\u00f3nicos para equipos que soportan la infraestructura de la red el\u00e9ctrica de AT, MT y BT. Probar los dise\u00f1os realizados. Dise\u00f1ar fuentes de alimentaci\u00f3n de hasta 440Vrms. Dise\u00f1o de interfaces anal\u00f3gicas. Integraci\u00f3n de electr\u00f3nica [&hellip;]<\/p>\n","protected":false},"author":1323,"featured_media":74507,"parent":78347,"menu_order":186,"comment_status":"closed","ping_status":"closed","template":"","meta":{"_acf_changed":false,"footnotes":""},"categories":[],"tags":[],"class_list":["post-78385","page","type-page","status-publish","has-post-thumbnail","hentry"],"acf":[],"yoast_head":"<!-- This site is optimized with the Yoast SEO plugin v27.5 - https:\/\/yoast.com\/product\/yoast-seo-wordpress\/ -->\n<title>Empleo - Ingeniero\/a de hardware - ZIV<\/title>\n<meta name=\"robots\" content=\"index, follow, max-snippet:-1, max-image-preview:large, max-video-preview:-1\" \/>\n<link rel=\"canonical\" href=\"https:\/\/www.zivautomation.com\/es\/personas\/ingeniero-ingeniera-de-hardware\/\" \/>\n<meta property=\"og:locale\" content=\"es_ES\" \/>\n<meta property=\"og:type\" content=\"article\" \/>\n<meta property=\"og:title\" content=\"Empleo - Ingeniero\/a de hardware - ZIV\" \/>\n<meta property=\"og:description\" content=\"[vc_row padding_top=&#8221;0&#8243; padding_bottom=&#8221;0&#8243;][vc_column][vc_column_text] Buscamos personas creativas, a las que les guste desarrollar soluciones sencillas para problemas complejos [\/vc_column_text][\/vc_column][\/vc_row][vc_row padding_top=&#8221;0&#8243; padding_bottom=&#8221;0&#8243;][vc_column width=&#8221;1\/2&#8243;][vc_column_text] Funciones Dise\u00f1ar y desarrollar circuitos electr\u00f3nicos para equipos que soportan la infraestructura de la red el\u00e9ctrica de AT, MT y BT. Probar los dise\u00f1os realizados. Dise\u00f1ar fuentes de alimentaci\u00f3n de hasta 440Vrms. Dise\u00f1o de interfaces anal\u00f3gicas. Integraci\u00f3n de electr\u00f3nica [&hellip;]\" \/>\n<meta property=\"og:url\" content=\"https:\/\/www.zivautomation.com\/es\/personas\/ingeniero-ingeniera-de-hardware\/\" \/>\n<meta property=\"og:site_name\" content=\"ZIV\" \/>\n<meta property=\"article:modified_time\" content=\"2022-02-21T14:28:50+00:00\" \/>\n<meta property=\"og:image\" content=\"https:\/\/www.zivautomation.com\/wp-content\/uploads\/2020\/04\/ziv-e-net-flex-relays-iec-61850-ed-2-800x400-1.png\" \/>\n\t<meta property=\"og:image:width\" content=\"800\" \/>\n\t<meta property=\"og:image:height\" content=\"400\" \/>\n\t<meta property=\"og:image:type\" content=\"image\/png\" \/>\n<meta name=\"twitter:card\" content=\"summary_large_image\" \/>\n<meta name=\"twitter:label1\" content=\"Tiempo de lectura\" \/>\n\t<meta name=\"twitter:data1\" content=\"1 minuto\" \/>\n<script type=\"application\/ld+json\" class=\"yoast-schema-graph\">{\"@context\":\"https:\\\/\\\/schema.org\",\"@graph\":[{\"@type\":\"WebPage\",\"@id\":\"https:\\\/\\\/www.zivautomation.com\\\/es\\\/personas\\\/ingeniero-ingeniera-de-hardware\\\/\",\"url\":\"https:\\\/\\\/www.zivautomation.com\\\/es\\\/personas\\\/ingeniero-ingeniera-de-hardware\\\/\",\"name\":\"Empleo - Ingeniero\\\/a de hardware - ZIV\",\"isPartOf\":{\"@id\":\"https:\\\/\\\/www.zivautomation.com\\\/es\\\/#website\"},\"primaryImageOfPage\":{\"@id\":\"https:\\\/\\\/www.zivautomation.com\\\/es\\\/personas\\\/ingeniero-ingeniera-de-hardware\\\/#primaryimage\"},\"image\":{\"@id\":\"https:\\\/\\\/www.zivautomation.com\\\/es\\\/personas\\\/ingeniero-ingeniera-de-hardware\\\/#primaryimage\"},\"thumbnailUrl\":\"https:\\\/\\\/www.zivautomation.com\\\/wp-content\\\/uploads\\\/2020\\\/04\\\/ziv-e-net-flex-relays-iec-61850-ed-2-800x400-1.png\",\"datePublished\":\"2021-03-11T14:09:42+00:00\",\"dateModified\":\"2022-02-21T14:28:50+00:00\",\"breadcrumb\":{\"@id\":\"https:\\\/\\\/www.zivautomation.com\\\/es\\\/personas\\\/ingeniero-ingeniera-de-hardware\\\/#breadcrumb\"},\"inLanguage\":\"es\",\"potentialAction\":[{\"@type\":\"ReadAction\",\"target\":[\"https:\\\/\\\/www.zivautomation.com\\\/es\\\/personas\\\/ingeniero-ingeniera-de-hardware\\\/\"]}]},{\"@type\":\"ImageObject\",\"inLanguage\":\"es\",\"@id\":\"https:\\\/\\\/www.zivautomation.com\\\/es\\\/personas\\\/ingeniero-ingeniera-de-hardware\\\/#primaryimage\",\"url\":\"https:\\\/\\\/www.zivautomation.com\\\/wp-content\\\/uploads\\\/2020\\\/04\\\/ziv-e-net-flex-relays-iec-61850-ed-2-800x400-1.png\",\"contentUrl\":\"https:\\\/\\\/www.zivautomation.com\\\/wp-content\\\/uploads\\\/2020\\\/04\\\/ziv-e-net-flex-relays-iec-61850-ed-2-800x400-1.png\",\"width\":800,\"height\":400,\"caption\":\"ZIV e-net FLEX relays IEC 61850 ed 2- Protecciones modulares 800x400\"},{\"@type\":\"BreadcrumbList\",\"@id\":\"https:\\\/\\\/www.zivautomation.com\\\/es\\\/personas\\\/ingeniero-ingeniera-de-hardware\\\/#breadcrumb\",\"itemListElement\":[{\"@type\":\"ListItem\",\"position\":1,\"name\":\"Home\",\"item\":\"https:\\\/\\\/www.zivautomation.com\\\/es\\\/\"},{\"@type\":\"ListItem\",\"position\":2,\"name\":\"Personas\",\"item\":\"https:\\\/\\\/www.zivautomation.com\\\/es\\\/personas\\\/\"},{\"@type\":\"ListItem\",\"position\":3,\"name\":\"Empleo &#8211; Ingeniero\\\/a de hardware\"}]},{\"@type\":\"WebSite\",\"@id\":\"https:\\\/\\\/www.zivautomation.com\\\/es\\\/#website\",\"url\":\"https:\\\/\\\/www.zivautomation.com\\\/es\\\/\",\"name\":\"ZIV\",\"description\":\"Haciendo realidad la Red del Futuro\",\"publisher\":{\"@id\":\"https:\\\/\\\/www.zivautomation.com\\\/es\\\/#organization\"},\"potentialAction\":[{\"@type\":\"SearchAction\",\"target\":{\"@type\":\"EntryPoint\",\"urlTemplate\":\"https:\\\/\\\/www.zivautomation.com\\\/es\\\/?s={search_term_string}\"},\"query-input\":{\"@type\":\"PropertyValueSpecification\",\"valueRequired\":true,\"valueName\":\"search_term_string\"}}],\"inLanguage\":\"es\"},{\"@type\":\"Organization\",\"@id\":\"https:\\\/\\\/www.zivautomation.com\\\/es\\\/#organization\",\"name\":\"ZIV\",\"url\":\"https:\\\/\\\/www.zivautomation.com\\\/es\\\/\",\"logo\":{\"@type\":\"ImageObject\",\"inLanguage\":\"es\",\"@id\":\"https:\\\/\\\/www.zivautomation.com\\\/es\\\/#\\\/schema\\\/logo\\\/image\\\/\",\"url\":\"https:\\\/\\\/www.zivautomation.com\\\/wp-content\\\/uploads\\\/2016\\\/10\\\/ziv_solo_cmyk_hr.jpg\",\"contentUrl\":\"https:\\\/\\\/www.zivautomation.com\\\/wp-content\\\/uploads\\\/2016\\\/10\\\/ziv_solo_cmyk_hr.jpg\",\"width\":7078,\"height\":2234,\"caption\":\"ZIV\"},\"image\":{\"@id\":\"https:\\\/\\\/www.zivautomation.com\\\/es\\\/#\\\/schema\\\/logo\\\/image\\\/\"}}]}<\/script>\n<!-- \/ Yoast SEO plugin. -->","yoast_head_json":{"title":"Empleo - Ingeniero\/a de hardware - ZIV","robots":{"index":"index","follow":"follow","max-snippet":"max-snippet:-1","max-image-preview":"max-image-preview:large","max-video-preview":"max-video-preview:-1"},"canonical":"https:\/\/www.zivautomation.com\/es\/personas\/ingeniero-ingeniera-de-hardware\/","og_locale":"es_ES","og_type":"article","og_title":"Empleo - Ingeniero\/a de hardware - ZIV","og_description":"[vc_row padding_top=&#8221;0&#8243; padding_bottom=&#8221;0&#8243;][vc_column][vc_column_text] Buscamos personas creativas, a las que les guste desarrollar soluciones sencillas para problemas complejos [\/vc_column_text][\/vc_column][\/vc_row][vc_row padding_top=&#8221;0&#8243; padding_bottom=&#8221;0&#8243;][vc_column width=&#8221;1\/2&#8243;][vc_column_text] Funciones Dise\u00f1ar y desarrollar circuitos electr\u00f3nicos para equipos que soportan la infraestructura de la red el\u00e9ctrica de AT, MT y BT. Probar los dise\u00f1os realizados. Dise\u00f1ar fuentes de alimentaci\u00f3n de hasta 440Vrms. Dise\u00f1o de interfaces anal\u00f3gicas. Integraci\u00f3n de electr\u00f3nica [&hellip;]","og_url":"https:\/\/www.zivautomation.com\/es\/personas\/ingeniero-ingeniera-de-hardware\/","og_site_name":"ZIV","article_modified_time":"2022-02-21T14:28:50+00:00","og_image":[{"width":800,"height":400,"url":"https:\/\/www.zivautomation.com\/wp-content\/uploads\/2020\/04\/ziv-e-net-flex-relays-iec-61850-ed-2-800x400-1.png","type":"image\/png"}],"twitter_card":"summary_large_image","twitter_misc":{"Tiempo de lectura":"1 minuto"},"schema":{"@context":"https:\/\/schema.org","@graph":[{"@type":"WebPage","@id":"https:\/\/www.zivautomation.com\/es\/personas\/ingeniero-ingeniera-de-hardware\/","url":"https:\/\/www.zivautomation.com\/es\/personas\/ingeniero-ingeniera-de-hardware\/","name":"Empleo - Ingeniero\/a de hardware - ZIV","isPartOf":{"@id":"https:\/\/www.zivautomation.com\/es\/#website"},"primaryImageOfPage":{"@id":"https:\/\/www.zivautomation.com\/es\/personas\/ingeniero-ingeniera-de-hardware\/#primaryimage"},"image":{"@id":"https:\/\/www.zivautomation.com\/es\/personas\/ingeniero-ingeniera-de-hardware\/#primaryimage"},"thumbnailUrl":"https:\/\/www.zivautomation.com\/wp-content\/uploads\/2020\/04\/ziv-e-net-flex-relays-iec-61850-ed-2-800x400-1.png","datePublished":"2021-03-11T14:09:42+00:00","dateModified":"2022-02-21T14:28:50+00:00","breadcrumb":{"@id":"https:\/\/www.zivautomation.com\/es\/personas\/ingeniero-ingeniera-de-hardware\/#breadcrumb"},"inLanguage":"es","potentialAction":[{"@type":"ReadAction","target":["https:\/\/www.zivautomation.com\/es\/personas\/ingeniero-ingeniera-de-hardware\/"]}]},{"@type":"ImageObject","inLanguage":"es","@id":"https:\/\/www.zivautomation.com\/es\/personas\/ingeniero-ingeniera-de-hardware\/#primaryimage","url":"https:\/\/www.zivautomation.com\/wp-content\/uploads\/2020\/04\/ziv-e-net-flex-relays-iec-61850-ed-2-800x400-1.png","contentUrl":"https:\/\/www.zivautomation.com\/wp-content\/uploads\/2020\/04\/ziv-e-net-flex-relays-iec-61850-ed-2-800x400-1.png","width":800,"height":400,"caption":"ZIV e-net FLEX relays IEC 61850 ed 2- Protecciones modulares 800x400"},{"@type":"BreadcrumbList","@id":"https:\/\/www.zivautomation.com\/es\/personas\/ingeniero-ingeniera-de-hardware\/#breadcrumb","itemListElement":[{"@type":"ListItem","position":1,"name":"Home","item":"https:\/\/www.zivautomation.com\/es\/"},{"@type":"ListItem","position":2,"name":"Personas","item":"https:\/\/www.zivautomation.com\/es\/personas\/"},{"@type":"ListItem","position":3,"name":"Empleo &#8211; Ingeniero\/a de hardware"}]},{"@type":"WebSite","@id":"https:\/\/www.zivautomation.com\/es\/#website","url":"https:\/\/www.zivautomation.com\/es\/","name":"ZIV","description":"Haciendo realidad la Red del Futuro","publisher":{"@id":"https:\/\/www.zivautomation.com\/es\/#organization"},"potentialAction":[{"@type":"SearchAction","target":{"@type":"EntryPoint","urlTemplate":"https:\/\/www.zivautomation.com\/es\/?s={search_term_string}"},"query-input":{"@type":"PropertyValueSpecification","valueRequired":true,"valueName":"search_term_string"}}],"inLanguage":"es"},{"@type":"Organization","@id":"https:\/\/www.zivautomation.com\/es\/#organization","name":"ZIV","url":"https:\/\/www.zivautomation.com\/es\/","logo":{"@type":"ImageObject","inLanguage":"es","@id":"https:\/\/www.zivautomation.com\/es\/#\/schema\/logo\/image\/","url":"https:\/\/www.zivautomation.com\/wp-content\/uploads\/2016\/10\/ziv_solo_cmyk_hr.jpg","contentUrl":"https:\/\/www.zivautomation.com\/wp-content\/uploads\/2016\/10\/ziv_solo_cmyk_hr.jpg","width":7078,"height":2234,"caption":"ZIV"},"image":{"@id":"https:\/\/www.zivautomation.com\/es\/#\/schema\/logo\/image\/"}}]}},"_links":{"self":[{"href":"https:\/\/www.zivautomation.com\/es\/wp-json\/wp\/v2\/pages\/78385","targetHints":{"allow":["GET"]}}],"collection":[{"href":"https:\/\/www.zivautomation.com\/es\/wp-json\/wp\/v2\/pages"}],"about":[{"href":"https:\/\/www.zivautomation.com\/es\/wp-json\/wp\/v2\/types\/page"}],"author":[{"embeddable":true,"href":"https:\/\/www.zivautomation.com\/es\/wp-json\/wp\/v2\/users\/1323"}],"replies":[{"embeddable":true,"href":"https:\/\/www.zivautomation.com\/es\/wp-json\/wp\/v2\/comments?post=78385"}],"version-history":[{"count":8,"href":"https:\/\/www.zivautomation.com\/es\/wp-json\/wp\/v2\/pages\/78385\/revisions"}],"predecessor-version":[{"id":82970,"href":"https:\/\/www.zivautomation.com\/es\/wp-json\/wp\/v2\/pages\/78385\/revisions\/82970"}],"up":[{"embeddable":true,"href":"https:\/\/www.zivautomation.com\/es\/wp-json\/wp\/v2\/pages\/78347"}],"wp:featuredmedia":[{"embeddable":true,"href":"https:\/\/www.zivautomation.com\/es\/wp-json\/wp\/v2\/media\/74507"}],"wp:attachment":[{"href":"https:\/\/www.zivautomation.com\/es\/wp-json\/wp\/v2\/media?parent=78385"}],"wp:term":[{"taxonomy":"category","embeddable":true,"href":"https:\/\/www.zivautomation.com\/es\/wp-json\/wp\/v2\/categories?post=78385"},{"taxonomy":"post_tag","embeddable":true,"href":"https:\/\/www.zivautomation.com\/es\/wp-json\/wp\/v2\/tags?post=78385"}],"curies":[{"name":"wp","href":"https:\/\/api.w.org\/{rel}","templated":true}]}}