{"id":78347,"date":"2021-03-11T13:08:26","date_gmt":"2021-03-11T12:08:26","guid":{"rendered":"https:\/\/www.zivautomation.com\/?page_id=78347"},"modified":"2026-01-15T10:26:25","modified_gmt":"2026-01-15T09:26:25","slug":"personas","status":"publish","type":"page","link":"https:\/\/www.zivautomation.com\/es\/personas\/","title":{"rendered":"Personas"},"content":{"rendered":"<div class=\"wpb-content-wrapper\"><p>[vc_row][vc_column]\n\t\t\t\t<p class=\"rs-p-wp-fix\"><\/p>\n\t\t\t\t<sr7-module data-alias=\"home-2025-slider-es-1\" data-id=\"19\" id=\"SR7_19_1\" class=\"rs-ov-hidden\" data-version=\"6.7.52\">\n\t\t\t\t\t<sr7-adjuster><\/sr7-adjuster>\n\t\t\t\t\t<sr7-content>\n\t\t\t\t\t\t<sr7-slide id=\"SR7_19_1-151\" data-key=\"151\">\n\t\t\t\t\t\t\t<sr7-bg id=\"SR7_19_1-151-21\" class=\"sr7-layer\"><noscript><img decoding=\"async\" src=\"https:\/\/www.zivautomation.com\/wp-content\/uploads\/2025\/02\/04_aula-ziv-scaled.jpg\" alt=\"\" title=\"\"><\/noscript><\/sr7-bg>\n\t\t\t\t\t\t\t<sr7-txt id=\"SR7_19_1-151-4\" class=\"sr7-layer\">Un equipo de 500 personas en ZIV y 20.000 en Alfanar<br \/>\n<\/sr7-txt>\n\t\t\t\t\t\t\t<sr7-txt id=\"SR7_19_1-151-20\" class=\"sr7-layer\">EQUIPO<\/sr7-txt>\n\t\t\t\t\t\t<\/sr7-slide>\n\t\t\t\t\t\t<sr7-slide id=\"SR7_19_1-152\" data-key=\"152\">\n\t\t\t\t\t\t\t<sr7-bg id=\"SR7_19_1-152-4\" class=\"sr7-layer\"><noscript><img decoding=\"async\" src=\"https:\/\/www.zivautomation.com\/wp-content\/uploads\/2025\/02\/camara-11.jpg\" alt=\"\" title=\"\"><\/noscript><\/sr7-bg>\n\t\t\t\t\t\t\t<sr7-txt id=\"SR7_19_1-152-2\" class=\"sr7-layer\">CARRERA<\/sr7-txt>\n\t\t\t\t\t\t\t<sr7-txt id=\"SR7_19_1-152-3\" class=\"sr7-layer\">En ZIV  podr\u00e1s desarrollar tu carrera con un perfil t\u00e9cnico, <br> comercial o de gesti\u00f3n<\/sr7-txt>\n\t\t\t\t\t\t<\/sr7-slide>\n\t\t\t\t\t\t<sr7-slide id=\"SR7_19_1-153\" data-key=\"153\">\n\t\t\t\t\t\t\t<sr7-bg id=\"SR7_19_1-153-9\" class=\"sr7-layer\"><noscript><img decoding=\"async\" src=\"https:\/\/www.zivautomation.com\/wp-content\/uploads\/2025\/02\/img-20240827-wa0016.jpg\" alt=\"\" title=\"\"><\/noscript><\/sr7-bg>\n\t\t\t\t\t\t\t<sr7-txt id=\"SR7_19_1-153-7\" class=\"sr7-layer\">INTERNACIONAL<\/sr7-txt>\n\t\t\t\t\t\t\t<sr7-txt id=\"SR7_19_1-153-8\" class=\"sr7-layer\">Viajar y participar en foros y eventos intenacionales<\/sr7-txt>\n\t\t\t\t\t\t<\/sr7-slide>\n\t\t\t\t\t\t<sr7-slide id=\"SR7_19_1-154\" data-key=\"154\">\n\t\t\t\t\t\t\t<sr7-bg id=\"SR7_19_1-154-13\" class=\"sr7-layer\"><noscript><img decoding=\"async\" src=\"https:\/\/www.zivautomation.com\/wp-content\/uploads\/2025\/02\/imagen.jpg\" alt=\"\" title=\"\"><\/noscript><\/sr7-bg>\n\t\t\t\t\t\t\t<sr7-txt id=\"SR7_19_1-154-11\" class=\"sr7-layer\">ACTIVIDADES<\/sr7-txt>\n\t\t\t\t\t\t\t<sr7-txt id=\"SR7_19_1-154-12\" class=\"sr7-layer\">Y disfrutar haciendo deporte en equipo<\/sr7-txt>\n\t\t\t\t\t\t<\/sr7-slide>\n\t\t\t\t\t\t<sr7-slide id=\"SR7_19_1-155\" data-key=\"155\">\n\t\t\t\t\t\t\t<sr7-bg id=\"SR7_19_1-155-16\" class=\"sr7-layer\"><noscript><img decoding=\"async\" src=\"https:\/\/www.zivautomation.com\/wp-content\/uploads\/2025\/02\/01_aula-ziv-scaled.jpg\" alt=\"\" title=\"\"><\/noscript><\/sr7-bg>\n\t\t\t\t\t\t\t<sr7-txt id=\"SR7_19_1-155-14\" class=\"sr7-layer\">SENTIDO<\/sr7-txt>\n\t\t\t\t\t\t\t<sr7-txt id=\"SR7_19_1-155-15\" class=\"sr7-layer\">Y contribuir con tu esfuerzo a un mundo m\u00e1s electrificado y sostenible <\/sr7-txt>\n\t\t\t\t\t\t<\/sr7-slide>\n\t\t\t\t\t\t<sr7-slide id=\"SR7_19_1-156\" data-key=\"156\">\n\t\t\t\t\t\t<\/sr7-slide>\n\t\t\t\t\t<\/sr7-content>\n\t\t\t\t\t<image_lists style=\"display:none\">\n\t\t\t\t\t\t<img data-src=\"\/\/www.zivautomation.com\/wp-content\/uploads\/2019\/06\/contadores-scaled.jpg\" data-libid=\"158710\" data-lib=\"medialibrary\" title=\"CONTADORES\" width=\"0\" height=\"0\" data-dbsrc=\"Ly93d3cueml2YXV0b21hdGlvbi5jb20vd3AtY29udGVudC91cGxvYWRzLzIwMTkvMDYvY29udGFkb3Jlcy1zY2FsZWQuanBn\"\/>\n\t\t\t\t\t\t<img data-src=\"\/\/www.zivautomation.com\/wp-content\/uploads\/2025\/02\/04_aula-ziv-scaled.jpg\" data-libid=\"100599\" data-lib=\"medialibrary\" width=\"0\" height=\"0\" data-dbsrc=\"Ly93d3cueml2YXV0b21hdGlvbi5jb20vd3AtY29udGVudC91cGxvYWRzLzIwMjUvMDIvMDRfYXVsYS16aXYtc2NhbGVkLmpwZw==\"\/>\n\t\t\t\t\t\t<img data-src=\"\/\/www.zivautomation.com\/wp-content\/uploads\/2019\/06\/oficina-1-scaled.jpg\" data-libid=\"158713\" data-lib=\"medialibrary\" title=\"OFICINA 1\" width=\"0\" height=\"0\" data-dbsrc=\"Ly93d3cueml2YXV0b21hdGlvbi5jb20vd3AtY29udGVudC91cGxvYWRzLzIwMTkvMDYvb2ZpY2luYS0xLXNjYWxlZC5qcGc=\"\/>\n\t\t\t\t\t\t<img data-src=\"\/\/www.zivautomation.com\/wp-content\/uploads\/2025\/02\/camara-11.jpg\" data-libid=\"100592\" data-lib=\"medialibrary\" width=\"0\" height=\"0\" data-dbsrc=\"Ly93d3cueml2YXV0b21hdGlvbi5jb20vd3AtY29udGVudC91cGxvYWRzLzIwMjUvMDIvY2FtYXJhLTExLmpwZw==\"\/>\n\t\t\t\t\t\t<img data-src=\"\/\/www.zivautomation.com\/wp-content\/uploads\/2019\/06\/1_equipo.jpg\" data-libid=\"158717\" data-lib=\"medialibrary\" title=\"1_equipo\" width=\"0\" height=\"0\" data-dbsrc=\"Ly93d3cueml2YXV0b21hdGlvbi5jb20vd3AtY29udGVudC91cGxvYWRzLzIwMTkvMDYvMV9lcXVpcG8uanBn\"\/>\n\t\t\t\t\t\t<img data-src=\"\/\/www.zivautomation.com\/wp-content\/uploads\/2025\/02\/img-20240827-wa0016.jpg\" data-libid=\"100601\" data-lib=\"medialibrary\" width=\"0\" height=\"0\" data-dbsrc=\"Ly93d3cueml2YXV0b21hdGlvbi5jb20vd3AtY29udGVudC91cGxvYWRzLzIwMjUvMDIvaW1nLTIwMjQwODI3LXdhMDAxNi5qcGc=\"\/>\n\t\t\t\t\t\t<img data-src=\"\/\/www.zivautomation.com\/wp-content\/uploads\/2019\/06\/1000021959web.jpg\" data-libid=\"159196\" data-lib=\"medialibrary\" title=\"1000021959WEB\" width=\"0\" height=\"0\" data-dbsrc=\"Ly93d3cueml2YXV0b21hdGlvbi5jb20vd3AtY29udGVudC91cGxvYWRzLzIwMTkvMDYvMTAwMDAyMTk1OXdlYi5qcGc=\"\/>\n\t\t\t\t\t\t<img data-src=\"\/\/www.zivautomation.com\/wp-content\/uploads\/2025\/02\/imagen.jpg\" data-libid=\"100603\" data-lib=\"medialibrary\" width=\"0\" height=\"0\" data-dbsrc=\"Ly93d3cueml2YXV0b21hdGlvbi5jb20vd3AtY29udGVudC91cGxvYWRzLzIwMjUvMDIvaW1hZ2VuLmpwZw==\"\/>\n\t\t\t\t\t\t<img data-src=\"\/\/www.zivautomation.com\/wp-content\/uploads\/2019\/06\/2511-ziv_005-scaled.jpg\" data-libid=\"158746\" data-lib=\"medialibrary\" title=\"2511 ZIV_005\" width=\"0\" height=\"0\" data-dbsrc=\"Ly93d3cueml2YXV0b21hdGlvbi5jb20vd3AtY29udGVudC91cGxvYWRzLzIwMTkvMDYvMjUxMS16aXZfMDA1LXNjYWxlZC5qcGc=\"\/>\n\t\t\t\t\t\t<img data-src=\"\/\/www.zivautomation.com\/wp-content\/uploads\/2025\/02\/01_aula-ziv-scaled.jpg\" data-libid=\"100605\" data-lib=\"medialibrary\" width=\"0\" height=\"0\" data-dbsrc=\"Ly93d3cueml2YXV0b21hdGlvbi5jb20vd3AtY29udGVudC91cGxvYWRzLzIwMjUvMDIvMDFfYXVsYS16aXYtc2NhbGVkLmpwZw==\"\/>\n\t\t\t\t\t<\/image_lists>\n\t\t\t\t<\/sr7-module>\n\t\t\t\t<script>\n\t\t\t\t\twindow.SR7 ??={};SR7.PMH ??={}; SR7.PMH[\"SR7_19_1\"] = {cn:100,state:false,fn: function() { if (window._tpt!==undefined && window._tpt.prepareModuleHeight !== undefined) {  _tpt.prepareModuleHeight({id:\"SR7_19_1\",el:[650,650,768,960,720],type:'standard',shdw:'0',gh:[650,650,768,960,720],gw:[1240,1240,1024,778,480],vpt:['-100px&#039;,&#039;-100px&#039;,&#039;-100px&#039;,&#039;-100px&#039;,&#039;-100px'],size:{fullWidth:true, fullHeight:false},mh:'0',onh:0,onw:0,bg:{color:'{\"orig\":\"transparent\",\"type\":\"solid\",\"string\":\"transparent\"}'}});   SR7.PMH[\"SR7_19_1\"].state=true;} else if(SR7.PMH[\"SR7_19_1\"].cn-->0)\tsetTimeout( SR7.PMH[\"SR7_19_1\"].fn,19);}};SR7.PMH[\"SR7_19_1\" ].fn();\n\t\t\t\t<\/script>\n[\/vc_column][vc_column][vc_column_text]<\/p>\n<p>[\/vc_column_text][vc_column_text]<\/p>\n<h2>Si te apasionan los retos y quieres formar parte activa en la transici\u00f3n energ\u00e9tica y participar en el desarrollo de las redes el\u00e9ctricas del futuro somos tu empresa.<\/h2>\n<p>Una compa\u00f1\u00eda l\u00edder en el sector que te permitir\u00e1 crecer profesionalmente y sentirte parte de un equipo con un esp\u00edritu innovador \u00fanico.[\/vc_column_text][\/vc_column][\/vc_row][vc_row padding_top=&#8221;0&#8243; padding_bottom=&#8221;0&#8243;][vc_column]<div  class=\"kleo-gap\" style=\"height:20px;line-height:20px;\"><\/div><a class=\"btn vc_btn3 with-icon btn-default\" href=\"mailto:hr@zivautomation.com\"><i class=\"icon-mail\" ><\/i> Env\u00eda tu CV<\/a>[vc_column_text]<a href=\"https:\/\/www.zivautomation.com\/es\/acerca-de\/aviso_legal\/\">Aviso legal<\/a>[\/vc_column_text]<div  class=\"kleo-gap\" style=\"height:20px;line-height:20px;\"><\/div>[\/vc_column][\/vc_row][vc_row padding_top=&#8221;0&#8243; padding_bottom=&#8221;0&#8243;][vc_column width=&#8221;1\/3&#8243;][vc_column_text]<\/p>\n<h4>\u00bfQu\u00e9 hacemos?<\/h4>\n<p>ZIV naci\u00f3 en 1993 para proporcionar soluciones innovadoras a la industria el\u00e9ctrica. Gracias a una aptitud abierta y flexible, y a una clara apuesta por el trabajo en equipo, ZIV ha crecido para convertirse en l\u00edder en <strong>SOLUCIONES INTELIGENTES para redes de AT, MT y BT.<\/strong><\/p>\n<p>Trabajamos <strong>para compa\u00f1\u00edas transmisoras, distribuidoras y comercializadoras de energ\u00eda el\u00e9ctrica<\/strong>. Tambi\u00e9n para EPCs (Integradoras) e industria.<\/p>\n<p>Somos unos 400 profesionales, con <a href=\"https:\/\/www.zivautomation.com\/es\/acerca-de\/donde-estamos\/\">presencia internacional<\/a>, enfocado a cubrir las necesidades de usuarios y <a href=\"https:\/\/www.zivautomation.com\/es\/acerca-de\/worldwide-references\/\">clientes<\/a> con una amplia gama de equipos y sistemas desarrollados con tecnolog\u00eda propia.<\/p>\n<div class=\"kleo_text_column wpb_content_element \">\n<div class=\"wpb_wrapper\">\n<p>&nbsp;<\/p>\n<\/div>\n<\/div>\n<p>[\/vc_column_text]<div  class=\"kleo-gap\" style=\"height:50px;line-height:50px;\"><\/div>[\/vc_column][vc_column width=&#8221;1\/3&#8243;][vc_column_text]<\/p>\n<h4>\u00bfQu\u00e9 buscamos?<\/h4>\n<p>Afortunadamente, estamos en un momento de fuerte crecimiento del mercado, el mundo necesita cada vez m\u00e1s energ\u00eda. Ello, unido a la compleja situaci\u00f3n geo-pol\u00edtica, y los problemas de abastecimiento de componentes, hace m\u00e1s necesario que nunca ser capaz de adaptarse forma efectiva y eficiente a los r\u00e1pidos cambios que cada d\u00eda nos demandan mercados, clientes y reguladores.<\/p>\n<p>Por ello, buscamos a <strong>profesionales que quieran contribuir a que ZIV mantenga una posici\u00f3n fuerte<\/strong> en el mercado gracias a una mayor competitividad y ser reconocidos como l\u00edder tecnol\u00f3gico del sector.<\/p>\n<div class=\"kleo_text_column wpb_content_element \">\n<div class=\"wpb_wrapper\">\n<p>&nbsp;<\/p>\n<\/div>\n<\/div>\n<p>[\/vc_column_text]<div  class=\"kleo-gap\" style=\"height:50px;line-height:50px;\"><\/div>[\/vc_column][vc_column width=&#8221;1\/3&#8243;][vc_column_text]<\/p>\n<h4>Tu carrera<\/h4>\n<p>Puedes desarrollar tu carrera en cualquiera de nuestros campos de <strong>conocimiento tecnol\u00f3gico (protecci\u00f3n, control, comunicaciones y medida) o bien en las \u00e1reas de gesti\u00f3n y desarrollo de negocio. <\/strong>Te incorporar\u00e1s a la planta de Bilbao, Madrid o Barcelona.<\/p>\n<p>Si estas estudiando ingenier\u00eda electr\u00f3nica, de telecomunicaciones, inform\u00e1tica o similar y quieres iniciarte en el mundo laboral realizando <a href=\"mailto:rrhh@zivautomation.com\">pr\u00e1cticas, env\u00edanos tu CV.<\/a><\/p>\n<div class=\"kleo_text_column wpb_content_element \">\n<div class=\"wpb_wrapper\">\n<p>&nbsp;<\/p>\n<\/div>\n<\/div>\n<p>[\/vc_column_text]<div  class=\"kleo-gap\" style=\"height:50px;line-height:50px;\"><\/div>[\/vc_column][\/vc_row][vc_row][vc_column][vc_column_text]<\/p>\n<h2>Perfiles abiertos:<\/h2>\n<p>[\/vc_column_text][vc_basic_grid post_type=&#8221;ids&#8221; item=&#8221;masonryGrid_Default&#8221; initial_loading_animation=&#8221;none&#8221; css=&#8221;&#8221; grid_id=&#8221;vc_gid:1768469102828-31751dcd-bb3a-9&#8243; include=&#8221;100046, 100041, 78372, 78388, 78382, 78385, 96461&#8243;]<div  class=\"kleo-gap\" style=\"height:50px;line-height:50px;\"><\/div>[\/vc_column][\/vc_row][vc_row][vc_column][vc_column_text]<\/p>\n<h2>Puedes llegar a ser parte de proyectos como estos:<\/h2>\n<p>[\/vc_column_text][vc_basic_grid post_type=&#8221;ids&#8221; item=&#8221;masonryGrid_Default&#8221; initial_loading_animation=&#8221;none&#8221; grid_id=&#8221;vc_gid:1768469102829-04f2df3a-50a0-7&#8243; include=&#8221;83707, 81303, 78221, 75861, 71189, 79957, 83707&#8243;][\/vc_column][\/vc_row][vc_row el_class=&#8221;home-search&#8221;][vc_column]<div  class=\"kleo-gap\" style=\"height:30px;line-height:30px;\"><\/div><div class=\"kleo-search-wrap kleo-search-form gris search-style-default\"><form role=\"search\" method=\"get\" class=\"searchform\"  action=\"https:\/\/www.zivautomation.com\/es\/\" data-context=\"\">\n\t    <input type=\"hidden\" name=\"post_type[]\" value=\"\">\n\t\t<div class=\"input-group\">\n\t\t\t<input name=\"s\" autocomplete=\"off\" type=\"text\" class=\"ajax_s form-control input-lg\" value=\"\" placeholder=\"Search...\"><span class=\"input-group-btn\"><input type=\"submit\" value=\"Buscar\" class=\"button searchsubmit\"><\/span><\/div><\/form><\/div><div  class=\"kleo-gap\" style=\"height:30px;line-height:30px;\"><\/div>[\/vc_column][\/vc_row]<\/p>\n<\/div>","protected":false},"excerpt":{"rendered":"<p>  Si te apasionan los retos y quieres formar parte activa en la transici\u00f3n energ\u00e9tica y participar en el desarrollo de las redes el\u00e9ctricas del futuro somos tu empresa. Una compa\u00f1\u00eda l\u00edder en el sector que te permitir\u00e1 crecer profesionalmente y sentirte parte de un equipo con un esp\u00edritu innovador \u00fanico.Aviso legal \u00bfQu\u00e9 hacemos? [&hellip;]<\/p>\n","protected":false},"author":1323,"featured_media":78744,"parent":0,"menu_order":64,"comment_status":"closed","ping_status":"closed","template":"","meta":{"_acf_changed":false,"footnotes":""},"categories":[],"tags":[],"class_list":["post-78347","page","type-page","status-publish","has-post-thumbnail","hentry"],"acf":[],"yoast_head":"<!-- This site is optimized with the Yoast SEO plugin v27.4 - https:\/\/yoast.com\/product\/yoast-seo-wordpress\/ -->\n<title>Personas - ZIV<\/title>\n<meta name=\"robots\" content=\"index, follow, max-snippet:-1, max-image-preview:large, max-video-preview:-1\" \/>\n<link rel=\"canonical\" href=\"https:\/\/www.zivautomation.com\/es\/personas\/\" \/>\n<meta property=\"og:locale\" content=\"es_ES\" \/>\n<meta property=\"og:type\" content=\"article\" \/>\n<meta property=\"og:title\" content=\"Personas - ZIV\" \/>\n<meta property=\"og:description\" content=\"[vc_row][vc_column][\/vc_column][vc_column][vc_column_text] [\/vc_column_text][vc_column_text] Si te apasionan los retos y quieres formar parte activa en la transici\u00f3n energ\u00e9tica y participar en el desarrollo de las redes el\u00e9ctricas del futuro somos tu empresa. Una compa\u00f1\u00eda l\u00edder en el sector que te permitir\u00e1 crecer profesionalmente y sentirte parte de un equipo con un esp\u00edritu innovador \u00fanico.[\/vc_column_text][\/vc_column][\/vc_row][vc_row padding_top=&#8221;0&#8243; padding_bottom=&#8221;0&#8243;][vc_column][vc_column_text]Aviso legal[\/vc_column_text][\/vc_column][\/vc_row][vc_row padding_top=&#8221;0&#8243; padding_bottom=&#8221;0&#8243;][vc_column width=&#8221;1\/3&#8243;][vc_column_text] \u00bfQu\u00e9 hacemos? [&hellip;]\" \/>\n<meta property=\"og:url\" content=\"https:\/\/www.zivautomation.com\/es\/personas\/\" \/>\n<meta property=\"og:site_name\" content=\"ZIV\" \/>\n<meta property=\"article:modified_time\" content=\"2026-01-15T09:26:25+00:00\" \/>\n<meta property=\"og:image\" content=\"https:\/\/www.zivautomation.com\/wp-content\/uploads\/2021\/03\/ziv-we-are-hiring-unete-al-equipo-ziv.png\" \/>\n\t<meta property=\"og:image:width\" content=\"800\" \/>\n\t<meta property=\"og:image:height\" content=\"400\" \/>\n\t<meta property=\"og:image:type\" content=\"image\/png\" \/>\n<meta name=\"twitter:card\" content=\"summary_large_image\" \/>\n<meta name=\"twitter:label1\" content=\"Tiempo de lectura\" \/>\n\t<meta name=\"twitter:data1\" content=\"2 minutos\" \/>\n<script type=\"application\/ld+json\" class=\"yoast-schema-graph\">{\"@context\":\"https:\\\/\\\/schema.org\",\"@graph\":[{\"@type\":\"WebPage\",\"@id\":\"https:\\\/\\\/www.zivautomation.com\\\/es\\\/personas\\\/\",\"url\":\"https:\\\/\\\/www.zivautomation.com\\\/es\\\/personas\\\/\",\"name\":\"Personas - ZIV\",\"isPartOf\":{\"@id\":\"https:\\\/\\\/www.zivautomation.com\\\/es\\\/#website\"},\"primaryImageOfPage\":{\"@id\":\"https:\\\/\\\/www.zivautomation.com\\\/es\\\/personas\\\/#primaryimage\"},\"image\":{\"@id\":\"https:\\\/\\\/www.zivautomation.com\\\/es\\\/personas\\\/#primaryimage\"},\"thumbnailUrl\":\"https:\\\/\\\/www.zivautomation.com\\\/wp-content\\\/uploads\\\/2021\\\/03\\\/ziv-we-are-hiring-unete-al-equipo-ziv.png\",\"datePublished\":\"2021-03-11T12:08:26+00:00\",\"dateModified\":\"2026-01-15T09:26:25+00:00\",\"breadcrumb\":{\"@id\":\"https:\\\/\\\/www.zivautomation.com\\\/es\\\/personas\\\/#breadcrumb\"},\"inLanguage\":\"es\",\"potentialAction\":[{\"@type\":\"ReadAction\",\"target\":[\"https:\\\/\\\/www.zivautomation.com\\\/es\\\/personas\\\/\"]}]},{\"@type\":\"ImageObject\",\"inLanguage\":\"es\",\"@id\":\"https:\\\/\\\/www.zivautomation.com\\\/es\\\/personas\\\/#primaryimage\",\"url\":\"https:\\\/\\\/www.zivautomation.com\\\/wp-content\\\/uploads\\\/2021\\\/03\\\/ziv-we-are-hiring-unete-al-equipo-ziv.png\",\"contentUrl\":\"https:\\\/\\\/www.zivautomation.com\\\/wp-content\\\/uploads\\\/2021\\\/03\\\/ziv-we-are-hiring-unete-al-equipo-ziv.png\",\"width\":800,\"height\":400},{\"@type\":\"BreadcrumbList\",\"@id\":\"https:\\\/\\\/www.zivautomation.com\\\/es\\\/personas\\\/#breadcrumb\",\"itemListElement\":[{\"@type\":\"ListItem\",\"position\":1,\"name\":\"Home\",\"item\":\"https:\\\/\\\/www.zivautomation.com\\\/es\\\/\"},{\"@type\":\"ListItem\",\"position\":2,\"name\":\"Personas\"}]},{\"@type\":\"WebSite\",\"@id\":\"https:\\\/\\\/www.zivautomation.com\\\/es\\\/#website\",\"url\":\"https:\\\/\\\/www.zivautomation.com\\\/es\\\/\",\"name\":\"ZIV\",\"description\":\"Haciendo realidad la Red del Futuro\",\"publisher\":{\"@id\":\"https:\\\/\\\/www.zivautomation.com\\\/es\\\/#organization\"},\"potentialAction\":[{\"@type\":\"SearchAction\",\"target\":{\"@type\":\"EntryPoint\",\"urlTemplate\":\"https:\\\/\\\/www.zivautomation.com\\\/es\\\/?s={search_term_string}\"},\"query-input\":{\"@type\":\"PropertyValueSpecification\",\"valueRequired\":true,\"valueName\":\"search_term_string\"}}],\"inLanguage\":\"es\"},{\"@type\":\"Organization\",\"@id\":\"https:\\\/\\\/www.zivautomation.com\\\/es\\\/#organization\",\"name\":\"ZIV\",\"url\":\"https:\\\/\\\/www.zivautomation.com\\\/es\\\/\",\"logo\":{\"@type\":\"ImageObject\",\"inLanguage\":\"es\",\"@id\":\"https:\\\/\\\/www.zivautomation.com\\\/es\\\/#\\\/schema\\\/logo\\\/image\\\/\",\"url\":\"https:\\\/\\\/www.zivautomation.com\\\/wp-content\\\/uploads\\\/2016\\\/10\\\/ziv_solo_cmyk_hr.jpg\",\"contentUrl\":\"https:\\\/\\\/www.zivautomation.com\\\/wp-content\\\/uploads\\\/2016\\\/10\\\/ziv_solo_cmyk_hr.jpg\",\"width\":7078,\"height\":2234,\"caption\":\"ZIV\"},\"image\":{\"@id\":\"https:\\\/\\\/www.zivautomation.com\\\/es\\\/#\\\/schema\\\/logo\\\/image\\\/\"}}]}<\/script>\n<!-- \/ Yoast SEO plugin. -->","yoast_head_json":{"title":"Personas - ZIV","robots":{"index":"index","follow":"follow","max-snippet":"max-snippet:-1","max-image-preview":"max-image-preview:large","max-video-preview":"max-video-preview:-1"},"canonical":"https:\/\/www.zivautomation.com\/es\/personas\/","og_locale":"es_ES","og_type":"article","og_title":"Personas - ZIV","og_description":"[vc_row][vc_column][\/vc_column][vc_column][vc_column_text] [\/vc_column_text][vc_column_text] Si te apasionan los retos y quieres formar parte activa en la transici\u00f3n energ\u00e9tica y participar en el desarrollo de las redes el\u00e9ctricas del futuro somos tu empresa. Una compa\u00f1\u00eda l\u00edder en el sector que te permitir\u00e1 crecer profesionalmente y sentirte parte de un equipo con un esp\u00edritu innovador \u00fanico.[\/vc_column_text][\/vc_column][\/vc_row][vc_row padding_top=&#8221;0&#8243; padding_bottom=&#8221;0&#8243;][vc_column][vc_column_text]Aviso legal[\/vc_column_text][\/vc_column][\/vc_row][vc_row padding_top=&#8221;0&#8243; padding_bottom=&#8221;0&#8243;][vc_column width=&#8221;1\/3&#8243;][vc_column_text] \u00bfQu\u00e9 hacemos? [&hellip;]","og_url":"https:\/\/www.zivautomation.com\/es\/personas\/","og_site_name":"ZIV","article_modified_time":"2026-01-15T09:26:25+00:00","og_image":[{"width":800,"height":400,"url":"https:\/\/www.zivautomation.com\/wp-content\/uploads\/2021\/03\/ziv-we-are-hiring-unete-al-equipo-ziv.png","type":"image\/png"}],"twitter_card":"summary_large_image","twitter_misc":{"Tiempo de lectura":"2 minutos"},"schema":{"@context":"https:\/\/schema.org","@graph":[{"@type":"WebPage","@id":"https:\/\/www.zivautomation.com\/es\/personas\/","url":"https:\/\/www.zivautomation.com\/es\/personas\/","name":"Personas - ZIV","isPartOf":{"@id":"https:\/\/www.zivautomation.com\/es\/#website"},"primaryImageOfPage":{"@id":"https:\/\/www.zivautomation.com\/es\/personas\/#primaryimage"},"image":{"@id":"https:\/\/www.zivautomation.com\/es\/personas\/#primaryimage"},"thumbnailUrl":"https:\/\/www.zivautomation.com\/wp-content\/uploads\/2021\/03\/ziv-we-are-hiring-unete-al-equipo-ziv.png","datePublished":"2021-03-11T12:08:26+00:00","dateModified":"2026-01-15T09:26:25+00:00","breadcrumb":{"@id":"https:\/\/www.zivautomation.com\/es\/personas\/#breadcrumb"},"inLanguage":"es","potentialAction":[{"@type":"ReadAction","target":["https:\/\/www.zivautomation.com\/es\/personas\/"]}]},{"@type":"ImageObject","inLanguage":"es","@id":"https:\/\/www.zivautomation.com\/es\/personas\/#primaryimage","url":"https:\/\/www.zivautomation.com\/wp-content\/uploads\/2021\/03\/ziv-we-are-hiring-unete-al-equipo-ziv.png","contentUrl":"https:\/\/www.zivautomation.com\/wp-content\/uploads\/2021\/03\/ziv-we-are-hiring-unete-al-equipo-ziv.png","width":800,"height":400},{"@type":"BreadcrumbList","@id":"https:\/\/www.zivautomation.com\/es\/personas\/#breadcrumb","itemListElement":[{"@type":"ListItem","position":1,"name":"Home","item":"https:\/\/www.zivautomation.com\/es\/"},{"@type":"ListItem","position":2,"name":"Personas"}]},{"@type":"WebSite","@id":"https:\/\/www.zivautomation.com\/es\/#website","url":"https:\/\/www.zivautomation.com\/es\/","name":"ZIV","description":"Haciendo realidad la Red del Futuro","publisher":{"@id":"https:\/\/www.zivautomation.com\/es\/#organization"},"potentialAction":[{"@type":"SearchAction","target":{"@type":"EntryPoint","urlTemplate":"https:\/\/www.zivautomation.com\/es\/?s={search_term_string}"},"query-input":{"@type":"PropertyValueSpecification","valueRequired":true,"valueName":"search_term_string"}}],"inLanguage":"es"},{"@type":"Organization","@id":"https:\/\/www.zivautomation.com\/es\/#organization","name":"ZIV","url":"https:\/\/www.zivautomation.com\/es\/","logo":{"@type":"ImageObject","inLanguage":"es","@id":"https:\/\/www.zivautomation.com\/es\/#\/schema\/logo\/image\/","url":"https:\/\/www.zivautomation.com\/wp-content\/uploads\/2016\/10\/ziv_solo_cmyk_hr.jpg","contentUrl":"https:\/\/www.zivautomation.com\/wp-content\/uploads\/2016\/10\/ziv_solo_cmyk_hr.jpg","width":7078,"height":2234,"caption":"ZIV"},"image":{"@id":"https:\/\/www.zivautomation.com\/es\/#\/schema\/logo\/image\/"}}]}},"_links":{"self":[{"href":"https:\/\/www.zivautomation.com\/es\/wp-json\/wp\/v2\/pages\/78347","targetHints":{"allow":["GET"]}}],"collection":[{"href":"https:\/\/www.zivautomation.com\/es\/wp-json\/wp\/v2\/pages"}],"about":[{"href":"https:\/\/www.zivautomation.com\/es\/wp-json\/wp\/v2\/types\/page"}],"author":[{"embeddable":true,"href":"https:\/\/www.zivautomation.com\/es\/wp-json\/wp\/v2\/users\/1323"}],"replies":[{"embeddable":true,"href":"https:\/\/www.zivautomation.com\/es\/wp-json\/wp\/v2\/comments?post=78347"}],"version-history":[{"count":37,"href":"https:\/\/www.zivautomation.com\/es\/wp-json\/wp\/v2\/pages\/78347\/revisions"}],"predecessor-version":[{"id":159201,"href":"https:\/\/www.zivautomation.com\/es\/wp-json\/wp\/v2\/pages\/78347\/revisions\/159201"}],"wp:featuredmedia":[{"embeddable":true,"href":"https:\/\/www.zivautomation.com\/es\/wp-json\/wp\/v2\/media\/78744"}],"wp:attachment":[{"href":"https:\/\/www.zivautomation.com\/es\/wp-json\/wp\/v2\/media?parent=78347"}],"wp:term":[{"taxonomy":"category","embeddable":true,"href":"https:\/\/www.zivautomation.com\/es\/wp-json\/wp\/v2\/categories?post=78347"},{"taxonomy":"post_tag","embeddable":true,"href":"https:\/\/www.zivautomation.com\/es\/wp-json\/wp\/v2\/tags?post=78347"}],"curies":[{"name":"wp","href":"https:\/\/api.w.org\/{rel}","templated":true}]}}