{"id":78136,"date":"2021-03-01T15:44:01","date_gmt":"2021-03-01T14:44:01","guid":{"rendered":"https:\/\/www.zivautomation.com\/?page_id=78136"},"modified":"2022-07-25T17:50:51","modified_gmt":"2022-07-25T15:50:51","slug":"lv-supervision-system-basic","status":"publish","type":"page","link":"https:\/\/www.zivautomation.com\/es\/productos\/soluciones-de-automatizacion-de-distribucion\/lv-supervision-system-basic\/","title":{"rendered":"5LVS &#8211; Sistema b\u00e1sico de supervisi\u00f3n de baja tensi\u00f3n (basic)"},"content":{"rendered":"<div class=\"wpb-content-wrapper\"><p>[vc_row][vc_column width=&#8221;1\/3&#8243;][vc_single_image image=&#8221;78143&#8243; img_size=&#8221;medium&#8221; onclick=&#8221;img_link_large&#8221;][\/vc_column][vc_column width=&#8221;2\/3&#8243;][vc_column_text]<\/p>\n<h2>Una unidad compacta preparada para transformadores MT \/ BT de doble devanado secundario<\/h2>\n<p>Monitorizaci\u00f3n vers\u00e1til de transformadores MT \/ BT<\/p>\n<p><b>Caracter\u00edsticas<\/b><strong> principales<\/strong><\/p>\n<ul>\n<li>Monitorizaci\u00f3n de transformador de uno y dos devanados (B1, B2 y B1 \/ B2): temperatura del aceite, c\u00e1lculo del punto de acceso<\/li>\n<li>Medici\u00f3n de la calidad de la energ\u00eda y la energ\u00eda: medici\u00f3n de equilibrio, monitorizaci\u00f3n de la calidad de la energ\u00eda, detecci\u00f3n de fallas a tierra de BT<\/li>\n<li>Comunicaciones ciberseguras: cifrado de seguridad de la capa de transporte, intercambio de certificados<\/li>\n<\/ul>\n<p><strong>Relacionado<\/strong><\/p>\n<ul>\n<li><a href=\"\/?page_id=16219\">Supervision de BT\u00a0\u00a0<\/a><\/li>\n<\/ul>\n<p>[\/vc_column_text]<p><strong>Documentaci\u00f3n<\/strong><\/p><ul>\r\n \t<li>Ficha de producto:<\/li>\r\n \t<li>Cat\u00e1logo de producto:\u00a0 \u00a0<a href=\"https:\/\/www.zivautomation.com\/wp-content\/uploads\/2018\/02\/ziv_lv_solutions_english_rev_1.pdf\" target=\"_blank\">ZIV LV Solutions - r1<\/a><\/li>\r\n<\/ul>[\/vc_column][\/vc_row]<\/p>\n<\/div>","protected":false},"excerpt":{"rendered":"<p> Una unidad compacta preparada para transformadores MT \/ BT de doble devanado secundario Monitorizaci\u00f3n vers\u00e1til de transformadores MT \/ BT Caracter\u00edsticas principales Monitorizaci\u00f3n de transformador de uno y dos devanados (B1, B2 y B1 \/ B2): temperatura del aceite, c\u00e1lculo del punto de acceso Medici\u00f3n de la calidad de la energ\u00eda y la energ\u00eda: [&hellip;]<\/p>\n","protected":false},"author":1323,"featured_media":78139,"parent":84915,"menu_order":191,"comment_status":"closed","ping_status":"closed","template":"","meta":{"_acf_changed":false,"footnotes":""},"categories":[279,388,417,277],"tags":[],"class_list":["post-78136","page","type-page","status-publish","has-post-thumbnail","hentry","category-rtus-y-equipos-de-supervision-de-bt-cat","category-subestacion-secundaria","category-supervision-bt-cat","category-supervision-de-baja-tension-cat"],"acf":[],"yoast_head":"<!-- This site is optimized with the Yoast SEO plugin v27.3 - https:\/\/yoast.com\/product\/yoast-seo-wordpress\/ -->\n<title>5LVS - Sistema b\u00e1sico de supervisi\u00f3n de baja tensi\u00f3n (basic) - ZIV<\/title>\n<meta name=\"robots\" content=\"index, follow, max-snippet:-1, max-image-preview:large, max-video-preview:-1\" \/>\n<link rel=\"canonical\" href=\"https:\/\/www.zivautomation.com\/es\/productos\/soluciones-de-automatizacion-de-distribucion\/lv-supervision-system-basic\/\" \/>\n<meta property=\"og:locale\" content=\"es_ES\" \/>\n<meta property=\"og:type\" content=\"article\" \/>\n<meta property=\"og:title\" content=\"5LVS - Sistema b\u00e1sico de supervisi\u00f3n de baja tensi\u00f3n (basic) - ZIV\" \/>\n<meta property=\"og:description\" content=\"[vc_row][vc_column width=&#8221;1\/3&#8243;][vc_single_image image=&#8221;78143&#8243; img_size=&#8221;medium&#8221; onclick=&#8221;img_link_large&#8221;][\/vc_column][vc_column width=&#8221;2\/3&#8243;][vc_column_text] Una unidad compacta preparada para transformadores MT \/ BT de doble devanado secundario Monitorizaci\u00f3n vers\u00e1til de transformadores MT \/ BT Caracter\u00edsticas principales Monitorizaci\u00f3n de transformador de uno y dos devanados (B1, B2 y B1 \/ B2): temperatura del aceite, c\u00e1lculo del punto de acceso Medici\u00f3n de la calidad de la energ\u00eda y la energ\u00eda: [&hellip;]\" \/>\n<meta property=\"og:url\" content=\"https:\/\/www.zivautomation.com\/es\/productos\/soluciones-de-automatizacion-de-distribucion\/lv-supervision-system-basic\/\" \/>\n<meta property=\"og:site_name\" content=\"ZIV\" \/>\n<meta property=\"article:modified_time\" content=\"2022-07-25T15:50:51+00:00\" \/>\n<meta property=\"og:image\" content=\"https:\/\/www.zivautomation.com\/wp-content\/uploads\/2021\/03\/44.png\" \/>\n\t<meta property=\"og:image:width\" content=\"800\" \/>\n\t<meta property=\"og:image:height\" content=\"400\" \/>\n\t<meta property=\"og:image:type\" content=\"image\/png\" \/>\n<meta name=\"twitter:card\" content=\"summary_large_image\" \/>\n<meta name=\"twitter:label1\" content=\"Tiempo de lectura\" \/>\n\t<meta name=\"twitter:data1\" content=\"1 minuto\" \/>\n<script type=\"application\/ld+json\" class=\"yoast-schema-graph\">{\"@context\":\"https:\\\/\\\/schema.org\",\"@graph\":[{\"@type\":\"WebPage\",\"@id\":\"https:\\\/\\\/www.zivautomation.com\\\/es\\\/productos\\\/soluciones-de-automatizacion-de-distribucion\\\/lv-supervision-system-basic\\\/\",\"url\":\"https:\\\/\\\/www.zivautomation.com\\\/es\\\/productos\\\/soluciones-de-automatizacion-de-distribucion\\\/lv-supervision-system-basic\\\/\",\"name\":\"5LVS - Sistema b\u00e1sico de supervisi\u00f3n de baja tensi\u00f3n (basic) - ZIV\",\"isPartOf\":{\"@id\":\"https:\\\/\\\/www.zivautomation.com\\\/es\\\/#website\"},\"primaryImageOfPage\":{\"@id\":\"https:\\\/\\\/www.zivautomation.com\\\/es\\\/productos\\\/soluciones-de-automatizacion-de-distribucion\\\/lv-supervision-system-basic\\\/#primaryimage\"},\"image\":{\"@id\":\"https:\\\/\\\/www.zivautomation.com\\\/es\\\/productos\\\/soluciones-de-automatizacion-de-distribucion\\\/lv-supervision-system-basic\\\/#primaryimage\"},\"thumbnailUrl\":\"https:\\\/\\\/www.zivautomation.com\\\/wp-content\\\/uploads\\\/2021\\\/03\\\/44.png\",\"datePublished\":\"2021-03-01T14:44:01+00:00\",\"dateModified\":\"2022-07-25T15:50:51+00:00\",\"breadcrumb\":{\"@id\":\"https:\\\/\\\/www.zivautomation.com\\\/es\\\/productos\\\/soluciones-de-automatizacion-de-distribucion\\\/lv-supervision-system-basic\\\/#breadcrumb\"},\"inLanguage\":\"es\",\"potentialAction\":[{\"@type\":\"ReadAction\",\"target\":[\"https:\\\/\\\/www.zivautomation.com\\\/es\\\/productos\\\/soluciones-de-automatizacion-de-distribucion\\\/lv-supervision-system-basic\\\/\"]}]},{\"@type\":\"ImageObject\",\"inLanguage\":\"es\",\"@id\":\"https:\\\/\\\/www.zivautomation.com\\\/es\\\/productos\\\/soluciones-de-automatizacion-de-distribucion\\\/lv-supervision-system-basic\\\/#primaryimage\",\"url\":\"https:\\\/\\\/www.zivautomation.com\\\/wp-content\\\/uploads\\\/2021\\\/03\\\/44.png\",\"contentUrl\":\"https:\\\/\\\/www.zivautomation.com\\\/wp-content\\\/uploads\\\/2021\\\/03\\\/44.png\",\"width\":800,\"height\":400},{\"@type\":\"BreadcrumbList\",\"@id\":\"https:\\\/\\\/www.zivautomation.com\\\/es\\\/productos\\\/soluciones-de-automatizacion-de-distribucion\\\/lv-supervision-system-basic\\\/#breadcrumb\",\"itemListElement\":[{\"@type\":\"ListItem\",\"position\":1,\"name\":\"Home\",\"item\":\"https:\\\/\\\/www.zivautomation.com\\\/es\\\/\"},{\"@type\":\"ListItem\",\"position\":2,\"name\":\"Soluciones ZIV\",\"item\":\"https:\\\/\\\/www.zivautomation.com\\\/es\\\/productos\\\/\"},{\"@type\":\"ListItem\",\"position\":3,\"name\":\"Soluciones para la Automatizaci\u00f3n de la Distribuci\u00f3n\",\"item\":\"https:\\\/\\\/www.zivautomation.com\\\/es\\\/productos\\\/soluciones-de-automatizacion-de-distribucion\\\/\"},{\"@type\":\"ListItem\",\"position\":4,\"name\":\"5LVS &#8211; Sistema b\u00e1sico de supervisi\u00f3n de baja tensi\u00f3n (basic)\"}]},{\"@type\":\"WebSite\",\"@id\":\"https:\\\/\\\/www.zivautomation.com\\\/es\\\/#website\",\"url\":\"https:\\\/\\\/www.zivautomation.com\\\/es\\\/\",\"name\":\"ZIV\",\"description\":\"Haciendo realidad la Red del Futuro\",\"publisher\":{\"@id\":\"https:\\\/\\\/www.zivautomation.com\\\/es\\\/#organization\"},\"potentialAction\":[{\"@type\":\"SearchAction\",\"target\":{\"@type\":\"EntryPoint\",\"urlTemplate\":\"https:\\\/\\\/www.zivautomation.com\\\/es\\\/?s={search_term_string}\"},\"query-input\":{\"@type\":\"PropertyValueSpecification\",\"valueRequired\":true,\"valueName\":\"search_term_string\"}}],\"inLanguage\":\"es\"},{\"@type\":\"Organization\",\"@id\":\"https:\\\/\\\/www.zivautomation.com\\\/es\\\/#organization\",\"name\":\"ZIV\",\"url\":\"https:\\\/\\\/www.zivautomation.com\\\/es\\\/\",\"logo\":{\"@type\":\"ImageObject\",\"inLanguage\":\"es\",\"@id\":\"https:\\\/\\\/www.zivautomation.com\\\/es\\\/#\\\/schema\\\/logo\\\/image\\\/\",\"url\":\"https:\\\/\\\/www.zivautomation.com\\\/wp-content\\\/uploads\\\/2016\\\/10\\\/ziv_solo_cmyk_hr.jpg\",\"contentUrl\":\"https:\\\/\\\/www.zivautomation.com\\\/wp-content\\\/uploads\\\/2016\\\/10\\\/ziv_solo_cmyk_hr.jpg\",\"width\":7078,\"height\":2234,\"caption\":\"ZIV\"},\"image\":{\"@id\":\"https:\\\/\\\/www.zivautomation.com\\\/es\\\/#\\\/schema\\\/logo\\\/image\\\/\"}}]}<\/script>\n<!-- \/ Yoast SEO plugin. -->","yoast_head_json":{"title":"5LVS - Sistema b\u00e1sico de supervisi\u00f3n de baja tensi\u00f3n (basic) - ZIV","robots":{"index":"index","follow":"follow","max-snippet":"max-snippet:-1","max-image-preview":"max-image-preview:large","max-video-preview":"max-video-preview:-1"},"canonical":"https:\/\/www.zivautomation.com\/es\/productos\/soluciones-de-automatizacion-de-distribucion\/lv-supervision-system-basic\/","og_locale":"es_ES","og_type":"article","og_title":"5LVS - Sistema b\u00e1sico de supervisi\u00f3n de baja tensi\u00f3n (basic) - ZIV","og_description":"[vc_row][vc_column width=&#8221;1\/3&#8243;][vc_single_image image=&#8221;78143&#8243; img_size=&#8221;medium&#8221; onclick=&#8221;img_link_large&#8221;][\/vc_column][vc_column width=&#8221;2\/3&#8243;][vc_column_text] Una unidad compacta preparada para transformadores MT \/ BT de doble devanado secundario Monitorizaci\u00f3n vers\u00e1til de transformadores MT \/ BT Caracter\u00edsticas principales Monitorizaci\u00f3n de transformador de uno y dos devanados (B1, B2 y B1 \/ B2): temperatura del aceite, c\u00e1lculo del punto de acceso Medici\u00f3n de la calidad de la energ\u00eda y la energ\u00eda: [&hellip;]","og_url":"https:\/\/www.zivautomation.com\/es\/productos\/soluciones-de-automatizacion-de-distribucion\/lv-supervision-system-basic\/","og_site_name":"ZIV","article_modified_time":"2022-07-25T15:50:51+00:00","og_image":[{"width":800,"height":400,"url":"https:\/\/www.zivautomation.com\/wp-content\/uploads\/2021\/03\/44.png","type":"image\/png"}],"twitter_card":"summary_large_image","twitter_misc":{"Tiempo de lectura":"1 minuto"},"schema":{"@context":"https:\/\/schema.org","@graph":[{"@type":"WebPage","@id":"https:\/\/www.zivautomation.com\/es\/productos\/soluciones-de-automatizacion-de-distribucion\/lv-supervision-system-basic\/","url":"https:\/\/www.zivautomation.com\/es\/productos\/soluciones-de-automatizacion-de-distribucion\/lv-supervision-system-basic\/","name":"5LVS - Sistema b\u00e1sico de supervisi\u00f3n de baja tensi\u00f3n (basic) - ZIV","isPartOf":{"@id":"https:\/\/www.zivautomation.com\/es\/#website"},"primaryImageOfPage":{"@id":"https:\/\/www.zivautomation.com\/es\/productos\/soluciones-de-automatizacion-de-distribucion\/lv-supervision-system-basic\/#primaryimage"},"image":{"@id":"https:\/\/www.zivautomation.com\/es\/productos\/soluciones-de-automatizacion-de-distribucion\/lv-supervision-system-basic\/#primaryimage"},"thumbnailUrl":"https:\/\/www.zivautomation.com\/wp-content\/uploads\/2021\/03\/44.png","datePublished":"2021-03-01T14:44:01+00:00","dateModified":"2022-07-25T15:50:51+00:00","breadcrumb":{"@id":"https:\/\/www.zivautomation.com\/es\/productos\/soluciones-de-automatizacion-de-distribucion\/lv-supervision-system-basic\/#breadcrumb"},"inLanguage":"es","potentialAction":[{"@type":"ReadAction","target":["https:\/\/www.zivautomation.com\/es\/productos\/soluciones-de-automatizacion-de-distribucion\/lv-supervision-system-basic\/"]}]},{"@type":"ImageObject","inLanguage":"es","@id":"https:\/\/www.zivautomation.com\/es\/productos\/soluciones-de-automatizacion-de-distribucion\/lv-supervision-system-basic\/#primaryimage","url":"https:\/\/www.zivautomation.com\/wp-content\/uploads\/2021\/03\/44.png","contentUrl":"https:\/\/www.zivautomation.com\/wp-content\/uploads\/2021\/03\/44.png","width":800,"height":400},{"@type":"BreadcrumbList","@id":"https:\/\/www.zivautomation.com\/es\/productos\/soluciones-de-automatizacion-de-distribucion\/lv-supervision-system-basic\/#breadcrumb","itemListElement":[{"@type":"ListItem","position":1,"name":"Home","item":"https:\/\/www.zivautomation.com\/es\/"},{"@type":"ListItem","position":2,"name":"Soluciones ZIV","item":"https:\/\/www.zivautomation.com\/es\/productos\/"},{"@type":"ListItem","position":3,"name":"Soluciones para la Automatizaci\u00f3n de la Distribuci\u00f3n","item":"https:\/\/www.zivautomation.com\/es\/productos\/soluciones-de-automatizacion-de-distribucion\/"},{"@type":"ListItem","position":4,"name":"5LVS &#8211; Sistema b\u00e1sico de supervisi\u00f3n de baja tensi\u00f3n (basic)"}]},{"@type":"WebSite","@id":"https:\/\/www.zivautomation.com\/es\/#website","url":"https:\/\/www.zivautomation.com\/es\/","name":"ZIV","description":"Haciendo realidad la Red del Futuro","publisher":{"@id":"https:\/\/www.zivautomation.com\/es\/#organization"},"potentialAction":[{"@type":"SearchAction","target":{"@type":"EntryPoint","urlTemplate":"https:\/\/www.zivautomation.com\/es\/?s={search_term_string}"},"query-input":{"@type":"PropertyValueSpecification","valueRequired":true,"valueName":"search_term_string"}}],"inLanguage":"es"},{"@type":"Organization","@id":"https:\/\/www.zivautomation.com\/es\/#organization","name":"ZIV","url":"https:\/\/www.zivautomation.com\/es\/","logo":{"@type":"ImageObject","inLanguage":"es","@id":"https:\/\/www.zivautomation.com\/es\/#\/schema\/logo\/image\/","url":"https:\/\/www.zivautomation.com\/wp-content\/uploads\/2016\/10\/ziv_solo_cmyk_hr.jpg","contentUrl":"https:\/\/www.zivautomation.com\/wp-content\/uploads\/2016\/10\/ziv_solo_cmyk_hr.jpg","width":7078,"height":2234,"caption":"ZIV"},"image":{"@id":"https:\/\/www.zivautomation.com\/es\/#\/schema\/logo\/image\/"}}]}},"_links":{"self":[{"href":"https:\/\/www.zivautomation.com\/es\/wp-json\/wp\/v2\/pages\/78136","targetHints":{"allow":["GET"]}}],"collection":[{"href":"https:\/\/www.zivautomation.com\/es\/wp-json\/wp\/v2\/pages"}],"about":[{"href":"https:\/\/www.zivautomation.com\/es\/wp-json\/wp\/v2\/types\/page"}],"author":[{"embeddable":true,"href":"https:\/\/www.zivautomation.com\/es\/wp-json\/wp\/v2\/users\/1323"}],"replies":[{"embeddable":true,"href":"https:\/\/www.zivautomation.com\/es\/wp-json\/wp\/v2\/comments?post=78136"}],"version-history":[{"count":5,"href":"https:\/\/www.zivautomation.com\/es\/wp-json\/wp\/v2\/pages\/78136\/revisions"}],"predecessor-version":[{"id":85477,"href":"https:\/\/www.zivautomation.com\/es\/wp-json\/wp\/v2\/pages\/78136\/revisions\/85477"}],"up":[{"embeddable":true,"href":"https:\/\/www.zivautomation.com\/es\/wp-json\/wp\/v2\/pages\/84915"}],"wp:featuredmedia":[{"embeddable":true,"href":"https:\/\/www.zivautomation.com\/es\/wp-json\/wp\/v2\/media\/78139"}],"wp:attachment":[{"href":"https:\/\/www.zivautomation.com\/es\/wp-json\/wp\/v2\/media?parent=78136"}],"wp:term":[{"taxonomy":"category","embeddable":true,"href":"https:\/\/www.zivautomation.com\/es\/wp-json\/wp\/v2\/categories?post=78136"},{"taxonomy":"post_tag","embeddable":true,"href":"https:\/\/www.zivautomation.com\/es\/wp-json\/wp\/v2\/tags?post=78136"}],"curies":[{"name":"wp","href":"https:\/\/api.w.org\/{rel}","templated":true}]}}