{"id":77733,"date":"2021-02-10T13:48:25","date_gmt":"2021-02-10T12:48:25","guid":{"rendered":"https:\/\/www.zivautomation.com\/?page_id=77733"},"modified":"2025-02-19T10:40:40","modified_gmt":"2025-02-19T09:40:40","slug":"unidad-central-para-automatizacion-de-subestaciones-ucs","status":"publish","type":"page","link":"https:\/\/www.zivautomation.com\/es\/productos\/sistemas-de-automatizacion-de-subestacion\/unidad-central-para-automatizacion-de-subestaciones-ucs\/","title":{"rendered":"Unidad Central de Subestaciones (UCS)"},"content":{"rendered":"<div class=\"wpb-content-wrapper\"><p>[vc_row][vc_column][vc_column_text]<span id=\"result_box\" class=\"\" lang=\"en\"><span class=\"\">[\/vc_column_text][\/vc_column][\/vc_row][vc_row][vc_column width=&#8221;1\/3&#8243;][vc_single_image image=&#8221;16265&#8243; img_size=&#8221;medium&#8221; onclick=&#8221;img_link_large&#8221;][\/vc_column][vc_column width=&#8221;2\/3&#8243;][vc_column_text]<\/span><\/span><\/p>\n<h1><span id=\"result_box\" class=\"\" lang=\"es\"><span class=\"\">Una soluci\u00f3n integral tanto para renovaci\u00f3n de subestaciones existentes como para instalaciones nuevas. <\/span><\/span><\/h1>\n<h2><span id=\"result_box\" class=\"\" lang=\"es\"><span class=\"\">El terminal 1CPT facilita el proceso de migraci\u00f3n hacia los m\u00e1s modernos sistemas de automatizaci\u00f3n de subestaciones, permitiendo la integraci\u00f3n de los nuevos est\u00e1ndares de comunicaciones en las instalaciones existentes.<\/span><\/span><\/h2>\n<ul>\n<li>Un \u00fanico equipo, con una potente y amigable herramienta de configuraci\u00f3n adecuado tanto <strong>para la automatizaci\u00f3n de subestaciones de compa\u00f1\u00eda el\u00e9ctrica como de plantas de generaci\u00f3n renovable.<\/strong><\/li>\n<li>Con amplia disponibilidad de protocolos de comunicaciones, tanto \u201clegacy\u201d como los m\u00e1s actuales seg\u00fan la Arquitectura de Referencia de IEC 62357-1 (IEC 61850, IEC 60870-5, etc.).<\/li>\n<li>Certificado conforme a est\u00e1ndares internacionales que garantizan robustez y fiabilidad.<\/li>\n<li>Est\u00e1 destinado a resolver las necesidades de comunicaci\u00f3n y tratamiento de datos de los equipos de protecci\u00f3n, control y medida que se encuentran en una subestaci\u00f3n el\u00e9ctrica. Su dise\u00f1o le permite trabajar en instalaciones con arquitecturas de comunicaciones tanto tradicionales (protocolos serie) como de acuerdo con el est\u00e1ndar IEC 61850, seg\u00fan el cual los equipos de protecci\u00f3n y control se interconectan a trav\u00e9s de una red LAN Ethernet.<\/li>\n<\/ul>\n<h4>Caracter\u00edsticas principales<\/h4>\n<ul>\n<li>Equipo de rango industrial de alta fiabilidad.<\/li>\n<li>Arquitectura modular de HW y SW.<\/li>\n<li>Sistema Operativo para arquitectura de tipo embebido.<\/li>\n<li>Fuente de alimentaci\u00f3n conmutada de 110 Vcc \u00b120%.<\/li>\n<li>Dimensiones de 1 Rack de 19\u201d y 2U normalizadas de altura.<\/li>\n<li>2 canales serie as\u00edncronos de fibra \u00f3ptica de pl\u00e1stico o cristal (conectores ST o F-SMA).<\/li>\n<li>2 canales serie as\u00edncronos el\u00e9ctricos (RS-232C).<\/li>\n<li>2 puertos Ethernet 10\/100 BaseT (RJ-45).<\/li>\n<li>1 puerto BNC con decodificador de se\u00f1al IRIG-B123 para sincronizaci\u00f3n horaria.<\/li>\n<li>8 entradas digitales y 4 salidas digitales.<\/li>\n<li>Teclado y Display tipo LCD.<\/li>\n<li>Indicadores \u00f3pticos del estado de actividad de los canales de comunicaciones.<\/li>\n<li>4 indicadores \u00f3pticos de prop\u00f3sito general configurables.<\/li>\n<li>Dispositivo de almacenamiento extra\u00edble Compact-Flash.<\/li>\n<li>M\u00f3dulo WatchDog para detecci\u00f3n de fallos cr\u00edticos en el sistema<\/li>\n<\/ul>\n<p><strong>Relacionado<\/strong><\/p>\n<ul>\n<li><a href=\"https:\/\/www.zivautomation.com\/es\/smartgrid\/\">Sistemas de Automatizaci\u00f3n y Telecomunicaci\u00f3n de Subestaciones<\/a><\/li>\n<\/ul>\n<p>[\/vc_column_text]<a class=\"btn with-icon btn-link\" href=\"https:\/\/www.zivautomation.com\/es\/contacto\/\" target=\"_blank\"><i class=\"icon-mail\" ><\/i> SI EST\u00c1 TRABAJANDO EN UN PROYECTO, SOLICITE AYUDA AL EQUIPO DE APLICACI\u00d3N Y VENTAS<\/a><p><strong>Documentaci\u00f3n<\/strong><\/p><ul>\r\n \t<li>Manual de instrucciones: <a target=\"_blank\" class=\"icon-lock\" data-id=\"77933\" href=\"https:\/\/www.zivautomation.com\/es\/access\/acceso\/\">M1CPTA2005Ev01 <\/a><strong><em>- rev 11.2020<\/em><\/strong><\/li>\r\n \t<li>Catalogo de Producto:<a target=\"_blank\" class=\"icon-lock\" href=\"https:\/\/www.zivautomation.com\/es\/access\/acceso\/\">F1CPTD2006Ev00<\/a><\/li>\r\n<\/ul><a class=\"btn btn-default btn-sm\" href=\"https:\/\/www.zivautomation.com\/es\/news-and-events\/noticias\/talasol-planta-solar-fotovoltaica-extremadura-talavan-eiffage-metka-ziv-protecciones-61850-sipco-reduccion-emisiones-co2-400-30-kv\/\">Referencias<\/a>[\/vc_column][\/vc_row]<\/p>\n<\/div>","protected":false},"excerpt":{"rendered":"<p> Una soluci\u00f3n integral tanto para renovaci\u00f3n de subestaciones existentes como para instalaciones nuevas. El terminal 1CPT facilita el proceso de migraci\u00f3n hacia los m\u00e1s modernos sistemas de automatizaci\u00f3n de subestaciones, permitiendo la integraci\u00f3n de los nuevos est\u00e1ndares de comunicaciones en las instalaciones existentes. Un \u00fanico equipo, con una potente y amigable herramienta de configuraci\u00f3n [&hellip;]<\/p>\n","protected":false},"author":1323,"featured_media":77739,"parent":84398,"menu_order":329,"comment_status":"closed","ping_status":"closed","template":"","meta":{"_acf_changed":false,"footnotes":""},"categories":[279,440,441,212,384],"tags":[],"class_list":["post-77733","page","type-page","status-publish","has-post-thumbnail","hentry","category-rtus-y-equipos-de-supervision-de-bt-cat","category-subestacion-primaria-cat","category-transmision-cat","category-rtus-es-cat","category-hv-rtus-cat"],"acf":[],"yoast_head":"<!-- This site is optimized with the Yoast SEO plugin v27.4 - https:\/\/yoast.com\/product\/yoast-seo-wordpress\/ -->\n<title>Unidad Central de Subestaciones (UCS) - ZIV<\/title>\n<meta name=\"description\" content=\"Una robusta UCS que posibilita la integraci\u00f3n de los nuevos est\u00e1ndares de comunicaciones en las instalaciones existentes.\" \/>\n<meta name=\"robots\" content=\"index, follow, max-snippet:-1, max-image-preview:large, max-video-preview:-1\" \/>\n<link rel=\"canonical\" href=\"https:\/\/www.zivautomation.com\/es\/productos\/sistemas-de-automatizacion-de-subestacion\/unidad-central-para-automatizacion-de-subestaciones-ucs\/\" \/>\n<meta property=\"og:locale\" content=\"es_ES\" \/>\n<meta property=\"og:type\" content=\"article\" \/>\n<meta property=\"og:title\" content=\"Unidad Central de Subestaciones (UCS) - ZIV\" \/>\n<meta property=\"og:description\" content=\"Una robusta UCS que posibilita la integraci\u00f3n de los nuevos est\u00e1ndares de comunicaciones en las instalaciones existentes.\" \/>\n<meta property=\"og:url\" content=\"https:\/\/www.zivautomation.com\/es\/productos\/sistemas-de-automatizacion-de-subestacion\/unidad-central-para-automatizacion-de-subestaciones-ucs\/\" \/>\n<meta property=\"og:site_name\" content=\"ZIV\" \/>\n<meta property=\"article:modified_time\" content=\"2025-02-19T09:40:40+00:00\" \/>\n<meta property=\"og:image\" content=\"https:\/\/www.zivautomation.com\/wp-content\/uploads\/2021\/02\/cpt-ucs-800x400-post.png\" \/>\n\t<meta property=\"og:image:width\" content=\"800\" \/>\n\t<meta property=\"og:image:height\" content=\"400\" \/>\n\t<meta property=\"og:image:type\" content=\"image\/png\" \/>\n<meta name=\"twitter:card\" content=\"summary_large_image\" \/>\n<meta name=\"twitter:label1\" content=\"Tiempo de lectura\" \/>\n\t<meta name=\"twitter:data1\" content=\"2 minutos\" \/>\n<script type=\"application\/ld+json\" class=\"yoast-schema-graph\">{\"@context\":\"https:\\\/\\\/schema.org\",\"@graph\":[{\"@type\":\"WebPage\",\"@id\":\"https:\\\/\\\/www.zivautomation.com\\\/es\\\/productos\\\/sistemas-de-automatizacion-de-subestacion\\\/unidad-central-para-automatizacion-de-subestaciones-ucs\\\/\",\"url\":\"https:\\\/\\\/www.zivautomation.com\\\/es\\\/productos\\\/sistemas-de-automatizacion-de-subestacion\\\/unidad-central-para-automatizacion-de-subestaciones-ucs\\\/\",\"name\":\"Unidad Central de Subestaciones (UCS) - ZIV\",\"isPartOf\":{\"@id\":\"https:\\\/\\\/www.zivautomation.com\\\/es\\\/#website\"},\"primaryImageOfPage\":{\"@id\":\"https:\\\/\\\/www.zivautomation.com\\\/es\\\/productos\\\/sistemas-de-automatizacion-de-subestacion\\\/unidad-central-para-automatizacion-de-subestaciones-ucs\\\/#primaryimage\"},\"image\":{\"@id\":\"https:\\\/\\\/www.zivautomation.com\\\/es\\\/productos\\\/sistemas-de-automatizacion-de-subestacion\\\/unidad-central-para-automatizacion-de-subestaciones-ucs\\\/#primaryimage\"},\"thumbnailUrl\":\"https:\\\/\\\/www.zivautomation.com\\\/wp-content\\\/uploads\\\/2021\\\/02\\\/cpt-ucs-800x400-post.png\",\"datePublished\":\"2021-02-10T12:48:25+00:00\",\"dateModified\":\"2025-02-19T09:40:40+00:00\",\"description\":\"Una robusta UCS que posibilita la integraci\u00f3n de los nuevos est\u00e1ndares de comunicaciones en las instalaciones existentes.\",\"breadcrumb\":{\"@id\":\"https:\\\/\\\/www.zivautomation.com\\\/es\\\/productos\\\/sistemas-de-automatizacion-de-subestacion\\\/unidad-central-para-automatizacion-de-subestaciones-ucs\\\/#breadcrumb\"},\"inLanguage\":\"es\",\"potentialAction\":[{\"@type\":\"ReadAction\",\"target\":[\"https:\\\/\\\/www.zivautomation.com\\\/es\\\/productos\\\/sistemas-de-automatizacion-de-subestacion\\\/unidad-central-para-automatizacion-de-subestaciones-ucs\\\/\"]}]},{\"@type\":\"ImageObject\",\"inLanguage\":\"es\",\"@id\":\"https:\\\/\\\/www.zivautomation.com\\\/es\\\/productos\\\/sistemas-de-automatizacion-de-subestacion\\\/unidad-central-para-automatizacion-de-subestaciones-ucs\\\/#primaryimage\",\"url\":\"https:\\\/\\\/www.zivautomation.com\\\/wp-content\\\/uploads\\\/2021\\\/02\\\/cpt-ucs-800x400-post.png\",\"contentUrl\":\"https:\\\/\\\/www.zivautomation.com\\\/wp-content\\\/uploads\\\/2021\\\/02\\\/cpt-ucs-800x400-post.png\",\"width\":800,\"height\":400,\"caption\":\"CPT UCS SUBSTATION GATEWAY\"},{\"@type\":\"BreadcrumbList\",\"@id\":\"https:\\\/\\\/www.zivautomation.com\\\/es\\\/productos\\\/sistemas-de-automatizacion-de-subestacion\\\/unidad-central-para-automatizacion-de-subestaciones-ucs\\\/#breadcrumb\",\"itemListElement\":[{\"@type\":\"ListItem\",\"position\":1,\"name\":\"Home\",\"item\":\"https:\\\/\\\/www.zivautomation.com\\\/es\\\/\"},{\"@type\":\"ListItem\",\"position\":2,\"name\":\"Soluciones ZIV\",\"item\":\"https:\\\/\\\/www.zivautomation.com\\\/es\\\/productos\\\/\"},{\"@type\":\"ListItem\",\"position\":3,\"name\":\"Sistemas de Automatizaci\u00f3n de Subestaciones\",\"item\":\"https:\\\/\\\/www.zivautomation.com\\\/es\\\/productos\\\/sistemas-de-automatizacion-de-subestacion\\\/\"},{\"@type\":\"ListItem\",\"position\":4,\"name\":\"Unidad Central de Subestaciones (UCS)\"}]},{\"@type\":\"WebSite\",\"@id\":\"https:\\\/\\\/www.zivautomation.com\\\/es\\\/#website\",\"url\":\"https:\\\/\\\/www.zivautomation.com\\\/es\\\/\",\"name\":\"ZIV\",\"description\":\"Haciendo realidad la Red del Futuro\",\"publisher\":{\"@id\":\"https:\\\/\\\/www.zivautomation.com\\\/es\\\/#organization\"},\"potentialAction\":[{\"@type\":\"SearchAction\",\"target\":{\"@type\":\"EntryPoint\",\"urlTemplate\":\"https:\\\/\\\/www.zivautomation.com\\\/es\\\/?s={search_term_string}\"},\"query-input\":{\"@type\":\"PropertyValueSpecification\",\"valueRequired\":true,\"valueName\":\"search_term_string\"}}],\"inLanguage\":\"es\"},{\"@type\":\"Organization\",\"@id\":\"https:\\\/\\\/www.zivautomation.com\\\/es\\\/#organization\",\"name\":\"ZIV\",\"url\":\"https:\\\/\\\/www.zivautomation.com\\\/es\\\/\",\"logo\":{\"@type\":\"ImageObject\",\"inLanguage\":\"es\",\"@id\":\"https:\\\/\\\/www.zivautomation.com\\\/es\\\/#\\\/schema\\\/logo\\\/image\\\/\",\"url\":\"https:\\\/\\\/www.zivautomation.com\\\/wp-content\\\/uploads\\\/2016\\\/10\\\/ziv_solo_cmyk_hr.jpg\",\"contentUrl\":\"https:\\\/\\\/www.zivautomation.com\\\/wp-content\\\/uploads\\\/2016\\\/10\\\/ziv_solo_cmyk_hr.jpg\",\"width\":7078,\"height\":2234,\"caption\":\"ZIV\"},\"image\":{\"@id\":\"https:\\\/\\\/www.zivautomation.com\\\/es\\\/#\\\/schema\\\/logo\\\/image\\\/\"}}]}<\/script>\n<!-- \/ Yoast SEO plugin. -->","yoast_head_json":{"title":"Unidad Central de Subestaciones (UCS) - ZIV","description":"Una robusta UCS que posibilita la integraci\u00f3n de los nuevos est\u00e1ndares de comunicaciones en las instalaciones existentes.","robots":{"index":"index","follow":"follow","max-snippet":"max-snippet:-1","max-image-preview":"max-image-preview:large","max-video-preview":"max-video-preview:-1"},"canonical":"https:\/\/www.zivautomation.com\/es\/productos\/sistemas-de-automatizacion-de-subestacion\/unidad-central-para-automatizacion-de-subestaciones-ucs\/","og_locale":"es_ES","og_type":"article","og_title":"Unidad Central de Subestaciones (UCS) - ZIV","og_description":"Una robusta UCS que posibilita la integraci\u00f3n de los nuevos est\u00e1ndares de comunicaciones en las instalaciones existentes.","og_url":"https:\/\/www.zivautomation.com\/es\/productos\/sistemas-de-automatizacion-de-subestacion\/unidad-central-para-automatizacion-de-subestaciones-ucs\/","og_site_name":"ZIV","article_modified_time":"2025-02-19T09:40:40+00:00","og_image":[{"width":800,"height":400,"url":"https:\/\/www.zivautomation.com\/wp-content\/uploads\/2021\/02\/cpt-ucs-800x400-post.png","type":"image\/png"}],"twitter_card":"summary_large_image","twitter_misc":{"Tiempo de lectura":"2 minutos"},"schema":{"@context":"https:\/\/schema.org","@graph":[{"@type":"WebPage","@id":"https:\/\/www.zivautomation.com\/es\/productos\/sistemas-de-automatizacion-de-subestacion\/unidad-central-para-automatizacion-de-subestaciones-ucs\/","url":"https:\/\/www.zivautomation.com\/es\/productos\/sistemas-de-automatizacion-de-subestacion\/unidad-central-para-automatizacion-de-subestaciones-ucs\/","name":"Unidad Central de Subestaciones (UCS) - ZIV","isPartOf":{"@id":"https:\/\/www.zivautomation.com\/es\/#website"},"primaryImageOfPage":{"@id":"https:\/\/www.zivautomation.com\/es\/productos\/sistemas-de-automatizacion-de-subestacion\/unidad-central-para-automatizacion-de-subestaciones-ucs\/#primaryimage"},"image":{"@id":"https:\/\/www.zivautomation.com\/es\/productos\/sistemas-de-automatizacion-de-subestacion\/unidad-central-para-automatizacion-de-subestaciones-ucs\/#primaryimage"},"thumbnailUrl":"https:\/\/www.zivautomation.com\/wp-content\/uploads\/2021\/02\/cpt-ucs-800x400-post.png","datePublished":"2021-02-10T12:48:25+00:00","dateModified":"2025-02-19T09:40:40+00:00","description":"Una robusta UCS que posibilita la integraci\u00f3n de los nuevos est\u00e1ndares de comunicaciones en las instalaciones existentes.","breadcrumb":{"@id":"https:\/\/www.zivautomation.com\/es\/productos\/sistemas-de-automatizacion-de-subestacion\/unidad-central-para-automatizacion-de-subestaciones-ucs\/#breadcrumb"},"inLanguage":"es","potentialAction":[{"@type":"ReadAction","target":["https:\/\/www.zivautomation.com\/es\/productos\/sistemas-de-automatizacion-de-subestacion\/unidad-central-para-automatizacion-de-subestaciones-ucs\/"]}]},{"@type":"ImageObject","inLanguage":"es","@id":"https:\/\/www.zivautomation.com\/es\/productos\/sistemas-de-automatizacion-de-subestacion\/unidad-central-para-automatizacion-de-subestaciones-ucs\/#primaryimage","url":"https:\/\/www.zivautomation.com\/wp-content\/uploads\/2021\/02\/cpt-ucs-800x400-post.png","contentUrl":"https:\/\/www.zivautomation.com\/wp-content\/uploads\/2021\/02\/cpt-ucs-800x400-post.png","width":800,"height":400,"caption":"CPT UCS SUBSTATION GATEWAY"},{"@type":"BreadcrumbList","@id":"https:\/\/www.zivautomation.com\/es\/productos\/sistemas-de-automatizacion-de-subestacion\/unidad-central-para-automatizacion-de-subestaciones-ucs\/#breadcrumb","itemListElement":[{"@type":"ListItem","position":1,"name":"Home","item":"https:\/\/www.zivautomation.com\/es\/"},{"@type":"ListItem","position":2,"name":"Soluciones ZIV","item":"https:\/\/www.zivautomation.com\/es\/productos\/"},{"@type":"ListItem","position":3,"name":"Sistemas de Automatizaci\u00f3n de Subestaciones","item":"https:\/\/www.zivautomation.com\/es\/productos\/sistemas-de-automatizacion-de-subestacion\/"},{"@type":"ListItem","position":4,"name":"Unidad Central de Subestaciones (UCS)"}]},{"@type":"WebSite","@id":"https:\/\/www.zivautomation.com\/es\/#website","url":"https:\/\/www.zivautomation.com\/es\/","name":"ZIV","description":"Haciendo realidad la Red del Futuro","publisher":{"@id":"https:\/\/www.zivautomation.com\/es\/#organization"},"potentialAction":[{"@type":"SearchAction","target":{"@type":"EntryPoint","urlTemplate":"https:\/\/www.zivautomation.com\/es\/?s={search_term_string}"},"query-input":{"@type":"PropertyValueSpecification","valueRequired":true,"valueName":"search_term_string"}}],"inLanguage":"es"},{"@type":"Organization","@id":"https:\/\/www.zivautomation.com\/es\/#organization","name":"ZIV","url":"https:\/\/www.zivautomation.com\/es\/","logo":{"@type":"ImageObject","inLanguage":"es","@id":"https:\/\/www.zivautomation.com\/es\/#\/schema\/logo\/image\/","url":"https:\/\/www.zivautomation.com\/wp-content\/uploads\/2016\/10\/ziv_solo_cmyk_hr.jpg","contentUrl":"https:\/\/www.zivautomation.com\/wp-content\/uploads\/2016\/10\/ziv_solo_cmyk_hr.jpg","width":7078,"height":2234,"caption":"ZIV"},"image":{"@id":"https:\/\/www.zivautomation.com\/es\/#\/schema\/logo\/image\/"}}]}},"_links":{"self":[{"href":"https:\/\/www.zivautomation.com\/es\/wp-json\/wp\/v2\/pages\/77733","targetHints":{"allow":["GET"]}}],"collection":[{"href":"https:\/\/www.zivautomation.com\/es\/wp-json\/wp\/v2\/pages"}],"about":[{"href":"https:\/\/www.zivautomation.com\/es\/wp-json\/wp\/v2\/types\/page"}],"author":[{"embeddable":true,"href":"https:\/\/www.zivautomation.com\/es\/wp-json\/wp\/v2\/users\/1323"}],"replies":[{"embeddable":true,"href":"https:\/\/www.zivautomation.com\/es\/wp-json\/wp\/v2\/comments?post=77733"}],"version-history":[{"count":11,"href":"https:\/\/www.zivautomation.com\/es\/wp-json\/wp\/v2\/pages\/77733\/revisions"}],"predecessor-version":[{"id":100120,"href":"https:\/\/www.zivautomation.com\/es\/wp-json\/wp\/v2\/pages\/77733\/revisions\/100120"}],"up":[{"embeddable":true,"href":"https:\/\/www.zivautomation.com\/es\/wp-json\/wp\/v2\/pages\/84398"}],"wp:featuredmedia":[{"embeddable":true,"href":"https:\/\/www.zivautomation.com\/es\/wp-json\/wp\/v2\/media\/77739"}],"wp:attachment":[{"href":"https:\/\/www.zivautomation.com\/es\/wp-json\/wp\/v2\/media?parent=77733"}],"wp:term":[{"taxonomy":"category","embeddable":true,"href":"https:\/\/www.zivautomation.com\/es\/wp-json\/wp\/v2\/categories?post=77733"},{"taxonomy":"post_tag","embeddable":true,"href":"https:\/\/www.zivautomation.com\/es\/wp-json\/wp\/v2\/tags?post=77733"}],"curies":[{"name":"wp","href":"https:\/\/api.w.org\/{rel}","templated":true}]}}