{"id":76694,"date":"2020-09-30T07:46:13","date_gmt":"2020-09-30T05:46:13","guid":{"rendered":"https:\/\/www.zivautomation.com\/?page_id=76694"},"modified":"2022-07-25T00:22:23","modified_gmt":"2022-07-24T22:22:23","slug":"tppu-modulo-integrable-de-teleproteccion-con-funcionamiento-por-tono-unico-o-doble-tono","status":"publish","type":"page","link":"https:\/\/www.zivautomation.com\/es\/productos\/comunicaciones\/tppu-modulo-integrable-de-teleproteccion-con-funcionamiento-por-tono-unico-o-doble-tono\/","title":{"rendered":"TPPU  &#8211; M\u00f3dulo de Teleprotecci\u00f3n"},"content":{"rendered":"<div class=\"wpb-content-wrapper\"><p>[vc_row][vc_column width=&#8221;1\/3&#8243;][vc_single_image image=&#8221;76697&#8243; img_size=&#8221;medium&#8221; onclick=&#8221;img_link_large&#8221;][\/vc_column][vc_column width=&#8221;2\/3&#8243;][vc_column_text]<\/p>\n<h1>M\u00f3dulo integrable de Teleprotecci\u00f3n con funcionamiento por tono \u00fanico o doble tono<\/h1>\n<h2>Es un equipo de teleprotecci\u00f3n anal\u00f3gico por tonos que ofrece dos modos de funcionamiento bien diferenciados.<\/h2>\n<h4>Caracter\u00edsticas principales<\/h4>\n<ul>\n<li>M\u00f3dulo integrable en panel OPU-1 (19\u201d\/9 U).<\/li>\n<li>Dos modos de funcionamiento: TONO \u00daNICO y DOBLE TONO. El modo de funcionamiento por TONO \u00daNICO es el m\u00e1s tradicional. El modo de funcionamiento por DOBLE TONO ofrece una gran disponibilidad de canal cuando el mismo est\u00e1 compartido con otros servicios.<\/li>\n<li>Tiene aplicaci\u00f3n en esquemas de teleprotecci\u00f3n por bloqueo, teledisparo directo y teledisparo permisivo.<\/li>\n<li>Cumple con el est\u00e1ndar CEI 60834-1.<\/li>\n<li>Capacidad del modo de funcionamiento por TONO \u00daNICO: hasta 3 \u00f3rdenes independientes o en cualquier combinaci\u00f3n de las mismas, o un m\u00e1ximo de cuatro \u00f3rdenes de acuerdo a una l\u00f3gica determinada, que pueden transmitirse en una banda anal\u00f3gica dedicada (4 kHz) o integrarse en la banda de operaci\u00f3n digital del terminal OPU-1 (QAM de 8 kHz \u00f3 16 kHz).<\/li>\n<li>Capacidad del modo de funcionamiento por DOBLE TONO: hasta 4 \u00f3rdenes independientes o en cualquier combinaci\u00f3n de las mismas que pueden transmitirse en una banda anal\u00f3gica dedicada (1 kHz, 2 kHz \u00f3 4 kHz) o la banda de 1 kHz puede integrarse en la banda de operaci\u00f3n digital del terminal OPU-1 (QAM de 8 kHz \u00f3 16 kHz). Hasta 8 \u00f3rdenes independientes cuando se utilizan dos bandas anal\u00f3gicas dedicadas (1 kHz \u00f3 2 kHz) por canal.<\/li>\n<li>La gesti\u00f3n del m\u00f3dulo est\u00e1 incluida en el Sistema de Gesti\u00f3n del <a href=\"https:\/\/www.zivautomation.com\/es\/productos\/comunicaciones\/opu-1-terminal-universal\/\">terminal de OP.<\/a><\/li>\n<li>Conexionado exterior a trav\u00e9s de bloque de bornes enchufable o de fondo armario.<\/li>\n<li>Agente SNMP.<\/li>\n<\/ul>\n<p>[\/vc_column_text]<p><strong>Documentaci\u00f3n<\/strong><\/p><ul>\r\n \t<li>Manual de Instrucciones: <a target=\"_blank\" class=\"icon-lock\" data-id=\"81384\" href=\"https:\/\/www.zivautomation.com\/es\/access\/acceso\/\">TPPU_(OPU-1R)_R6-C<\/a>- <em>rev 11.2021<\/em><\/li>\r\n \t<li>Cat\u00e1logo de Producto:\u00a0 \u00a0 \u00a0 <a target=\"_blank\" href=\"https:\/\/www.zivautomation.com\/wp-content\/uploads\/2021\/06\/ziv_op_y_tp_castellano_rev_2.5.pdf\">ZIV_OP_y_TP_Castellano_rev_2.5<\/a> (ES)<\/li>\r\n<\/ul>[\/vc_column][\/vc_row]<\/p>\n<\/div>","protected":false},"excerpt":{"rendered":"<p> M\u00f3dulo integrable de Teleprotecci\u00f3n con funcionamiento por tono \u00fanico o doble tono Es un equipo de teleprotecci\u00f3n anal\u00f3gico por tonos que ofrece dos modos de funcionamiento bien diferenciados. Caracter\u00edsticas principales M\u00f3dulo integrable en panel OPU-1 (19\u201d\/9 U). Dos modos de funcionamiento: TONO \u00daNICO y DOBLE TONO. El modo de funcionamiento por TONO \u00daNICO es [&hellip;]<\/p>\n","protected":false},"author":1323,"featured_media":0,"parent":84941,"menu_order":312,"comment_status":"closed","ping_status":"closed","template":"","meta":{"_acf_changed":false,"footnotes":""},"categories":[208,433,440,441,241],"tags":[],"class_list":["post-76694","page","type-page","status-publish","hentry","category-comunicaciones-cat","category-telecomunicaciones-at-cat","category-subestacion-primaria-cat","category-transmision-cat","category-sistemas-de-teleproteccion-cat"],"acf":[],"yoast_head":"<!-- This site is optimized with the Yoast SEO plugin v27.4 - https:\/\/yoast.com\/product\/yoast-seo-wordpress\/ -->\n<title>TPPU - M\u00f3dulo de Teleprotecci\u00f3n - ZIV<\/title>\n<meta name=\"description\" content=\"M\u00f3dulo integrable de Teleprotecci\u00f3n con funcionamiento por tono \u00fanico o doble tono (ofrece dos modos de funcionamiento bien diferenciados).\" \/>\n<meta name=\"robots\" content=\"index, follow, max-snippet:-1, max-image-preview:large, max-video-preview:-1\" \/>\n<link rel=\"canonical\" href=\"https:\/\/www.zivautomation.com\/es\/productos\/comunicaciones\/tppu-modulo-integrable-de-teleproteccion-con-funcionamiento-por-tono-unico-o-doble-tono\/\" \/>\n<meta property=\"og:locale\" content=\"es_ES\" \/>\n<meta property=\"og:type\" content=\"article\" \/>\n<meta property=\"og:title\" content=\"TPPU - M\u00f3dulo de Teleprotecci\u00f3n - ZIV\" \/>\n<meta property=\"og:description\" content=\"M\u00f3dulo integrable de Teleprotecci\u00f3n con funcionamiento por tono \u00fanico o doble tono (ofrece dos modos de funcionamiento bien diferenciados).\" \/>\n<meta property=\"og:url\" content=\"https:\/\/www.zivautomation.com\/es\/productos\/comunicaciones\/tppu-modulo-integrable-de-teleproteccion-con-funcionamiento-por-tono-unico-o-doble-tono\/\" \/>\n<meta property=\"og:site_name\" content=\"ZIV\" \/>\n<meta property=\"article:modified_time\" content=\"2022-07-24T22:22:23+00:00\" \/>\n<meta name=\"twitter:card\" content=\"summary_large_image\" \/>\n<meta name=\"twitter:label1\" content=\"Tiempo de lectura\" \/>\n\t<meta name=\"twitter:data1\" content=\"2 minutos\" \/>\n<script type=\"application\/ld+json\" class=\"yoast-schema-graph\">{\"@context\":\"https:\\\/\\\/schema.org\",\"@graph\":[{\"@type\":\"WebPage\",\"@id\":\"https:\\\/\\\/www.zivautomation.com\\\/es\\\/productos\\\/comunicaciones\\\/tppu-modulo-integrable-de-teleproteccion-con-funcionamiento-por-tono-unico-o-doble-tono\\\/\",\"url\":\"https:\\\/\\\/www.zivautomation.com\\\/es\\\/productos\\\/comunicaciones\\\/tppu-modulo-integrable-de-teleproteccion-con-funcionamiento-por-tono-unico-o-doble-tono\\\/\",\"name\":\"TPPU - M\u00f3dulo de Teleprotecci\u00f3n - ZIV\",\"isPartOf\":{\"@id\":\"https:\\\/\\\/www.zivautomation.com\\\/es\\\/#website\"},\"datePublished\":\"2020-09-30T05:46:13+00:00\",\"dateModified\":\"2022-07-24T22:22:23+00:00\",\"description\":\"M\u00f3dulo integrable de Teleprotecci\u00f3n con funcionamiento por tono \u00fanico o doble tono (ofrece dos modos de funcionamiento bien diferenciados).\",\"breadcrumb\":{\"@id\":\"https:\\\/\\\/www.zivautomation.com\\\/es\\\/productos\\\/comunicaciones\\\/tppu-modulo-integrable-de-teleproteccion-con-funcionamiento-por-tono-unico-o-doble-tono\\\/#breadcrumb\"},\"inLanguage\":\"es\",\"potentialAction\":[{\"@type\":\"ReadAction\",\"target\":[\"https:\\\/\\\/www.zivautomation.com\\\/es\\\/productos\\\/comunicaciones\\\/tppu-modulo-integrable-de-teleproteccion-con-funcionamiento-por-tono-unico-o-doble-tono\\\/\"]}]},{\"@type\":\"BreadcrumbList\",\"@id\":\"https:\\\/\\\/www.zivautomation.com\\\/es\\\/productos\\\/comunicaciones\\\/tppu-modulo-integrable-de-teleproteccion-con-funcionamiento-por-tono-unico-o-doble-tono\\\/#breadcrumb\",\"itemListElement\":[{\"@type\":\"ListItem\",\"position\":1,\"name\":\"Home\",\"item\":\"https:\\\/\\\/www.zivautomation.com\\\/es\\\/\"},{\"@type\":\"ListItem\",\"position\":2,\"name\":\"Soluciones ZIV\",\"item\":\"https:\\\/\\\/www.zivautomation.com\\\/es\\\/productos\\\/\"},{\"@type\":\"ListItem\",\"position\":3,\"name\":\"Comunicaciones\",\"item\":\"https:\\\/\\\/www.zivautomation.com\\\/es\\\/productos\\\/comunicaciones\\\/\"},{\"@type\":\"ListItem\",\"position\":4,\"name\":\"TPPU &#8211; M\u00f3dulo de Teleprotecci\u00f3n\"}]},{\"@type\":\"WebSite\",\"@id\":\"https:\\\/\\\/www.zivautomation.com\\\/es\\\/#website\",\"url\":\"https:\\\/\\\/www.zivautomation.com\\\/es\\\/\",\"name\":\"ZIV\",\"description\":\"Haciendo realidad la Red del Futuro\",\"publisher\":{\"@id\":\"https:\\\/\\\/www.zivautomation.com\\\/es\\\/#organization\"},\"potentialAction\":[{\"@type\":\"SearchAction\",\"target\":{\"@type\":\"EntryPoint\",\"urlTemplate\":\"https:\\\/\\\/www.zivautomation.com\\\/es\\\/?s={search_term_string}\"},\"query-input\":{\"@type\":\"PropertyValueSpecification\",\"valueRequired\":true,\"valueName\":\"search_term_string\"}}],\"inLanguage\":\"es\"},{\"@type\":\"Organization\",\"@id\":\"https:\\\/\\\/www.zivautomation.com\\\/es\\\/#organization\",\"name\":\"ZIV\",\"url\":\"https:\\\/\\\/www.zivautomation.com\\\/es\\\/\",\"logo\":{\"@type\":\"ImageObject\",\"inLanguage\":\"es\",\"@id\":\"https:\\\/\\\/www.zivautomation.com\\\/es\\\/#\\\/schema\\\/logo\\\/image\\\/\",\"url\":\"https:\\\/\\\/www.zivautomation.com\\\/wp-content\\\/uploads\\\/2016\\\/10\\\/ziv_solo_cmyk_hr.jpg\",\"contentUrl\":\"https:\\\/\\\/www.zivautomation.com\\\/wp-content\\\/uploads\\\/2016\\\/10\\\/ziv_solo_cmyk_hr.jpg\",\"width\":7078,\"height\":2234,\"caption\":\"ZIV\"},\"image\":{\"@id\":\"https:\\\/\\\/www.zivautomation.com\\\/es\\\/#\\\/schema\\\/logo\\\/image\\\/\"}}]}<\/script>\n<!-- \/ Yoast SEO plugin. -->","yoast_head_json":{"title":"TPPU - M\u00f3dulo de Teleprotecci\u00f3n - ZIV","description":"M\u00f3dulo integrable de Teleprotecci\u00f3n con funcionamiento por tono \u00fanico o doble tono (ofrece dos modos de funcionamiento bien diferenciados).","robots":{"index":"index","follow":"follow","max-snippet":"max-snippet:-1","max-image-preview":"max-image-preview:large","max-video-preview":"max-video-preview:-1"},"canonical":"https:\/\/www.zivautomation.com\/es\/productos\/comunicaciones\/tppu-modulo-integrable-de-teleproteccion-con-funcionamiento-por-tono-unico-o-doble-tono\/","og_locale":"es_ES","og_type":"article","og_title":"TPPU - M\u00f3dulo de Teleprotecci\u00f3n - ZIV","og_description":"M\u00f3dulo integrable de Teleprotecci\u00f3n con funcionamiento por tono \u00fanico o doble tono (ofrece dos modos de funcionamiento bien diferenciados).","og_url":"https:\/\/www.zivautomation.com\/es\/productos\/comunicaciones\/tppu-modulo-integrable-de-teleproteccion-con-funcionamiento-por-tono-unico-o-doble-tono\/","og_site_name":"ZIV","article_modified_time":"2022-07-24T22:22:23+00:00","twitter_card":"summary_large_image","twitter_misc":{"Tiempo de lectura":"2 minutos"},"schema":{"@context":"https:\/\/schema.org","@graph":[{"@type":"WebPage","@id":"https:\/\/www.zivautomation.com\/es\/productos\/comunicaciones\/tppu-modulo-integrable-de-teleproteccion-con-funcionamiento-por-tono-unico-o-doble-tono\/","url":"https:\/\/www.zivautomation.com\/es\/productos\/comunicaciones\/tppu-modulo-integrable-de-teleproteccion-con-funcionamiento-por-tono-unico-o-doble-tono\/","name":"TPPU - M\u00f3dulo de Teleprotecci\u00f3n - ZIV","isPartOf":{"@id":"https:\/\/www.zivautomation.com\/es\/#website"},"datePublished":"2020-09-30T05:46:13+00:00","dateModified":"2022-07-24T22:22:23+00:00","description":"M\u00f3dulo integrable de Teleprotecci\u00f3n con funcionamiento por tono \u00fanico o doble tono (ofrece dos modos de funcionamiento bien diferenciados).","breadcrumb":{"@id":"https:\/\/www.zivautomation.com\/es\/productos\/comunicaciones\/tppu-modulo-integrable-de-teleproteccion-con-funcionamiento-por-tono-unico-o-doble-tono\/#breadcrumb"},"inLanguage":"es","potentialAction":[{"@type":"ReadAction","target":["https:\/\/www.zivautomation.com\/es\/productos\/comunicaciones\/tppu-modulo-integrable-de-teleproteccion-con-funcionamiento-por-tono-unico-o-doble-tono\/"]}]},{"@type":"BreadcrumbList","@id":"https:\/\/www.zivautomation.com\/es\/productos\/comunicaciones\/tppu-modulo-integrable-de-teleproteccion-con-funcionamiento-por-tono-unico-o-doble-tono\/#breadcrumb","itemListElement":[{"@type":"ListItem","position":1,"name":"Home","item":"https:\/\/www.zivautomation.com\/es\/"},{"@type":"ListItem","position":2,"name":"Soluciones ZIV","item":"https:\/\/www.zivautomation.com\/es\/productos\/"},{"@type":"ListItem","position":3,"name":"Comunicaciones","item":"https:\/\/www.zivautomation.com\/es\/productos\/comunicaciones\/"},{"@type":"ListItem","position":4,"name":"TPPU &#8211; M\u00f3dulo de Teleprotecci\u00f3n"}]},{"@type":"WebSite","@id":"https:\/\/www.zivautomation.com\/es\/#website","url":"https:\/\/www.zivautomation.com\/es\/","name":"ZIV","description":"Haciendo realidad la Red del Futuro","publisher":{"@id":"https:\/\/www.zivautomation.com\/es\/#organization"},"potentialAction":[{"@type":"SearchAction","target":{"@type":"EntryPoint","urlTemplate":"https:\/\/www.zivautomation.com\/es\/?s={search_term_string}"},"query-input":{"@type":"PropertyValueSpecification","valueRequired":true,"valueName":"search_term_string"}}],"inLanguage":"es"},{"@type":"Organization","@id":"https:\/\/www.zivautomation.com\/es\/#organization","name":"ZIV","url":"https:\/\/www.zivautomation.com\/es\/","logo":{"@type":"ImageObject","inLanguage":"es","@id":"https:\/\/www.zivautomation.com\/es\/#\/schema\/logo\/image\/","url":"https:\/\/www.zivautomation.com\/wp-content\/uploads\/2016\/10\/ziv_solo_cmyk_hr.jpg","contentUrl":"https:\/\/www.zivautomation.com\/wp-content\/uploads\/2016\/10\/ziv_solo_cmyk_hr.jpg","width":7078,"height":2234,"caption":"ZIV"},"image":{"@id":"https:\/\/www.zivautomation.com\/es\/#\/schema\/logo\/image\/"}}]}},"_links":{"self":[{"href":"https:\/\/www.zivautomation.com\/es\/wp-json\/wp\/v2\/pages\/76694","targetHints":{"allow":["GET"]}}],"collection":[{"href":"https:\/\/www.zivautomation.com\/es\/wp-json\/wp\/v2\/pages"}],"about":[{"href":"https:\/\/www.zivautomation.com\/es\/wp-json\/wp\/v2\/types\/page"}],"author":[{"embeddable":true,"href":"https:\/\/www.zivautomation.com\/es\/wp-json\/wp\/v2\/users\/1323"}],"replies":[{"embeddable":true,"href":"https:\/\/www.zivautomation.com\/es\/wp-json\/wp\/v2\/comments?post=76694"}],"version-history":[{"count":13,"href":"https:\/\/www.zivautomation.com\/es\/wp-json\/wp\/v2\/pages\/76694\/revisions"}],"predecessor-version":[{"id":85358,"href":"https:\/\/www.zivautomation.com\/es\/wp-json\/wp\/v2\/pages\/76694\/revisions\/85358"}],"up":[{"embeddable":true,"href":"https:\/\/www.zivautomation.com\/es\/wp-json\/wp\/v2\/pages\/84941"}],"wp:attachment":[{"href":"https:\/\/www.zivautomation.com\/es\/wp-json\/wp\/v2\/media?parent=76694"}],"wp:term":[{"taxonomy":"category","embeddable":true,"href":"https:\/\/www.zivautomation.com\/es\/wp-json\/wp\/v2\/categories?post=76694"},{"taxonomy":"post_tag","embeddable":true,"href":"https:\/\/www.zivautomation.com\/es\/wp-json\/wp\/v2\/tags?post=76694"}],"curies":[{"name":"wp","href":"https:\/\/api.w.org\/{rel}","templated":true}]}}