{"id":75768,"date":"2020-06-22T11:45:08","date_gmt":"2020-06-22T09:45:08","guid":{"rendered":"https:\/\/www.zivautomation.com\/?page_id=75768"},"modified":"2024-06-07T12:00:27","modified_gmt":"2024-06-07T10:00:27","slug":"4g-lte-modem-cobertura-mundial-ziv-umml","status":"publish","type":"page","link":"https:\/\/www.zivautomation.com\/es\/productos\/comunicaciones\/4g-lte-modem-cobertura-mundial-ziv-umml\/","title":{"rendered":"UMM &#8211; m\u00f3dem 4UMML 4G LTE"},"content":{"rendered":"<div class=\"wpb-content-wrapper\"><p>[vc_row][vc_column width=&#8221;1\/3&#8243;][vc_single_image image=&#8221;89598&#8243; img_size=&#8221;medium&#8221; onclick=&#8221;img_link_large&#8221;][\/vc_column][vc_column width=&#8221;2\/3&#8243;][vc_column_text]<\/p>\n<h2>El m\u00f3dem 4UMML 4G LTE proporciona comunicaciones de datos inal\u00e1mbricas para el control remoto de dispositivos Smart Grid .<\/h2>\n<p>Es un equipo compacto, optimizado para la transmisi\u00f3n de datos usando los diversos servicios que ofrecen los operadores de m\u00f3vil,<\/p>\n<p><strong>R\u00e1pida implementaci\u00f3n<\/strong><\/p>\n<p>El m\u00f3dem 4UMML permite una r\u00e1pida implementaci\u00f3n de las aplicaciones de telecontrol y AMR para obtener el m\u00e1ximo provecho de las tecnolog\u00edas 4G:<\/p>\n<ul>\n<li><span style=\"color: #800000;\">SMS<\/span>: recepci\u00f3n y env\u00edo de mensajes cortos.<\/li>\n<li><span style=\"color: #800000;\">CSD<\/span>: llamadas de datos por establecimiento de conmutaci\u00f3n de circuitos<\/li>\n<li><span style=\"color: #800000;\">HSCSD<\/span>: Establecimiento de comunicaciones para transferencia de datos mediante conmutaci\u00f3n de circuitos de alta velocidad (2+1).<\/li>\n<li><span style=\"color: #800000;\">GPRS<\/span>: Clase 33. Registro simult\u00e1neo en GPRS y GSM, con una \u00fanica conexi\u00f3n aceptada.<\/li>\n<li><span style=\"color: #800000;\">3G<\/span>: 3G: soporta 3GPP R8 WCDMA<\/li>\n<li><span style=\"color: #800000;\">LTE Cat 1<\/span>. Cobertura mundial<\/li>\n<\/ul>\n<p><strong>LTE, UMTS\/HSPA+ and GSM\/ GPRS\/EDGE<\/strong><\/p>\n<ul>\n<li>LTE FDD Bandas: B1\/B3\/B7\/B8\/B20\/B28A.<\/li>\n<li>LTE FDD Data: Max 10Mbps (DL)\/Max 5Mbps (UL).<\/li>\n<li>WCDMA Bandas: B1\/B8.<\/li>\n<li>WCDMA Data: Max 384Kbps (DL)\/Max 384Kbps (UL).<\/li>\n<li>GSM Bandas: B3\/B8.<\/li>\n<li>EDGE: Max 296Kbps (DL)\/Max 36.8Kbps (UL).<\/li>\n<li>GPRS: Max 107Kbps (DL)\/Max 85.6Kbps (UL).<\/li>\n<\/ul>\n<p><strong>Caracter\u00edsticas principales<\/strong><\/p>\n<ul>\n<li>Ranura para tarjeta SIM.<\/li>\n<li>Conector de antena tipo SMA<\/li>\n<li>Puerto serie dual RS232\/RS485<\/li>\n<li>Fuente de alimentaci\u00f3n extendida<\/li>\n<li>LEDs de diagn\u00f3stico.<\/li>\n<li>Filtrado IP<\/li>\n<li>Encapsulaci\u00f3n optimizada (IEC 60870-5-102\/102 o DLMS<\/li>\n<li>Respaldo GSM y GPRS.<\/li>\n<li>Configuraci\u00f3n flexible de sockets TCP\/UDP<\/li>\n<li>Actualizaci\u00f3n remota de firmware<\/li>\n<li>Gesti\u00f3n SNMP.<\/li>\n<li>Cliente NTP.<\/li>\n<li>Configuraci\u00f3n de reinicio diario<\/li>\n<\/ul>\n<p><strong>Instalaci\u00f3n<\/strong><\/p>\n<p>Puede instalarse en pared (formato mural) o sobre carril DIN. Para su correcta colocaci\u00f3n sobre carril DIN, se recomienda el uso de los accesorios insertables en la parte trasera del dispositivo. Para el montaje en pared, el 4UMML tiene 4 orificios pasantes en los lados y un gancho para fijar los tornillos a la pared.<\/p>\n<p><strong>Modelo 4UMMU (*)<\/strong><\/p>\n<p>UMMU es la familia de m\u00f3dems cuatribanda GSM\/GPRS (Clase 10, clase B) y 3G (Clase A) que trabaja en las bandas EGSM 900\/DCS 1800, GSM 850\/ PCS 1900, UMTS 2100 y UMTS900, especialmente dise\u00f1ado por ZIV para su utilizaci\u00f3n en entornos industriales. El UMMU es un dispositivo compacto, que contiene un avanzado core de comunicaciones GSM\/GPRS\/3G, optimizado para la transmisi\u00f3n de datos utilizando los diferentes servicios que ofrecen los operadores de telefon\u00eda m\u00f3vil.<\/p>\n<p>&nbsp;<\/p>\n<p>&nbsp;<\/p>\n<p>[\/vc_column_text]<p><strong>Documentaci\u00f3n<\/strong><\/p><ul>\r\n \t<li>Manual de Instrucciones: <a class=\"icon-lock\" data-id=\"96331\" href=\"https:\/\/www.zivautomation.com\/es\/access\/acceso\/\" target=\"_blank\" rel=\"noopener\">M4UMML2107Ev04<\/a><\/li>\r\n \t<li>Ficha de producto: <a href=\"https:\/\/www.zivautomation.com\/wp-content\/uploads\/2024\/03\/i4umml2107ev03.pdf\" target=\"_blank\" rel=\"noopener\">I4UMML2107Ev03<\/a><\/li>\r\n<\/ul>\r\n(*) Modelo 4UMMU - M\u00f3dem Industrial Compacto GSM\/GPRS\/3G\r\n<ul>\r\n \t<li>Ficha de Producto: <a target=\"_blank\" href=\"https:\/\/www.zivautomation.com\/wp-content\/uploads\/2021\/03\/h4ummu2002iv00.pdf\">H4UMMU2002Iv00 (EN)<\/a><\/li>\r\n<\/ul>\r\nComunicado Mayo 2023\r\n<ul>\r\n \t<li>Recomendaciones y soporte a la configuraci\u00f3n de m\u00f3dems ZIV para cumplir con el requerimiento de REE que exige el paso de las comunicaciones GSM a acceso por IP. <a target=\"_blank\" href=\"https:\/\/www.zivautomation.com\/wp-content\/uploads\/2023\/05\/ree-acceso-ip-comunicado-ziv-mayo2023.pdf\">REE - ACCESO IP - COMUNICADO ZIV MAYO2023<\/a><\/li>\r\n<\/ul>[\/vc_column][\/vc_row]<\/p>\n<\/div>","protected":false},"excerpt":{"rendered":"<p> El m\u00f3dem 4UMML 4G LTE proporciona comunicaciones de datos inal\u00e1mbricas para el control remoto de dispositivos Smart Grid . Es un equipo compacto, optimizado para la transmisi\u00f3n de datos usando los diversos servicios que ofrecen los operadores de m\u00f3vil, R\u00e1pida implementaci\u00f3n El m\u00f3dem 4UMML permite una r\u00e1pida implementaci\u00f3n de las aplicaciones de telecontrol y [&hellip;]<\/p>\n","protected":false},"author":1323,"featured_media":89598,"parent":84941,"menu_order":227,"comment_status":"closed","ping_status":"closed","template":"","meta":{"_acf_changed":false,"footnotes":""},"categories":[429,208,388,347],"tags":[],"class_list":["post-75768","page","type-page","status-publish","has-post-thumbnail","hentry","category-comunicaciones-mt-bt-cat","category-comunicaciones-cat","category-subestacion-secundaria","category-router-modem-switch-cat"],"acf":[],"yoast_head":"<!-- This site is optimized with the Yoast SEO plugin v27.4 - https:\/\/yoast.com\/product\/yoast-seo-wordpress\/ -->\n<title>UMM - m\u00f3dem 4UMML 4G LTE - ZIV Cobertura mundial<\/title>\n<meta name=\"description\" content=\"El m\u00f3dem 4UMML 4G LTE proporciona comunicaciones de datos inal\u00e1mbricas para el control remoto de dispositivos Smart Grid\" \/>\n<meta name=\"robots\" content=\"index, follow, max-snippet:-1, max-image-preview:large, max-video-preview:-1\" \/>\n<link rel=\"canonical\" href=\"https:\/\/www.zivautomation.com\/es\/productos\/comunicaciones\/4g-lte-modem-cobertura-mundial-ziv-umml\/\" \/>\n<meta property=\"og:locale\" content=\"es_ES\" \/>\n<meta property=\"og:type\" content=\"article\" \/>\n<meta property=\"og:title\" content=\"UMM - m\u00f3dem 4UMML 4G LTE - ZIV Cobertura mundial\" \/>\n<meta property=\"og:description\" content=\"El m\u00f3dem 4UMML 4G LTE proporciona comunicaciones de datos inal\u00e1mbricas para el control remoto de dispositivos Smart Grid\" \/>\n<meta property=\"og:url\" content=\"https:\/\/www.zivautomation.com\/es\/productos\/comunicaciones\/4g-lte-modem-cobertura-mundial-ziv-umml\/\" \/>\n<meta property=\"og:site_name\" content=\"ZIV\" \/>\n<meta property=\"article:modified_time\" content=\"2024-06-07T10:00:27+00:00\" \/>\n<meta property=\"og:image\" content=\"https:\/\/www.zivautomation.com\/wp-content\/uploads\/2023\/06\/4umml-lr-scaled.jpg\" \/>\n\t<meta property=\"og:image:width\" content=\"1113\" \/>\n\t<meta property=\"og:image:height\" content=\"2560\" \/>\n\t<meta property=\"og:image:type\" content=\"image\/jpeg\" \/>\n<meta name=\"twitter:card\" content=\"summary_large_image\" \/>\n<meta name=\"twitter:label1\" content=\"Tiempo de lectura\" \/>\n\t<meta name=\"twitter:data1\" content=\"2 minutos\" \/>\n<script type=\"application\/ld+json\" class=\"yoast-schema-graph\">{\"@context\":\"https:\\\/\\\/schema.org\",\"@graph\":[{\"@type\":\"WebPage\",\"@id\":\"https:\\\/\\\/www.zivautomation.com\\\/es\\\/productos\\\/comunicaciones\\\/4g-lte-modem-cobertura-mundial-ziv-umml\\\/\",\"url\":\"https:\\\/\\\/www.zivautomation.com\\\/es\\\/productos\\\/comunicaciones\\\/4g-lte-modem-cobertura-mundial-ziv-umml\\\/\",\"name\":\"UMM - m\u00f3dem 4UMML 4G LTE - ZIV Cobertura mundial\",\"isPartOf\":{\"@id\":\"https:\\\/\\\/www.zivautomation.com\\\/es\\\/#website\"},\"primaryImageOfPage\":{\"@id\":\"https:\\\/\\\/www.zivautomation.com\\\/es\\\/productos\\\/comunicaciones\\\/4g-lte-modem-cobertura-mundial-ziv-umml\\\/#primaryimage\"},\"image\":{\"@id\":\"https:\\\/\\\/www.zivautomation.com\\\/es\\\/productos\\\/comunicaciones\\\/4g-lte-modem-cobertura-mundial-ziv-umml\\\/#primaryimage\"},\"thumbnailUrl\":\"https:\\\/\\\/www.zivautomation.com\\\/wp-content\\\/uploads\\\/2023\\\/06\\\/4umml-lr-scaled.jpg\",\"datePublished\":\"2020-06-22T09:45:08+00:00\",\"dateModified\":\"2024-06-07T10:00:27+00:00\",\"description\":\"El m\u00f3dem 4UMML 4G LTE proporciona comunicaciones de datos inal\u00e1mbricas para el control remoto de dispositivos Smart Grid\",\"breadcrumb\":{\"@id\":\"https:\\\/\\\/www.zivautomation.com\\\/es\\\/productos\\\/comunicaciones\\\/4g-lte-modem-cobertura-mundial-ziv-umml\\\/#breadcrumb\"},\"inLanguage\":\"es\",\"potentialAction\":[{\"@type\":\"ReadAction\",\"target\":[\"https:\\\/\\\/www.zivautomation.com\\\/es\\\/productos\\\/comunicaciones\\\/4g-lte-modem-cobertura-mundial-ziv-umml\\\/\"]}]},{\"@type\":\"ImageObject\",\"inLanguage\":\"es\",\"@id\":\"https:\\\/\\\/www.zivautomation.com\\\/es\\\/productos\\\/comunicaciones\\\/4g-lte-modem-cobertura-mundial-ziv-umml\\\/#primaryimage\",\"url\":\"https:\\\/\\\/www.zivautomation.com\\\/wp-content\\\/uploads\\\/2023\\\/06\\\/4umml-lr-scaled.jpg\",\"contentUrl\":\"https:\\\/\\\/www.zivautomation.com\\\/wp-content\\\/uploads\\\/2023\\\/06\\\/4umml-lr-scaled.jpg\",\"width\":1113,\"height\":2560},{\"@type\":\"BreadcrumbList\",\"@id\":\"https:\\\/\\\/www.zivautomation.com\\\/es\\\/productos\\\/comunicaciones\\\/4g-lte-modem-cobertura-mundial-ziv-umml\\\/#breadcrumb\",\"itemListElement\":[{\"@type\":\"ListItem\",\"position\":1,\"name\":\"Home\",\"item\":\"https:\\\/\\\/www.zivautomation.com\\\/es\\\/\"},{\"@type\":\"ListItem\",\"position\":2,\"name\":\"Soluciones ZIV\",\"item\":\"https:\\\/\\\/www.zivautomation.com\\\/es\\\/productos\\\/\"},{\"@type\":\"ListItem\",\"position\":3,\"name\":\"Comunicaciones\",\"item\":\"https:\\\/\\\/www.zivautomation.com\\\/es\\\/productos\\\/comunicaciones\\\/\"},{\"@type\":\"ListItem\",\"position\":4,\"name\":\"UMM &#8211; m\u00f3dem 4UMML 4G LTE\"}]},{\"@type\":\"WebSite\",\"@id\":\"https:\\\/\\\/www.zivautomation.com\\\/es\\\/#website\",\"url\":\"https:\\\/\\\/www.zivautomation.com\\\/es\\\/\",\"name\":\"ZIV\",\"description\":\"Haciendo realidad la Red del Futuro\",\"publisher\":{\"@id\":\"https:\\\/\\\/www.zivautomation.com\\\/es\\\/#organization\"},\"potentialAction\":[{\"@type\":\"SearchAction\",\"target\":{\"@type\":\"EntryPoint\",\"urlTemplate\":\"https:\\\/\\\/www.zivautomation.com\\\/es\\\/?s={search_term_string}\"},\"query-input\":{\"@type\":\"PropertyValueSpecification\",\"valueRequired\":true,\"valueName\":\"search_term_string\"}}],\"inLanguage\":\"es\"},{\"@type\":\"Organization\",\"@id\":\"https:\\\/\\\/www.zivautomation.com\\\/es\\\/#organization\",\"name\":\"ZIV\",\"url\":\"https:\\\/\\\/www.zivautomation.com\\\/es\\\/\",\"logo\":{\"@type\":\"ImageObject\",\"inLanguage\":\"es\",\"@id\":\"https:\\\/\\\/www.zivautomation.com\\\/es\\\/#\\\/schema\\\/logo\\\/image\\\/\",\"url\":\"https:\\\/\\\/www.zivautomation.com\\\/wp-content\\\/uploads\\\/2016\\\/10\\\/ziv_solo_cmyk_hr.jpg\",\"contentUrl\":\"https:\\\/\\\/www.zivautomation.com\\\/wp-content\\\/uploads\\\/2016\\\/10\\\/ziv_solo_cmyk_hr.jpg\",\"width\":7078,\"height\":2234,\"caption\":\"ZIV\"},\"image\":{\"@id\":\"https:\\\/\\\/www.zivautomation.com\\\/es\\\/#\\\/schema\\\/logo\\\/image\\\/\"}}]}<\/script>\n<!-- \/ Yoast SEO plugin. -->","yoast_head_json":{"title":"UMM - m\u00f3dem 4UMML 4G LTE - ZIV Cobertura mundial","description":"El m\u00f3dem 4UMML 4G LTE proporciona comunicaciones de datos inal\u00e1mbricas para el control remoto de dispositivos Smart Grid","robots":{"index":"index","follow":"follow","max-snippet":"max-snippet:-1","max-image-preview":"max-image-preview:large","max-video-preview":"max-video-preview:-1"},"canonical":"https:\/\/www.zivautomation.com\/es\/productos\/comunicaciones\/4g-lte-modem-cobertura-mundial-ziv-umml\/","og_locale":"es_ES","og_type":"article","og_title":"UMM - m\u00f3dem 4UMML 4G LTE - ZIV Cobertura mundial","og_description":"El m\u00f3dem 4UMML 4G LTE proporciona comunicaciones de datos inal\u00e1mbricas para el control remoto de dispositivos Smart Grid","og_url":"https:\/\/www.zivautomation.com\/es\/productos\/comunicaciones\/4g-lte-modem-cobertura-mundial-ziv-umml\/","og_site_name":"ZIV","article_modified_time":"2024-06-07T10:00:27+00:00","og_image":[{"width":1113,"height":2560,"url":"https:\/\/www.zivautomation.com\/wp-content\/uploads\/2023\/06\/4umml-lr-scaled.jpg","type":"image\/jpeg"}],"twitter_card":"summary_large_image","twitter_misc":{"Tiempo de lectura":"2 minutos"},"schema":{"@context":"https:\/\/schema.org","@graph":[{"@type":"WebPage","@id":"https:\/\/www.zivautomation.com\/es\/productos\/comunicaciones\/4g-lte-modem-cobertura-mundial-ziv-umml\/","url":"https:\/\/www.zivautomation.com\/es\/productos\/comunicaciones\/4g-lte-modem-cobertura-mundial-ziv-umml\/","name":"UMM - m\u00f3dem 4UMML 4G LTE - ZIV Cobertura mundial","isPartOf":{"@id":"https:\/\/www.zivautomation.com\/es\/#website"},"primaryImageOfPage":{"@id":"https:\/\/www.zivautomation.com\/es\/productos\/comunicaciones\/4g-lte-modem-cobertura-mundial-ziv-umml\/#primaryimage"},"image":{"@id":"https:\/\/www.zivautomation.com\/es\/productos\/comunicaciones\/4g-lte-modem-cobertura-mundial-ziv-umml\/#primaryimage"},"thumbnailUrl":"https:\/\/www.zivautomation.com\/wp-content\/uploads\/2023\/06\/4umml-lr-scaled.jpg","datePublished":"2020-06-22T09:45:08+00:00","dateModified":"2024-06-07T10:00:27+00:00","description":"El m\u00f3dem 4UMML 4G LTE proporciona comunicaciones de datos inal\u00e1mbricas para el control remoto de dispositivos Smart Grid","breadcrumb":{"@id":"https:\/\/www.zivautomation.com\/es\/productos\/comunicaciones\/4g-lte-modem-cobertura-mundial-ziv-umml\/#breadcrumb"},"inLanguage":"es","potentialAction":[{"@type":"ReadAction","target":["https:\/\/www.zivautomation.com\/es\/productos\/comunicaciones\/4g-lte-modem-cobertura-mundial-ziv-umml\/"]}]},{"@type":"ImageObject","inLanguage":"es","@id":"https:\/\/www.zivautomation.com\/es\/productos\/comunicaciones\/4g-lte-modem-cobertura-mundial-ziv-umml\/#primaryimage","url":"https:\/\/www.zivautomation.com\/wp-content\/uploads\/2023\/06\/4umml-lr-scaled.jpg","contentUrl":"https:\/\/www.zivautomation.com\/wp-content\/uploads\/2023\/06\/4umml-lr-scaled.jpg","width":1113,"height":2560},{"@type":"BreadcrumbList","@id":"https:\/\/www.zivautomation.com\/es\/productos\/comunicaciones\/4g-lte-modem-cobertura-mundial-ziv-umml\/#breadcrumb","itemListElement":[{"@type":"ListItem","position":1,"name":"Home","item":"https:\/\/www.zivautomation.com\/es\/"},{"@type":"ListItem","position":2,"name":"Soluciones ZIV","item":"https:\/\/www.zivautomation.com\/es\/productos\/"},{"@type":"ListItem","position":3,"name":"Comunicaciones","item":"https:\/\/www.zivautomation.com\/es\/productos\/comunicaciones\/"},{"@type":"ListItem","position":4,"name":"UMM &#8211; m\u00f3dem 4UMML 4G LTE"}]},{"@type":"WebSite","@id":"https:\/\/www.zivautomation.com\/es\/#website","url":"https:\/\/www.zivautomation.com\/es\/","name":"ZIV","description":"Haciendo realidad la Red del Futuro","publisher":{"@id":"https:\/\/www.zivautomation.com\/es\/#organization"},"potentialAction":[{"@type":"SearchAction","target":{"@type":"EntryPoint","urlTemplate":"https:\/\/www.zivautomation.com\/es\/?s={search_term_string}"},"query-input":{"@type":"PropertyValueSpecification","valueRequired":true,"valueName":"search_term_string"}}],"inLanguage":"es"},{"@type":"Organization","@id":"https:\/\/www.zivautomation.com\/es\/#organization","name":"ZIV","url":"https:\/\/www.zivautomation.com\/es\/","logo":{"@type":"ImageObject","inLanguage":"es","@id":"https:\/\/www.zivautomation.com\/es\/#\/schema\/logo\/image\/","url":"https:\/\/www.zivautomation.com\/wp-content\/uploads\/2016\/10\/ziv_solo_cmyk_hr.jpg","contentUrl":"https:\/\/www.zivautomation.com\/wp-content\/uploads\/2016\/10\/ziv_solo_cmyk_hr.jpg","width":7078,"height":2234,"caption":"ZIV"},"image":{"@id":"https:\/\/www.zivautomation.com\/es\/#\/schema\/logo\/image\/"}}]}},"_links":{"self":[{"href":"https:\/\/www.zivautomation.com\/es\/wp-json\/wp\/v2\/pages\/75768","targetHints":{"allow":["GET"]}}],"collection":[{"href":"https:\/\/www.zivautomation.com\/es\/wp-json\/wp\/v2\/pages"}],"about":[{"href":"https:\/\/www.zivautomation.com\/es\/wp-json\/wp\/v2\/types\/page"}],"author":[{"embeddable":true,"href":"https:\/\/www.zivautomation.com\/es\/wp-json\/wp\/v2\/users\/1323"}],"replies":[{"embeddable":true,"href":"https:\/\/www.zivautomation.com\/es\/wp-json\/wp\/v2\/comments?post=75768"}],"version-history":[{"count":22,"href":"https:\/\/www.zivautomation.com\/es\/wp-json\/wp\/v2\/pages\/75768\/revisions"}],"predecessor-version":[{"id":96333,"href":"https:\/\/www.zivautomation.com\/es\/wp-json\/wp\/v2\/pages\/75768\/revisions\/96333"}],"up":[{"embeddable":true,"href":"https:\/\/www.zivautomation.com\/es\/wp-json\/wp\/v2\/pages\/84941"}],"wp:featuredmedia":[{"embeddable":true,"href":"https:\/\/www.zivautomation.com\/es\/wp-json\/wp\/v2\/media\/89598"}],"wp:attachment":[{"href":"https:\/\/www.zivautomation.com\/es\/wp-json\/wp\/v2\/media?parent=75768"}],"wp:term":[{"taxonomy":"category","embeddable":true,"href":"https:\/\/www.zivautomation.com\/es\/wp-json\/wp\/v2\/categories?post=75768"},{"taxonomy":"post_tag","embeddable":true,"href":"https:\/\/www.zivautomation.com\/es\/wp-json\/wp\/v2\/tags?post=75768"}],"curies":[{"name":"wp","href":"https:\/\/api.w.org\/{rel}","templated":true}]}}