{"id":73634,"date":"2020-02-21T13:37:16","date_gmt":"2020-02-21T12:37:16","guid":{"rendered":"https:\/\/www.zivautomation.com\/?page_id=73634"},"modified":"2026-04-01T13:53:56","modified_gmt":"2026-04-01T11:53:56","slug":"rtu-de-media-tension-adaptado-a-su-utilizacion-en-seccionadores-aereos-ocr","status":"publish","type":"page","link":"https:\/\/www.zivautomation.com\/es\/productos\/soluciones-de-automatizacion-de-distribucion\/rtu-de-media-tension-adaptado-a-su-utilizacion-en-seccionadores-aereos-ocr\/","title":{"rendered":"TCA-D &#8211; RTU de media tensi\u00f3n adaptado a su utilizaci\u00f3n en seccionadores a\u00e9reos."},"content":{"rendered":"<div class=\"wpb-content-wrapper\"><p>[vc_row][vc_column width=&#8221;1\/3&#8243;][vc_single_image image=&#8221;162422&#8243; img_size=&#8221;medium&#8221; add_caption=&#8221;yes&#8221; alignment=&#8221;center&#8221; onclick=&#8221;img_link_large&#8221; css=&#8221;&#8221;][\/vc_column][vc_column width=&#8221;2\/3&#8243;][vc_column_text]<\/p>\n<h2>2TCA-D (1\/3 rack) es una combinaci\u00f3n de Terminal Remoto de Telecontrol (RTU), un sistema de supervisi\u00f3n de Media Tensi\u00f3n y un sistema de Control y Automatizaci\u00f3n especialmente adaptados a su utilizaci\u00f3n en seccionadores a\u00e9reos.<\/h2>\n<p>El equipo integra todas las funciones requeridas para una protecci\u00f3n completa en l\u00edneas a\u00e9reas y por lo tanto es de aplicaci\u00f3n en \u00d3rganos de Corte de Red (OCR) donde se requiere una supervisi\u00f3n de los par\u00e1metros de la red de Media Tensi\u00f3n (medida de tensiones, intensidades), detecci\u00f3n y comunicaci\u00f3n hacia el despacho de control de la existencia de faltas tanto entre fases como entre fase y tierra, sin indicaci\u00f3n de la direccionalidad de las mismas, aislamiento autom\u00e1tico de los tramos en falta y control desde el despacho de la apertura y cierre del ruptor de la posici\u00f3n.<\/p>\n<p><strong>Caracter\u00edsticas generales:<\/strong><\/p>\n<ul>\n<li>L\u00f3gica programable por P\u00e1gina Web<\/li>\n<li>Hasta 64 entradas digitales<\/li>\n<li>16 salidas digitales configurables para se\u00f1alizaci\u00f3n de alarmas o para los comandos de control del seccionador a\u00e9reo<\/li>\n<li>24 canales anal\u00f3gicos.<\/li>\n<li>Hasta 5 funciones de DPF<\/li>\n<li>4000 eventos y un registrador de oscilograf\u00eda (frecuencia de muestreo 4800 Hz).<\/li>\n<li>P\u00e1gina web para diagn\u00f3stico y mantenimiento<\/li>\n<li>Automatismo de aislamiento de falta (AAF)<\/li>\n<li>Ciberseguridad<\/li>\n<\/ul>\n<p><strong>Expansiones compatibles con equipos con el rol de maestro- esclavo<\/strong><br \/>\nEn el caso de que grandes instalaciones no se puedan automatizar con un solo equipo, es posible crear una cadena de varios dispositivos en la que: un dispositivo act\u00faa como maestro, incluida la funci\u00f3n de RTU y el resto de los equipos se comportar\u00e1n como esclavos, intercambiando los datos que recogen de cada l\u00ednea.<\/p>\n<p><strong>Servidor Web para el Diagnostico y Mantenimiento <\/strong><br \/>\nCon el servidor Web del equipo se puede conocer el diagrama unifilar de la instalaci\u00f3n, as\u00ed como el estado de los diferentes elementos de la instalaci\u00f3n para un correcto diagn\u00f3stico y mantenimiento.<br \/>\nNo se requieren herramientas software propietarias, con solo un navegador web se podr\u00e1 acceder a la p\u00e1gina web del equipo.<\/p>\n<p><strong>Protocolos de Comunicaciones y Ciberseguridad<\/strong><br \/>\nEl TCA D\/E puede comunicarse con los centros de control o sistemas SCADA usando el protocolo de comunicaciones IEC 60870-5-104.<br \/>\nDesde la P\u00e1gina Web o utilizando Servicios Web de puede actualizar el firmware, la configuraci\u00f3n y realizar comandos remotos entre otro tipo de operaciones.<br \/>\nTodas las operaciones son transmitidas a trav\u00e9s de protocolos encriptados como HTTPS o SSH.<br \/>\nUtiliza protocolos como LDAP and TACACS+ para gestionar el acceso basado en roles v\u00eda autenticaci\u00f3n.<\/p>\n<p><strong>Restauraci\u00f3n Autom\u00e1tica del servicio (FIA)<\/strong><br \/>\nEl TCA ha sido dise\u00f1ado para funcionar como parte de un sistema de restauraci\u00f3n de servicio autom\u00e1tico.<br \/>\nPara un funcionamiento \u00f3ptimo de la red es posible modificar de forma adaptativa los ajustes y las configuraciones del equipo.<\/p>\n<p>&nbsp;<\/p>\n<p><strong>Relacionado<\/strong><\/p>\n<ul>\n<li><a href=\"..\/..\/\">Distribution Automation<\/a><\/li>\n<li><a href=\"https:\/\/www.zivautomation.com\/es\/digitalizando-la-red-de-distribucion-2\/armarios-de-control-de-ocr-organo-de-corte-de-red\/\">Armarios de control OCR<\/a><\/li>\n<\/ul>\n<p><span style=\"color: #ffffff;\">[2TCA]<\/span>[\/vc_column_text]<p><strong>Documentaci\u00f3n<\/strong><\/p><ul>\r\n \t<li>Manual de instrucciones :<a target=\"_blank\" class=\"icon-lock\" data-id=\"73554\" href=\"https:\/\/www.zivautomation.com\/es\/access\/acceso\/\">M2TCAD1907Ev02<\/a><\/li>\r\n \t<li>Ficha de producto (TCA-D\/E): <a target=\"_blank\" class=\"icon-lock\" href=\"https:\/\/www.zivautomation.com\/es\/access\/acceso\/\">H0TCADE1807Iv00<\/a><\/li>\r\n<\/ul>[\/vc_column][\/vc_row]<\/p>\n<\/div>","protected":false},"excerpt":{"rendered":"<p> 2TCA-D (1\/3 rack) es una combinaci\u00f3n de Terminal Remoto de Telecontrol (RTU), un sistema de supervisi\u00f3n de Media Tensi\u00f3n y un sistema de Control y Automatizaci\u00f3n especialmente adaptados a su utilizaci\u00f3n en seccionadores a\u00e9reos. El equipo integra todas las funciones requeridas para una protecci\u00f3n completa en l\u00edneas a\u00e9reas y por lo [&hellip;]<\/p>\n","protected":false},"author":1323,"featured_media":73637,"parent":84915,"menu_order":150,"comment_status":"closed","ping_status":"closed","template":"","meta":{"_acf_changed":false,"footnotes":""},"categories":[279,388,212,419],"tags":[],"class_list":["post-73634","page","type-page","status-publish","has-post-thumbnail","hentry","category-rtus-y-equipos-de-supervision-de-bt-cat","category-subestacion-secundaria","category-rtus-es-cat","category-subestacion-mt-detector-de-paso-de-fallos-cat"],"acf":[],"yoast_head":"<!-- This site is optimized with the Yoast SEO plugin v27.5 - https:\/\/yoast.com\/product\/yoast-seo-wordpress\/ -->\n<title>TCA-D - RTU de media tensi\u00f3n adaptado a su utilizaci\u00f3n en seccionadores a\u00e9reos. - ZIV<\/title>\n<meta name=\"description\" content=\"Distribution Monitoring and Automation RTU for extensible Switchgear in underground Distribution networks or pole-mounted LBS in Overhead lines.\" \/>\n<meta name=\"robots\" content=\"index, follow, max-snippet:-1, max-image-preview:large, max-video-preview:-1\" \/>\n<link rel=\"canonical\" href=\"https:\/\/www.zivautomation.com\/es\/productos\/soluciones-de-automatizacion-de-distribucion\/rtu-de-media-tension-adaptado-a-su-utilizacion-en-seccionadores-aereos-ocr\/\" \/>\n<meta property=\"og:locale\" content=\"es_ES\" \/>\n<meta property=\"og:type\" content=\"article\" \/>\n<meta property=\"og:title\" content=\"TCA-D - RTU de media tensi\u00f3n adaptado a su utilizaci\u00f3n en seccionadores a\u00e9reos. - ZIV\" \/>\n<meta property=\"og:description\" content=\"Distribution Monitoring and Automation RTU for extensible Switchgear in underground Distribution networks or pole-mounted LBS in Overhead lines.\" \/>\n<meta property=\"og:url\" content=\"https:\/\/www.zivautomation.com\/es\/productos\/soluciones-de-automatizacion-de-distribucion\/rtu-de-media-tension-adaptado-a-su-utilizacion-en-seccionadores-aereos-ocr\/\" \/>\n<meta property=\"og:site_name\" content=\"ZIV\" \/>\n<meta property=\"article:modified_time\" content=\"2026-04-01T11:53:56+00:00\" \/>\n<meta property=\"og:image\" content=\"https:\/\/www.zivautomation.com\/wp-content\/uploads\/2020\/02\/ziv-tca-ocr-lbs-overhead-line-protection-rtu.png\" \/>\n\t<meta property=\"og:image:width\" content=\"800\" \/>\n\t<meta property=\"og:image:height\" content=\"400\" \/>\n\t<meta property=\"og:image:type\" content=\"image\/png\" \/>\n<meta name=\"twitter:card\" content=\"summary_large_image\" \/>\n<meta name=\"twitter:label1\" content=\"Tiempo de lectura\" \/>\n\t<meta name=\"twitter:data1\" content=\"3 minutos\" \/>\n<script type=\"application\/ld+json\" class=\"yoast-schema-graph\">{\"@context\":\"https:\\\/\\\/schema.org\",\"@graph\":[{\"@type\":\"WebPage\",\"@id\":\"https:\\\/\\\/www.zivautomation.com\\\/es\\\/productos\\\/soluciones-de-automatizacion-de-distribucion\\\/rtu-de-media-tension-adaptado-a-su-utilizacion-en-seccionadores-aereos-ocr\\\/\",\"url\":\"https:\\\/\\\/www.zivautomation.com\\\/es\\\/productos\\\/soluciones-de-automatizacion-de-distribucion\\\/rtu-de-media-tension-adaptado-a-su-utilizacion-en-seccionadores-aereos-ocr\\\/\",\"name\":\"TCA-D - RTU de media tensi\u00f3n adaptado a su utilizaci\u00f3n en seccionadores a\u00e9reos. - ZIV\",\"isPartOf\":{\"@id\":\"https:\\\/\\\/www.zivautomation.com\\\/es\\\/#website\"},\"primaryImageOfPage\":{\"@id\":\"https:\\\/\\\/www.zivautomation.com\\\/es\\\/productos\\\/soluciones-de-automatizacion-de-distribucion\\\/rtu-de-media-tension-adaptado-a-su-utilizacion-en-seccionadores-aereos-ocr\\\/#primaryimage\"},\"image\":{\"@id\":\"https:\\\/\\\/www.zivautomation.com\\\/es\\\/productos\\\/soluciones-de-automatizacion-de-distribucion\\\/rtu-de-media-tension-adaptado-a-su-utilizacion-en-seccionadores-aereos-ocr\\\/#primaryimage\"},\"thumbnailUrl\":\"https:\\\/\\\/www.zivautomation.com\\\/wp-content\\\/uploads\\\/2020\\\/02\\\/ziv-tca-ocr-lbs-overhead-line-protection-rtu.png\",\"datePublished\":\"2020-02-21T12:37:16+00:00\",\"dateModified\":\"2026-04-01T11:53:56+00:00\",\"description\":\"Distribution Monitoring and Automation RTU for extensible Switchgear in underground Distribution networks or pole-mounted LBS in Overhead lines.\",\"breadcrumb\":{\"@id\":\"https:\\\/\\\/www.zivautomation.com\\\/es\\\/productos\\\/soluciones-de-automatizacion-de-distribucion\\\/rtu-de-media-tension-adaptado-a-su-utilizacion-en-seccionadores-aereos-ocr\\\/#breadcrumb\"},\"inLanguage\":\"es\",\"potentialAction\":[{\"@type\":\"ReadAction\",\"target\":[\"https:\\\/\\\/www.zivautomation.com\\\/es\\\/productos\\\/soluciones-de-automatizacion-de-distribucion\\\/rtu-de-media-tension-adaptado-a-su-utilizacion-en-seccionadores-aereos-ocr\\\/\"]}]},{\"@type\":\"ImageObject\",\"inLanguage\":\"es\",\"@id\":\"https:\\\/\\\/www.zivautomation.com\\\/es\\\/productos\\\/soluciones-de-automatizacion-de-distribucion\\\/rtu-de-media-tension-adaptado-a-su-utilizacion-en-seccionadores-aereos-ocr\\\/#primaryimage\",\"url\":\"https:\\\/\\\/www.zivautomation.com\\\/wp-content\\\/uploads\\\/2020\\\/02\\\/ziv-tca-ocr-lbs-overhead-line-protection-rtu.png\",\"contentUrl\":\"https:\\\/\\\/www.zivautomation.com\\\/wp-content\\\/uploads\\\/2020\\\/02\\\/ziv-tca-ocr-lbs-overhead-line-protection-rtu.png\",\"width\":800,\"height\":400,\"caption\":\"ziv TCA ocr lbs overhead line protection rtu\"},{\"@type\":\"BreadcrumbList\",\"@id\":\"https:\\\/\\\/www.zivautomation.com\\\/es\\\/productos\\\/soluciones-de-automatizacion-de-distribucion\\\/rtu-de-media-tension-adaptado-a-su-utilizacion-en-seccionadores-aereos-ocr\\\/#breadcrumb\",\"itemListElement\":[{\"@type\":\"ListItem\",\"position\":1,\"name\":\"Home\",\"item\":\"https:\\\/\\\/www.zivautomation.com\\\/es\\\/\"},{\"@type\":\"ListItem\",\"position\":2,\"name\":\"Soluciones ZIV\",\"item\":\"https:\\\/\\\/www.zivautomation.com\\\/es\\\/productos\\\/\"},{\"@type\":\"ListItem\",\"position\":3,\"name\":\"Soluciones para la Automatizaci\u00f3n de la Distribuci\u00f3n\",\"item\":\"https:\\\/\\\/www.zivautomation.com\\\/es\\\/productos\\\/soluciones-de-automatizacion-de-distribucion\\\/\"},{\"@type\":\"ListItem\",\"position\":4,\"name\":\"TCA-D &#8211; RTU de media tensi\u00f3n adaptado a su utilizaci\u00f3n en seccionadores a\u00e9reos.\"}]},{\"@type\":\"WebSite\",\"@id\":\"https:\\\/\\\/www.zivautomation.com\\\/es\\\/#website\",\"url\":\"https:\\\/\\\/www.zivautomation.com\\\/es\\\/\",\"name\":\"ZIV\",\"description\":\"Haciendo realidad la Red del Futuro\",\"publisher\":{\"@id\":\"https:\\\/\\\/www.zivautomation.com\\\/es\\\/#organization\"},\"potentialAction\":[{\"@type\":\"SearchAction\",\"target\":{\"@type\":\"EntryPoint\",\"urlTemplate\":\"https:\\\/\\\/www.zivautomation.com\\\/es\\\/?s={search_term_string}\"},\"query-input\":{\"@type\":\"PropertyValueSpecification\",\"valueRequired\":true,\"valueName\":\"search_term_string\"}}],\"inLanguage\":\"es\"},{\"@type\":\"Organization\",\"@id\":\"https:\\\/\\\/www.zivautomation.com\\\/es\\\/#organization\",\"name\":\"ZIV\",\"url\":\"https:\\\/\\\/www.zivautomation.com\\\/es\\\/\",\"logo\":{\"@type\":\"ImageObject\",\"inLanguage\":\"es\",\"@id\":\"https:\\\/\\\/www.zivautomation.com\\\/es\\\/#\\\/schema\\\/logo\\\/image\\\/\",\"url\":\"https:\\\/\\\/www.zivautomation.com\\\/wp-content\\\/uploads\\\/2016\\\/10\\\/ziv_solo_cmyk_hr.jpg\",\"contentUrl\":\"https:\\\/\\\/www.zivautomation.com\\\/wp-content\\\/uploads\\\/2016\\\/10\\\/ziv_solo_cmyk_hr.jpg\",\"width\":7078,\"height\":2234,\"caption\":\"ZIV\"},\"image\":{\"@id\":\"https:\\\/\\\/www.zivautomation.com\\\/es\\\/#\\\/schema\\\/logo\\\/image\\\/\"}}]}<\/script>\n<!-- \/ Yoast SEO plugin. -->","yoast_head_json":{"title":"TCA-D - RTU de media tensi\u00f3n adaptado a su utilizaci\u00f3n en seccionadores a\u00e9reos. - ZIV","description":"Distribution Monitoring and Automation RTU for extensible Switchgear in underground Distribution networks or pole-mounted LBS in Overhead lines.","robots":{"index":"index","follow":"follow","max-snippet":"max-snippet:-1","max-image-preview":"max-image-preview:large","max-video-preview":"max-video-preview:-1"},"canonical":"https:\/\/www.zivautomation.com\/es\/productos\/soluciones-de-automatizacion-de-distribucion\/rtu-de-media-tension-adaptado-a-su-utilizacion-en-seccionadores-aereos-ocr\/","og_locale":"es_ES","og_type":"article","og_title":"TCA-D - RTU de media tensi\u00f3n adaptado a su utilizaci\u00f3n en seccionadores a\u00e9reos. - ZIV","og_description":"Distribution Monitoring and Automation RTU for extensible Switchgear in underground Distribution networks or pole-mounted LBS in Overhead lines.","og_url":"https:\/\/www.zivautomation.com\/es\/productos\/soluciones-de-automatizacion-de-distribucion\/rtu-de-media-tension-adaptado-a-su-utilizacion-en-seccionadores-aereos-ocr\/","og_site_name":"ZIV","article_modified_time":"2026-04-01T11:53:56+00:00","og_image":[{"width":800,"height":400,"url":"https:\/\/www.zivautomation.com\/wp-content\/uploads\/2020\/02\/ziv-tca-ocr-lbs-overhead-line-protection-rtu.png","type":"image\/png"}],"twitter_card":"summary_large_image","twitter_misc":{"Tiempo de lectura":"3 minutos"},"schema":{"@context":"https:\/\/schema.org","@graph":[{"@type":"WebPage","@id":"https:\/\/www.zivautomation.com\/es\/productos\/soluciones-de-automatizacion-de-distribucion\/rtu-de-media-tension-adaptado-a-su-utilizacion-en-seccionadores-aereos-ocr\/","url":"https:\/\/www.zivautomation.com\/es\/productos\/soluciones-de-automatizacion-de-distribucion\/rtu-de-media-tension-adaptado-a-su-utilizacion-en-seccionadores-aereos-ocr\/","name":"TCA-D - RTU de media tensi\u00f3n adaptado a su utilizaci\u00f3n en seccionadores a\u00e9reos. - ZIV","isPartOf":{"@id":"https:\/\/www.zivautomation.com\/es\/#website"},"primaryImageOfPage":{"@id":"https:\/\/www.zivautomation.com\/es\/productos\/soluciones-de-automatizacion-de-distribucion\/rtu-de-media-tension-adaptado-a-su-utilizacion-en-seccionadores-aereos-ocr\/#primaryimage"},"image":{"@id":"https:\/\/www.zivautomation.com\/es\/productos\/soluciones-de-automatizacion-de-distribucion\/rtu-de-media-tension-adaptado-a-su-utilizacion-en-seccionadores-aereos-ocr\/#primaryimage"},"thumbnailUrl":"https:\/\/www.zivautomation.com\/wp-content\/uploads\/2020\/02\/ziv-tca-ocr-lbs-overhead-line-protection-rtu.png","datePublished":"2020-02-21T12:37:16+00:00","dateModified":"2026-04-01T11:53:56+00:00","description":"Distribution Monitoring and Automation RTU for extensible Switchgear in underground Distribution networks or pole-mounted LBS in Overhead lines.","breadcrumb":{"@id":"https:\/\/www.zivautomation.com\/es\/productos\/soluciones-de-automatizacion-de-distribucion\/rtu-de-media-tension-adaptado-a-su-utilizacion-en-seccionadores-aereos-ocr\/#breadcrumb"},"inLanguage":"es","potentialAction":[{"@type":"ReadAction","target":["https:\/\/www.zivautomation.com\/es\/productos\/soluciones-de-automatizacion-de-distribucion\/rtu-de-media-tension-adaptado-a-su-utilizacion-en-seccionadores-aereos-ocr\/"]}]},{"@type":"ImageObject","inLanguage":"es","@id":"https:\/\/www.zivautomation.com\/es\/productos\/soluciones-de-automatizacion-de-distribucion\/rtu-de-media-tension-adaptado-a-su-utilizacion-en-seccionadores-aereos-ocr\/#primaryimage","url":"https:\/\/www.zivautomation.com\/wp-content\/uploads\/2020\/02\/ziv-tca-ocr-lbs-overhead-line-protection-rtu.png","contentUrl":"https:\/\/www.zivautomation.com\/wp-content\/uploads\/2020\/02\/ziv-tca-ocr-lbs-overhead-line-protection-rtu.png","width":800,"height":400,"caption":"ziv TCA ocr lbs overhead line protection rtu"},{"@type":"BreadcrumbList","@id":"https:\/\/www.zivautomation.com\/es\/productos\/soluciones-de-automatizacion-de-distribucion\/rtu-de-media-tension-adaptado-a-su-utilizacion-en-seccionadores-aereos-ocr\/#breadcrumb","itemListElement":[{"@type":"ListItem","position":1,"name":"Home","item":"https:\/\/www.zivautomation.com\/es\/"},{"@type":"ListItem","position":2,"name":"Soluciones ZIV","item":"https:\/\/www.zivautomation.com\/es\/productos\/"},{"@type":"ListItem","position":3,"name":"Soluciones para la Automatizaci\u00f3n de la Distribuci\u00f3n","item":"https:\/\/www.zivautomation.com\/es\/productos\/soluciones-de-automatizacion-de-distribucion\/"},{"@type":"ListItem","position":4,"name":"TCA-D &#8211; RTU de media tensi\u00f3n adaptado a su utilizaci\u00f3n en seccionadores a\u00e9reos."}]},{"@type":"WebSite","@id":"https:\/\/www.zivautomation.com\/es\/#website","url":"https:\/\/www.zivautomation.com\/es\/","name":"ZIV","description":"Haciendo realidad la Red del Futuro","publisher":{"@id":"https:\/\/www.zivautomation.com\/es\/#organization"},"potentialAction":[{"@type":"SearchAction","target":{"@type":"EntryPoint","urlTemplate":"https:\/\/www.zivautomation.com\/es\/?s={search_term_string}"},"query-input":{"@type":"PropertyValueSpecification","valueRequired":true,"valueName":"search_term_string"}}],"inLanguage":"es"},{"@type":"Organization","@id":"https:\/\/www.zivautomation.com\/es\/#organization","name":"ZIV","url":"https:\/\/www.zivautomation.com\/es\/","logo":{"@type":"ImageObject","inLanguage":"es","@id":"https:\/\/www.zivautomation.com\/es\/#\/schema\/logo\/image\/","url":"https:\/\/www.zivautomation.com\/wp-content\/uploads\/2016\/10\/ziv_solo_cmyk_hr.jpg","contentUrl":"https:\/\/www.zivautomation.com\/wp-content\/uploads\/2016\/10\/ziv_solo_cmyk_hr.jpg","width":7078,"height":2234,"caption":"ZIV"},"image":{"@id":"https:\/\/www.zivautomation.com\/es\/#\/schema\/logo\/image\/"}}]}},"_links":{"self":[{"href":"https:\/\/www.zivautomation.com\/es\/wp-json\/wp\/v2\/pages\/73634","targetHints":{"allow":["GET"]}}],"collection":[{"href":"https:\/\/www.zivautomation.com\/es\/wp-json\/wp\/v2\/pages"}],"about":[{"href":"https:\/\/www.zivautomation.com\/es\/wp-json\/wp\/v2\/types\/page"}],"author":[{"embeddable":true,"href":"https:\/\/www.zivautomation.com\/es\/wp-json\/wp\/v2\/users\/1323"}],"replies":[{"embeddable":true,"href":"https:\/\/www.zivautomation.com\/es\/wp-json\/wp\/v2\/comments?post=73634"}],"version-history":[{"count":6,"href":"https:\/\/www.zivautomation.com\/es\/wp-json\/wp\/v2\/pages\/73634\/revisions"}],"predecessor-version":[{"id":162429,"href":"https:\/\/www.zivautomation.com\/es\/wp-json\/wp\/v2\/pages\/73634\/revisions\/162429"}],"up":[{"embeddable":true,"href":"https:\/\/www.zivautomation.com\/es\/wp-json\/wp\/v2\/pages\/84915"}],"wp:featuredmedia":[{"embeddable":true,"href":"https:\/\/www.zivautomation.com\/es\/wp-json\/wp\/v2\/media\/73637"}],"wp:attachment":[{"href":"https:\/\/www.zivautomation.com\/es\/wp-json\/wp\/v2\/media?parent=73634"}],"wp:term":[{"taxonomy":"category","embeddable":true,"href":"https:\/\/www.zivautomation.com\/es\/wp-json\/wp\/v2\/categories?post=73634"},{"taxonomy":"post_tag","embeddable":true,"href":"https:\/\/www.zivautomation.com\/es\/wp-json\/wp\/v2\/tags?post=73634"}],"curies":[{"name":"wp","href":"https:\/\/api.w.org\/{rel}","templated":true}]}}