{"id":70759,"date":"2019-06-19T10:44:44","date_gmt":"2019-06-19T08:44:44","guid":{"rendered":"https:\/\/www.zivautomation.com\/?page_id=70759"},"modified":"2022-07-25T00:43:20","modified_gmt":"2022-07-24T22:43:20","slug":"automatizacion-de-la-red-de-media-tension_remota-para-rmu-compacta-tca","status":"publish","type":"page","link":"https:\/\/www.zivautomation.com\/es\/productos\/soluciones-de-automatizacion-de-distribucion\/automatizacion-de-la-red-de-media-tension_remota-para-rmu-compacta-tca\/","title":{"rendered":"TCA &#8211; Remota para RMU. Supervisi\u00f3n y Automatizaci\u00f3n en MT"},"content":{"rendered":"<div class=\"wpb-content-wrapper\"><p>[vc_row][vc_column width=&#8221;1\/3&#8243;][vc_single_image image=&#8221;6175&#8243; img_size=&#8221;medium&#8221; add_caption=&#8221;yes&#8221; onclick=&#8221;img_link_large&#8221;][\/vc_column][vc_column width=&#8221;2\/3&#8243;][vc_column_text]<\/p>\n<h2>TCA-C:\u00a0RTU con Detector de Paso de Falta (DPF) direccional para celdas compactas de media tensi\u00f3n de 2 y 3 l\u00edneas.<\/h2>\n<p>Soluci\u00f3n de Automatizaci\u00f3n y Supervisi\u00f3n de ciberseguridad para celdas compactas en Centros de Distribuci\u00f3n. Apta para la gran variedad de sistemas de puesta a tierra (neutro directo a tierra, neutro impedante, neutro aislado o compensado mediante bobina Petersen. La RTU permite la comunicaci\u00f3n con el Sistema SCADA y los despachos de control usando el protocolo IEC 60870\u20115\u2011104, haciendo posible las soluciones FLISR para los operadores del sistema de distribuci\u00f3n (DSO).<\/p>\n<p><strong>Caracter\u00edsticas principales<\/strong><\/p>\n<ul>\n<li>L\u00f3gica programable por P\u00e1gina Web.<\/li>\n<li>Hist\u00f3rico de 2500 eventos y 5 registradores de faltas (TCA-D\/E 4000).<\/li>\n<li>Registrador de oscilograf\u00eda (5 archivos COMTRADE y una frecuencia de muestreo de 7200 Hz).<\/li>\n<li>Diagn\u00f3stico y mantenimiento v\u00eda P\u00e1gina Web.<\/li>\n<li>Hasta 48 entradas digitales.<\/li>\n<li>8 salidas digitales configurables para se\u00f1alizaci\u00f3n de alarmas o para los comandos de control del ruptor.<\/li>\n<li>14 canales anal\u00f3gicos.<\/li>\n<li>Para aplicaciones de automatizaci\u00f3n de celdas compactas con un m\u00e1ximo de 2-3 l\u00edneas.<\/li>\n<li>Integra hasta 2 detectores de paso de falta<\/li>\n<li>Soporta la monitorizaci\u00f3n de posiciones manuales de transformador.<\/li>\n<li>Ciberseguridad: autenticaci\u00f3n y encriptaci\u00f3n.<\/li>\n<\/ul>\n<p><span style=\"color: #ffffff;\">[2TCA]<\/span><\/p>\n<p><strong>Relacionado<\/strong><\/p>\n<ul>\n<li><a href=\"..\/..\/\">Distribution Automation<\/a><\/li>\n<\/ul>\n<p>[\/vc_column_text]<p><strong>Documentaci\u00f3n<\/strong><\/p><ul>\r\n \t<li>Manual de Instrucciones (2TCA-C): <a href=\"https:\/\/www.zivautomation.com\/es\/access\/acceso\/\" data-id=\"76752\" class=\"icon-lock\">M2TCAC1903Ev02<\/a><\/li>\r\n \t<li>Hoja de Producto (TCA-C):\u00a0<a href=\"https:\/\/www.zivautomation.com\/wp-content\/uploads\/2018\/11\/f0tcac1811ev00.pdf\" target=\"_blank\" rel=\"noopener\">F0TCAC1811Ev00<\/a><\/li>\r\n<\/ul>[\/vc_column][\/vc_row]<\/p>\n<\/div>","protected":false},"excerpt":{"rendered":"<p> TCA-C:\u00a0RTU con Detector de Paso de Falta (DPF) direccional para celdas compactas de media tensi\u00f3n de 2 y 3 l\u00edneas. Soluci\u00f3n de Automatizaci\u00f3n y Supervisi\u00f3n de ciberseguridad para celdas compactas en Centros de Distribuci\u00f3n. Apta para la gran variedad de sistemas de puesta a tierra (neutro directo a tierra, neutro impedante, neutro aislado [&hellip;]<\/p>\n","protected":false},"author":1323,"featured_media":70795,"parent":84915,"menu_order":166,"comment_status":"closed","ping_status":"closed","template":"","meta":{"_acf_changed":false,"footnotes":""},"categories":[279,388,212,419],"tags":[],"class_list":["post-70759","page","type-page","status-publish","has-post-thumbnail","hentry","category-rtus-y-equipos-de-supervision-de-bt-cat","category-subestacion-secundaria","category-rtus-es-cat","category-subestacion-mt-detector-de-paso-de-fallos-cat"],"acf":[],"yoast_head":"<!-- This site is optimized with the Yoast SEO plugin v27.3 - https:\/\/yoast.com\/product\/yoast-seo-wordpress\/ -->\n<title>TCA - Remota para RMU. Supervisi\u00f3n y Automatizaci\u00f3n en MT - ZIV<\/title>\n<meta name=\"robots\" content=\"index, follow, max-snippet:-1, max-image-preview:large, max-video-preview:-1\" \/>\n<link rel=\"canonical\" href=\"https:\/\/www.zivautomation.com\/es\/productos\/soluciones-de-automatizacion-de-distribucion\/automatizacion-de-la-red-de-media-tension_remota-para-rmu-compacta-tca\/\" \/>\n<meta property=\"og:locale\" content=\"es_ES\" \/>\n<meta property=\"og:type\" content=\"article\" \/>\n<meta property=\"og:title\" content=\"TCA - Remota para RMU. Supervisi\u00f3n y Automatizaci\u00f3n en MT - ZIV\" \/>\n<meta property=\"og:description\" content=\"[vc_row][vc_column width=&#8221;1\/3&#8243;][vc_single_image image=&#8221;6175&#8243; img_size=&#8221;medium&#8221; add_caption=&#8221;yes&#8221; onclick=&#8221;img_link_large&#8221;][\/vc_column][vc_column width=&#8221;2\/3&#8243;][vc_column_text] TCA-C:\u00a0RTU con Detector de Paso de Falta (DPF) direccional para celdas compactas de media tensi\u00f3n de 2 y 3 l\u00edneas. Soluci\u00f3n de Automatizaci\u00f3n y Supervisi\u00f3n de ciberseguridad para celdas compactas en Centros de Distribuci\u00f3n. Apta para la gran variedad de sistemas de puesta a tierra (neutro directo a tierra, neutro impedante, neutro aislado [&hellip;]\" \/>\n<meta property=\"og:url\" content=\"https:\/\/www.zivautomation.com\/es\/productos\/soluciones-de-automatizacion-de-distribucion\/automatizacion-de-la-red-de-media-tension_remota-para-rmu-compacta-tca\/\" \/>\n<meta property=\"og:site_name\" content=\"ZIV\" \/>\n<meta property=\"article:modified_time\" content=\"2022-07-24T22:43:20+00:00\" \/>\n<meta property=\"og:image\" content=\"https:\/\/www.zivautomation.com\/wp-content\/uploads\/2019\/06\/img_20190619_103650.jpg\" \/>\n\t<meta property=\"og:image:width\" content=\"3264\" \/>\n\t<meta property=\"og:image:height\" content=\"1616\" \/>\n\t<meta property=\"og:image:type\" content=\"image\/jpeg\" \/>\n<meta name=\"twitter:card\" content=\"summary_large_image\" \/>\n<meta name=\"twitter:label1\" content=\"Tiempo de lectura\" \/>\n\t<meta name=\"twitter:data1\" content=\"1 minuto\" \/>\n<script type=\"application\/ld+json\" class=\"yoast-schema-graph\">{\"@context\":\"https:\\\/\\\/schema.org\",\"@graph\":[{\"@type\":\"WebPage\",\"@id\":\"https:\\\/\\\/www.zivautomation.com\\\/es\\\/productos\\\/soluciones-de-automatizacion-de-distribucion\\\/automatizacion-de-la-red-de-media-tension_remota-para-rmu-compacta-tca\\\/\",\"url\":\"https:\\\/\\\/www.zivautomation.com\\\/es\\\/productos\\\/soluciones-de-automatizacion-de-distribucion\\\/automatizacion-de-la-red-de-media-tension_remota-para-rmu-compacta-tca\\\/\",\"name\":\"TCA - Remota para RMU. Supervisi\u00f3n y Automatizaci\u00f3n en MT - ZIV\",\"isPartOf\":{\"@id\":\"https:\\\/\\\/www.zivautomation.com\\\/es\\\/#website\"},\"primaryImageOfPage\":{\"@id\":\"https:\\\/\\\/www.zivautomation.com\\\/es\\\/productos\\\/soluciones-de-automatizacion-de-distribucion\\\/automatizacion-de-la-red-de-media-tension_remota-para-rmu-compacta-tca\\\/#primaryimage\"},\"image\":{\"@id\":\"https:\\\/\\\/www.zivautomation.com\\\/es\\\/productos\\\/soluciones-de-automatizacion-de-distribucion\\\/automatizacion-de-la-red-de-media-tension_remota-para-rmu-compacta-tca\\\/#primaryimage\"},\"thumbnailUrl\":\"https:\\\/\\\/www.zivautomation.com\\\/wp-content\\\/uploads\\\/2019\\\/06\\\/img_20190619_103650.jpg\",\"datePublished\":\"2019-06-19T08:44:44+00:00\",\"dateModified\":\"2022-07-24T22:43:20+00:00\",\"breadcrumb\":{\"@id\":\"https:\\\/\\\/www.zivautomation.com\\\/es\\\/productos\\\/soluciones-de-automatizacion-de-distribucion\\\/automatizacion-de-la-red-de-media-tension_remota-para-rmu-compacta-tca\\\/#breadcrumb\"},\"inLanguage\":\"es\",\"potentialAction\":[{\"@type\":\"ReadAction\",\"target\":[\"https:\\\/\\\/www.zivautomation.com\\\/es\\\/productos\\\/soluciones-de-automatizacion-de-distribucion\\\/automatizacion-de-la-red-de-media-tension_remota-para-rmu-compacta-tca\\\/\"]}]},{\"@type\":\"ImageObject\",\"inLanguage\":\"es\",\"@id\":\"https:\\\/\\\/www.zivautomation.com\\\/es\\\/productos\\\/soluciones-de-automatizacion-de-distribucion\\\/automatizacion-de-la-red-de-media-tension_remota-para-rmu-compacta-tca\\\/#primaryimage\",\"url\":\"https:\\\/\\\/www.zivautomation.com\\\/wp-content\\\/uploads\\\/2019\\\/06\\\/img_20190619_103650.jpg\",\"contentUrl\":\"https:\\\/\\\/www.zivautomation.com\\\/wp-content\\\/uploads\\\/2019\\\/06\\\/img_20190619_103650.jpg\",\"width\":3264,\"height\":1616,\"caption\":\"dav\"},{\"@type\":\"BreadcrumbList\",\"@id\":\"https:\\\/\\\/www.zivautomation.com\\\/es\\\/productos\\\/soluciones-de-automatizacion-de-distribucion\\\/automatizacion-de-la-red-de-media-tension_remota-para-rmu-compacta-tca\\\/#breadcrumb\",\"itemListElement\":[{\"@type\":\"ListItem\",\"position\":1,\"name\":\"Home\",\"item\":\"https:\\\/\\\/www.zivautomation.com\\\/es\\\/\"},{\"@type\":\"ListItem\",\"position\":2,\"name\":\"Soluciones ZIV\",\"item\":\"https:\\\/\\\/www.zivautomation.com\\\/es\\\/productos\\\/\"},{\"@type\":\"ListItem\",\"position\":3,\"name\":\"Soluciones para la Automatizaci\u00f3n de la Distribuci\u00f3n\",\"item\":\"https:\\\/\\\/www.zivautomation.com\\\/es\\\/productos\\\/soluciones-de-automatizacion-de-distribucion\\\/\"},{\"@type\":\"ListItem\",\"position\":4,\"name\":\"TCA &#8211; Remota para RMU. Supervisi\u00f3n y Automatizaci\u00f3n en MT\"}]},{\"@type\":\"WebSite\",\"@id\":\"https:\\\/\\\/www.zivautomation.com\\\/es\\\/#website\",\"url\":\"https:\\\/\\\/www.zivautomation.com\\\/es\\\/\",\"name\":\"ZIV\",\"description\":\"Haciendo realidad la Red del Futuro\",\"publisher\":{\"@id\":\"https:\\\/\\\/www.zivautomation.com\\\/es\\\/#organization\"},\"potentialAction\":[{\"@type\":\"SearchAction\",\"target\":{\"@type\":\"EntryPoint\",\"urlTemplate\":\"https:\\\/\\\/www.zivautomation.com\\\/es\\\/?s={search_term_string}\"},\"query-input\":{\"@type\":\"PropertyValueSpecification\",\"valueRequired\":true,\"valueName\":\"search_term_string\"}}],\"inLanguage\":\"es\"},{\"@type\":\"Organization\",\"@id\":\"https:\\\/\\\/www.zivautomation.com\\\/es\\\/#organization\",\"name\":\"ZIV\",\"url\":\"https:\\\/\\\/www.zivautomation.com\\\/es\\\/\",\"logo\":{\"@type\":\"ImageObject\",\"inLanguage\":\"es\",\"@id\":\"https:\\\/\\\/www.zivautomation.com\\\/es\\\/#\\\/schema\\\/logo\\\/image\\\/\",\"url\":\"https:\\\/\\\/www.zivautomation.com\\\/wp-content\\\/uploads\\\/2016\\\/10\\\/ziv_solo_cmyk_hr.jpg\",\"contentUrl\":\"https:\\\/\\\/www.zivautomation.com\\\/wp-content\\\/uploads\\\/2016\\\/10\\\/ziv_solo_cmyk_hr.jpg\",\"width\":7078,\"height\":2234,\"caption\":\"ZIV\"},\"image\":{\"@id\":\"https:\\\/\\\/www.zivautomation.com\\\/es\\\/#\\\/schema\\\/logo\\\/image\\\/\"}}]}<\/script>\n<!-- \/ Yoast SEO plugin. -->","yoast_head_json":{"title":"TCA - Remota para RMU. Supervisi\u00f3n y Automatizaci\u00f3n en MT - ZIV","robots":{"index":"index","follow":"follow","max-snippet":"max-snippet:-1","max-image-preview":"max-image-preview:large","max-video-preview":"max-video-preview:-1"},"canonical":"https:\/\/www.zivautomation.com\/es\/productos\/soluciones-de-automatizacion-de-distribucion\/automatizacion-de-la-red-de-media-tension_remota-para-rmu-compacta-tca\/","og_locale":"es_ES","og_type":"article","og_title":"TCA - Remota para RMU. Supervisi\u00f3n y Automatizaci\u00f3n en MT - ZIV","og_description":"[vc_row][vc_column width=&#8221;1\/3&#8243;][vc_single_image image=&#8221;6175&#8243; img_size=&#8221;medium&#8221; add_caption=&#8221;yes&#8221; onclick=&#8221;img_link_large&#8221;][\/vc_column][vc_column width=&#8221;2\/3&#8243;][vc_column_text] TCA-C:\u00a0RTU con Detector de Paso de Falta (DPF) direccional para celdas compactas de media tensi\u00f3n de 2 y 3 l\u00edneas. Soluci\u00f3n de Automatizaci\u00f3n y Supervisi\u00f3n de ciberseguridad para celdas compactas en Centros de Distribuci\u00f3n. Apta para la gran variedad de sistemas de puesta a tierra (neutro directo a tierra, neutro impedante, neutro aislado [&hellip;]","og_url":"https:\/\/www.zivautomation.com\/es\/productos\/soluciones-de-automatizacion-de-distribucion\/automatizacion-de-la-red-de-media-tension_remota-para-rmu-compacta-tca\/","og_site_name":"ZIV","article_modified_time":"2022-07-24T22:43:20+00:00","og_image":[{"width":3264,"height":1616,"url":"https:\/\/www.zivautomation.com\/wp-content\/uploads\/2019\/06\/img_20190619_103650.jpg","type":"image\/jpeg"}],"twitter_card":"summary_large_image","twitter_misc":{"Tiempo de lectura":"1 minuto"},"schema":{"@context":"https:\/\/schema.org","@graph":[{"@type":"WebPage","@id":"https:\/\/www.zivautomation.com\/es\/productos\/soluciones-de-automatizacion-de-distribucion\/automatizacion-de-la-red-de-media-tension_remota-para-rmu-compacta-tca\/","url":"https:\/\/www.zivautomation.com\/es\/productos\/soluciones-de-automatizacion-de-distribucion\/automatizacion-de-la-red-de-media-tension_remota-para-rmu-compacta-tca\/","name":"TCA - Remota para RMU. Supervisi\u00f3n y Automatizaci\u00f3n en MT - ZIV","isPartOf":{"@id":"https:\/\/www.zivautomation.com\/es\/#website"},"primaryImageOfPage":{"@id":"https:\/\/www.zivautomation.com\/es\/productos\/soluciones-de-automatizacion-de-distribucion\/automatizacion-de-la-red-de-media-tension_remota-para-rmu-compacta-tca\/#primaryimage"},"image":{"@id":"https:\/\/www.zivautomation.com\/es\/productos\/soluciones-de-automatizacion-de-distribucion\/automatizacion-de-la-red-de-media-tension_remota-para-rmu-compacta-tca\/#primaryimage"},"thumbnailUrl":"https:\/\/www.zivautomation.com\/wp-content\/uploads\/2019\/06\/img_20190619_103650.jpg","datePublished":"2019-06-19T08:44:44+00:00","dateModified":"2022-07-24T22:43:20+00:00","breadcrumb":{"@id":"https:\/\/www.zivautomation.com\/es\/productos\/soluciones-de-automatizacion-de-distribucion\/automatizacion-de-la-red-de-media-tension_remota-para-rmu-compacta-tca\/#breadcrumb"},"inLanguage":"es","potentialAction":[{"@type":"ReadAction","target":["https:\/\/www.zivautomation.com\/es\/productos\/soluciones-de-automatizacion-de-distribucion\/automatizacion-de-la-red-de-media-tension_remota-para-rmu-compacta-tca\/"]}]},{"@type":"ImageObject","inLanguage":"es","@id":"https:\/\/www.zivautomation.com\/es\/productos\/soluciones-de-automatizacion-de-distribucion\/automatizacion-de-la-red-de-media-tension_remota-para-rmu-compacta-tca\/#primaryimage","url":"https:\/\/www.zivautomation.com\/wp-content\/uploads\/2019\/06\/img_20190619_103650.jpg","contentUrl":"https:\/\/www.zivautomation.com\/wp-content\/uploads\/2019\/06\/img_20190619_103650.jpg","width":3264,"height":1616,"caption":"dav"},{"@type":"BreadcrumbList","@id":"https:\/\/www.zivautomation.com\/es\/productos\/soluciones-de-automatizacion-de-distribucion\/automatizacion-de-la-red-de-media-tension_remota-para-rmu-compacta-tca\/#breadcrumb","itemListElement":[{"@type":"ListItem","position":1,"name":"Home","item":"https:\/\/www.zivautomation.com\/es\/"},{"@type":"ListItem","position":2,"name":"Soluciones ZIV","item":"https:\/\/www.zivautomation.com\/es\/productos\/"},{"@type":"ListItem","position":3,"name":"Soluciones para la Automatizaci\u00f3n de la Distribuci\u00f3n","item":"https:\/\/www.zivautomation.com\/es\/productos\/soluciones-de-automatizacion-de-distribucion\/"},{"@type":"ListItem","position":4,"name":"TCA &#8211; Remota para RMU. Supervisi\u00f3n y Automatizaci\u00f3n en MT"}]},{"@type":"WebSite","@id":"https:\/\/www.zivautomation.com\/es\/#website","url":"https:\/\/www.zivautomation.com\/es\/","name":"ZIV","description":"Haciendo realidad la Red del Futuro","publisher":{"@id":"https:\/\/www.zivautomation.com\/es\/#organization"},"potentialAction":[{"@type":"SearchAction","target":{"@type":"EntryPoint","urlTemplate":"https:\/\/www.zivautomation.com\/es\/?s={search_term_string}"},"query-input":{"@type":"PropertyValueSpecification","valueRequired":true,"valueName":"search_term_string"}}],"inLanguage":"es"},{"@type":"Organization","@id":"https:\/\/www.zivautomation.com\/es\/#organization","name":"ZIV","url":"https:\/\/www.zivautomation.com\/es\/","logo":{"@type":"ImageObject","inLanguage":"es","@id":"https:\/\/www.zivautomation.com\/es\/#\/schema\/logo\/image\/","url":"https:\/\/www.zivautomation.com\/wp-content\/uploads\/2016\/10\/ziv_solo_cmyk_hr.jpg","contentUrl":"https:\/\/www.zivautomation.com\/wp-content\/uploads\/2016\/10\/ziv_solo_cmyk_hr.jpg","width":7078,"height":2234,"caption":"ZIV"},"image":{"@id":"https:\/\/www.zivautomation.com\/es\/#\/schema\/logo\/image\/"}}]}},"_links":{"self":[{"href":"https:\/\/www.zivautomation.com\/es\/wp-json\/wp\/v2\/pages\/70759","targetHints":{"allow":["GET"]}}],"collection":[{"href":"https:\/\/www.zivautomation.com\/es\/wp-json\/wp\/v2\/pages"}],"about":[{"href":"https:\/\/www.zivautomation.com\/es\/wp-json\/wp\/v2\/types\/page"}],"author":[{"embeddable":true,"href":"https:\/\/www.zivautomation.com\/es\/wp-json\/wp\/v2\/users\/1323"}],"replies":[{"embeddable":true,"href":"https:\/\/www.zivautomation.com\/es\/wp-json\/wp\/v2\/comments?post=70759"}],"version-history":[{"count":5,"href":"https:\/\/www.zivautomation.com\/es\/wp-json\/wp\/v2\/pages\/70759\/revisions"}],"predecessor-version":[{"id":85384,"href":"https:\/\/www.zivautomation.com\/es\/wp-json\/wp\/v2\/pages\/70759\/revisions\/85384"}],"up":[{"embeddable":true,"href":"https:\/\/www.zivautomation.com\/es\/wp-json\/wp\/v2\/pages\/84915"}],"wp:featuredmedia":[{"embeddable":true,"href":"https:\/\/www.zivautomation.com\/es\/wp-json\/wp\/v2\/media\/70795"}],"wp:attachment":[{"href":"https:\/\/www.zivautomation.com\/es\/wp-json\/wp\/v2\/media?parent=70759"}],"wp:term":[{"taxonomy":"category","embeddable":true,"href":"https:\/\/www.zivautomation.com\/es\/wp-json\/wp\/v2\/categories?post=70759"},{"taxonomy":"post_tag","embeddable":true,"href":"https:\/\/www.zivautomation.com\/es\/wp-json\/wp\/v2\/tags?post=70759"}],"curies":[{"name":"wp","href":"https:\/\/api.w.org\/{rel}","templated":true}]}}