{"id":66446,"date":"2018-07-27T13:11:42","date_gmt":"2018-07-27T11:11:42","guid":{"rendered":"https:\/\/www.zivautomation.com\/?page_id=66446"},"modified":"2026-04-01T09:57:17","modified_gmt":"2026-04-01T07:57:17","slug":"rtf-regulador-de-tension-automatico","status":"publish","type":"page","link":"https:\/\/www.zivautomation.com\/es\/productos\/sistemas-de-automatizacion-de-subestacion\/rtf-regulador-de-tension-automatico\/","title":{"rendered":"RTF &#8211; (AVR) Regulador de Tensi\u00f3n Autom\u00e1tico  IEC 61850"},"content":{"rendered":"<div class=\"wpb-content-wrapper\"><p>[vc_row][vc_column width=&#8221;1\/3&#8243;][vc_single_image image=&#8221;30953&#8243; img_size=&#8221;medium&#8221; img_link_large=&#8221;yes&#8221;][\/vc_column][vc_column width=&#8221;2\/3&#8243;][vc_column_text]<\/p>\n<h1><strong>Regulador de tensi\u00f3n<\/strong> en transformadores de potencia en configuraciones con <strong>hasta 5 transformadores en paralelo<\/strong><\/h1>\n<p>Permite la regulaci\u00f3n de transformadores en paralelo mediante los m\u00e9todos <strong>maestro\/esclavo<\/strong>, <strong>corriente circulante <\/strong>y <strong>reactancia negativa<\/strong>.<\/p>\n<p>Asimismo, incorpora <strong>funciones de compensaci\u00f3n de ca\u00edda de tensi\u00f3n <\/strong>en la l\u00ednea.<\/p>\n<h4>Caracter\u00edsticas principales de regulador de tensi\u00f3n RTF<\/h4>\n<ul>\n<li><span style=\"color: #800000;\">Regulaci\u00f3n de Tensi\u00f3n<\/span>.\u00a0Mantiene la tensi\u00f3n de salida del transformador en un determinado valor de consigna ajustado. Para ello, miden la diferencia entre la tensi\u00f3n medida y la tensi\u00f3n de consigna y la comparan con un nivel ajustado para decidir el env\u00edo de \u00f3rdenes al cambiador de tomas. La primera maniobra de cambio de toma presenta un retardo de tiempo basado en una curva inversa o en tiempo fijo. Las siguientes maniobras tendr\u00e1n siempre un retardo de tiempo fijo.<\/li>\n<li><span style=\"color: #800000;\">Compensaci\u00f3n de ca\u00edda en la l\u00ednea<\/span>. Permite mantener estable la tensi\u00f3n en la carga, compensando, en base a la intensidad medida y la ca\u00edda de tensi\u00f3n que existe entre el transformador y la carga. Proporciona dos m\u00e9todos: LDC-Z: M\u00e9todo escalar y LDC-R&amp;X: M\u00e9todo vectorial.<\/li>\n<li><span style=\"color: #800000;\">Regulaci\u00f3n de transformadores en paralelo.<\/span>\u00a0Permite la regulaci\u00f3n de transformadores conectados en paralelo mediante los siguientes m\u00e9todos:\n<ul>\n<li>Maestro \/ esclavo<\/li>\n<li>Corriente circulante<\/li>\n<li>Reactancia negativa<br \/>\nLos dos primeros m\u00e9todos permiten la regulaci\u00f3n de tensi\u00f3n en configuraciones de hasta 5 transformadores en paralelo utilizando el mensaje GOOSE (IEC 61850 ed 1 y 2).<\/li>\n<\/ul>\n<\/li>\n<li><span style=\"color: #800000;\">Se\u00f1alizaci\u00f3n y supervisi\u00f3n de tomas<\/span>.\u00a0Puede leer la toma activa mediante entradas digitales (ya sea de forma directa o en c\u00f3digo BCD), mediante convertidores anal\u00f3gicos de intensidad o mediante \u201cResistor Chain\u201d. La Supervisi\u00f3n de tomas permite generar, a partir de la indicaci\u00f3n de toma activa, las alarmas correspondientes a posiciones de toma an\u00f3malas o extremas y a fallos tras \u00f3rdenes de cambio de toma.<\/li>\n<\/ul>\n<p>&nbsp;<\/p>\n<h4>Caracter\u00edsticas generales de la familia de<a href=\"https:\/\/www.zivautomation.com\/es\/productos\/sistemas-de-automatizacion-de-subestacion\/\"> protecciones ZIV e-NET flex<\/a><\/h4>\n<ul>\n<li style=\"list-style-type: none;\">\n<ul>\n<li>Potente l\u00f3gica programable.<\/li>\n<li>Registro de 2000 eventos, hasta 100s de oscilograf\u00eda.<\/li>\n<li>Display alfanum\u00e9rico o gr\u00e1fico. 144 ED, 63 SD y 22 LEDs.<\/li>\n<li>Redundancia Bonding, RSTP, PRP y HSR.<\/li>\n<li>Protocolos IEC 61850 Ed. 2, DNP3.0, Modbus RTU y PROCOME.<\/li>\n<li>Bus de proceso nativo. Las tarjetas de canales anal\u00f3gicos operan como Merging Units para la CPU (muestras a 4800 Hz (IEC 61869-9) y sincronizadas).<\/li>\n<li>Ciberseguridad conforme a est\u00e1ndares IEC 62351, IEC 62443 e IEEE 1686-2013. RBAC, claves seguras, inhabilitaci\u00f3n de puertos f\u00edsicos y l\u00f3gicos,registro de eventos de ciberseguridad, securizaci\u00f3nde los protocolos de gesti\u00f3n (PROCOME, HTTPS, SFTP, SSH), autenticaci\u00f3n remota (LDAP, RADIUS) y securizaci\u00f3n del firmware.<\/li>\n<li>\u00a0Sincronizaci\u00f3n por IRIG-B, SNTP y PTP (Ordinary Clock \/ Transparent Clock).<\/li>\n<\/ul>\n<\/li>\n<\/ul>\n<p>[\/vc_column_text]<p><strong>Documentaci\u00f3n<\/strong><\/p><ul>\r\n \t<li><span lang=\"ES-TRAD\">Manual de Instrucciones: <a target=\"_blank\" href=\"https:\/\/www.zivautomation.com\/wp-content\/uploads\/2026\/04\/m0rtfa1902ev33.pdf\">M0RTFA1902Ev33<\/a> (03 \/ 2026)<\/span><\/li>\r\n \t<li><span lang=\"ES-TRAD\">H<\/span><span lang=\"ES-TRAD\">oja de Producto<\/span>: <a target=\"_blank\" href=\"https:\/\/www.zivautomation.com\/wp-content\/uploads\/2022\/05\/h0rtfa1807ev03.pdf\">H0RTFA1807Ev03<\/a> - Rev 04.2022<\/li>\r\n<\/ul>[vc_btn title=&#8221;SOLICITE PRESUPUESTO&#8221; color=&#8221;mulled-wine&#8221; css_animation=&#8221;fadeIn&#8221; link=&#8221;url:https%3A%2F%2Fwww.zivautomation.com%2Fes%2Fcontacto%2F||target:%20_blank|&#8221;][\/vc_column][\/vc_row]<\/p>\n<\/div>","protected":false},"excerpt":{"rendered":"<p> Regulador de tensi\u00f3n en transformadores de potencia en configuraciones con hasta 5 transformadores en paralelo Permite la regulaci\u00f3n de transformadores en paralelo mediante los m\u00e9todos maestro\/esclavo, corriente circulante y reactancia negativa. Asimismo, incorpora funciones de compensaci\u00f3n de ca\u00edda de tensi\u00f3n en la l\u00ednea. Caracter\u00edsticas principales de regulador de tensi\u00f3n RTF Regulaci\u00f3n de Tensi\u00f3n.\u00a0Mantiene la [&hellip;]<\/p>\n","protected":false},"author":1323,"featured_media":74507,"parent":84398,"menu_order":81,"comment_status":"closed","ping_status":"closed","template":"","meta":{"_acf_changed":false,"footnotes":""},"categories":[268,440,441,217,287],"tags":[],"class_list":["post-66446","page","type-page","status-publish","has-post-thumbnail","hentry","category-sistemas-de-automatizacion-de-subestacion-cat","category-subestacion-primaria-cat","category-transmision-cat","category-protecciones-cat","category-regulador-automatico-de-tension-cat"],"acf":[],"yoast_head":"<!-- This site is optimized with the Yoast SEO plugin v27.4 - https:\/\/yoast.com\/product\/yoast-seo-wordpress\/ -->\n<title>RTF - (AVR) Regulador de Tensi\u00f3n Autom\u00e1tico IEC 61850 - ZIV<\/title>\n<meta name=\"description\" content=\"AVR. Regulador de tensi\u00f3n en transformadores de potencia en configuraciones con hasta 5 transformadores en paralelo.\" \/>\n<meta name=\"robots\" content=\"index, follow, max-snippet:-1, max-image-preview:large, max-video-preview:-1\" \/>\n<link rel=\"canonical\" href=\"https:\/\/www.zivautomation.com\/es\/productos\/sistemas-de-automatizacion-de-subestacion\/rtf-regulador-de-tension-automatico\/\" \/>\n<meta property=\"og:locale\" content=\"es_ES\" \/>\n<meta property=\"og:type\" content=\"article\" \/>\n<meta property=\"og:title\" content=\"RTF - (AVR) Regulador de Tensi\u00f3n Autom\u00e1tico IEC 61850 - ZIV\" \/>\n<meta property=\"og:description\" content=\"AVR. Regulador de tensi\u00f3n en transformadores de potencia en configuraciones con hasta 5 transformadores en paralelo.\" \/>\n<meta property=\"og:url\" content=\"https:\/\/www.zivautomation.com\/es\/productos\/sistemas-de-automatizacion-de-subestacion\/rtf-regulador-de-tension-automatico\/\" \/>\n<meta property=\"og:site_name\" content=\"ZIV\" \/>\n<meta property=\"article:modified_time\" content=\"2026-04-01T07:57:17+00:00\" \/>\n<meta property=\"og:image\" content=\"https:\/\/www.zivautomation.com\/wp-content\/uploads\/2020\/04\/ziv-e-net-flex-relays-iec-61850-ed-2-800x400-1.png\" \/>\n\t<meta property=\"og:image:width\" content=\"800\" \/>\n\t<meta property=\"og:image:height\" content=\"400\" \/>\n\t<meta property=\"og:image:type\" content=\"image\/png\" \/>\n<meta name=\"twitter:card\" content=\"summary_large_image\" \/>\n<meta name=\"twitter:label1\" content=\"Tiempo de lectura\" \/>\n\t<meta name=\"twitter:data1\" content=\"3 minutos\" \/>\n<script type=\"application\/ld+json\" class=\"yoast-schema-graph\">{\"@context\":\"https:\\\/\\\/schema.org\",\"@graph\":[{\"@type\":\"WebPage\",\"@id\":\"https:\\\/\\\/www.zivautomation.com\\\/es\\\/productos\\\/sistemas-de-automatizacion-de-subestacion\\\/rtf-regulador-de-tension-automatico\\\/\",\"url\":\"https:\\\/\\\/www.zivautomation.com\\\/es\\\/productos\\\/sistemas-de-automatizacion-de-subestacion\\\/rtf-regulador-de-tension-automatico\\\/\",\"name\":\"RTF - (AVR) Regulador de Tensi\u00f3n Autom\u00e1tico IEC 61850 - ZIV\",\"isPartOf\":{\"@id\":\"https:\\\/\\\/www.zivautomation.com\\\/es\\\/#website\"},\"primaryImageOfPage\":{\"@id\":\"https:\\\/\\\/www.zivautomation.com\\\/es\\\/productos\\\/sistemas-de-automatizacion-de-subestacion\\\/rtf-regulador-de-tension-automatico\\\/#primaryimage\"},\"image\":{\"@id\":\"https:\\\/\\\/www.zivautomation.com\\\/es\\\/productos\\\/sistemas-de-automatizacion-de-subestacion\\\/rtf-regulador-de-tension-automatico\\\/#primaryimage\"},\"thumbnailUrl\":\"https:\\\/\\\/www.zivautomation.com\\\/wp-content\\\/uploads\\\/2020\\\/04\\\/ziv-e-net-flex-relays-iec-61850-ed-2-800x400-1.png\",\"datePublished\":\"2018-07-27T11:11:42+00:00\",\"dateModified\":\"2026-04-01T07:57:17+00:00\",\"description\":\"AVR. Regulador de tensi\u00f3n en transformadores de potencia en configuraciones con hasta 5 transformadores en paralelo.\",\"breadcrumb\":{\"@id\":\"https:\\\/\\\/www.zivautomation.com\\\/es\\\/productos\\\/sistemas-de-automatizacion-de-subestacion\\\/rtf-regulador-de-tension-automatico\\\/#breadcrumb\"},\"inLanguage\":\"es\",\"potentialAction\":[{\"@type\":\"ReadAction\",\"target\":[\"https:\\\/\\\/www.zivautomation.com\\\/es\\\/productos\\\/sistemas-de-automatizacion-de-subestacion\\\/rtf-regulador-de-tension-automatico\\\/\"]}]},{\"@type\":\"ImageObject\",\"inLanguage\":\"es\",\"@id\":\"https:\\\/\\\/www.zivautomation.com\\\/es\\\/productos\\\/sistemas-de-automatizacion-de-subestacion\\\/rtf-regulador-de-tension-automatico\\\/#primaryimage\",\"url\":\"https:\\\/\\\/www.zivautomation.com\\\/wp-content\\\/uploads\\\/2020\\\/04\\\/ziv-e-net-flex-relays-iec-61850-ed-2-800x400-1.png\",\"contentUrl\":\"https:\\\/\\\/www.zivautomation.com\\\/wp-content\\\/uploads\\\/2020\\\/04\\\/ziv-e-net-flex-relays-iec-61850-ed-2-800x400-1.png\",\"width\":800,\"height\":400,\"caption\":\"ZIV e-net FLEX relays IEC 61850 ed 2- Protecciones modulares 800x400\"},{\"@type\":\"BreadcrumbList\",\"@id\":\"https:\\\/\\\/www.zivautomation.com\\\/es\\\/productos\\\/sistemas-de-automatizacion-de-subestacion\\\/rtf-regulador-de-tension-automatico\\\/#breadcrumb\",\"itemListElement\":[{\"@type\":\"ListItem\",\"position\":1,\"name\":\"Home\",\"item\":\"https:\\\/\\\/www.zivautomation.com\\\/es\\\/\"},{\"@type\":\"ListItem\",\"position\":2,\"name\":\"Soluciones ZIV\",\"item\":\"https:\\\/\\\/www.zivautomation.com\\\/es\\\/productos\\\/\"},{\"@type\":\"ListItem\",\"position\":3,\"name\":\"Sistemas de Automatizaci\u00f3n de Subestaciones\",\"item\":\"https:\\\/\\\/www.zivautomation.com\\\/es\\\/productos\\\/sistemas-de-automatizacion-de-subestacion\\\/\"},{\"@type\":\"ListItem\",\"position\":4,\"name\":\"RTF &#8211; (AVR) Regulador de Tensi\u00f3n Autom\u00e1tico IEC 61850\"}]},{\"@type\":\"WebSite\",\"@id\":\"https:\\\/\\\/www.zivautomation.com\\\/es\\\/#website\",\"url\":\"https:\\\/\\\/www.zivautomation.com\\\/es\\\/\",\"name\":\"ZIV\",\"description\":\"Haciendo realidad la Red del Futuro\",\"publisher\":{\"@id\":\"https:\\\/\\\/www.zivautomation.com\\\/es\\\/#organization\"},\"potentialAction\":[{\"@type\":\"SearchAction\",\"target\":{\"@type\":\"EntryPoint\",\"urlTemplate\":\"https:\\\/\\\/www.zivautomation.com\\\/es\\\/?s={search_term_string}\"},\"query-input\":{\"@type\":\"PropertyValueSpecification\",\"valueRequired\":true,\"valueName\":\"search_term_string\"}}],\"inLanguage\":\"es\"},{\"@type\":\"Organization\",\"@id\":\"https:\\\/\\\/www.zivautomation.com\\\/es\\\/#organization\",\"name\":\"ZIV\",\"url\":\"https:\\\/\\\/www.zivautomation.com\\\/es\\\/\",\"logo\":{\"@type\":\"ImageObject\",\"inLanguage\":\"es\",\"@id\":\"https:\\\/\\\/www.zivautomation.com\\\/es\\\/#\\\/schema\\\/logo\\\/image\\\/\",\"url\":\"https:\\\/\\\/www.zivautomation.com\\\/wp-content\\\/uploads\\\/2016\\\/10\\\/ziv_solo_cmyk_hr.jpg\",\"contentUrl\":\"https:\\\/\\\/www.zivautomation.com\\\/wp-content\\\/uploads\\\/2016\\\/10\\\/ziv_solo_cmyk_hr.jpg\",\"width\":7078,\"height\":2234,\"caption\":\"ZIV\"},\"image\":{\"@id\":\"https:\\\/\\\/www.zivautomation.com\\\/es\\\/#\\\/schema\\\/logo\\\/image\\\/\"}}]}<\/script>\n<!-- \/ Yoast SEO plugin. -->","yoast_head_json":{"title":"RTF - (AVR) Regulador de Tensi\u00f3n Autom\u00e1tico IEC 61850 - ZIV","description":"AVR. Regulador de tensi\u00f3n en transformadores de potencia en configuraciones con hasta 5 transformadores en paralelo.","robots":{"index":"index","follow":"follow","max-snippet":"max-snippet:-1","max-image-preview":"max-image-preview:large","max-video-preview":"max-video-preview:-1"},"canonical":"https:\/\/www.zivautomation.com\/es\/productos\/sistemas-de-automatizacion-de-subestacion\/rtf-regulador-de-tension-automatico\/","og_locale":"es_ES","og_type":"article","og_title":"RTF - (AVR) Regulador de Tensi\u00f3n Autom\u00e1tico IEC 61850 - ZIV","og_description":"AVR. Regulador de tensi\u00f3n en transformadores de potencia en configuraciones con hasta 5 transformadores en paralelo.","og_url":"https:\/\/www.zivautomation.com\/es\/productos\/sistemas-de-automatizacion-de-subestacion\/rtf-regulador-de-tension-automatico\/","og_site_name":"ZIV","article_modified_time":"2026-04-01T07:57:17+00:00","og_image":[{"width":800,"height":400,"url":"https:\/\/www.zivautomation.com\/wp-content\/uploads\/2020\/04\/ziv-e-net-flex-relays-iec-61850-ed-2-800x400-1.png","type":"image\/png"}],"twitter_card":"summary_large_image","twitter_misc":{"Tiempo de lectura":"3 minutos"},"schema":{"@context":"https:\/\/schema.org","@graph":[{"@type":"WebPage","@id":"https:\/\/www.zivautomation.com\/es\/productos\/sistemas-de-automatizacion-de-subestacion\/rtf-regulador-de-tension-automatico\/","url":"https:\/\/www.zivautomation.com\/es\/productos\/sistemas-de-automatizacion-de-subestacion\/rtf-regulador-de-tension-automatico\/","name":"RTF - (AVR) Regulador de Tensi\u00f3n Autom\u00e1tico IEC 61850 - ZIV","isPartOf":{"@id":"https:\/\/www.zivautomation.com\/es\/#website"},"primaryImageOfPage":{"@id":"https:\/\/www.zivautomation.com\/es\/productos\/sistemas-de-automatizacion-de-subestacion\/rtf-regulador-de-tension-automatico\/#primaryimage"},"image":{"@id":"https:\/\/www.zivautomation.com\/es\/productos\/sistemas-de-automatizacion-de-subestacion\/rtf-regulador-de-tension-automatico\/#primaryimage"},"thumbnailUrl":"https:\/\/www.zivautomation.com\/wp-content\/uploads\/2020\/04\/ziv-e-net-flex-relays-iec-61850-ed-2-800x400-1.png","datePublished":"2018-07-27T11:11:42+00:00","dateModified":"2026-04-01T07:57:17+00:00","description":"AVR. Regulador de tensi\u00f3n en transformadores de potencia en configuraciones con hasta 5 transformadores en paralelo.","breadcrumb":{"@id":"https:\/\/www.zivautomation.com\/es\/productos\/sistemas-de-automatizacion-de-subestacion\/rtf-regulador-de-tension-automatico\/#breadcrumb"},"inLanguage":"es","potentialAction":[{"@type":"ReadAction","target":["https:\/\/www.zivautomation.com\/es\/productos\/sistemas-de-automatizacion-de-subestacion\/rtf-regulador-de-tension-automatico\/"]}]},{"@type":"ImageObject","inLanguage":"es","@id":"https:\/\/www.zivautomation.com\/es\/productos\/sistemas-de-automatizacion-de-subestacion\/rtf-regulador-de-tension-automatico\/#primaryimage","url":"https:\/\/www.zivautomation.com\/wp-content\/uploads\/2020\/04\/ziv-e-net-flex-relays-iec-61850-ed-2-800x400-1.png","contentUrl":"https:\/\/www.zivautomation.com\/wp-content\/uploads\/2020\/04\/ziv-e-net-flex-relays-iec-61850-ed-2-800x400-1.png","width":800,"height":400,"caption":"ZIV e-net FLEX relays IEC 61850 ed 2- Protecciones modulares 800x400"},{"@type":"BreadcrumbList","@id":"https:\/\/www.zivautomation.com\/es\/productos\/sistemas-de-automatizacion-de-subestacion\/rtf-regulador-de-tension-automatico\/#breadcrumb","itemListElement":[{"@type":"ListItem","position":1,"name":"Home","item":"https:\/\/www.zivautomation.com\/es\/"},{"@type":"ListItem","position":2,"name":"Soluciones ZIV","item":"https:\/\/www.zivautomation.com\/es\/productos\/"},{"@type":"ListItem","position":3,"name":"Sistemas de Automatizaci\u00f3n de Subestaciones","item":"https:\/\/www.zivautomation.com\/es\/productos\/sistemas-de-automatizacion-de-subestacion\/"},{"@type":"ListItem","position":4,"name":"RTF &#8211; (AVR) Regulador de Tensi\u00f3n Autom\u00e1tico IEC 61850"}]},{"@type":"WebSite","@id":"https:\/\/www.zivautomation.com\/es\/#website","url":"https:\/\/www.zivautomation.com\/es\/","name":"ZIV","description":"Haciendo realidad la Red del Futuro","publisher":{"@id":"https:\/\/www.zivautomation.com\/es\/#organization"},"potentialAction":[{"@type":"SearchAction","target":{"@type":"EntryPoint","urlTemplate":"https:\/\/www.zivautomation.com\/es\/?s={search_term_string}"},"query-input":{"@type":"PropertyValueSpecification","valueRequired":true,"valueName":"search_term_string"}}],"inLanguage":"es"},{"@type":"Organization","@id":"https:\/\/www.zivautomation.com\/es\/#organization","name":"ZIV","url":"https:\/\/www.zivautomation.com\/es\/","logo":{"@type":"ImageObject","inLanguage":"es","@id":"https:\/\/www.zivautomation.com\/es\/#\/schema\/logo\/image\/","url":"https:\/\/www.zivautomation.com\/wp-content\/uploads\/2016\/10\/ziv_solo_cmyk_hr.jpg","contentUrl":"https:\/\/www.zivautomation.com\/wp-content\/uploads\/2016\/10\/ziv_solo_cmyk_hr.jpg","width":7078,"height":2234,"caption":"ZIV"},"image":{"@id":"https:\/\/www.zivautomation.com\/es\/#\/schema\/logo\/image\/"}}]}},"_links":{"self":[{"href":"https:\/\/www.zivautomation.com\/es\/wp-json\/wp\/v2\/pages\/66446","targetHints":{"allow":["GET"]}}],"collection":[{"href":"https:\/\/www.zivautomation.com\/es\/wp-json\/wp\/v2\/pages"}],"about":[{"href":"https:\/\/www.zivautomation.com\/es\/wp-json\/wp\/v2\/types\/page"}],"author":[{"embeddable":true,"href":"https:\/\/www.zivautomation.com\/es\/wp-json\/wp\/v2\/users\/1323"}],"replies":[{"embeddable":true,"href":"https:\/\/www.zivautomation.com\/es\/wp-json\/wp\/v2\/comments?post=66446"}],"version-history":[{"count":45,"href":"https:\/\/www.zivautomation.com\/es\/wp-json\/wp\/v2\/pages\/66446\/revisions"}],"predecessor-version":[{"id":162419,"href":"https:\/\/www.zivautomation.com\/es\/wp-json\/wp\/v2\/pages\/66446\/revisions\/162419"}],"up":[{"embeddable":true,"href":"https:\/\/www.zivautomation.com\/es\/wp-json\/wp\/v2\/pages\/84398"}],"wp:featuredmedia":[{"embeddable":true,"href":"https:\/\/www.zivautomation.com\/es\/wp-json\/wp\/v2\/media\/74507"}],"wp:attachment":[{"href":"https:\/\/www.zivautomation.com\/es\/wp-json\/wp\/v2\/media?parent=66446"}],"wp:term":[{"taxonomy":"category","embeddable":true,"href":"https:\/\/www.zivautomation.com\/es\/wp-json\/wp\/v2\/categories?post=66446"},{"taxonomy":"post_tag","embeddable":true,"href":"https:\/\/www.zivautomation.com\/es\/wp-json\/wp\/v2\/tags?post=66446"}],"curies":[{"name":"wp","href":"https:\/\/api.w.org\/{rel}","templated":true}]}}