{"id":66412,"date":"2018-07-27T11:44:17","date_gmt":"2018-07-27T09:44:17","guid":{"rendered":"https:\/\/www.zivautomation.com\/?page_id=66412"},"modified":"2026-04-01T09:40:57","modified_gmt":"2026-04-01T07:40:57","slug":"proteccion-diferencial-de-linea","status":"publish","type":"page","link":"https:\/\/www.zivautomation.com\/es\/productos\/sistemas-de-automatizacion-de-subestacion\/proteccion-diferencial-de-linea\/","title":{"rendered":"DLF &#8211; Protecci\u00f3n de Diferencial de L\u00ednea IEC 61850"},"content":{"rendered":"<div class=\"wpb-content-wrapper\"><p>[vc_row][vc_column width=&#8221;1\/3&#8243;][vc_single_image image=&#8221;30953&#8243; img_size=&#8221;medium&#8221; alignment=&#8221;center&#8221; onclick=&#8221;img_link_large&#8221; css=&#8221;&#8221;][\/vc_column][vc_column width=&#8221;2\/3&#8243;][vc_column_text]<\/p>\n<h1><strong>Protecci\u00f3n diferencial de l\u00ednea con funci\u00f3n de\u00a0distancia de respaldo<\/strong> aplicables, ambas, a l\u00edneas de cualquier nivel de tensi\u00f3n, ya sean a\u00e9reas o cables, con varios extremos, en simple o doble circuito. Certificado IEC 61850<\/h1>\n<p>Incluye todas las funciones de protecci\u00f3n, control y medida para una posici\u00f3n de l\u00ednea, con o sin compensaci\u00f3n serie, con <strong>simple o doble interruptor <\/strong>y tanto si se requieren disparos tripolares como monopolares.<\/p>\n<p>Su r\u00e1pida unidad diferencial, complementada por el <strong>detector de falta externa y la unidad de compensaci\u00f3n de intensidad capacitiva <\/strong>permite <strong>proteger l\u00edneas de hasta 3 extremos<\/strong>, incluso con un transformador en la zona de protecci\u00f3n, aportando una <strong>gran fiabilidad <\/strong>a\u00fan en las condiciones m\u00e1s adversas. Capacidad de configuraci\u00f3n de interruptor y medio o doble barra (con grupo de TC en la l\u00ednea) en modelos <strong>DLF-B<\/strong>.<\/p>\n<p>El DLF combina las unidades<strong> Diferenciales<\/strong> con unidades de medida de <strong>Distancia<\/strong> (con sus unidades complementarias, tales como los<br \/>\ndetectores de Cierre sobre Falta, L\u00ednea Muerta, Interruptor Remoto Abierto, Fallo de Fusible, Oscilaci\u00f3n de Potencia y Delimitadores de<br \/>\nCarga), Sobreintensidad, Sobre \/ Subtensi\u00f3n, Sobre \/ Subfrecuencia, Reenganchador, Sincronismo, Control y Medida.<\/p>\n<h4>Caracter\u00edsticas principales de la Protecci\u00f3n diferencial de l\u00ednea<\/h4>\n<ul>\n<li><span style=\"color: #800000;\">Unidad diferencial de fases:<\/span>\u00a0Hasta seis entradas trif\u00e1sicas de intensidad, para proteger l\u00edneas de 5 extremos con interruptor simple y l\u00edneas de 3 extremos con interruptor y medio.<\/li>\n<li><span style=\"color: #800000;\">Unidad diferencial de neutro y secuencia inversa<\/span>:\u00a0Aumenta la sensibilidad ante faltas internas con poco aporte de intensidad, tales como faltas muy resistivas, que puedan no llegar a ser detectadas por la unidad diferencial de fases.<\/li>\n<li><span style=\"color: #800000;\">Detector de falta externa<\/span>.\u00a0Permite bloquear la unidad diferencial ante faltas externas con saturaci\u00f3n de TIs muy severa, aportando una gran seguridad.<\/li>\n<li><span style=\"color: #800000;\">Compensaci\u00f3n de intensidad capacitiva<\/span>.\u00a0Permite mantener una buena sensibilidad de las unidades diferenciales en cables y l\u00edneas a\u00e9reas muy largas.<\/li>\n<li><span style=\"color: #800000;\">Protecci\u00f3n de conjunto l\u00ednea \u2013 transformador <\/span><\/li>\n<li><span style=\"color: #800000;\">Localizador de faltas multi-extremo<\/span><\/li>\n<li><span style=\"color: #800000;\">8 zonas de distancia<\/span>.\u00a0Todas reversibles, con caracter\u00edstica Mho o cuadrilateral, seleccionable de forma independiente para faltas a tierra o entre fases.<\/li>\n<li><span style=\"color: #800000;\">Comunicaci\u00f3n entre equipos\u00a0<\/span>\n<ul>\n<li>2 puertos: comunicaci\u00f3n sin redundancia con 2 extremos remotos o con redundancia con un extremo remoto.<\/li>\n<li>Velocidad seleccionable: desde 1..12 x 64 kbit\/s (C37.94) y 2 Mbit\/s.<\/li>\n<li>Interfaces de FO, multimodo o monomodo (SFPs opcionales).<\/li>\n<li>Comunicaci\u00f3n con multiplexores SDH mediante C37.94 o el convertidor \u00f3ptico-el\u00e9ctrico de ZIV modelo F2MUX que incorpora interfaces de salida G.703.<\/li>\n<li>Intercambio entre extremos de hasta 16 se\u00f1ales digitales para implementar esquemas de teleprotecci\u00f3n.<\/li>\n<\/ul>\n<\/li>\n<\/ul>\n<h4><strong>Caracter\u00edsticas generales de la<a href=\"https:\/\/www.zivautomation.com\/es\/productos\/sistemas-de-automatizacion-de-subestacion\/\"> familia de protecciones\u00a0 ZIV e-NET flex<\/a><\/strong><\/h4>\n<ul>\n<li style=\"list-style-type: none;\">\n<ul>\n<li style=\"list-style-type: none;\">\n<ul>\n<li>Potente l\u00f3gica programable.<\/li>\n<li>Registro de 2000 eventos, hasta 100s de oscilograf\u00eda.<\/li>\n<li>Display alfanum\u00e9rico o gr\u00e1fico.<\/li>\n<li>10 canales anal\u00f3gicos (12 en modelos DLF-B), 160 EDs, 80 SDs y 22 LEDs.<\/li>\n<li>Redundancia Bonding, RSTP, PRP y HSR.<\/li>\n<li>Protocolos IEC 61850 Ed. 2, DNP3.0, Modbus RTU y PROCOME.<\/li>\n<li>Bus de proceso nativo. Las tarjetas de canales anal\u00f3gicos operan como Merging Units para la CPU (muestras a 4800 Hz (IEC 61869-9) y sincronizadas).<\/li>\n<li>Ciberseguridad conforme a est\u00e1ndares IEC 62351, IEC 62443 e IEEE 1686-2013. RBAC, claves seguras, inhabilitaci\u00f3n de puertos f\u00edsicos y l\u00f3gicos,registro de eventos de ciberseguridad, securizaci\u00f3nde los protocolos de gesti\u00f3n (PROCOME, HTTPS, SFTP, SSH), autenticaci\u00f3n remota (LDAP, RADIUS) y securizaci\u00f3n del firmware.<\/li>\n<li>\u00a0Sincronizaci\u00f3n por IRIG-B, SNTP y PTP (Ordinary Clock \/ Transparent Clock).<\/li>\n<\/ul>\n<\/li>\n<\/ul>\n<\/li>\n<\/ul>\n<p>[\/vc_column_text]<p><strong>Documentaci\u00f3n<\/strong><\/p><ul>\r\n \t<li>Manual de Instrucciones: <a target=\"_blank\" href=\"https:\/\/www.zivautomation.com\/wp-content\/uploads\/2026\/04\/m0dlfa1907ev44.pdf\">M0DLFA1907Ev44<\/a> (03\/2026)<em><strong>\r\n<\/strong><\/em><\/li>\r\n \t<li><span lang=\"ES-TRAD\">H<\/span><span lang=\"ES-TRAD\">oja de Producto<\/span>: <a target=\"_blank\" href=\"https:\/\/www.zivautomation.com\/wp-content\/uploads\/2019\/06\/h0dlfa1807ev05.pdf\">H0DLFA1807Ev05<\/a> - Rev 03.2024<\/li>\r\n<\/ul>[vc_btn title=&#8221;SOLICITE PRESUPUESTO&#8221; color=&#8221;mulled-wine&#8221; css_animation=&#8221;fadeIn&#8221; link=&#8221;url:https%3A%2F%2Fwww.zivautomation.com%2Fes%2Fcontacto%2F||target:%20_blank|&#8221;][\/vc_column][\/vc_row]<\/p>\n<\/div>","protected":false},"excerpt":{"rendered":"<p> Protecci\u00f3n diferencial de l\u00ednea con funci\u00f3n de\u00a0distancia de respaldo aplicables, ambas, a l\u00edneas de cualquier nivel de tensi\u00f3n, ya sean a\u00e9reas o cables, con varios extremos, en simple o doble circuito. Certificado IEC 61850 Incluye todas las funciones de protecci\u00f3n, control y medida para una posici\u00f3n de l\u00ednea, con o sin compensaci\u00f3n [&hellip;]<\/p>\n","protected":false},"author":1323,"featured_media":73259,"parent":84398,"menu_order":256,"comment_status":"closed","ping_status":"closed","template":"","meta":{"_acf_changed":false,"footnotes":""},"categories":[268,440,441,217,221],"tags":[],"class_list":["post-66412","page","type-page","status-publish","has-post-thumbnail","hentry","category-sistemas-de-automatizacion-de-subestacion-cat","category-subestacion-primaria-cat","category-transmision-cat","category-protecciones-cat","category-proteccion-de-lineas-es-cat"],"acf":[],"yoast_head":"<!-- This site is optimized with the Yoast SEO plugin v27.4 - https:\/\/yoast.com\/product\/yoast-seo-wordpress\/ -->\n<title>DLF - Protecci\u00f3n de Diferencial de L\u00ednea IEC 61850 - ZIV<\/title>\n<meta name=\"description\" content=\"Protecci\u00f3n diferencial de l\u00ednea con funci\u00f3n de\u00a0distancia de respaldo aplicables, ambas, a l\u00edneas de cualquier nivel de tensi\u00f3n...\" \/>\n<meta name=\"robots\" content=\"index, follow, max-snippet:-1, max-image-preview:large, max-video-preview:-1\" \/>\n<link rel=\"canonical\" href=\"https:\/\/www.zivautomation.com\/es\/productos\/sistemas-de-automatizacion-de-subestacion\/proteccion-diferencial-de-linea\/\" \/>\n<meta property=\"og:locale\" content=\"es_ES\" \/>\n<meta property=\"og:type\" content=\"article\" \/>\n<meta property=\"og:title\" content=\"DLF - Protecci\u00f3n de Diferencial de L\u00ednea IEC 61850 - ZIV\" \/>\n<meta property=\"og:description\" content=\"Protecci\u00f3n diferencial de l\u00ednea con funci\u00f3n de\u00a0distancia de respaldo aplicables, ambas, a l\u00edneas de cualquier nivel de tensi\u00f3n...\" \/>\n<meta property=\"og:url\" content=\"https:\/\/www.zivautomation.com\/es\/productos\/sistemas-de-automatizacion-de-subestacion\/proteccion-diferencial-de-linea\/\" \/>\n<meta property=\"og:site_name\" content=\"ZIV\" \/>\n<meta property=\"article:modified_time\" content=\"2026-04-01T07:40:57+00:00\" \/>\n<meta property=\"og:image\" content=\"https:\/\/www.zivautomation.com\/wp-content\/uploads\/2020\/01\/ziv-enel-goias-2.png\" \/>\n\t<meta property=\"og:image:width\" content=\"800\" \/>\n\t<meta property=\"og:image:height\" content=\"400\" \/>\n\t<meta property=\"og:image:type\" content=\"image\/png\" \/>\n<meta name=\"twitter:card\" content=\"summary_large_image\" \/>\n<meta name=\"twitter:label1\" content=\"Tiempo de lectura\" \/>\n\t<meta name=\"twitter:data1\" content=\"3 minutos\" \/>\n<script type=\"application\/ld+json\" class=\"yoast-schema-graph\">{\"@context\":\"https:\\\/\\\/schema.org\",\"@graph\":[{\"@type\":\"WebPage\",\"@id\":\"https:\\\/\\\/www.zivautomation.com\\\/es\\\/productos\\\/sistemas-de-automatizacion-de-subestacion\\\/proteccion-diferencial-de-linea\\\/\",\"url\":\"https:\\\/\\\/www.zivautomation.com\\\/es\\\/productos\\\/sistemas-de-automatizacion-de-subestacion\\\/proteccion-diferencial-de-linea\\\/\",\"name\":\"DLF - Protecci\u00f3n de Diferencial de L\u00ednea IEC 61850 - ZIV\",\"isPartOf\":{\"@id\":\"https:\\\/\\\/www.zivautomation.com\\\/es\\\/#website\"},\"primaryImageOfPage\":{\"@id\":\"https:\\\/\\\/www.zivautomation.com\\\/es\\\/productos\\\/sistemas-de-automatizacion-de-subestacion\\\/proteccion-diferencial-de-linea\\\/#primaryimage\"},\"image\":{\"@id\":\"https:\\\/\\\/www.zivautomation.com\\\/es\\\/productos\\\/sistemas-de-automatizacion-de-subestacion\\\/proteccion-diferencial-de-linea\\\/#primaryimage\"},\"thumbnailUrl\":\"https:\\\/\\\/www.zivautomation.com\\\/wp-content\\\/uploads\\\/2020\\\/01\\\/ziv-enel-goias-2.png\",\"datePublished\":\"2018-07-27T09:44:17+00:00\",\"dateModified\":\"2026-04-01T07:40:57+00:00\",\"description\":\"Protecci\u00f3n diferencial de l\u00ednea con funci\u00f3n de\u00a0distancia de respaldo aplicables, ambas, a l\u00edneas de cualquier nivel de tensi\u00f3n...\",\"breadcrumb\":{\"@id\":\"https:\\\/\\\/www.zivautomation.com\\\/es\\\/productos\\\/sistemas-de-automatizacion-de-subestacion\\\/proteccion-diferencial-de-linea\\\/#breadcrumb\"},\"inLanguage\":\"es\",\"potentialAction\":[{\"@type\":\"ReadAction\",\"target\":[\"https:\\\/\\\/www.zivautomation.com\\\/es\\\/productos\\\/sistemas-de-automatizacion-de-subestacion\\\/proteccion-diferencial-de-linea\\\/\"]}]},{\"@type\":\"ImageObject\",\"inLanguage\":\"es\",\"@id\":\"https:\\\/\\\/www.zivautomation.com\\\/es\\\/productos\\\/sistemas-de-automatizacion-de-subestacion\\\/proteccion-diferencial-de-linea\\\/#primaryimage\",\"url\":\"https:\\\/\\\/www.zivautomation.com\\\/wp-content\\\/uploads\\\/2020\\\/01\\\/ziv-enel-goias-2.png\",\"contentUrl\":\"https:\\\/\\\/www.zivautomation.com\\\/wp-content\\\/uploads\\\/2020\\\/01\\\/ziv-enel-goias-2.png\",\"width\":800,\"height\":400,\"caption\":\"ZIV PROTECTION RELAYS FULL RANGE\"},{\"@type\":\"BreadcrumbList\",\"@id\":\"https:\\\/\\\/www.zivautomation.com\\\/es\\\/productos\\\/sistemas-de-automatizacion-de-subestacion\\\/proteccion-diferencial-de-linea\\\/#breadcrumb\",\"itemListElement\":[{\"@type\":\"ListItem\",\"position\":1,\"name\":\"Home\",\"item\":\"https:\\\/\\\/www.zivautomation.com\\\/es\\\/\"},{\"@type\":\"ListItem\",\"position\":2,\"name\":\"Soluciones ZIV\",\"item\":\"https:\\\/\\\/www.zivautomation.com\\\/es\\\/productos\\\/\"},{\"@type\":\"ListItem\",\"position\":3,\"name\":\"Sistemas de Automatizaci\u00f3n de Subestaciones\",\"item\":\"https:\\\/\\\/www.zivautomation.com\\\/es\\\/productos\\\/sistemas-de-automatizacion-de-subestacion\\\/\"},{\"@type\":\"ListItem\",\"position\":4,\"name\":\"DLF &#8211; Protecci\u00f3n de Diferencial de L\u00ednea IEC 61850\"}]},{\"@type\":\"WebSite\",\"@id\":\"https:\\\/\\\/www.zivautomation.com\\\/es\\\/#website\",\"url\":\"https:\\\/\\\/www.zivautomation.com\\\/es\\\/\",\"name\":\"ZIV\",\"description\":\"Haciendo realidad la Red del Futuro\",\"publisher\":{\"@id\":\"https:\\\/\\\/www.zivautomation.com\\\/es\\\/#organization\"},\"potentialAction\":[{\"@type\":\"SearchAction\",\"target\":{\"@type\":\"EntryPoint\",\"urlTemplate\":\"https:\\\/\\\/www.zivautomation.com\\\/es\\\/?s={search_term_string}\"},\"query-input\":{\"@type\":\"PropertyValueSpecification\",\"valueRequired\":true,\"valueName\":\"search_term_string\"}}],\"inLanguage\":\"es\"},{\"@type\":\"Organization\",\"@id\":\"https:\\\/\\\/www.zivautomation.com\\\/es\\\/#organization\",\"name\":\"ZIV\",\"url\":\"https:\\\/\\\/www.zivautomation.com\\\/es\\\/\",\"logo\":{\"@type\":\"ImageObject\",\"inLanguage\":\"es\",\"@id\":\"https:\\\/\\\/www.zivautomation.com\\\/es\\\/#\\\/schema\\\/logo\\\/image\\\/\",\"url\":\"https:\\\/\\\/www.zivautomation.com\\\/wp-content\\\/uploads\\\/2016\\\/10\\\/ziv_solo_cmyk_hr.jpg\",\"contentUrl\":\"https:\\\/\\\/www.zivautomation.com\\\/wp-content\\\/uploads\\\/2016\\\/10\\\/ziv_solo_cmyk_hr.jpg\",\"width\":7078,\"height\":2234,\"caption\":\"ZIV\"},\"image\":{\"@id\":\"https:\\\/\\\/www.zivautomation.com\\\/es\\\/#\\\/schema\\\/logo\\\/image\\\/\"}}]}<\/script>\n<!-- \/ Yoast SEO plugin. -->","yoast_head_json":{"title":"DLF - Protecci\u00f3n de Diferencial de L\u00ednea IEC 61850 - ZIV","description":"Protecci\u00f3n diferencial de l\u00ednea con funci\u00f3n de\u00a0distancia de respaldo aplicables, ambas, a l\u00edneas de cualquier nivel de tensi\u00f3n...","robots":{"index":"index","follow":"follow","max-snippet":"max-snippet:-1","max-image-preview":"max-image-preview:large","max-video-preview":"max-video-preview:-1"},"canonical":"https:\/\/www.zivautomation.com\/es\/productos\/sistemas-de-automatizacion-de-subestacion\/proteccion-diferencial-de-linea\/","og_locale":"es_ES","og_type":"article","og_title":"DLF - Protecci\u00f3n de Diferencial de L\u00ednea IEC 61850 - ZIV","og_description":"Protecci\u00f3n diferencial de l\u00ednea con funci\u00f3n de\u00a0distancia de respaldo aplicables, ambas, a l\u00edneas de cualquier nivel de tensi\u00f3n...","og_url":"https:\/\/www.zivautomation.com\/es\/productos\/sistemas-de-automatizacion-de-subestacion\/proteccion-diferencial-de-linea\/","og_site_name":"ZIV","article_modified_time":"2026-04-01T07:40:57+00:00","og_image":[{"width":800,"height":400,"url":"https:\/\/www.zivautomation.com\/wp-content\/uploads\/2020\/01\/ziv-enel-goias-2.png","type":"image\/png"}],"twitter_card":"summary_large_image","twitter_misc":{"Tiempo de lectura":"3 minutos"},"schema":{"@context":"https:\/\/schema.org","@graph":[{"@type":"WebPage","@id":"https:\/\/www.zivautomation.com\/es\/productos\/sistemas-de-automatizacion-de-subestacion\/proteccion-diferencial-de-linea\/","url":"https:\/\/www.zivautomation.com\/es\/productos\/sistemas-de-automatizacion-de-subestacion\/proteccion-diferencial-de-linea\/","name":"DLF - Protecci\u00f3n de Diferencial de L\u00ednea IEC 61850 - ZIV","isPartOf":{"@id":"https:\/\/www.zivautomation.com\/es\/#website"},"primaryImageOfPage":{"@id":"https:\/\/www.zivautomation.com\/es\/productos\/sistemas-de-automatizacion-de-subestacion\/proteccion-diferencial-de-linea\/#primaryimage"},"image":{"@id":"https:\/\/www.zivautomation.com\/es\/productos\/sistemas-de-automatizacion-de-subestacion\/proteccion-diferencial-de-linea\/#primaryimage"},"thumbnailUrl":"https:\/\/www.zivautomation.com\/wp-content\/uploads\/2020\/01\/ziv-enel-goias-2.png","datePublished":"2018-07-27T09:44:17+00:00","dateModified":"2026-04-01T07:40:57+00:00","description":"Protecci\u00f3n diferencial de l\u00ednea con funci\u00f3n de\u00a0distancia de respaldo aplicables, ambas, a l\u00edneas de cualquier nivel de tensi\u00f3n...","breadcrumb":{"@id":"https:\/\/www.zivautomation.com\/es\/productos\/sistemas-de-automatizacion-de-subestacion\/proteccion-diferencial-de-linea\/#breadcrumb"},"inLanguage":"es","potentialAction":[{"@type":"ReadAction","target":["https:\/\/www.zivautomation.com\/es\/productos\/sistemas-de-automatizacion-de-subestacion\/proteccion-diferencial-de-linea\/"]}]},{"@type":"ImageObject","inLanguage":"es","@id":"https:\/\/www.zivautomation.com\/es\/productos\/sistemas-de-automatizacion-de-subestacion\/proteccion-diferencial-de-linea\/#primaryimage","url":"https:\/\/www.zivautomation.com\/wp-content\/uploads\/2020\/01\/ziv-enel-goias-2.png","contentUrl":"https:\/\/www.zivautomation.com\/wp-content\/uploads\/2020\/01\/ziv-enel-goias-2.png","width":800,"height":400,"caption":"ZIV PROTECTION RELAYS FULL RANGE"},{"@type":"BreadcrumbList","@id":"https:\/\/www.zivautomation.com\/es\/productos\/sistemas-de-automatizacion-de-subestacion\/proteccion-diferencial-de-linea\/#breadcrumb","itemListElement":[{"@type":"ListItem","position":1,"name":"Home","item":"https:\/\/www.zivautomation.com\/es\/"},{"@type":"ListItem","position":2,"name":"Soluciones ZIV","item":"https:\/\/www.zivautomation.com\/es\/productos\/"},{"@type":"ListItem","position":3,"name":"Sistemas de Automatizaci\u00f3n de Subestaciones","item":"https:\/\/www.zivautomation.com\/es\/productos\/sistemas-de-automatizacion-de-subestacion\/"},{"@type":"ListItem","position":4,"name":"DLF &#8211; Protecci\u00f3n de Diferencial de L\u00ednea IEC 61850"}]},{"@type":"WebSite","@id":"https:\/\/www.zivautomation.com\/es\/#website","url":"https:\/\/www.zivautomation.com\/es\/","name":"ZIV","description":"Haciendo realidad la Red del Futuro","publisher":{"@id":"https:\/\/www.zivautomation.com\/es\/#organization"},"potentialAction":[{"@type":"SearchAction","target":{"@type":"EntryPoint","urlTemplate":"https:\/\/www.zivautomation.com\/es\/?s={search_term_string}"},"query-input":{"@type":"PropertyValueSpecification","valueRequired":true,"valueName":"search_term_string"}}],"inLanguage":"es"},{"@type":"Organization","@id":"https:\/\/www.zivautomation.com\/es\/#organization","name":"ZIV","url":"https:\/\/www.zivautomation.com\/es\/","logo":{"@type":"ImageObject","inLanguage":"es","@id":"https:\/\/www.zivautomation.com\/es\/#\/schema\/logo\/image\/","url":"https:\/\/www.zivautomation.com\/wp-content\/uploads\/2016\/10\/ziv_solo_cmyk_hr.jpg","contentUrl":"https:\/\/www.zivautomation.com\/wp-content\/uploads\/2016\/10\/ziv_solo_cmyk_hr.jpg","width":7078,"height":2234,"caption":"ZIV"},"image":{"@id":"https:\/\/www.zivautomation.com\/es\/#\/schema\/logo\/image\/"}}]}},"_links":{"self":[{"href":"https:\/\/www.zivautomation.com\/es\/wp-json\/wp\/v2\/pages\/66412","targetHints":{"allow":["GET"]}}],"collection":[{"href":"https:\/\/www.zivautomation.com\/es\/wp-json\/wp\/v2\/pages"}],"about":[{"href":"https:\/\/www.zivautomation.com\/es\/wp-json\/wp\/v2\/types\/page"}],"author":[{"embeddable":true,"href":"https:\/\/www.zivautomation.com\/es\/wp-json\/wp\/v2\/users\/1323"}],"replies":[{"embeddable":true,"href":"https:\/\/www.zivautomation.com\/es\/wp-json\/wp\/v2\/comments?post=66412"}],"version-history":[{"count":66,"href":"https:\/\/www.zivautomation.com\/es\/wp-json\/wp\/v2\/pages\/66412\/revisions"}],"predecessor-version":[{"id":162391,"href":"https:\/\/www.zivautomation.com\/es\/wp-json\/wp\/v2\/pages\/66412\/revisions\/162391"}],"up":[{"embeddable":true,"href":"https:\/\/www.zivautomation.com\/es\/wp-json\/wp\/v2\/pages\/84398"}],"wp:featuredmedia":[{"embeddable":true,"href":"https:\/\/www.zivautomation.com\/es\/wp-json\/wp\/v2\/media\/73259"}],"wp:attachment":[{"href":"https:\/\/www.zivautomation.com\/es\/wp-json\/wp\/v2\/media?parent=66412"}],"wp:term":[{"taxonomy":"category","embeddable":true,"href":"https:\/\/www.zivautomation.com\/es\/wp-json\/wp\/v2\/categories?post=66412"},{"taxonomy":"post_tag","embeddable":true,"href":"https:\/\/www.zivautomation.com\/es\/wp-json\/wp\/v2\/tags?post=66412"}],"curies":[{"name":"wp","href":"https:\/\/api.w.org\/{rel}","templated":true}]}}