{"id":66398,"date":"2018-07-27T11:18:43","date_gmt":"2018-07-27T09:18:43","guid":{"rendered":"https:\/\/www.zivautomation.com\/?page_id=66398"},"modified":"2026-04-01T09:45:42","modified_gmt":"2026-04-01T07:45:42","slug":"proteccion-de-distancia-zlf","status":"publish","type":"page","link":"https:\/\/www.zivautomation.com\/es\/productos\/sistemas-de-automatizacion-de-subestacion\/proteccion-de-distancia-zlf\/","title":{"rendered":"ZLF &#8211; Rel\u00e9 de Protecci\u00f3n de Distancia IEC 61850 2"},"content":{"rendered":"<div class=\"wpb-content-wrapper\"><p>[vc_row][vc_column width=&#8221;1\/3&#8243;][vc_single_image image=&#8221;30953&#8243; img_size=&#8221;medium&#8221; alignment=&#8221;center&#8221; onclick=&#8221;img_link_large&#8221; css=&#8221;&#8221;][\/vc_column][vc_column width=&#8221;2\/3&#8243;][vc_column_text]<\/p>\n<h1>Rel\u00e9 (relevador) de <strong>protecci\u00f3n de distancia sub-ciclo aplicable a l\u00edneas de cualquier nivel de tensi\u00f3n<\/strong>, ya sean a\u00e9reas o cables, en simple o doble circuito. Certificado IEC\u00a0 61850 Edici\u00f3n 2.<\/h1>\n<p>Incluye todas las funciones de protecci\u00f3n, control y medida para posiciones de l\u00ednea de cualquier nivel de tensi\u00f3n, con o sin <strong>compensaci\u00f3n serie<\/strong>, con <strong>doble o simple interruptor<\/strong> y tanto si se requieren disparos <strong>tripolares<\/strong> como <strong>monopolares<\/strong>.<\/p>\n<p>Sus<strong> ocho zonas de distancia<\/strong>, con caracter\u00edstica <strong>Mho<\/strong> o <strong>cuadrilateral<\/strong>, complementadas con <strong>delimitadores<\/strong> <strong>de<\/strong> <strong>carga<\/strong> y <strong>detectores<\/strong> <strong>de oscilaci\u00f3n de potencia, fallo de fusible, cierre sobre falta <\/strong>y <strong>saturaci\u00f3n<\/strong> proporcionan una gran\u00a0seguridad y obediencia a\u00fan en las condiciones m\u00e1s adversas.<\/p>\n<p>Las unidades de distancia y las de sobreintensidad pueden operar seg\u00fan los siguientes esquemas: <strong>DTT, PUTT, POTT, DCUB <\/strong>y<strong> DCB<\/strong>.<\/p>\n<p>Las l\u00f3gicas de <strong>alimentaci\u00f3n d\u00e9bil <\/strong>y de<strong> bloqueo por inversi\u00f3n de intensidad<\/strong> tambi\u00e9n est\u00e1n incluidas.<\/p>\n<p>[\/vc_column_text]<div  class=\"kleo-gap\" style=\"height:30px;line-height:30px;\"><\/div>[vc_column_text]<\/p>\n<h4>Caracter\u00edsticas principales de la protecci\u00f3n de distancia<\/h4>\n<ul>\n<li><span style=\"color: #800000;\">Tiempos de operaci\u00f3n sub-ciclo<\/span>.\u00a0Los algoritmos de distancia basados en ventanas de medio ciclo junto con las robustas salidas de disparo de estado s\u00f3lido permiten tiempos de disparo sub-ciclo para faltas localizadas hasta un 75% de la zona.<\/li>\n<li><span style=\"color: #800000;\">Compensaci\u00f3n del acoplamiento mutuo<\/span>.\u00a0En dobles circuitos mediante la medida de la intensidad de neutro de la l\u00ednea paralela.<\/li>\n<li><span style=\"color: #800000;\">Comunicaci\u00f3n entre equipos\u00a0<\/span>\n<ul>\n<li>\u00a0Hasta 4 puertos: comunicaci\u00f3n sin redundancia con hasta 4 extremos remotos o con redundancia con hasta 2 extremos remotos<\/li>\n<li>\u00a0Velocidad seleccionable: de 1\u00d764 kbit\/s hasta 2 Mbit\/s.<\/li>\n<li>Interfaces de FO, multimodo o monomodo (SFPs opcionales).<\/li>\n<li>Comunicaci\u00f3n con multiplexores SDH mediante C37.94 o el convertidor \u00f3ptico-el\u00e9ctrico de ZIV modelo F2MUX que incorpora interfaces de salida G.703 y V.35<\/li>\n<li>Intercambio entre extremos de hasta 16 se\u00f1ales digitales para implementar esquemas de teleprotecci\u00f3n<\/li>\n<\/ul>\n<\/li>\n<\/ul>\n<h4>Caracter\u00edsticas generales de la familia de<a href=\"https:\/\/www.zivautomation.com\/es\/productos\/sistemas-de-automatizacion-de-subestacion\/\">\u00a0protecciones ZIV e-NET flex<\/a><\/h4>\n<ul>\n<li>Potente l\u00f3gica programable.<\/li>\n<li>Registro de 2000 eventos, hasta 100s de oscilograf\u00eda.<\/li>\n<li>Display alfanum\u00e9rico o gr\u00e1fico. 144 ED, 63 SD y 22 LEDs.<\/li>\n<li>Redundancia Bonding, RSTP, PRP y HSR.<\/li>\n<li>Protocolos IEC 61850 Ed. 2, DNP3.0, Modbus RTU y PROCOME.<\/li>\n<li>Bus de proceso nativo. Las tarjetas de canales anal\u00f3gicos operan como Merging Units para la CPU (muestras a 4800 Hz (IEC 61869-9) y sincronizadas).<\/li>\n<li>Ciberseguridad conforme a est\u00e1ndares IEC 62351, IEC 62443 e IEEE 1686-2013. RBAC, claves seguras, inhabilitaci\u00f3n de puertos f\u00edsicos y l\u00f3gicos,registro de eventos de ciberseguridad, securizaci\u00f3nde los protocolos de gesti\u00f3n (PROCOME, HTTPS, SFTP, SSH), autenticaci\u00f3n remota (LDAP, RADIUS) y securizaci\u00f3n del firmware.<\/li>\n<li>\u00a0Sincronizaci\u00f3n por IRIG-B, SNTP y PTP (Ordinary Clock \/ Transparent Clock).<\/li>\n<\/ul>\n<p>[\/vc_column_text]<p><strong>Documentaci\u00f3n<\/strong><\/p><ul>\r\n \t<li>Manual de Instrucciones: <a href=\"https:\/\/www.zivautomation.com\/wp-content\/uploads\/2026\/04\/m0zlfbc2303ev13.pdf\" target=\"_blank\">M0ZLFBC2303Ev13<\/a> (03\/2026)<strong><em>\r\n<\/em><\/strong><\/li>\r\n \t<li><span lang=\"ES-TRAD\">H<\/span><span lang=\"ES-TRAD\">oja de Producto<\/span>: <a href=\"https:\/\/www.zivautomation.com\/wp-content\/uploads\/2022\/05\/h0zlfa2007ev02.pdf\" target=\"_blank\">H0ZLFA2007Ev02<\/a> <strong>\u2013 <\/strong>Rev 04.2022<\/li>\r\n<\/ul><div  class=\"kleo-gap\" style=\"height:30px;line-height:30px;\"><\/div><a class=\"btn vc_btn3 form-control with-icon btn-default\" href=\"\/contacto\/\"><i class=\"icon-mail-2\" ><\/i> Contacta aqu\u00ed con el responsable comercial de tu zona<\/a>[\/vc_column][\/vc_row]<\/p>\n<\/div>","protected":false},"excerpt":{"rendered":"<p> Rel\u00e9 (relevador) de protecci\u00f3n de distancia sub-ciclo aplicable a l\u00edneas de cualquier nivel de tensi\u00f3n, ya sean a\u00e9reas o cables, en simple o doble circuito. Certificado IEC\u00a0 61850 Edici\u00f3n 2. Incluye todas las funciones de protecci\u00f3n, control y medida para posiciones de l\u00ednea de cualquier nivel de tensi\u00f3n, con o sin compensaci\u00f3n [&hellip;]<\/p>\n","protected":false},"author":1323,"featured_media":74463,"parent":84398,"menu_order":277,"comment_status":"closed","ping_status":"closed","template":"","meta":{"_acf_changed":false,"footnotes":""},"categories":[268,440,441,217,221],"tags":[],"class_list":["post-66398","page","type-page","status-publish","has-post-thumbnail","hentry","category-sistemas-de-automatizacion-de-subestacion-cat","category-subestacion-primaria-cat","category-transmision-cat","category-protecciones-cat","category-proteccion-de-lineas-es-cat"],"acf":[],"yoast_head":"<!-- This site is optimized with the Yoast SEO plugin v27.3 - https:\/\/yoast.com\/product\/yoast-seo-wordpress\/ -->\n<title>ZLF - Rel\u00e9 de Protecci\u00f3n de Distancia IEC 61850 2 - ZIV<\/title>\n<meta name=\"description\" content=\"Rel\u00e9 (relevador) de protecci\u00f3n de distancia subciclo. 8 zonas. Modular y Ciberseguro. Para Subestaciones de alta tensi\u00f3n. IEC 61850 ed2\" \/>\n<meta name=\"robots\" content=\"index, follow, max-snippet:-1, max-image-preview:large, max-video-preview:-1\" \/>\n<link rel=\"canonical\" href=\"https:\/\/www.zivautomation.com\/es\/productos\/sistemas-de-automatizacion-de-subestacion\/proteccion-de-distancia-zlf\/\" \/>\n<meta property=\"og:locale\" content=\"es_ES\" \/>\n<meta property=\"og:type\" content=\"article\" \/>\n<meta property=\"og:title\" content=\"ZLF - Rel\u00e9 de Protecci\u00f3n de Distancia IEC 61850 2 - ZIV\" \/>\n<meta property=\"og:description\" content=\"Rel\u00e9 (relevador) de protecci\u00f3n de distancia subciclo. 8 zonas. Modular y Ciberseguro. Para Subestaciones de alta tensi\u00f3n. IEC 61850 ed2\" \/>\n<meta property=\"og:url\" content=\"https:\/\/www.zivautomation.com\/es\/productos\/sistemas-de-automatizacion-de-subestacion\/proteccion-de-distancia-zlf\/\" \/>\n<meta property=\"og:site_name\" content=\"ZIV\" \/>\n<meta property=\"article:modified_time\" content=\"2026-04-01T07:45:42+00:00\" \/>\n<meta property=\"og:image\" content=\"https:\/\/www.zivautomation.com\/wp-content\/uploads\/2020\/04\/distance-relay-zlf-proteccion-distancia-iec-61850.png\" \/>\n\t<meta property=\"og:image:width\" content=\"800\" \/>\n\t<meta property=\"og:image:height\" content=\"400\" \/>\n\t<meta property=\"og:image:type\" content=\"image\/png\" \/>\n<meta name=\"twitter:card\" content=\"summary_large_image\" \/>\n<meta name=\"twitter:label1\" content=\"Tiempo de lectura\" \/>\n\t<meta name=\"twitter:data1\" content=\"3 minutos\" \/>\n<script type=\"application\/ld+json\" class=\"yoast-schema-graph\">{\"@context\":\"https:\\\/\\\/schema.org\",\"@graph\":[{\"@type\":\"WebPage\",\"@id\":\"https:\\\/\\\/www.zivautomation.com\\\/es\\\/productos\\\/sistemas-de-automatizacion-de-subestacion\\\/proteccion-de-distancia-zlf\\\/\",\"url\":\"https:\\\/\\\/www.zivautomation.com\\\/es\\\/productos\\\/sistemas-de-automatizacion-de-subestacion\\\/proteccion-de-distancia-zlf\\\/\",\"name\":\"ZLF - Rel\u00e9 de Protecci\u00f3n de Distancia IEC 61850 2 - ZIV\",\"isPartOf\":{\"@id\":\"https:\\\/\\\/www.zivautomation.com\\\/es\\\/#website\"},\"primaryImageOfPage\":{\"@id\":\"https:\\\/\\\/www.zivautomation.com\\\/es\\\/productos\\\/sistemas-de-automatizacion-de-subestacion\\\/proteccion-de-distancia-zlf\\\/#primaryimage\"},\"image\":{\"@id\":\"https:\\\/\\\/www.zivautomation.com\\\/es\\\/productos\\\/sistemas-de-automatizacion-de-subestacion\\\/proteccion-de-distancia-zlf\\\/#primaryimage\"},\"thumbnailUrl\":\"https:\\\/\\\/www.zivautomation.com\\\/wp-content\\\/uploads\\\/2020\\\/04\\\/distance-relay-zlf-proteccion-distancia-iec-61850.png\",\"datePublished\":\"2018-07-27T09:18:43+00:00\",\"dateModified\":\"2026-04-01T07:45:42+00:00\",\"description\":\"Rel\u00e9 (relevador) de protecci\u00f3n de distancia subciclo. 8 zonas. Modular y Ciberseguro. Para Subestaciones de alta tensi\u00f3n. IEC 61850 ed2\",\"breadcrumb\":{\"@id\":\"https:\\\/\\\/www.zivautomation.com\\\/es\\\/productos\\\/sistemas-de-automatizacion-de-subestacion\\\/proteccion-de-distancia-zlf\\\/#breadcrumb\"},\"inLanguage\":\"es\",\"potentialAction\":[{\"@type\":\"ReadAction\",\"target\":[\"https:\\\/\\\/www.zivautomation.com\\\/es\\\/productos\\\/sistemas-de-automatizacion-de-subestacion\\\/proteccion-de-distancia-zlf\\\/\"]}]},{\"@type\":\"ImageObject\",\"inLanguage\":\"es\",\"@id\":\"https:\\\/\\\/www.zivautomation.com\\\/es\\\/productos\\\/sistemas-de-automatizacion-de-subestacion\\\/proteccion-de-distancia-zlf\\\/#primaryimage\",\"url\":\"https:\\\/\\\/www.zivautomation.com\\\/wp-content\\\/uploads\\\/2020\\\/04\\\/distance-relay-zlf-proteccion-distancia-iec-61850.png\",\"contentUrl\":\"https:\\\/\\\/www.zivautomation.com\\\/wp-content\\\/uploads\\\/2020\\\/04\\\/distance-relay-zlf-proteccion-distancia-iec-61850.png\",\"width\":800,\"height\":400,\"caption\":\"DISTANCE RELAY ZLF - PROTECCION DISTANCIA IEC 61850\"},{\"@type\":\"BreadcrumbList\",\"@id\":\"https:\\\/\\\/www.zivautomation.com\\\/es\\\/productos\\\/sistemas-de-automatizacion-de-subestacion\\\/proteccion-de-distancia-zlf\\\/#breadcrumb\",\"itemListElement\":[{\"@type\":\"ListItem\",\"position\":1,\"name\":\"Home\",\"item\":\"https:\\\/\\\/www.zivautomation.com\\\/es\\\/\"},{\"@type\":\"ListItem\",\"position\":2,\"name\":\"Soluciones ZIV\",\"item\":\"https:\\\/\\\/www.zivautomation.com\\\/es\\\/productos\\\/\"},{\"@type\":\"ListItem\",\"position\":3,\"name\":\"Sistemas de Automatizaci\u00f3n de Subestaciones\",\"item\":\"https:\\\/\\\/www.zivautomation.com\\\/es\\\/productos\\\/sistemas-de-automatizacion-de-subestacion\\\/\"},{\"@type\":\"ListItem\",\"position\":4,\"name\":\"ZLF &#8211; Rel\u00e9 de Protecci\u00f3n de Distancia IEC 61850 2\"}]},{\"@type\":\"WebSite\",\"@id\":\"https:\\\/\\\/www.zivautomation.com\\\/es\\\/#website\",\"url\":\"https:\\\/\\\/www.zivautomation.com\\\/es\\\/\",\"name\":\"ZIV\",\"description\":\"Haciendo realidad la Red del Futuro\",\"publisher\":{\"@id\":\"https:\\\/\\\/www.zivautomation.com\\\/es\\\/#organization\"},\"potentialAction\":[{\"@type\":\"SearchAction\",\"target\":{\"@type\":\"EntryPoint\",\"urlTemplate\":\"https:\\\/\\\/www.zivautomation.com\\\/es\\\/?s={search_term_string}\"},\"query-input\":{\"@type\":\"PropertyValueSpecification\",\"valueRequired\":true,\"valueName\":\"search_term_string\"}}],\"inLanguage\":\"es\"},{\"@type\":\"Organization\",\"@id\":\"https:\\\/\\\/www.zivautomation.com\\\/es\\\/#organization\",\"name\":\"ZIV\",\"url\":\"https:\\\/\\\/www.zivautomation.com\\\/es\\\/\",\"logo\":{\"@type\":\"ImageObject\",\"inLanguage\":\"es\",\"@id\":\"https:\\\/\\\/www.zivautomation.com\\\/es\\\/#\\\/schema\\\/logo\\\/image\\\/\",\"url\":\"https:\\\/\\\/www.zivautomation.com\\\/wp-content\\\/uploads\\\/2016\\\/10\\\/ziv_solo_cmyk_hr.jpg\",\"contentUrl\":\"https:\\\/\\\/www.zivautomation.com\\\/wp-content\\\/uploads\\\/2016\\\/10\\\/ziv_solo_cmyk_hr.jpg\",\"width\":7078,\"height\":2234,\"caption\":\"ZIV\"},\"image\":{\"@id\":\"https:\\\/\\\/www.zivautomation.com\\\/es\\\/#\\\/schema\\\/logo\\\/image\\\/\"}}]}<\/script>\n<!-- \/ Yoast SEO plugin. -->","yoast_head_json":{"title":"ZLF - Rel\u00e9 de Protecci\u00f3n de Distancia IEC 61850 2 - ZIV","description":"Rel\u00e9 (relevador) de protecci\u00f3n de distancia subciclo. 8 zonas. Modular y Ciberseguro. Para Subestaciones de alta tensi\u00f3n. IEC 61850 ed2","robots":{"index":"index","follow":"follow","max-snippet":"max-snippet:-1","max-image-preview":"max-image-preview:large","max-video-preview":"max-video-preview:-1"},"canonical":"https:\/\/www.zivautomation.com\/es\/productos\/sistemas-de-automatizacion-de-subestacion\/proteccion-de-distancia-zlf\/","og_locale":"es_ES","og_type":"article","og_title":"ZLF - Rel\u00e9 de Protecci\u00f3n de Distancia IEC 61850 2 - ZIV","og_description":"Rel\u00e9 (relevador) de protecci\u00f3n de distancia subciclo. 8 zonas. Modular y Ciberseguro. Para Subestaciones de alta tensi\u00f3n. IEC 61850 ed2","og_url":"https:\/\/www.zivautomation.com\/es\/productos\/sistemas-de-automatizacion-de-subestacion\/proteccion-de-distancia-zlf\/","og_site_name":"ZIV","article_modified_time":"2026-04-01T07:45:42+00:00","og_image":[{"width":800,"height":400,"url":"https:\/\/www.zivautomation.com\/wp-content\/uploads\/2020\/04\/distance-relay-zlf-proteccion-distancia-iec-61850.png","type":"image\/png"}],"twitter_card":"summary_large_image","twitter_misc":{"Tiempo de lectura":"3 minutos"},"schema":{"@context":"https:\/\/schema.org","@graph":[{"@type":"WebPage","@id":"https:\/\/www.zivautomation.com\/es\/productos\/sistemas-de-automatizacion-de-subestacion\/proteccion-de-distancia-zlf\/","url":"https:\/\/www.zivautomation.com\/es\/productos\/sistemas-de-automatizacion-de-subestacion\/proteccion-de-distancia-zlf\/","name":"ZLF - Rel\u00e9 de Protecci\u00f3n de Distancia IEC 61850 2 - ZIV","isPartOf":{"@id":"https:\/\/www.zivautomation.com\/es\/#website"},"primaryImageOfPage":{"@id":"https:\/\/www.zivautomation.com\/es\/productos\/sistemas-de-automatizacion-de-subestacion\/proteccion-de-distancia-zlf\/#primaryimage"},"image":{"@id":"https:\/\/www.zivautomation.com\/es\/productos\/sistemas-de-automatizacion-de-subestacion\/proteccion-de-distancia-zlf\/#primaryimage"},"thumbnailUrl":"https:\/\/www.zivautomation.com\/wp-content\/uploads\/2020\/04\/distance-relay-zlf-proteccion-distancia-iec-61850.png","datePublished":"2018-07-27T09:18:43+00:00","dateModified":"2026-04-01T07:45:42+00:00","description":"Rel\u00e9 (relevador) de protecci\u00f3n de distancia subciclo. 8 zonas. Modular y Ciberseguro. Para Subestaciones de alta tensi\u00f3n. IEC 61850 ed2","breadcrumb":{"@id":"https:\/\/www.zivautomation.com\/es\/productos\/sistemas-de-automatizacion-de-subestacion\/proteccion-de-distancia-zlf\/#breadcrumb"},"inLanguage":"es","potentialAction":[{"@type":"ReadAction","target":["https:\/\/www.zivautomation.com\/es\/productos\/sistemas-de-automatizacion-de-subestacion\/proteccion-de-distancia-zlf\/"]}]},{"@type":"ImageObject","inLanguage":"es","@id":"https:\/\/www.zivautomation.com\/es\/productos\/sistemas-de-automatizacion-de-subestacion\/proteccion-de-distancia-zlf\/#primaryimage","url":"https:\/\/www.zivautomation.com\/wp-content\/uploads\/2020\/04\/distance-relay-zlf-proteccion-distancia-iec-61850.png","contentUrl":"https:\/\/www.zivautomation.com\/wp-content\/uploads\/2020\/04\/distance-relay-zlf-proteccion-distancia-iec-61850.png","width":800,"height":400,"caption":"DISTANCE RELAY ZLF - PROTECCION DISTANCIA IEC 61850"},{"@type":"BreadcrumbList","@id":"https:\/\/www.zivautomation.com\/es\/productos\/sistemas-de-automatizacion-de-subestacion\/proteccion-de-distancia-zlf\/#breadcrumb","itemListElement":[{"@type":"ListItem","position":1,"name":"Home","item":"https:\/\/www.zivautomation.com\/es\/"},{"@type":"ListItem","position":2,"name":"Soluciones ZIV","item":"https:\/\/www.zivautomation.com\/es\/productos\/"},{"@type":"ListItem","position":3,"name":"Sistemas de Automatizaci\u00f3n de Subestaciones","item":"https:\/\/www.zivautomation.com\/es\/productos\/sistemas-de-automatizacion-de-subestacion\/"},{"@type":"ListItem","position":4,"name":"ZLF &#8211; Rel\u00e9 de Protecci\u00f3n de Distancia IEC 61850 2"}]},{"@type":"WebSite","@id":"https:\/\/www.zivautomation.com\/es\/#website","url":"https:\/\/www.zivautomation.com\/es\/","name":"ZIV","description":"Haciendo realidad la Red del Futuro","publisher":{"@id":"https:\/\/www.zivautomation.com\/es\/#organization"},"potentialAction":[{"@type":"SearchAction","target":{"@type":"EntryPoint","urlTemplate":"https:\/\/www.zivautomation.com\/es\/?s={search_term_string}"},"query-input":{"@type":"PropertyValueSpecification","valueRequired":true,"valueName":"search_term_string"}}],"inLanguage":"es"},{"@type":"Organization","@id":"https:\/\/www.zivautomation.com\/es\/#organization","name":"ZIV","url":"https:\/\/www.zivautomation.com\/es\/","logo":{"@type":"ImageObject","inLanguage":"es","@id":"https:\/\/www.zivautomation.com\/es\/#\/schema\/logo\/image\/","url":"https:\/\/www.zivautomation.com\/wp-content\/uploads\/2016\/10\/ziv_solo_cmyk_hr.jpg","contentUrl":"https:\/\/www.zivautomation.com\/wp-content\/uploads\/2016\/10\/ziv_solo_cmyk_hr.jpg","width":7078,"height":2234,"caption":"ZIV"},"image":{"@id":"https:\/\/www.zivautomation.com\/es\/#\/schema\/logo\/image\/"}}]}},"_links":{"self":[{"href":"https:\/\/www.zivautomation.com\/es\/wp-json\/wp\/v2\/pages\/66398","targetHints":{"allow":["GET"]}}],"collection":[{"href":"https:\/\/www.zivautomation.com\/es\/wp-json\/wp\/v2\/pages"}],"about":[{"href":"https:\/\/www.zivautomation.com\/es\/wp-json\/wp\/v2\/types\/page"}],"author":[{"embeddable":true,"href":"https:\/\/www.zivautomation.com\/es\/wp-json\/wp\/v2\/users\/1323"}],"replies":[{"embeddable":true,"href":"https:\/\/www.zivautomation.com\/es\/wp-json\/wp\/v2\/comments?post=66398"}],"version-history":[{"count":66,"href":"https:\/\/www.zivautomation.com\/es\/wp-json\/wp\/v2\/pages\/66398\/revisions"}],"predecessor-version":[{"id":162400,"href":"https:\/\/www.zivautomation.com\/es\/wp-json\/wp\/v2\/pages\/66398\/revisions\/162400"}],"up":[{"embeddable":true,"href":"https:\/\/www.zivautomation.com\/es\/wp-json\/wp\/v2\/pages\/84398"}],"wp:featuredmedia":[{"embeddable":true,"href":"https:\/\/www.zivautomation.com\/es\/wp-json\/wp\/v2\/media\/74463"}],"wp:attachment":[{"href":"https:\/\/www.zivautomation.com\/es\/wp-json\/wp\/v2\/media?parent=66398"}],"wp:term":[{"taxonomy":"category","embeddable":true,"href":"https:\/\/www.zivautomation.com\/es\/wp-json\/wp\/v2\/categories?post=66398"},{"taxonomy":"post_tag","embeddable":true,"href":"https:\/\/www.zivautomation.com\/es\/wp-json\/wp\/v2\/tags?post=66398"}],"curies":[{"name":"wp","href":"https:\/\/api.w.org\/{rel}","templated":true}]}}