{"id":65856,"date":"2018-06-21T10:05:28","date_gmt":"2018-06-21T08:05:28","guid":{"rendered":"https:\/\/www.zivautomation.com\/?page_id=65856"},"modified":"2022-07-24T22:33:04","modified_gmt":"2022-07-24T20:33:04","slug":"idx-proteccion-diferencial","status":"publish","type":"page","link":"https:\/\/www.zivautomation.com\/es\/productos\/sistemas-de-automatizacion-de-subestacion\/idx-proteccion-diferencial\/","title":{"rendered":"IDX \u2013 Proteccion Diferencial Compacta de Transformadores"},"content":{"rendered":"<div class=\"wpb-content-wrapper\"><p>[vc_row][vc_column width=&#8221;1\/3&#8243;][vc_single_image image=&#8221;85038&#8243; img_size=&#8221;medium&#8221; onclick=&#8221;img_link_large&#8221;][\/vc_column][vc_column width=&#8221;2\/3&#8243;][vc_column_text]<\/p>\n<h2>Una soluci\u00f3n completa e innovadora para transformadores y otras m\u00e1quinas<\/h2>\n<p>El equipo IDV incorpora todas las funciones de protecci\u00f3n, control y medida para una posici\u00f3n de transformador o autotransformador, de dos o tres devanados, con cualquier nivel de tensi\u00f3n, con interruptor simple o doble interruptor. Tambi\u00e9n puede aplicarse como protecci\u00f3n diferencial en reactancias, generadores o motores.<\/p>\n<p><strong>Caracter\u00edsticas principales<\/strong><\/p>\n<ul>\n<li>Salidas de Disparo de estado s\u00f3lido.<\/li>\n<li>Unidad Diferencial con Frenado porcentual.<\/li>\n<li>Unidad Diferencial sin Frenado.<\/li>\n<li>Bloqueo \/ Frenado por arm\u00f3nicos.<\/li>\n<li>Protecci\u00f3n de Faltas a Tierra Restringidas.<\/li>\n<li>Detector de Falta Externa.<\/li>\n<li>Puertos Ethernet.<\/li>\n<li>Posiciones de doble interruptor.<\/li>\n<\/ul>\n<p><strong>Relacionado<\/strong><\/p>\n<ul>\n<li><a href=\"https:\/\/www.zivautomation.com\/es\/smartgrid\/\">Sistemas de Automatizaci\u00f3n y Telecomunicaci\u00f3n de Subestaciones<\/a><\/li>\n<li>Certificado IEC61850 de KEMA para <a href=\"http:\/\/www.ziv.es\/wp-content\/uploads\/2015\/11\/08-0554certificateziv_idva.pdf\" target=\"_blank\" rel=\"noopener noreferrer\">IDV-A<\/a><\/li>\n<\/ul>\n<p>[\/vc_column_text]<p><strong>Documentaci\u00f3n<\/strong><\/p><ul>\r\n \t<li>Manual de Instrucciones: <a href=\"https:\/\/www.zivautomation.com\/es\/access\/acceso\/\" data-id=\"82005\" class=\"icon-lock\">M2IDXA2002Ev01<\/a> <em>- rev 12.2021<\/em><\/li>\r\n<\/ul>[\/vc_column][\/vc_row]<\/p>\n<\/div>","protected":false},"excerpt":{"rendered":"<p> Una soluci\u00f3n completa e innovadora para transformadores y otras m\u00e1quinas El equipo IDV incorpora todas las funciones de protecci\u00f3n, control y medida para una posici\u00f3n de transformador o autotransformador, de dos o tres devanados, con cualquier nivel de tensi\u00f3n, con interruptor simple o doble interruptor. Tambi\u00e9n puede aplicarse como protecci\u00f3n diferencial en reactancias, generadores [&hellip;]<\/p>\n","protected":false},"author":1323,"featured_media":74472,"parent":84398,"menu_order":266,"comment_status":"closed","ping_status":"closed","template":"","meta":{"_acf_changed":false,"footnotes":""},"categories":[268,217,223],"tags":[],"class_list":["post-65856","page","type-page","status-publish","has-post-thumbnail","hentry","category-sistemas-de-automatizacion-de-subestacion-cat","category-protecciones-cat","category-proteccion-de-transformadores-cat"],"acf":[],"yoast_head":"<!-- This site is optimized with the Yoast SEO plugin v27.3 - https:\/\/yoast.com\/product\/yoast-seo-wordpress\/ -->\n<title>IDX \u2013 Proteccion Diferencial Compacta de Transformadores - ZIV<\/title>\n<meta name=\"robots\" content=\"index, follow, max-snippet:-1, max-image-preview:large, max-video-preview:-1\" \/>\n<link rel=\"canonical\" href=\"https:\/\/www.zivautomation.com\/es\/productos\/sistemas-de-automatizacion-de-subestacion\/idx-proteccion-diferencial\/\" \/>\n<meta property=\"og:locale\" content=\"es_ES\" \/>\n<meta property=\"og:type\" content=\"article\" \/>\n<meta property=\"og:title\" content=\"IDX \u2013 Proteccion Diferencial Compacta de Transformadores - ZIV\" \/>\n<meta property=\"og:description\" content=\"[vc_row][vc_column width=&#8221;1\/3&#8243;][vc_single_image image=&#8221;85038&#8243; img_size=&#8221;medium&#8221; onclick=&#8221;img_link_large&#8221;][\/vc_column][vc_column width=&#8221;2\/3&#8243;][vc_column_text] Una soluci\u00f3n completa e innovadora para transformadores y otras m\u00e1quinas El equipo IDV incorpora todas las funciones de protecci\u00f3n, control y medida para una posici\u00f3n de transformador o autotransformador, de dos o tres devanados, con cualquier nivel de tensi\u00f3n, con interruptor simple o doble interruptor. Tambi\u00e9n puede aplicarse como protecci\u00f3n diferencial en reactancias, generadores [&hellip;]\" \/>\n<meta property=\"og:url\" content=\"https:\/\/www.zivautomation.com\/es\/productos\/sistemas-de-automatizacion-de-subestacion\/idx-proteccion-diferencial\/\" \/>\n<meta property=\"og:site_name\" content=\"ZIV\" \/>\n<meta property=\"article:modified_time\" content=\"2022-07-24T20:33:04+00:00\" \/>\n<meta property=\"og:image\" content=\"https:\/\/www.zivautomation.com\/wp-content\/uploads\/2020\/04\/irx-oc-multifunction-relay-800x400-1.png\" \/>\n\t<meta property=\"og:image:width\" content=\"800\" \/>\n\t<meta property=\"og:image:height\" content=\"400\" \/>\n\t<meta property=\"og:image:type\" content=\"image\/png\" \/>\n<meta name=\"twitter:card\" content=\"summary_large_image\" \/>\n<meta name=\"twitter:label1\" content=\"Tiempo de lectura\" \/>\n\t<meta name=\"twitter:data1\" content=\"1 minuto\" \/>\n<script type=\"application\/ld+json\" class=\"yoast-schema-graph\">{\"@context\":\"https:\\\/\\\/schema.org\",\"@graph\":[{\"@type\":\"WebPage\",\"@id\":\"https:\\\/\\\/www.zivautomation.com\\\/es\\\/productos\\\/sistemas-de-automatizacion-de-subestacion\\\/idx-proteccion-diferencial\\\/\",\"url\":\"https:\\\/\\\/www.zivautomation.com\\\/es\\\/productos\\\/sistemas-de-automatizacion-de-subestacion\\\/idx-proteccion-diferencial\\\/\",\"name\":\"IDX \u2013 Proteccion Diferencial Compacta de Transformadores - ZIV\",\"isPartOf\":{\"@id\":\"https:\\\/\\\/www.zivautomation.com\\\/es\\\/#website\"},\"primaryImageOfPage\":{\"@id\":\"https:\\\/\\\/www.zivautomation.com\\\/es\\\/productos\\\/sistemas-de-automatizacion-de-subestacion\\\/idx-proteccion-diferencial\\\/#primaryimage\"},\"image\":{\"@id\":\"https:\\\/\\\/www.zivautomation.com\\\/es\\\/productos\\\/sistemas-de-automatizacion-de-subestacion\\\/idx-proteccion-diferencial\\\/#primaryimage\"},\"thumbnailUrl\":\"https:\\\/\\\/www.zivautomation.com\\\/wp-content\\\/uploads\\\/2020\\\/04\\\/irx-oc-multifunction-relay-800x400-1.png\",\"datePublished\":\"2018-06-21T08:05:28+00:00\",\"dateModified\":\"2022-07-24T20:33:04+00:00\",\"breadcrumb\":{\"@id\":\"https:\\\/\\\/www.zivautomation.com\\\/es\\\/productos\\\/sistemas-de-automatizacion-de-subestacion\\\/idx-proteccion-diferencial\\\/#breadcrumb\"},\"inLanguage\":\"es\",\"potentialAction\":[{\"@type\":\"ReadAction\",\"target\":[\"https:\\\/\\\/www.zivautomation.com\\\/es\\\/productos\\\/sistemas-de-automatizacion-de-subestacion\\\/idx-proteccion-diferencial\\\/\"]}]},{\"@type\":\"ImageObject\",\"inLanguage\":\"es\",\"@id\":\"https:\\\/\\\/www.zivautomation.com\\\/es\\\/productos\\\/sistemas-de-automatizacion-de-subestacion\\\/idx-proteccion-diferencial\\\/#primaryimage\",\"url\":\"https:\\\/\\\/www.zivautomation.com\\\/wp-content\\\/uploads\\\/2020\\\/04\\\/irx-oc-multifunction-relay-800x400-1.png\",\"contentUrl\":\"https:\\\/\\\/www.zivautomation.com\\\/wp-content\\\/uploads\\\/2020\\\/04\\\/irx-oc-multifunction-relay-800x400-1.png\",\"width\":800,\"height\":400,\"caption\":\"irx-oc-multifunction-relay\"},{\"@type\":\"BreadcrumbList\",\"@id\":\"https:\\\/\\\/www.zivautomation.com\\\/es\\\/productos\\\/sistemas-de-automatizacion-de-subestacion\\\/idx-proteccion-diferencial\\\/#breadcrumb\",\"itemListElement\":[{\"@type\":\"ListItem\",\"position\":1,\"name\":\"Home\",\"item\":\"https:\\\/\\\/www.zivautomation.com\\\/es\\\/\"},{\"@type\":\"ListItem\",\"position\":2,\"name\":\"Soluciones ZIV\",\"item\":\"https:\\\/\\\/www.zivautomation.com\\\/es\\\/productos\\\/\"},{\"@type\":\"ListItem\",\"position\":3,\"name\":\"Sistemas de Automatizaci\u00f3n de Subestaciones\",\"item\":\"https:\\\/\\\/www.zivautomation.com\\\/es\\\/productos\\\/sistemas-de-automatizacion-de-subestacion\\\/\"},{\"@type\":\"ListItem\",\"position\":4,\"name\":\"IDX \u2013 Proteccion Diferencial Compacta de Transformadores\"}]},{\"@type\":\"WebSite\",\"@id\":\"https:\\\/\\\/www.zivautomation.com\\\/es\\\/#website\",\"url\":\"https:\\\/\\\/www.zivautomation.com\\\/es\\\/\",\"name\":\"ZIV\",\"description\":\"Haciendo realidad la Red del Futuro\",\"publisher\":{\"@id\":\"https:\\\/\\\/www.zivautomation.com\\\/es\\\/#organization\"},\"potentialAction\":[{\"@type\":\"SearchAction\",\"target\":{\"@type\":\"EntryPoint\",\"urlTemplate\":\"https:\\\/\\\/www.zivautomation.com\\\/es\\\/?s={search_term_string}\"},\"query-input\":{\"@type\":\"PropertyValueSpecification\",\"valueRequired\":true,\"valueName\":\"search_term_string\"}}],\"inLanguage\":\"es\"},{\"@type\":\"Organization\",\"@id\":\"https:\\\/\\\/www.zivautomation.com\\\/es\\\/#organization\",\"name\":\"ZIV\",\"url\":\"https:\\\/\\\/www.zivautomation.com\\\/es\\\/\",\"logo\":{\"@type\":\"ImageObject\",\"inLanguage\":\"es\",\"@id\":\"https:\\\/\\\/www.zivautomation.com\\\/es\\\/#\\\/schema\\\/logo\\\/image\\\/\",\"url\":\"https:\\\/\\\/www.zivautomation.com\\\/wp-content\\\/uploads\\\/2016\\\/10\\\/ziv_solo_cmyk_hr.jpg\",\"contentUrl\":\"https:\\\/\\\/www.zivautomation.com\\\/wp-content\\\/uploads\\\/2016\\\/10\\\/ziv_solo_cmyk_hr.jpg\",\"width\":7078,\"height\":2234,\"caption\":\"ZIV\"},\"image\":{\"@id\":\"https:\\\/\\\/www.zivautomation.com\\\/es\\\/#\\\/schema\\\/logo\\\/image\\\/\"}}]}<\/script>\n<!-- \/ Yoast SEO plugin. -->","yoast_head_json":{"title":"IDX \u2013 Proteccion Diferencial Compacta de Transformadores - ZIV","robots":{"index":"index","follow":"follow","max-snippet":"max-snippet:-1","max-image-preview":"max-image-preview:large","max-video-preview":"max-video-preview:-1"},"canonical":"https:\/\/www.zivautomation.com\/es\/productos\/sistemas-de-automatizacion-de-subestacion\/idx-proteccion-diferencial\/","og_locale":"es_ES","og_type":"article","og_title":"IDX \u2013 Proteccion Diferencial Compacta de Transformadores - ZIV","og_description":"[vc_row][vc_column width=&#8221;1\/3&#8243;][vc_single_image image=&#8221;85038&#8243; img_size=&#8221;medium&#8221; onclick=&#8221;img_link_large&#8221;][\/vc_column][vc_column width=&#8221;2\/3&#8243;][vc_column_text] Una soluci\u00f3n completa e innovadora para transformadores y otras m\u00e1quinas El equipo IDV incorpora todas las funciones de protecci\u00f3n, control y medida para una posici\u00f3n de transformador o autotransformador, de dos o tres devanados, con cualquier nivel de tensi\u00f3n, con interruptor simple o doble interruptor. Tambi\u00e9n puede aplicarse como protecci\u00f3n diferencial en reactancias, generadores [&hellip;]","og_url":"https:\/\/www.zivautomation.com\/es\/productos\/sistemas-de-automatizacion-de-subestacion\/idx-proteccion-diferencial\/","og_site_name":"ZIV","article_modified_time":"2022-07-24T20:33:04+00:00","og_image":[{"width":800,"height":400,"url":"https:\/\/www.zivautomation.com\/wp-content\/uploads\/2020\/04\/irx-oc-multifunction-relay-800x400-1.png","type":"image\/png"}],"twitter_card":"summary_large_image","twitter_misc":{"Tiempo de lectura":"1 minuto"},"schema":{"@context":"https:\/\/schema.org","@graph":[{"@type":"WebPage","@id":"https:\/\/www.zivautomation.com\/es\/productos\/sistemas-de-automatizacion-de-subestacion\/idx-proteccion-diferencial\/","url":"https:\/\/www.zivautomation.com\/es\/productos\/sistemas-de-automatizacion-de-subestacion\/idx-proteccion-diferencial\/","name":"IDX \u2013 Proteccion Diferencial Compacta de Transformadores - ZIV","isPartOf":{"@id":"https:\/\/www.zivautomation.com\/es\/#website"},"primaryImageOfPage":{"@id":"https:\/\/www.zivautomation.com\/es\/productos\/sistemas-de-automatizacion-de-subestacion\/idx-proteccion-diferencial\/#primaryimage"},"image":{"@id":"https:\/\/www.zivautomation.com\/es\/productos\/sistemas-de-automatizacion-de-subestacion\/idx-proteccion-diferencial\/#primaryimage"},"thumbnailUrl":"https:\/\/www.zivautomation.com\/wp-content\/uploads\/2020\/04\/irx-oc-multifunction-relay-800x400-1.png","datePublished":"2018-06-21T08:05:28+00:00","dateModified":"2022-07-24T20:33:04+00:00","breadcrumb":{"@id":"https:\/\/www.zivautomation.com\/es\/productos\/sistemas-de-automatizacion-de-subestacion\/idx-proteccion-diferencial\/#breadcrumb"},"inLanguage":"es","potentialAction":[{"@type":"ReadAction","target":["https:\/\/www.zivautomation.com\/es\/productos\/sistemas-de-automatizacion-de-subestacion\/idx-proteccion-diferencial\/"]}]},{"@type":"ImageObject","inLanguage":"es","@id":"https:\/\/www.zivautomation.com\/es\/productos\/sistemas-de-automatizacion-de-subestacion\/idx-proteccion-diferencial\/#primaryimage","url":"https:\/\/www.zivautomation.com\/wp-content\/uploads\/2020\/04\/irx-oc-multifunction-relay-800x400-1.png","contentUrl":"https:\/\/www.zivautomation.com\/wp-content\/uploads\/2020\/04\/irx-oc-multifunction-relay-800x400-1.png","width":800,"height":400,"caption":"irx-oc-multifunction-relay"},{"@type":"BreadcrumbList","@id":"https:\/\/www.zivautomation.com\/es\/productos\/sistemas-de-automatizacion-de-subestacion\/idx-proteccion-diferencial\/#breadcrumb","itemListElement":[{"@type":"ListItem","position":1,"name":"Home","item":"https:\/\/www.zivautomation.com\/es\/"},{"@type":"ListItem","position":2,"name":"Soluciones ZIV","item":"https:\/\/www.zivautomation.com\/es\/productos\/"},{"@type":"ListItem","position":3,"name":"Sistemas de Automatizaci\u00f3n de Subestaciones","item":"https:\/\/www.zivautomation.com\/es\/productos\/sistemas-de-automatizacion-de-subestacion\/"},{"@type":"ListItem","position":4,"name":"IDX \u2013 Proteccion Diferencial Compacta de Transformadores"}]},{"@type":"WebSite","@id":"https:\/\/www.zivautomation.com\/es\/#website","url":"https:\/\/www.zivautomation.com\/es\/","name":"ZIV","description":"Haciendo realidad la Red del Futuro","publisher":{"@id":"https:\/\/www.zivautomation.com\/es\/#organization"},"potentialAction":[{"@type":"SearchAction","target":{"@type":"EntryPoint","urlTemplate":"https:\/\/www.zivautomation.com\/es\/?s={search_term_string}"},"query-input":{"@type":"PropertyValueSpecification","valueRequired":true,"valueName":"search_term_string"}}],"inLanguage":"es"},{"@type":"Organization","@id":"https:\/\/www.zivautomation.com\/es\/#organization","name":"ZIV","url":"https:\/\/www.zivautomation.com\/es\/","logo":{"@type":"ImageObject","inLanguage":"es","@id":"https:\/\/www.zivautomation.com\/es\/#\/schema\/logo\/image\/","url":"https:\/\/www.zivautomation.com\/wp-content\/uploads\/2016\/10\/ziv_solo_cmyk_hr.jpg","contentUrl":"https:\/\/www.zivautomation.com\/wp-content\/uploads\/2016\/10\/ziv_solo_cmyk_hr.jpg","width":7078,"height":2234,"caption":"ZIV"},"image":{"@id":"https:\/\/www.zivautomation.com\/es\/#\/schema\/logo\/image\/"}}]}},"_links":{"self":[{"href":"https:\/\/www.zivautomation.com\/es\/wp-json\/wp\/v2\/pages\/65856","targetHints":{"allow":["GET"]}}],"collection":[{"href":"https:\/\/www.zivautomation.com\/es\/wp-json\/wp\/v2\/pages"}],"about":[{"href":"https:\/\/www.zivautomation.com\/es\/wp-json\/wp\/v2\/types\/page"}],"author":[{"embeddable":true,"href":"https:\/\/www.zivautomation.com\/es\/wp-json\/wp\/v2\/users\/1323"}],"replies":[{"embeddable":true,"href":"https:\/\/www.zivautomation.com\/es\/wp-json\/wp\/v2\/comments?post=65856"}],"version-history":[{"count":10,"href":"https:\/\/www.zivautomation.com\/es\/wp-json\/wp\/v2\/pages\/65856\/revisions"}],"predecessor-version":[{"id":85325,"href":"https:\/\/www.zivautomation.com\/es\/wp-json\/wp\/v2\/pages\/65856\/revisions\/85325"}],"up":[{"embeddable":true,"href":"https:\/\/www.zivautomation.com\/es\/wp-json\/wp\/v2\/pages\/84398"}],"wp:featuredmedia":[{"embeddable":true,"href":"https:\/\/www.zivautomation.com\/es\/wp-json\/wp\/v2\/media\/74472"}],"wp:attachment":[{"href":"https:\/\/www.zivautomation.com\/es\/wp-json\/wp\/v2\/media?parent=65856"}],"wp:term":[{"taxonomy":"category","embeddable":true,"href":"https:\/\/www.zivautomation.com\/es\/wp-json\/wp\/v2\/categories?post=65856"},{"taxonomy":"post_tag","embeddable":true,"href":"https:\/\/www.zivautomation.com\/es\/wp-json\/wp\/v2\/tags?post=65856"}],"curies":[{"name":"wp","href":"https:\/\/api.w.org\/{rel}","templated":true}]}}