{"id":6553,"date":"2015-04-20T20:28:10","date_gmt":"2015-04-20T18:28:10","guid":{"rendered":"http:\/\/ziv.poselab.com\/smart-metering-data-concentrator-for-secondary-substations\/"},"modified":"2025-02-24T16:54:46","modified_gmt":"2025-02-24T15:54:46","slug":"smart-metering-data-concentrator-for-secondary-substations","status":"publish","type":"page","link":"https:\/\/www.zivautomation.com\/es\/productos\/metering-ami\/smart-metering-data-concentrator-for-secondary-substations\/","title":{"rendered":"Concentrador de datos para centros de transformaci\u00f3n | 4DTC"},"content":{"rendered":"<div class=\"wpb-content-wrapper\"><p>[vc_row][vc_column width=&#8221;1\/3&#8243;][vc_single_image image=&#8221;98696&#8243; img_size=&#8221;large&#8221; alignment=&#8221;center&#8221; onclick=&#8221;img_link_large&#8221; css=&#8221;&#8221;][\/vc_column][vc_column width=&#8221;2\/3&#8243;][vc_column_text css=&#8221;&#8221;]<\/p>\n<h2 style=\"line-height: 1.4;\"><span class=\"OYPEnA font-feature-liga-off font-feature-clig-off font-feature-calt-off text-decoration-none text-strikethrough-none\">Concentrador de datos de medida (DCU) que incluye un supervisor avanzado de baja tensi\u00f3n y un controlador PLC con funciones de supervisi\u00f3n de red, adem\u00e1s de funciones de gesti\u00f3n remota de contadores inteligentes.<\/span><\/h2>\n<p>[\/vc_column_text][vc_column_text css=&#8221;&#8221;]<img loading=\"lazy\" decoding=\"async\" class=\"aligncenter size-medium wp-image-68713\" src=\"https:\/\/www.zivautomation.com\/wp-content\/uploads\/2019\/02\/df-l-prime_r-l-logo-l-transp_web-300x99.png\" alt=\"PRIME PLC\" width=\"300\" height=\"99\" srcset=\"https:\/\/www.zivautomation.com\/wp-content\/uploads\/2019\/02\/df-l-prime_r-l-logo-l-transp_web-300x99.png 300w, https:\/\/www.zivautomation.com\/wp-content\/uploads\/2019\/02\/df-l-prime_r-l-logo-l-transp_web-672x222.png 672w, https:\/\/www.zivautomation.com\/wp-content\/uploads\/2019\/02\/df-l-prime_r-l-logo-l-transp_web-287x95.png 287w, https:\/\/www.zivautomation.com\/wp-content\/uploads\/2019\/02\/df-l-prime_r-l-logo-l-transp_web.png 729w\" sizes=\"auto, (max-width: 300px) 100vw, 300px\" \/>[\/vc_column_text][vc_column_text css=&#8221;&#8221;]<\/p>\n<h4>Caracter\u00edsticas<\/h4>\n<ul>\n<li><span class=\"OYPEnA font-feature-liga-off font-feature-clig-off font-feature-calt-off text-decoration-none text-strikethrough-none\">Capacidad de actualizaci\u00f3n remota de firmware, opciones de configuraci\u00f3n WEB\/TELNET.<\/span><\/li>\n<li><span class=\"OYPEnA font-feature-liga-off font-feature-clig-off font-feature-calt-off text-decoration-none text-strikethrough-none\">Conexi\u00f3n con ZIV AMI Manager (herramienta de depuraci\u00f3n de PLC).<\/span><\/li>\n<li><span class=\"OYPEnA font-feature-liga-off font-feature-clig-off font-feature-calt-off text-decoration-none text-strikethrough-none\">Sincronizaci\u00f3n NTP.<\/span><\/li>\n<li><span class=\"OYPEnA font-feature-liga-off font-feature-clig-off font-feature-calt-off text-decoration-none text-strikethrough-none\">Un hardware de vigilancia (watchdog) para mejorar la fiabilidad del sistema.<\/span><\/li>\n<li><span class=\"OYPEnA font-feature-liga-off font-feature-clig-off font-feature-calt-off text-decoration-none text-strikethrough-none\">Gesti\u00f3n SNMP para una supervisi\u00f3n eficaz de la red.<\/span><\/li>\n<li><span class=\"OYPEnA font-feature-liga-off font-feature-clig-off font-feature-calt-off text-decoration-none text-strikethrough-none\">Control de acceso seguro para uso autorizado.<\/span><\/li>\n<li><span class=\"OYPEnA font-feature-liga-off font-feature-clig-off font-feature-calt-off text-decoration-none text-strikethrough-none\">Protocolo de transferencia segura de archivos para un intercambio seguro de datos.<\/span><\/li>\n<li><span class=\"OYPEnA font-feature-liga-off font-feature-clig-off font-feature-calt-off text-decoration-none text-strikethrough-none\">Protocolo Transport Layer Security (TLS) para una comunicaci\u00f3n segura.<\/span><\/li>\n<\/ul>\n<h4>Informaci\u00f3n T\u00e9cnica<\/h4>\n<ul>\n<li><span class=\"OYPEnA font-feature-liga-off font-feature-clig-off font-feature-calt-off text-decoration-none text-strikethrough-none\">Interfaces de comunicaci\u00f3n.<\/span>\n<ul>\n<li><span class=\"OYPEnA font-feature-liga-off font-feature-clig-off font-feature-calt-off text-decoration-none text-strikethrough-none\">NODO BASE PRIME:\u00a0<\/span>\n<ul>\n<li><span class=\"OYPEnA font-feature-liga-off font-feature-clig-off font-feature-calt-off text-decoration-none text-strikethrough-none\">Dual PRIME1.3 &amp; PRIME1.4<\/span><\/li>\n<li><span class=\"OYPEnA font-feature-liga-off font-feature-clig-off font-feature-calt-off text-decoration-none text-strikethrough-none\">1..8 bandas FCC<\/span><\/li>\n<li><span class=\"OYPEnA font-feature-liga-off font-feature-clig-off font-feature-calt-off text-decoration-none text-strikethrough-none\">Trif\u00e1sico inteligente\/ monof\u00e1sico seleccionable<\/span><\/li>\n<\/ul>\n<\/li>\n<li><span class=\"OYPEnA font-feature-liga-off font-feature-clig-off font-feature-calt-off text-decoration-none text-strikethrough-none\">Puertos Ethernet<\/span><span class=\"OYPEnA font-feature-liga-off font-feature-clig-off font-feature-calt-off text-decoration-none text-strikethrough-none\">:<\/span>\n<ul>\n<li><span class=\"OYPEnA font-feature-liga-off font-feature-clig-off font-feature-calt-off text-decoration-none text-strikethrough-none\">ETH WAN:<\/span> <span class=\"OYPEnA font-feature-liga-off font-feature-clig-off font-feature-calt-off text-decoration-none text-strikethrough-none\">Conector 10\/100 BaseT; <\/span>10 kV CA \/ 50 Hz.<\/li>\n<li><span class=\"OYPEnA font-feature-liga-off font-feature-clig-off font-feature-calt-off text-decoration-none text-strikethrough-none\">ETH LAN:<\/span> <span class=\"OYPEnA font-feature-liga-off font-feature-clig-off font-feature-calt-off text-decoration-none text-strikethrough-none\">Conector 10\/100 BaseT; <\/span>2 kV AC\/50Hz.<\/li>\n<\/ul>\n<\/li>\n<li><span class=\"OYPEnA font-feature-liga-off font-feature-clig-off font-feature-calt-off text-decoration-none text-strikethrough-none\">Puerto serie (SRV). Interfaz de servicio<\/span><span class=\"OYPEnA font-feature-liga-off font-feature-clig-off font-feature-calt-off text-decoration-none text-strikethrough-none\">: RS232 (DB9). 1 kV CA \/ 50 Hz<\/span><\/li>\n<\/ul>\n<\/li>\n<li><span class=\"OYPEnA font-feature-liga-off font-feature-clig-off font-feature-calt-off text-decoration-none text-strikethrough-none\">Protocolos de aplicaci\u00f3n<\/span><span class=\"OYPEnA font-feature-liga-off font-feature-clig-off font-feature-calt-off text-decoration-none text-strikethrough-none\">:<\/span>\n<ul>\n<li><span class=\"OYPEnA font-feature-liga-off font-feature-clig-off font-feature-calt-off text-decoration-none text-strikethrough-none\">(contadores) DLMS\/COSEM (AES-GCM-128).<\/span><\/li>\n<li><span class=\"OYPEnA font-feature-liga-off font-feature-clig-off font-feature-calt-off text-decoration-none text-strikethrough-none\">(HES) XML\/Servicios web sobre SOAP.<\/span><\/li>\n<\/ul>\n<\/li>\n<li><span class=\"OYPEnA font-feature-liga-off font-feature-clig-off font-feature-calt-off text-decoration-none text-strikethrough-none\">Protocolo de control de acceso<\/span><span class=\"OYPEnA font-feature-liga-off font-feature-clig-off font-feature-calt-off text-decoration-none text-strikethrough-none\">:<\/span>\n<ul>\n<li><span class=\"OYPEnA font-feature-liga-off font-feature-clig-off font-feature-calt-off text-decoration-none text-strikethrough-none\">TACACS+<\/span><\/li>\n<li><span class=\"OYPEnA font-feature-liga-off font-feature-clig-off font-feature-calt-off text-decoration-none text-strikethrough-none\">LDAPS Mecanismo SimpleBind.<\/span><\/li>\n<\/ul>\n<\/li>\n<li><span class=\"OYPEnA font-feature-liga-off font-feature-clig-off font-feature-calt-off text-decoration-none text-strikethrough-none\">Protocolo de acceso<\/span><span class=\"OYPEnA font-feature-liga-off font-feature-clig-off font-feature-calt-off text-decoration-none text-strikethrough-none\">:<\/span>\n<ul>\n<li><span class=\"OYPEnA font-feature-liga-off font-feature-clig-off font-feature-calt-off text-decoration-none text-strikethrough-none\">SSH.<\/span><\/li>\n<li><span class=\"OYPEnA font-feature-liga-off font-feature-clig-off font-feature-calt-off text-decoration-none text-strikethrough-none\">Telnet (habilitar\/inhabilitar).<\/span><\/li>\n<li><span class=\"OYPEnA font-feature-liga-off font-feature-clig-off font-feature-calt-off text-decoration-none text-strikethrough-none\">Servicio web (WebUI). HTTPS.<\/span><\/li>\n<\/ul>\n<\/li>\n<li><span class=\"OYPEnA font-feature-liga-off font-feature-clig-off font-feature-calt-off text-decoration-none text-strikethrough-none\">Protocolo de capa de transporte<\/span>\n<ul>\n<li><span class=\"OYPEnA font-feature-liga-off font-feature-clig-off font-feature-calt-off text-decoration-none text-strikethrough-none\">TLS versi\u00f3n 1.2 o superior.<\/span><\/li>\n<li><span class=\"OYPEnA font-feature-liga-off font-feature-clig-off font-feature-calt-off text-decoration-none text-strikethrough-none\">Identidad X.509 (clave p\u00fablica y privada).<\/span><\/li>\n<\/ul>\n<\/li>\n<li><span class=\"OYPEnA font-feature-liga-off font-feature-clig-off font-feature-calt-off text-decoration-none text-strikethrough-none\">Protocolo de transferencia de archivos<\/span><span class=\"OYPEnA font-feature-liga-off font-feature-clig-off font-feature-calt-off text-decoration-none text-strikethrough-none\">: SFTP.<\/span><\/li>\n<li><span class=\"OYPEnA font-feature-liga-off font-feature-clig-off font-feature-calt-off text-decoration-none text-strikethrough-none\">Protocolo de sincronizaci\u00f3n<\/span><span class=\"OYPEnA font-feature-liga-off font-feature-clig-off font-feature-calt-off text-decoration-none text-strikethrough-none\">: NTPv4.<\/span><\/li>\n<li><span class=\"OYPEnA font-feature-liga-off font-feature-clig-off font-feature-calt-off text-decoration-none text-strikethrough-none\">Protocolo de supervisi\u00f3n<\/span><span class=\"OYPEnA font-feature-liga-off font-feature-clig-off font-feature-calt-off text-decoration-none text-strikethrough-none\">: SNMP v3 o superior.<\/span><\/li>\n<\/ul>\n<p>[\/vc_column_text]<p><strong>Documentaci\u00f3n<\/strong><\/p><p class=\"page-title\"><strong>4DTC \/ Concentrador de datos para centros de transformaci\u00f3n<\/strong><\/p>\r\n\r\n<ul>\r\n \t<li>Hoja de Producto (ENG): <a href=\"https:\/\/www.zivautomation.com\/wp-content\/uploads\/2023\/12\/h4dtc2307iv00.pdf\" target=\"_blank\">H4DTC2307Iv00<\/a> - <em>Rev.\u00a011\/2023 <\/em><\/li>\r\n<\/ul>[\/vc_column][\/vc_row]<\/p>\n<\/div>","protected":false},"excerpt":{"rendered":"<p> Concentrador de datos de medida (DCU) que incluye un supervisor avanzado de baja tensi\u00f3n y un controlador PLC con funciones de supervisi\u00f3n de red, adem\u00e1s de funciones de gesti\u00f3n remota de contadores inteligentes.  Caracter\u00edsticas Capacidad de actualizaci\u00f3n remota de firmware, opciones de configuraci\u00f3n WEB\/TELNET. Conexi\u00f3n con ZIV AMI [&hellip;]<\/p>\n","protected":false},"author":1,"featured_media":70902,"parent":84877,"menu_order":8,"comment_status":"closed","ping_status":"closed","template":"","meta":{"_acf_changed":false,"footnotes":""},"categories":[390,388,231,233],"tags":[],"class_list":["post-6553","page","type-page","status-publish","has-post-thumbnail","hentry","category-dcus-y-gateway-cat","category-subestacion-secundaria","category-medida-y-ami-cat","category-concentrador-de-datos-cat"],"acf":[],"yoast_head":"<!-- This site is optimized with the Yoast SEO plugin v27.3 - https:\/\/yoast.com\/product\/yoast-seo-wordpress\/ -->\n<title>Concentrador de datos para centros de transformaci\u00f3n | 4DTC - ZIV<\/title>\n<meta name=\"description\" content=\"Concentrador de datos de medida (DCU) que incluye un supervisor avanzado de baja tensi\u00f3n y un controlador PLC con funciones de supervisi\u00f3n de red, adem\u00e1s de funciones de gesti\u00f3n remota de contadores inteligentes.\" \/>\n<meta name=\"robots\" content=\"index, follow, max-snippet:-1, max-image-preview:large, max-video-preview:-1\" \/>\n<link rel=\"canonical\" href=\"https:\/\/www.zivautomation.com\/es\/productos\/metering-ami\/smart-metering-data-concentrator-for-secondary-substations\/\" \/>\n<meta property=\"og:locale\" content=\"es_ES\" \/>\n<meta property=\"og:type\" content=\"article\" \/>\n<meta property=\"og:title\" content=\"Concentrador de datos para centros de transformaci\u00f3n | 4DTC - ZIV\" \/>\n<meta property=\"og:description\" content=\"Concentrador de datos de medida (DCU) que incluye un supervisor avanzado de baja tensi\u00f3n y un controlador PLC con funciones de supervisi\u00f3n de red, adem\u00e1s de funciones de gesti\u00f3n remota de contadores inteligentes.\" \/>\n<meta property=\"og:url\" content=\"https:\/\/www.zivautomation.com\/es\/productos\/metering-ami\/smart-metering-data-concentrator-for-secondary-substations\/\" \/>\n<meta property=\"og:site_name\" content=\"ZIV\" \/>\n<meta property=\"article:modified_time\" content=\"2025-02-24T15:54:46+00:00\" \/>\n<meta property=\"og:image\" content=\"https:\/\/www.zivautomation.com\/wp-content\/uploads\/2019\/06\/cct-ziv-dcu.png\" \/>\n\t<meta property=\"og:image:width\" content=\"800\" \/>\n\t<meta property=\"og:image:height\" content=\"400\" \/>\n\t<meta property=\"og:image:type\" content=\"image\/png\" \/>\n<meta name=\"twitter:card\" content=\"summary_large_image\" \/>\n<meta name=\"twitter:label1\" content=\"Tiempo de lectura\" \/>\n\t<meta name=\"twitter:data1\" content=\"2 minutos\" \/>\n<script type=\"application\/ld+json\" class=\"yoast-schema-graph\">{\"@context\":\"https:\\\/\\\/schema.org\",\"@graph\":[{\"@type\":\"WebPage\",\"@id\":\"https:\\\/\\\/www.zivautomation.com\\\/es\\\/productos\\\/metering-ami\\\/smart-metering-data-concentrator-for-secondary-substations\\\/\",\"url\":\"https:\\\/\\\/www.zivautomation.com\\\/es\\\/productos\\\/metering-ami\\\/smart-metering-data-concentrator-for-secondary-substations\\\/\",\"name\":\"Concentrador de datos para centros de transformaci\u00f3n | 4DTC - ZIV\",\"isPartOf\":{\"@id\":\"https:\\\/\\\/www.zivautomation.com\\\/es\\\/#website\"},\"primaryImageOfPage\":{\"@id\":\"https:\\\/\\\/www.zivautomation.com\\\/es\\\/productos\\\/metering-ami\\\/smart-metering-data-concentrator-for-secondary-substations\\\/#primaryimage\"},\"image\":{\"@id\":\"https:\\\/\\\/www.zivautomation.com\\\/es\\\/productos\\\/metering-ami\\\/smart-metering-data-concentrator-for-secondary-substations\\\/#primaryimage\"},\"thumbnailUrl\":\"https:\\\/\\\/www.zivautomation.com\\\/wp-content\\\/uploads\\\/2019\\\/06\\\/cct-ziv-dcu.png\",\"datePublished\":\"2015-04-20T18:28:10+00:00\",\"dateModified\":\"2025-02-24T15:54:46+00:00\",\"description\":\"Concentrador de datos de medida (DCU) que incluye un supervisor avanzado de baja tensi\u00f3n y un controlador PLC con funciones de supervisi\u00f3n de red, adem\u00e1s de funciones de gesti\u00f3n remota de contadores inteligentes.\",\"breadcrumb\":{\"@id\":\"https:\\\/\\\/www.zivautomation.com\\\/es\\\/productos\\\/metering-ami\\\/smart-metering-data-concentrator-for-secondary-substations\\\/#breadcrumb\"},\"inLanguage\":\"es\",\"potentialAction\":[{\"@type\":\"ReadAction\",\"target\":[\"https:\\\/\\\/www.zivautomation.com\\\/es\\\/productos\\\/metering-ami\\\/smart-metering-data-concentrator-for-secondary-substations\\\/\"]}]},{\"@type\":\"ImageObject\",\"inLanguage\":\"es\",\"@id\":\"https:\\\/\\\/www.zivautomation.com\\\/es\\\/productos\\\/metering-ami\\\/smart-metering-data-concentrator-for-secondary-substations\\\/#primaryimage\",\"url\":\"https:\\\/\\\/www.zivautomation.com\\\/wp-content\\\/uploads\\\/2019\\\/06\\\/cct-ziv-dcu.png\",\"contentUrl\":\"https:\\\/\\\/www.zivautomation.com\\\/wp-content\\\/uploads\\\/2019\\\/06\\\/cct-ziv-dcu.png\",\"width\":800,\"height\":400,\"caption\":\"DATA CONCENTRATOR UNIT FOR AMI - SMART METERING DEPLOYMENTS\"},{\"@type\":\"BreadcrumbList\",\"@id\":\"https:\\\/\\\/www.zivautomation.com\\\/es\\\/productos\\\/metering-ami\\\/smart-metering-data-concentrator-for-secondary-substations\\\/#breadcrumb\",\"itemListElement\":[{\"@type\":\"ListItem\",\"position\":1,\"name\":\"Home\",\"item\":\"https:\\\/\\\/www.zivautomation.com\\\/es\\\/\"},{\"@type\":\"ListItem\",\"position\":2,\"name\":\"Soluciones ZIV\",\"item\":\"https:\\\/\\\/www.zivautomation.com\\\/es\\\/productos\\\/\"},{\"@type\":\"ListItem\",\"position\":3,\"name\":\"Medida y AMI\",\"item\":\"https:\\\/\\\/www.zivautomation.com\\\/es\\\/productos\\\/metering-ami\\\/\"},{\"@type\":\"ListItem\",\"position\":4,\"name\":\"Concentrador de datos para centros de transformaci\u00f3n | 4DTC\"}]},{\"@type\":\"WebSite\",\"@id\":\"https:\\\/\\\/www.zivautomation.com\\\/es\\\/#website\",\"url\":\"https:\\\/\\\/www.zivautomation.com\\\/es\\\/\",\"name\":\"ZIV\",\"description\":\"Haciendo realidad la Red del Futuro\",\"publisher\":{\"@id\":\"https:\\\/\\\/www.zivautomation.com\\\/es\\\/#organization\"},\"potentialAction\":[{\"@type\":\"SearchAction\",\"target\":{\"@type\":\"EntryPoint\",\"urlTemplate\":\"https:\\\/\\\/www.zivautomation.com\\\/es\\\/?s={search_term_string}\"},\"query-input\":{\"@type\":\"PropertyValueSpecification\",\"valueRequired\":true,\"valueName\":\"search_term_string\"}}],\"inLanguage\":\"es\"},{\"@type\":\"Organization\",\"@id\":\"https:\\\/\\\/www.zivautomation.com\\\/es\\\/#organization\",\"name\":\"ZIV\",\"url\":\"https:\\\/\\\/www.zivautomation.com\\\/es\\\/\",\"logo\":{\"@type\":\"ImageObject\",\"inLanguage\":\"es\",\"@id\":\"https:\\\/\\\/www.zivautomation.com\\\/es\\\/#\\\/schema\\\/logo\\\/image\\\/\",\"url\":\"https:\\\/\\\/www.zivautomation.com\\\/wp-content\\\/uploads\\\/2016\\\/10\\\/ziv_solo_cmyk_hr.jpg\",\"contentUrl\":\"https:\\\/\\\/www.zivautomation.com\\\/wp-content\\\/uploads\\\/2016\\\/10\\\/ziv_solo_cmyk_hr.jpg\",\"width\":7078,\"height\":2234,\"caption\":\"ZIV\"},\"image\":{\"@id\":\"https:\\\/\\\/www.zivautomation.com\\\/es\\\/#\\\/schema\\\/logo\\\/image\\\/\"}}]}<\/script>\n<!-- \/ Yoast SEO plugin. -->","yoast_head_json":{"title":"Concentrador de datos para centros de transformaci\u00f3n | 4DTC - ZIV","description":"Concentrador de datos de medida (DCU) que incluye un supervisor avanzado de baja tensi\u00f3n y un controlador PLC con funciones de supervisi\u00f3n de red, adem\u00e1s de funciones de gesti\u00f3n remota de contadores inteligentes.","robots":{"index":"index","follow":"follow","max-snippet":"max-snippet:-1","max-image-preview":"max-image-preview:large","max-video-preview":"max-video-preview:-1"},"canonical":"https:\/\/www.zivautomation.com\/es\/productos\/metering-ami\/smart-metering-data-concentrator-for-secondary-substations\/","og_locale":"es_ES","og_type":"article","og_title":"Concentrador de datos para centros de transformaci\u00f3n | 4DTC - ZIV","og_description":"Concentrador de datos de medida (DCU) que incluye un supervisor avanzado de baja tensi\u00f3n y un controlador PLC con funciones de supervisi\u00f3n de red, adem\u00e1s de funciones de gesti\u00f3n remota de contadores inteligentes.","og_url":"https:\/\/www.zivautomation.com\/es\/productos\/metering-ami\/smart-metering-data-concentrator-for-secondary-substations\/","og_site_name":"ZIV","article_modified_time":"2025-02-24T15:54:46+00:00","og_image":[{"width":800,"height":400,"url":"https:\/\/www.zivautomation.com\/wp-content\/uploads\/2019\/06\/cct-ziv-dcu.png","type":"image\/png"}],"twitter_card":"summary_large_image","twitter_misc":{"Tiempo de lectura":"2 minutos"},"schema":{"@context":"https:\/\/schema.org","@graph":[{"@type":"WebPage","@id":"https:\/\/www.zivautomation.com\/es\/productos\/metering-ami\/smart-metering-data-concentrator-for-secondary-substations\/","url":"https:\/\/www.zivautomation.com\/es\/productos\/metering-ami\/smart-metering-data-concentrator-for-secondary-substations\/","name":"Concentrador de datos para centros de transformaci\u00f3n | 4DTC - ZIV","isPartOf":{"@id":"https:\/\/www.zivautomation.com\/es\/#website"},"primaryImageOfPage":{"@id":"https:\/\/www.zivautomation.com\/es\/productos\/metering-ami\/smart-metering-data-concentrator-for-secondary-substations\/#primaryimage"},"image":{"@id":"https:\/\/www.zivautomation.com\/es\/productos\/metering-ami\/smart-metering-data-concentrator-for-secondary-substations\/#primaryimage"},"thumbnailUrl":"https:\/\/www.zivautomation.com\/wp-content\/uploads\/2019\/06\/cct-ziv-dcu.png","datePublished":"2015-04-20T18:28:10+00:00","dateModified":"2025-02-24T15:54:46+00:00","description":"Concentrador de datos de medida (DCU) que incluye un supervisor avanzado de baja tensi\u00f3n y un controlador PLC con funciones de supervisi\u00f3n de red, adem\u00e1s de funciones de gesti\u00f3n remota de contadores inteligentes.","breadcrumb":{"@id":"https:\/\/www.zivautomation.com\/es\/productos\/metering-ami\/smart-metering-data-concentrator-for-secondary-substations\/#breadcrumb"},"inLanguage":"es","potentialAction":[{"@type":"ReadAction","target":["https:\/\/www.zivautomation.com\/es\/productos\/metering-ami\/smart-metering-data-concentrator-for-secondary-substations\/"]}]},{"@type":"ImageObject","inLanguage":"es","@id":"https:\/\/www.zivautomation.com\/es\/productos\/metering-ami\/smart-metering-data-concentrator-for-secondary-substations\/#primaryimage","url":"https:\/\/www.zivautomation.com\/wp-content\/uploads\/2019\/06\/cct-ziv-dcu.png","contentUrl":"https:\/\/www.zivautomation.com\/wp-content\/uploads\/2019\/06\/cct-ziv-dcu.png","width":800,"height":400,"caption":"DATA CONCENTRATOR UNIT FOR AMI - SMART METERING DEPLOYMENTS"},{"@type":"BreadcrumbList","@id":"https:\/\/www.zivautomation.com\/es\/productos\/metering-ami\/smart-metering-data-concentrator-for-secondary-substations\/#breadcrumb","itemListElement":[{"@type":"ListItem","position":1,"name":"Home","item":"https:\/\/www.zivautomation.com\/es\/"},{"@type":"ListItem","position":2,"name":"Soluciones ZIV","item":"https:\/\/www.zivautomation.com\/es\/productos\/"},{"@type":"ListItem","position":3,"name":"Medida y AMI","item":"https:\/\/www.zivautomation.com\/es\/productos\/metering-ami\/"},{"@type":"ListItem","position":4,"name":"Concentrador de datos para centros de transformaci\u00f3n | 4DTC"}]},{"@type":"WebSite","@id":"https:\/\/www.zivautomation.com\/es\/#website","url":"https:\/\/www.zivautomation.com\/es\/","name":"ZIV","description":"Haciendo realidad la Red del Futuro","publisher":{"@id":"https:\/\/www.zivautomation.com\/es\/#organization"},"potentialAction":[{"@type":"SearchAction","target":{"@type":"EntryPoint","urlTemplate":"https:\/\/www.zivautomation.com\/es\/?s={search_term_string}"},"query-input":{"@type":"PropertyValueSpecification","valueRequired":true,"valueName":"search_term_string"}}],"inLanguage":"es"},{"@type":"Organization","@id":"https:\/\/www.zivautomation.com\/es\/#organization","name":"ZIV","url":"https:\/\/www.zivautomation.com\/es\/","logo":{"@type":"ImageObject","inLanguage":"es","@id":"https:\/\/www.zivautomation.com\/es\/#\/schema\/logo\/image\/","url":"https:\/\/www.zivautomation.com\/wp-content\/uploads\/2016\/10\/ziv_solo_cmyk_hr.jpg","contentUrl":"https:\/\/www.zivautomation.com\/wp-content\/uploads\/2016\/10\/ziv_solo_cmyk_hr.jpg","width":7078,"height":2234,"caption":"ZIV"},"image":{"@id":"https:\/\/www.zivautomation.com\/es\/#\/schema\/logo\/image\/"}}]}},"_links":{"self":[{"href":"https:\/\/www.zivautomation.com\/es\/wp-json\/wp\/v2\/pages\/6553","targetHints":{"allow":["GET"]}}],"collection":[{"href":"https:\/\/www.zivautomation.com\/es\/wp-json\/wp\/v2\/pages"}],"about":[{"href":"https:\/\/www.zivautomation.com\/es\/wp-json\/wp\/v2\/types\/page"}],"author":[{"embeddable":true,"href":"https:\/\/www.zivautomation.com\/es\/wp-json\/wp\/v2\/users\/1"}],"replies":[{"embeddable":true,"href":"https:\/\/www.zivautomation.com\/es\/wp-json\/wp\/v2\/comments?post=6553"}],"version-history":[{"count":25,"href":"https:\/\/www.zivautomation.com\/es\/wp-json\/wp\/v2\/pages\/6553\/revisions"}],"predecessor-version":[{"id":100579,"href":"https:\/\/www.zivautomation.com\/es\/wp-json\/wp\/v2\/pages\/6553\/revisions\/100579"}],"up":[{"embeddable":true,"href":"https:\/\/www.zivautomation.com\/es\/wp-json\/wp\/v2\/pages\/84877"}],"wp:featuredmedia":[{"embeddable":true,"href":"https:\/\/www.zivautomation.com\/es\/wp-json\/wp\/v2\/media\/70902"}],"wp:attachment":[{"href":"https:\/\/www.zivautomation.com\/es\/wp-json\/wp\/v2\/media?parent=6553"}],"wp:term":[{"taxonomy":"category","embeddable":true,"href":"https:\/\/www.zivautomation.com\/es\/wp-json\/wp\/v2\/categories?post=6553"},{"taxonomy":"post_tag","embeddable":true,"href":"https:\/\/www.zivautomation.com\/es\/wp-json\/wp\/v2\/tags?post=6553"}],"curies":[{"name":"wp","href":"https:\/\/api.w.org\/{rel}","templated":true}]}}