{"id":6549,"date":"2015-04-20T21:05:46","date_gmt":"2015-04-20T19:05:46","guid":{"rendered":"http:\/\/ziv.poselab.com\/aca-1r-voltage-sensor\/"},"modified":"2025-01-13T10:00:10","modified_gmt":"2025-01-13T09:00:10","slug":"aca-1r-sensor-de-tension","status":"publish","type":"page","link":"https:\/\/www.zivautomation.com\/es\/productos\/comunicaciones\/aca-1r-sensor-de-tension\/","title":{"rendered":"ACA-1R &#8211; Sensor de tensi\u00f3n para automatizaci\u00f3n de la distribuci\u00f3n y despliegues AMI"},"content":{"rendered":"<div class=\"wpb-content-wrapper\"><p>[vc_row][vc_column width=&#8221;1\/3&#8243;][vc_single_image border_color=&#8221;grey&#8221; img_link_large=&#8221;yes&#8221; img_link_target=&#8221;_self&#8221; css_animation=&#8221;right-to-left&#8221; image=&#8221;5425&#8243; img_size=&#8221;medium&#8221;][\/vc_column][vc_column width=&#8221;2\/3&#8243;][vc_column_text css_animation=&#8221;right-to-left&#8221;]<\/p>\n<h2>Sensor de tensi\u00f3n resistivo concebido para su instalaci\u00f3n en un conector en T sim\u00e9trico en celdas con aislamiento de gas (GIS).<\/h2>\n<p><strong>Pertenece a la serie de &#8220;ACA&#8221; de sensores de alta precisi\u00f3n\u00a0y acopladores PLC de alto\u00a0rendimiento para celdas\u00a0de MT con aislamiento\u00a0integral en gas.<\/strong><\/p>\n<p>La serie de sensores ACA constituye un conjunto\u00a0de elementos imprescindibles para el despliegue\u00a0de la automatizaci\u00f3n de la distribuci\u00f3n. Su dise\u00f1o\u00a0compacto permite su instalaci\u00f3n en los conectores\u00a0sim\u00e9tricos en T utilizados en las celdas de MT\u00a0aisladas en SF6, cumpliendo todos los est\u00e1ndares\u00a0de seguridad el\u00e9ctricos y mec\u00e1nicos.\u00a0La combinaci\u00f3n en un mismo elemento de la\u00a0funcionalidad de sensor de tensi\u00f3n y acoplador PLC, en los ACA combinados, constituye una\u00a0soluci\u00f3n ideal para centros de transformaci\u00f3n\u00a0automatizados y que utilizan PLC en banda\u00a0ancha para la comunicaci\u00f3n troncal con el\u00a0SCADA\/DMS, MDMS, NMS&#8230;.<\/p>\n<p>En el despliegue de sistemas AMI, los acopladores\u00a0ACA proporcionan acceso robusto y de bajas\u00a0p\u00e9rdidas al canal de comunicaci\u00f3n para garantizar\u00a0la transmisi\u00f3n de informaci\u00f3n y la telegesti\u00f3n de\u00a0contadores de energ\u00eda.<\/p>\n<p>Los sensores y acopladores ACA est\u00e1n\u00a0dise\u00f1ados para su instalaci\u00f3n en conectores en T\u00a0sim\u00e9tricos, tipo C, de MT (CENELEC EN 50181). Est\u00e1n dotados\u00a0de conectores BNC macho, para cables\u00a0coaxiales est\u00e1ndares, y un borne de conexi\u00f3n a\u00a0tierra para garantizar la seguridad el\u00e9ctrica.\u00a0La posici\u00f3n del conector BNC facilita un camino\u00a0id\u00f3neo para el cable coaxial, evitando radios de\u00a0curvatura cerrados.<\/p>\n<p>El sensor ACA 1R est\u00e1 dise\u00f1ado para instalaci\u00f3n en celdas con\u00a0aislamiento de gas, sin necesidad de\u00a0adaptaciones mec\u00e1nicas adicionales, no\u00a0afectando a la Clasificaci\u00f3n contra Arcos\u00a0Internos (IAC) del compartimento. Su instalaci\u00f3n sencilla y r\u00e1pida mediante\u00a0herramientas est\u00e1ndar.<\/p>\n<p>&nbsp;<\/p>\n<p><strong>Caracter\u00edsticas principales<\/strong><\/p>\n<ul>\n<li>Dise\u00f1ado para la medida de tensi\u00f3n entre una fase de las l\u00edneas de Media Tensi\u00f3n y tierra.<\/li>\n<li>Tensi\u00f3n del sistema (entre fases): 24\u00a0kVef.<\/li>\n<li>Las dimensiones cumplen con la norma UNE EN-50181.<\/li>\n<li>Precisi\u00f3n: \u00b11% (ACA-1R\/10K). \u00b10,5% (ACA-1R\/10K\/05).<\/li>\n<li>Salida de BT protegida mediante un descargador de gas.<\/li>\n<li>Conexi\u00f3n a tierra: esp\u00e1rrago M6.<\/li>\n<li>Conexi\u00f3n al equipo de medida: conector BNC.<\/li>\n<\/ul>\n<p><strong>Relacionado<\/strong><\/p>\n<ul>\n<li><a href=\"https:\/\/www.zivautomation.com\/es\/smartgrid\/\">Sist. Inteligentes para redes AT, MT y BT<\/a><\/li>\n<\/ul>\n<p><span style=\"line-height: 1.5;\">[\/vc_column_text]<p><strong>Documentaci\u00f3n<\/strong><\/p><ul>\r\n \t<li>Manual de Instrucciones:\u00a0\u00a0<a class=\"icon-lock\" data-id=\"30766\" href=\"https:\/\/www.zivautomation.com\/es\/access\/acceso\/\" target=\"_blank\" rel=\"noopener\">ACA-1R10K Manual de Usuario - r8<\/a><\/li>\r\n \t<li>Instrucciones de instalaci\u00f3n: <a target=\"_blank\" class=\"icon-lock\" data-id=\"99152\" href=\"https:\/\/www.zivautomation.com\/es\/access\/acceso\/\">IACA1R10K2412Ev00<\/a> - <em>Rev 00, o1\/2025<\/em><\/li>\r\n \t<li>Hoja de Producto:\u00a0 \u00a0 \u00a0 \u00a0<a class=\"icon-lock\" href=\"https:\/\/www.zivautomation.com\/es\/access\/acceso\/\" target=\"_blank\" rel=\"noopener\">HACA0E1803A<\/a><\/li>\r\n<\/ul>[\/vc_column][\/vc_row]<\/span><\/p>\n<\/div>","protected":false},"excerpt":{"rendered":"<p> Sensor de tensi\u00f3n resistivo concebido para su instalaci\u00f3n en un conector en T sim\u00e9trico en celdas con aislamiento de gas (GIS). Pertenece a la serie de &#8220;ACA&#8221; de sensores de alta precisi\u00f3n\u00a0y acopladores PLC de alto\u00a0rendimiento para celdas\u00a0de MT con aislamiento\u00a0integral en gas. La serie de sensores ACA constituye un [&hellip;]<\/p>\n","protected":false},"author":1,"featured_media":71725,"parent":84941,"menu_order":136,"comment_status":"closed","ping_status":"closed","template":"","meta":{"_acf_changed":false,"footnotes":""},"categories":[429,208,388,245],"tags":[],"class_list":["post-6549","page","type-page","status-publish","has-post-thumbnail","hentry","category-comunicaciones-mt-bt-cat","category-comunicaciones-cat","category-subestacion-secundaria","category-sensor-de-tension-cat"],"acf":[],"yoast_head":"<!-- This site is optimized with the Yoast SEO plugin v27.4 - https:\/\/yoast.com\/product\/yoast-seo-wordpress\/ -->\n<title>ACA-1R - Sensor de tensi\u00f3n para automatizaci\u00f3n de la distribuci\u00f3n y despliegues AMI Resistivo para Celdas (GIS) - ZIV<\/title>\n<meta name=\"description\" content=\"Sensor de tensi\u00f3n resistivo\u2028 concebido para su instalaci\u00f3n en un conector en T sim\u00e9trico \u2028en celdas con aislamiento de gas (GIS).\" \/>\n<meta name=\"robots\" content=\"index, follow, max-snippet:-1, max-image-preview:large, max-video-preview:-1\" \/>\n<link rel=\"canonical\" href=\"https:\/\/www.zivautomation.com\/es\/productos\/comunicaciones\/aca-1r-sensor-de-tension\/\" \/>\n<meta property=\"og:locale\" content=\"es_ES\" \/>\n<meta property=\"og:type\" content=\"article\" \/>\n<meta property=\"og:title\" content=\"ACA-1R - Sensor de tensi\u00f3n para automatizaci\u00f3n de la distribuci\u00f3n y despliegues AMI Resistivo para Celdas (GIS) - ZIV\" \/>\n<meta property=\"og:description\" content=\"Sensor de tensi\u00f3n resistivo\u2028 concebido para su instalaci\u00f3n en un conector en T sim\u00e9trico \u2028en celdas con aislamiento de gas (GIS).\" \/>\n<meta property=\"og:url\" content=\"https:\/\/www.zivautomation.com\/es\/productos\/comunicaciones\/aca-1r-sensor-de-tension\/\" \/>\n<meta property=\"og:site_name\" content=\"ZIV\" \/>\n<meta property=\"article:modified_time\" content=\"2025-01-13T09:00:10+00:00\" \/>\n<meta property=\"og:image\" content=\"https:\/\/www.zivautomation.com\/wp-content\/uploads\/2019\/09\/aca-sensor-for-distribution-automation-and-ami-deployment.png\" \/>\n\t<meta property=\"og:image:width\" content=\"800\" \/>\n\t<meta property=\"og:image:height\" content=\"400\" \/>\n\t<meta property=\"og:image:type\" content=\"image\/png\" \/>\n<meta name=\"twitter:card\" content=\"summary_large_image\" \/>\n<meta name=\"twitter:label1\" content=\"Tiempo de lectura\" \/>\n\t<meta name=\"twitter:data1\" content=\"2 minutos\" \/>\n<script type=\"application\/ld+json\" class=\"yoast-schema-graph\">{\"@context\":\"https:\\\/\\\/schema.org\",\"@graph\":[{\"@type\":\"WebPage\",\"@id\":\"https:\\\/\\\/www.zivautomation.com\\\/es\\\/productos\\\/comunicaciones\\\/aca-1r-sensor-de-tension\\\/\",\"url\":\"https:\\\/\\\/www.zivautomation.com\\\/es\\\/productos\\\/comunicaciones\\\/aca-1r-sensor-de-tension\\\/\",\"name\":\"ACA-1R - Sensor de tensi\u00f3n para automatizaci\u00f3n de la distribuci\u00f3n y despliegues AMI Resistivo para Celdas (GIS) - ZIV\",\"isPartOf\":{\"@id\":\"https:\\\/\\\/www.zivautomation.com\\\/es\\\/#website\"},\"primaryImageOfPage\":{\"@id\":\"https:\\\/\\\/www.zivautomation.com\\\/es\\\/productos\\\/comunicaciones\\\/aca-1r-sensor-de-tension\\\/#primaryimage\"},\"image\":{\"@id\":\"https:\\\/\\\/www.zivautomation.com\\\/es\\\/productos\\\/comunicaciones\\\/aca-1r-sensor-de-tension\\\/#primaryimage\"},\"thumbnailUrl\":\"https:\\\/\\\/www.zivautomation.com\\\/wp-content\\\/uploads\\\/2019\\\/09\\\/aca-sensor-for-distribution-automation-and-ami-deployment.png\",\"datePublished\":\"2015-04-20T19:05:46+00:00\",\"dateModified\":\"2025-01-13T09:00:10+00:00\",\"description\":\"Sensor de tensi\u00f3n resistivo\\u2028 concebido para su instalaci\u00f3n en un conector en T sim\u00e9trico \\u2028en celdas con aislamiento de gas (GIS).\",\"breadcrumb\":{\"@id\":\"https:\\\/\\\/www.zivautomation.com\\\/es\\\/productos\\\/comunicaciones\\\/aca-1r-sensor-de-tension\\\/#breadcrumb\"},\"inLanguage\":\"es\",\"potentialAction\":[{\"@type\":\"ReadAction\",\"target\":[\"https:\\\/\\\/www.zivautomation.com\\\/es\\\/productos\\\/comunicaciones\\\/aca-1r-sensor-de-tension\\\/\"]}]},{\"@type\":\"ImageObject\",\"inLanguage\":\"es\",\"@id\":\"https:\\\/\\\/www.zivautomation.com\\\/es\\\/productos\\\/comunicaciones\\\/aca-1r-sensor-de-tension\\\/#primaryimage\",\"url\":\"https:\\\/\\\/www.zivautomation.com\\\/wp-content\\\/uploads\\\/2019\\\/09\\\/aca-sensor-for-distribution-automation-and-ami-deployment.png\",\"contentUrl\":\"https:\\\/\\\/www.zivautomation.com\\\/wp-content\\\/uploads\\\/2019\\\/09\\\/aca-sensor-for-distribution-automation-and-ami-deployment.png\",\"width\":800,\"height\":400,\"caption\":\"SENSOR FOR DISTRIBUTION AUTOMATION\"},{\"@type\":\"BreadcrumbList\",\"@id\":\"https:\\\/\\\/www.zivautomation.com\\\/es\\\/productos\\\/comunicaciones\\\/aca-1r-sensor-de-tension\\\/#breadcrumb\",\"itemListElement\":[{\"@type\":\"ListItem\",\"position\":1,\"name\":\"Home\",\"item\":\"https:\\\/\\\/www.zivautomation.com\\\/es\\\/\"},{\"@type\":\"ListItem\",\"position\":2,\"name\":\"Soluciones ZIV\",\"item\":\"https:\\\/\\\/www.zivautomation.com\\\/es\\\/productos\\\/\"},{\"@type\":\"ListItem\",\"position\":3,\"name\":\"Comunicaciones\",\"item\":\"https:\\\/\\\/www.zivautomation.com\\\/es\\\/productos\\\/comunicaciones\\\/\"},{\"@type\":\"ListItem\",\"position\":4,\"name\":\"ACA-1R &#8211; Sensor de tensi\u00f3n para automatizaci\u00f3n de la distribuci\u00f3n y despliegues AMI\"}]},{\"@type\":\"WebSite\",\"@id\":\"https:\\\/\\\/www.zivautomation.com\\\/es\\\/#website\",\"url\":\"https:\\\/\\\/www.zivautomation.com\\\/es\\\/\",\"name\":\"ZIV\",\"description\":\"Haciendo realidad la Red del Futuro\",\"publisher\":{\"@id\":\"https:\\\/\\\/www.zivautomation.com\\\/es\\\/#organization\"},\"potentialAction\":[{\"@type\":\"SearchAction\",\"target\":{\"@type\":\"EntryPoint\",\"urlTemplate\":\"https:\\\/\\\/www.zivautomation.com\\\/es\\\/?s={search_term_string}\"},\"query-input\":{\"@type\":\"PropertyValueSpecification\",\"valueRequired\":true,\"valueName\":\"search_term_string\"}}],\"inLanguage\":\"es\"},{\"@type\":\"Organization\",\"@id\":\"https:\\\/\\\/www.zivautomation.com\\\/es\\\/#organization\",\"name\":\"ZIV\",\"url\":\"https:\\\/\\\/www.zivautomation.com\\\/es\\\/\",\"logo\":{\"@type\":\"ImageObject\",\"inLanguage\":\"es\",\"@id\":\"https:\\\/\\\/www.zivautomation.com\\\/es\\\/#\\\/schema\\\/logo\\\/image\\\/\",\"url\":\"https:\\\/\\\/www.zivautomation.com\\\/wp-content\\\/uploads\\\/2016\\\/10\\\/ziv_solo_cmyk_hr.jpg\",\"contentUrl\":\"https:\\\/\\\/www.zivautomation.com\\\/wp-content\\\/uploads\\\/2016\\\/10\\\/ziv_solo_cmyk_hr.jpg\",\"width\":7078,\"height\":2234,\"caption\":\"ZIV\"},\"image\":{\"@id\":\"https:\\\/\\\/www.zivautomation.com\\\/es\\\/#\\\/schema\\\/logo\\\/image\\\/\"}}]}<\/script>\n<!-- \/ Yoast SEO plugin. -->","yoast_head_json":{"title":"ACA-1R - Sensor de tensi\u00f3n para automatizaci\u00f3n de la distribuci\u00f3n y despliegues AMI Resistivo para Celdas (GIS) - ZIV","description":"Sensor de tensi\u00f3n resistivo\u2028 concebido para su instalaci\u00f3n en un conector en T sim\u00e9trico \u2028en celdas con aislamiento de gas (GIS).","robots":{"index":"index","follow":"follow","max-snippet":"max-snippet:-1","max-image-preview":"max-image-preview:large","max-video-preview":"max-video-preview:-1"},"canonical":"https:\/\/www.zivautomation.com\/es\/productos\/comunicaciones\/aca-1r-sensor-de-tension\/","og_locale":"es_ES","og_type":"article","og_title":"ACA-1R - Sensor de tensi\u00f3n para automatizaci\u00f3n de la distribuci\u00f3n y despliegues AMI Resistivo para Celdas (GIS) - ZIV","og_description":"Sensor de tensi\u00f3n resistivo\u2028 concebido para su instalaci\u00f3n en un conector en T sim\u00e9trico \u2028en celdas con aislamiento de gas (GIS).","og_url":"https:\/\/www.zivautomation.com\/es\/productos\/comunicaciones\/aca-1r-sensor-de-tension\/","og_site_name":"ZIV","article_modified_time":"2025-01-13T09:00:10+00:00","og_image":[{"width":800,"height":400,"url":"https:\/\/www.zivautomation.com\/wp-content\/uploads\/2019\/09\/aca-sensor-for-distribution-automation-and-ami-deployment.png","type":"image\/png"}],"twitter_card":"summary_large_image","twitter_misc":{"Tiempo de lectura":"2 minutos"},"schema":{"@context":"https:\/\/schema.org","@graph":[{"@type":"WebPage","@id":"https:\/\/www.zivautomation.com\/es\/productos\/comunicaciones\/aca-1r-sensor-de-tension\/","url":"https:\/\/www.zivautomation.com\/es\/productos\/comunicaciones\/aca-1r-sensor-de-tension\/","name":"ACA-1R - Sensor de tensi\u00f3n para automatizaci\u00f3n de la distribuci\u00f3n y despliegues AMI Resistivo para Celdas (GIS) - ZIV","isPartOf":{"@id":"https:\/\/www.zivautomation.com\/es\/#website"},"primaryImageOfPage":{"@id":"https:\/\/www.zivautomation.com\/es\/productos\/comunicaciones\/aca-1r-sensor-de-tension\/#primaryimage"},"image":{"@id":"https:\/\/www.zivautomation.com\/es\/productos\/comunicaciones\/aca-1r-sensor-de-tension\/#primaryimage"},"thumbnailUrl":"https:\/\/www.zivautomation.com\/wp-content\/uploads\/2019\/09\/aca-sensor-for-distribution-automation-and-ami-deployment.png","datePublished":"2015-04-20T19:05:46+00:00","dateModified":"2025-01-13T09:00:10+00:00","description":"Sensor de tensi\u00f3n resistivo\u2028 concebido para su instalaci\u00f3n en un conector en T sim\u00e9trico \u2028en celdas con aislamiento de gas (GIS).","breadcrumb":{"@id":"https:\/\/www.zivautomation.com\/es\/productos\/comunicaciones\/aca-1r-sensor-de-tension\/#breadcrumb"},"inLanguage":"es","potentialAction":[{"@type":"ReadAction","target":["https:\/\/www.zivautomation.com\/es\/productos\/comunicaciones\/aca-1r-sensor-de-tension\/"]}]},{"@type":"ImageObject","inLanguage":"es","@id":"https:\/\/www.zivautomation.com\/es\/productos\/comunicaciones\/aca-1r-sensor-de-tension\/#primaryimage","url":"https:\/\/www.zivautomation.com\/wp-content\/uploads\/2019\/09\/aca-sensor-for-distribution-automation-and-ami-deployment.png","contentUrl":"https:\/\/www.zivautomation.com\/wp-content\/uploads\/2019\/09\/aca-sensor-for-distribution-automation-and-ami-deployment.png","width":800,"height":400,"caption":"SENSOR FOR DISTRIBUTION AUTOMATION"},{"@type":"BreadcrumbList","@id":"https:\/\/www.zivautomation.com\/es\/productos\/comunicaciones\/aca-1r-sensor-de-tension\/#breadcrumb","itemListElement":[{"@type":"ListItem","position":1,"name":"Home","item":"https:\/\/www.zivautomation.com\/es\/"},{"@type":"ListItem","position":2,"name":"Soluciones ZIV","item":"https:\/\/www.zivautomation.com\/es\/productos\/"},{"@type":"ListItem","position":3,"name":"Comunicaciones","item":"https:\/\/www.zivautomation.com\/es\/productos\/comunicaciones\/"},{"@type":"ListItem","position":4,"name":"ACA-1R &#8211; Sensor de tensi\u00f3n para automatizaci\u00f3n de la distribuci\u00f3n y despliegues AMI"}]},{"@type":"WebSite","@id":"https:\/\/www.zivautomation.com\/es\/#website","url":"https:\/\/www.zivautomation.com\/es\/","name":"ZIV","description":"Haciendo realidad la Red del Futuro","publisher":{"@id":"https:\/\/www.zivautomation.com\/es\/#organization"},"potentialAction":[{"@type":"SearchAction","target":{"@type":"EntryPoint","urlTemplate":"https:\/\/www.zivautomation.com\/es\/?s={search_term_string}"},"query-input":{"@type":"PropertyValueSpecification","valueRequired":true,"valueName":"search_term_string"}}],"inLanguage":"es"},{"@type":"Organization","@id":"https:\/\/www.zivautomation.com\/es\/#organization","name":"ZIV","url":"https:\/\/www.zivautomation.com\/es\/","logo":{"@type":"ImageObject","inLanguage":"es","@id":"https:\/\/www.zivautomation.com\/es\/#\/schema\/logo\/image\/","url":"https:\/\/www.zivautomation.com\/wp-content\/uploads\/2016\/10\/ziv_solo_cmyk_hr.jpg","contentUrl":"https:\/\/www.zivautomation.com\/wp-content\/uploads\/2016\/10\/ziv_solo_cmyk_hr.jpg","width":7078,"height":2234,"caption":"ZIV"},"image":{"@id":"https:\/\/www.zivautomation.com\/es\/#\/schema\/logo\/image\/"}}]}},"_links":{"self":[{"href":"https:\/\/www.zivautomation.com\/es\/wp-json\/wp\/v2\/pages\/6549","targetHints":{"allow":["GET"]}}],"collection":[{"href":"https:\/\/www.zivautomation.com\/es\/wp-json\/wp\/v2\/pages"}],"about":[{"href":"https:\/\/www.zivautomation.com\/es\/wp-json\/wp\/v2\/types\/page"}],"author":[{"embeddable":true,"href":"https:\/\/www.zivautomation.com\/es\/wp-json\/wp\/v2\/users\/1"}],"replies":[{"embeddable":true,"href":"https:\/\/www.zivautomation.com\/es\/wp-json\/wp\/v2\/comments?post=6549"}],"version-history":[{"count":11,"href":"https:\/\/www.zivautomation.com\/es\/wp-json\/wp\/v2\/pages\/6549\/revisions"}],"predecessor-version":[{"id":99155,"href":"https:\/\/www.zivautomation.com\/es\/wp-json\/wp\/v2\/pages\/6549\/revisions\/99155"}],"up":[{"embeddable":true,"href":"https:\/\/www.zivautomation.com\/es\/wp-json\/wp\/v2\/pages\/84941"}],"wp:featuredmedia":[{"embeddable":true,"href":"https:\/\/www.zivautomation.com\/es\/wp-json\/wp\/v2\/media\/71725"}],"wp:attachment":[{"href":"https:\/\/www.zivautomation.com\/es\/wp-json\/wp\/v2\/media?parent=6549"}],"wp:term":[{"taxonomy":"category","embeddable":true,"href":"https:\/\/www.zivautomation.com\/es\/wp-json\/wp\/v2\/categories?post=6549"},{"taxonomy":"post_tag","embeddable":true,"href":"https:\/\/www.zivautomation.com\/es\/wp-json\/wp\/v2\/tags?post=6549"}],"curies":[{"name":"wp","href":"https:\/\/api.w.org\/{rel}","templated":true}]}}