{"id":6547,"date":"2015-04-20T21:15:45","date_gmt":"2015-04-20T19:15:45","guid":{"rendered":"http:\/\/ziv.poselab.com\/drmo-110k05-voltage-sensor\/"},"modified":"2026-02-25T16:15:27","modified_gmt":"2026-02-25T15:15:27","slug":"drmo-110k05-sensor-de-tension","status":"publish","type":"page","link":"https:\/\/www.zivautomation.com\/es\/productos\/comunicaciones\/drmo-110k05-sensor-de-tension\/","title":{"rendered":"DRMO-1\/10K\/05 &#8211; Sensores de tensi\u00f3n para aparamenta de MT aislada en aire"},"content":{"rendered":"<div class=\"wpb-content-wrapper\"><p>[vc_row][vc_column width=&#8221;1\/3&#8243;][vc_single_image image=&#8221;5660&#8243; img_size=&#8221;medium&#8221; alignment=&#8221;center&#8221; onclick=&#8221;img_link_large&#8221; css=&#8221;&#8221;][\/vc_column][vc_column width=&#8221;2\/3&#8243;][vc_column_text]<\/p>\n<h2>Un componente esencial en la automatizaci\u00f3n de redes de MT<\/h2>\n<p>Los sensores DRMO procuran una <strong>medida de MT de alta precisi\u00f3n para aparamenta de interior y exterior aislada en aire.<\/strong><\/p>\n<p>Son un dispositivo<strong> imprescindible para la automatizaci\u00f3n de redes de distribuci\u00f3n a\u00e9rea y subterr\u00e1nea de media tensi\u00f3n<\/strong>. Su dise\u00f1o compacto permiten un encaje perfecto en aparamenta aislada en aire.<\/p>\n<p>El sensor resistivo de baja potencia (LPLVT) DRMO tiene una clase de precisi\u00f3n <strong>0,5\/3P<\/strong>. Usado en lugar de transformadores inductivos, reduce las necesidades de espacio para la monitorizaci\u00f3n y automatizaci\u00f3n de MT. El aislante de silicona le confiere excelentes propiedades diel\u00e9ctricas y comportamiento mec\u00e1nico en exigentes condiciones ambientales. Las resistencias de alta precisi\u00f3n utilizadas en el sensor garantizan la precisi\u00f3n estable en un amplio rango de temperaturas. La adaptaci\u00f3n de impedancias electr\u00f3nica resulta en una se\u00f1al \u00f3ptima para el IED al que se conecta. Calidad respaldada por m\u00e1s de 5 a\u00f1os de operaci\u00f3n ininterrumpida en campo<\/p>\n<p><strong>Caracter\u00edsticas principales<\/strong><\/p>\n<ul>\n<li>Uso interior y exterior<\/li>\n<li>Tensi\u00f3n m\u00e1s elevada del material: 24 kV.<\/li>\n<li>Precisi\u00f3n: Clase 0,5\/3P seg\u00fan UNE-EN 60044-7.<\/li>\n<li>Salida de BT protegida mediante un descargador de gas.<\/li>\n<li>Conexi\u00f3n al equipo mediante cable coaxial<\/li>\n<li>Se suministran con conectores macho BNC o TNC para su uso con cables coaxiales est\u00e1ndar y con un terminal roscado para seguridad y referencia de tierra<\/li>\n<li>La salida del sensor est\u00e1 protegida contra sobretensiones por un descargador de gas<\/li>\n<li>Su f\u00e1cil instalaci\u00f3n y puesta en servicio lo hacen un componente ideal para despliegues de SmartGrids en redes de distribuci\u00f3n a\u00e9reas<\/li>\n<\/ul>\n<p><strong>Relacionado<\/strong><\/p>\n<ul>\n<li><a href=\"https:\/\/www.zivautomation.com\/es\/smartgrid\/\">Sistemas Inteligentes para redes AT, MT y BT<\/a><\/li>\n<\/ul>\n<p>[\/vc_column_text]<p><strong>Documentaci\u00f3n<\/strong><\/p><ul>\r\n \t<li>Manual de Instrucciones: <a target=\"_blank\" class=\"icon-lock\" data-id=\"161887\" href=\"https:\/\/www.zivautomation.com\/es\/access\/acceso\/\">MDRMO2602Ev00<\/a> (02\/2026)<\/li>\r\n<\/ul>[\/vc_column][\/vc_row]<\/p>\n<\/div>","protected":false},"excerpt":{"rendered":"<p> Un componente esencial en la automatizaci\u00f3n de redes de MT Los sensores DRMO procuran una medida de MT de alta precisi\u00f3n para aparamenta de interior y exterior aislada en aire. Son un dispositivo imprescindible para la automatizaci\u00f3n de redes de distribuci\u00f3n a\u00e9rea y subterr\u00e1nea de media tensi\u00f3n. Su dise\u00f1o compacto permiten un [&hellip;]<\/p>\n","protected":false},"author":1,"featured_media":71720,"parent":84941,"menu_order":138,"comment_status":"closed","ping_status":"closed","template":"","meta":{"_acf_changed":false,"footnotes":""},"categories":[429,208,388,245],"tags":[],"class_list":["post-6547","page","type-page","status-publish","has-post-thumbnail","hentry","category-comunicaciones-mt-bt-cat","category-comunicaciones-cat","category-subestacion-secundaria","category-sensor-de-tension-cat"],"acf":[],"yoast_head":"<!-- This site is optimized with the Yoast SEO plugin v27.5 - https:\/\/yoast.com\/product\/yoast-seo-wordpress\/ -->\n<title>DRMO-1\/10K\/05 - Sensores de tensi\u00f3n para aparamenta de MT aislada en aire - ZIV<\/title>\n<meta name=\"robots\" content=\"index, follow, max-snippet:-1, max-image-preview:large, max-video-preview:-1\" \/>\n<link rel=\"canonical\" href=\"https:\/\/www.zivautomation.com\/es\/productos\/comunicaciones\/drmo-110k05-sensor-de-tension\/\" \/>\n<meta property=\"og:locale\" content=\"es_ES\" \/>\n<meta property=\"og:type\" content=\"article\" \/>\n<meta property=\"og:title\" content=\"DRMO-1\/10K\/05 - Sensores de tensi\u00f3n para aparamenta de MT aislada en aire - ZIV\" \/>\n<meta property=\"og:description\" content=\"[vc_row][vc_column width=&#8221;1\/3&#8243;][vc_single_image image=&#8221;5660&#8243; img_size=&#8221;medium&#8221; alignment=&#8221;center&#8221; onclick=&#8221;img_link_large&#8221; css=&#8221;&#8221;][\/vc_column][vc_column width=&#8221;2\/3&#8243;][vc_column_text] Un componente esencial en la automatizaci\u00f3n de redes de MT Los sensores DRMO procuran una medida de MT de alta precisi\u00f3n para aparamenta de interior y exterior aislada en aire. Son un dispositivo imprescindible para la automatizaci\u00f3n de redes de distribuci\u00f3n a\u00e9rea y subterr\u00e1nea de media tensi\u00f3n. Su dise\u00f1o compacto permiten un [&hellip;]\" \/>\n<meta property=\"og:url\" content=\"https:\/\/www.zivautomation.com\/es\/productos\/comunicaciones\/drmo-110k05-sensor-de-tension\/\" \/>\n<meta property=\"og:site_name\" content=\"ZIV\" \/>\n<meta property=\"article:modified_time\" content=\"2026-02-25T15:15:27+00:00\" \/>\n<meta property=\"og:image\" content=\"https:\/\/www.zivautomation.com\/wp-content\/uploads\/2019\/09\/voltage-sensor-ziv-drmo.png\" \/>\n\t<meta property=\"og:image:width\" content=\"800\" \/>\n\t<meta property=\"og:image:height\" content=\"400\" \/>\n\t<meta property=\"og:image:type\" content=\"image\/png\" \/>\n<meta name=\"twitter:card\" content=\"summary_large_image\" \/>\n<meta name=\"twitter:label1\" content=\"Tiempo de lectura\" \/>\n\t<meta name=\"twitter:data1\" content=\"2 minutos\" \/>\n<script type=\"application\/ld+json\" class=\"yoast-schema-graph\">{\"@context\":\"https:\\\/\\\/schema.org\",\"@graph\":[{\"@type\":\"WebPage\",\"@id\":\"https:\\\/\\\/www.zivautomation.com\\\/es\\\/productos\\\/comunicaciones\\\/drmo-110k05-sensor-de-tension\\\/\",\"url\":\"https:\\\/\\\/www.zivautomation.com\\\/es\\\/productos\\\/comunicaciones\\\/drmo-110k05-sensor-de-tension\\\/\",\"name\":\"DRMO-1\\\/10K\\\/05 - Sensores de tensi\u00f3n para aparamenta de MT aislada en aire - ZIV\",\"isPartOf\":{\"@id\":\"https:\\\/\\\/www.zivautomation.com\\\/es\\\/#website\"},\"primaryImageOfPage\":{\"@id\":\"https:\\\/\\\/www.zivautomation.com\\\/es\\\/productos\\\/comunicaciones\\\/drmo-110k05-sensor-de-tension\\\/#primaryimage\"},\"image\":{\"@id\":\"https:\\\/\\\/www.zivautomation.com\\\/es\\\/productos\\\/comunicaciones\\\/drmo-110k05-sensor-de-tension\\\/#primaryimage\"},\"thumbnailUrl\":\"https:\\\/\\\/www.zivautomation.com\\\/wp-content\\\/uploads\\\/2019\\\/09\\\/voltage-sensor-ziv-drmo.png\",\"datePublished\":\"2015-04-20T19:15:45+00:00\",\"dateModified\":\"2026-02-25T15:15:27+00:00\",\"breadcrumb\":{\"@id\":\"https:\\\/\\\/www.zivautomation.com\\\/es\\\/productos\\\/comunicaciones\\\/drmo-110k05-sensor-de-tension\\\/#breadcrumb\"},\"inLanguage\":\"es\",\"potentialAction\":[{\"@type\":\"ReadAction\",\"target\":[\"https:\\\/\\\/www.zivautomation.com\\\/es\\\/productos\\\/comunicaciones\\\/drmo-110k05-sensor-de-tension\\\/\"]}]},{\"@type\":\"ImageObject\",\"inLanguage\":\"es\",\"@id\":\"https:\\\/\\\/www.zivautomation.com\\\/es\\\/productos\\\/comunicaciones\\\/drmo-110k05-sensor-de-tension\\\/#primaryimage\",\"url\":\"https:\\\/\\\/www.zivautomation.com\\\/wp-content\\\/uploads\\\/2019\\\/09\\\/voltage-sensor-ziv-drmo.png\",\"contentUrl\":\"https:\\\/\\\/www.zivautomation.com\\\/wp-content\\\/uploads\\\/2019\\\/09\\\/voltage-sensor-ziv-drmo.png\",\"width\":800,\"height\":400},{\"@type\":\"BreadcrumbList\",\"@id\":\"https:\\\/\\\/www.zivautomation.com\\\/es\\\/productos\\\/comunicaciones\\\/drmo-110k05-sensor-de-tension\\\/#breadcrumb\",\"itemListElement\":[{\"@type\":\"ListItem\",\"position\":1,\"name\":\"Home\",\"item\":\"https:\\\/\\\/www.zivautomation.com\\\/es\\\/\"},{\"@type\":\"ListItem\",\"position\":2,\"name\":\"Soluciones ZIV\",\"item\":\"https:\\\/\\\/www.zivautomation.com\\\/es\\\/productos\\\/\"},{\"@type\":\"ListItem\",\"position\":3,\"name\":\"Comunicaciones\",\"item\":\"https:\\\/\\\/www.zivautomation.com\\\/es\\\/productos\\\/comunicaciones\\\/\"},{\"@type\":\"ListItem\",\"position\":4,\"name\":\"DRMO-1\\\/10K\\\/05 &#8211; Sensores de tensi\u00f3n para aparamenta de MT aislada en aire\"}]},{\"@type\":\"WebSite\",\"@id\":\"https:\\\/\\\/www.zivautomation.com\\\/es\\\/#website\",\"url\":\"https:\\\/\\\/www.zivautomation.com\\\/es\\\/\",\"name\":\"ZIV\",\"description\":\"Haciendo realidad la Red del Futuro\",\"publisher\":{\"@id\":\"https:\\\/\\\/www.zivautomation.com\\\/es\\\/#organization\"},\"potentialAction\":[{\"@type\":\"SearchAction\",\"target\":{\"@type\":\"EntryPoint\",\"urlTemplate\":\"https:\\\/\\\/www.zivautomation.com\\\/es\\\/?s={search_term_string}\"},\"query-input\":{\"@type\":\"PropertyValueSpecification\",\"valueRequired\":true,\"valueName\":\"search_term_string\"}}],\"inLanguage\":\"es\"},{\"@type\":\"Organization\",\"@id\":\"https:\\\/\\\/www.zivautomation.com\\\/es\\\/#organization\",\"name\":\"ZIV\",\"url\":\"https:\\\/\\\/www.zivautomation.com\\\/es\\\/\",\"logo\":{\"@type\":\"ImageObject\",\"inLanguage\":\"es\",\"@id\":\"https:\\\/\\\/www.zivautomation.com\\\/es\\\/#\\\/schema\\\/logo\\\/image\\\/\",\"url\":\"https:\\\/\\\/www.zivautomation.com\\\/wp-content\\\/uploads\\\/2016\\\/10\\\/ziv_solo_cmyk_hr.jpg\",\"contentUrl\":\"https:\\\/\\\/www.zivautomation.com\\\/wp-content\\\/uploads\\\/2016\\\/10\\\/ziv_solo_cmyk_hr.jpg\",\"width\":7078,\"height\":2234,\"caption\":\"ZIV\"},\"image\":{\"@id\":\"https:\\\/\\\/www.zivautomation.com\\\/es\\\/#\\\/schema\\\/logo\\\/image\\\/\"}}]}<\/script>\n<!-- \/ Yoast SEO plugin. -->","yoast_head_json":{"title":"DRMO-1\/10K\/05 - Sensores de tensi\u00f3n para aparamenta de MT aislada en aire - ZIV","robots":{"index":"index","follow":"follow","max-snippet":"max-snippet:-1","max-image-preview":"max-image-preview:large","max-video-preview":"max-video-preview:-1"},"canonical":"https:\/\/www.zivautomation.com\/es\/productos\/comunicaciones\/drmo-110k05-sensor-de-tension\/","og_locale":"es_ES","og_type":"article","og_title":"DRMO-1\/10K\/05 - Sensores de tensi\u00f3n para aparamenta de MT aislada en aire - ZIV","og_description":"[vc_row][vc_column width=&#8221;1\/3&#8243;][vc_single_image image=&#8221;5660&#8243; img_size=&#8221;medium&#8221; alignment=&#8221;center&#8221; onclick=&#8221;img_link_large&#8221; css=&#8221;&#8221;][\/vc_column][vc_column width=&#8221;2\/3&#8243;][vc_column_text] Un componente esencial en la automatizaci\u00f3n de redes de MT Los sensores DRMO procuran una medida de MT de alta precisi\u00f3n para aparamenta de interior y exterior aislada en aire. Son un dispositivo imprescindible para la automatizaci\u00f3n de redes de distribuci\u00f3n a\u00e9rea y subterr\u00e1nea de media tensi\u00f3n. Su dise\u00f1o compacto permiten un [&hellip;]","og_url":"https:\/\/www.zivautomation.com\/es\/productos\/comunicaciones\/drmo-110k05-sensor-de-tension\/","og_site_name":"ZIV","article_modified_time":"2026-02-25T15:15:27+00:00","og_image":[{"width":800,"height":400,"url":"https:\/\/www.zivautomation.com\/wp-content\/uploads\/2019\/09\/voltage-sensor-ziv-drmo.png","type":"image\/png"}],"twitter_card":"summary_large_image","twitter_misc":{"Tiempo de lectura":"2 minutos"},"schema":{"@context":"https:\/\/schema.org","@graph":[{"@type":"WebPage","@id":"https:\/\/www.zivautomation.com\/es\/productos\/comunicaciones\/drmo-110k05-sensor-de-tension\/","url":"https:\/\/www.zivautomation.com\/es\/productos\/comunicaciones\/drmo-110k05-sensor-de-tension\/","name":"DRMO-1\/10K\/05 - Sensores de tensi\u00f3n para aparamenta de MT aislada en aire - ZIV","isPartOf":{"@id":"https:\/\/www.zivautomation.com\/es\/#website"},"primaryImageOfPage":{"@id":"https:\/\/www.zivautomation.com\/es\/productos\/comunicaciones\/drmo-110k05-sensor-de-tension\/#primaryimage"},"image":{"@id":"https:\/\/www.zivautomation.com\/es\/productos\/comunicaciones\/drmo-110k05-sensor-de-tension\/#primaryimage"},"thumbnailUrl":"https:\/\/www.zivautomation.com\/wp-content\/uploads\/2019\/09\/voltage-sensor-ziv-drmo.png","datePublished":"2015-04-20T19:15:45+00:00","dateModified":"2026-02-25T15:15:27+00:00","breadcrumb":{"@id":"https:\/\/www.zivautomation.com\/es\/productos\/comunicaciones\/drmo-110k05-sensor-de-tension\/#breadcrumb"},"inLanguage":"es","potentialAction":[{"@type":"ReadAction","target":["https:\/\/www.zivautomation.com\/es\/productos\/comunicaciones\/drmo-110k05-sensor-de-tension\/"]}]},{"@type":"ImageObject","inLanguage":"es","@id":"https:\/\/www.zivautomation.com\/es\/productos\/comunicaciones\/drmo-110k05-sensor-de-tension\/#primaryimage","url":"https:\/\/www.zivautomation.com\/wp-content\/uploads\/2019\/09\/voltage-sensor-ziv-drmo.png","contentUrl":"https:\/\/www.zivautomation.com\/wp-content\/uploads\/2019\/09\/voltage-sensor-ziv-drmo.png","width":800,"height":400},{"@type":"BreadcrumbList","@id":"https:\/\/www.zivautomation.com\/es\/productos\/comunicaciones\/drmo-110k05-sensor-de-tension\/#breadcrumb","itemListElement":[{"@type":"ListItem","position":1,"name":"Home","item":"https:\/\/www.zivautomation.com\/es\/"},{"@type":"ListItem","position":2,"name":"Soluciones ZIV","item":"https:\/\/www.zivautomation.com\/es\/productos\/"},{"@type":"ListItem","position":3,"name":"Comunicaciones","item":"https:\/\/www.zivautomation.com\/es\/productos\/comunicaciones\/"},{"@type":"ListItem","position":4,"name":"DRMO-1\/10K\/05 &#8211; Sensores de tensi\u00f3n para aparamenta de MT aislada en aire"}]},{"@type":"WebSite","@id":"https:\/\/www.zivautomation.com\/es\/#website","url":"https:\/\/www.zivautomation.com\/es\/","name":"ZIV","description":"Haciendo realidad la Red del Futuro","publisher":{"@id":"https:\/\/www.zivautomation.com\/es\/#organization"},"potentialAction":[{"@type":"SearchAction","target":{"@type":"EntryPoint","urlTemplate":"https:\/\/www.zivautomation.com\/es\/?s={search_term_string}"},"query-input":{"@type":"PropertyValueSpecification","valueRequired":true,"valueName":"search_term_string"}}],"inLanguage":"es"},{"@type":"Organization","@id":"https:\/\/www.zivautomation.com\/es\/#organization","name":"ZIV","url":"https:\/\/www.zivautomation.com\/es\/","logo":{"@type":"ImageObject","inLanguage":"es","@id":"https:\/\/www.zivautomation.com\/es\/#\/schema\/logo\/image\/","url":"https:\/\/www.zivautomation.com\/wp-content\/uploads\/2016\/10\/ziv_solo_cmyk_hr.jpg","contentUrl":"https:\/\/www.zivautomation.com\/wp-content\/uploads\/2016\/10\/ziv_solo_cmyk_hr.jpg","width":7078,"height":2234,"caption":"ZIV"},"image":{"@id":"https:\/\/www.zivautomation.com\/es\/#\/schema\/logo\/image\/"}}]}},"_links":{"self":[{"href":"https:\/\/www.zivautomation.com\/es\/wp-json\/wp\/v2\/pages\/6547","targetHints":{"allow":["GET"]}}],"collection":[{"href":"https:\/\/www.zivautomation.com\/es\/wp-json\/wp\/v2\/pages"}],"about":[{"href":"https:\/\/www.zivautomation.com\/es\/wp-json\/wp\/v2\/types\/page"}],"author":[{"embeddable":true,"href":"https:\/\/www.zivautomation.com\/es\/wp-json\/wp\/v2\/users\/1"}],"replies":[{"embeddable":true,"href":"https:\/\/www.zivautomation.com\/es\/wp-json\/wp\/v2\/comments?post=6547"}],"version-history":[{"count":13,"href":"https:\/\/www.zivautomation.com\/es\/wp-json\/wp\/v2\/pages\/6547\/revisions"}],"predecessor-version":[{"id":161894,"href":"https:\/\/www.zivautomation.com\/es\/wp-json\/wp\/v2\/pages\/6547\/revisions\/161894"}],"up":[{"embeddable":true,"href":"https:\/\/www.zivautomation.com\/es\/wp-json\/wp\/v2\/pages\/84941"}],"wp:featuredmedia":[{"embeddable":true,"href":"https:\/\/www.zivautomation.com\/es\/wp-json\/wp\/v2\/media\/71720"}],"wp:attachment":[{"href":"https:\/\/www.zivautomation.com\/es\/wp-json\/wp\/v2\/media?parent=6547"}],"wp:term":[{"taxonomy":"category","embeddable":true,"href":"https:\/\/www.zivautomation.com\/es\/wp-json\/wp\/v2\/categories?post=6547"},{"taxonomy":"post_tag","embeddable":true,"href":"https:\/\/www.zivautomation.com\/es\/wp-json\/wp\/v2\/tags?post=6547"}],"curies":[{"name":"wp","href":"https:\/\/api.w.org\/{rel}","templated":true}]}}