{"id":6539,"date":"2015-04-20T23:26:36","date_gmt":"2015-04-20T21:26:36","guid":{"rendered":"http:\/\/ziv.poselab.com\/aca-500aca-36-capacitive-coupler\/"},"modified":"2022-07-25T00:33:22","modified_gmt":"2022-07-24T22:33:22","slug":"aca-500aca-36-acoplador-capacitivo","status":"publish","type":"page","link":"https:\/\/www.zivautomation.com\/es\/productos\/comunicaciones\/aca-500aca-36-acoplador-capacitivo\/","title":{"rendered":"ACA-500\/ACA-36 &#8211; Acoplador Capacitivo"},"content":{"rendered":"<div class=\"wpb-content-wrapper\"><p>[vc_row][vc_column width=&#8221;1\/3&#8243;][vc_single_image image=&#8221;5757&#8243; img_size=&#8221;medium&#8221;][\/vc_column][vc_column width=&#8221;2\/3&#8243;][vc_column_text]<\/p>\n<h2>Acoplador PLC capacitivo (transmisi\u00f3n en banda ancha)<\/h2>\n<p>Concebido para inyectar y transmitir la se\u00f1al PLC entre una fase de las l\u00edneas de Media Tensi\u00f3n y tierra.<\/p>\n<p><strong>Caracter\u00edsticas principales<\/strong><\/p>\n<ul>\n<li>Dise\u00f1ado para ser instalado en un conector en T sim\u00e9trico en celdas con aislamiento de gas (GIS).<\/li>\n<li>Las dimensiones cumplen con la norma UNE EN-50181.<\/li>\n<li>Rango de frecuencias: 2 \u00f7 30 MHz.<\/li>\n<li>Tipo de acoplamiento: Fase-tierra mediante condensador de 500 pF.<\/li>\n<li>Tensi\u00f3n del sistema (entre fases):<br \/>\n24\u00a0kVef (ACA-500).<br \/>\n36\u00a0kVef (ACA-36).<\/li>\n<li>Elementos de protecci\u00f3n:<br \/>\nLado MT: drenaje a tierra de la corriente de 50 Hz y descargador de gas.<br \/>\nLado BT: descargador de gas.<\/li>\n<li>Impedancias nominales: 50 \u03a9.<\/li>\n<li>Conexi\u00f3n a tierra: esp\u00e1rrago M6.<\/li>\n<li>Conexi\u00f3n al equipo de comunicaci\u00f3n: conector BNC.<\/li>\n<\/ul>\n<p><strong>Relacionado<\/strong><\/p>\n<ul>\n<li><a href=\"https:\/\/www.zivautomation.com\/es\/smartgrid\/\">Sistemas Inteligentes para redes AT, MT y BT<\/a><\/li>\n<\/ul>\n<p><span style=\"line-height: 1.5;\">[\/vc_column_text]<p><strong>Documentaci\u00f3n<\/strong><\/p><ul>\r\n \t<li>Manual de Instrucciones:\u00a0\u00a0<a class=\"icon-lock\" data-id=\"30778\" href=\"https:\/\/www.zivautomation.com\/es\/access\/acceso\/\" target=\"_blank\" rel=\"noopener\">ACA-500 Manual de Usuario - r7<\/a><\/li>\r\n \t<li>Hoja de Producto:\u00a0 \u00a0 \u00a0 \u00a0<a class=\"icon-lock\" href=\"https:\/\/www.zivautomation.com\/es\/access\/acceso\/\" target=\"_blank\" rel=\"noopener\">HACA0E1803A<\/a><\/li>\r\n<\/ul>[\/vc_column][\/vc_row]<\/span><\/p>\n<\/div>","protected":false},"excerpt":{"rendered":"<p> Acoplador PLC capacitivo (transmisi\u00f3n en banda ancha) Concebido para inyectar y transmitir la se\u00f1al PLC entre una fase de las l\u00edneas de Media Tensi\u00f3n y tierra. Caracter\u00edsticas principales Dise\u00f1ado para ser instalado en un conector en T sim\u00e9trico en celdas con aislamiento de gas (GIS). Las dimensiones cumplen con la norma UNE EN-50181. Rango de [&hellip;]<\/p>\n","protected":false},"author":1,"featured_media":84349,"parent":84941,"menu_order":215,"comment_status":"closed","ping_status":"closed","template":"","meta":{"_acf_changed":false,"footnotes":""},"categories":[429,208,388,243],"tags":[],"class_list":["post-6539","page","type-page","status-publish","has-post-thumbnail","hentry","category-comunicaciones-mt-bt-cat","category-comunicaciones-cat","category-subestacion-secundaria","category-sensor-acoplo-plc-cat"],"acf":[],"yoast_head":"<!-- This site is optimized with the Yoast SEO plugin v27.4 - https:\/\/yoast.com\/product\/yoast-seo-wordpress\/ -->\n<title>ACA-500\/ACA-36 - Acoplador Capacitivo - ZIV<\/title>\n<meta name=\"robots\" content=\"index, follow, max-snippet:-1, max-image-preview:large, max-video-preview:-1\" \/>\n<link rel=\"canonical\" href=\"https:\/\/www.zivautomation.com\/es\/productos\/comunicaciones\/aca-500aca-36-acoplador-capacitivo\/\" \/>\n<meta property=\"og:locale\" content=\"es_ES\" \/>\n<meta property=\"og:type\" content=\"article\" \/>\n<meta property=\"og:title\" content=\"ACA-500\/ACA-36 - Acoplador Capacitivo - ZIV\" \/>\n<meta property=\"og:description\" content=\"[vc_row][vc_column width=&#8221;1\/3&#8243;][vc_single_image image=&#8221;5757&#8243; img_size=&#8221;medium&#8221;][\/vc_column][vc_column width=&#8221;2\/3&#8243;][vc_column_text] Acoplador PLC capacitivo (transmisi\u00f3n en banda ancha) Concebido para inyectar y transmitir la se\u00f1al PLC entre una fase de las l\u00edneas de Media Tensi\u00f3n y tierra. Caracter\u00edsticas principales Dise\u00f1ado para ser instalado en un conector en T sim\u00e9trico en celdas con aislamiento de gas (GIS). Las dimensiones cumplen con la norma UNE EN-50181. Rango de [&hellip;]\" \/>\n<meta property=\"og:url\" content=\"https:\/\/www.zivautomation.com\/es\/productos\/comunicaciones\/aca-500aca-36-acoplador-capacitivo\/\" \/>\n<meta property=\"og:site_name\" content=\"ZIV\" \/>\n<meta property=\"article:modified_time\" content=\"2022-07-24T22:33:22+00:00\" \/>\n<meta property=\"og:image\" content=\"https:\/\/www.zivautomation.com\/wp-content\/uploads\/2022\/06\/aca-36.jpg\" \/>\n\t<meta property=\"og:image:width\" content=\"800\" \/>\n\t<meta property=\"og:image:height\" content=\"400\" \/>\n\t<meta property=\"og:image:type\" content=\"image\/jpeg\" \/>\n<meta name=\"twitter:card\" content=\"summary_large_image\" \/>\n<meta name=\"twitter:label1\" content=\"Tiempo de lectura\" \/>\n\t<meta name=\"twitter:data1\" content=\"1 minuto\" \/>\n<script type=\"application\/ld+json\" class=\"yoast-schema-graph\">{\"@context\":\"https:\\\/\\\/schema.org\",\"@graph\":[{\"@type\":\"WebPage\",\"@id\":\"https:\\\/\\\/www.zivautomation.com\\\/es\\\/productos\\\/comunicaciones\\\/aca-500aca-36-acoplador-capacitivo\\\/\",\"url\":\"https:\\\/\\\/www.zivautomation.com\\\/es\\\/productos\\\/comunicaciones\\\/aca-500aca-36-acoplador-capacitivo\\\/\",\"name\":\"ACA-500\\\/ACA-36 - Acoplador Capacitivo - ZIV\",\"isPartOf\":{\"@id\":\"https:\\\/\\\/www.zivautomation.com\\\/es\\\/#website\"},\"primaryImageOfPage\":{\"@id\":\"https:\\\/\\\/www.zivautomation.com\\\/es\\\/productos\\\/comunicaciones\\\/aca-500aca-36-acoplador-capacitivo\\\/#primaryimage\"},\"image\":{\"@id\":\"https:\\\/\\\/www.zivautomation.com\\\/es\\\/productos\\\/comunicaciones\\\/aca-500aca-36-acoplador-capacitivo\\\/#primaryimage\"},\"thumbnailUrl\":\"https:\\\/\\\/www.zivautomation.com\\\/wp-content\\\/uploads\\\/2022\\\/06\\\/aca-36.jpg\",\"datePublished\":\"2015-04-20T21:26:36+00:00\",\"dateModified\":\"2022-07-24T22:33:22+00:00\",\"breadcrumb\":{\"@id\":\"https:\\\/\\\/www.zivautomation.com\\\/es\\\/productos\\\/comunicaciones\\\/aca-500aca-36-acoplador-capacitivo\\\/#breadcrumb\"},\"inLanguage\":\"es\",\"potentialAction\":[{\"@type\":\"ReadAction\",\"target\":[\"https:\\\/\\\/www.zivautomation.com\\\/es\\\/productos\\\/comunicaciones\\\/aca-500aca-36-acoplador-capacitivo\\\/\"]}]},{\"@type\":\"ImageObject\",\"inLanguage\":\"es\",\"@id\":\"https:\\\/\\\/www.zivautomation.com\\\/es\\\/productos\\\/comunicaciones\\\/aca-500aca-36-acoplador-capacitivo\\\/#primaryimage\",\"url\":\"https:\\\/\\\/www.zivautomation.com\\\/wp-content\\\/uploads\\\/2022\\\/06\\\/aca-36.jpg\",\"contentUrl\":\"https:\\\/\\\/www.zivautomation.com\\\/wp-content\\\/uploads\\\/2022\\\/06\\\/aca-36.jpg\",\"width\":800,\"height\":400},{\"@type\":\"BreadcrumbList\",\"@id\":\"https:\\\/\\\/www.zivautomation.com\\\/es\\\/productos\\\/comunicaciones\\\/aca-500aca-36-acoplador-capacitivo\\\/#breadcrumb\",\"itemListElement\":[{\"@type\":\"ListItem\",\"position\":1,\"name\":\"Home\",\"item\":\"https:\\\/\\\/www.zivautomation.com\\\/es\\\/\"},{\"@type\":\"ListItem\",\"position\":2,\"name\":\"Soluciones ZIV\",\"item\":\"https:\\\/\\\/www.zivautomation.com\\\/es\\\/productos\\\/\"},{\"@type\":\"ListItem\",\"position\":3,\"name\":\"Comunicaciones\",\"item\":\"https:\\\/\\\/www.zivautomation.com\\\/es\\\/productos\\\/comunicaciones\\\/\"},{\"@type\":\"ListItem\",\"position\":4,\"name\":\"ACA-500\\\/ACA-36 &#8211; Acoplador Capacitivo\"}]},{\"@type\":\"WebSite\",\"@id\":\"https:\\\/\\\/www.zivautomation.com\\\/es\\\/#website\",\"url\":\"https:\\\/\\\/www.zivautomation.com\\\/es\\\/\",\"name\":\"ZIV\",\"description\":\"Haciendo realidad la Red del Futuro\",\"publisher\":{\"@id\":\"https:\\\/\\\/www.zivautomation.com\\\/es\\\/#organization\"},\"potentialAction\":[{\"@type\":\"SearchAction\",\"target\":{\"@type\":\"EntryPoint\",\"urlTemplate\":\"https:\\\/\\\/www.zivautomation.com\\\/es\\\/?s={search_term_string}\"},\"query-input\":{\"@type\":\"PropertyValueSpecification\",\"valueRequired\":true,\"valueName\":\"search_term_string\"}}],\"inLanguage\":\"es\"},{\"@type\":\"Organization\",\"@id\":\"https:\\\/\\\/www.zivautomation.com\\\/es\\\/#organization\",\"name\":\"ZIV\",\"url\":\"https:\\\/\\\/www.zivautomation.com\\\/es\\\/\",\"logo\":{\"@type\":\"ImageObject\",\"inLanguage\":\"es\",\"@id\":\"https:\\\/\\\/www.zivautomation.com\\\/es\\\/#\\\/schema\\\/logo\\\/image\\\/\",\"url\":\"https:\\\/\\\/www.zivautomation.com\\\/wp-content\\\/uploads\\\/2016\\\/10\\\/ziv_solo_cmyk_hr.jpg\",\"contentUrl\":\"https:\\\/\\\/www.zivautomation.com\\\/wp-content\\\/uploads\\\/2016\\\/10\\\/ziv_solo_cmyk_hr.jpg\",\"width\":7078,\"height\":2234,\"caption\":\"ZIV\"},\"image\":{\"@id\":\"https:\\\/\\\/www.zivautomation.com\\\/es\\\/#\\\/schema\\\/logo\\\/image\\\/\"}}]}<\/script>\n<!-- \/ Yoast SEO plugin. -->","yoast_head_json":{"title":"ACA-500\/ACA-36 - Acoplador Capacitivo - ZIV","robots":{"index":"index","follow":"follow","max-snippet":"max-snippet:-1","max-image-preview":"max-image-preview:large","max-video-preview":"max-video-preview:-1"},"canonical":"https:\/\/www.zivautomation.com\/es\/productos\/comunicaciones\/aca-500aca-36-acoplador-capacitivo\/","og_locale":"es_ES","og_type":"article","og_title":"ACA-500\/ACA-36 - Acoplador Capacitivo - ZIV","og_description":"[vc_row][vc_column width=&#8221;1\/3&#8243;][vc_single_image image=&#8221;5757&#8243; img_size=&#8221;medium&#8221;][\/vc_column][vc_column width=&#8221;2\/3&#8243;][vc_column_text] Acoplador PLC capacitivo (transmisi\u00f3n en banda ancha) Concebido para inyectar y transmitir la se\u00f1al PLC entre una fase de las l\u00edneas de Media Tensi\u00f3n y tierra. Caracter\u00edsticas principales Dise\u00f1ado para ser instalado en un conector en T sim\u00e9trico en celdas con aislamiento de gas (GIS). Las dimensiones cumplen con la norma UNE EN-50181. Rango de [&hellip;]","og_url":"https:\/\/www.zivautomation.com\/es\/productos\/comunicaciones\/aca-500aca-36-acoplador-capacitivo\/","og_site_name":"ZIV","article_modified_time":"2022-07-24T22:33:22+00:00","og_image":[{"width":800,"height":400,"url":"https:\/\/www.zivautomation.com\/wp-content\/uploads\/2022\/06\/aca-36.jpg","type":"image\/jpeg"}],"twitter_card":"summary_large_image","twitter_misc":{"Tiempo de lectura":"1 minuto"},"schema":{"@context":"https:\/\/schema.org","@graph":[{"@type":"WebPage","@id":"https:\/\/www.zivautomation.com\/es\/productos\/comunicaciones\/aca-500aca-36-acoplador-capacitivo\/","url":"https:\/\/www.zivautomation.com\/es\/productos\/comunicaciones\/aca-500aca-36-acoplador-capacitivo\/","name":"ACA-500\/ACA-36 - Acoplador Capacitivo - ZIV","isPartOf":{"@id":"https:\/\/www.zivautomation.com\/es\/#website"},"primaryImageOfPage":{"@id":"https:\/\/www.zivautomation.com\/es\/productos\/comunicaciones\/aca-500aca-36-acoplador-capacitivo\/#primaryimage"},"image":{"@id":"https:\/\/www.zivautomation.com\/es\/productos\/comunicaciones\/aca-500aca-36-acoplador-capacitivo\/#primaryimage"},"thumbnailUrl":"https:\/\/www.zivautomation.com\/wp-content\/uploads\/2022\/06\/aca-36.jpg","datePublished":"2015-04-20T21:26:36+00:00","dateModified":"2022-07-24T22:33:22+00:00","breadcrumb":{"@id":"https:\/\/www.zivautomation.com\/es\/productos\/comunicaciones\/aca-500aca-36-acoplador-capacitivo\/#breadcrumb"},"inLanguage":"es","potentialAction":[{"@type":"ReadAction","target":["https:\/\/www.zivautomation.com\/es\/productos\/comunicaciones\/aca-500aca-36-acoplador-capacitivo\/"]}]},{"@type":"ImageObject","inLanguage":"es","@id":"https:\/\/www.zivautomation.com\/es\/productos\/comunicaciones\/aca-500aca-36-acoplador-capacitivo\/#primaryimage","url":"https:\/\/www.zivautomation.com\/wp-content\/uploads\/2022\/06\/aca-36.jpg","contentUrl":"https:\/\/www.zivautomation.com\/wp-content\/uploads\/2022\/06\/aca-36.jpg","width":800,"height":400},{"@type":"BreadcrumbList","@id":"https:\/\/www.zivautomation.com\/es\/productos\/comunicaciones\/aca-500aca-36-acoplador-capacitivo\/#breadcrumb","itemListElement":[{"@type":"ListItem","position":1,"name":"Home","item":"https:\/\/www.zivautomation.com\/es\/"},{"@type":"ListItem","position":2,"name":"Soluciones ZIV","item":"https:\/\/www.zivautomation.com\/es\/productos\/"},{"@type":"ListItem","position":3,"name":"Comunicaciones","item":"https:\/\/www.zivautomation.com\/es\/productos\/comunicaciones\/"},{"@type":"ListItem","position":4,"name":"ACA-500\/ACA-36 &#8211; Acoplador Capacitivo"}]},{"@type":"WebSite","@id":"https:\/\/www.zivautomation.com\/es\/#website","url":"https:\/\/www.zivautomation.com\/es\/","name":"ZIV","description":"Haciendo realidad la Red del Futuro","publisher":{"@id":"https:\/\/www.zivautomation.com\/es\/#organization"},"potentialAction":[{"@type":"SearchAction","target":{"@type":"EntryPoint","urlTemplate":"https:\/\/www.zivautomation.com\/es\/?s={search_term_string}"},"query-input":{"@type":"PropertyValueSpecification","valueRequired":true,"valueName":"search_term_string"}}],"inLanguage":"es"},{"@type":"Organization","@id":"https:\/\/www.zivautomation.com\/es\/#organization","name":"ZIV","url":"https:\/\/www.zivautomation.com\/es\/","logo":{"@type":"ImageObject","inLanguage":"es","@id":"https:\/\/www.zivautomation.com\/es\/#\/schema\/logo\/image\/","url":"https:\/\/www.zivautomation.com\/wp-content\/uploads\/2016\/10\/ziv_solo_cmyk_hr.jpg","contentUrl":"https:\/\/www.zivautomation.com\/wp-content\/uploads\/2016\/10\/ziv_solo_cmyk_hr.jpg","width":7078,"height":2234,"caption":"ZIV"},"image":{"@id":"https:\/\/www.zivautomation.com\/es\/#\/schema\/logo\/image\/"}}]}},"_links":{"self":[{"href":"https:\/\/www.zivautomation.com\/es\/wp-json\/wp\/v2\/pages\/6539","targetHints":{"allow":["GET"]}}],"collection":[{"href":"https:\/\/www.zivautomation.com\/es\/wp-json\/wp\/v2\/pages"}],"about":[{"href":"https:\/\/www.zivautomation.com\/es\/wp-json\/wp\/v2\/types\/page"}],"author":[{"embeddable":true,"href":"https:\/\/www.zivautomation.com\/es\/wp-json\/wp\/v2\/users\/1"}],"replies":[{"embeddable":true,"href":"https:\/\/www.zivautomation.com\/es\/wp-json\/wp\/v2\/comments?post=6539"}],"version-history":[{"count":8,"href":"https:\/\/www.zivautomation.com\/es\/wp-json\/wp\/v2\/pages\/6539\/revisions"}],"predecessor-version":[{"id":85374,"href":"https:\/\/www.zivautomation.com\/es\/wp-json\/wp\/v2\/pages\/6539\/revisions\/85374"}],"up":[{"embeddable":true,"href":"https:\/\/www.zivautomation.com\/es\/wp-json\/wp\/v2\/pages\/84941"}],"wp:featuredmedia":[{"embeddable":true,"href":"https:\/\/www.zivautomation.com\/es\/wp-json\/wp\/v2\/media\/84349"}],"wp:attachment":[{"href":"https:\/\/www.zivautomation.com\/es\/wp-json\/wp\/v2\/media?parent=6539"}],"wp:term":[{"taxonomy":"category","embeddable":true,"href":"https:\/\/www.zivautomation.com\/es\/wp-json\/wp\/v2\/categories?post=6539"},{"taxonomy":"post_tag","embeddable":true,"href":"https:\/\/www.zivautomation.com\/es\/wp-json\/wp\/v2\/tags?post=6539"}],"curies":[{"name":"wp","href":"https:\/\/api.w.org\/{rel}","templated":true}]}}