{"id":6533,"date":"2015-04-21T07:11:48","date_gmt":"2015-04-21T05:11:48","guid":{"rendered":"http:\/\/ziv.poselab.com\/cams-10rc-combined-sensor-coupler\/"},"modified":"2023-08-22T10:26:24","modified_gmt":"2023-08-22T08:26:24","slug":"cams-10k-acoplador-sensor-combinado","status":"publish","type":"page","link":"https:\/\/www.zivautomation.com\/es\/productos\/comunicaciones\/cams-10k-acoplador-sensor-combinado\/","title":{"rendered":"CAMS-10K &#8211; Acoplador + Sensor Combinado"},"content":{"rendered":"<div class=\"wpb-content-wrapper\"><p>[vc_row][vc_column width=&#8221;1\/3&#8243;][vc_single_image image=&#8221;90655&#8243; img_size=&#8221;large&#8221; onclick=&#8221;img_link_large&#8221;][\/vc_column][vc_column width=&#8221;2\/3&#8243;][vc_column_text]<\/p>\n<h2>Acoplador PLC + sensor combinado para l\u00edneas de MT<\/h2>\n<p>El CAMS-10K est\u00e1 dise\u00f1ado para facilitar la medida de tensi\u00f3n de l\u00ednea y la transmisi\u00f3n de la se\u00f1al de Powerline Communications (PLC) a trav\u00e9s de las l\u00edneas de Media Tensi\u00f3n (MT), de cable a\u00e9reo o de cable subterr\u00e1neo como es el caso de las celdas con aislamiento de aire y de mamposter\u00eda.<\/p>\n<p>Consiste en un bloque compacto que integra un dispositivo de acoplamiento PLC capacitivo y un divisor de tensi\u00f3n.<\/p>\n<p><strong>Caracter\u00edsticas principales<\/strong><\/p>\n<ul>\n<li>Ofrece una soluci\u00f3n completa para la monitorizaci\u00f3n de redes de Media Tensi\u00f3n.<\/li>\n<li>Utilizaci\u00f3n en interior (celdas con aislamiento de aire y de mamposter\u00eda) y en exterior.<\/li>\n<li>Rango de frecuencias: 100 kHz \u00f7 10 MHz.<\/li>\n<li>Tipo de acoplamiento: Fase-tierra mediante condensador de 10 nF\u00b120%.<\/li>\n<li>Tensi\u00f3n del sistema (entre fases): 24\u00a0kVef.<\/li>\n<li>Precisi\u00f3n: \u00b11%.<\/li>\n<li>Elementos de protecci\u00f3n:<br \/>\nLado MT: drenaje a tierra de la corriente de 50 Hz y descargador de gas.<br \/>\nLado BT: descargador de gas.<\/li>\n<li>Impedancias nominales:<br \/>\nLado PLC: 50 \u03a9 (balanceada).<br \/>\nLado medida impedancia de carga: 1M\u03a9 (no balanceada) &lt;400pF.<br \/>\nLado l\u00ednea: 200 \u03a9 \u00f7 400 \u03a9.<\/li>\n<li>Conexi\u00f3n a l\u00ednea: tornillo M12 de cabeza hexagonal (terminal tubular de pala).<\/li>\n<li>Conexi\u00f3n a tierra\/fijaci\u00f3n: tres tornillos de M12.<\/li>\n<li>Conexi\u00f3n al equipo de comunicaci\u00f3n: Mediante cable coaxial RG-174 de 1 m de longitud finalizado con un terminal SMA.<\/li>\n<li>Conexi\u00f3n al equipo de medida: Mediante cable coaxial RG-174 referido a tierra, de 1 m de longitud finalizado con un terminal SMA.<\/li>\n<\/ul>\n<p>[\/vc_column_text]<p><strong>Documentaci\u00f3n<\/strong><\/p><ul>\r\n \t<li>Manual de Instrucciones: <a class=\"icon-lock\" data-id=\"90650\" href=\"https:\/\/www.zivautomation.com\/es\/access\/acceso\/\" target=\"_blank\" rel=\"noopener\">M0CMS10K2308Ev03<\/a><\/li>\r\n<\/ul>[\/vc_column][\/vc_row]<\/p>\n<\/div>","protected":false},"excerpt":{"rendered":"<p> Acoplador PLC + sensor combinado para l\u00edneas de MT El CAMS-10K est\u00e1 dise\u00f1ado para facilitar la medida de tensi\u00f3n de l\u00ednea y la transmisi\u00f3n de la se\u00f1al de Powerline Communications (PLC) a trav\u00e9s de las l\u00edneas de Media Tensi\u00f3n (MT), de cable a\u00e9reo o de cable subterr\u00e1neo como es el caso de las celdas [&hellip;]<\/p>\n","protected":false},"author":1,"featured_media":0,"parent":84941,"menu_order":217,"comment_status":"closed","ping_status":"closed","template":"","meta":{"_acf_changed":false,"footnotes":""},"categories":[429,208,388,243],"tags":[],"class_list":["post-6533","page","type-page","status-publish","hentry","category-comunicaciones-mt-bt-cat","category-comunicaciones-cat","category-subestacion-secundaria","category-sensor-acoplo-plc-cat"],"acf":[],"yoast_head":"<!-- This site is optimized with the Yoast SEO plugin v27.4 - https:\/\/yoast.com\/product\/yoast-seo-wordpress\/ -->\n<title>CAMS-10K - Acoplador + Sensor Combinado - ZIV<\/title>\n<meta name=\"description\" content=\"Acoplador PLC + sensor combinado para l\u00edneas de MT. Ver tambi\u00e9n las soluciones de Automatiizaci\u00f3n de centros de transformaci\u00f3n.\" \/>\n<meta name=\"robots\" content=\"index, follow, max-snippet:-1, max-image-preview:large, max-video-preview:-1\" \/>\n<link rel=\"canonical\" href=\"https:\/\/www.zivautomation.com\/es\/productos\/comunicaciones\/cams-10k-acoplador-sensor-combinado\/\" \/>\n<meta property=\"og:locale\" content=\"es_ES\" \/>\n<meta property=\"og:type\" content=\"article\" \/>\n<meta property=\"og:title\" content=\"CAMS-10K - Acoplador + Sensor Combinado - ZIV\" \/>\n<meta property=\"og:description\" content=\"Acoplador PLC + sensor combinado para l\u00edneas de MT. Ver tambi\u00e9n las soluciones de Automatiizaci\u00f3n de centros de transformaci\u00f3n.\" \/>\n<meta property=\"og:url\" content=\"https:\/\/www.zivautomation.com\/es\/productos\/comunicaciones\/cams-10k-acoplador-sensor-combinado\/\" \/>\n<meta property=\"og:site_name\" content=\"ZIV\" \/>\n<meta property=\"article:modified_time\" content=\"2023-08-22T08:26:24+00:00\" \/>\n<meta name=\"twitter:card\" content=\"summary_large_image\" \/>\n<meta name=\"twitter:label1\" content=\"Tiempo de lectura\" \/>\n\t<meta name=\"twitter:data1\" content=\"2 minutos\" \/>\n<script type=\"application\/ld+json\" class=\"yoast-schema-graph\">{\"@context\":\"https:\\\/\\\/schema.org\",\"@graph\":[{\"@type\":\"WebPage\",\"@id\":\"https:\\\/\\\/www.zivautomation.com\\\/es\\\/productos\\\/comunicaciones\\\/cams-10k-acoplador-sensor-combinado\\\/\",\"url\":\"https:\\\/\\\/www.zivautomation.com\\\/es\\\/productos\\\/comunicaciones\\\/cams-10k-acoplador-sensor-combinado\\\/\",\"name\":\"CAMS-10K - Acoplador + Sensor Combinado - ZIV\",\"isPartOf\":{\"@id\":\"https:\\\/\\\/www.zivautomation.com\\\/es\\\/#website\"},\"datePublished\":\"2015-04-21T05:11:48+00:00\",\"dateModified\":\"2023-08-22T08:26:24+00:00\",\"description\":\"Acoplador PLC + sensor combinado para l\u00edneas de MT. Ver tambi\u00e9n las soluciones de Automatiizaci\u00f3n de centros de transformaci\u00f3n.\",\"breadcrumb\":{\"@id\":\"https:\\\/\\\/www.zivautomation.com\\\/es\\\/productos\\\/comunicaciones\\\/cams-10k-acoplador-sensor-combinado\\\/#breadcrumb\"},\"inLanguage\":\"es\",\"potentialAction\":[{\"@type\":\"ReadAction\",\"target\":[\"https:\\\/\\\/www.zivautomation.com\\\/es\\\/productos\\\/comunicaciones\\\/cams-10k-acoplador-sensor-combinado\\\/\"]}]},{\"@type\":\"BreadcrumbList\",\"@id\":\"https:\\\/\\\/www.zivautomation.com\\\/es\\\/productos\\\/comunicaciones\\\/cams-10k-acoplador-sensor-combinado\\\/#breadcrumb\",\"itemListElement\":[{\"@type\":\"ListItem\",\"position\":1,\"name\":\"Home\",\"item\":\"https:\\\/\\\/www.zivautomation.com\\\/es\\\/\"},{\"@type\":\"ListItem\",\"position\":2,\"name\":\"Soluciones ZIV\",\"item\":\"https:\\\/\\\/www.zivautomation.com\\\/es\\\/productos\\\/\"},{\"@type\":\"ListItem\",\"position\":3,\"name\":\"Comunicaciones\",\"item\":\"https:\\\/\\\/www.zivautomation.com\\\/es\\\/productos\\\/comunicaciones\\\/\"},{\"@type\":\"ListItem\",\"position\":4,\"name\":\"CAMS-10K &#8211; Acoplador + Sensor Combinado\"}]},{\"@type\":\"WebSite\",\"@id\":\"https:\\\/\\\/www.zivautomation.com\\\/es\\\/#website\",\"url\":\"https:\\\/\\\/www.zivautomation.com\\\/es\\\/\",\"name\":\"ZIV\",\"description\":\"Haciendo realidad la Red del Futuro\",\"publisher\":{\"@id\":\"https:\\\/\\\/www.zivautomation.com\\\/es\\\/#organization\"},\"potentialAction\":[{\"@type\":\"SearchAction\",\"target\":{\"@type\":\"EntryPoint\",\"urlTemplate\":\"https:\\\/\\\/www.zivautomation.com\\\/es\\\/?s={search_term_string}\"},\"query-input\":{\"@type\":\"PropertyValueSpecification\",\"valueRequired\":true,\"valueName\":\"search_term_string\"}}],\"inLanguage\":\"es\"},{\"@type\":\"Organization\",\"@id\":\"https:\\\/\\\/www.zivautomation.com\\\/es\\\/#organization\",\"name\":\"ZIV\",\"url\":\"https:\\\/\\\/www.zivautomation.com\\\/es\\\/\",\"logo\":{\"@type\":\"ImageObject\",\"inLanguage\":\"es\",\"@id\":\"https:\\\/\\\/www.zivautomation.com\\\/es\\\/#\\\/schema\\\/logo\\\/image\\\/\",\"url\":\"https:\\\/\\\/www.zivautomation.com\\\/wp-content\\\/uploads\\\/2016\\\/10\\\/ziv_solo_cmyk_hr.jpg\",\"contentUrl\":\"https:\\\/\\\/www.zivautomation.com\\\/wp-content\\\/uploads\\\/2016\\\/10\\\/ziv_solo_cmyk_hr.jpg\",\"width\":7078,\"height\":2234,\"caption\":\"ZIV\"},\"image\":{\"@id\":\"https:\\\/\\\/www.zivautomation.com\\\/es\\\/#\\\/schema\\\/logo\\\/image\\\/\"}}]}<\/script>\n<!-- \/ Yoast SEO plugin. -->","yoast_head_json":{"title":"CAMS-10K - Acoplador + Sensor Combinado - ZIV","description":"Acoplador PLC + sensor combinado para l\u00edneas de MT. Ver tambi\u00e9n las soluciones de Automatiizaci\u00f3n de centros de transformaci\u00f3n.","robots":{"index":"index","follow":"follow","max-snippet":"max-snippet:-1","max-image-preview":"max-image-preview:large","max-video-preview":"max-video-preview:-1"},"canonical":"https:\/\/www.zivautomation.com\/es\/productos\/comunicaciones\/cams-10k-acoplador-sensor-combinado\/","og_locale":"es_ES","og_type":"article","og_title":"CAMS-10K - Acoplador + Sensor Combinado - ZIV","og_description":"Acoplador PLC + sensor combinado para l\u00edneas de MT. Ver tambi\u00e9n las soluciones de Automatiizaci\u00f3n de centros de transformaci\u00f3n.","og_url":"https:\/\/www.zivautomation.com\/es\/productos\/comunicaciones\/cams-10k-acoplador-sensor-combinado\/","og_site_name":"ZIV","article_modified_time":"2023-08-22T08:26:24+00:00","twitter_card":"summary_large_image","twitter_misc":{"Tiempo de lectura":"2 minutos"},"schema":{"@context":"https:\/\/schema.org","@graph":[{"@type":"WebPage","@id":"https:\/\/www.zivautomation.com\/es\/productos\/comunicaciones\/cams-10k-acoplador-sensor-combinado\/","url":"https:\/\/www.zivautomation.com\/es\/productos\/comunicaciones\/cams-10k-acoplador-sensor-combinado\/","name":"CAMS-10K - Acoplador + Sensor Combinado - ZIV","isPartOf":{"@id":"https:\/\/www.zivautomation.com\/es\/#website"},"datePublished":"2015-04-21T05:11:48+00:00","dateModified":"2023-08-22T08:26:24+00:00","description":"Acoplador PLC + sensor combinado para l\u00edneas de MT. Ver tambi\u00e9n las soluciones de Automatiizaci\u00f3n de centros de transformaci\u00f3n.","breadcrumb":{"@id":"https:\/\/www.zivautomation.com\/es\/productos\/comunicaciones\/cams-10k-acoplador-sensor-combinado\/#breadcrumb"},"inLanguage":"es","potentialAction":[{"@type":"ReadAction","target":["https:\/\/www.zivautomation.com\/es\/productos\/comunicaciones\/cams-10k-acoplador-sensor-combinado\/"]}]},{"@type":"BreadcrumbList","@id":"https:\/\/www.zivautomation.com\/es\/productos\/comunicaciones\/cams-10k-acoplador-sensor-combinado\/#breadcrumb","itemListElement":[{"@type":"ListItem","position":1,"name":"Home","item":"https:\/\/www.zivautomation.com\/es\/"},{"@type":"ListItem","position":2,"name":"Soluciones ZIV","item":"https:\/\/www.zivautomation.com\/es\/productos\/"},{"@type":"ListItem","position":3,"name":"Comunicaciones","item":"https:\/\/www.zivautomation.com\/es\/productos\/comunicaciones\/"},{"@type":"ListItem","position":4,"name":"CAMS-10K &#8211; Acoplador + Sensor Combinado"}]},{"@type":"WebSite","@id":"https:\/\/www.zivautomation.com\/es\/#website","url":"https:\/\/www.zivautomation.com\/es\/","name":"ZIV","description":"Haciendo realidad la Red del Futuro","publisher":{"@id":"https:\/\/www.zivautomation.com\/es\/#organization"},"potentialAction":[{"@type":"SearchAction","target":{"@type":"EntryPoint","urlTemplate":"https:\/\/www.zivautomation.com\/es\/?s={search_term_string}"},"query-input":{"@type":"PropertyValueSpecification","valueRequired":true,"valueName":"search_term_string"}}],"inLanguage":"es"},{"@type":"Organization","@id":"https:\/\/www.zivautomation.com\/es\/#organization","name":"ZIV","url":"https:\/\/www.zivautomation.com\/es\/","logo":{"@type":"ImageObject","inLanguage":"es","@id":"https:\/\/www.zivautomation.com\/es\/#\/schema\/logo\/image\/","url":"https:\/\/www.zivautomation.com\/wp-content\/uploads\/2016\/10\/ziv_solo_cmyk_hr.jpg","contentUrl":"https:\/\/www.zivautomation.com\/wp-content\/uploads\/2016\/10\/ziv_solo_cmyk_hr.jpg","width":7078,"height":2234,"caption":"ZIV"},"image":{"@id":"https:\/\/www.zivautomation.com\/es\/#\/schema\/logo\/image\/"}}]}},"_links":{"self":[{"href":"https:\/\/www.zivautomation.com\/es\/wp-json\/wp\/v2\/pages\/6533","targetHints":{"allow":["GET"]}}],"collection":[{"href":"https:\/\/www.zivautomation.com\/es\/wp-json\/wp\/v2\/pages"}],"about":[{"href":"https:\/\/www.zivautomation.com\/es\/wp-json\/wp\/v2\/types\/page"}],"author":[{"embeddable":true,"href":"https:\/\/www.zivautomation.com\/es\/wp-json\/wp\/v2\/users\/1"}],"replies":[{"embeddable":true,"href":"https:\/\/www.zivautomation.com\/es\/wp-json\/wp\/v2\/comments?post=6533"}],"version-history":[{"count":20,"href":"https:\/\/www.zivautomation.com\/es\/wp-json\/wp\/v2\/pages\/6533\/revisions"}],"predecessor-version":[{"id":90664,"href":"https:\/\/www.zivautomation.com\/es\/wp-json\/wp\/v2\/pages\/6533\/revisions\/90664"}],"up":[{"embeddable":true,"href":"https:\/\/www.zivautomation.com\/es\/wp-json\/wp\/v2\/pages\/84941"}],"wp:attachment":[{"href":"https:\/\/www.zivautomation.com\/es\/wp-json\/wp\/v2\/media?parent=6533"}],"wp:term":[{"taxonomy":"category","embeddable":true,"href":"https:\/\/www.zivautomation.com\/es\/wp-json\/wp\/v2\/categories?post=6533"},{"taxonomy":"post_tag","embeddable":true,"href":"https:\/\/www.zivautomation.com\/es\/wp-json\/wp\/v2\/tags?post=6533"}],"curies":[{"name":"wp","href":"https:\/\/api.w.org\/{rel}","templated":true}]}}