{"id":6530,"date":"2015-04-21T07:19:01","date_gmt":"2015-04-21T05:19:01","guid":{"rendered":"http:\/\/ziv.poselab.com\/fbbp-notch-band-filters\/"},"modified":"2023-06-06T13:59:39","modified_gmt":"2023-06-06T11:59:39","slug":"fbbp-filtros-elimina-banda","status":"publish","type":"page","link":"https:\/\/www.zivautomation.com\/es\/productos\/metering-ami\/fbbp-filtros-elimina-banda\/","title":{"rendered":"FBBP &#8211; Filtros Elimina Banda"},"content":{"rendered":"<div class=\"wpb-content-wrapper\"><p>[vc_row][vc_column width=&#8221;1\/3&#8243;][vc_single_image border_color=&#8221;grey&#8221; img_link_large=&#8221;yes&#8221; img_link_target=&#8221;_self&#8221; css_animation=&#8221;right-to-left&#8221; image=&#8221;23002&#8243; img_size=&#8221;medium&#8221;][\/vc_column][vc_column width=&#8221;2\/3&#8243;][vc_column_text css_animation=&#8221;right-to-left&#8221;]<\/p>\n<h2>Filtros para atenuar interferencias conducidas en redes de BT<\/h2>\n<p>Filtros dise\u00f1ados para mitigar el ruido conducido generado\u2028por aparatos dom\u00e9sticos o industriales.<\/p>\n<p><strong>Caracter\u00edsticas principales<\/strong><\/p>\n<ul>\n<li>Robustecer la lectura remota de contadores.<\/li>\n<li>Especialmente dise\u00f1ados para mitigar interferencias en la banda de frecuencias<br \/>\nCENELEC-A EN 50065 (PRIME, G3, Meters &amp; More).<\/li>\n<li>Filtro paso-bajo o elimina banda (la impedancia del filtro no afecta al funcionamiento normal de los contadores).<\/li>\n<li>Modelos monof\u00e1sicos, con o sin conexi\u00f3n del neutro, y trif\u00e1sicos.<\/li>\n<li>20 A, 40 A y 65 A (otras bajo demanda).<\/li>\n<li>Modelos con distintos bornes de conexi\u00f3n.<\/li>\n<\/ul>\n<p><strong>Relacionado<\/strong><\/p>\n<ul>\n<li><a href=\"\/?page_id=6433\">Medida<\/a><\/li>\n<\/ul>\n<p>[\/vc_column_text]<p><strong>Documentaci\u00f3n<\/strong><\/p><ul>\r\n \t<li>Manual de Instrucciones:\u00a0\u00a0<a href=\"https:\/\/www.zivautomation.com\/es\/access\/acceso\/\" data-id=\"30832\" class=\"icon-lock\" target=\"_blank\" rel=\"noopener\">FBBP-4\/40\/65 Manual de Usuario - r6<\/a><\/li>\r\n \t<li>Cat\u00e1logo de Producto:\u00a0 \u00a0 \u00a0 \u00a0<a href=\"https:\/\/www.zivautomation.com\/wp-content\/uploads\/2019\/06\/ziv_sensores_acoplos_plc_y_filtros_castellano_rev_9.3.pdf\" target=\"_blank\" rel=\"noopener\">Sensores_Acoplos_PLC_y_Filtros_Castellano_rev_9.3<\/a><\/li>\r\n<\/ul>[\/vc_column][\/vc_row]<\/p>\n<\/div>","protected":false},"excerpt":{"rendered":"<p> Filtros para atenuar interferencias conducidas en redes de BT Filtros dise\u00f1ados para mitigar el ruido conducido generado\u2028por aparatos dom\u00e9sticos o industriales. Caracter\u00edsticas principales Robustecer la lectura remota de contadores. Especialmente dise\u00f1ados para mitigar interferencias en la banda de frecuencias CENELEC-A EN 50065 (PRIME, G3, Meters &amp; More). Filtro paso-bajo o [&hellip;]<\/p>\n","protected":false},"author":1,"featured_media":23002,"parent":84877,"menu_order":4,"comment_status":"closed","ping_status":"closed","template":"","meta":{"_acf_changed":false,"footnotes":""},"categories":[388,231,383,397],"tags":[],"class_list":["post-6530","page","type-page","status-publish","has-post-thumbnail","hentry","category-subestacion-secundaria","category-medida-y-ami-cat","category-sistemas-cat","category-filtros-de-banda-de-muesca-cat"],"acf":[],"yoast_head":"<!-- This site is optimized with the Yoast SEO plugin v27.3 - https:\/\/yoast.com\/product\/yoast-seo-wordpress\/ -->\n<title>FBBP - Filtros Elimina Banda - ZIV<\/title>\n<meta name=\"robots\" content=\"index, follow, max-snippet:-1, max-image-preview:large, max-video-preview:-1\" \/>\n<link rel=\"canonical\" href=\"https:\/\/www.zivautomation.com\/es\/productos\/metering-ami\/fbbp-filtros-elimina-banda\/\" \/>\n<meta property=\"og:locale\" content=\"es_ES\" \/>\n<meta property=\"og:type\" content=\"article\" \/>\n<meta property=\"og:title\" content=\"FBBP - Filtros Elimina Banda - ZIV\" \/>\n<meta property=\"og:description\" content=\"[vc_row][vc_column width=&#8221;1\/3&#8243;][vc_single_image border_color=&#8221;grey&#8221; img_link_large=&#8221;yes&#8221; img_link_target=&#8221;_self&#8221; css_animation=&#8221;right-to-left&#8221; image=&#8221;23002&#8243; img_size=&#8221;medium&#8221;][\/vc_column][vc_column width=&#8221;2\/3&#8243;][vc_column_text css_animation=&#8221;right-to-left&#8221;] Filtros para atenuar interferencias conducidas en redes de BT Filtros dise\u00f1ados para mitigar el ruido conducido generado\u2028por aparatos dom\u00e9sticos o industriales. Caracter\u00edsticas principales Robustecer la lectura remota de contadores. Especialmente dise\u00f1ados para mitigar interferencias en la banda de frecuencias CENELEC-A EN 50065 (PRIME, G3, Meters &amp; More). Filtro paso-bajo o [&hellip;]\" \/>\n<meta property=\"og:url\" content=\"https:\/\/www.zivautomation.com\/es\/productos\/metering-ami\/fbbp-filtros-elimina-banda\/\" \/>\n<meta property=\"og:site_name\" content=\"ZIV\" \/>\n<meta property=\"article:modified_time\" content=\"2023-06-06T11:59:39+00:00\" \/>\n<meta property=\"og:image\" content=\"https:\/\/www.zivautomation.com\/wp-content\/uploads\/2015\/04\/fffbbp4020.jpg\" \/>\n\t<meta property=\"og:image:width\" content=\"1939\" \/>\n\t<meta property=\"og:image:height\" content=\"1228\" \/>\n\t<meta property=\"og:image:type\" content=\"image\/jpeg\" \/>\n<meta name=\"twitter:card\" content=\"summary_large_image\" \/>\n<meta name=\"twitter:label1\" content=\"Tiempo de lectura\" \/>\n\t<meta name=\"twitter:data1\" content=\"1 minuto\" \/>\n<script type=\"application\/ld+json\" class=\"yoast-schema-graph\">{\"@context\":\"https:\\\/\\\/schema.org\",\"@graph\":[{\"@type\":\"WebPage\",\"@id\":\"https:\\\/\\\/www.zivautomation.com\\\/es\\\/productos\\\/metering-ami\\\/fbbp-filtros-elimina-banda\\\/\",\"url\":\"https:\\\/\\\/www.zivautomation.com\\\/es\\\/productos\\\/metering-ami\\\/fbbp-filtros-elimina-banda\\\/\",\"name\":\"FBBP - Filtros Elimina Banda - ZIV\",\"isPartOf\":{\"@id\":\"https:\\\/\\\/www.zivautomation.com\\\/es\\\/#website\"},\"primaryImageOfPage\":{\"@id\":\"https:\\\/\\\/www.zivautomation.com\\\/es\\\/productos\\\/metering-ami\\\/fbbp-filtros-elimina-banda\\\/#primaryimage\"},\"image\":{\"@id\":\"https:\\\/\\\/www.zivautomation.com\\\/es\\\/productos\\\/metering-ami\\\/fbbp-filtros-elimina-banda\\\/#primaryimage\"},\"thumbnailUrl\":\"https:\\\/\\\/www.zivautomation.com\\\/wp-content\\\/uploads\\\/2015\\\/04\\\/fffbbp4020.jpg\",\"datePublished\":\"2015-04-21T05:19:01+00:00\",\"dateModified\":\"2023-06-06T11:59:39+00:00\",\"breadcrumb\":{\"@id\":\"https:\\\/\\\/www.zivautomation.com\\\/es\\\/productos\\\/metering-ami\\\/fbbp-filtros-elimina-banda\\\/#breadcrumb\"},\"inLanguage\":\"es\",\"potentialAction\":[{\"@type\":\"ReadAction\",\"target\":[\"https:\\\/\\\/www.zivautomation.com\\\/es\\\/productos\\\/metering-ami\\\/fbbp-filtros-elimina-banda\\\/\"]}]},{\"@type\":\"ImageObject\",\"inLanguage\":\"es\",\"@id\":\"https:\\\/\\\/www.zivautomation.com\\\/es\\\/productos\\\/metering-ami\\\/fbbp-filtros-elimina-banda\\\/#primaryimage\",\"url\":\"https:\\\/\\\/www.zivautomation.com\\\/wp-content\\\/uploads\\\/2015\\\/04\\\/fffbbp4020.jpg\",\"contentUrl\":\"https:\\\/\\\/www.zivautomation.com\\\/wp-content\\\/uploads\\\/2015\\\/04\\\/fffbbp4020.jpg\",\"width\":1939,\"height\":1228},{\"@type\":\"BreadcrumbList\",\"@id\":\"https:\\\/\\\/www.zivautomation.com\\\/es\\\/productos\\\/metering-ami\\\/fbbp-filtros-elimina-banda\\\/#breadcrumb\",\"itemListElement\":[{\"@type\":\"ListItem\",\"position\":1,\"name\":\"Home\",\"item\":\"https:\\\/\\\/www.zivautomation.com\\\/es\\\/\"},{\"@type\":\"ListItem\",\"position\":2,\"name\":\"Soluciones ZIV\",\"item\":\"https:\\\/\\\/www.zivautomation.com\\\/es\\\/productos\\\/\"},{\"@type\":\"ListItem\",\"position\":3,\"name\":\"Medida y AMI\",\"item\":\"https:\\\/\\\/www.zivautomation.com\\\/es\\\/productos\\\/metering-ami\\\/\"},{\"@type\":\"ListItem\",\"position\":4,\"name\":\"FBBP &#8211; Filtros Elimina Banda\"}]},{\"@type\":\"WebSite\",\"@id\":\"https:\\\/\\\/www.zivautomation.com\\\/es\\\/#website\",\"url\":\"https:\\\/\\\/www.zivautomation.com\\\/es\\\/\",\"name\":\"ZIV\",\"description\":\"Haciendo realidad la Red del Futuro\",\"publisher\":{\"@id\":\"https:\\\/\\\/www.zivautomation.com\\\/es\\\/#organization\"},\"potentialAction\":[{\"@type\":\"SearchAction\",\"target\":{\"@type\":\"EntryPoint\",\"urlTemplate\":\"https:\\\/\\\/www.zivautomation.com\\\/es\\\/?s={search_term_string}\"},\"query-input\":{\"@type\":\"PropertyValueSpecification\",\"valueRequired\":true,\"valueName\":\"search_term_string\"}}],\"inLanguage\":\"es\"},{\"@type\":\"Organization\",\"@id\":\"https:\\\/\\\/www.zivautomation.com\\\/es\\\/#organization\",\"name\":\"ZIV\",\"url\":\"https:\\\/\\\/www.zivautomation.com\\\/es\\\/\",\"logo\":{\"@type\":\"ImageObject\",\"inLanguage\":\"es\",\"@id\":\"https:\\\/\\\/www.zivautomation.com\\\/es\\\/#\\\/schema\\\/logo\\\/image\\\/\",\"url\":\"https:\\\/\\\/www.zivautomation.com\\\/wp-content\\\/uploads\\\/2016\\\/10\\\/ziv_solo_cmyk_hr.jpg\",\"contentUrl\":\"https:\\\/\\\/www.zivautomation.com\\\/wp-content\\\/uploads\\\/2016\\\/10\\\/ziv_solo_cmyk_hr.jpg\",\"width\":7078,\"height\":2234,\"caption\":\"ZIV\"},\"image\":{\"@id\":\"https:\\\/\\\/www.zivautomation.com\\\/es\\\/#\\\/schema\\\/logo\\\/image\\\/\"}}]}<\/script>\n<!-- \/ Yoast SEO plugin. -->","yoast_head_json":{"title":"FBBP - Filtros Elimina Banda - ZIV","robots":{"index":"index","follow":"follow","max-snippet":"max-snippet:-1","max-image-preview":"max-image-preview:large","max-video-preview":"max-video-preview:-1"},"canonical":"https:\/\/www.zivautomation.com\/es\/productos\/metering-ami\/fbbp-filtros-elimina-banda\/","og_locale":"es_ES","og_type":"article","og_title":"FBBP - Filtros Elimina Banda - ZIV","og_description":"[vc_row][vc_column width=&#8221;1\/3&#8243;][vc_single_image border_color=&#8221;grey&#8221; img_link_large=&#8221;yes&#8221; img_link_target=&#8221;_self&#8221; css_animation=&#8221;right-to-left&#8221; image=&#8221;23002&#8243; img_size=&#8221;medium&#8221;][\/vc_column][vc_column width=&#8221;2\/3&#8243;][vc_column_text css_animation=&#8221;right-to-left&#8221;] Filtros para atenuar interferencias conducidas en redes de BT Filtros dise\u00f1ados para mitigar el ruido conducido generado\u2028por aparatos dom\u00e9sticos o industriales. Caracter\u00edsticas principales Robustecer la lectura remota de contadores. Especialmente dise\u00f1ados para mitigar interferencias en la banda de frecuencias CENELEC-A EN 50065 (PRIME, G3, Meters &amp; More). Filtro paso-bajo o [&hellip;]","og_url":"https:\/\/www.zivautomation.com\/es\/productos\/metering-ami\/fbbp-filtros-elimina-banda\/","og_site_name":"ZIV","article_modified_time":"2023-06-06T11:59:39+00:00","og_image":[{"width":1939,"height":1228,"url":"https:\/\/www.zivautomation.com\/wp-content\/uploads\/2015\/04\/fffbbp4020.jpg","type":"image\/jpeg"}],"twitter_card":"summary_large_image","twitter_misc":{"Tiempo de lectura":"1 minuto"},"schema":{"@context":"https:\/\/schema.org","@graph":[{"@type":"WebPage","@id":"https:\/\/www.zivautomation.com\/es\/productos\/metering-ami\/fbbp-filtros-elimina-banda\/","url":"https:\/\/www.zivautomation.com\/es\/productos\/metering-ami\/fbbp-filtros-elimina-banda\/","name":"FBBP - Filtros Elimina Banda - ZIV","isPartOf":{"@id":"https:\/\/www.zivautomation.com\/es\/#website"},"primaryImageOfPage":{"@id":"https:\/\/www.zivautomation.com\/es\/productos\/metering-ami\/fbbp-filtros-elimina-banda\/#primaryimage"},"image":{"@id":"https:\/\/www.zivautomation.com\/es\/productos\/metering-ami\/fbbp-filtros-elimina-banda\/#primaryimage"},"thumbnailUrl":"https:\/\/www.zivautomation.com\/wp-content\/uploads\/2015\/04\/fffbbp4020.jpg","datePublished":"2015-04-21T05:19:01+00:00","dateModified":"2023-06-06T11:59:39+00:00","breadcrumb":{"@id":"https:\/\/www.zivautomation.com\/es\/productos\/metering-ami\/fbbp-filtros-elimina-banda\/#breadcrumb"},"inLanguage":"es","potentialAction":[{"@type":"ReadAction","target":["https:\/\/www.zivautomation.com\/es\/productos\/metering-ami\/fbbp-filtros-elimina-banda\/"]}]},{"@type":"ImageObject","inLanguage":"es","@id":"https:\/\/www.zivautomation.com\/es\/productos\/metering-ami\/fbbp-filtros-elimina-banda\/#primaryimage","url":"https:\/\/www.zivautomation.com\/wp-content\/uploads\/2015\/04\/fffbbp4020.jpg","contentUrl":"https:\/\/www.zivautomation.com\/wp-content\/uploads\/2015\/04\/fffbbp4020.jpg","width":1939,"height":1228},{"@type":"BreadcrumbList","@id":"https:\/\/www.zivautomation.com\/es\/productos\/metering-ami\/fbbp-filtros-elimina-banda\/#breadcrumb","itemListElement":[{"@type":"ListItem","position":1,"name":"Home","item":"https:\/\/www.zivautomation.com\/es\/"},{"@type":"ListItem","position":2,"name":"Soluciones ZIV","item":"https:\/\/www.zivautomation.com\/es\/productos\/"},{"@type":"ListItem","position":3,"name":"Medida y AMI","item":"https:\/\/www.zivautomation.com\/es\/productos\/metering-ami\/"},{"@type":"ListItem","position":4,"name":"FBBP &#8211; Filtros Elimina Banda"}]},{"@type":"WebSite","@id":"https:\/\/www.zivautomation.com\/es\/#website","url":"https:\/\/www.zivautomation.com\/es\/","name":"ZIV","description":"Haciendo realidad la Red del Futuro","publisher":{"@id":"https:\/\/www.zivautomation.com\/es\/#organization"},"potentialAction":[{"@type":"SearchAction","target":{"@type":"EntryPoint","urlTemplate":"https:\/\/www.zivautomation.com\/es\/?s={search_term_string}"},"query-input":{"@type":"PropertyValueSpecification","valueRequired":true,"valueName":"search_term_string"}}],"inLanguage":"es"},{"@type":"Organization","@id":"https:\/\/www.zivautomation.com\/es\/#organization","name":"ZIV","url":"https:\/\/www.zivautomation.com\/es\/","logo":{"@type":"ImageObject","inLanguage":"es","@id":"https:\/\/www.zivautomation.com\/es\/#\/schema\/logo\/image\/","url":"https:\/\/www.zivautomation.com\/wp-content\/uploads\/2016\/10\/ziv_solo_cmyk_hr.jpg","contentUrl":"https:\/\/www.zivautomation.com\/wp-content\/uploads\/2016\/10\/ziv_solo_cmyk_hr.jpg","width":7078,"height":2234,"caption":"ZIV"},"image":{"@id":"https:\/\/www.zivautomation.com\/es\/#\/schema\/logo\/image\/"}}]}},"_links":{"self":[{"href":"https:\/\/www.zivautomation.com\/es\/wp-json\/wp\/v2\/pages\/6530","targetHints":{"allow":["GET"]}}],"collection":[{"href":"https:\/\/www.zivautomation.com\/es\/wp-json\/wp\/v2\/pages"}],"about":[{"href":"https:\/\/www.zivautomation.com\/es\/wp-json\/wp\/v2\/types\/page"}],"author":[{"embeddable":true,"href":"https:\/\/www.zivautomation.com\/es\/wp-json\/wp\/v2\/users\/1"}],"replies":[{"embeddable":true,"href":"https:\/\/www.zivautomation.com\/es\/wp-json\/wp\/v2\/comments?post=6530"}],"version-history":[{"count":5,"href":"https:\/\/www.zivautomation.com\/es\/wp-json\/wp\/v2\/pages\/6530\/revisions"}],"predecessor-version":[{"id":89583,"href":"https:\/\/www.zivautomation.com\/es\/wp-json\/wp\/v2\/pages\/6530\/revisions\/89583"}],"up":[{"embeddable":true,"href":"https:\/\/www.zivautomation.com\/es\/wp-json\/wp\/v2\/pages\/84877"}],"wp:featuredmedia":[{"embeddable":true,"href":"https:\/\/www.zivautomation.com\/es\/wp-json\/wp\/v2\/media\/23002"}],"wp:attachment":[{"href":"https:\/\/www.zivautomation.com\/es\/wp-json\/wp\/v2\/media?parent=6530"}],"wp:term":[{"taxonomy":"category","embeddable":true,"href":"https:\/\/www.zivautomation.com\/es\/wp-json\/wp\/v2\/categories?post=6530"},{"taxonomy":"post_tag","embeddable":true,"href":"https:\/\/www.zivautomation.com\/es\/wp-json\/wp\/v2\/tags?post=6530"}],"curies":[{"name":"wp","href":"https:\/\/api.w.org\/{rel}","templated":true}]}}