{"id":6526,"date":"2015-04-21T09:35:47","date_gmt":"2015-04-21T07:35:47","guid":{"rendered":"http:\/\/ziv.poselab.com\/modular-mv-supervision-rtu-with-fault-pass-detector-2tca-for-rmu\/"},"modified":"2022-07-25T00:42:40","modified_gmt":"2022-07-24T22:42:40","slug":"remota-de-supervision-de-media-tension-con-deteccion-de-paso-de-falta-2tca-para-celdas","status":"publish","type":"page","link":"https:\/\/www.zivautomation.com\/es\/productos\/soluciones-de-automatizacion-de-distribucion\/remota-de-supervision-de-media-tension-con-deteccion-de-paso-de-falta-2tca-para-celdas\/","title":{"rendered":"TCA &#8211; Remota de Media Tensi\u00f3n con Detecci\u00f3n de Paso de Falta"},"content":{"rendered":"<div class=\"wpb-content-wrapper\"><p>[vc_row][vc_column width=&#8221;1\/3&#8243;][vc_single_image image=&#8221;66618&#8243; img_size=&#8221;medium&#8221; add_caption=&#8221;yes&#8221; onclick=&#8221;img_link_large&#8221;][\/vc_column][vc_column width=&#8221;2\/3&#8243;][vc_column_text]<\/p>\n<h2>TCA-A: Detector de Paso de Falta (DPF) direccional y supervisi\u00f3n del ruptor para redes de distribuci\u00f3n a\u00e9reas y subterr\u00e1neas.<\/h2>\n<p>Monitorizaci\u00f3n de la red de MT para redes de distribuci\u00f3n con funci\u00f3n de DPF.\u00a0 L\u00edneas a\u00e9reas y subterr\u00e1neas.\u00a0Soluciones con localizador de falta para redes de distribuci\u00f3n semiautom\u00e1ticas a trav\u00e9s de protocolo IEC 60870\u20115\u2011104. Apta para la gran variedad de sistemas de puesta a tierra (neutro directo a tierra, neutro impedante, neutro aislado o compensado mediante bobina Petersen).<\/p>\n<p>&nbsp;<\/p>\n<p><strong>Caracter\u00edsticas principales<\/strong><\/p>\n<ul>\n<li>L\u00f3gica programable por P\u00e1gina Web.<\/li>\n<li>Hist\u00f3rico de 2500 eventos y 5 registradores de faltas (TCA-D\/E 4000).<\/li>\n<li>Registrador de oscilograf\u00eda (5 archivos COMTRADE y una frecuencia de muestreo de 7200 Hz).<\/li>\n<li>Diagn\u00f3stico y mantenimiento v\u00eda P\u00e1gina Web.<\/li>\n<li>Funci\u00f3n DPF direccional incorporada.<\/li>\n<li>Hasta 12 entradas digitales.<\/li>\n<li>7 salidas digitales para se\u00f1alizaci\u00f3n.<\/li>\n<li>6 canales anal\u00f3gicos: 3 de tensi\u00f3n y 3 de corriente.<\/li>\n<li>1 canal anal\u00f3gico de corriente residual para redes de neutro aislado.<\/li>\n<\/ul>\n<p><span style=\"color: #ffffff;\">[2TCA]<\/span><\/p>\n<p><strong>Relacionado<\/strong><\/p>\n<ul>\n<li><a href=\"..\/..\/\">Distribution Automation<\/a><\/li>\n<\/ul>\n<p>[\/vc_column_text]<p><strong>Documentaci\u00f3n<\/strong><\/p><ul>\r\n \t<li>Manual de Instrucciones <a href=\"https:\/\/www.zivautomation.com\/es\/access\/acceso\/\" data-id=\"76750\" class=\"icon-lock\">M2TCAB2007Ev00<\/a><\/li>\r\n \t<li>Hoja de Producto (TCA-A): <a href=\"https:\/\/www.zivautomation.com\/wp-content\/uploads\/2018\/11\/f0tcaa1811ev00.pdf\" target=\"_blank\" rel=\"noopener\">F0TCAA1811Ev00;\u00a0 <\/a><\/li>\r\n<\/ul>[\/vc_column][\/vc_row]<\/p>\n<\/div>","protected":false},"excerpt":{"rendered":"<p> TCA-A: Detector de Paso de Falta (DPF) direccional y supervisi\u00f3n del ruptor para redes de distribuci\u00f3n a\u00e9reas y subterr\u00e1neas. Monitorizaci\u00f3n de la red de MT para redes de distribuci\u00f3n con funci\u00f3n de DPF.\u00a0 L\u00edneas a\u00e9reas y subterr\u00e1neas.\u00a0Soluciones con localizador de falta para redes de distribuci\u00f3n semiautom\u00e1ticas a trav\u00e9s de protocolo IEC 60870\u20115\u2011104. Apta [&hellip;]<\/p>\n","protected":false},"author":1,"featured_media":70942,"parent":84915,"menu_order":165,"comment_status":"closed","ping_status":"closed","template":"","meta":{"_acf_changed":false,"footnotes":""},"categories":[279,388,212,419],"tags":[],"class_list":["post-6526","page","type-page","status-publish","has-post-thumbnail","hentry","category-rtus-y-equipos-de-supervision-de-bt-cat","category-subestacion-secundaria","category-rtus-es-cat","category-subestacion-mt-detector-de-paso-de-fallos-cat"],"acf":[],"yoast_head":"<!-- This site is optimized with the Yoast SEO plugin v27.3 - https:\/\/yoast.com\/product\/yoast-seo-wordpress\/ -->\n<title>TCA - Remota de Media Tensi\u00f3n con Detecci\u00f3n de Paso de Falta - ZIV<\/title>\n<meta name=\"robots\" content=\"index, follow, max-snippet:-1, max-image-preview:large, max-video-preview:-1\" \/>\n<link rel=\"canonical\" href=\"https:\/\/www.zivautomation.com\/es\/productos\/soluciones-de-automatizacion-de-distribucion\/remota-de-supervision-de-media-tension-con-deteccion-de-paso-de-falta-2tca-para-celdas\/\" \/>\n<meta property=\"og:locale\" content=\"es_ES\" \/>\n<meta property=\"og:type\" content=\"article\" \/>\n<meta property=\"og:title\" content=\"TCA - Remota de Media Tensi\u00f3n con Detecci\u00f3n de Paso de Falta - ZIV\" \/>\n<meta property=\"og:description\" content=\"[vc_row][vc_column width=&#8221;1\/3&#8243;][vc_single_image image=&#8221;66618&#8243; img_size=&#8221;medium&#8221; add_caption=&#8221;yes&#8221; onclick=&#8221;img_link_large&#8221;][\/vc_column][vc_column width=&#8221;2\/3&#8243;][vc_column_text] TCA-A: Detector de Paso de Falta (DPF) direccional y supervisi\u00f3n del ruptor para redes de distribuci\u00f3n a\u00e9reas y subterr\u00e1neas. Monitorizaci\u00f3n de la red de MT para redes de distribuci\u00f3n con funci\u00f3n de DPF.\u00a0 L\u00edneas a\u00e9reas y subterr\u00e1neas.\u00a0Soluciones con localizador de falta para redes de distribuci\u00f3n semiautom\u00e1ticas a trav\u00e9s de protocolo IEC 60870\u20115\u2011104. Apta [&hellip;]\" \/>\n<meta property=\"og:url\" content=\"https:\/\/www.zivautomation.com\/es\/productos\/soluciones-de-automatizacion-de-distribucion\/remota-de-supervision-de-media-tension-con-deteccion-de-paso-de-falta-2tca-para-celdas\/\" \/>\n<meta property=\"og:site_name\" content=\"ZIV\" \/>\n<meta property=\"article:modified_time\" content=\"2022-07-24T22:42:40+00:00\" \/>\n<meta property=\"og:image\" content=\"https:\/\/www.zivautomation.com\/wp-content\/uploads\/2019\/06\/rtu-for-mv-network.png\" \/>\n\t<meta property=\"og:image:width\" content=\"800\" \/>\n\t<meta property=\"og:image:height\" content=\"400\" \/>\n\t<meta property=\"og:image:type\" content=\"image\/png\" \/>\n<meta name=\"twitter:card\" content=\"summary_large_image\" \/>\n<meta name=\"twitter:label1\" content=\"Tiempo de lectura\" \/>\n\t<meta name=\"twitter:data1\" content=\"1 minuto\" \/>\n<script type=\"application\/ld+json\" class=\"yoast-schema-graph\">{\"@context\":\"https:\\\/\\\/schema.org\",\"@graph\":[{\"@type\":\"WebPage\",\"@id\":\"https:\\\/\\\/www.zivautomation.com\\\/es\\\/productos\\\/soluciones-de-automatizacion-de-distribucion\\\/remota-de-supervision-de-media-tension-con-deteccion-de-paso-de-falta-2tca-para-celdas\\\/\",\"url\":\"https:\\\/\\\/www.zivautomation.com\\\/es\\\/productos\\\/soluciones-de-automatizacion-de-distribucion\\\/remota-de-supervision-de-media-tension-con-deteccion-de-paso-de-falta-2tca-para-celdas\\\/\",\"name\":\"TCA - Remota de Media Tensi\u00f3n con Detecci\u00f3n de Paso de Falta - ZIV\",\"isPartOf\":{\"@id\":\"https:\\\/\\\/www.zivautomation.com\\\/es\\\/#website\"},\"primaryImageOfPage\":{\"@id\":\"https:\\\/\\\/www.zivautomation.com\\\/es\\\/productos\\\/soluciones-de-automatizacion-de-distribucion\\\/remota-de-supervision-de-media-tension-con-deteccion-de-paso-de-falta-2tca-para-celdas\\\/#primaryimage\"},\"image\":{\"@id\":\"https:\\\/\\\/www.zivautomation.com\\\/es\\\/productos\\\/soluciones-de-automatizacion-de-distribucion\\\/remota-de-supervision-de-media-tension-con-deteccion-de-paso-de-falta-2tca-para-celdas\\\/#primaryimage\"},\"thumbnailUrl\":\"https:\\\/\\\/www.zivautomation.com\\\/wp-content\\\/uploads\\\/2019\\\/06\\\/rtu-for-mv-network.png\",\"datePublished\":\"2015-04-21T07:35:47+00:00\",\"dateModified\":\"2022-07-24T22:42:40+00:00\",\"breadcrumb\":{\"@id\":\"https:\\\/\\\/www.zivautomation.com\\\/es\\\/productos\\\/soluciones-de-automatizacion-de-distribucion\\\/remota-de-supervision-de-media-tension-con-deteccion-de-paso-de-falta-2tca-para-celdas\\\/#breadcrumb\"},\"inLanguage\":\"es\",\"potentialAction\":[{\"@type\":\"ReadAction\",\"target\":[\"https:\\\/\\\/www.zivautomation.com\\\/es\\\/productos\\\/soluciones-de-automatizacion-de-distribucion\\\/remota-de-supervision-de-media-tension-con-deteccion-de-paso-de-falta-2tca-para-celdas\\\/\"]}]},{\"@type\":\"ImageObject\",\"inLanguage\":\"es\",\"@id\":\"https:\\\/\\\/www.zivautomation.com\\\/es\\\/productos\\\/soluciones-de-automatizacion-de-distribucion\\\/remota-de-supervision-de-media-tension-con-deteccion-de-paso-de-falta-2tca-para-celdas\\\/#primaryimage\",\"url\":\"https:\\\/\\\/www.zivautomation.com\\\/wp-content\\\/uploads\\\/2019\\\/06\\\/rtu-for-mv-network.png\",\"contentUrl\":\"https:\\\/\\\/www.zivautomation.com\\\/wp-content\\\/uploads\\\/2019\\\/06\\\/rtu-for-mv-network.png\",\"width\":800,\"height\":400,\"caption\":\"RTU FOR MV NETWORK\"},{\"@type\":\"BreadcrumbList\",\"@id\":\"https:\\\/\\\/www.zivautomation.com\\\/es\\\/productos\\\/soluciones-de-automatizacion-de-distribucion\\\/remota-de-supervision-de-media-tension-con-deteccion-de-paso-de-falta-2tca-para-celdas\\\/#breadcrumb\",\"itemListElement\":[{\"@type\":\"ListItem\",\"position\":1,\"name\":\"Home\",\"item\":\"https:\\\/\\\/www.zivautomation.com\\\/es\\\/\"},{\"@type\":\"ListItem\",\"position\":2,\"name\":\"Soluciones ZIV\",\"item\":\"https:\\\/\\\/www.zivautomation.com\\\/es\\\/productos\\\/\"},{\"@type\":\"ListItem\",\"position\":3,\"name\":\"Soluciones para la Automatizaci\u00f3n de la Distribuci\u00f3n\",\"item\":\"https:\\\/\\\/www.zivautomation.com\\\/es\\\/productos\\\/soluciones-de-automatizacion-de-distribucion\\\/\"},{\"@type\":\"ListItem\",\"position\":4,\"name\":\"TCA &#8211; Remota de Media Tensi\u00f3n con Detecci\u00f3n de Paso de Falta\"}]},{\"@type\":\"WebSite\",\"@id\":\"https:\\\/\\\/www.zivautomation.com\\\/es\\\/#website\",\"url\":\"https:\\\/\\\/www.zivautomation.com\\\/es\\\/\",\"name\":\"ZIV\",\"description\":\"Haciendo realidad la Red del Futuro\",\"publisher\":{\"@id\":\"https:\\\/\\\/www.zivautomation.com\\\/es\\\/#organization\"},\"potentialAction\":[{\"@type\":\"SearchAction\",\"target\":{\"@type\":\"EntryPoint\",\"urlTemplate\":\"https:\\\/\\\/www.zivautomation.com\\\/es\\\/?s={search_term_string}\"},\"query-input\":{\"@type\":\"PropertyValueSpecification\",\"valueRequired\":true,\"valueName\":\"search_term_string\"}}],\"inLanguage\":\"es\"},{\"@type\":\"Organization\",\"@id\":\"https:\\\/\\\/www.zivautomation.com\\\/es\\\/#organization\",\"name\":\"ZIV\",\"url\":\"https:\\\/\\\/www.zivautomation.com\\\/es\\\/\",\"logo\":{\"@type\":\"ImageObject\",\"inLanguage\":\"es\",\"@id\":\"https:\\\/\\\/www.zivautomation.com\\\/es\\\/#\\\/schema\\\/logo\\\/image\\\/\",\"url\":\"https:\\\/\\\/www.zivautomation.com\\\/wp-content\\\/uploads\\\/2016\\\/10\\\/ziv_solo_cmyk_hr.jpg\",\"contentUrl\":\"https:\\\/\\\/www.zivautomation.com\\\/wp-content\\\/uploads\\\/2016\\\/10\\\/ziv_solo_cmyk_hr.jpg\",\"width\":7078,\"height\":2234,\"caption\":\"ZIV\"},\"image\":{\"@id\":\"https:\\\/\\\/www.zivautomation.com\\\/es\\\/#\\\/schema\\\/logo\\\/image\\\/\"}}]}<\/script>\n<!-- \/ Yoast SEO plugin. -->","yoast_head_json":{"title":"TCA - Remota de Media Tensi\u00f3n con Detecci\u00f3n de Paso de Falta - ZIV","robots":{"index":"index","follow":"follow","max-snippet":"max-snippet:-1","max-image-preview":"max-image-preview:large","max-video-preview":"max-video-preview:-1"},"canonical":"https:\/\/www.zivautomation.com\/es\/productos\/soluciones-de-automatizacion-de-distribucion\/remota-de-supervision-de-media-tension-con-deteccion-de-paso-de-falta-2tca-para-celdas\/","og_locale":"es_ES","og_type":"article","og_title":"TCA - Remota de Media Tensi\u00f3n con Detecci\u00f3n de Paso de Falta - ZIV","og_description":"[vc_row][vc_column width=&#8221;1\/3&#8243;][vc_single_image image=&#8221;66618&#8243; img_size=&#8221;medium&#8221; add_caption=&#8221;yes&#8221; onclick=&#8221;img_link_large&#8221;][\/vc_column][vc_column width=&#8221;2\/3&#8243;][vc_column_text] TCA-A: Detector de Paso de Falta (DPF) direccional y supervisi\u00f3n del ruptor para redes de distribuci\u00f3n a\u00e9reas y subterr\u00e1neas. Monitorizaci\u00f3n de la red de MT para redes de distribuci\u00f3n con funci\u00f3n de DPF.\u00a0 L\u00edneas a\u00e9reas y subterr\u00e1neas.\u00a0Soluciones con localizador de falta para redes de distribuci\u00f3n semiautom\u00e1ticas a trav\u00e9s de protocolo IEC 60870\u20115\u2011104. Apta [&hellip;]","og_url":"https:\/\/www.zivautomation.com\/es\/productos\/soluciones-de-automatizacion-de-distribucion\/remota-de-supervision-de-media-tension-con-deteccion-de-paso-de-falta-2tca-para-celdas\/","og_site_name":"ZIV","article_modified_time":"2022-07-24T22:42:40+00:00","og_image":[{"width":800,"height":400,"url":"https:\/\/www.zivautomation.com\/wp-content\/uploads\/2019\/06\/rtu-for-mv-network.png","type":"image\/png"}],"twitter_card":"summary_large_image","twitter_misc":{"Tiempo de lectura":"1 minuto"},"schema":{"@context":"https:\/\/schema.org","@graph":[{"@type":"WebPage","@id":"https:\/\/www.zivautomation.com\/es\/productos\/soluciones-de-automatizacion-de-distribucion\/remota-de-supervision-de-media-tension-con-deteccion-de-paso-de-falta-2tca-para-celdas\/","url":"https:\/\/www.zivautomation.com\/es\/productos\/soluciones-de-automatizacion-de-distribucion\/remota-de-supervision-de-media-tension-con-deteccion-de-paso-de-falta-2tca-para-celdas\/","name":"TCA - Remota de Media Tensi\u00f3n con Detecci\u00f3n de Paso de Falta - ZIV","isPartOf":{"@id":"https:\/\/www.zivautomation.com\/es\/#website"},"primaryImageOfPage":{"@id":"https:\/\/www.zivautomation.com\/es\/productos\/soluciones-de-automatizacion-de-distribucion\/remota-de-supervision-de-media-tension-con-deteccion-de-paso-de-falta-2tca-para-celdas\/#primaryimage"},"image":{"@id":"https:\/\/www.zivautomation.com\/es\/productos\/soluciones-de-automatizacion-de-distribucion\/remota-de-supervision-de-media-tension-con-deteccion-de-paso-de-falta-2tca-para-celdas\/#primaryimage"},"thumbnailUrl":"https:\/\/www.zivautomation.com\/wp-content\/uploads\/2019\/06\/rtu-for-mv-network.png","datePublished":"2015-04-21T07:35:47+00:00","dateModified":"2022-07-24T22:42:40+00:00","breadcrumb":{"@id":"https:\/\/www.zivautomation.com\/es\/productos\/soluciones-de-automatizacion-de-distribucion\/remota-de-supervision-de-media-tension-con-deteccion-de-paso-de-falta-2tca-para-celdas\/#breadcrumb"},"inLanguage":"es","potentialAction":[{"@type":"ReadAction","target":["https:\/\/www.zivautomation.com\/es\/productos\/soluciones-de-automatizacion-de-distribucion\/remota-de-supervision-de-media-tension-con-deteccion-de-paso-de-falta-2tca-para-celdas\/"]}]},{"@type":"ImageObject","inLanguage":"es","@id":"https:\/\/www.zivautomation.com\/es\/productos\/soluciones-de-automatizacion-de-distribucion\/remota-de-supervision-de-media-tension-con-deteccion-de-paso-de-falta-2tca-para-celdas\/#primaryimage","url":"https:\/\/www.zivautomation.com\/wp-content\/uploads\/2019\/06\/rtu-for-mv-network.png","contentUrl":"https:\/\/www.zivautomation.com\/wp-content\/uploads\/2019\/06\/rtu-for-mv-network.png","width":800,"height":400,"caption":"RTU FOR MV NETWORK"},{"@type":"BreadcrumbList","@id":"https:\/\/www.zivautomation.com\/es\/productos\/soluciones-de-automatizacion-de-distribucion\/remota-de-supervision-de-media-tension-con-deteccion-de-paso-de-falta-2tca-para-celdas\/#breadcrumb","itemListElement":[{"@type":"ListItem","position":1,"name":"Home","item":"https:\/\/www.zivautomation.com\/es\/"},{"@type":"ListItem","position":2,"name":"Soluciones ZIV","item":"https:\/\/www.zivautomation.com\/es\/productos\/"},{"@type":"ListItem","position":3,"name":"Soluciones para la Automatizaci\u00f3n de la Distribuci\u00f3n","item":"https:\/\/www.zivautomation.com\/es\/productos\/soluciones-de-automatizacion-de-distribucion\/"},{"@type":"ListItem","position":4,"name":"TCA &#8211; Remota de Media Tensi\u00f3n con Detecci\u00f3n de Paso de Falta"}]},{"@type":"WebSite","@id":"https:\/\/www.zivautomation.com\/es\/#website","url":"https:\/\/www.zivautomation.com\/es\/","name":"ZIV","description":"Haciendo realidad la Red del Futuro","publisher":{"@id":"https:\/\/www.zivautomation.com\/es\/#organization"},"potentialAction":[{"@type":"SearchAction","target":{"@type":"EntryPoint","urlTemplate":"https:\/\/www.zivautomation.com\/es\/?s={search_term_string}"},"query-input":{"@type":"PropertyValueSpecification","valueRequired":true,"valueName":"search_term_string"}}],"inLanguage":"es"},{"@type":"Organization","@id":"https:\/\/www.zivautomation.com\/es\/#organization","name":"ZIV","url":"https:\/\/www.zivautomation.com\/es\/","logo":{"@type":"ImageObject","inLanguage":"es","@id":"https:\/\/www.zivautomation.com\/es\/#\/schema\/logo\/image\/","url":"https:\/\/www.zivautomation.com\/wp-content\/uploads\/2016\/10\/ziv_solo_cmyk_hr.jpg","contentUrl":"https:\/\/www.zivautomation.com\/wp-content\/uploads\/2016\/10\/ziv_solo_cmyk_hr.jpg","width":7078,"height":2234,"caption":"ZIV"},"image":{"@id":"https:\/\/www.zivautomation.com\/es\/#\/schema\/logo\/image\/"}}]}},"_links":{"self":[{"href":"https:\/\/www.zivautomation.com\/es\/wp-json\/wp\/v2\/pages\/6526","targetHints":{"allow":["GET"]}}],"collection":[{"href":"https:\/\/www.zivautomation.com\/es\/wp-json\/wp\/v2\/pages"}],"about":[{"href":"https:\/\/www.zivautomation.com\/es\/wp-json\/wp\/v2\/types\/page"}],"author":[{"embeddable":true,"href":"https:\/\/www.zivautomation.com\/es\/wp-json\/wp\/v2\/users\/1"}],"replies":[{"embeddable":true,"href":"https:\/\/www.zivautomation.com\/es\/wp-json\/wp\/v2\/comments?post=6526"}],"version-history":[{"count":18,"href":"https:\/\/www.zivautomation.com\/es\/wp-json\/wp\/v2\/pages\/6526\/revisions"}],"predecessor-version":[{"id":85383,"href":"https:\/\/www.zivautomation.com\/es\/wp-json\/wp\/v2\/pages\/6526\/revisions\/85383"}],"up":[{"embeddable":true,"href":"https:\/\/www.zivautomation.com\/es\/wp-json\/wp\/v2\/pages\/84915"}],"wp:featuredmedia":[{"embeddable":true,"href":"https:\/\/www.zivautomation.com\/es\/wp-json\/wp\/v2\/media\/70942"}],"wp:attachment":[{"href":"https:\/\/www.zivautomation.com\/es\/wp-json\/wp\/v2\/media?parent=6526"}],"wp:term":[{"taxonomy":"category","embeddable":true,"href":"https:\/\/www.zivautomation.com\/es\/wp-json\/wp\/v2\/categories?post=6526"},{"taxonomy":"post_tag","embeddable":true,"href":"https:\/\/www.zivautomation.com\/es\/wp-json\/wp\/v2\/tags?post=6526"}],"curies":[{"name":"wp","href":"https:\/\/api.w.org\/{rel}","templated":true}]}}