{"id":6525,"date":"2015-04-21T10:28:28","date_gmt":"2015-04-21T08:28:28","guid":{"rendered":"http:\/\/ziv.poselab.com\/modular-rtu-for-mv-automation-usp-20\/"},"modified":"2024-03-18T16:04:18","modified_gmt":"2024-03-18T15:04:18","slug":"rtu-modular-para-automatizacion-de-media-tension","status":"publish","type":"page","link":"https:\/\/www.zivautomation.com\/es\/productos\/soluciones-de-automatizacion-de-distribucion\/rtu-modular-para-automatizacion-de-media-tension\/","title":{"rendered":"RTU Flexible para Media Tensi\u00f3n"},"content":{"rendered":"<div class=\"wpb-content-wrapper\"><p>[vc_row][vc_column width=&#8221;1\/3&#8243;][vc_single_image image=&#8221;95002&#8243; img_size=&#8221;440&#215;312&#8243; onclick=&#8221;img_link_large&#8221;][\/vc_column][vc_column width=&#8221;2\/3&#8243;][vc_column_text]<\/p>\n<h1>RTU \/ Controlador flexible y modular perfectamente adaptado a la automatizaci\u00f3n de la distribuci\u00f3n secundaria<\/h1>\n<h2>Plataforma de Automatizaci\u00f3n de la Distribuci\u00f3n<\/h2>\n<p>La <strong>RTU Flexible para Media Tensi\u00f3n<\/strong> de ZIV es una Remota \/ Controlador modular ideal para un n\u00famero bajo o medio de E\/S. Admite una amplia gama de m\u00f3dulos de E\/S, incluidas entradas de estado, salidas de control, anal\u00f3gicas de CC, medidas anal\u00f3gicas de CA y salidas anal\u00f3gicas. Todos los m\u00f3dulos est\u00e1n certificados para su uso en aplicaciones de empresas de suministro el\u00e9ctrico. &gt;&gt; <a target=\"_blank\" href=\"https:\/\/www.zivautomation.com\/wp-content\/uploads\/2019\/06\/hmvflexiblertuiv00.pdf\">Nuevas caracter\u00edsticas<\/a><\/p>\n<p><strong>Caracter\u00edsticas principales<\/strong><\/p>\n<ul>\n<li>Supervisi\u00f3n de varios alimentadores en celdas de secundaria.<\/li>\n<li>Detector direccional de falta.<\/li>\n<li>Registro de perturbaciones.<\/li>\n<li>Selecci\u00f3n de interfaces de sensores.<\/li>\n<li>Control de consigna de DERs.<\/li>\n<li>Gesti\u00f3n de potencia neta de DERs.<\/li>\n<li>Funcionamiento a prueba de fallos de DER.<\/li>\n<li>Gateway (protocolos incl. 61850).<\/li>\n<li>Amplias funciones de ciberseguridad.<\/li>\n<li>Servidor web seguro HMI (SLD&#8230;). I<\/li>\n<li>EC61131-3 Herramienta de automatizaci\u00f3n l\u00f3gica.<\/li>\n<li>Reloj GPS integrado (opcional).<\/li>\n<li>Dos puertos Ethernet y cuatro puertos serie.<\/li>\n<li>Certificado conforme a las normas de las compa\u00f1\u00edas el\u00e9ctricas.<\/li>\n<li>Conectividad con m\u00faltiples estaciones maestras.<\/li>\n<\/ul>\n<p><strong>Plataforma de centros de transformaci\u00f3n de MT.<\/strong><\/p>\n<p>La <strong>RTU Flexible de MT<\/strong> de ZIV, con su potente procesador y su gama de puertos de comunicaciones, es el componente central de cualquier sistema de automatizaci\u00f3n de centros de transformaci\u00f3n.<\/p>\n<p>El m\u00f3dulo es compatible con todos los protocolos est\u00e1ndar para comunicaciones de centros de control, incluidos Secure IEC 104, DNP3 SAV5, IEC101 y una amplia gama de protocolos heredados.<\/p>\n<p>La <strong>RTU Flexible de MT <\/strong>de ZIV tambi\u00e9n puede funcionar como gateway para pr\u00e1cticamente todos los IEDs de subestaci\u00f3n que utilicen protocolos como IEC 61850 Client &amp; Server (certificado por KEMA), IEC 101\/104, DNP3.0 (TCP\/IP y serie), IEC 103 y Modbus (TCP\/IP y serie).<\/p>\n<p><strong>Controlador RMU<\/strong>.<\/p>\n<p>La unidad se utiliza ampliamente como RMU \/ Controlador de Interruptores gracias a su tama\u00f1o, flexibilidad de interfaz, detecci\u00f3n de faltas y funcionalidades de ciberseguridad. La unidad admite una amplia variedad de interfaces para tensiones e intensidades de CA, incluidos TI\/TTs convencionales, LEA (Low Energy Analogues), sensores Rogowski, sensores de poste de l\u00ednea y otros rangos de entrada de baja tensi\u00f3n. Esto garantiza que pueda interactuar con diferentes tipos de RMU \/ Interruptores.<\/p>\n<p><strong>Controlador DER<\/strong>.<\/p>\n<p>La<strong> RTU Flexible de MT <\/strong>de ZIV es ampliamente utilizada como Controlador DER (Distributed Energy Resource) gracias a sus capacidades de gesti\u00f3n DER, controles de consigna, funcionamiento a prueba de fallos, flexibilidad de la interfaz y funcionalidades de ciberseguridad.<\/p>\n<p>La unidad puede funcionar como un controlador DER aut\u00f3nomo que gestiona los l\u00edmites de importaci\u00f3n\/exportaci\u00f3n de energ\u00eda de una determinada ubicaci\u00f3n DER o como parte de un esquema ANM (Active Network Management) integrado o ambos.[\/vc_column_text][vc_single_image image=&#8221;85903&#8243; img_size=&#8221;full&#8221;]<p><strong>Documentaci\u00f3n<\/strong><\/p><ul>\r\n \t<li>Instructions Manual: ZIV MV Flexible RTU \u00b7 Distribution Automation Platform <a target=\"_blank\" class=\"icon-lock\" data-id=\"95061\" href=\"https:\/\/www.zivautomation.com\/es\/access\/acceso\/\">MMVFLXIBLERTU2403Iv00<\/a> (Rev. 00 - 18\/03\/2024).<\/li>\r\n \t<li>Data Sheet: ZIV MV Flexible RTU \u00b7 Distribution Automation Platform <a href=\"https:\/\/www.zivautomation.com\/wp-content\/uploads\/2019\/06\/hmvflexiblertuiv00.pdf\" target=\"_blank\" rel=\"noopener\">HMVFLEXIBLERTUIv00<\/a> <strong><em>nuevas caracter\u00edsticas Rev. 00 \/ 03.2024<\/em><\/strong><\/li>\r\n<\/ul>[\/vc_column][\/vc_row]<\/p>\n<\/div>","protected":false},"excerpt":{"rendered":"<p> RTU \/ Controlador flexible y modular perfectamente adaptado a la automatizaci\u00f3n de la distribuci\u00f3n secundaria Plataforma de Automatizaci\u00f3n de la Distribuci\u00f3n La RTU Flexible para Media Tensi\u00f3n de ZIV es una Remota \/ Controlador modular ideal para un n\u00famero bajo o medio de E\/S. Admite una amplia gama de m\u00f3dulos de E\/S, incluidas entradas [&hellip;]<\/p>\n","protected":false},"author":1,"featured_media":70347,"parent":84915,"menu_order":154,"comment_status":"closed","ping_status":"closed","template":"","meta":{"_acf_changed":false,"footnotes":""},"categories":[279,388,212,421],"tags":[],"class_list":["post-6525","page","type-page","status-publish","has-post-thumbnail","hentry","category-rtus-y-equipos-de-supervision-de-bt-cat","category-subestacion-secundaria","category-rtus-es-cat","category-subestacion-mt-lbs-anm-cat"],"acf":[],"yoast_head":"<!-- This site is optimized with the Yoast SEO plugin v27.4 - https:\/\/yoast.com\/product\/yoast-seo-wordpress\/ -->\n<title>RTU Flexible para Media Tensi\u00f3n - ZIV<\/title>\n<meta name=\"description\" content=\"La RTU Flexible para Media Tensi\u00f3n de ZIV es una Remota \/ Controlador modular ideal para un n\u00famero bajo o medio de E\/S. Admite una amplia gama de m\u00f3dulos de E\/S, incluidas entradas de estado, salidas de control, anal\u00f3gicas de CC, medidas anal\u00f3gicas de CA y salidas anal\u00f3gicas.\" \/>\n<meta name=\"robots\" content=\"index, follow, max-snippet:-1, max-image-preview:large, max-video-preview:-1\" \/>\n<link rel=\"canonical\" href=\"https:\/\/www.zivautomation.com\/es\/productos\/soluciones-de-automatizacion-de-distribucion\/rtu-modular-para-automatizacion-de-media-tension\/\" \/>\n<meta property=\"og:locale\" content=\"es_ES\" \/>\n<meta property=\"og:type\" content=\"article\" \/>\n<meta property=\"og:title\" content=\"RTU Flexible para Media Tensi\u00f3n - ZIV\" \/>\n<meta property=\"og:description\" content=\"La RTU Flexible para Media Tensi\u00f3n de ZIV es una Remota \/ Controlador modular ideal para un n\u00famero bajo o medio de E\/S. Admite una amplia gama de m\u00f3dulos de E\/S, incluidas entradas de estado, salidas de control, anal\u00f3gicas de CC, medidas anal\u00f3gicas de CA y salidas anal\u00f3gicas.\" \/>\n<meta property=\"og:url\" content=\"https:\/\/www.zivautomation.com\/es\/productos\/soluciones-de-automatizacion-de-distribucion\/rtu-modular-para-automatizacion-de-media-tension\/\" \/>\n<meta property=\"og:site_name\" content=\"ZIV\" \/>\n<meta property=\"article:modified_time\" content=\"2024-03-18T15:04:18+00:00\" \/>\n<meta property=\"og:image\" content=\"https:\/\/www.zivautomation.com\/wp-content\/uploads\/2019\/06\/active-network-management.png\" \/>\n\t<meta property=\"og:image:width\" content=\"800\" \/>\n\t<meta property=\"og:image:height\" content=\"400\" \/>\n\t<meta property=\"og:image:type\" content=\"image\/png\" \/>\n<meta name=\"twitter:card\" content=\"summary_large_image\" \/>\n<meta name=\"twitter:label1\" content=\"Tiempo de lectura\" \/>\n\t<meta name=\"twitter:data1\" content=\"3 minutos\" \/>\n<script type=\"application\/ld+json\" class=\"yoast-schema-graph\">{\"@context\":\"https:\\\/\\\/schema.org\",\"@graph\":[{\"@type\":\"WebPage\",\"@id\":\"https:\\\/\\\/www.zivautomation.com\\\/es\\\/productos\\\/soluciones-de-automatizacion-de-distribucion\\\/rtu-modular-para-automatizacion-de-media-tension\\\/\",\"url\":\"https:\\\/\\\/www.zivautomation.com\\\/es\\\/productos\\\/soluciones-de-automatizacion-de-distribucion\\\/rtu-modular-para-automatizacion-de-media-tension\\\/\",\"name\":\"RTU Flexible para Media Tensi\u00f3n - ZIV\",\"isPartOf\":{\"@id\":\"https:\\\/\\\/www.zivautomation.com\\\/es\\\/#website\"},\"primaryImageOfPage\":{\"@id\":\"https:\\\/\\\/www.zivautomation.com\\\/es\\\/productos\\\/soluciones-de-automatizacion-de-distribucion\\\/rtu-modular-para-automatizacion-de-media-tension\\\/#primaryimage\"},\"image\":{\"@id\":\"https:\\\/\\\/www.zivautomation.com\\\/es\\\/productos\\\/soluciones-de-automatizacion-de-distribucion\\\/rtu-modular-para-automatizacion-de-media-tension\\\/#primaryimage\"},\"thumbnailUrl\":\"https:\\\/\\\/www.zivautomation.com\\\/wp-content\\\/uploads\\\/2019\\\/06\\\/active-network-management.png\",\"datePublished\":\"2015-04-21T08:28:28+00:00\",\"dateModified\":\"2024-03-18T15:04:18+00:00\",\"description\":\"La RTU Flexible para Media Tensi\u00f3n de ZIV es una Remota \\\/ Controlador modular ideal para un n\u00famero bajo o medio de E\\\/S. Admite una amplia gama de m\u00f3dulos de E\\\/S, incluidas entradas de estado, salidas de control, anal\u00f3gicas de CC, medidas anal\u00f3gicas de CA y salidas anal\u00f3gicas.\",\"breadcrumb\":{\"@id\":\"https:\\\/\\\/www.zivautomation.com\\\/es\\\/productos\\\/soluciones-de-automatizacion-de-distribucion\\\/rtu-modular-para-automatizacion-de-media-tension\\\/#breadcrumb\"},\"inLanguage\":\"es\",\"potentialAction\":[{\"@type\":\"ReadAction\",\"target\":[\"https:\\\/\\\/www.zivautomation.com\\\/es\\\/productos\\\/soluciones-de-automatizacion-de-distribucion\\\/rtu-modular-para-automatizacion-de-media-tension\\\/\"]}]},{\"@type\":\"ImageObject\",\"inLanguage\":\"es\",\"@id\":\"https:\\\/\\\/www.zivautomation.com\\\/es\\\/productos\\\/soluciones-de-automatizacion-de-distribucion\\\/rtu-modular-para-automatizacion-de-media-tension\\\/#primaryimage\",\"url\":\"https:\\\/\\\/www.zivautomation.com\\\/wp-content\\\/uploads\\\/2019\\\/06\\\/active-network-management.png\",\"contentUrl\":\"https:\\\/\\\/www.zivautomation.com\\\/wp-content\\\/uploads\\\/2019\\\/06\\\/active-network-management.png\",\"width\":800,\"height\":400,\"caption\":\"active network management - renewables integration\"},{\"@type\":\"BreadcrumbList\",\"@id\":\"https:\\\/\\\/www.zivautomation.com\\\/es\\\/productos\\\/soluciones-de-automatizacion-de-distribucion\\\/rtu-modular-para-automatizacion-de-media-tension\\\/#breadcrumb\",\"itemListElement\":[{\"@type\":\"ListItem\",\"position\":1,\"name\":\"Home\",\"item\":\"https:\\\/\\\/www.zivautomation.com\\\/es\\\/\"},{\"@type\":\"ListItem\",\"position\":2,\"name\":\"Soluciones ZIV\",\"item\":\"https:\\\/\\\/www.zivautomation.com\\\/es\\\/productos\\\/\"},{\"@type\":\"ListItem\",\"position\":3,\"name\":\"Soluciones para la Automatizaci\u00f3n de la Distribuci\u00f3n\",\"item\":\"https:\\\/\\\/www.zivautomation.com\\\/es\\\/productos\\\/soluciones-de-automatizacion-de-distribucion\\\/\"},{\"@type\":\"ListItem\",\"position\":4,\"name\":\"RTU Flexible para Media Tensi\u00f3n\"}]},{\"@type\":\"WebSite\",\"@id\":\"https:\\\/\\\/www.zivautomation.com\\\/es\\\/#website\",\"url\":\"https:\\\/\\\/www.zivautomation.com\\\/es\\\/\",\"name\":\"ZIV\",\"description\":\"Haciendo realidad la Red del Futuro\",\"publisher\":{\"@id\":\"https:\\\/\\\/www.zivautomation.com\\\/es\\\/#organization\"},\"potentialAction\":[{\"@type\":\"SearchAction\",\"target\":{\"@type\":\"EntryPoint\",\"urlTemplate\":\"https:\\\/\\\/www.zivautomation.com\\\/es\\\/?s={search_term_string}\"},\"query-input\":{\"@type\":\"PropertyValueSpecification\",\"valueRequired\":true,\"valueName\":\"search_term_string\"}}],\"inLanguage\":\"es\"},{\"@type\":\"Organization\",\"@id\":\"https:\\\/\\\/www.zivautomation.com\\\/es\\\/#organization\",\"name\":\"ZIV\",\"url\":\"https:\\\/\\\/www.zivautomation.com\\\/es\\\/\",\"logo\":{\"@type\":\"ImageObject\",\"inLanguage\":\"es\",\"@id\":\"https:\\\/\\\/www.zivautomation.com\\\/es\\\/#\\\/schema\\\/logo\\\/image\\\/\",\"url\":\"https:\\\/\\\/www.zivautomation.com\\\/wp-content\\\/uploads\\\/2016\\\/10\\\/ziv_solo_cmyk_hr.jpg\",\"contentUrl\":\"https:\\\/\\\/www.zivautomation.com\\\/wp-content\\\/uploads\\\/2016\\\/10\\\/ziv_solo_cmyk_hr.jpg\",\"width\":7078,\"height\":2234,\"caption\":\"ZIV\"},\"image\":{\"@id\":\"https:\\\/\\\/www.zivautomation.com\\\/es\\\/#\\\/schema\\\/logo\\\/image\\\/\"}}]}<\/script>\n<!-- \/ Yoast SEO plugin. -->","yoast_head_json":{"title":"RTU Flexible para Media Tensi\u00f3n - ZIV","description":"La RTU Flexible para Media Tensi\u00f3n de ZIV es una Remota \/ Controlador modular ideal para un n\u00famero bajo o medio de E\/S. Admite una amplia gama de m\u00f3dulos de E\/S, incluidas entradas de estado, salidas de control, anal\u00f3gicas de CC, medidas anal\u00f3gicas de CA y salidas anal\u00f3gicas.","robots":{"index":"index","follow":"follow","max-snippet":"max-snippet:-1","max-image-preview":"max-image-preview:large","max-video-preview":"max-video-preview:-1"},"canonical":"https:\/\/www.zivautomation.com\/es\/productos\/soluciones-de-automatizacion-de-distribucion\/rtu-modular-para-automatizacion-de-media-tension\/","og_locale":"es_ES","og_type":"article","og_title":"RTU Flexible para Media Tensi\u00f3n - ZIV","og_description":"La RTU Flexible para Media Tensi\u00f3n de ZIV es una Remota \/ Controlador modular ideal para un n\u00famero bajo o medio de E\/S. Admite una amplia gama de m\u00f3dulos de E\/S, incluidas entradas de estado, salidas de control, anal\u00f3gicas de CC, medidas anal\u00f3gicas de CA y salidas anal\u00f3gicas.","og_url":"https:\/\/www.zivautomation.com\/es\/productos\/soluciones-de-automatizacion-de-distribucion\/rtu-modular-para-automatizacion-de-media-tension\/","og_site_name":"ZIV","article_modified_time":"2024-03-18T15:04:18+00:00","og_image":[{"width":800,"height":400,"url":"https:\/\/www.zivautomation.com\/wp-content\/uploads\/2019\/06\/active-network-management.png","type":"image\/png"}],"twitter_card":"summary_large_image","twitter_misc":{"Tiempo de lectura":"3 minutos"},"schema":{"@context":"https:\/\/schema.org","@graph":[{"@type":"WebPage","@id":"https:\/\/www.zivautomation.com\/es\/productos\/soluciones-de-automatizacion-de-distribucion\/rtu-modular-para-automatizacion-de-media-tension\/","url":"https:\/\/www.zivautomation.com\/es\/productos\/soluciones-de-automatizacion-de-distribucion\/rtu-modular-para-automatizacion-de-media-tension\/","name":"RTU Flexible para Media Tensi\u00f3n - ZIV","isPartOf":{"@id":"https:\/\/www.zivautomation.com\/es\/#website"},"primaryImageOfPage":{"@id":"https:\/\/www.zivautomation.com\/es\/productos\/soluciones-de-automatizacion-de-distribucion\/rtu-modular-para-automatizacion-de-media-tension\/#primaryimage"},"image":{"@id":"https:\/\/www.zivautomation.com\/es\/productos\/soluciones-de-automatizacion-de-distribucion\/rtu-modular-para-automatizacion-de-media-tension\/#primaryimage"},"thumbnailUrl":"https:\/\/www.zivautomation.com\/wp-content\/uploads\/2019\/06\/active-network-management.png","datePublished":"2015-04-21T08:28:28+00:00","dateModified":"2024-03-18T15:04:18+00:00","description":"La RTU Flexible para Media Tensi\u00f3n de ZIV es una Remota \/ Controlador modular ideal para un n\u00famero bajo o medio de E\/S. Admite una amplia gama de m\u00f3dulos de E\/S, incluidas entradas de estado, salidas de control, anal\u00f3gicas de CC, medidas anal\u00f3gicas de CA y salidas anal\u00f3gicas.","breadcrumb":{"@id":"https:\/\/www.zivautomation.com\/es\/productos\/soluciones-de-automatizacion-de-distribucion\/rtu-modular-para-automatizacion-de-media-tension\/#breadcrumb"},"inLanguage":"es","potentialAction":[{"@type":"ReadAction","target":["https:\/\/www.zivautomation.com\/es\/productos\/soluciones-de-automatizacion-de-distribucion\/rtu-modular-para-automatizacion-de-media-tension\/"]}]},{"@type":"ImageObject","inLanguage":"es","@id":"https:\/\/www.zivautomation.com\/es\/productos\/soluciones-de-automatizacion-de-distribucion\/rtu-modular-para-automatizacion-de-media-tension\/#primaryimage","url":"https:\/\/www.zivautomation.com\/wp-content\/uploads\/2019\/06\/active-network-management.png","contentUrl":"https:\/\/www.zivautomation.com\/wp-content\/uploads\/2019\/06\/active-network-management.png","width":800,"height":400,"caption":"active network management - renewables integration"},{"@type":"BreadcrumbList","@id":"https:\/\/www.zivautomation.com\/es\/productos\/soluciones-de-automatizacion-de-distribucion\/rtu-modular-para-automatizacion-de-media-tension\/#breadcrumb","itemListElement":[{"@type":"ListItem","position":1,"name":"Home","item":"https:\/\/www.zivautomation.com\/es\/"},{"@type":"ListItem","position":2,"name":"Soluciones ZIV","item":"https:\/\/www.zivautomation.com\/es\/productos\/"},{"@type":"ListItem","position":3,"name":"Soluciones para la Automatizaci\u00f3n de la Distribuci\u00f3n","item":"https:\/\/www.zivautomation.com\/es\/productos\/soluciones-de-automatizacion-de-distribucion\/"},{"@type":"ListItem","position":4,"name":"RTU Flexible para Media Tensi\u00f3n"}]},{"@type":"WebSite","@id":"https:\/\/www.zivautomation.com\/es\/#website","url":"https:\/\/www.zivautomation.com\/es\/","name":"ZIV","description":"Haciendo realidad la Red del Futuro","publisher":{"@id":"https:\/\/www.zivautomation.com\/es\/#organization"},"potentialAction":[{"@type":"SearchAction","target":{"@type":"EntryPoint","urlTemplate":"https:\/\/www.zivautomation.com\/es\/?s={search_term_string}"},"query-input":{"@type":"PropertyValueSpecification","valueRequired":true,"valueName":"search_term_string"}}],"inLanguage":"es"},{"@type":"Organization","@id":"https:\/\/www.zivautomation.com\/es\/#organization","name":"ZIV","url":"https:\/\/www.zivautomation.com\/es\/","logo":{"@type":"ImageObject","inLanguage":"es","@id":"https:\/\/www.zivautomation.com\/es\/#\/schema\/logo\/image\/","url":"https:\/\/www.zivautomation.com\/wp-content\/uploads\/2016\/10\/ziv_solo_cmyk_hr.jpg","contentUrl":"https:\/\/www.zivautomation.com\/wp-content\/uploads\/2016\/10\/ziv_solo_cmyk_hr.jpg","width":7078,"height":2234,"caption":"ZIV"},"image":{"@id":"https:\/\/www.zivautomation.com\/es\/#\/schema\/logo\/image\/"}}]}},"_links":{"self":[{"href":"https:\/\/www.zivautomation.com\/es\/wp-json\/wp\/v2\/pages\/6525","targetHints":{"allow":["GET"]}}],"collection":[{"href":"https:\/\/www.zivautomation.com\/es\/wp-json\/wp\/v2\/pages"}],"about":[{"href":"https:\/\/www.zivautomation.com\/es\/wp-json\/wp\/v2\/types\/page"}],"author":[{"embeddable":true,"href":"https:\/\/www.zivautomation.com\/es\/wp-json\/wp\/v2\/users\/1"}],"replies":[{"embeddable":true,"href":"https:\/\/www.zivautomation.com\/es\/wp-json\/wp\/v2\/comments?post=6525"}],"version-history":[{"count":17,"href":"https:\/\/www.zivautomation.com\/es\/wp-json\/wp\/v2\/pages\/6525\/revisions"}],"predecessor-version":[{"id":95064,"href":"https:\/\/www.zivautomation.com\/es\/wp-json\/wp\/v2\/pages\/6525\/revisions\/95064"}],"up":[{"embeddable":true,"href":"https:\/\/www.zivautomation.com\/es\/wp-json\/wp\/v2\/pages\/84915"}],"wp:featuredmedia":[{"embeddable":true,"href":"https:\/\/www.zivautomation.com\/es\/wp-json\/wp\/v2\/media\/70347"}],"wp:attachment":[{"href":"https:\/\/www.zivautomation.com\/es\/wp-json\/wp\/v2\/media?parent=6525"}],"wp:term":[{"taxonomy":"category","embeddable":true,"href":"https:\/\/www.zivautomation.com\/es\/wp-json\/wp\/v2\/categories?post=6525"},{"taxonomy":"post_tag","embeddable":true,"href":"https:\/\/www.zivautomation.com\/es\/wp-json\/wp\/v2\/tags?post=6525"}],"curies":[{"name":"wp","href":"https:\/\/api.w.org\/{rel}","templated":true}]}}