{"id":6523,"date":"2015-04-21T10:30:48","date_gmt":"2015-04-21T08:30:48","guid":{"rendered":"http:\/\/ziv.poselab.com\/uninterruptible-power-supply-4bcc\/"},"modified":"2022-07-25T01:17:52","modified_gmt":"2022-07-24T23:17:52","slug":"fuente-de-alimentacion-ininterrumpida-4bcc","status":"publish","type":"page","link":"https:\/\/www.zivautomation.com\/es\/productos\/metering-ami\/fuente-de-alimentacion-ininterrumpida-4bcc\/","title":{"rendered":"4BCC &#8211; Fuente de alimentaci\u00f3n ininterrumpida"},"content":{"rendered":"<div class=\"wpb-content-wrapper\"><p>[vc_row][vc_column width=&#8221;1\/3&#8243;][vc_single_image border_color=&#8221;grey&#8221; img_link_large=&#8221;yes&#8221; img_link_target=&#8221;_self&#8221; css_animation=&#8221;right-to-left&#8221; image=&#8221;5842&#8243; img_size=&#8221;medium&#8221;][\/vc_column][vc_column width=&#8221;2\/3&#8243;][vc_column_text css_animation=&#8221;right-to-left&#8221;]<\/p>\n<p><strong>El 4BCC es una fuente de alimentaci\u00f3n segura dise\u00f1ada para armarios smart grid o celdas. <\/strong><\/p>\n<p>Es adecuado para sistemas de bater\u00eda de 24 y 48 VCC (Lead-gel high\u00a0performance kits).<\/p>\n<p><strong>Caracter\u00edsticas principales<\/strong><\/p>\n<ul>\n<li>Fuente de alimentaci\u00f3n segura para armarios de smart grids o celdas completas<\/li>\n<li>Soporte para bater\u00edas de plomo \u00e1cido. Perfil de carga configurable<\/li>\n<li>Salida 48\/24 VDC<\/li>\n<li>Dos modelos diferentes: 100 W y 250 W de potencia<\/li>\n<li>Test de kit de bater\u00edas embebido<\/li>\n<li>Alto aislamiento<\/li>\n<\/ul>\n<p><strong>Relacionado<\/strong><\/p>\n<ul>\n<li><a href=\"..\/..\">Metering Solutions<\/a><\/li>\n<\/ul>\n<p>[\/vc_column_text]<p><strong>Documentaci\u00f3n<\/strong><\/p><ul>\r\n \t<li>Hoja t\u00e9cnica de producto:\u00a0<a href=\"https:\/\/www.zivautomation.com\/wp-content\/uploads\/2015\/04\/4_ziv_4bcc_data_sheet_english_rev_2.1.pdf\" target=\"_blank\">4_ZIV_4BCC_Data_Sheet_English_rev_2.1<\/a><\/li>\r\n<\/ul>[\/vc_column][\/vc_row]<\/p>\n<\/div>","protected":false},"excerpt":{"rendered":"<p> El 4BCC es una fuente de alimentaci\u00f3n segura dise\u00f1ada para armarios smart grid o celdas. Es adecuado para sistemas de bater\u00eda de 24 y 48 VCC (Lead-gel high\u00a0performance kits). Caracter\u00edsticas principales Fuente de alimentaci\u00f3n segura para armarios de smart grids o celdas completas Soporte para bater\u00edas de plomo \u00e1cido. Perfil [&hellip;]<\/p>\n","protected":false},"author":1,"featured_media":80627,"parent":84877,"menu_order":2,"comment_status":"closed","ping_status":"closed","template":"","meta":{"_acf_changed":false,"footnotes":""},"categories":[388,231,383,398],"tags":[],"class_list":["post-6523","page","type-page","status-publish","has-post-thumbnail","hentry","category-subestacion-secundaria","category-medida-y-ami-cat","category-sistemas-cat","category-fuente-de-alimentacion-ininterrumpida-cat"],"acf":[],"yoast_head":"<!-- This site is optimized with the Yoast SEO plugin v27.3 - https:\/\/yoast.com\/product\/yoast-seo-wordpress\/ -->\n<title>4BCC - Fuente de alimentaci\u00f3n ininterrumpida - ZIV<\/title>\n<meta name=\"description\" content=\"fuente de alimentaci\u00f3n ininterrumpida, para armarios smart grid o celdas. Perfil de carga configurable. 48\/24 VDC. 100 W y 250 W\" \/>\n<meta name=\"robots\" content=\"index, follow, max-snippet:-1, max-image-preview:large, max-video-preview:-1\" \/>\n<link rel=\"canonical\" href=\"https:\/\/www.zivautomation.com\/es\/productos\/metering-ami\/fuente-de-alimentacion-ininterrumpida-4bcc\/\" \/>\n<meta property=\"og:locale\" content=\"es_ES\" \/>\n<meta property=\"og:type\" content=\"article\" \/>\n<meta property=\"og:title\" content=\"4BCC - Fuente de alimentaci\u00f3n ininterrumpida - ZIV\" \/>\n<meta property=\"og:description\" content=\"fuente de alimentaci\u00f3n ininterrumpida, para armarios smart grid o celdas. Perfil de carga configurable. 48\/24 VDC. 100 W y 250 W\" \/>\n<meta property=\"og:url\" content=\"https:\/\/www.zivautomation.com\/es\/productos\/metering-ami\/fuente-de-alimentacion-ininterrumpida-4bcc\/\" \/>\n<meta property=\"og:site_name\" content=\"ZIV\" \/>\n<meta property=\"article:modified_time\" content=\"2022-07-24T23:17:52+00:00\" \/>\n<meta property=\"og:image\" content=\"https:\/\/www.zivautomation.com\/wp-content\/uploads\/2015\/04\/bcc.jpg\" \/>\n\t<meta property=\"og:image:width\" content=\"2031\" \/>\n\t<meta property=\"og:image:height\" content=\"1598\" \/>\n\t<meta property=\"og:image:type\" content=\"image\/jpeg\" \/>\n<meta name=\"twitter:card\" content=\"summary_large_image\" \/>\n<meta name=\"twitter:label1\" content=\"Tiempo de lectura\" \/>\n\t<meta name=\"twitter:data1\" content=\"1 minuto\" \/>\n<script type=\"application\/ld+json\" class=\"yoast-schema-graph\">{\"@context\":\"https:\\\/\\\/schema.org\",\"@graph\":[{\"@type\":\"WebPage\",\"@id\":\"https:\\\/\\\/www.zivautomation.com\\\/es\\\/productos\\\/metering-ami\\\/fuente-de-alimentacion-ininterrumpida-4bcc\\\/\",\"url\":\"https:\\\/\\\/www.zivautomation.com\\\/es\\\/productos\\\/metering-ami\\\/fuente-de-alimentacion-ininterrumpida-4bcc\\\/\",\"name\":\"4BCC - Fuente de alimentaci\u00f3n ininterrumpida - ZIV\",\"isPartOf\":{\"@id\":\"https:\\\/\\\/www.zivautomation.com\\\/es\\\/#website\"},\"primaryImageOfPage\":{\"@id\":\"https:\\\/\\\/www.zivautomation.com\\\/es\\\/productos\\\/metering-ami\\\/fuente-de-alimentacion-ininterrumpida-4bcc\\\/#primaryimage\"},\"image\":{\"@id\":\"https:\\\/\\\/www.zivautomation.com\\\/es\\\/productos\\\/metering-ami\\\/fuente-de-alimentacion-ininterrumpida-4bcc\\\/#primaryimage\"},\"thumbnailUrl\":\"https:\\\/\\\/www.zivautomation.com\\\/wp-content\\\/uploads\\\/2015\\\/04\\\/bcc.jpg\",\"datePublished\":\"2015-04-21T08:30:48+00:00\",\"dateModified\":\"2022-07-24T23:17:52+00:00\",\"description\":\"fuente de alimentaci\u00f3n ininterrumpida, para armarios smart grid o celdas. Perfil de carga configurable. 48\\\/24 VDC. 100 W y 250 W\",\"breadcrumb\":{\"@id\":\"https:\\\/\\\/www.zivautomation.com\\\/es\\\/productos\\\/metering-ami\\\/fuente-de-alimentacion-ininterrumpida-4bcc\\\/#breadcrumb\"},\"inLanguage\":\"es\",\"potentialAction\":[{\"@type\":\"ReadAction\",\"target\":[\"https:\\\/\\\/www.zivautomation.com\\\/es\\\/productos\\\/metering-ami\\\/fuente-de-alimentacion-ininterrumpida-4bcc\\\/\"]}]},{\"@type\":\"ImageObject\",\"inLanguage\":\"es\",\"@id\":\"https:\\\/\\\/www.zivautomation.com\\\/es\\\/productos\\\/metering-ami\\\/fuente-de-alimentacion-ininterrumpida-4bcc\\\/#primaryimage\",\"url\":\"https:\\\/\\\/www.zivautomation.com\\\/wp-content\\\/uploads\\\/2015\\\/04\\\/bcc.jpg\",\"contentUrl\":\"https:\\\/\\\/www.zivautomation.com\\\/wp-content\\\/uploads\\\/2015\\\/04\\\/bcc.jpg\",\"width\":2031,\"height\":1598},{\"@type\":\"BreadcrumbList\",\"@id\":\"https:\\\/\\\/www.zivautomation.com\\\/es\\\/productos\\\/metering-ami\\\/fuente-de-alimentacion-ininterrumpida-4bcc\\\/#breadcrumb\",\"itemListElement\":[{\"@type\":\"ListItem\",\"position\":1,\"name\":\"Home\",\"item\":\"https:\\\/\\\/www.zivautomation.com\\\/es\\\/\"},{\"@type\":\"ListItem\",\"position\":2,\"name\":\"Soluciones ZIV\",\"item\":\"https:\\\/\\\/www.zivautomation.com\\\/es\\\/productos\\\/\"},{\"@type\":\"ListItem\",\"position\":3,\"name\":\"Medida y AMI\",\"item\":\"https:\\\/\\\/www.zivautomation.com\\\/es\\\/productos\\\/metering-ami\\\/\"},{\"@type\":\"ListItem\",\"position\":4,\"name\":\"4BCC &#8211; Fuente de alimentaci\u00f3n ininterrumpida\"}]},{\"@type\":\"WebSite\",\"@id\":\"https:\\\/\\\/www.zivautomation.com\\\/es\\\/#website\",\"url\":\"https:\\\/\\\/www.zivautomation.com\\\/es\\\/\",\"name\":\"ZIV\",\"description\":\"Haciendo realidad la Red del Futuro\",\"publisher\":{\"@id\":\"https:\\\/\\\/www.zivautomation.com\\\/es\\\/#organization\"},\"potentialAction\":[{\"@type\":\"SearchAction\",\"target\":{\"@type\":\"EntryPoint\",\"urlTemplate\":\"https:\\\/\\\/www.zivautomation.com\\\/es\\\/?s={search_term_string}\"},\"query-input\":{\"@type\":\"PropertyValueSpecification\",\"valueRequired\":true,\"valueName\":\"search_term_string\"}}],\"inLanguage\":\"es\"},{\"@type\":\"Organization\",\"@id\":\"https:\\\/\\\/www.zivautomation.com\\\/es\\\/#organization\",\"name\":\"ZIV\",\"url\":\"https:\\\/\\\/www.zivautomation.com\\\/es\\\/\",\"logo\":{\"@type\":\"ImageObject\",\"inLanguage\":\"es\",\"@id\":\"https:\\\/\\\/www.zivautomation.com\\\/es\\\/#\\\/schema\\\/logo\\\/image\\\/\",\"url\":\"https:\\\/\\\/www.zivautomation.com\\\/wp-content\\\/uploads\\\/2016\\\/10\\\/ziv_solo_cmyk_hr.jpg\",\"contentUrl\":\"https:\\\/\\\/www.zivautomation.com\\\/wp-content\\\/uploads\\\/2016\\\/10\\\/ziv_solo_cmyk_hr.jpg\",\"width\":7078,\"height\":2234,\"caption\":\"ZIV\"},\"image\":{\"@id\":\"https:\\\/\\\/www.zivautomation.com\\\/es\\\/#\\\/schema\\\/logo\\\/image\\\/\"}}]}<\/script>\n<!-- \/ Yoast SEO plugin. -->","yoast_head_json":{"title":"4BCC - Fuente de alimentaci\u00f3n ininterrumpida - ZIV","description":"fuente de alimentaci\u00f3n ininterrumpida, para armarios smart grid o celdas. Perfil de carga configurable. 48\/24 VDC. 100 W y 250 W","robots":{"index":"index","follow":"follow","max-snippet":"max-snippet:-1","max-image-preview":"max-image-preview:large","max-video-preview":"max-video-preview:-1"},"canonical":"https:\/\/www.zivautomation.com\/es\/productos\/metering-ami\/fuente-de-alimentacion-ininterrumpida-4bcc\/","og_locale":"es_ES","og_type":"article","og_title":"4BCC - Fuente de alimentaci\u00f3n ininterrumpida - ZIV","og_description":"fuente de alimentaci\u00f3n ininterrumpida, para armarios smart grid o celdas. Perfil de carga configurable. 48\/24 VDC. 100 W y 250 W","og_url":"https:\/\/www.zivautomation.com\/es\/productos\/metering-ami\/fuente-de-alimentacion-ininterrumpida-4bcc\/","og_site_name":"ZIV","article_modified_time":"2022-07-24T23:17:52+00:00","og_image":[{"width":2031,"height":1598,"url":"https:\/\/www.zivautomation.com\/wp-content\/uploads\/2015\/04\/bcc.jpg","type":"image\/jpeg"}],"twitter_card":"summary_large_image","twitter_misc":{"Tiempo de lectura":"1 minuto"},"schema":{"@context":"https:\/\/schema.org","@graph":[{"@type":"WebPage","@id":"https:\/\/www.zivautomation.com\/es\/productos\/metering-ami\/fuente-de-alimentacion-ininterrumpida-4bcc\/","url":"https:\/\/www.zivautomation.com\/es\/productos\/metering-ami\/fuente-de-alimentacion-ininterrumpida-4bcc\/","name":"4BCC - Fuente de alimentaci\u00f3n ininterrumpida - ZIV","isPartOf":{"@id":"https:\/\/www.zivautomation.com\/es\/#website"},"primaryImageOfPage":{"@id":"https:\/\/www.zivautomation.com\/es\/productos\/metering-ami\/fuente-de-alimentacion-ininterrumpida-4bcc\/#primaryimage"},"image":{"@id":"https:\/\/www.zivautomation.com\/es\/productos\/metering-ami\/fuente-de-alimentacion-ininterrumpida-4bcc\/#primaryimage"},"thumbnailUrl":"https:\/\/www.zivautomation.com\/wp-content\/uploads\/2015\/04\/bcc.jpg","datePublished":"2015-04-21T08:30:48+00:00","dateModified":"2022-07-24T23:17:52+00:00","description":"fuente de alimentaci\u00f3n ininterrumpida, para armarios smart grid o celdas. Perfil de carga configurable. 48\/24 VDC. 100 W y 250 W","breadcrumb":{"@id":"https:\/\/www.zivautomation.com\/es\/productos\/metering-ami\/fuente-de-alimentacion-ininterrumpida-4bcc\/#breadcrumb"},"inLanguage":"es","potentialAction":[{"@type":"ReadAction","target":["https:\/\/www.zivautomation.com\/es\/productos\/metering-ami\/fuente-de-alimentacion-ininterrumpida-4bcc\/"]}]},{"@type":"ImageObject","inLanguage":"es","@id":"https:\/\/www.zivautomation.com\/es\/productos\/metering-ami\/fuente-de-alimentacion-ininterrumpida-4bcc\/#primaryimage","url":"https:\/\/www.zivautomation.com\/wp-content\/uploads\/2015\/04\/bcc.jpg","contentUrl":"https:\/\/www.zivautomation.com\/wp-content\/uploads\/2015\/04\/bcc.jpg","width":2031,"height":1598},{"@type":"BreadcrumbList","@id":"https:\/\/www.zivautomation.com\/es\/productos\/metering-ami\/fuente-de-alimentacion-ininterrumpida-4bcc\/#breadcrumb","itemListElement":[{"@type":"ListItem","position":1,"name":"Home","item":"https:\/\/www.zivautomation.com\/es\/"},{"@type":"ListItem","position":2,"name":"Soluciones ZIV","item":"https:\/\/www.zivautomation.com\/es\/productos\/"},{"@type":"ListItem","position":3,"name":"Medida y AMI","item":"https:\/\/www.zivautomation.com\/es\/productos\/metering-ami\/"},{"@type":"ListItem","position":4,"name":"4BCC &#8211; Fuente de alimentaci\u00f3n ininterrumpida"}]},{"@type":"WebSite","@id":"https:\/\/www.zivautomation.com\/es\/#website","url":"https:\/\/www.zivautomation.com\/es\/","name":"ZIV","description":"Haciendo realidad la Red del Futuro","publisher":{"@id":"https:\/\/www.zivautomation.com\/es\/#organization"},"potentialAction":[{"@type":"SearchAction","target":{"@type":"EntryPoint","urlTemplate":"https:\/\/www.zivautomation.com\/es\/?s={search_term_string}"},"query-input":{"@type":"PropertyValueSpecification","valueRequired":true,"valueName":"search_term_string"}}],"inLanguage":"es"},{"@type":"Organization","@id":"https:\/\/www.zivautomation.com\/es\/#organization","name":"ZIV","url":"https:\/\/www.zivautomation.com\/es\/","logo":{"@type":"ImageObject","inLanguage":"es","@id":"https:\/\/www.zivautomation.com\/es\/#\/schema\/logo\/image\/","url":"https:\/\/www.zivautomation.com\/wp-content\/uploads\/2016\/10\/ziv_solo_cmyk_hr.jpg","contentUrl":"https:\/\/www.zivautomation.com\/wp-content\/uploads\/2016\/10\/ziv_solo_cmyk_hr.jpg","width":7078,"height":2234,"caption":"ZIV"},"image":{"@id":"https:\/\/www.zivautomation.com\/es\/#\/schema\/logo\/image\/"}}]}},"_links":{"self":[{"href":"https:\/\/www.zivautomation.com\/es\/wp-json\/wp\/v2\/pages\/6523","targetHints":{"allow":["GET"]}}],"collection":[{"href":"https:\/\/www.zivautomation.com\/es\/wp-json\/wp\/v2\/pages"}],"about":[{"href":"https:\/\/www.zivautomation.com\/es\/wp-json\/wp\/v2\/types\/page"}],"author":[{"embeddable":true,"href":"https:\/\/www.zivautomation.com\/es\/wp-json\/wp\/v2\/users\/1"}],"replies":[{"embeddable":true,"href":"https:\/\/www.zivautomation.com\/es\/wp-json\/wp\/v2\/comments?post=6523"}],"version-history":[{"count":4,"href":"https:\/\/www.zivautomation.com\/es\/wp-json\/wp\/v2\/pages\/6523\/revisions"}],"predecessor-version":[{"id":85410,"href":"https:\/\/www.zivautomation.com\/es\/wp-json\/wp\/v2\/pages\/6523\/revisions\/85410"}],"up":[{"embeddable":true,"href":"https:\/\/www.zivautomation.com\/es\/wp-json\/wp\/v2\/pages\/84877"}],"wp:featuredmedia":[{"embeddable":true,"href":"https:\/\/www.zivautomation.com\/es\/wp-json\/wp\/v2\/media\/80627"}],"wp:attachment":[{"href":"https:\/\/www.zivautomation.com\/es\/wp-json\/wp\/v2\/media?parent=6523"}],"wp:term":[{"taxonomy":"category","embeddable":true,"href":"https:\/\/www.zivautomation.com\/es\/wp-json\/wp\/v2\/categories?post=6523"},{"taxonomy":"post_tag","embeddable":true,"href":"https:\/\/www.zivautomation.com\/es\/wp-json\/wp\/v2\/tags?post=6523"}],"curies":[{"name":"wp","href":"https:\/\/api.w.org\/{rel}","templated":true}]}}