{"id":6517,"date":"2015-04-21T23:49:35","date_gmt":"2015-04-21T23:49:35","guid":{"rendered":"http:\/\/ziv.poselab.com\/media-relations\/"},"modified":"2021-05-09T20:49:54","modified_gmt":"2021-05-09T20:49:54","slug":"relaciones-con-los-medios","status":"publish","type":"page","link":"https:\/\/www.zivautomation.com\/es\/noticias-y-eventos\/relaciones-con-los-medios\/","title":{"rendered":"Relaciones con los Medios"},"content":{"rendered":"<div class=\"wpb-content-wrapper\"><p>[vc_row][vc_column][vc_column_text]<\/p>\n<p class=\"p1\"><span class=\"s1\">Trabajamos con compa\u00f1\u00edas el\u00e9ctricas de todo el mundo aportando soluciones para la automatizaci\u00f3n de redes el\u00e9ctricas de baja, media y alta tensi\u00f3n en pro de un sistema el\u00e9ctrico sostenible y m\u00e1s inteligente. <\/span><\/p>\n<p class=\"p1\"><span class=\"s1\">Participamos en las principales ferias y conferencias del sector, as\u00ed como en los foros t\u00e9cnicos para compartir nuestra experiencia y punto de vista sobre el futuro de las redes de transmisi\u00f3n y distribuci\u00f3n de energ\u00eda. <\/span><\/p>\n<p class=\"p1\"><span class=\"s1\">Si desea cualquier informaci\u00f3n, no dude en contactar con nosotros.<\/span><\/p>\n<p class=\"p1\"><span class=\"s1\">Atentamente<\/span><\/p>\n<p>&nbsp;<\/p>\n<p class=\"p1\">Itziar Lasaosa Torrontegi<\/p>\n<p class=\"p4\"><span class=\"s1\">ZIV\u00a0Communications Manager<br \/>\n<\/span>Phone: +34 94 4522003<br \/>\n<a href=\"https:\/\/www.zivautomation.com\/es\/contacto\/\">Contacto<\/a><\/p>\n<p class=\"p1\"><span class=\"s1\"><b>Logo:\u00a0 <a target=\"_blank\" href=\"https:\/\/www.zivautomation.com\/wp-content\/uploads\/2015\/04\/ziv_logo.zip\">ZIV_logo<\/a><\/b><\/span><\/p>\n<p class=\"p1\">Libro corporativo: \u00a0<a target=\"_blank\" class=\"icon-lock\" href=\"https:\/\/www.zivautomation.com\/es\/access\/acceso\/\">Cat\u00e1logo Corporativo<\/a><\/p>\n<p>[\/vc_column_text][\/vc_column][\/vc_row]<\/p>\n<\/div>","protected":false},"excerpt":{"rendered":"<p> Trabajamos con compa\u00f1\u00edas el\u00e9ctricas de todo el mundo aportando soluciones para la automatizaci\u00f3n de redes el\u00e9ctricas de baja, media y alta tensi\u00f3n en pro de un sistema el\u00e9ctrico sostenible y m\u00e1s inteligente. Participamos en las principales ferias y conferencias del sector, as\u00ed como en los foros t\u00e9cnicos para compartir nuestra experiencia y punto de vista sobre el futuro de [&hellip;]<\/p>\n","protected":false},"author":1,"featured_media":0,"parent":6581,"menu_order":276,"comment_status":"closed","ping_status":"closed","template":"","meta":{"_acf_changed":false,"footnotes":""},"categories":[],"tags":[],"class_list":["post-6517","page","type-page","status-publish","hentry"],"acf":[],"yoast_head":"<!-- This site is optimized with the Yoast SEO plugin v27.4 - https:\/\/yoast.com\/product\/yoast-seo-wordpress\/ -->\n<title>Relaciones con los Medios - ZIV<\/title>\n<meta name=\"robots\" content=\"index, follow, max-snippet:-1, max-image-preview:large, max-video-preview:-1\" \/>\n<link rel=\"canonical\" href=\"https:\/\/www.zivautomation.com\/es\/noticias-y-eventos\/relaciones-con-los-medios\/\" \/>\n<meta property=\"og:locale\" content=\"es_ES\" \/>\n<meta property=\"og:type\" content=\"article\" \/>\n<meta property=\"og:title\" content=\"Relaciones con los Medios - ZIV\" \/>\n<meta property=\"og:description\" content=\"[vc_row][vc_column][vc_column_text] Trabajamos con compa\u00f1\u00edas el\u00e9ctricas de todo el mundo aportando soluciones para la automatizaci\u00f3n de redes el\u00e9ctricas de baja, media y alta tensi\u00f3n en pro de un sistema el\u00e9ctrico sostenible y m\u00e1s inteligente. Participamos en las principales ferias y conferencias del sector, as\u00ed como en los foros t\u00e9cnicos para compartir nuestra experiencia y punto de vista sobre el futuro de [&hellip;]\" \/>\n<meta property=\"og:url\" content=\"https:\/\/www.zivautomation.com\/es\/noticias-y-eventos\/relaciones-con-los-medios\/\" \/>\n<meta property=\"og:site_name\" content=\"ZIV\" \/>\n<meta property=\"article:modified_time\" content=\"2021-05-09T20:49:54+00:00\" \/>\n<meta name=\"twitter:card\" content=\"summary_large_image\" \/>\n<meta name=\"twitter:label1\" content=\"Tiempo de lectura\" \/>\n\t<meta name=\"twitter:data1\" content=\"1 minuto\" \/>\n<script type=\"application\/ld+json\" class=\"yoast-schema-graph\">{\"@context\":\"https:\\\/\\\/schema.org\",\"@graph\":[{\"@type\":\"WebPage\",\"@id\":\"https:\\\/\\\/www.zivautomation.com\\\/es\\\/noticias-y-eventos\\\/relaciones-con-los-medios\\\/\",\"url\":\"https:\\\/\\\/www.zivautomation.com\\\/es\\\/noticias-y-eventos\\\/relaciones-con-los-medios\\\/\",\"name\":\"Relaciones con los Medios - ZIV\",\"isPartOf\":{\"@id\":\"https:\\\/\\\/www.zivautomation.com\\\/es\\\/#website\"},\"datePublished\":\"2015-04-21T23:49:35+00:00\",\"dateModified\":\"2021-05-09T20:49:54+00:00\",\"breadcrumb\":{\"@id\":\"https:\\\/\\\/www.zivautomation.com\\\/es\\\/noticias-y-eventos\\\/relaciones-con-los-medios\\\/#breadcrumb\"},\"inLanguage\":\"es\",\"potentialAction\":[{\"@type\":\"ReadAction\",\"target\":[\"https:\\\/\\\/www.zivautomation.com\\\/es\\\/noticias-y-eventos\\\/relaciones-con-los-medios\\\/\"]}]},{\"@type\":\"BreadcrumbList\",\"@id\":\"https:\\\/\\\/www.zivautomation.com\\\/es\\\/noticias-y-eventos\\\/relaciones-con-los-medios\\\/#breadcrumb\",\"itemListElement\":[{\"@type\":\"ListItem\",\"position\":1,\"name\":\"Home\",\"item\":\"https:\\\/\\\/www.zivautomation.com\\\/es\\\/\"},{\"@type\":\"ListItem\",\"position\":2,\"name\":\"Noticias\",\"item\":\"https:\\\/\\\/www.zivautomation.com\\\/es\\\/news-and-events\\\/\"},{\"@type\":\"ListItem\",\"position\":3,\"name\":\"Relaciones con los Medios\"}]},{\"@type\":\"WebSite\",\"@id\":\"https:\\\/\\\/www.zivautomation.com\\\/es\\\/#website\",\"url\":\"https:\\\/\\\/www.zivautomation.com\\\/es\\\/\",\"name\":\"ZIV\",\"description\":\"Haciendo realidad la Red del Futuro\",\"publisher\":{\"@id\":\"https:\\\/\\\/www.zivautomation.com\\\/es\\\/#organization\"},\"potentialAction\":[{\"@type\":\"SearchAction\",\"target\":{\"@type\":\"EntryPoint\",\"urlTemplate\":\"https:\\\/\\\/www.zivautomation.com\\\/es\\\/?s={search_term_string}\"},\"query-input\":{\"@type\":\"PropertyValueSpecification\",\"valueRequired\":true,\"valueName\":\"search_term_string\"}}],\"inLanguage\":\"es\"},{\"@type\":\"Organization\",\"@id\":\"https:\\\/\\\/www.zivautomation.com\\\/es\\\/#organization\",\"name\":\"ZIV\",\"url\":\"https:\\\/\\\/www.zivautomation.com\\\/es\\\/\",\"logo\":{\"@type\":\"ImageObject\",\"inLanguage\":\"es\",\"@id\":\"https:\\\/\\\/www.zivautomation.com\\\/es\\\/#\\\/schema\\\/logo\\\/image\\\/\",\"url\":\"https:\\\/\\\/www.zivautomation.com\\\/wp-content\\\/uploads\\\/2016\\\/10\\\/ziv_solo_cmyk_hr.jpg\",\"contentUrl\":\"https:\\\/\\\/www.zivautomation.com\\\/wp-content\\\/uploads\\\/2016\\\/10\\\/ziv_solo_cmyk_hr.jpg\",\"width\":7078,\"height\":2234,\"caption\":\"ZIV\"},\"image\":{\"@id\":\"https:\\\/\\\/www.zivautomation.com\\\/es\\\/#\\\/schema\\\/logo\\\/image\\\/\"}}]}<\/script>\n<!-- \/ Yoast SEO plugin. -->","yoast_head_json":{"title":"Relaciones con los Medios - ZIV","robots":{"index":"index","follow":"follow","max-snippet":"max-snippet:-1","max-image-preview":"max-image-preview:large","max-video-preview":"max-video-preview:-1"},"canonical":"https:\/\/www.zivautomation.com\/es\/noticias-y-eventos\/relaciones-con-los-medios\/","og_locale":"es_ES","og_type":"article","og_title":"Relaciones con los Medios - ZIV","og_description":"[vc_row][vc_column][vc_column_text] Trabajamos con compa\u00f1\u00edas el\u00e9ctricas de todo el mundo aportando soluciones para la automatizaci\u00f3n de redes el\u00e9ctricas de baja, media y alta tensi\u00f3n en pro de un sistema el\u00e9ctrico sostenible y m\u00e1s inteligente. Participamos en las principales ferias y conferencias del sector, as\u00ed como en los foros t\u00e9cnicos para compartir nuestra experiencia y punto de vista sobre el futuro de [&hellip;]","og_url":"https:\/\/www.zivautomation.com\/es\/noticias-y-eventos\/relaciones-con-los-medios\/","og_site_name":"ZIV","article_modified_time":"2021-05-09T20:49:54+00:00","twitter_card":"summary_large_image","twitter_misc":{"Tiempo de lectura":"1 minuto"},"schema":{"@context":"https:\/\/schema.org","@graph":[{"@type":"WebPage","@id":"https:\/\/www.zivautomation.com\/es\/noticias-y-eventos\/relaciones-con-los-medios\/","url":"https:\/\/www.zivautomation.com\/es\/noticias-y-eventos\/relaciones-con-los-medios\/","name":"Relaciones con los Medios - ZIV","isPartOf":{"@id":"https:\/\/www.zivautomation.com\/es\/#website"},"datePublished":"2015-04-21T23:49:35+00:00","dateModified":"2021-05-09T20:49:54+00:00","breadcrumb":{"@id":"https:\/\/www.zivautomation.com\/es\/noticias-y-eventos\/relaciones-con-los-medios\/#breadcrumb"},"inLanguage":"es","potentialAction":[{"@type":"ReadAction","target":["https:\/\/www.zivautomation.com\/es\/noticias-y-eventos\/relaciones-con-los-medios\/"]}]},{"@type":"BreadcrumbList","@id":"https:\/\/www.zivautomation.com\/es\/noticias-y-eventos\/relaciones-con-los-medios\/#breadcrumb","itemListElement":[{"@type":"ListItem","position":1,"name":"Home","item":"https:\/\/www.zivautomation.com\/es\/"},{"@type":"ListItem","position":2,"name":"Noticias","item":"https:\/\/www.zivautomation.com\/es\/news-and-events\/"},{"@type":"ListItem","position":3,"name":"Relaciones con los Medios"}]},{"@type":"WebSite","@id":"https:\/\/www.zivautomation.com\/es\/#website","url":"https:\/\/www.zivautomation.com\/es\/","name":"ZIV","description":"Haciendo realidad la Red del Futuro","publisher":{"@id":"https:\/\/www.zivautomation.com\/es\/#organization"},"potentialAction":[{"@type":"SearchAction","target":{"@type":"EntryPoint","urlTemplate":"https:\/\/www.zivautomation.com\/es\/?s={search_term_string}"},"query-input":{"@type":"PropertyValueSpecification","valueRequired":true,"valueName":"search_term_string"}}],"inLanguage":"es"},{"@type":"Organization","@id":"https:\/\/www.zivautomation.com\/es\/#organization","name":"ZIV","url":"https:\/\/www.zivautomation.com\/es\/","logo":{"@type":"ImageObject","inLanguage":"es","@id":"https:\/\/www.zivautomation.com\/es\/#\/schema\/logo\/image\/","url":"https:\/\/www.zivautomation.com\/wp-content\/uploads\/2016\/10\/ziv_solo_cmyk_hr.jpg","contentUrl":"https:\/\/www.zivautomation.com\/wp-content\/uploads\/2016\/10\/ziv_solo_cmyk_hr.jpg","width":7078,"height":2234,"caption":"ZIV"},"image":{"@id":"https:\/\/www.zivautomation.com\/es\/#\/schema\/logo\/image\/"}}]}},"_links":{"self":[{"href":"https:\/\/www.zivautomation.com\/es\/wp-json\/wp\/v2\/pages\/6517","targetHints":{"allow":["GET"]}}],"collection":[{"href":"https:\/\/www.zivautomation.com\/es\/wp-json\/wp\/v2\/pages"}],"about":[{"href":"https:\/\/www.zivautomation.com\/es\/wp-json\/wp\/v2\/types\/page"}],"author":[{"embeddable":true,"href":"https:\/\/www.zivautomation.com\/es\/wp-json\/wp\/v2\/users\/1"}],"replies":[{"embeddable":true,"href":"https:\/\/www.zivautomation.com\/es\/wp-json\/wp\/v2\/comments?post=6517"}],"version-history":[{"count":3,"href":"https:\/\/www.zivautomation.com\/es\/wp-json\/wp\/v2\/pages\/6517\/revisions"}],"predecessor-version":[{"id":79416,"href":"https:\/\/www.zivautomation.com\/es\/wp-json\/wp\/v2\/pages\/6517\/revisions\/79416"}],"up":[{"embeddable":true,"href":"https:\/\/www.zivautomation.com\/es\/wp-json\/wp\/v2\/pages\/6581"}],"wp:attachment":[{"href":"https:\/\/www.zivautomation.com\/es\/wp-json\/wp\/v2\/media?parent=6517"}],"wp:term":[{"taxonomy":"category","embeddable":true,"href":"https:\/\/www.zivautomation.com\/es\/wp-json\/wp\/v2\/categories?post=6517"},{"taxonomy":"post_tag","embeddable":true,"href":"https:\/\/www.zivautomation.com\/es\/wp-json\/wp\/v2\/tags?post=6517"}],"curies":[{"name":"wp","href":"https:\/\/api.w.org\/{rel}","templated":true}]}}