{"id":6497,"date":"2015-06-23T14:24:50","date_gmt":"2015-06-23T12:24:50","guid":{"rendered":"http:\/\/ziv.poselab.com\/opu-1-universal-terminal\/"},"modified":"2022-07-24T23:55:51","modified_gmt":"2022-07-24T21:55:51","slug":"opu-1-terminal-universal","status":"publish","type":"page","link":"https:\/\/www.zivautomation.com\/es\/productos\/comunicaciones\/opu-1-terminal-universal\/","title":{"rendered":"OPU-1 &#8211; Terminal de Onda Portadora para l\u00edneas de Alta Tensi\u00f3n"},"content":{"rendered":"<div class=\"wpb-content-wrapper\"><p>[vc_row][vc_column width=&#8221;1\/3&#8243;][vc_single_image border_color=&#8221;grey&#8221; img_link_large=&#8221;yes&#8221; img_link_target=&#8221;_self&#8221; css_animation=&#8221;right-to-left&#8221; img_size=&#8221;medium&#8221; image=&#8221;5946&#8243;][\/vc_column][vc_column width=&#8221;2\/3&#8243;][vc_column_text css_animation=&#8221;right-to-left&#8221;]<\/p>\n<h1>Terminal de Onda Portadora Universal para l\u00edneas de Alta Tensi\u00f3n concebido para transmitir canales anal\u00f3gicos y digitales simult\u00e1neamente junto con se\u00f1ales de teleprotecci\u00f3n, ofreciendo distintas posibilidades de transmisi\u00f3n para las mismas.<\/h1>\n<p>Para la transmisi\u00f3n de los canales digitales, dispone de dos esquemas de modulaci\u00f3n (QAM y OFDM).<\/p>\n<h4>Caracter\u00edsticas principales<\/h4>\n<ul>\n<li>Cumple con los est\u00e1ndares CEI 60495 y CEI TS 61000-6-5.<\/li>\n<li>Rango de frecuencias de 36 kHz a 512 kHz \u00f3 de 30 kHz a 1016 kHz.<\/li>\n<li>1 o 2 canales normalizados de 4 kHz en cada sentido de transmisi\u00f3n m\u00e1s una gran variedad de opciones anal\u00f3gicas integrables.<\/li>\n<li>Canal digital completamente configurable en relaci\u00f3n al ancho de banda (4 a 32 kHz), esquema de modulaci\u00f3n (QAM u OFDM), y velocidad de transmisi\u00f3n (hasta 324 kbit\/s).<\/li>\n<li>Las se\u00f1ales de teleprotecci\u00f3n pueden transmitirse a trav\u00e9s de una banda anal\u00f3gica de 4 kHz, 2,5 kHz \u00f3 2 kHz dedicada o integrarse en la banda de operaci\u00f3n digital (formato tonos).<\/li>\n<li>PEP de 20 W, 40 W u 80 W, compartida entre los canales anal\u00f3gicos y digitales.<\/li>\n<li>Panel compacto de 19&#8243;\/9 U para 20 W y 40 W.<\/li>\n<li>Panel extra de 19&#8243;\/3 U para 80 W o filtro de l\u00ednea adicional para aplicaciones Teed-line (conexi\u00f3n entre 3 emplazamientos).<\/li>\n<li>Agente SNMP.<\/li>\n<li>Sistema de Gesti\u00f3n Web con interfaz LAN.<\/li>\n<li>Alimentaci\u00f3n redundante (opcional).<\/li>\n<li>Conexionado exterior a trav\u00e9s de bloques de bornes enchufables o de fondo armario.<\/li>\n<\/ul>\n<h4><\/h4>\n<p>[\/vc_column_text]<p><strong>Documentaci\u00f3n<\/strong><\/p><ul>\r\n \t<li class=\"p1\"><span class=\"s1\">Manual de Instrucciones: <a target=\"_blank\" href=\"https:\/\/www.zivautomation.com\/wp-content\/uploads\/2019\/06\/mgopua2104ev08_opu-1r_descripcion_general_r8-c-1.pdf\">MGOPUA2104Ev08_OPU-1R_Descripci\u00f3n_General_r8-C (1)<\/a>\u00a0<\/span><strong>- rev 06.2021<\/strong><\/li>\r\n \t<li class=\"p1\">Hoja de Producto:\u00a0 \u00a0 \u00a0 \u00a0 \u00a0 \u00a0 \u00a0 <a target=\"_blank\" href=\"https:\/\/www.zivautomation.com\/wp-content\/uploads\/2020\/03\/ziv_opu-1_castellano_rev_6.3.pdf\">ZIV_OPU-1_Castellano_rev_6.3<\/a><\/li>\r\n \t<li class=\"p1\">Cat\u00e1logo de Producto:\u00a0 \u00a0<a target=\"_blank\" href=\"https:\/\/www.zivautomation.com\/wp-content\/uploads\/2021\/06\/ziv_op_y_tp_castellano_rev_2.5.pdf\">ZIV_OP_y_TP_Castellano_rev_2.5<\/a> (ES)<\/li>\r\n<\/ul>[\/vc_column][\/vc_row]<\/p>\n<\/div>","protected":false},"excerpt":{"rendered":"<p> Terminal de Onda Portadora Universal para l\u00edneas de Alta Tensi\u00f3n concebido para transmitir canales anal\u00f3gicos y digitales simult\u00e1neamente junto con se\u00f1ales de teleprotecci\u00f3n, ofreciendo distintas posibilidades de transmisi\u00f3n para las mismas. Para la transmisi\u00f3n de los canales digitales, dispone de dos esquemas de modulaci\u00f3n (QAM y OFDM). Caracter\u00edsticas principales Cumple [&hellip;]<\/p>\n","protected":false},"author":1,"featured_media":70908,"parent":84941,"menu_order":132,"comment_status":"closed","ping_status":"closed","template":"","meta":{"_acf_changed":false,"footnotes":""},"categories":[208,433,440,441,240],"tags":[],"class_list":["post-6497","page","type-page","status-publish","has-post-thumbnail","hentry","category-comunicaciones-cat","category-telecomunicaciones-at-cat","category-subestacion-primaria-cat","category-transmision-cat","category-sistemas-portadores-de-lineas-electricas-cat"],"acf":[],"yoast_head":"<!-- This site is optimized with the Yoast SEO plugin v27.4 - https:\/\/yoast.com\/product\/yoast-seo-wordpress\/ -->\n<title>OPU-1 - Terminal de Onda Portadora para l\u00edneas de Alta Tensi\u00f3n - ZIV<\/title>\n<meta name=\"description\" content=\"Terminal de OP Universal para l\u00edneas de alta tensi\u00f3n (canales anal\u00f3gicos y digitales simult\u00e1neamente junto con se\u00f1ales de teleprotecci\u00f3n ZIV DIMAT)\" \/>\n<meta name=\"robots\" content=\"index, follow, max-snippet:-1, max-image-preview:large, max-video-preview:-1\" \/>\n<link rel=\"canonical\" href=\"https:\/\/www.zivautomation.com\/es\/productos\/comunicaciones\/opu-1-terminal-universal\/\" \/>\n<meta property=\"og:locale\" content=\"es_ES\" \/>\n<meta property=\"og:type\" content=\"article\" \/>\n<meta property=\"og:title\" content=\"OPU-1 - Terminal de Onda Portadora para l\u00edneas de Alta Tensi\u00f3n - ZIV\" \/>\n<meta property=\"og:description\" content=\"Terminal de OP Universal para l\u00edneas de alta tensi\u00f3n (canales anal\u00f3gicos y digitales simult\u00e1neamente junto con se\u00f1ales de teleprotecci\u00f3n ZIV DIMAT)\" \/>\n<meta property=\"og:url\" content=\"https:\/\/www.zivautomation.com\/es\/productos\/comunicaciones\/opu-1-terminal-universal\/\" \/>\n<meta property=\"og:site_name\" content=\"ZIV\" \/>\n<meta property=\"article:modified_time\" content=\"2022-07-24T21:55:51+00:00\" \/>\n<meta property=\"og:image\" content=\"https:\/\/www.zivautomation.com\/wp-content\/uploads\/2019\/06\/opu-ziv-power-line-carrier-system.png\" \/>\n\t<meta property=\"og:image:width\" content=\"800\" \/>\n\t<meta property=\"og:image:height\" content=\"400\" \/>\n\t<meta property=\"og:image:type\" content=\"image\/png\" \/>\n<meta name=\"twitter:card\" content=\"summary_large_image\" \/>\n<meta name=\"twitter:label1\" content=\"Tiempo de lectura\" \/>\n\t<meta name=\"twitter:data1\" content=\"2 minutos\" \/>\n<script type=\"application\/ld+json\" class=\"yoast-schema-graph\">{\"@context\":\"https:\\\/\\\/schema.org\",\"@graph\":[{\"@type\":\"WebPage\",\"@id\":\"https:\\\/\\\/www.zivautomation.com\\\/es\\\/productos\\\/comunicaciones\\\/opu-1-terminal-universal\\\/\",\"url\":\"https:\\\/\\\/www.zivautomation.com\\\/es\\\/productos\\\/comunicaciones\\\/opu-1-terminal-universal\\\/\",\"name\":\"OPU-1 - Terminal de Onda Portadora para l\u00edneas de Alta Tensi\u00f3n - ZIV\",\"isPartOf\":{\"@id\":\"https:\\\/\\\/www.zivautomation.com\\\/es\\\/#website\"},\"primaryImageOfPage\":{\"@id\":\"https:\\\/\\\/www.zivautomation.com\\\/es\\\/productos\\\/comunicaciones\\\/opu-1-terminal-universal\\\/#primaryimage\"},\"image\":{\"@id\":\"https:\\\/\\\/www.zivautomation.com\\\/es\\\/productos\\\/comunicaciones\\\/opu-1-terminal-universal\\\/#primaryimage\"},\"thumbnailUrl\":\"https:\\\/\\\/www.zivautomation.com\\\/wp-content\\\/uploads\\\/2019\\\/06\\\/opu-ziv-power-line-carrier-system.png\",\"datePublished\":\"2015-06-23T12:24:50+00:00\",\"dateModified\":\"2022-07-24T21:55:51+00:00\",\"description\":\"Terminal de OP Universal para l\u00edneas de alta tensi\u00f3n (canales anal\u00f3gicos y digitales simult\u00e1neamente junto con se\u00f1ales de teleprotecci\u00f3n ZIV DIMAT)\",\"breadcrumb\":{\"@id\":\"https:\\\/\\\/www.zivautomation.com\\\/es\\\/productos\\\/comunicaciones\\\/opu-1-terminal-universal\\\/#breadcrumb\"},\"inLanguage\":\"es\",\"potentialAction\":[{\"@type\":\"ReadAction\",\"target\":[\"https:\\\/\\\/www.zivautomation.com\\\/es\\\/productos\\\/comunicaciones\\\/opu-1-terminal-universal\\\/\"]}]},{\"@type\":\"ImageObject\",\"inLanguage\":\"es\",\"@id\":\"https:\\\/\\\/www.zivautomation.com\\\/es\\\/productos\\\/comunicaciones\\\/opu-1-terminal-universal\\\/#primaryimage\",\"url\":\"https:\\\/\\\/www.zivautomation.com\\\/wp-content\\\/uploads\\\/2019\\\/06\\\/opu-ziv-power-line-carrier-system.png\",\"contentUrl\":\"https:\\\/\\\/www.zivautomation.com\\\/wp-content\\\/uploads\\\/2019\\\/06\\\/opu-ziv-power-line-carrier-system.png\",\"width\":800,\"height\":400,\"caption\":\"OPU ZIV POWER LINE CARRIER SYSTEM\"},{\"@type\":\"BreadcrumbList\",\"@id\":\"https:\\\/\\\/www.zivautomation.com\\\/es\\\/productos\\\/comunicaciones\\\/opu-1-terminal-universal\\\/#breadcrumb\",\"itemListElement\":[{\"@type\":\"ListItem\",\"position\":1,\"name\":\"Home\",\"item\":\"https:\\\/\\\/www.zivautomation.com\\\/es\\\/\"},{\"@type\":\"ListItem\",\"position\":2,\"name\":\"Soluciones ZIV\",\"item\":\"https:\\\/\\\/www.zivautomation.com\\\/es\\\/productos\\\/\"},{\"@type\":\"ListItem\",\"position\":3,\"name\":\"Comunicaciones\",\"item\":\"https:\\\/\\\/www.zivautomation.com\\\/es\\\/productos\\\/comunicaciones\\\/\"},{\"@type\":\"ListItem\",\"position\":4,\"name\":\"OPU-1 &#8211; Terminal de Onda Portadora para l\u00edneas de Alta Tensi\u00f3n\"}]},{\"@type\":\"WebSite\",\"@id\":\"https:\\\/\\\/www.zivautomation.com\\\/es\\\/#website\",\"url\":\"https:\\\/\\\/www.zivautomation.com\\\/es\\\/\",\"name\":\"ZIV\",\"description\":\"Haciendo realidad la Red del Futuro\",\"publisher\":{\"@id\":\"https:\\\/\\\/www.zivautomation.com\\\/es\\\/#organization\"},\"potentialAction\":[{\"@type\":\"SearchAction\",\"target\":{\"@type\":\"EntryPoint\",\"urlTemplate\":\"https:\\\/\\\/www.zivautomation.com\\\/es\\\/?s={search_term_string}\"},\"query-input\":{\"@type\":\"PropertyValueSpecification\",\"valueRequired\":true,\"valueName\":\"search_term_string\"}}],\"inLanguage\":\"es\"},{\"@type\":\"Organization\",\"@id\":\"https:\\\/\\\/www.zivautomation.com\\\/es\\\/#organization\",\"name\":\"ZIV\",\"url\":\"https:\\\/\\\/www.zivautomation.com\\\/es\\\/\",\"logo\":{\"@type\":\"ImageObject\",\"inLanguage\":\"es\",\"@id\":\"https:\\\/\\\/www.zivautomation.com\\\/es\\\/#\\\/schema\\\/logo\\\/image\\\/\",\"url\":\"https:\\\/\\\/www.zivautomation.com\\\/wp-content\\\/uploads\\\/2016\\\/10\\\/ziv_solo_cmyk_hr.jpg\",\"contentUrl\":\"https:\\\/\\\/www.zivautomation.com\\\/wp-content\\\/uploads\\\/2016\\\/10\\\/ziv_solo_cmyk_hr.jpg\",\"width\":7078,\"height\":2234,\"caption\":\"ZIV\"},\"image\":{\"@id\":\"https:\\\/\\\/www.zivautomation.com\\\/es\\\/#\\\/schema\\\/logo\\\/image\\\/\"}}]}<\/script>\n<!-- \/ Yoast SEO plugin. -->","yoast_head_json":{"title":"OPU-1 - Terminal de Onda Portadora para l\u00edneas de Alta Tensi\u00f3n - ZIV","description":"Terminal de OP Universal para l\u00edneas de alta tensi\u00f3n (canales anal\u00f3gicos y digitales simult\u00e1neamente junto con se\u00f1ales de teleprotecci\u00f3n ZIV DIMAT)","robots":{"index":"index","follow":"follow","max-snippet":"max-snippet:-1","max-image-preview":"max-image-preview:large","max-video-preview":"max-video-preview:-1"},"canonical":"https:\/\/www.zivautomation.com\/es\/productos\/comunicaciones\/opu-1-terminal-universal\/","og_locale":"es_ES","og_type":"article","og_title":"OPU-1 - Terminal de Onda Portadora para l\u00edneas de Alta Tensi\u00f3n - ZIV","og_description":"Terminal de OP Universal para l\u00edneas de alta tensi\u00f3n (canales anal\u00f3gicos y digitales simult\u00e1neamente junto con se\u00f1ales de teleprotecci\u00f3n ZIV DIMAT)","og_url":"https:\/\/www.zivautomation.com\/es\/productos\/comunicaciones\/opu-1-terminal-universal\/","og_site_name":"ZIV","article_modified_time":"2022-07-24T21:55:51+00:00","og_image":[{"width":800,"height":400,"url":"https:\/\/www.zivautomation.com\/wp-content\/uploads\/2019\/06\/opu-ziv-power-line-carrier-system.png","type":"image\/png"}],"twitter_card":"summary_large_image","twitter_misc":{"Tiempo de lectura":"2 minutos"},"schema":{"@context":"https:\/\/schema.org","@graph":[{"@type":"WebPage","@id":"https:\/\/www.zivautomation.com\/es\/productos\/comunicaciones\/opu-1-terminal-universal\/","url":"https:\/\/www.zivautomation.com\/es\/productos\/comunicaciones\/opu-1-terminal-universal\/","name":"OPU-1 - Terminal de Onda Portadora para l\u00edneas de Alta Tensi\u00f3n - ZIV","isPartOf":{"@id":"https:\/\/www.zivautomation.com\/es\/#website"},"primaryImageOfPage":{"@id":"https:\/\/www.zivautomation.com\/es\/productos\/comunicaciones\/opu-1-terminal-universal\/#primaryimage"},"image":{"@id":"https:\/\/www.zivautomation.com\/es\/productos\/comunicaciones\/opu-1-terminal-universal\/#primaryimage"},"thumbnailUrl":"https:\/\/www.zivautomation.com\/wp-content\/uploads\/2019\/06\/opu-ziv-power-line-carrier-system.png","datePublished":"2015-06-23T12:24:50+00:00","dateModified":"2022-07-24T21:55:51+00:00","description":"Terminal de OP Universal para l\u00edneas de alta tensi\u00f3n (canales anal\u00f3gicos y digitales simult\u00e1neamente junto con se\u00f1ales de teleprotecci\u00f3n ZIV DIMAT)","breadcrumb":{"@id":"https:\/\/www.zivautomation.com\/es\/productos\/comunicaciones\/opu-1-terminal-universal\/#breadcrumb"},"inLanguage":"es","potentialAction":[{"@type":"ReadAction","target":["https:\/\/www.zivautomation.com\/es\/productos\/comunicaciones\/opu-1-terminal-universal\/"]}]},{"@type":"ImageObject","inLanguage":"es","@id":"https:\/\/www.zivautomation.com\/es\/productos\/comunicaciones\/opu-1-terminal-universal\/#primaryimage","url":"https:\/\/www.zivautomation.com\/wp-content\/uploads\/2019\/06\/opu-ziv-power-line-carrier-system.png","contentUrl":"https:\/\/www.zivautomation.com\/wp-content\/uploads\/2019\/06\/opu-ziv-power-line-carrier-system.png","width":800,"height":400,"caption":"OPU ZIV POWER LINE CARRIER SYSTEM"},{"@type":"BreadcrumbList","@id":"https:\/\/www.zivautomation.com\/es\/productos\/comunicaciones\/opu-1-terminal-universal\/#breadcrumb","itemListElement":[{"@type":"ListItem","position":1,"name":"Home","item":"https:\/\/www.zivautomation.com\/es\/"},{"@type":"ListItem","position":2,"name":"Soluciones ZIV","item":"https:\/\/www.zivautomation.com\/es\/productos\/"},{"@type":"ListItem","position":3,"name":"Comunicaciones","item":"https:\/\/www.zivautomation.com\/es\/productos\/comunicaciones\/"},{"@type":"ListItem","position":4,"name":"OPU-1 &#8211; Terminal de Onda Portadora para l\u00edneas de Alta Tensi\u00f3n"}]},{"@type":"WebSite","@id":"https:\/\/www.zivautomation.com\/es\/#website","url":"https:\/\/www.zivautomation.com\/es\/","name":"ZIV","description":"Haciendo realidad la Red del Futuro","publisher":{"@id":"https:\/\/www.zivautomation.com\/es\/#organization"},"potentialAction":[{"@type":"SearchAction","target":{"@type":"EntryPoint","urlTemplate":"https:\/\/www.zivautomation.com\/es\/?s={search_term_string}"},"query-input":{"@type":"PropertyValueSpecification","valueRequired":true,"valueName":"search_term_string"}}],"inLanguage":"es"},{"@type":"Organization","@id":"https:\/\/www.zivautomation.com\/es\/#organization","name":"ZIV","url":"https:\/\/www.zivautomation.com\/es\/","logo":{"@type":"ImageObject","inLanguage":"es","@id":"https:\/\/www.zivautomation.com\/es\/#\/schema\/logo\/image\/","url":"https:\/\/www.zivautomation.com\/wp-content\/uploads\/2016\/10\/ziv_solo_cmyk_hr.jpg","contentUrl":"https:\/\/www.zivautomation.com\/wp-content\/uploads\/2016\/10\/ziv_solo_cmyk_hr.jpg","width":7078,"height":2234,"caption":"ZIV"},"image":{"@id":"https:\/\/www.zivautomation.com\/es\/#\/schema\/logo\/image\/"}}]}},"_links":{"self":[{"href":"https:\/\/www.zivautomation.com\/es\/wp-json\/wp\/v2\/pages\/6497","targetHints":{"allow":["GET"]}}],"collection":[{"href":"https:\/\/www.zivautomation.com\/es\/wp-json\/wp\/v2\/pages"}],"about":[{"href":"https:\/\/www.zivautomation.com\/es\/wp-json\/wp\/v2\/types\/page"}],"author":[{"embeddable":true,"href":"https:\/\/www.zivautomation.com\/es\/wp-json\/wp\/v2\/users\/1"}],"replies":[{"embeddable":true,"href":"https:\/\/www.zivautomation.com\/es\/wp-json\/wp\/v2\/comments?post=6497"}],"version-history":[{"count":30,"href":"https:\/\/www.zivautomation.com\/es\/wp-json\/wp\/v2\/pages\/6497\/revisions"}],"predecessor-version":[{"id":85314,"href":"https:\/\/www.zivautomation.com\/es\/wp-json\/wp\/v2\/pages\/6497\/revisions\/85314"}],"up":[{"embeddable":true,"href":"https:\/\/www.zivautomation.com\/es\/wp-json\/wp\/v2\/pages\/84941"}],"wp:featuredmedia":[{"embeddable":true,"href":"https:\/\/www.zivautomation.com\/es\/wp-json\/wp\/v2\/media\/70908"}],"wp:attachment":[{"href":"https:\/\/www.zivautomation.com\/es\/wp-json\/wp\/v2\/media?parent=6497"}],"wp:term":[{"taxonomy":"category","embeddable":true,"href":"https:\/\/www.zivautomation.com\/es\/wp-json\/wp\/v2\/categories?post=6497"},{"taxonomy":"post_tag","embeddable":true,"href":"https:\/\/www.zivautomation.com\/es\/wp-json\/wp\/v2\/tags?post=6497"}],"curies":[{"name":"wp","href":"https:\/\/api.w.org\/{rel}","templated":true}]}}