{"id":6493,"date":"2015-06-23T14:44:41","date_gmt":"2015-06-23T12:44:41","guid":{"rendered":"http:\/\/ziv.poselab.com\/tpu-1-universal-terminal\/"},"modified":"2025-04-22T09:44:10","modified_gmt":"2025-04-22T07:44:10","slug":"tpu-1-terminal-universal","status":"publish","type":"page","link":"https:\/\/www.zivautomation.com\/es\/productos\/comunicaciones\/tpu-1-terminal-universal\/","title":{"rendered":"TPU-1 &#8211; Terminal de Teleprotecci\u00f3n Universal para l\u00edneas de AT"},"content":{"rendered":"<div class=\"wpb-content-wrapper\"><p>[vc_row][vc_column width=&#8221;1\/3&#8243;][vc_single_image image=&#8221;5952&#8243; img_size=&#8221;medium&#8221; img_link_large=&#8221;yes&#8221;]<div  class=\"kleo-gap\" style=\"height:50px;line-height:50px;\"><\/div>[\/vc_column][vc_column width=&#8221;2\/3&#8243;][vc_column_text]<\/p>\n<h1>Compatible con el est\u00e1ndar IEC 61850 Ed.2.La teleprotecci\u00f3n ZIV para l\u00edneas de alta tensi\u00f3n puede operar en cualquier medio de comunicaci\u00f3n disponible.<\/h1>\n<h2>Aporta m\u00e1xima flexibilidad, y es configurable seg\u00fan aplicaci\u00f3n. Dispone de m\u00f3dulos de adquisici\u00f3n anal\u00f3gicos y digitales.<\/h2>\n<h4>Novedades<\/h4>\n<ol>\n<li>Servidor IEC61850 Ed.2 completo,<\/li>\n<li>Ciberseguridad,<\/li>\n<li>Un nuevo m\u00f3dulo de l\u00ednea \u00f3ptico con interfaz por SFP,<\/li>\n<li>Nuevos m\u00f3dulos de interfaz de l\u00ednea de 2Mbit\/s y 64 Kbit\/s,<\/li>\n<li>y un nuevo sistema de gesti\u00f3n WEB sin Java.<\/li>\n<\/ol>\n<h4>Caracter\u00edsticas principales<\/h4>\n<ul>\n<li>Cumple con los est\u00e1ndares CEI 60834-1 y CEI TS 61000-6-5.<\/li>\n<li>Cumple con las normas ANSI IEEE C37.90.1 y ANSI IEEE C37.90.2.<\/li>\n<li>Compatible con el est\u00e1ndar IEC 61850 ed 2<\/li>\n<li>Uno o dos canales anal\u00f3gicos y\/o digitales.<\/li>\n<li>Con dos canales, puede configurarse para operar como dos equipos de teleprotecci\u00f3n independientes (en un \u00fanico panel).<\/li>\n<li>Aplicable a esquemas de teleprotecci\u00f3n por bloqueo,\u00a0 teledisparo directo y teledisparo permisivo, as\u00ed como a sistemas de telese\u00f1alizaci\u00f3n.<\/li>\n<li>Tr\u00e1nsito de \u00f3rdenes de teleprotecci\u00f3n en configuraciones en anillo o en T (Teed-line).<\/li>\n<li>Canal anal\u00f3gico:\n<ul>\n<li>N\u00famero de comandos: Hasta 4 \u00f3rdenes<\/li>\n<li>Interfaz: 4-wire \/ 600 ohms<\/li>\n<li>Ancho de banda: 2.5 o 4kHz<\/li>\n<\/ul>\n<\/li>\n<li>Canal digital:\n<ul>\n<li>N\u00famero de comandos: Hasta 8 \u00f3rdenes<\/li>\n<li>Interfaces E1 (G.703), 64 kbit\/s (G.703, V.11 \u00f3 V.35 \u00f3 X.21), C37.94 fibra \u00f3ptica multimodo (2,60 \u00f3 120 km) , Ethernet<\/li>\n<\/ul>\n<\/li>\n<li>Telese\u00f1alizaci\u00f3n y telemedida en aplicaciones de generaci\u00f3n distribuida (DER) tales como e\u00f3lica, solar, biomasa y otros.<\/li>\n<li>Chasis Compacto 19\u2033\/3 s.u.<\/li>\n<li>Agente SNMP V1\/V2c\/V3.<\/li>\n<li>Sistema de gesti\u00f3n web con conexi\u00f3n LAN (HTTPS).<\/li>\n<li>Fuente de alimentaci\u00f3n redundante (opcional).<\/li>\n<li>Pantalla LCD para los contadores de \u00f3rdenes (opcional).<\/li>\n<li>Conexionado exterior a trav\u00e9s de bloques de bornes enchufables o de fondo armario.<\/li>\n<\/ul>\n<p>[\/vc_column_text]<p><strong>Documentaci\u00f3n<\/strong><\/p><ul>\r\n \t<li>Manual de Instrucciones:\u00a0 <a href=\"https:\/\/www.zivautomation.com\/es\/access\/acceso\/\" data-id=\"101694\" class=\"icon-lock\">MTPUA2406Ev03<\/a><\/li>\r\n \t<li>Hoja de Producto:\u00a0 \u00a0 \u00a0 \u00a0 \u00a0 \u00a0 \u00a0 <a href=\"https:\/\/www.zivautomation.com\/wp-content\/uploads\/2018\/12\/ziv_tpu-1_castellano_rev_6.2.pdf\" target=\"_blank\" rel=\"noopener\">TPU-1_Folleto -r6.2<\/a><\/li>\r\n \t<li>Cat\u00e1logo de Producto:\u00a0 \u00a0 \u00a0<a href=\"https:\/\/www.zivautomation.com\/wp-content\/uploads\/2021\/06\/ziv_op_y_tp_castellano_rev_2.5.pdf\" target=\"_blank\">ZIV_OP_y_TP_Castellano_rev_2.5<\/a> (ES)<\/li>\r\n<\/ul>[\/vc_column][\/vc_row]<\/p>\n<\/div>","protected":false},"excerpt":{"rendered":"<p> Compatible con el est\u00e1ndar IEC 61850 Ed.2.La teleprotecci\u00f3n ZIV para l\u00edneas de alta tensi\u00f3n puede operar en cualquier medio de comunicaci\u00f3n disponible. Aporta m\u00e1xima flexibilidad, y es configurable seg\u00fan aplicaci\u00f3n. Dispone de m\u00f3dulos de adquisici\u00f3n anal\u00f3gicos y digitales. Novedades Servidor IEC61850 Ed.2 completo, Ciberseguridad, Un nuevo m\u00f3dulo de l\u00ednea \u00f3ptico con interfaz por SFP, [&hellip;]<\/p>\n","protected":false},"author":1,"featured_media":70912,"parent":84941,"menu_order":134,"comment_status":"closed","ping_status":"closed","template":"","meta":{"_acf_changed":false,"footnotes":""},"categories":[208,433,440,441,241],"tags":[],"class_list":["post-6493","page","type-page","status-publish","has-post-thumbnail","hentry","category-comunicaciones-cat","category-telecomunicaciones-at-cat","category-subestacion-primaria-cat","category-transmision-cat","category-sistemas-de-teleproteccion-cat"],"acf":[],"yoast_head":"<!-- This site is optimized with the Yoast SEO plugin v27.3 - https:\/\/yoast.com\/product\/yoast-seo-wordpress\/ -->\n<title>TPU-1 - Terminal de Teleprotecci\u00f3n Universal para l\u00edneas de AT - ZIV<\/title>\n<meta name=\"description\" content=\"La teleprotecci\u00f3n compatible con el est\u00e1ndar IEC 61850 ZIV (TPU DIMAT) para l\u00edneas de alta tensi\u00f3n. Anal\u00f3gico y digital. Vea casos de uso.\" \/>\n<meta name=\"robots\" content=\"index, follow, max-snippet:-1, max-image-preview:large, max-video-preview:-1\" \/>\n<link rel=\"canonical\" href=\"https:\/\/www.zivautomation.com\/es\/productos\/comunicaciones\/tpu-1-terminal-universal\/\" \/>\n<meta property=\"og:locale\" content=\"es_ES\" \/>\n<meta property=\"og:type\" content=\"article\" \/>\n<meta property=\"og:title\" content=\"TPU-1 - Terminal de Teleprotecci\u00f3n Universal para l\u00edneas de AT - ZIV\" \/>\n<meta property=\"og:description\" content=\"La teleprotecci\u00f3n compatible con el est\u00e1ndar IEC 61850 ZIV (TPU DIMAT) para l\u00edneas de alta tensi\u00f3n. Anal\u00f3gico y digital. Vea casos de uso.\" \/>\n<meta property=\"og:url\" content=\"https:\/\/www.zivautomation.com\/es\/productos\/comunicaciones\/tpu-1-terminal-universal\/\" \/>\n<meta property=\"og:site_name\" content=\"ZIV\" \/>\n<meta property=\"article:modified_time\" content=\"2025-04-22T07:44:10+00:00\" \/>\n<meta property=\"og:image\" content=\"https:\/\/www.zivautomation.com\/wp-content\/uploads\/2019\/06\/tpu-ziv-teleprotection-unit.png\" \/>\n\t<meta property=\"og:image:width\" content=\"800\" \/>\n\t<meta property=\"og:image:height\" content=\"400\" \/>\n\t<meta property=\"og:image:type\" content=\"image\/png\" \/>\n<meta name=\"twitter:card\" content=\"summary_large_image\" \/>\n<meta name=\"twitter:label1\" content=\"Tiempo de lectura\" \/>\n\t<meta name=\"twitter:data1\" content=\"2 minutos\" \/>\n<script type=\"application\/ld+json\" class=\"yoast-schema-graph\">{\"@context\":\"https:\\\/\\\/schema.org\",\"@graph\":[{\"@type\":\"WebPage\",\"@id\":\"https:\\\/\\\/www.zivautomation.com\\\/es\\\/productos\\\/comunicaciones\\\/tpu-1-terminal-universal\\\/\",\"url\":\"https:\\\/\\\/www.zivautomation.com\\\/es\\\/productos\\\/comunicaciones\\\/tpu-1-terminal-universal\\\/\",\"name\":\"TPU-1 - Terminal de Teleprotecci\u00f3n Universal para l\u00edneas de AT - ZIV\",\"isPartOf\":{\"@id\":\"https:\\\/\\\/www.zivautomation.com\\\/es\\\/#website\"},\"primaryImageOfPage\":{\"@id\":\"https:\\\/\\\/www.zivautomation.com\\\/es\\\/productos\\\/comunicaciones\\\/tpu-1-terminal-universal\\\/#primaryimage\"},\"image\":{\"@id\":\"https:\\\/\\\/www.zivautomation.com\\\/es\\\/productos\\\/comunicaciones\\\/tpu-1-terminal-universal\\\/#primaryimage\"},\"thumbnailUrl\":\"https:\\\/\\\/www.zivautomation.com\\\/wp-content\\\/uploads\\\/2019\\\/06\\\/tpu-ziv-teleprotection-unit.png\",\"datePublished\":\"2015-06-23T12:44:41+00:00\",\"dateModified\":\"2025-04-22T07:44:10+00:00\",\"description\":\"La teleprotecci\u00f3n compatible con el est\u00e1ndar IEC 61850 ZIV (TPU DIMAT) para l\u00edneas de alta tensi\u00f3n. Anal\u00f3gico y digital. Vea casos de uso.\",\"breadcrumb\":{\"@id\":\"https:\\\/\\\/www.zivautomation.com\\\/es\\\/productos\\\/comunicaciones\\\/tpu-1-terminal-universal\\\/#breadcrumb\"},\"inLanguage\":\"es\",\"potentialAction\":[{\"@type\":\"ReadAction\",\"target\":[\"https:\\\/\\\/www.zivautomation.com\\\/es\\\/productos\\\/comunicaciones\\\/tpu-1-terminal-universal\\\/\"]}]},{\"@type\":\"ImageObject\",\"inLanguage\":\"es\",\"@id\":\"https:\\\/\\\/www.zivautomation.com\\\/es\\\/productos\\\/comunicaciones\\\/tpu-1-terminal-universal\\\/#primaryimage\",\"url\":\"https:\\\/\\\/www.zivautomation.com\\\/wp-content\\\/uploads\\\/2019\\\/06\\\/tpu-ziv-teleprotection-unit.png\",\"contentUrl\":\"https:\\\/\\\/www.zivautomation.com\\\/wp-content\\\/uploads\\\/2019\\\/06\\\/tpu-ziv-teleprotection-unit.png\",\"width\":800,\"height\":400,\"caption\":\"TPU ZIV TELEPROTECTION UNIT\"},{\"@type\":\"BreadcrumbList\",\"@id\":\"https:\\\/\\\/www.zivautomation.com\\\/es\\\/productos\\\/comunicaciones\\\/tpu-1-terminal-universal\\\/#breadcrumb\",\"itemListElement\":[{\"@type\":\"ListItem\",\"position\":1,\"name\":\"Home\",\"item\":\"https:\\\/\\\/www.zivautomation.com\\\/es\\\/\"},{\"@type\":\"ListItem\",\"position\":2,\"name\":\"Soluciones ZIV\",\"item\":\"https:\\\/\\\/www.zivautomation.com\\\/es\\\/productos\\\/\"},{\"@type\":\"ListItem\",\"position\":3,\"name\":\"Comunicaciones\",\"item\":\"https:\\\/\\\/www.zivautomation.com\\\/es\\\/productos\\\/comunicaciones\\\/\"},{\"@type\":\"ListItem\",\"position\":4,\"name\":\"TPU-1 &#8211; Terminal de Teleprotecci\u00f3n Universal para l\u00edneas de AT\"}]},{\"@type\":\"WebSite\",\"@id\":\"https:\\\/\\\/www.zivautomation.com\\\/es\\\/#website\",\"url\":\"https:\\\/\\\/www.zivautomation.com\\\/es\\\/\",\"name\":\"ZIV\",\"description\":\"Haciendo realidad la Red del Futuro\",\"publisher\":{\"@id\":\"https:\\\/\\\/www.zivautomation.com\\\/es\\\/#organization\"},\"potentialAction\":[{\"@type\":\"SearchAction\",\"target\":{\"@type\":\"EntryPoint\",\"urlTemplate\":\"https:\\\/\\\/www.zivautomation.com\\\/es\\\/?s={search_term_string}\"},\"query-input\":{\"@type\":\"PropertyValueSpecification\",\"valueRequired\":true,\"valueName\":\"search_term_string\"}}],\"inLanguage\":\"es\"},{\"@type\":\"Organization\",\"@id\":\"https:\\\/\\\/www.zivautomation.com\\\/es\\\/#organization\",\"name\":\"ZIV\",\"url\":\"https:\\\/\\\/www.zivautomation.com\\\/es\\\/\",\"logo\":{\"@type\":\"ImageObject\",\"inLanguage\":\"es\",\"@id\":\"https:\\\/\\\/www.zivautomation.com\\\/es\\\/#\\\/schema\\\/logo\\\/image\\\/\",\"url\":\"https:\\\/\\\/www.zivautomation.com\\\/wp-content\\\/uploads\\\/2016\\\/10\\\/ziv_solo_cmyk_hr.jpg\",\"contentUrl\":\"https:\\\/\\\/www.zivautomation.com\\\/wp-content\\\/uploads\\\/2016\\\/10\\\/ziv_solo_cmyk_hr.jpg\",\"width\":7078,\"height\":2234,\"caption\":\"ZIV\"},\"image\":{\"@id\":\"https:\\\/\\\/www.zivautomation.com\\\/es\\\/#\\\/schema\\\/logo\\\/image\\\/\"}}]}<\/script>\n<!-- \/ Yoast SEO plugin. -->","yoast_head_json":{"title":"TPU-1 - Terminal de Teleprotecci\u00f3n Universal para l\u00edneas de AT - ZIV","description":"La teleprotecci\u00f3n compatible con el est\u00e1ndar IEC 61850 ZIV (TPU DIMAT) para l\u00edneas de alta tensi\u00f3n. Anal\u00f3gico y digital. Vea casos de uso.","robots":{"index":"index","follow":"follow","max-snippet":"max-snippet:-1","max-image-preview":"max-image-preview:large","max-video-preview":"max-video-preview:-1"},"canonical":"https:\/\/www.zivautomation.com\/es\/productos\/comunicaciones\/tpu-1-terminal-universal\/","og_locale":"es_ES","og_type":"article","og_title":"TPU-1 - Terminal de Teleprotecci\u00f3n Universal para l\u00edneas de AT - ZIV","og_description":"La teleprotecci\u00f3n compatible con el est\u00e1ndar IEC 61850 ZIV (TPU DIMAT) para l\u00edneas de alta tensi\u00f3n. Anal\u00f3gico y digital. Vea casos de uso.","og_url":"https:\/\/www.zivautomation.com\/es\/productos\/comunicaciones\/tpu-1-terminal-universal\/","og_site_name":"ZIV","article_modified_time":"2025-04-22T07:44:10+00:00","og_image":[{"width":800,"height":400,"url":"https:\/\/www.zivautomation.com\/wp-content\/uploads\/2019\/06\/tpu-ziv-teleprotection-unit.png","type":"image\/png"}],"twitter_card":"summary_large_image","twitter_misc":{"Tiempo de lectura":"2 minutos"},"schema":{"@context":"https:\/\/schema.org","@graph":[{"@type":"WebPage","@id":"https:\/\/www.zivautomation.com\/es\/productos\/comunicaciones\/tpu-1-terminal-universal\/","url":"https:\/\/www.zivautomation.com\/es\/productos\/comunicaciones\/tpu-1-terminal-universal\/","name":"TPU-1 - Terminal de Teleprotecci\u00f3n Universal para l\u00edneas de AT - ZIV","isPartOf":{"@id":"https:\/\/www.zivautomation.com\/es\/#website"},"primaryImageOfPage":{"@id":"https:\/\/www.zivautomation.com\/es\/productos\/comunicaciones\/tpu-1-terminal-universal\/#primaryimage"},"image":{"@id":"https:\/\/www.zivautomation.com\/es\/productos\/comunicaciones\/tpu-1-terminal-universal\/#primaryimage"},"thumbnailUrl":"https:\/\/www.zivautomation.com\/wp-content\/uploads\/2019\/06\/tpu-ziv-teleprotection-unit.png","datePublished":"2015-06-23T12:44:41+00:00","dateModified":"2025-04-22T07:44:10+00:00","description":"La teleprotecci\u00f3n compatible con el est\u00e1ndar IEC 61850 ZIV (TPU DIMAT) para l\u00edneas de alta tensi\u00f3n. Anal\u00f3gico y digital. Vea casos de uso.","breadcrumb":{"@id":"https:\/\/www.zivautomation.com\/es\/productos\/comunicaciones\/tpu-1-terminal-universal\/#breadcrumb"},"inLanguage":"es","potentialAction":[{"@type":"ReadAction","target":["https:\/\/www.zivautomation.com\/es\/productos\/comunicaciones\/tpu-1-terminal-universal\/"]}]},{"@type":"ImageObject","inLanguage":"es","@id":"https:\/\/www.zivautomation.com\/es\/productos\/comunicaciones\/tpu-1-terminal-universal\/#primaryimage","url":"https:\/\/www.zivautomation.com\/wp-content\/uploads\/2019\/06\/tpu-ziv-teleprotection-unit.png","contentUrl":"https:\/\/www.zivautomation.com\/wp-content\/uploads\/2019\/06\/tpu-ziv-teleprotection-unit.png","width":800,"height":400,"caption":"TPU ZIV TELEPROTECTION UNIT"},{"@type":"BreadcrumbList","@id":"https:\/\/www.zivautomation.com\/es\/productos\/comunicaciones\/tpu-1-terminal-universal\/#breadcrumb","itemListElement":[{"@type":"ListItem","position":1,"name":"Home","item":"https:\/\/www.zivautomation.com\/es\/"},{"@type":"ListItem","position":2,"name":"Soluciones ZIV","item":"https:\/\/www.zivautomation.com\/es\/productos\/"},{"@type":"ListItem","position":3,"name":"Comunicaciones","item":"https:\/\/www.zivautomation.com\/es\/productos\/comunicaciones\/"},{"@type":"ListItem","position":4,"name":"TPU-1 &#8211; Terminal de Teleprotecci\u00f3n Universal para l\u00edneas de AT"}]},{"@type":"WebSite","@id":"https:\/\/www.zivautomation.com\/es\/#website","url":"https:\/\/www.zivautomation.com\/es\/","name":"ZIV","description":"Haciendo realidad la Red del Futuro","publisher":{"@id":"https:\/\/www.zivautomation.com\/es\/#organization"},"potentialAction":[{"@type":"SearchAction","target":{"@type":"EntryPoint","urlTemplate":"https:\/\/www.zivautomation.com\/es\/?s={search_term_string}"},"query-input":{"@type":"PropertyValueSpecification","valueRequired":true,"valueName":"search_term_string"}}],"inLanguage":"es"},{"@type":"Organization","@id":"https:\/\/www.zivautomation.com\/es\/#organization","name":"ZIV","url":"https:\/\/www.zivautomation.com\/es\/","logo":{"@type":"ImageObject","inLanguage":"es","@id":"https:\/\/www.zivautomation.com\/es\/#\/schema\/logo\/image\/","url":"https:\/\/www.zivautomation.com\/wp-content\/uploads\/2016\/10\/ziv_solo_cmyk_hr.jpg","contentUrl":"https:\/\/www.zivautomation.com\/wp-content\/uploads\/2016\/10\/ziv_solo_cmyk_hr.jpg","width":7078,"height":2234,"caption":"ZIV"},"image":{"@id":"https:\/\/www.zivautomation.com\/es\/#\/schema\/logo\/image\/"}}]}},"_links":{"self":[{"href":"https:\/\/www.zivautomation.com\/es\/wp-json\/wp\/v2\/pages\/6493","targetHints":{"allow":["GET"]}}],"collection":[{"href":"https:\/\/www.zivautomation.com\/es\/wp-json\/wp\/v2\/pages"}],"about":[{"href":"https:\/\/www.zivautomation.com\/es\/wp-json\/wp\/v2\/types\/page"}],"author":[{"embeddable":true,"href":"https:\/\/www.zivautomation.com\/es\/wp-json\/wp\/v2\/users\/1"}],"replies":[{"embeddable":true,"href":"https:\/\/www.zivautomation.com\/es\/wp-json\/wp\/v2\/comments?post=6493"}],"version-history":[{"count":33,"href":"https:\/\/www.zivautomation.com\/es\/wp-json\/wp\/v2\/pages\/6493\/revisions"}],"predecessor-version":[{"id":101696,"href":"https:\/\/www.zivautomation.com\/es\/wp-json\/wp\/v2\/pages\/6493\/revisions\/101696"}],"up":[{"embeddable":true,"href":"https:\/\/www.zivautomation.com\/es\/wp-json\/wp\/v2\/pages\/84941"}],"wp:featuredmedia":[{"embeddable":true,"href":"https:\/\/www.zivautomation.com\/es\/wp-json\/wp\/v2\/media\/70912"}],"wp:attachment":[{"href":"https:\/\/www.zivautomation.com\/es\/wp-json\/wp\/v2\/media?parent=6493"}],"wp:term":[{"taxonomy":"category","embeddable":true,"href":"https:\/\/www.zivautomation.com\/es\/wp-json\/wp\/v2\/categories?post=6493"},{"taxonomy":"post_tag","embeddable":true,"href":"https:\/\/www.zivautomation.com\/es\/wp-json\/wp\/v2\/tags?post=6493"}],"curies":[{"name":"wp","href":"https:\/\/api.w.org\/{rel}","templated":true}]}}