{"id":6491,"date":"2015-06-23T15:03:09","date_gmt":"2015-06-23T13:03:09","guid":{"rendered":"http:\/\/ziv.poselab.com\/abit-cdit-teleprotection-modules\/"},"modified":"2022-07-25T00:09:00","modified_gmt":"2022-07-24T22:09:00","slug":"abit-cdit-modulos-de-teleproteccion","status":"publish","type":"page","link":"https:\/\/www.zivautomation.com\/es\/productos\/comunicaciones\/abit-cdit-modulos-de-teleproteccion\/","title":{"rendered":"ABIT &#038; CDIT &#8211; M\u00f3dulos de Teleprotecci\u00f3n"},"content":{"rendered":"<div class=\"wpb-content-wrapper\"><p>[vc_row][vc_column width=&#8221;1\/3&#8243;][vc_gallery type=&#8221;grid&#8221; images=&#8221;5957,5956&#8243; img_size=&#8221;large&#8221; gap=&#8221;small&#8221;][\/vc_column][vc_column width=&#8221;2\/3&#8243;][vc_column_text]<\/p>\n<h1>M\u00f3dulos de Teleprotecci\u00f3n integrables en terminales de Onda Portadora<\/h1>\n<h2>Los m\u00f3dulos ABIT y CDIT forman un equipo de teleprotecci\u00f3n anal\u00f3gico totalmente integrable en terminales de Onda Portadora (OP).<\/h2>\n<h4>Caracter\u00edsticas principales<\/h4>\n<ul>\n<li>M\u00f3dulos integrables en panel OPU-1 (19\u201d\/9 U).<\/li>\n<li>M\u00f3dulo ABIT: una o dos \u00f3rdenes.<\/li>\n<li>M\u00f3dulos ABIT y CDIT: de una a cuatro \u00f3rdenes.<\/li>\n<li>M\u00f3dulos aplicables a esquemas de teleprotecci\u00f3n por bloqueo,\u00a0 teledisparo directo y teledisparo permisivo, as\u00ed como a\u2028 sistemas de telese\u00f1alizaci\u00f3n.<\/li>\n<li>Ambos m\u00f3dulos cumplen con el est\u00e1ndar CEI 60834-1.<\/li>\n<li>Hasta 4 \u00f3rdenes independientes que pueden transmitirse a trav\u00e9s de canales anal\u00f3gicos (2,5 \u00f3 4 kHz) o integrarse en la banda de operaci\u00f3n digital.<\/li>\n<li>La gesti\u00f3n de los m\u00f3dulos est\u00e1 incluida en el Sistema de Gesti\u00f3n del terminal de OP.<\/li>\n<li>Conexionado exterior a trav\u00e9s de bloques de bornes enchufables o de fondo armario asociados a los m\u00f3dulos.<\/li>\n<li>Agente SNMP.<\/li>\n<\/ul>\n<p>[\/vc_column_text]<p><strong>Documentaci\u00f3n<\/strong><\/p><ul>\r\n \t<li>Manual de Instrucciones:\u00a0 <a class=\"icon-lock\" data-id=\"77420\" href=\"https:\/\/www.zivautomation.com\/es\/access\/acceso\/\" target=\"_blank\" rel=\"noopener\">ABIT-CDIT_(OPU-1)_Manual de Usuario_r3-C<\/a><\/li>\r\n \t<li>Cat\u00e1logo de Producto:\u00a0 \u00a0 \u00a0<a target=\"_blank\" href=\"https:\/\/www.zivautomation.com\/wp-content\/uploads\/2021\/06\/ziv_op_y_tp_castellano_rev_2.5.pdf\">ZIV_OP_y_TP_Castellano_rev_2.5<\/a> (ES)<\/li>\r\n<\/ul>[\/vc_column][\/vc_row]<\/p>\n<\/div>","protected":false},"excerpt":{"rendered":"<p> M\u00f3dulos de Teleprotecci\u00f3n integrables en terminales de Onda Portadora Los m\u00f3dulos ABIT y CDIT forman un equipo de teleprotecci\u00f3n anal\u00f3gico totalmente integrable en terminales de Onda Portadora (OP). Caracter\u00edsticas principales M\u00f3dulos integrables en panel OPU-1 (19\u201d\/9 U). M\u00f3dulo ABIT: una o dos \u00f3rdenes. M\u00f3dulos ABIT y CDIT: de una a cuatro \u00f3rdenes. M\u00f3dulos [&hellip;]<\/p>\n","protected":false},"author":1,"featured_media":0,"parent":84941,"menu_order":290,"comment_status":"closed","ping_status":"closed","template":"","meta":{"_acf_changed":false,"footnotes":""},"categories":[208,433,440,441,241],"tags":[],"class_list":["post-6491","page","type-page","status-publish","hentry","category-comunicaciones-cat","category-telecomunicaciones-at-cat","category-subestacion-primaria-cat","category-transmision-cat","category-sistemas-de-teleproteccion-cat"],"acf":[],"yoast_head":"<!-- This site is optimized with the Yoast SEO plugin v27.4 - https:\/\/yoast.com\/product\/yoast-seo-wordpress\/ -->\n<title>ABIT &amp; CDIT - M\u00f3dulos de Teleprotecci\u00f3n - ZIV<\/title>\n<meta name=\"robots\" content=\"index, follow, max-snippet:-1, max-image-preview:large, max-video-preview:-1\" \/>\n<link rel=\"canonical\" href=\"https:\/\/www.zivautomation.com\/es\/productos\/comunicaciones\/abit-cdit-modulos-de-teleproteccion\/\" \/>\n<meta property=\"og:locale\" content=\"es_ES\" \/>\n<meta property=\"og:type\" content=\"article\" \/>\n<meta property=\"og:title\" content=\"ABIT &amp; CDIT - M\u00f3dulos de Teleprotecci\u00f3n - ZIV\" \/>\n<meta property=\"og:description\" content=\"[vc_row][vc_column width=&#8221;1\/3&#8243;][vc_gallery type=&#8221;grid&#8221; images=&#8221;5957,5956&#8243; img_size=&#8221;large&#8221; gap=&#8221;small&#8221;][\/vc_column][vc_column width=&#8221;2\/3&#8243;][vc_column_text] M\u00f3dulos de Teleprotecci\u00f3n integrables en terminales de Onda Portadora Los m\u00f3dulos ABIT y CDIT forman un equipo de teleprotecci\u00f3n anal\u00f3gico totalmente integrable en terminales de Onda Portadora (OP). Caracter\u00edsticas principales M\u00f3dulos integrables en panel OPU-1 (19\u201d\/9 U). M\u00f3dulo ABIT: una o dos \u00f3rdenes. M\u00f3dulos ABIT y CDIT: de una a cuatro \u00f3rdenes. M\u00f3dulos [&hellip;]\" \/>\n<meta property=\"og:url\" content=\"https:\/\/www.zivautomation.com\/es\/productos\/comunicaciones\/abit-cdit-modulos-de-teleproteccion\/\" \/>\n<meta property=\"og:site_name\" content=\"ZIV\" \/>\n<meta property=\"article:modified_time\" content=\"2022-07-24T22:09:00+00:00\" \/>\n<meta name=\"twitter:card\" content=\"summary_large_image\" \/>\n<meta name=\"twitter:label1\" content=\"Tiempo de lectura\" \/>\n\t<meta name=\"twitter:data1\" content=\"1 minuto\" \/>\n<script type=\"application\/ld+json\" class=\"yoast-schema-graph\">{\"@context\":\"https:\\\/\\\/schema.org\",\"@graph\":[{\"@type\":\"WebPage\",\"@id\":\"https:\\\/\\\/www.zivautomation.com\\\/es\\\/productos\\\/comunicaciones\\\/abit-cdit-modulos-de-teleproteccion\\\/\",\"url\":\"https:\\\/\\\/www.zivautomation.com\\\/es\\\/productos\\\/comunicaciones\\\/abit-cdit-modulos-de-teleproteccion\\\/\",\"name\":\"ABIT & CDIT - M\u00f3dulos de Teleprotecci\u00f3n - ZIV\",\"isPartOf\":{\"@id\":\"https:\\\/\\\/www.zivautomation.com\\\/es\\\/#website\"},\"datePublished\":\"2015-06-23T13:03:09+00:00\",\"dateModified\":\"2022-07-24T22:09:00+00:00\",\"breadcrumb\":{\"@id\":\"https:\\\/\\\/www.zivautomation.com\\\/es\\\/productos\\\/comunicaciones\\\/abit-cdit-modulos-de-teleproteccion\\\/#breadcrumb\"},\"inLanguage\":\"es\",\"potentialAction\":[{\"@type\":\"ReadAction\",\"target\":[\"https:\\\/\\\/www.zivautomation.com\\\/es\\\/productos\\\/comunicaciones\\\/abit-cdit-modulos-de-teleproteccion\\\/\"]}]},{\"@type\":\"BreadcrumbList\",\"@id\":\"https:\\\/\\\/www.zivautomation.com\\\/es\\\/productos\\\/comunicaciones\\\/abit-cdit-modulos-de-teleproteccion\\\/#breadcrumb\",\"itemListElement\":[{\"@type\":\"ListItem\",\"position\":1,\"name\":\"Home\",\"item\":\"https:\\\/\\\/www.zivautomation.com\\\/es\\\/\"},{\"@type\":\"ListItem\",\"position\":2,\"name\":\"Soluciones ZIV\",\"item\":\"https:\\\/\\\/www.zivautomation.com\\\/es\\\/productos\\\/\"},{\"@type\":\"ListItem\",\"position\":3,\"name\":\"Comunicaciones\",\"item\":\"https:\\\/\\\/www.zivautomation.com\\\/es\\\/productos\\\/comunicaciones\\\/\"},{\"@type\":\"ListItem\",\"position\":4,\"name\":\"ABIT &#038; CDIT &#8211; M\u00f3dulos de Teleprotecci\u00f3n\"}]},{\"@type\":\"WebSite\",\"@id\":\"https:\\\/\\\/www.zivautomation.com\\\/es\\\/#website\",\"url\":\"https:\\\/\\\/www.zivautomation.com\\\/es\\\/\",\"name\":\"ZIV\",\"description\":\"Haciendo realidad la Red del Futuro\",\"publisher\":{\"@id\":\"https:\\\/\\\/www.zivautomation.com\\\/es\\\/#organization\"},\"potentialAction\":[{\"@type\":\"SearchAction\",\"target\":{\"@type\":\"EntryPoint\",\"urlTemplate\":\"https:\\\/\\\/www.zivautomation.com\\\/es\\\/?s={search_term_string}\"},\"query-input\":{\"@type\":\"PropertyValueSpecification\",\"valueRequired\":true,\"valueName\":\"search_term_string\"}}],\"inLanguage\":\"es\"},{\"@type\":\"Organization\",\"@id\":\"https:\\\/\\\/www.zivautomation.com\\\/es\\\/#organization\",\"name\":\"ZIV\",\"url\":\"https:\\\/\\\/www.zivautomation.com\\\/es\\\/\",\"logo\":{\"@type\":\"ImageObject\",\"inLanguage\":\"es\",\"@id\":\"https:\\\/\\\/www.zivautomation.com\\\/es\\\/#\\\/schema\\\/logo\\\/image\\\/\",\"url\":\"https:\\\/\\\/www.zivautomation.com\\\/wp-content\\\/uploads\\\/2016\\\/10\\\/ziv_solo_cmyk_hr.jpg\",\"contentUrl\":\"https:\\\/\\\/www.zivautomation.com\\\/wp-content\\\/uploads\\\/2016\\\/10\\\/ziv_solo_cmyk_hr.jpg\",\"width\":7078,\"height\":2234,\"caption\":\"ZIV\"},\"image\":{\"@id\":\"https:\\\/\\\/www.zivautomation.com\\\/es\\\/#\\\/schema\\\/logo\\\/image\\\/\"}}]}<\/script>\n<!-- \/ Yoast SEO plugin. -->","yoast_head_json":{"title":"ABIT & CDIT - M\u00f3dulos de Teleprotecci\u00f3n - ZIV","robots":{"index":"index","follow":"follow","max-snippet":"max-snippet:-1","max-image-preview":"max-image-preview:large","max-video-preview":"max-video-preview:-1"},"canonical":"https:\/\/www.zivautomation.com\/es\/productos\/comunicaciones\/abit-cdit-modulos-de-teleproteccion\/","og_locale":"es_ES","og_type":"article","og_title":"ABIT & CDIT - M\u00f3dulos de Teleprotecci\u00f3n - ZIV","og_description":"[vc_row][vc_column width=&#8221;1\/3&#8243;][vc_gallery type=&#8221;grid&#8221; images=&#8221;5957,5956&#8243; img_size=&#8221;large&#8221; gap=&#8221;small&#8221;][\/vc_column][vc_column width=&#8221;2\/3&#8243;][vc_column_text] M\u00f3dulos de Teleprotecci\u00f3n integrables en terminales de Onda Portadora Los m\u00f3dulos ABIT y CDIT forman un equipo de teleprotecci\u00f3n anal\u00f3gico totalmente integrable en terminales de Onda Portadora (OP). Caracter\u00edsticas principales M\u00f3dulos integrables en panel OPU-1 (19\u201d\/9 U). M\u00f3dulo ABIT: una o dos \u00f3rdenes. M\u00f3dulos ABIT y CDIT: de una a cuatro \u00f3rdenes. M\u00f3dulos [&hellip;]","og_url":"https:\/\/www.zivautomation.com\/es\/productos\/comunicaciones\/abit-cdit-modulos-de-teleproteccion\/","og_site_name":"ZIV","article_modified_time":"2022-07-24T22:09:00+00:00","twitter_card":"summary_large_image","twitter_misc":{"Tiempo de lectura":"1 minuto"},"schema":{"@context":"https:\/\/schema.org","@graph":[{"@type":"WebPage","@id":"https:\/\/www.zivautomation.com\/es\/productos\/comunicaciones\/abit-cdit-modulos-de-teleproteccion\/","url":"https:\/\/www.zivautomation.com\/es\/productos\/comunicaciones\/abit-cdit-modulos-de-teleproteccion\/","name":"ABIT & CDIT - M\u00f3dulos de Teleprotecci\u00f3n - ZIV","isPartOf":{"@id":"https:\/\/www.zivautomation.com\/es\/#website"},"datePublished":"2015-06-23T13:03:09+00:00","dateModified":"2022-07-24T22:09:00+00:00","breadcrumb":{"@id":"https:\/\/www.zivautomation.com\/es\/productos\/comunicaciones\/abit-cdit-modulos-de-teleproteccion\/#breadcrumb"},"inLanguage":"es","potentialAction":[{"@type":"ReadAction","target":["https:\/\/www.zivautomation.com\/es\/productos\/comunicaciones\/abit-cdit-modulos-de-teleproteccion\/"]}]},{"@type":"BreadcrumbList","@id":"https:\/\/www.zivautomation.com\/es\/productos\/comunicaciones\/abit-cdit-modulos-de-teleproteccion\/#breadcrumb","itemListElement":[{"@type":"ListItem","position":1,"name":"Home","item":"https:\/\/www.zivautomation.com\/es\/"},{"@type":"ListItem","position":2,"name":"Soluciones ZIV","item":"https:\/\/www.zivautomation.com\/es\/productos\/"},{"@type":"ListItem","position":3,"name":"Comunicaciones","item":"https:\/\/www.zivautomation.com\/es\/productos\/comunicaciones\/"},{"@type":"ListItem","position":4,"name":"ABIT &#038; CDIT &#8211; M\u00f3dulos de Teleprotecci\u00f3n"}]},{"@type":"WebSite","@id":"https:\/\/www.zivautomation.com\/es\/#website","url":"https:\/\/www.zivautomation.com\/es\/","name":"ZIV","description":"Haciendo realidad la Red del Futuro","publisher":{"@id":"https:\/\/www.zivautomation.com\/es\/#organization"},"potentialAction":[{"@type":"SearchAction","target":{"@type":"EntryPoint","urlTemplate":"https:\/\/www.zivautomation.com\/es\/?s={search_term_string}"},"query-input":{"@type":"PropertyValueSpecification","valueRequired":true,"valueName":"search_term_string"}}],"inLanguage":"es"},{"@type":"Organization","@id":"https:\/\/www.zivautomation.com\/es\/#organization","name":"ZIV","url":"https:\/\/www.zivautomation.com\/es\/","logo":{"@type":"ImageObject","inLanguage":"es","@id":"https:\/\/www.zivautomation.com\/es\/#\/schema\/logo\/image\/","url":"https:\/\/www.zivautomation.com\/wp-content\/uploads\/2016\/10\/ziv_solo_cmyk_hr.jpg","contentUrl":"https:\/\/www.zivautomation.com\/wp-content\/uploads\/2016\/10\/ziv_solo_cmyk_hr.jpg","width":7078,"height":2234,"caption":"ZIV"},"image":{"@id":"https:\/\/www.zivautomation.com\/es\/#\/schema\/logo\/image\/"}}]}},"_links":{"self":[{"href":"https:\/\/www.zivautomation.com\/es\/wp-json\/wp\/v2\/pages\/6491","targetHints":{"allow":["GET"]}}],"collection":[{"href":"https:\/\/www.zivautomation.com\/es\/wp-json\/wp\/v2\/pages"}],"about":[{"href":"https:\/\/www.zivautomation.com\/es\/wp-json\/wp\/v2\/types\/page"}],"author":[{"embeddable":true,"href":"https:\/\/www.zivautomation.com\/es\/wp-json\/wp\/v2\/users\/1"}],"replies":[{"embeddable":true,"href":"https:\/\/www.zivautomation.com\/es\/wp-json\/wp\/v2\/comments?post=6491"}],"version-history":[{"count":9,"href":"https:\/\/www.zivautomation.com\/es\/wp-json\/wp\/v2\/pages\/6491\/revisions"}],"predecessor-version":[{"id":85354,"href":"https:\/\/www.zivautomation.com\/es\/wp-json\/wp\/v2\/pages\/6491\/revisions\/85354"}],"up":[{"embeddable":true,"href":"https:\/\/www.zivautomation.com\/es\/wp-json\/wp\/v2\/pages\/84941"}],"wp:attachment":[{"href":"https:\/\/www.zivautomation.com\/es\/wp-json\/wp\/v2\/media?parent=6491"}],"wp:term":[{"taxonomy":"category","embeddable":true,"href":"https:\/\/www.zivautomation.com\/es\/wp-json\/wp\/v2\/categories?post=6491"},{"taxonomy":"post_tag","embeddable":true,"href":"https:\/\/www.zivautomation.com\/es\/wp-json\/wp\/v2\/tags?post=6491"}],"curies":[{"name":"wp","href":"https:\/\/api.w.org\/{rel}","templated":true}]}}