{"id":6488,"date":"2015-06-23T15:11:25","date_gmt":"2015-06-23T13:11:25","guid":{"rendered":"http:\/\/ziv.poselab.com\/maf-pmfpu-built-in-fsk-modem\/"},"modified":"2023-06-06T13:00:29","modified_gmt":"2023-06-06T11:00:29","slug":"mafpmfpu-modem-fsk-integrable","status":"publish","type":"page","link":"https:\/\/www.zivautomation.com\/es\/productos\/comunicaciones\/mafpmfpu-modem-fsk-integrable\/","title":{"rendered":"MFPU &#8211; Modem FSK Integrable"},"content":{"rendered":"<div class=\"wpb-content-wrapper\"><p>[vc_row][vc_column width=&#8221;1\/3&#8243;][vc_single_image border_color=&#8221;grey&#8221; img_link_large=&#8221;yes&#8221; img_link_target=&#8221;_self&#8221; css_animation=&#8221;right-to-left&#8221; img_size=&#8221;medium&#8221; image=&#8221;5963&#8243;][\/vc_column][vc_column width=&#8221;2\/3&#8243;][vc_column_text css_animation=&#8221;right-to-left&#8221;]<\/p>\n<h1>Modem FSK As\u00edncrono de Banda Estrecha integrable<\/h1>\n<h2>Id\u00f3neo en esquemas punto a punto o punto a multipunto.<\/h2>\n<h4>Caracter\u00edsticas principales<\/h4>\n<ul>\n<li>El m\u00f3dulo MFPU es integrable en el panel OPU-1 (19\u201d\/9 U).<\/li>\n<li>Formato de datos: Binario, serie. As\u00edncrono y anis\u00f3crono.<\/li>\n<li>Modulaci\u00f3n: Por desplazamiento de frecuencia (FSK).<\/li>\n<li>Modo de transmisi\u00f3n: V.23 d\u00faplex a 4 hilos y semid\u00faplex a 4 \u00f3 2 hilos.<\/li>\n<li>Velocidad de transmisi\u00f3n de 50, 100, 200, 600, 1200 \u00f3 2400 Bd (a trav\u00e9s de una banda de 4 kHz).<\/li>\n<li>Frecuencia central programable entre una amplia gama de valores.<\/li>\n<li>La interfaz de datos cumple con las recomendaciones V.24 y V.28 de la UIT-T y RS-232C de EIA.<\/li>\n<li>Cuando trabaja en banda supraf\u00f3nica a 1200 Bd, puede compartir el canal del terminal de OP con frecuencias vocales hasta 2000 Hz y con la frecuencia de guarda de 3800 Hz de un terminal de teleprotecci\u00f3n.<\/li>\n<li>Est\u00e1 dotado de dispositivos de prueba que permiten una r\u00e1pida comprobaci\u00f3n de su funcionamiento.<\/li>\n<li>Indicaciones visuales.<\/li>\n<li>La gesti\u00f3n del m\u00f3dulo est\u00e1 incluida en el Sistema de Gesti\u00f3n del terminal de OP.<\/li>\n<li>Conexionado exterior a trav\u00e9s de bloque de bornes de fondo armario asociado al m\u00f3dulo.<\/li>\n<\/ul>\n<h4><strong>Relacionado<\/strong><\/h4>\n<ul>\n<li><a href=\"..\/..\/..\/..\/\">Substation Automation<\/a><\/li>\n<\/ul>\n<p>[\/vc_column_text]<p><strong>Documentaci\u00f3n<\/strong><\/p><ul>\r\n \t<li>Manual de Instrucciones: <a href=\"https:\/\/www.zivautomation.com\/es\/access\/acceso\/\" data-id=\"89540\" class=\"icon-lock\">MOMFPOPA2210Ev06<\/a><\/li>\r\n \t<li>Cat\u00e1logo de Producto:\u00a0 \u00a0<a href=\"https:\/\/www.zivautomation.com\/wp-content\/uploads\/2021\/06\/ziv_op_y_tp_castellano_rev_2.5.pdf\" target=\"_blank\">ZIV_OP_y_TP_Castellano_rev_2.5<\/a> (ES)<\/li>\r\n<\/ul>[\/vc_column][\/vc_row]<\/p>\n<\/div>","protected":false},"excerpt":{"rendered":"<p> Modem FSK As\u00edncrono de Banda Estrecha integrable Id\u00f3neo en esquemas punto a punto o punto a multipunto. Caracter\u00edsticas principales El m\u00f3dulo MFPU es integrable en el panel OPU-1 (19\u201d\/9 U). Formato de datos: Binario, serie. As\u00edncrono y anis\u00f3crono. Modulaci\u00f3n: Por desplazamiento de frecuencia (FSK). Modo de transmisi\u00f3n: V.23 d\u00faplex a [&hellip;]<\/p>\n","protected":false},"author":1,"featured_media":0,"parent":84941,"menu_order":308,"comment_status":"closed","ping_status":"closed","template":"","meta":{"_acf_changed":false,"footnotes":""},"categories":[208,433,440,441,432],"tags":[],"class_list":["post-6488","page","type-page","status-publish","hentry","category-comunicaciones-cat","category-telecomunicaciones-at-cat","category-subestacion-primaria-cat","category-transmision-cat","category-modems-y-convertidores-cat"],"acf":[],"yoast_head":"<!-- This site is optimized with the Yoast SEO plugin v27.3 - https:\/\/yoast.com\/product\/yoast-seo-wordpress\/ -->\n<title>MFPU - Modem FSK Integrable - ZIV<\/title>\n<meta name=\"robots\" content=\"index, follow, max-snippet:-1, max-image-preview:large, max-video-preview:-1\" \/>\n<link rel=\"canonical\" href=\"https:\/\/www.zivautomation.com\/es\/productos\/comunicaciones\/mafpmfpu-modem-fsk-integrable\/\" \/>\n<meta property=\"og:locale\" content=\"es_ES\" \/>\n<meta property=\"og:type\" content=\"article\" \/>\n<meta property=\"og:title\" content=\"MFPU - Modem FSK Integrable - ZIV\" \/>\n<meta property=\"og:description\" content=\"[vc_row][vc_column width=&#8221;1\/3&#8243;][vc_single_image border_color=&#8221;grey&#8221; img_link_large=&#8221;yes&#8221; img_link_target=&#8221;_self&#8221; css_animation=&#8221;right-to-left&#8221; img_size=&#8221;medium&#8221; image=&#8221;5963&#8243;][\/vc_column][vc_column width=&#8221;2\/3&#8243;][vc_column_text css_animation=&#8221;right-to-left&#8221;] Modem FSK As\u00edncrono de Banda Estrecha integrable Id\u00f3neo en esquemas punto a punto o punto a multipunto. Caracter\u00edsticas principales El m\u00f3dulo MFPU es integrable en el panel OPU-1 (19\u201d\/9 U). Formato de datos: Binario, serie. As\u00edncrono y anis\u00f3crono. Modulaci\u00f3n: Por desplazamiento de frecuencia (FSK). Modo de transmisi\u00f3n: V.23 d\u00faplex a [&hellip;]\" \/>\n<meta property=\"og:url\" content=\"https:\/\/www.zivautomation.com\/es\/productos\/comunicaciones\/mafpmfpu-modem-fsk-integrable\/\" \/>\n<meta property=\"og:site_name\" content=\"ZIV\" \/>\n<meta property=\"article:modified_time\" content=\"2023-06-06T11:00:29+00:00\" \/>\n<meta name=\"twitter:card\" content=\"summary_large_image\" \/>\n<meta name=\"twitter:label1\" content=\"Tiempo de lectura\" \/>\n\t<meta name=\"twitter:data1\" content=\"1 minuto\" \/>\n<script type=\"application\/ld+json\" class=\"yoast-schema-graph\">{\"@context\":\"https:\\\/\\\/schema.org\",\"@graph\":[{\"@type\":\"WebPage\",\"@id\":\"https:\\\/\\\/www.zivautomation.com\\\/es\\\/productos\\\/comunicaciones\\\/mafpmfpu-modem-fsk-integrable\\\/\",\"url\":\"https:\\\/\\\/www.zivautomation.com\\\/es\\\/productos\\\/comunicaciones\\\/mafpmfpu-modem-fsk-integrable\\\/\",\"name\":\"MFPU - Modem FSK Integrable - ZIV\",\"isPartOf\":{\"@id\":\"https:\\\/\\\/www.zivautomation.com\\\/es\\\/#website\"},\"datePublished\":\"2015-06-23T13:11:25+00:00\",\"dateModified\":\"2023-06-06T11:00:29+00:00\",\"breadcrumb\":{\"@id\":\"https:\\\/\\\/www.zivautomation.com\\\/es\\\/productos\\\/comunicaciones\\\/mafpmfpu-modem-fsk-integrable\\\/#breadcrumb\"},\"inLanguage\":\"es\",\"potentialAction\":[{\"@type\":\"ReadAction\",\"target\":[\"https:\\\/\\\/www.zivautomation.com\\\/es\\\/productos\\\/comunicaciones\\\/mafpmfpu-modem-fsk-integrable\\\/\"]}]},{\"@type\":\"BreadcrumbList\",\"@id\":\"https:\\\/\\\/www.zivautomation.com\\\/es\\\/productos\\\/comunicaciones\\\/mafpmfpu-modem-fsk-integrable\\\/#breadcrumb\",\"itemListElement\":[{\"@type\":\"ListItem\",\"position\":1,\"name\":\"Home\",\"item\":\"https:\\\/\\\/www.zivautomation.com\\\/es\\\/\"},{\"@type\":\"ListItem\",\"position\":2,\"name\":\"Soluciones ZIV\",\"item\":\"https:\\\/\\\/www.zivautomation.com\\\/es\\\/productos\\\/\"},{\"@type\":\"ListItem\",\"position\":3,\"name\":\"Comunicaciones\",\"item\":\"https:\\\/\\\/www.zivautomation.com\\\/es\\\/productos\\\/comunicaciones\\\/\"},{\"@type\":\"ListItem\",\"position\":4,\"name\":\"MFPU &#8211; Modem FSK Integrable\"}]},{\"@type\":\"WebSite\",\"@id\":\"https:\\\/\\\/www.zivautomation.com\\\/es\\\/#website\",\"url\":\"https:\\\/\\\/www.zivautomation.com\\\/es\\\/\",\"name\":\"ZIV\",\"description\":\"Haciendo realidad la Red del Futuro\",\"publisher\":{\"@id\":\"https:\\\/\\\/www.zivautomation.com\\\/es\\\/#organization\"},\"potentialAction\":[{\"@type\":\"SearchAction\",\"target\":{\"@type\":\"EntryPoint\",\"urlTemplate\":\"https:\\\/\\\/www.zivautomation.com\\\/es\\\/?s={search_term_string}\"},\"query-input\":{\"@type\":\"PropertyValueSpecification\",\"valueRequired\":true,\"valueName\":\"search_term_string\"}}],\"inLanguage\":\"es\"},{\"@type\":\"Organization\",\"@id\":\"https:\\\/\\\/www.zivautomation.com\\\/es\\\/#organization\",\"name\":\"ZIV\",\"url\":\"https:\\\/\\\/www.zivautomation.com\\\/es\\\/\",\"logo\":{\"@type\":\"ImageObject\",\"inLanguage\":\"es\",\"@id\":\"https:\\\/\\\/www.zivautomation.com\\\/es\\\/#\\\/schema\\\/logo\\\/image\\\/\",\"url\":\"https:\\\/\\\/www.zivautomation.com\\\/wp-content\\\/uploads\\\/2016\\\/10\\\/ziv_solo_cmyk_hr.jpg\",\"contentUrl\":\"https:\\\/\\\/www.zivautomation.com\\\/wp-content\\\/uploads\\\/2016\\\/10\\\/ziv_solo_cmyk_hr.jpg\",\"width\":7078,\"height\":2234,\"caption\":\"ZIV\"},\"image\":{\"@id\":\"https:\\\/\\\/www.zivautomation.com\\\/es\\\/#\\\/schema\\\/logo\\\/image\\\/\"}}]}<\/script>\n<!-- \/ Yoast SEO plugin. -->","yoast_head_json":{"title":"MFPU - Modem FSK Integrable - ZIV","robots":{"index":"index","follow":"follow","max-snippet":"max-snippet:-1","max-image-preview":"max-image-preview:large","max-video-preview":"max-video-preview:-1"},"canonical":"https:\/\/www.zivautomation.com\/es\/productos\/comunicaciones\/mafpmfpu-modem-fsk-integrable\/","og_locale":"es_ES","og_type":"article","og_title":"MFPU - Modem FSK Integrable - ZIV","og_description":"[vc_row][vc_column width=&#8221;1\/3&#8243;][vc_single_image border_color=&#8221;grey&#8221; img_link_large=&#8221;yes&#8221; img_link_target=&#8221;_self&#8221; css_animation=&#8221;right-to-left&#8221; img_size=&#8221;medium&#8221; image=&#8221;5963&#8243;][\/vc_column][vc_column width=&#8221;2\/3&#8243;][vc_column_text css_animation=&#8221;right-to-left&#8221;] Modem FSK As\u00edncrono de Banda Estrecha integrable Id\u00f3neo en esquemas punto a punto o punto a multipunto. Caracter\u00edsticas principales El m\u00f3dulo MFPU es integrable en el panel OPU-1 (19\u201d\/9 U). Formato de datos: Binario, serie. As\u00edncrono y anis\u00f3crono. Modulaci\u00f3n: Por desplazamiento de frecuencia (FSK). Modo de transmisi\u00f3n: V.23 d\u00faplex a [&hellip;]","og_url":"https:\/\/www.zivautomation.com\/es\/productos\/comunicaciones\/mafpmfpu-modem-fsk-integrable\/","og_site_name":"ZIV","article_modified_time":"2023-06-06T11:00:29+00:00","twitter_card":"summary_large_image","twitter_misc":{"Tiempo de lectura":"1 minuto"},"schema":{"@context":"https:\/\/schema.org","@graph":[{"@type":"WebPage","@id":"https:\/\/www.zivautomation.com\/es\/productos\/comunicaciones\/mafpmfpu-modem-fsk-integrable\/","url":"https:\/\/www.zivautomation.com\/es\/productos\/comunicaciones\/mafpmfpu-modem-fsk-integrable\/","name":"MFPU - Modem FSK Integrable - ZIV","isPartOf":{"@id":"https:\/\/www.zivautomation.com\/es\/#website"},"datePublished":"2015-06-23T13:11:25+00:00","dateModified":"2023-06-06T11:00:29+00:00","breadcrumb":{"@id":"https:\/\/www.zivautomation.com\/es\/productos\/comunicaciones\/mafpmfpu-modem-fsk-integrable\/#breadcrumb"},"inLanguage":"es","potentialAction":[{"@type":"ReadAction","target":["https:\/\/www.zivautomation.com\/es\/productos\/comunicaciones\/mafpmfpu-modem-fsk-integrable\/"]}]},{"@type":"BreadcrumbList","@id":"https:\/\/www.zivautomation.com\/es\/productos\/comunicaciones\/mafpmfpu-modem-fsk-integrable\/#breadcrumb","itemListElement":[{"@type":"ListItem","position":1,"name":"Home","item":"https:\/\/www.zivautomation.com\/es\/"},{"@type":"ListItem","position":2,"name":"Soluciones ZIV","item":"https:\/\/www.zivautomation.com\/es\/productos\/"},{"@type":"ListItem","position":3,"name":"Comunicaciones","item":"https:\/\/www.zivautomation.com\/es\/productos\/comunicaciones\/"},{"@type":"ListItem","position":4,"name":"MFPU &#8211; Modem FSK Integrable"}]},{"@type":"WebSite","@id":"https:\/\/www.zivautomation.com\/es\/#website","url":"https:\/\/www.zivautomation.com\/es\/","name":"ZIV","description":"Haciendo realidad la Red del Futuro","publisher":{"@id":"https:\/\/www.zivautomation.com\/es\/#organization"},"potentialAction":[{"@type":"SearchAction","target":{"@type":"EntryPoint","urlTemplate":"https:\/\/www.zivautomation.com\/es\/?s={search_term_string}"},"query-input":{"@type":"PropertyValueSpecification","valueRequired":true,"valueName":"search_term_string"}}],"inLanguage":"es"},{"@type":"Organization","@id":"https:\/\/www.zivautomation.com\/es\/#organization","name":"ZIV","url":"https:\/\/www.zivautomation.com\/es\/","logo":{"@type":"ImageObject","inLanguage":"es","@id":"https:\/\/www.zivautomation.com\/es\/#\/schema\/logo\/image\/","url":"https:\/\/www.zivautomation.com\/wp-content\/uploads\/2016\/10\/ziv_solo_cmyk_hr.jpg","contentUrl":"https:\/\/www.zivautomation.com\/wp-content\/uploads\/2016\/10\/ziv_solo_cmyk_hr.jpg","width":7078,"height":2234,"caption":"ZIV"},"image":{"@id":"https:\/\/www.zivautomation.com\/es\/#\/schema\/logo\/image\/"}}]}},"_links":{"self":[{"href":"https:\/\/www.zivautomation.com\/es\/wp-json\/wp\/v2\/pages\/6488","targetHints":{"allow":["GET"]}}],"collection":[{"href":"https:\/\/www.zivautomation.com\/es\/wp-json\/wp\/v2\/pages"}],"about":[{"href":"https:\/\/www.zivautomation.com\/es\/wp-json\/wp\/v2\/types\/page"}],"author":[{"embeddable":true,"href":"https:\/\/www.zivautomation.com\/es\/wp-json\/wp\/v2\/users\/1"}],"replies":[{"embeddable":true,"href":"https:\/\/www.zivautomation.com\/es\/wp-json\/wp\/v2\/comments?post=6488"}],"version-history":[{"count":10,"href":"https:\/\/www.zivautomation.com\/es\/wp-json\/wp\/v2\/pages\/6488\/revisions"}],"predecessor-version":[{"id":89546,"href":"https:\/\/www.zivautomation.com\/es\/wp-json\/wp\/v2\/pages\/6488\/revisions\/89546"}],"up":[{"embeddable":true,"href":"https:\/\/www.zivautomation.com\/es\/wp-json\/wp\/v2\/pages\/84941"}],"wp:attachment":[{"href":"https:\/\/www.zivautomation.com\/es\/wp-json\/wp\/v2\/media?parent=6488"}],"wp:term":[{"taxonomy":"category","embeddable":true,"href":"https:\/\/www.zivautomation.com\/es\/wp-json\/wp\/v2\/categories?post=6488"},{"taxonomy":"post_tag","embeddable":true,"href":"https:\/\/www.zivautomation.com\/es\/wp-json\/wp\/v2\/tags?post=6488"}],"curies":[{"name":"wp","href":"https:\/\/api.w.org\/{rel}","templated":true}]}}