{"id":6484,"date":"2015-06-23T15:26:30","date_gmt":"2015-06-23T13:26:30","guid":{"rendered":"http:\/\/ziv.poselab.com\/vdm-1-stand-alone-converter\/"},"modified":"2022-07-25T00:29:56","modified_gmt":"2022-07-24T22:29:56","slug":"vdm-1-convertidor","status":"publish","type":"page","link":"https:\/\/www.zivautomation.com\/es\/productos\/comunicaciones\/vdm-1-convertidor\/","title":{"rendered":"VDM-1 &#8211; Convertidor"},"content":{"rendered":"<div class=\"wpb-content-wrapper\"><p>[vc_row][vc_column width=&#8221;1\/3&#8243;][vc_single_image border_color=&#8221;grey&#8221; img_link_large=&#8221;yes&#8221; img_link_target=&#8221;_self&#8221; css_animation=&#8221;right-to-left&#8221; img_size=&#8221;medium&#8221; image=&#8221;5971&#8243;][\/vc_column][vc_column width=&#8221;2\/3&#8243;][vc_column_text css_animation=&#8221;right-to-left&#8221;]<strong>Panel concebido para convertir Serie a E1<\/strong><\/p>\n<p>El VDM-1 est\u00e1 constituido por un panel de 19\u201d\/1 U que integra un m\u00f3dulo convertidor tipo AVDM.<\/p>\n<p><strong>Caracter\u00edsticas principales<\/strong><\/p>\n<ul>\n<li>Interfaz de l\u00ednea: 2 Mbit\/s. Transmisi\u00f3n d\u00faplex.\u00a0 Reloj co-direccional. Impedancia de entrada y de salida de 75 \u03a9. Conector BNC.<\/li>\n<li>Interfaz de datos V.24: de 50 a 19200 bit\/s. Conector SUB-D de 25 contactos en configuraci\u00f3n DCE.<\/li>\n<li>Est\u00e1 dotado de dispositivos de prueba que permiten una r\u00e1pida comprobaci\u00f3n de su funcionamiento.<\/li>\n<li>Indicaciones visuales.<\/li>\n<li>Sistema de Gesti\u00f3n Web con interfaz LAN.<\/li>\n<li>Conexionado exterior en la parte posterior del equipo. El conector para la interfaz de red se encuentra en el frontal del equipo.<\/li>\n<li>Panel compacto de 19&#8243;\/1 U.<\/li>\n<\/ul>\n<p><strong>Relacionado<\/strong><\/p>\n<ul>\n<li><a href=\"..\/..\/..\/..\/\">Substation Automation<\/a><\/li>\n<\/ul>\n<p>[\/vc_column_text]<p><strong>Documentaci\u00f3n<\/strong><\/p><ul>\r\n \t<li>Manual de Instrucciones:\u00a0\u00a0<a class=\"icon-lock\" data-id=\"30948\" href=\"https:\/\/www.zivautomation.com\/es\/access\/acceso\/\" target=\"_blank\" rel=\"noopener\">VDM-1 Manual de Usuario - r5<\/a><\/li>\r\n \t<li>Cat\u00e1logo de Producto:\u00a0 \u00a0 \u00a0<a target=\"_blank\" href=\"https:\/\/www.zivautomation.com\/wp-content\/uploads\/2021\/06\/ziv_op_y_tp_castellano_rev_2.5.pdf\">ZIV_OP_y_TP_Castellano_rev_2.5<\/a> (ES)<\/li>\r\n<\/ul>[\/vc_column][\/vc_row]<\/p>\n<\/div>","protected":false},"excerpt":{"rendered":"<p>Panel concebido para convertir Serie a E1 El VDM-1 est\u00e1 constituido por un panel de 19\u201d\/1 U que integra un m\u00f3dulo convertidor tipo AVDM. Caracter\u00edsticas principales Interfaz de l\u00ednea: 2 Mbit\/s. Transmisi\u00f3n d\u00faplex.\u00a0 Reloj co-direccional. Impedancia de entrada y de salida de 75 \u03a9. Conector BNC. Interfaz de datos V.24: de [&hellip;]<\/p>\n","protected":false},"author":1,"featured_media":0,"parent":84941,"menu_order":320,"comment_status":"closed","ping_status":"closed","template":"","meta":{"_acf_changed":false,"footnotes":""},"categories":[208,433,440,441,432],"tags":[],"class_list":["post-6484","page","type-page","status-publish","hentry","category-comunicaciones-cat","category-telecomunicaciones-at-cat","category-subestacion-primaria-cat","category-transmision-cat","category-modems-y-convertidores-cat"],"acf":[],"yoast_head":"<!-- This site is optimized with the Yoast SEO plugin v27.4 - https:\/\/yoast.com\/product\/yoast-seo-wordpress\/ -->\n<title>VDM-1 - Convertidor - ZIV<\/title>\n<meta name=\"robots\" content=\"index, follow, max-snippet:-1, max-image-preview:large, max-video-preview:-1\" \/>\n<link rel=\"canonical\" href=\"https:\/\/www.zivautomation.com\/es\/productos\/comunicaciones\/vdm-1-convertidor\/\" \/>\n<meta property=\"og:locale\" content=\"es_ES\" \/>\n<meta property=\"og:type\" content=\"article\" \/>\n<meta property=\"og:title\" content=\"VDM-1 - Convertidor - ZIV\" \/>\n<meta property=\"og:description\" content=\"[vc_row][vc_column width=&#8221;1\/3&#8243;][vc_single_image border_color=&#8221;grey&#8221; img_link_large=&#8221;yes&#8221; img_link_target=&#8221;_self&#8221; css_animation=&#8221;right-to-left&#8221; img_size=&#8221;medium&#8221; image=&#8221;5971&#8243;][\/vc_column][vc_column width=&#8221;2\/3&#8243;][vc_column_text css_animation=&#8221;right-to-left&#8221;]Panel concebido para convertir Serie a E1 El VDM-1 est\u00e1 constituido por un panel de 19\u201d\/1 U que integra un m\u00f3dulo convertidor tipo AVDM. Caracter\u00edsticas principales Interfaz de l\u00ednea: 2 Mbit\/s. Transmisi\u00f3n d\u00faplex.\u00a0 Reloj co-direccional. Impedancia de entrada y de salida de 75 \u03a9. Conector BNC. Interfaz de datos V.24: de [&hellip;]\" \/>\n<meta property=\"og:url\" content=\"https:\/\/www.zivautomation.com\/es\/productos\/comunicaciones\/vdm-1-convertidor\/\" \/>\n<meta property=\"og:site_name\" content=\"ZIV\" \/>\n<meta property=\"article:modified_time\" content=\"2022-07-24T22:29:56+00:00\" \/>\n<meta name=\"twitter:card\" content=\"summary_large_image\" \/>\n<meta name=\"twitter:label1\" content=\"Tiempo de lectura\" \/>\n\t<meta name=\"twitter:data1\" content=\"1 minuto\" \/>\n<script type=\"application\/ld+json\" class=\"yoast-schema-graph\">{\"@context\":\"https:\\\/\\\/schema.org\",\"@graph\":[{\"@type\":\"WebPage\",\"@id\":\"https:\\\/\\\/www.zivautomation.com\\\/es\\\/productos\\\/comunicaciones\\\/vdm-1-convertidor\\\/\",\"url\":\"https:\\\/\\\/www.zivautomation.com\\\/es\\\/productos\\\/comunicaciones\\\/vdm-1-convertidor\\\/\",\"name\":\"VDM-1 - Convertidor - ZIV\",\"isPartOf\":{\"@id\":\"https:\\\/\\\/www.zivautomation.com\\\/es\\\/#website\"},\"datePublished\":\"2015-06-23T13:26:30+00:00\",\"dateModified\":\"2022-07-24T22:29:56+00:00\",\"breadcrumb\":{\"@id\":\"https:\\\/\\\/www.zivautomation.com\\\/es\\\/productos\\\/comunicaciones\\\/vdm-1-convertidor\\\/#breadcrumb\"},\"inLanguage\":\"es\",\"potentialAction\":[{\"@type\":\"ReadAction\",\"target\":[\"https:\\\/\\\/www.zivautomation.com\\\/es\\\/productos\\\/comunicaciones\\\/vdm-1-convertidor\\\/\"]}]},{\"@type\":\"BreadcrumbList\",\"@id\":\"https:\\\/\\\/www.zivautomation.com\\\/es\\\/productos\\\/comunicaciones\\\/vdm-1-convertidor\\\/#breadcrumb\",\"itemListElement\":[{\"@type\":\"ListItem\",\"position\":1,\"name\":\"Home\",\"item\":\"https:\\\/\\\/www.zivautomation.com\\\/es\\\/\"},{\"@type\":\"ListItem\",\"position\":2,\"name\":\"Soluciones ZIV\",\"item\":\"https:\\\/\\\/www.zivautomation.com\\\/es\\\/productos\\\/\"},{\"@type\":\"ListItem\",\"position\":3,\"name\":\"Comunicaciones\",\"item\":\"https:\\\/\\\/www.zivautomation.com\\\/es\\\/productos\\\/comunicaciones\\\/\"},{\"@type\":\"ListItem\",\"position\":4,\"name\":\"VDM-1 &#8211; Convertidor\"}]},{\"@type\":\"WebSite\",\"@id\":\"https:\\\/\\\/www.zivautomation.com\\\/es\\\/#website\",\"url\":\"https:\\\/\\\/www.zivautomation.com\\\/es\\\/\",\"name\":\"ZIV\",\"description\":\"Haciendo realidad la Red del Futuro\",\"publisher\":{\"@id\":\"https:\\\/\\\/www.zivautomation.com\\\/es\\\/#organization\"},\"potentialAction\":[{\"@type\":\"SearchAction\",\"target\":{\"@type\":\"EntryPoint\",\"urlTemplate\":\"https:\\\/\\\/www.zivautomation.com\\\/es\\\/?s={search_term_string}\"},\"query-input\":{\"@type\":\"PropertyValueSpecification\",\"valueRequired\":true,\"valueName\":\"search_term_string\"}}],\"inLanguage\":\"es\"},{\"@type\":\"Organization\",\"@id\":\"https:\\\/\\\/www.zivautomation.com\\\/es\\\/#organization\",\"name\":\"ZIV\",\"url\":\"https:\\\/\\\/www.zivautomation.com\\\/es\\\/\",\"logo\":{\"@type\":\"ImageObject\",\"inLanguage\":\"es\",\"@id\":\"https:\\\/\\\/www.zivautomation.com\\\/es\\\/#\\\/schema\\\/logo\\\/image\\\/\",\"url\":\"https:\\\/\\\/www.zivautomation.com\\\/wp-content\\\/uploads\\\/2016\\\/10\\\/ziv_solo_cmyk_hr.jpg\",\"contentUrl\":\"https:\\\/\\\/www.zivautomation.com\\\/wp-content\\\/uploads\\\/2016\\\/10\\\/ziv_solo_cmyk_hr.jpg\",\"width\":7078,\"height\":2234,\"caption\":\"ZIV\"},\"image\":{\"@id\":\"https:\\\/\\\/www.zivautomation.com\\\/es\\\/#\\\/schema\\\/logo\\\/image\\\/\"}}]}<\/script>\n<!-- \/ Yoast SEO plugin. -->","yoast_head_json":{"title":"VDM-1 - Convertidor - ZIV","robots":{"index":"index","follow":"follow","max-snippet":"max-snippet:-1","max-image-preview":"max-image-preview:large","max-video-preview":"max-video-preview:-1"},"canonical":"https:\/\/www.zivautomation.com\/es\/productos\/comunicaciones\/vdm-1-convertidor\/","og_locale":"es_ES","og_type":"article","og_title":"VDM-1 - Convertidor - ZIV","og_description":"[vc_row][vc_column width=&#8221;1\/3&#8243;][vc_single_image border_color=&#8221;grey&#8221; img_link_large=&#8221;yes&#8221; img_link_target=&#8221;_self&#8221; css_animation=&#8221;right-to-left&#8221; img_size=&#8221;medium&#8221; image=&#8221;5971&#8243;][\/vc_column][vc_column width=&#8221;2\/3&#8243;][vc_column_text css_animation=&#8221;right-to-left&#8221;]Panel concebido para convertir Serie a E1 El VDM-1 est\u00e1 constituido por un panel de 19\u201d\/1 U que integra un m\u00f3dulo convertidor tipo AVDM. Caracter\u00edsticas principales Interfaz de l\u00ednea: 2 Mbit\/s. Transmisi\u00f3n d\u00faplex.\u00a0 Reloj co-direccional. Impedancia de entrada y de salida de 75 \u03a9. Conector BNC. Interfaz de datos V.24: de [&hellip;]","og_url":"https:\/\/www.zivautomation.com\/es\/productos\/comunicaciones\/vdm-1-convertidor\/","og_site_name":"ZIV","article_modified_time":"2022-07-24T22:29:56+00:00","twitter_card":"summary_large_image","twitter_misc":{"Tiempo de lectura":"1 minuto"},"schema":{"@context":"https:\/\/schema.org","@graph":[{"@type":"WebPage","@id":"https:\/\/www.zivautomation.com\/es\/productos\/comunicaciones\/vdm-1-convertidor\/","url":"https:\/\/www.zivautomation.com\/es\/productos\/comunicaciones\/vdm-1-convertidor\/","name":"VDM-1 - Convertidor - ZIV","isPartOf":{"@id":"https:\/\/www.zivautomation.com\/es\/#website"},"datePublished":"2015-06-23T13:26:30+00:00","dateModified":"2022-07-24T22:29:56+00:00","breadcrumb":{"@id":"https:\/\/www.zivautomation.com\/es\/productos\/comunicaciones\/vdm-1-convertidor\/#breadcrumb"},"inLanguage":"es","potentialAction":[{"@type":"ReadAction","target":["https:\/\/www.zivautomation.com\/es\/productos\/comunicaciones\/vdm-1-convertidor\/"]}]},{"@type":"BreadcrumbList","@id":"https:\/\/www.zivautomation.com\/es\/productos\/comunicaciones\/vdm-1-convertidor\/#breadcrumb","itemListElement":[{"@type":"ListItem","position":1,"name":"Home","item":"https:\/\/www.zivautomation.com\/es\/"},{"@type":"ListItem","position":2,"name":"Soluciones ZIV","item":"https:\/\/www.zivautomation.com\/es\/productos\/"},{"@type":"ListItem","position":3,"name":"Comunicaciones","item":"https:\/\/www.zivautomation.com\/es\/productos\/comunicaciones\/"},{"@type":"ListItem","position":4,"name":"VDM-1 &#8211; Convertidor"}]},{"@type":"WebSite","@id":"https:\/\/www.zivautomation.com\/es\/#website","url":"https:\/\/www.zivautomation.com\/es\/","name":"ZIV","description":"Haciendo realidad la Red del Futuro","publisher":{"@id":"https:\/\/www.zivautomation.com\/es\/#organization"},"potentialAction":[{"@type":"SearchAction","target":{"@type":"EntryPoint","urlTemplate":"https:\/\/www.zivautomation.com\/es\/?s={search_term_string}"},"query-input":{"@type":"PropertyValueSpecification","valueRequired":true,"valueName":"search_term_string"}}],"inLanguage":"es"},{"@type":"Organization","@id":"https:\/\/www.zivautomation.com\/es\/#organization","name":"ZIV","url":"https:\/\/www.zivautomation.com\/es\/","logo":{"@type":"ImageObject","inLanguage":"es","@id":"https:\/\/www.zivautomation.com\/es\/#\/schema\/logo\/image\/","url":"https:\/\/www.zivautomation.com\/wp-content\/uploads\/2016\/10\/ziv_solo_cmyk_hr.jpg","contentUrl":"https:\/\/www.zivautomation.com\/wp-content\/uploads\/2016\/10\/ziv_solo_cmyk_hr.jpg","width":7078,"height":2234,"caption":"ZIV"},"image":{"@id":"https:\/\/www.zivautomation.com\/es\/#\/schema\/logo\/image\/"}}]}},"_links":{"self":[{"href":"https:\/\/www.zivautomation.com\/es\/wp-json\/wp\/v2\/pages\/6484","targetHints":{"allow":["GET"]}}],"collection":[{"href":"https:\/\/www.zivautomation.com\/es\/wp-json\/wp\/v2\/pages"}],"about":[{"href":"https:\/\/www.zivautomation.com\/es\/wp-json\/wp\/v2\/types\/page"}],"author":[{"embeddable":true,"href":"https:\/\/www.zivautomation.com\/es\/wp-json\/wp\/v2\/users\/1"}],"replies":[{"embeddable":true,"href":"https:\/\/www.zivautomation.com\/es\/wp-json\/wp\/v2\/comments?post=6484"}],"version-history":[{"count":4,"href":"https:\/\/www.zivautomation.com\/es\/wp-json\/wp\/v2\/pages\/6484\/revisions"}],"predecessor-version":[{"id":85369,"href":"https:\/\/www.zivautomation.com\/es\/wp-json\/wp\/v2\/pages\/6484\/revisions\/85369"}],"up":[{"embeddable":true,"href":"https:\/\/www.zivautomation.com\/es\/wp-json\/wp\/v2\/pages\/84941"}],"wp:attachment":[{"href":"https:\/\/www.zivautomation.com\/es\/wp-json\/wp\/v2\/media?parent=6484"}],"wp:term":[{"taxonomy":"category","embeddable":true,"href":"https:\/\/www.zivautomation.com\/es\/wp-json\/wp\/v2\/categories?post=6484"},{"taxonomy":"post_tag","embeddable":true,"href":"https:\/\/www.zivautomation.com\/es\/wp-json\/wp\/v2\/tags?post=6484"}],"curies":[{"name":"wp","href":"https:\/\/api.w.org\/{rel}","templated":true}]}}