{"id":6483,"date":"2015-06-23T15:47:43","date_gmt":"2015-06-23T13:47:43","guid":{"rendered":"http:\/\/ziv.poselab.com\/mdd-3-stand-alone-rack\/"},"modified":"2022-07-25T00:28:17","modified_gmt":"2022-07-24T22:28:17","slug":"mdd-3-rack","status":"publish","type":"page","link":"https:\/\/www.zivautomation.com\/es\/productos\/comunicaciones\/mdd-3-rack\/","title":{"rendered":"MDD-3 &#8211; Rack"},"content":{"rendered":"<div class=\"wpb-content-wrapper\"><p>[vc_row][vc_column width=&#8221;1\/3&#8243;][vc_single_image border_color=&#8221;grey&#8221; img_link_large=&#8221;yes&#8221; img_link_target=&#8221;_self&#8221; css_animation=&#8221;right-to-left&#8221; img_size=&#8221;medium&#8221; image=&#8221;5973&#8243;][\/vc_column][vc_column width=&#8221;2\/3&#8243;][vc_column_text css_animation=&#8221;right-to-left&#8221;]<strong>Rack para m\u00f3dulos MAFP\/AVDM<\/strong><\/p>\n<p>El MDD-3 est\u00e1 constituido por un rack de 19\u201d\/6 U, preparado para contener hasta un m\u00e1ximo de 14 m\u00f3dulos tipo MAFP y\/o AVDM.<\/p>\n<p><strong>Caracter\u00edsticas principales<\/strong><\/p>\n<ul>\n<li>Cada MAFP\/AVDM instalado en el rack es independiente de los dem\u00e1s en cuanto a conexi\u00f3n exterior y alimentaci\u00f3n.<\/li>\n<li>Dos entradas de alimentaci\u00f3n por m\u00f3dulo (alimentaci\u00f3n redundante).<\/li>\n<li>Panel compacto de 19&#8243;\/6 U.<\/li>\n<\/ul>\n<p><strong>Relacionado<\/strong><\/p>\n<ul>\n<li><a href=\"..\/..\/..\/..\/\">Substation Automation<\/a><\/li>\n<\/ul>\n<p>[\/vc_column_text]<p><strong>Documentaci\u00f3n<\/strong><\/p><ul>\r\n \t<li>Manual de Instrucciones:\u00a0\u00a0<a target=\"_blank\" class=\"icon-lock\" data-id=\"30936\" href=\"https:\/\/www.zivautomation.com\/es\/access\/acceso\/\">MDD-3, AVDM y MAFP Manual de Usuario - r3<\/a><\/li>\r\n \t<li>Cat\u00e1logo de Producto:\u00a0 \u00a0 \u00a0 <a target=\"_blank\" href=\"https:\/\/www.zivautomation.com\/wp-content\/uploads\/2021\/06\/ziv_op_y_tp_castellano_rev_2.5.pdf\">ZIV_OP_y_TP_Castellano_rev_2.5<\/a> (ES)<\/li>\r\n<\/ul>[\/vc_column][\/vc_row]<\/p>\n<\/div>","protected":false},"excerpt":{"rendered":"<p>Rack para m\u00f3dulos MAFP\/AVDM El MDD-3 est\u00e1 constituido por un rack de 19\u201d\/6 U, preparado para contener hasta un m\u00e1ximo de 14 m\u00f3dulos tipo MAFP y\/o AVDM. Caracter\u00edsticas principales Cada MAFP\/AVDM instalado en el rack es independiente de los dem\u00e1s en cuanto a conexi\u00f3n exterior y alimentaci\u00f3n. Dos entradas de alimentaci\u00f3n [&hellip;]<\/p>\n","protected":false},"author":1,"featured_media":0,"parent":84941,"menu_order":306,"comment_status":"closed","ping_status":"closed","template":"","meta":{"_acf_changed":false,"footnotes":""},"categories":[208,433,440,441,432],"tags":[],"class_list":["post-6483","page","type-page","status-publish","hentry","category-comunicaciones-cat","category-telecomunicaciones-at-cat","category-subestacion-primaria-cat","category-transmision-cat","category-modems-y-convertidores-cat"],"acf":[],"yoast_head":"<!-- This site is optimized with the Yoast SEO plugin v27.4 - https:\/\/yoast.com\/product\/yoast-seo-wordpress\/ -->\n<title>MDD-3 - Rack - ZIV<\/title>\n<meta name=\"robots\" content=\"index, follow, max-snippet:-1, max-image-preview:large, max-video-preview:-1\" \/>\n<link rel=\"canonical\" href=\"https:\/\/www.zivautomation.com\/es\/productos\/comunicaciones\/mdd-3-rack\/\" \/>\n<meta property=\"og:locale\" content=\"es_ES\" \/>\n<meta property=\"og:type\" content=\"article\" \/>\n<meta property=\"og:title\" content=\"MDD-3 - Rack - ZIV\" \/>\n<meta property=\"og:description\" content=\"[vc_row][vc_column width=&#8221;1\/3&#8243;][vc_single_image border_color=&#8221;grey&#8221; img_link_large=&#8221;yes&#8221; img_link_target=&#8221;_self&#8221; css_animation=&#8221;right-to-left&#8221; img_size=&#8221;medium&#8221; image=&#8221;5973&#8243;][\/vc_column][vc_column width=&#8221;2\/3&#8243;][vc_column_text css_animation=&#8221;right-to-left&#8221;]Rack para m\u00f3dulos MAFP\/AVDM El MDD-3 est\u00e1 constituido por un rack de 19\u201d\/6 U, preparado para contener hasta un m\u00e1ximo de 14 m\u00f3dulos tipo MAFP y\/o AVDM. Caracter\u00edsticas principales Cada MAFP\/AVDM instalado en el rack es independiente de los dem\u00e1s en cuanto a conexi\u00f3n exterior y alimentaci\u00f3n. Dos entradas de alimentaci\u00f3n [&hellip;]\" \/>\n<meta property=\"og:url\" content=\"https:\/\/www.zivautomation.com\/es\/productos\/comunicaciones\/mdd-3-rack\/\" \/>\n<meta property=\"og:site_name\" content=\"ZIV\" \/>\n<meta property=\"article:modified_time\" content=\"2022-07-24T22:28:17+00:00\" \/>\n<meta name=\"twitter:card\" content=\"summary_large_image\" \/>\n<meta name=\"twitter:label1\" content=\"Tiempo de lectura\" \/>\n\t<meta name=\"twitter:data1\" content=\"1 minuto\" \/>\n<script type=\"application\/ld+json\" class=\"yoast-schema-graph\">{\"@context\":\"https:\\\/\\\/schema.org\",\"@graph\":[{\"@type\":\"WebPage\",\"@id\":\"https:\\\/\\\/www.zivautomation.com\\\/es\\\/productos\\\/comunicaciones\\\/mdd-3-rack\\\/\",\"url\":\"https:\\\/\\\/www.zivautomation.com\\\/es\\\/productos\\\/comunicaciones\\\/mdd-3-rack\\\/\",\"name\":\"MDD-3 - Rack - ZIV\",\"isPartOf\":{\"@id\":\"https:\\\/\\\/www.zivautomation.com\\\/es\\\/#website\"},\"datePublished\":\"2015-06-23T13:47:43+00:00\",\"dateModified\":\"2022-07-24T22:28:17+00:00\",\"breadcrumb\":{\"@id\":\"https:\\\/\\\/www.zivautomation.com\\\/es\\\/productos\\\/comunicaciones\\\/mdd-3-rack\\\/#breadcrumb\"},\"inLanguage\":\"es\",\"potentialAction\":[{\"@type\":\"ReadAction\",\"target\":[\"https:\\\/\\\/www.zivautomation.com\\\/es\\\/productos\\\/comunicaciones\\\/mdd-3-rack\\\/\"]}]},{\"@type\":\"BreadcrumbList\",\"@id\":\"https:\\\/\\\/www.zivautomation.com\\\/es\\\/productos\\\/comunicaciones\\\/mdd-3-rack\\\/#breadcrumb\",\"itemListElement\":[{\"@type\":\"ListItem\",\"position\":1,\"name\":\"Home\",\"item\":\"https:\\\/\\\/www.zivautomation.com\\\/es\\\/\"},{\"@type\":\"ListItem\",\"position\":2,\"name\":\"Soluciones ZIV\",\"item\":\"https:\\\/\\\/www.zivautomation.com\\\/es\\\/productos\\\/\"},{\"@type\":\"ListItem\",\"position\":3,\"name\":\"Comunicaciones\",\"item\":\"https:\\\/\\\/www.zivautomation.com\\\/es\\\/productos\\\/comunicaciones\\\/\"},{\"@type\":\"ListItem\",\"position\":4,\"name\":\"MDD-3 &#8211; Rack\"}]},{\"@type\":\"WebSite\",\"@id\":\"https:\\\/\\\/www.zivautomation.com\\\/es\\\/#website\",\"url\":\"https:\\\/\\\/www.zivautomation.com\\\/es\\\/\",\"name\":\"ZIV\",\"description\":\"Haciendo realidad la Red del Futuro\",\"publisher\":{\"@id\":\"https:\\\/\\\/www.zivautomation.com\\\/es\\\/#organization\"},\"potentialAction\":[{\"@type\":\"SearchAction\",\"target\":{\"@type\":\"EntryPoint\",\"urlTemplate\":\"https:\\\/\\\/www.zivautomation.com\\\/es\\\/?s={search_term_string}\"},\"query-input\":{\"@type\":\"PropertyValueSpecification\",\"valueRequired\":true,\"valueName\":\"search_term_string\"}}],\"inLanguage\":\"es\"},{\"@type\":\"Organization\",\"@id\":\"https:\\\/\\\/www.zivautomation.com\\\/es\\\/#organization\",\"name\":\"ZIV\",\"url\":\"https:\\\/\\\/www.zivautomation.com\\\/es\\\/\",\"logo\":{\"@type\":\"ImageObject\",\"inLanguage\":\"es\",\"@id\":\"https:\\\/\\\/www.zivautomation.com\\\/es\\\/#\\\/schema\\\/logo\\\/image\\\/\",\"url\":\"https:\\\/\\\/www.zivautomation.com\\\/wp-content\\\/uploads\\\/2016\\\/10\\\/ziv_solo_cmyk_hr.jpg\",\"contentUrl\":\"https:\\\/\\\/www.zivautomation.com\\\/wp-content\\\/uploads\\\/2016\\\/10\\\/ziv_solo_cmyk_hr.jpg\",\"width\":7078,\"height\":2234,\"caption\":\"ZIV\"},\"image\":{\"@id\":\"https:\\\/\\\/www.zivautomation.com\\\/es\\\/#\\\/schema\\\/logo\\\/image\\\/\"}}]}<\/script>\n<!-- \/ Yoast SEO plugin. -->","yoast_head_json":{"title":"MDD-3 - Rack - ZIV","robots":{"index":"index","follow":"follow","max-snippet":"max-snippet:-1","max-image-preview":"max-image-preview:large","max-video-preview":"max-video-preview:-1"},"canonical":"https:\/\/www.zivautomation.com\/es\/productos\/comunicaciones\/mdd-3-rack\/","og_locale":"es_ES","og_type":"article","og_title":"MDD-3 - Rack - ZIV","og_description":"[vc_row][vc_column width=&#8221;1\/3&#8243;][vc_single_image border_color=&#8221;grey&#8221; img_link_large=&#8221;yes&#8221; img_link_target=&#8221;_self&#8221; css_animation=&#8221;right-to-left&#8221; img_size=&#8221;medium&#8221; image=&#8221;5973&#8243;][\/vc_column][vc_column width=&#8221;2\/3&#8243;][vc_column_text css_animation=&#8221;right-to-left&#8221;]Rack para m\u00f3dulos MAFP\/AVDM El MDD-3 est\u00e1 constituido por un rack de 19\u201d\/6 U, preparado para contener hasta un m\u00e1ximo de 14 m\u00f3dulos tipo MAFP y\/o AVDM. Caracter\u00edsticas principales Cada MAFP\/AVDM instalado en el rack es independiente de los dem\u00e1s en cuanto a conexi\u00f3n exterior y alimentaci\u00f3n. Dos entradas de alimentaci\u00f3n [&hellip;]","og_url":"https:\/\/www.zivautomation.com\/es\/productos\/comunicaciones\/mdd-3-rack\/","og_site_name":"ZIV","article_modified_time":"2022-07-24T22:28:17+00:00","twitter_card":"summary_large_image","twitter_misc":{"Tiempo de lectura":"1 minuto"},"schema":{"@context":"https:\/\/schema.org","@graph":[{"@type":"WebPage","@id":"https:\/\/www.zivautomation.com\/es\/productos\/comunicaciones\/mdd-3-rack\/","url":"https:\/\/www.zivautomation.com\/es\/productos\/comunicaciones\/mdd-3-rack\/","name":"MDD-3 - Rack - ZIV","isPartOf":{"@id":"https:\/\/www.zivautomation.com\/es\/#website"},"datePublished":"2015-06-23T13:47:43+00:00","dateModified":"2022-07-24T22:28:17+00:00","breadcrumb":{"@id":"https:\/\/www.zivautomation.com\/es\/productos\/comunicaciones\/mdd-3-rack\/#breadcrumb"},"inLanguage":"es","potentialAction":[{"@type":"ReadAction","target":["https:\/\/www.zivautomation.com\/es\/productos\/comunicaciones\/mdd-3-rack\/"]}]},{"@type":"BreadcrumbList","@id":"https:\/\/www.zivautomation.com\/es\/productos\/comunicaciones\/mdd-3-rack\/#breadcrumb","itemListElement":[{"@type":"ListItem","position":1,"name":"Home","item":"https:\/\/www.zivautomation.com\/es\/"},{"@type":"ListItem","position":2,"name":"Soluciones ZIV","item":"https:\/\/www.zivautomation.com\/es\/productos\/"},{"@type":"ListItem","position":3,"name":"Comunicaciones","item":"https:\/\/www.zivautomation.com\/es\/productos\/comunicaciones\/"},{"@type":"ListItem","position":4,"name":"MDD-3 &#8211; Rack"}]},{"@type":"WebSite","@id":"https:\/\/www.zivautomation.com\/es\/#website","url":"https:\/\/www.zivautomation.com\/es\/","name":"ZIV","description":"Haciendo realidad la Red del Futuro","publisher":{"@id":"https:\/\/www.zivautomation.com\/es\/#organization"},"potentialAction":[{"@type":"SearchAction","target":{"@type":"EntryPoint","urlTemplate":"https:\/\/www.zivautomation.com\/es\/?s={search_term_string}"},"query-input":{"@type":"PropertyValueSpecification","valueRequired":true,"valueName":"search_term_string"}}],"inLanguage":"es"},{"@type":"Organization","@id":"https:\/\/www.zivautomation.com\/es\/#organization","name":"ZIV","url":"https:\/\/www.zivautomation.com\/es\/","logo":{"@type":"ImageObject","inLanguage":"es","@id":"https:\/\/www.zivautomation.com\/es\/#\/schema\/logo\/image\/","url":"https:\/\/www.zivautomation.com\/wp-content\/uploads\/2016\/10\/ziv_solo_cmyk_hr.jpg","contentUrl":"https:\/\/www.zivautomation.com\/wp-content\/uploads\/2016\/10\/ziv_solo_cmyk_hr.jpg","width":7078,"height":2234,"caption":"ZIV"},"image":{"@id":"https:\/\/www.zivautomation.com\/es\/#\/schema\/logo\/image\/"}}]}},"_links":{"self":[{"href":"https:\/\/www.zivautomation.com\/es\/wp-json\/wp\/v2\/pages\/6483","targetHints":{"allow":["GET"]}}],"collection":[{"href":"https:\/\/www.zivautomation.com\/es\/wp-json\/wp\/v2\/pages"}],"about":[{"href":"https:\/\/www.zivautomation.com\/es\/wp-json\/wp\/v2\/types\/page"}],"author":[{"embeddable":true,"href":"https:\/\/www.zivautomation.com\/es\/wp-json\/wp\/v2\/users\/1"}],"replies":[{"embeddable":true,"href":"https:\/\/www.zivautomation.com\/es\/wp-json\/wp\/v2\/comments?post=6483"}],"version-history":[{"count":4,"href":"https:\/\/www.zivautomation.com\/es\/wp-json\/wp\/v2\/pages\/6483\/revisions"}],"predecessor-version":[{"id":85367,"href":"https:\/\/www.zivautomation.com\/es\/wp-json\/wp\/v2\/pages\/6483\/revisions\/85367"}],"up":[{"embeddable":true,"href":"https:\/\/www.zivautomation.com\/es\/wp-json\/wp\/v2\/pages\/84941"}],"wp:attachment":[{"href":"https:\/\/www.zivautomation.com\/es\/wp-json\/wp\/v2\/media?parent=6483"}],"wp:term":[{"taxonomy":"category","embeddable":true,"href":"https:\/\/www.zivautomation.com\/es\/wp-json\/wp\/v2\/categories?post=6483"},{"taxonomy":"post_tag","embeddable":true,"href":"https:\/\/www.zivautomation.com\/es\/wp-json\/wp\/v2\/tags?post=6483"}],"curies":[{"name":"wp","href":"https:\/\/api.w.org\/{rel}","templated":true}]}}