{"id":6479,"date":"2015-06-23T15:52:32","date_gmt":"2015-06-23T13:52:32","guid":{"rendered":"http:\/\/ziv.poselab.com\/uam-4-band-pass-unit\/"},"modified":"2023-06-06T13:14:30","modified_gmt":"2023-06-06T11:14:30","slug":"uam-4-unidad-paso-banda","status":"publish","type":"page","link":"https:\/\/www.zivautomation.com\/es\/productos\/comunicaciones\/uam-4-unidad-paso-banda\/","title":{"rendered":"UAM-4 &#8211; Unidad Paso-Banda"},"content":{"rendered":"<div class=\"wpb-content-wrapper\"><p>[vc_row][vc_column width=&#8221;1\/3&#8243;][vc_single_image border_color=&#8221;grey&#8221; img_link_large=&#8221;yes&#8221; img_link_target=&#8221;_self&#8221; css_animation=&#8221;right-to-left&#8221; img_size=&#8221;medium&#8221; image=&#8221;5979&#8243;][\/vc_column][vc_column width=&#8221;2\/3&#8243;][vc_column_text css_animation=&#8221;right-to-left&#8221;]<\/p>\n<h2>Unidad de acoplamiento para sistemas de OP sobre l\u00edneas de AT<\/h2>\n<p>Estructura de filtro paso-banda. Buen funcionamiento en cables subterr\u00e1neos.<\/p>\n<p><strong>Caracter\u00edsticas principales<\/strong><\/p>\n<ul>\n<li>Dise\u00f1ada seg\u00fan el est\u00e1ndar CEI 60481 (atenuaci\u00f3n compuesta \u2264 2 y atenuaci\u00f3n de reflexi\u00f3n \u2265 12 dB en el ancho de banda seleccionado).<\/li>\n<li>Potencia nominal (P.E.P): 400 W para dos tonos.<\/li>\n<li>Distorsi\u00f3n e intermodulaci\u00f3n: 80 dB por debajo del nivel correspondiente a la potencia nominal P.E.P.<\/li>\n<li>Estructura de filtro paso-banda.<\/li>\n<li>Aislamiento a frecuencia industrial: &gt;5 kVef.<\/li>\n<li>Rango de frecuencias: 40\u00f7500 kHz.<\/li>\n<li>Capacidad del condensador de acoplo: 2 a 10 nF.<\/li>\n<li>Impedancia lado equipo: 75, 125, 150 y 250 \u03a9. Otras bajo demanda.<\/li>\n<li>Impedancia lado l\u00ednea: 25 a 750 \u03a9.<\/li>\n<li>Elementos de protecci\u00f3n:<br \/>\nLado l\u00ednea: bobina de drenaje, seccionador de puesta a tierra, descargador de aire y descargador de estado s\u00f3lido (opcional).<br \/>\nLado equipo: descargador de gas.<\/li>\n<li>Caja y tapa: Aluminio fundido con pintura a base de polvo poli\u00e9ster para exterior, color gris metalizado (Ref. B-8515 de BJC).<\/li>\n<\/ul>\n<p><strong>Relacionado<\/strong><\/p>\n<ul>\n<li><a href=\"..\/..\/..\/..\/\">Substation Automation<\/a><\/li>\n<\/ul>\n<p>[\/vc_column_text]<p><strong>Documentaci\u00f3n<\/strong><\/p><ul>\r\n \t<li>Manual de Instrucciones:\u00a0 <a target=\"_blank\" class=\"icon-lock\" data-id=\"75488\" href=\"https:\/\/www.zivautomation.com\/es\/access\/acceso\/\">M0UAM42006Cv09_UAM-4_Manual_de_Usuario_R9-C<\/a> - <em>Rev Jn 2020<\/em><\/li>\r\n \t<li>Cat\u00e1logo de Producto:\u00a0 \u00a0 \u00a0 \u00a0<a href=\"https:\/\/www.zivautomation.com\/wp-content\/uploads\/2021\/02\/ziv_acoplos_y_accesorios_castellano_rev_2.3.pdf\" target=\"_blank\" rel=\"noopener\">ZIV_Acoplos_y_Accesorios_Castellano_rev_2.3<\/a><\/li>\r\n<\/ul>[\/vc_column][\/vc_row]<\/p>\n<\/div>","protected":false},"excerpt":{"rendered":"<p> Unidad de acoplamiento para sistemas de OP sobre l\u00edneas de AT Estructura de filtro paso-banda. Buen funcionamiento en cables subterr\u00e1neos. Caracter\u00edsticas principales Dise\u00f1ada seg\u00fan el est\u00e1ndar CEI 60481 (atenuaci\u00f3n compuesta \u2264 2 y atenuaci\u00f3n de reflexi\u00f3n \u2265 12 dB en el ancho de banda seleccionado). Potencia nominal (P.E.P): 400 W [&hellip;]<\/p>\n","protected":false},"author":1,"featured_media":0,"parent":84941,"menu_order":314,"comment_status":"closed","ping_status":"closed","template":"","meta":{"_acf_changed":false,"footnotes":""},"categories":[208,433,440,441,239],"tags":[],"class_list":["post-6479","page","type-page","status-publish","hentry","category-comunicaciones-cat","category-telecomunicaciones-at-cat","category-subestacion-primaria-cat","category-transmision-cat","category-unidades-de-acoplamiento-y-accesorios-cat"],"acf":[],"yoast_head":"<!-- This site is optimized with the Yoast SEO plugin v27.4 - https:\/\/yoast.com\/product\/yoast-seo-wordpress\/ -->\n<title>UAM-4 - Unidad Paso-Banda - ZIV<\/title>\n<meta name=\"robots\" content=\"index, follow, max-snippet:-1, max-image-preview:large, max-video-preview:-1\" \/>\n<link rel=\"canonical\" href=\"https:\/\/www.zivautomation.com\/es\/productos\/comunicaciones\/uam-4-unidad-paso-banda\/\" \/>\n<meta property=\"og:locale\" content=\"es_ES\" \/>\n<meta property=\"og:type\" content=\"article\" \/>\n<meta property=\"og:title\" content=\"UAM-4 - Unidad Paso-Banda - ZIV\" \/>\n<meta property=\"og:description\" content=\"[vc_row][vc_column width=&#8221;1\/3&#8243;][vc_single_image border_color=&#8221;grey&#8221; img_link_large=&#8221;yes&#8221; img_link_target=&#8221;_self&#8221; css_animation=&#8221;right-to-left&#8221; img_size=&#8221;medium&#8221; image=&#8221;5979&#8243;][\/vc_column][vc_column width=&#8221;2\/3&#8243;][vc_column_text css_animation=&#8221;right-to-left&#8221;] Unidad de acoplamiento para sistemas de OP sobre l\u00edneas de AT Estructura de filtro paso-banda. Buen funcionamiento en cables subterr\u00e1neos. Caracter\u00edsticas principales Dise\u00f1ada seg\u00fan el est\u00e1ndar CEI 60481 (atenuaci\u00f3n compuesta \u2264 2 y atenuaci\u00f3n de reflexi\u00f3n \u2265 12 dB en el ancho de banda seleccionado). Potencia nominal (P.E.P): 400 W [&hellip;]\" \/>\n<meta property=\"og:url\" content=\"https:\/\/www.zivautomation.com\/es\/productos\/comunicaciones\/uam-4-unidad-paso-banda\/\" \/>\n<meta property=\"og:site_name\" content=\"ZIV\" \/>\n<meta property=\"article:modified_time\" content=\"2023-06-06T11:14:30+00:00\" \/>\n<meta name=\"twitter:card\" content=\"summary_large_image\" \/>\n<meta name=\"twitter:label1\" content=\"Tiempo de lectura\" \/>\n\t<meta name=\"twitter:data1\" content=\"1 minuto\" \/>\n<script type=\"application\/ld+json\" class=\"yoast-schema-graph\">{\"@context\":\"https:\\\/\\\/schema.org\",\"@graph\":[{\"@type\":\"WebPage\",\"@id\":\"https:\\\/\\\/www.zivautomation.com\\\/es\\\/productos\\\/comunicaciones\\\/uam-4-unidad-paso-banda\\\/\",\"url\":\"https:\\\/\\\/www.zivautomation.com\\\/es\\\/productos\\\/comunicaciones\\\/uam-4-unidad-paso-banda\\\/\",\"name\":\"UAM-4 - Unidad Paso-Banda - ZIV\",\"isPartOf\":{\"@id\":\"https:\\\/\\\/www.zivautomation.com\\\/es\\\/#website\"},\"datePublished\":\"2015-06-23T13:52:32+00:00\",\"dateModified\":\"2023-06-06T11:14:30+00:00\",\"breadcrumb\":{\"@id\":\"https:\\\/\\\/www.zivautomation.com\\\/es\\\/productos\\\/comunicaciones\\\/uam-4-unidad-paso-banda\\\/#breadcrumb\"},\"inLanguage\":\"es\",\"potentialAction\":[{\"@type\":\"ReadAction\",\"target\":[\"https:\\\/\\\/www.zivautomation.com\\\/es\\\/productos\\\/comunicaciones\\\/uam-4-unidad-paso-banda\\\/\"]}]},{\"@type\":\"BreadcrumbList\",\"@id\":\"https:\\\/\\\/www.zivautomation.com\\\/es\\\/productos\\\/comunicaciones\\\/uam-4-unidad-paso-banda\\\/#breadcrumb\",\"itemListElement\":[{\"@type\":\"ListItem\",\"position\":1,\"name\":\"Home\",\"item\":\"https:\\\/\\\/www.zivautomation.com\\\/es\\\/\"},{\"@type\":\"ListItem\",\"position\":2,\"name\":\"Soluciones ZIV\",\"item\":\"https:\\\/\\\/www.zivautomation.com\\\/es\\\/productos\\\/\"},{\"@type\":\"ListItem\",\"position\":3,\"name\":\"Comunicaciones\",\"item\":\"https:\\\/\\\/www.zivautomation.com\\\/es\\\/productos\\\/comunicaciones\\\/\"},{\"@type\":\"ListItem\",\"position\":4,\"name\":\"UAM-4 &#8211; Unidad Paso-Banda\"}]},{\"@type\":\"WebSite\",\"@id\":\"https:\\\/\\\/www.zivautomation.com\\\/es\\\/#website\",\"url\":\"https:\\\/\\\/www.zivautomation.com\\\/es\\\/\",\"name\":\"ZIV\",\"description\":\"Haciendo realidad la Red del Futuro\",\"publisher\":{\"@id\":\"https:\\\/\\\/www.zivautomation.com\\\/es\\\/#organization\"},\"potentialAction\":[{\"@type\":\"SearchAction\",\"target\":{\"@type\":\"EntryPoint\",\"urlTemplate\":\"https:\\\/\\\/www.zivautomation.com\\\/es\\\/?s={search_term_string}\"},\"query-input\":{\"@type\":\"PropertyValueSpecification\",\"valueRequired\":true,\"valueName\":\"search_term_string\"}}],\"inLanguage\":\"es\"},{\"@type\":\"Organization\",\"@id\":\"https:\\\/\\\/www.zivautomation.com\\\/es\\\/#organization\",\"name\":\"ZIV\",\"url\":\"https:\\\/\\\/www.zivautomation.com\\\/es\\\/\",\"logo\":{\"@type\":\"ImageObject\",\"inLanguage\":\"es\",\"@id\":\"https:\\\/\\\/www.zivautomation.com\\\/es\\\/#\\\/schema\\\/logo\\\/image\\\/\",\"url\":\"https:\\\/\\\/www.zivautomation.com\\\/wp-content\\\/uploads\\\/2016\\\/10\\\/ziv_solo_cmyk_hr.jpg\",\"contentUrl\":\"https:\\\/\\\/www.zivautomation.com\\\/wp-content\\\/uploads\\\/2016\\\/10\\\/ziv_solo_cmyk_hr.jpg\",\"width\":7078,\"height\":2234,\"caption\":\"ZIV\"},\"image\":{\"@id\":\"https:\\\/\\\/www.zivautomation.com\\\/es\\\/#\\\/schema\\\/logo\\\/image\\\/\"}}]}<\/script>\n<!-- \/ Yoast SEO plugin. -->","yoast_head_json":{"title":"UAM-4 - Unidad Paso-Banda - ZIV","robots":{"index":"index","follow":"follow","max-snippet":"max-snippet:-1","max-image-preview":"max-image-preview:large","max-video-preview":"max-video-preview:-1"},"canonical":"https:\/\/www.zivautomation.com\/es\/productos\/comunicaciones\/uam-4-unidad-paso-banda\/","og_locale":"es_ES","og_type":"article","og_title":"UAM-4 - Unidad Paso-Banda - ZIV","og_description":"[vc_row][vc_column width=&#8221;1\/3&#8243;][vc_single_image border_color=&#8221;grey&#8221; img_link_large=&#8221;yes&#8221; img_link_target=&#8221;_self&#8221; css_animation=&#8221;right-to-left&#8221; img_size=&#8221;medium&#8221; image=&#8221;5979&#8243;][\/vc_column][vc_column width=&#8221;2\/3&#8243;][vc_column_text css_animation=&#8221;right-to-left&#8221;] Unidad de acoplamiento para sistemas de OP sobre l\u00edneas de AT Estructura de filtro paso-banda. Buen funcionamiento en cables subterr\u00e1neos. Caracter\u00edsticas principales Dise\u00f1ada seg\u00fan el est\u00e1ndar CEI 60481 (atenuaci\u00f3n compuesta \u2264 2 y atenuaci\u00f3n de reflexi\u00f3n \u2265 12 dB en el ancho de banda seleccionado). Potencia nominal (P.E.P): 400 W [&hellip;]","og_url":"https:\/\/www.zivautomation.com\/es\/productos\/comunicaciones\/uam-4-unidad-paso-banda\/","og_site_name":"ZIV","article_modified_time":"2023-06-06T11:14:30+00:00","twitter_card":"summary_large_image","twitter_misc":{"Tiempo de lectura":"1 minuto"},"schema":{"@context":"https:\/\/schema.org","@graph":[{"@type":"WebPage","@id":"https:\/\/www.zivautomation.com\/es\/productos\/comunicaciones\/uam-4-unidad-paso-banda\/","url":"https:\/\/www.zivautomation.com\/es\/productos\/comunicaciones\/uam-4-unidad-paso-banda\/","name":"UAM-4 - Unidad Paso-Banda - ZIV","isPartOf":{"@id":"https:\/\/www.zivautomation.com\/es\/#website"},"datePublished":"2015-06-23T13:52:32+00:00","dateModified":"2023-06-06T11:14:30+00:00","breadcrumb":{"@id":"https:\/\/www.zivautomation.com\/es\/productos\/comunicaciones\/uam-4-unidad-paso-banda\/#breadcrumb"},"inLanguage":"es","potentialAction":[{"@type":"ReadAction","target":["https:\/\/www.zivautomation.com\/es\/productos\/comunicaciones\/uam-4-unidad-paso-banda\/"]}]},{"@type":"BreadcrumbList","@id":"https:\/\/www.zivautomation.com\/es\/productos\/comunicaciones\/uam-4-unidad-paso-banda\/#breadcrumb","itemListElement":[{"@type":"ListItem","position":1,"name":"Home","item":"https:\/\/www.zivautomation.com\/es\/"},{"@type":"ListItem","position":2,"name":"Soluciones ZIV","item":"https:\/\/www.zivautomation.com\/es\/productos\/"},{"@type":"ListItem","position":3,"name":"Comunicaciones","item":"https:\/\/www.zivautomation.com\/es\/productos\/comunicaciones\/"},{"@type":"ListItem","position":4,"name":"UAM-4 &#8211; Unidad Paso-Banda"}]},{"@type":"WebSite","@id":"https:\/\/www.zivautomation.com\/es\/#website","url":"https:\/\/www.zivautomation.com\/es\/","name":"ZIV","description":"Haciendo realidad la Red del Futuro","publisher":{"@id":"https:\/\/www.zivautomation.com\/es\/#organization"},"potentialAction":[{"@type":"SearchAction","target":{"@type":"EntryPoint","urlTemplate":"https:\/\/www.zivautomation.com\/es\/?s={search_term_string}"},"query-input":{"@type":"PropertyValueSpecification","valueRequired":true,"valueName":"search_term_string"}}],"inLanguage":"es"},{"@type":"Organization","@id":"https:\/\/www.zivautomation.com\/es\/#organization","name":"ZIV","url":"https:\/\/www.zivautomation.com\/es\/","logo":{"@type":"ImageObject","inLanguage":"es","@id":"https:\/\/www.zivautomation.com\/es\/#\/schema\/logo\/image\/","url":"https:\/\/www.zivautomation.com\/wp-content\/uploads\/2016\/10\/ziv_solo_cmyk_hr.jpg","contentUrl":"https:\/\/www.zivautomation.com\/wp-content\/uploads\/2016\/10\/ziv_solo_cmyk_hr.jpg","width":7078,"height":2234,"caption":"ZIV"},"image":{"@id":"https:\/\/www.zivautomation.com\/es\/#\/schema\/logo\/image\/"}}]}},"_links":{"self":[{"href":"https:\/\/www.zivautomation.com\/es\/wp-json\/wp\/v2\/pages\/6479","targetHints":{"allow":["GET"]}}],"collection":[{"href":"https:\/\/www.zivautomation.com\/es\/wp-json\/wp\/v2\/pages"}],"about":[{"href":"https:\/\/www.zivautomation.com\/es\/wp-json\/wp\/v2\/types\/page"}],"author":[{"embeddable":true,"href":"https:\/\/www.zivautomation.com\/es\/wp-json\/wp\/v2\/users\/1"}],"replies":[{"embeddable":true,"href":"https:\/\/www.zivautomation.com\/es\/wp-json\/wp\/v2\/comments?post=6479"}],"version-history":[{"count":4,"href":"https:\/\/www.zivautomation.com\/es\/wp-json\/wp\/v2\/pages\/6479\/revisions"}],"predecessor-version":[{"id":89549,"href":"https:\/\/www.zivautomation.com\/es\/wp-json\/wp\/v2\/pages\/6479\/revisions\/89549"}],"up":[{"embeddable":true,"href":"https:\/\/www.zivautomation.com\/es\/wp-json\/wp\/v2\/pages\/84941"}],"wp:attachment":[{"href":"https:\/\/www.zivautomation.com\/es\/wp-json\/wp\/v2\/media?parent=6479"}],"wp:term":[{"taxonomy":"category","embeddable":true,"href":"https:\/\/www.zivautomation.com\/es\/wp-json\/wp\/v2\/categories?post=6479"},{"taxonomy":"post_tag","embeddable":true,"href":"https:\/\/www.zivautomation.com\/es\/wp-json\/wp\/v2\/tags?post=6479"}],"curies":[{"name":"wp","href":"https:\/\/api.w.org\/{rel}","templated":true}]}}