{"id":6478,"date":"2015-06-23T16:11:42","date_gmt":"2015-06-23T14:11:42","guid":{"rendered":"http:\/\/ziv.poselab.com\/chd-4-differential-hybrid-circuit\/"},"modified":"2022-07-25T00:23:07","modified_gmt":"2022-07-24T22:23:07","slug":"chd-4-circuito-hibrido-diferencial","status":"publish","type":"page","link":"https:\/\/www.zivautomation.com\/es\/productos\/comunicaciones\/chd-4-circuito-hibrido-diferencial\/","title":{"rendered":"CHD-4 &#8211; Circuito H\u00edbrido Diferencial"},"content":{"rendered":"<div class=\"wpb-content-wrapper\"><p>[vc_row][vc_column width=&#8221;1\/3&#8243;][vc_single_image border_color=&#8221;grey&#8221; img_link_large=&#8221;yes&#8221; img_link_target=&#8221;_self&#8221; css_animation=&#8221;right-to-left&#8221; img_size=&#8221;medium&#8221; image=&#8221;5981&#8243;][\/vc_column][vc_column width=&#8221;2\/3&#8243;][vc_column_text css_animation=&#8221;right-to-left&#8221;]<\/p>\n<h2><strong>Circuito h\u00edbrido diferencial para sistemas de OP sobre l\u00edneas de AT<\/strong><\/h2>\n<p>Permite la conexi\u00f3n de un equipo de OP a dos o tres fases de una l\u00ednea. Permite acoplar en paralelo dos equipos de OP que emplean bandas de frecuencias contiguas.<\/p>\n<p><strong>Caracter\u00edsticas principales<\/strong><\/p>\n<ul>\n<li>Aplicaci\u00f3n:<br \/>\nAcoplamiento fase-fase.<br \/>\nAcoplamiento de dos equipos de OP.<br \/>\nAcoplamiento trif\u00e1sico.<\/li>\n<li>Potencia nominal (P.E.P): 400 W.<\/li>\n<li>Distorsi\u00f3n e intermodulaci\u00f3n: 80 dB por debajo del nivel correspondiente a la potencia nominal P.E.P.<\/li>\n<li>Aislamiento entre los terminales de conexi\u00f3n y chasis: &gt;1,5 kVef.<\/li>\n<li>Rango de frecuencias: 40\u00f7500 kHz.<\/li>\n<li>Impedancia nominal: 75 \u03a9. Otras bajo demanda.<\/li>\n<li>Atenuaci\u00f3n compuesta: &lt;0.25 dB en toda la banda.<\/li>\n<li>Atenuaci\u00f3n de reflexi\u00f3n: &gt; 25 dB en toda la banda.<\/li>\n<li>Elementos de protecci\u00f3n: descargador de gas (lado equipo de OP)<\/li>\n<li>Caja y tapa: Aluminio fundido con pintura a base de polvo poli\u00e9ster para exterior, color gris metalizado (Ref. B-8515 de BJC).<\/li>\n<\/ul>\n<p><strong>Relacionado<\/strong><\/p>\n<ul>\n<li><a href=\"..\/..\/..\/..\/\">Substation Automation<\/a><\/li>\n<\/ul>\n<p>[\/vc_column_text]<p><strong>Documentaci\u00f3n<\/strong><\/p><ul>\r\n \t<li>Manual de Instrucciones:\u00a0\u00a0<a class=\"icon-lock\" data-id=\"22807\" href=\"https:\/\/www.zivautomation.com\/es\/access\/acceso\/\" target=\"_blank\" rel=\"noopener\">CHD-4 Manual de Usuario - r2<\/a><\/li>\r\n \t<li>Cat\u00e1logo de Producto:\u00a0 \u00a0 \u00a0 <a target=\"_blank\" href=\"https:\/\/www.zivautomation.com\/wp-content\/uploads\/2021\/02\/ziv_acoplos_y_accesorios_castellano_rev_2.3.pdf\">ZIV_Acoplos_y_Accesorios_Castellano_rev_2.3<\/a><\/li>\r\n<\/ul>[\/vc_column][\/vc_row]<\/p>\n<\/div>","protected":false},"excerpt":{"rendered":"<p> Circuito h\u00edbrido diferencial para sistemas de OP sobre l\u00edneas de AT Permite la conexi\u00f3n de un equipo de OP a dos o tres fases de una l\u00ednea. Permite acoplar en paralelo dos equipos de OP que emplean bandas de frecuencias contiguas. Caracter\u00edsticas principales Aplicaci\u00f3n: Acoplamiento fase-fase. Acoplamiento de dos equipos [&hellip;]<\/p>\n","protected":false},"author":1,"featured_media":0,"parent":84941,"menu_order":294,"comment_status":"closed","ping_status":"closed","template":"","meta":{"_acf_changed":false,"footnotes":""},"categories":[208,433,440,441,239],"tags":[],"class_list":["post-6478","page","type-page","status-publish","hentry","category-comunicaciones-cat","category-telecomunicaciones-at-cat","category-subestacion-primaria-cat","category-transmision-cat","category-unidades-de-acoplamiento-y-accesorios-cat"],"acf":[],"yoast_head":"<!-- This site is optimized with the Yoast SEO plugin v27.4 - https:\/\/yoast.com\/product\/yoast-seo-wordpress\/ -->\n<title>CHD-4 - Circuito H\u00edbrido Diferencial - ZIV<\/title>\n<meta name=\"robots\" content=\"index, follow, max-snippet:-1, max-image-preview:large, max-video-preview:-1\" \/>\n<link rel=\"canonical\" href=\"https:\/\/www.zivautomation.com\/es\/productos\/comunicaciones\/chd-4-circuito-hibrido-diferencial\/\" \/>\n<meta property=\"og:locale\" content=\"es_ES\" \/>\n<meta property=\"og:type\" content=\"article\" \/>\n<meta property=\"og:title\" content=\"CHD-4 - Circuito H\u00edbrido Diferencial - ZIV\" \/>\n<meta property=\"og:description\" content=\"[vc_row][vc_column width=&#8221;1\/3&#8243;][vc_single_image border_color=&#8221;grey&#8221; img_link_large=&#8221;yes&#8221; img_link_target=&#8221;_self&#8221; css_animation=&#8221;right-to-left&#8221; img_size=&#8221;medium&#8221; image=&#8221;5981&#8243;][\/vc_column][vc_column width=&#8221;2\/3&#8243;][vc_column_text css_animation=&#8221;right-to-left&#8221;] Circuito h\u00edbrido diferencial para sistemas de OP sobre l\u00edneas de AT Permite la conexi\u00f3n de un equipo de OP a dos o tres fases de una l\u00ednea. Permite acoplar en paralelo dos equipos de OP que emplean bandas de frecuencias contiguas. Caracter\u00edsticas principales Aplicaci\u00f3n: Acoplamiento fase-fase. Acoplamiento de dos equipos [&hellip;]\" \/>\n<meta property=\"og:url\" content=\"https:\/\/www.zivautomation.com\/es\/productos\/comunicaciones\/chd-4-circuito-hibrido-diferencial\/\" \/>\n<meta property=\"og:site_name\" content=\"ZIV\" \/>\n<meta property=\"article:modified_time\" content=\"2022-07-24T22:23:07+00:00\" \/>\n<meta name=\"twitter:card\" content=\"summary_large_image\" \/>\n<meta name=\"twitter:label1\" content=\"Tiempo de lectura\" \/>\n\t<meta name=\"twitter:data1\" content=\"1 minuto\" \/>\n<script type=\"application\/ld+json\" class=\"yoast-schema-graph\">{\"@context\":\"https:\\\/\\\/schema.org\",\"@graph\":[{\"@type\":\"WebPage\",\"@id\":\"https:\\\/\\\/www.zivautomation.com\\\/es\\\/productos\\\/comunicaciones\\\/chd-4-circuito-hibrido-diferencial\\\/\",\"url\":\"https:\\\/\\\/www.zivautomation.com\\\/es\\\/productos\\\/comunicaciones\\\/chd-4-circuito-hibrido-diferencial\\\/\",\"name\":\"CHD-4 - Circuito H\u00edbrido Diferencial - ZIV\",\"isPartOf\":{\"@id\":\"https:\\\/\\\/www.zivautomation.com\\\/es\\\/#website\"},\"datePublished\":\"2015-06-23T14:11:42+00:00\",\"dateModified\":\"2022-07-24T22:23:07+00:00\",\"breadcrumb\":{\"@id\":\"https:\\\/\\\/www.zivautomation.com\\\/es\\\/productos\\\/comunicaciones\\\/chd-4-circuito-hibrido-diferencial\\\/#breadcrumb\"},\"inLanguage\":\"es\",\"potentialAction\":[{\"@type\":\"ReadAction\",\"target\":[\"https:\\\/\\\/www.zivautomation.com\\\/es\\\/productos\\\/comunicaciones\\\/chd-4-circuito-hibrido-diferencial\\\/\"]}]},{\"@type\":\"BreadcrumbList\",\"@id\":\"https:\\\/\\\/www.zivautomation.com\\\/es\\\/productos\\\/comunicaciones\\\/chd-4-circuito-hibrido-diferencial\\\/#breadcrumb\",\"itemListElement\":[{\"@type\":\"ListItem\",\"position\":1,\"name\":\"Home\",\"item\":\"https:\\\/\\\/www.zivautomation.com\\\/es\\\/\"},{\"@type\":\"ListItem\",\"position\":2,\"name\":\"Soluciones ZIV\",\"item\":\"https:\\\/\\\/www.zivautomation.com\\\/es\\\/productos\\\/\"},{\"@type\":\"ListItem\",\"position\":3,\"name\":\"Comunicaciones\",\"item\":\"https:\\\/\\\/www.zivautomation.com\\\/es\\\/productos\\\/comunicaciones\\\/\"},{\"@type\":\"ListItem\",\"position\":4,\"name\":\"CHD-4 &#8211; Circuito H\u00edbrido Diferencial\"}]},{\"@type\":\"WebSite\",\"@id\":\"https:\\\/\\\/www.zivautomation.com\\\/es\\\/#website\",\"url\":\"https:\\\/\\\/www.zivautomation.com\\\/es\\\/\",\"name\":\"ZIV\",\"description\":\"Haciendo realidad la Red del Futuro\",\"publisher\":{\"@id\":\"https:\\\/\\\/www.zivautomation.com\\\/es\\\/#organization\"},\"potentialAction\":[{\"@type\":\"SearchAction\",\"target\":{\"@type\":\"EntryPoint\",\"urlTemplate\":\"https:\\\/\\\/www.zivautomation.com\\\/es\\\/?s={search_term_string}\"},\"query-input\":{\"@type\":\"PropertyValueSpecification\",\"valueRequired\":true,\"valueName\":\"search_term_string\"}}],\"inLanguage\":\"es\"},{\"@type\":\"Organization\",\"@id\":\"https:\\\/\\\/www.zivautomation.com\\\/es\\\/#organization\",\"name\":\"ZIV\",\"url\":\"https:\\\/\\\/www.zivautomation.com\\\/es\\\/\",\"logo\":{\"@type\":\"ImageObject\",\"inLanguage\":\"es\",\"@id\":\"https:\\\/\\\/www.zivautomation.com\\\/es\\\/#\\\/schema\\\/logo\\\/image\\\/\",\"url\":\"https:\\\/\\\/www.zivautomation.com\\\/wp-content\\\/uploads\\\/2016\\\/10\\\/ziv_solo_cmyk_hr.jpg\",\"contentUrl\":\"https:\\\/\\\/www.zivautomation.com\\\/wp-content\\\/uploads\\\/2016\\\/10\\\/ziv_solo_cmyk_hr.jpg\",\"width\":7078,\"height\":2234,\"caption\":\"ZIV\"},\"image\":{\"@id\":\"https:\\\/\\\/www.zivautomation.com\\\/es\\\/#\\\/schema\\\/logo\\\/image\\\/\"}}]}<\/script>\n<!-- \/ Yoast SEO plugin. -->","yoast_head_json":{"title":"CHD-4 - Circuito H\u00edbrido Diferencial - ZIV","robots":{"index":"index","follow":"follow","max-snippet":"max-snippet:-1","max-image-preview":"max-image-preview:large","max-video-preview":"max-video-preview:-1"},"canonical":"https:\/\/www.zivautomation.com\/es\/productos\/comunicaciones\/chd-4-circuito-hibrido-diferencial\/","og_locale":"es_ES","og_type":"article","og_title":"CHD-4 - Circuito H\u00edbrido Diferencial - ZIV","og_description":"[vc_row][vc_column width=&#8221;1\/3&#8243;][vc_single_image border_color=&#8221;grey&#8221; img_link_large=&#8221;yes&#8221; img_link_target=&#8221;_self&#8221; css_animation=&#8221;right-to-left&#8221; img_size=&#8221;medium&#8221; image=&#8221;5981&#8243;][\/vc_column][vc_column width=&#8221;2\/3&#8243;][vc_column_text css_animation=&#8221;right-to-left&#8221;] Circuito h\u00edbrido diferencial para sistemas de OP sobre l\u00edneas de AT Permite la conexi\u00f3n de un equipo de OP a dos o tres fases de una l\u00ednea. Permite acoplar en paralelo dos equipos de OP que emplean bandas de frecuencias contiguas. Caracter\u00edsticas principales Aplicaci\u00f3n: Acoplamiento fase-fase. Acoplamiento de dos equipos [&hellip;]","og_url":"https:\/\/www.zivautomation.com\/es\/productos\/comunicaciones\/chd-4-circuito-hibrido-diferencial\/","og_site_name":"ZIV","article_modified_time":"2022-07-24T22:23:07+00:00","twitter_card":"summary_large_image","twitter_misc":{"Tiempo de lectura":"1 minuto"},"schema":{"@context":"https:\/\/schema.org","@graph":[{"@type":"WebPage","@id":"https:\/\/www.zivautomation.com\/es\/productos\/comunicaciones\/chd-4-circuito-hibrido-diferencial\/","url":"https:\/\/www.zivautomation.com\/es\/productos\/comunicaciones\/chd-4-circuito-hibrido-diferencial\/","name":"CHD-4 - Circuito H\u00edbrido Diferencial - ZIV","isPartOf":{"@id":"https:\/\/www.zivautomation.com\/es\/#website"},"datePublished":"2015-06-23T14:11:42+00:00","dateModified":"2022-07-24T22:23:07+00:00","breadcrumb":{"@id":"https:\/\/www.zivautomation.com\/es\/productos\/comunicaciones\/chd-4-circuito-hibrido-diferencial\/#breadcrumb"},"inLanguage":"es","potentialAction":[{"@type":"ReadAction","target":["https:\/\/www.zivautomation.com\/es\/productos\/comunicaciones\/chd-4-circuito-hibrido-diferencial\/"]}]},{"@type":"BreadcrumbList","@id":"https:\/\/www.zivautomation.com\/es\/productos\/comunicaciones\/chd-4-circuito-hibrido-diferencial\/#breadcrumb","itemListElement":[{"@type":"ListItem","position":1,"name":"Home","item":"https:\/\/www.zivautomation.com\/es\/"},{"@type":"ListItem","position":2,"name":"Soluciones ZIV","item":"https:\/\/www.zivautomation.com\/es\/productos\/"},{"@type":"ListItem","position":3,"name":"Comunicaciones","item":"https:\/\/www.zivautomation.com\/es\/productos\/comunicaciones\/"},{"@type":"ListItem","position":4,"name":"CHD-4 &#8211; Circuito H\u00edbrido Diferencial"}]},{"@type":"WebSite","@id":"https:\/\/www.zivautomation.com\/es\/#website","url":"https:\/\/www.zivautomation.com\/es\/","name":"ZIV","description":"Haciendo realidad la Red del Futuro","publisher":{"@id":"https:\/\/www.zivautomation.com\/es\/#organization"},"potentialAction":[{"@type":"SearchAction","target":{"@type":"EntryPoint","urlTemplate":"https:\/\/www.zivautomation.com\/es\/?s={search_term_string}"},"query-input":{"@type":"PropertyValueSpecification","valueRequired":true,"valueName":"search_term_string"}}],"inLanguage":"es"},{"@type":"Organization","@id":"https:\/\/www.zivautomation.com\/es\/#organization","name":"ZIV","url":"https:\/\/www.zivautomation.com\/es\/","logo":{"@type":"ImageObject","inLanguage":"es","@id":"https:\/\/www.zivautomation.com\/es\/#\/schema\/logo\/image\/","url":"https:\/\/www.zivautomation.com\/wp-content\/uploads\/2016\/10\/ziv_solo_cmyk_hr.jpg","contentUrl":"https:\/\/www.zivautomation.com\/wp-content\/uploads\/2016\/10\/ziv_solo_cmyk_hr.jpg","width":7078,"height":2234,"caption":"ZIV"},"image":{"@id":"https:\/\/www.zivautomation.com\/es\/#\/schema\/logo\/image\/"}}]}},"_links":{"self":[{"href":"https:\/\/www.zivautomation.com\/es\/wp-json\/wp\/v2\/pages\/6478","targetHints":{"allow":["GET"]}}],"collection":[{"href":"https:\/\/www.zivautomation.com\/es\/wp-json\/wp\/v2\/pages"}],"about":[{"href":"https:\/\/www.zivautomation.com\/es\/wp-json\/wp\/v2\/types\/page"}],"author":[{"embeddable":true,"href":"https:\/\/www.zivautomation.com\/es\/wp-json\/wp\/v2\/users\/1"}],"replies":[{"embeddable":true,"href":"https:\/\/www.zivautomation.com\/es\/wp-json\/wp\/v2\/comments?post=6478"}],"version-history":[{"count":2,"href":"https:\/\/www.zivautomation.com\/es\/wp-json\/wp\/v2\/pages\/6478\/revisions"}],"predecessor-version":[{"id":85359,"href":"https:\/\/www.zivautomation.com\/es\/wp-json\/wp\/v2\/pages\/6478\/revisions\/85359"}],"up":[{"embeddable":true,"href":"https:\/\/www.zivautomation.com\/es\/wp-json\/wp\/v2\/pages\/84941"}],"wp:attachment":[{"href":"https:\/\/www.zivautomation.com\/es\/wp-json\/wp\/v2\/media?parent=6478"}],"wp:term":[{"taxonomy":"category","embeddable":true,"href":"https:\/\/www.zivautomation.com\/es\/wp-json\/wp\/v2\/categories?post=6478"},{"taxonomy":"post_tag","embeddable":true,"href":"https:\/\/www.zivautomation.com\/es\/wp-json\/wp\/v2\/tags?post=6478"}],"curies":[{"name":"wp","href":"https:\/\/api.w.org\/{rel}","templated":true}]}}