{"id":6473,"date":"2015-06-23T16:25:49","date_gmt":"2015-06-23T14:25:49","guid":{"rendered":"http:\/\/ziv.poselab.com\/swt-gigabitfast-ethernet-switch\/"},"modified":"2024-01-23T14:31:58","modified_gmt":"2024-01-23T13:31:58","slug":"swt-switch-gigabitfast-ethernet","status":"publish","type":"page","link":"https:\/\/www.zivautomation.com\/es\/productos\/comunicaciones\/swt-switch-gigabitfast-ethernet\/","title":{"rendered":"SW3 L2\/L3 PTP &#8211; Switch de Subestaci\u00f3n (rack 19&#8243;)"},"content":{"rendered":"<div class=\"wpb-content-wrapper\"><p>[vc_row][vc_column width=&#8221;1\/3&#8243;][vc_single_image image=&#8221;29108&#8243; img_size=&#8221;medium&#8221; img_link_large=&#8221;yes&#8221;][vc_single_image image=&#8221;84152&#8243; img_size=&#8221;medium&#8221; onclick=&#8221;img_link_large&#8221;][\/vc_column][vc_column width=&#8221;2\/3&#8243;][vc_column_text]<\/p>\n<h1>Gigabit Ethernet\u00a0Switch IEC 61850 para Subestaciones El\u00e9ctricas<\/h1>\n<h2>Flexibilidad en puertos de fibra \u00f3ptica para la transmisi\u00f3n de datos entre subestaciones.<\/h2>\n<h4>Caracter\u00edsticas principales<\/h4>\n<ul>\n<li>Cumple con los est\u00e1ndares IEEE 1613 y IEC 61850-3.<\/li>\n<li>Dispone de las capacidades necesarias para llevar a cabo la automatizaci\u00f3n de las Subestaciones El\u00e9ctricas conforme al est\u00e1ndar IEC 61850.<\/li>\n<li>Hasta 8k de direcciones MAC.<\/li>\n<li>Flexibilidad en n\u00famero y tipo de puertos.<\/li>\n<li>Disposici\u00f3n frontal o posterior de los puertos.<\/li>\n<li>4 bah\u00edas SFP Gigabit Ethernet y hasta 32 puertos Fast Ethernet (RJ-45, MT-RJ, ST, SC, LC, LC SM).<\/li>\n<li>E\/S digital (gestionable v\u00eda SNMP).<\/li>\n<li>Prioridad configurable en cada puerto.<\/li>\n<li>Prestaciones de QoS para identificar servicios cr\u00edticos.<\/li>\n<li>STP\/RSTP est\u00e1ndar.<\/li>\n<li>Soporte VLAN.<\/li>\n<li>Gesti\u00f3n local y remota mediante consola local, servidor Telnet, servidor SSH, o a trav\u00e9s de servidor web HTTP\/HTTPS.<\/li>\n<li>Agente SNMPv1, SNMPv2c y SNMPv3.<\/li>\n<li>LLDP, GARP\/GMRP, NTP\/SNTP.<\/li>\n<li>Control de acceso de usuarios mediante servidor remoto TACACS+ o RADIUS.<\/li>\n<li>Control de acceso a la red por puerto mediante RADIUS o listas locales de direcciones MAC.<\/li>\n<li>IGMP snooping.<\/li>\n<li>Operaci\u00f3n Q-in-Q (con doble tag).<\/li>\n<li>Agrupaci\u00f3n de enlaces (LAG) configurable por el usuario (no LACP), seg\u00fan IEEE 802.1AX.<\/li>\n<li>Panel compacto de 19\u2033\/1 U.<\/li>\n<\/ul>\n<p>[\/vc_column_text]<p><strong>Documentaci\u00f3n<\/strong><\/p><ul>\r\n \t<li>Manual de Instrucciones:\r\n<ul>\r\n \t<li><a class=\"icon-lock\" data-id=\"94260\" href=\"https:\/\/www.zivautomation.com\/es\/access\/acceso\/\" target=\"_blank\" rel=\"noopener\">M0SW3ML24010Ev08_SW3_L2_rack<\/a><\/li>\r\n \t<li><a class=\"icon-lock\" data-id=\"91239\" href=\"https:\/\/www.zivautomation.com\/es\/access\/acceso\/\" target=\"_blank\" rel=\"noopener\">M0SW3ML32310Ev14_SW3_L3_rack<\/a><\/li>\r\n<\/ul>\r\n<\/li>\r\n \t<li>Data Sheet:\r\n<ul>\r\n \t<li><a target=\"_blank\" href=\"https:\/\/www.zivautomation.com\/wp-content\/uploads\/2022\/06\/f0sw3m2205iv04_ziv_sw3_l2-l3_data_sheet_r4-i.pdf\">F0SW3M2205Iv04_ZIV_SW3_L2-L3_Data_Sheet_R4-I<\/a><\/li>\r\n \t<li><a target=\"_blank\" href=\"https:\/\/www.zivautomation.com\/wp-content\/uploads\/2022\/06\/f0sw3m2205fv04_ziv_sw3_l2-l3_data_sheet_r4-f.pdf\">F0SW3M2205Fv04_ZIV_SW3_L2-L3_Data_Sheet_R4-F<\/a><\/li>\r\n<\/ul>\r\n<\/li>\r\n<\/ul>[\/vc_column][\/vc_row]<\/p>\n<\/div>","protected":false},"excerpt":{"rendered":"<p> Gigabit Ethernet\u00a0Switch IEC 61850 para Subestaciones El\u00e9ctricas Flexibilidad en puertos de fibra \u00f3ptica para la transmisi\u00f3n de datos entre subestaciones. Caracter\u00edsticas principales Cumple con los est\u00e1ndares IEEE 1613 y IEC 61850-3. Dispone de las capacidades necesarias para llevar a cabo la automatizaci\u00f3n de las Subestaciones El\u00e9ctricas conforme al est\u00e1ndar IEC 61850. [&hellip;]<\/p>\n","protected":false},"author":1,"featured_media":84154,"parent":84941,"menu_order":130,"comment_status":"closed","ping_status":"closed","template":"","meta":{"_acf_changed":false,"footnotes":""},"categories":[208,433,440,441,210],"tags":[],"class_list":["post-6473","page","type-page","status-publish","has-post-thumbnail","hentry","category-comunicaciones-cat","category-telecomunicaciones-at-cat","category-subestacion-primaria-cat","category-transmision-cat","category-networking-es-cat"],"acf":[],"yoast_head":"<!-- This site is optimized with the Yoast SEO plugin v27.4 - https:\/\/yoast.com\/product\/yoast-seo-wordpress\/ -->\n<title>SW3 L2\/L3 PTP - Switch de Subestaci\u00f3n (rack 19&quot;) - ZIV<\/title>\n<meta name=\"robots\" content=\"index, follow, max-snippet:-1, max-image-preview:large, max-video-preview:-1\" \/>\n<link rel=\"canonical\" href=\"https:\/\/www.zivautomation.com\/es\/productos\/comunicaciones\/swt-switch-gigabitfast-ethernet\/\" \/>\n<meta property=\"og:locale\" content=\"es_ES\" \/>\n<meta property=\"og:type\" content=\"article\" \/>\n<meta property=\"og:title\" content=\"SW3 L2\/L3 PTP - Switch de Subestaci\u00f3n (rack 19&quot;) - ZIV\" \/>\n<meta property=\"og:description\" content=\"[vc_row][vc_column width=&#8221;1\/3&#8243;][vc_single_image image=&#8221;29108&#8243; img_size=&#8221;medium&#8221; img_link_large=&#8221;yes&#8221;][vc_single_image image=&#8221;84152&#8243; img_size=&#8221;medium&#8221; onclick=&#8221;img_link_large&#8221;][\/vc_column][vc_column width=&#8221;2\/3&#8243;][vc_column_text] Gigabit Ethernet\u00a0Switch IEC 61850 para Subestaciones El\u00e9ctricas Flexibilidad en puertos de fibra \u00f3ptica para la transmisi\u00f3n de datos entre subestaciones. Caracter\u00edsticas principales Cumple con los est\u00e1ndares IEEE 1613 y IEC 61850-3. Dispone de las capacidades necesarias para llevar a cabo la automatizaci\u00f3n de las Subestaciones El\u00e9ctricas conforme al est\u00e1ndar IEC 61850. [&hellip;]\" \/>\n<meta property=\"og:url\" content=\"https:\/\/www.zivautomation.com\/es\/productos\/comunicaciones\/swt-switch-gigabitfast-ethernet\/\" \/>\n<meta property=\"og:site_name\" content=\"ZIV\" \/>\n<meta property=\"article:modified_time\" content=\"2024-01-23T13:31:58+00:00\" \/>\n<meta property=\"og:image\" content=\"https:\/\/www.zivautomation.com\/wp-content\/uploads\/2022\/05\/jfswtm1314-2.jpg\" \/>\n\t<meta property=\"og:image:width\" content=\"800\" \/>\n\t<meta property=\"og:image:height\" content=\"400\" \/>\n\t<meta property=\"og:image:type\" content=\"image\/jpeg\" \/>\n<meta name=\"twitter:card\" content=\"summary_large_image\" \/>\n<meta name=\"twitter:label1\" content=\"Tiempo de lectura\" \/>\n\t<meta name=\"twitter:data1\" content=\"2 minutos\" \/>\n<script type=\"application\/ld+json\" class=\"yoast-schema-graph\">{\"@context\":\"https:\\\/\\\/schema.org\",\"@graph\":[{\"@type\":\"WebPage\",\"@id\":\"https:\\\/\\\/www.zivautomation.com\\\/es\\\/productos\\\/comunicaciones\\\/swt-switch-gigabitfast-ethernet\\\/\",\"url\":\"https:\\\/\\\/www.zivautomation.com\\\/es\\\/productos\\\/comunicaciones\\\/swt-switch-gigabitfast-ethernet\\\/\",\"name\":\"SW3 L2\\\/L3 PTP - Switch de Subestaci\u00f3n (rack 19\\\") - ZIV\",\"isPartOf\":{\"@id\":\"https:\\\/\\\/www.zivautomation.com\\\/es\\\/#website\"},\"primaryImageOfPage\":{\"@id\":\"https:\\\/\\\/www.zivautomation.com\\\/es\\\/productos\\\/comunicaciones\\\/swt-switch-gigabitfast-ethernet\\\/#primaryimage\"},\"image\":{\"@id\":\"https:\\\/\\\/www.zivautomation.com\\\/es\\\/productos\\\/comunicaciones\\\/swt-switch-gigabitfast-ethernet\\\/#primaryimage\"},\"thumbnailUrl\":\"https:\\\/\\\/www.zivautomation.com\\\/wp-content\\\/uploads\\\/2022\\\/05\\\/jfswtm1314-2.jpg\",\"datePublished\":\"2015-06-23T14:25:49+00:00\",\"dateModified\":\"2024-01-23T13:31:58+00:00\",\"breadcrumb\":{\"@id\":\"https:\\\/\\\/www.zivautomation.com\\\/es\\\/productos\\\/comunicaciones\\\/swt-switch-gigabitfast-ethernet\\\/#breadcrumb\"},\"inLanguage\":\"es\",\"potentialAction\":[{\"@type\":\"ReadAction\",\"target\":[\"https:\\\/\\\/www.zivautomation.com\\\/es\\\/productos\\\/comunicaciones\\\/swt-switch-gigabitfast-ethernet\\\/\"]}]},{\"@type\":\"ImageObject\",\"inLanguage\":\"es\",\"@id\":\"https:\\\/\\\/www.zivautomation.com\\\/es\\\/productos\\\/comunicaciones\\\/swt-switch-gigabitfast-ethernet\\\/#primaryimage\",\"url\":\"https:\\\/\\\/www.zivautomation.com\\\/wp-content\\\/uploads\\\/2022\\\/05\\\/jfswtm1314-2.jpg\",\"contentUrl\":\"https:\\\/\\\/www.zivautomation.com\\\/wp-content\\\/uploads\\\/2022\\\/05\\\/jfswtm1314-2.jpg\",\"width\":800,\"height\":400},{\"@type\":\"BreadcrumbList\",\"@id\":\"https:\\\/\\\/www.zivautomation.com\\\/es\\\/productos\\\/comunicaciones\\\/swt-switch-gigabitfast-ethernet\\\/#breadcrumb\",\"itemListElement\":[{\"@type\":\"ListItem\",\"position\":1,\"name\":\"Home\",\"item\":\"https:\\\/\\\/www.zivautomation.com\\\/es\\\/\"},{\"@type\":\"ListItem\",\"position\":2,\"name\":\"Soluciones ZIV\",\"item\":\"https:\\\/\\\/www.zivautomation.com\\\/es\\\/productos\\\/\"},{\"@type\":\"ListItem\",\"position\":3,\"name\":\"Comunicaciones\",\"item\":\"https:\\\/\\\/www.zivautomation.com\\\/es\\\/productos\\\/comunicaciones\\\/\"},{\"@type\":\"ListItem\",\"position\":4,\"name\":\"SW3 L2\\\/L3 PTP &#8211; Switch de Subestaci\u00f3n (rack 19&#8243;)\"}]},{\"@type\":\"WebSite\",\"@id\":\"https:\\\/\\\/www.zivautomation.com\\\/es\\\/#website\",\"url\":\"https:\\\/\\\/www.zivautomation.com\\\/es\\\/\",\"name\":\"ZIV\",\"description\":\"Haciendo realidad la Red del Futuro\",\"publisher\":{\"@id\":\"https:\\\/\\\/www.zivautomation.com\\\/es\\\/#organization\"},\"potentialAction\":[{\"@type\":\"SearchAction\",\"target\":{\"@type\":\"EntryPoint\",\"urlTemplate\":\"https:\\\/\\\/www.zivautomation.com\\\/es\\\/?s={search_term_string}\"},\"query-input\":{\"@type\":\"PropertyValueSpecification\",\"valueRequired\":true,\"valueName\":\"search_term_string\"}}],\"inLanguage\":\"es\"},{\"@type\":\"Organization\",\"@id\":\"https:\\\/\\\/www.zivautomation.com\\\/es\\\/#organization\",\"name\":\"ZIV\",\"url\":\"https:\\\/\\\/www.zivautomation.com\\\/es\\\/\",\"logo\":{\"@type\":\"ImageObject\",\"inLanguage\":\"es\",\"@id\":\"https:\\\/\\\/www.zivautomation.com\\\/es\\\/#\\\/schema\\\/logo\\\/image\\\/\",\"url\":\"https:\\\/\\\/www.zivautomation.com\\\/wp-content\\\/uploads\\\/2016\\\/10\\\/ziv_solo_cmyk_hr.jpg\",\"contentUrl\":\"https:\\\/\\\/www.zivautomation.com\\\/wp-content\\\/uploads\\\/2016\\\/10\\\/ziv_solo_cmyk_hr.jpg\",\"width\":7078,\"height\":2234,\"caption\":\"ZIV\"},\"image\":{\"@id\":\"https:\\\/\\\/www.zivautomation.com\\\/es\\\/#\\\/schema\\\/logo\\\/image\\\/\"}}]}<\/script>\n<!-- \/ Yoast SEO plugin. -->","yoast_head_json":{"title":"SW3 L2\/L3 PTP - Switch de Subestaci\u00f3n (rack 19\") - ZIV","robots":{"index":"index","follow":"follow","max-snippet":"max-snippet:-1","max-image-preview":"max-image-preview:large","max-video-preview":"max-video-preview:-1"},"canonical":"https:\/\/www.zivautomation.com\/es\/productos\/comunicaciones\/swt-switch-gigabitfast-ethernet\/","og_locale":"es_ES","og_type":"article","og_title":"SW3 L2\/L3 PTP - Switch de Subestaci\u00f3n (rack 19\") - ZIV","og_description":"[vc_row][vc_column width=&#8221;1\/3&#8243;][vc_single_image image=&#8221;29108&#8243; img_size=&#8221;medium&#8221; img_link_large=&#8221;yes&#8221;][vc_single_image image=&#8221;84152&#8243; img_size=&#8221;medium&#8221; onclick=&#8221;img_link_large&#8221;][\/vc_column][vc_column width=&#8221;2\/3&#8243;][vc_column_text] Gigabit Ethernet\u00a0Switch IEC 61850 para Subestaciones El\u00e9ctricas Flexibilidad en puertos de fibra \u00f3ptica para la transmisi\u00f3n de datos entre subestaciones. Caracter\u00edsticas principales Cumple con los est\u00e1ndares IEEE 1613 y IEC 61850-3. Dispone de las capacidades necesarias para llevar a cabo la automatizaci\u00f3n de las Subestaciones El\u00e9ctricas conforme al est\u00e1ndar IEC 61850. [&hellip;]","og_url":"https:\/\/www.zivautomation.com\/es\/productos\/comunicaciones\/swt-switch-gigabitfast-ethernet\/","og_site_name":"ZIV","article_modified_time":"2024-01-23T13:31:58+00:00","og_image":[{"width":800,"height":400,"url":"https:\/\/www.zivautomation.com\/wp-content\/uploads\/2022\/05\/jfswtm1314-2.jpg","type":"image\/jpeg"}],"twitter_card":"summary_large_image","twitter_misc":{"Tiempo de lectura":"2 minutos"},"schema":{"@context":"https:\/\/schema.org","@graph":[{"@type":"WebPage","@id":"https:\/\/www.zivautomation.com\/es\/productos\/comunicaciones\/swt-switch-gigabitfast-ethernet\/","url":"https:\/\/www.zivautomation.com\/es\/productos\/comunicaciones\/swt-switch-gigabitfast-ethernet\/","name":"SW3 L2\/L3 PTP - Switch de Subestaci\u00f3n (rack 19\") - ZIV","isPartOf":{"@id":"https:\/\/www.zivautomation.com\/es\/#website"},"primaryImageOfPage":{"@id":"https:\/\/www.zivautomation.com\/es\/productos\/comunicaciones\/swt-switch-gigabitfast-ethernet\/#primaryimage"},"image":{"@id":"https:\/\/www.zivautomation.com\/es\/productos\/comunicaciones\/swt-switch-gigabitfast-ethernet\/#primaryimage"},"thumbnailUrl":"https:\/\/www.zivautomation.com\/wp-content\/uploads\/2022\/05\/jfswtm1314-2.jpg","datePublished":"2015-06-23T14:25:49+00:00","dateModified":"2024-01-23T13:31:58+00:00","breadcrumb":{"@id":"https:\/\/www.zivautomation.com\/es\/productos\/comunicaciones\/swt-switch-gigabitfast-ethernet\/#breadcrumb"},"inLanguage":"es","potentialAction":[{"@type":"ReadAction","target":["https:\/\/www.zivautomation.com\/es\/productos\/comunicaciones\/swt-switch-gigabitfast-ethernet\/"]}]},{"@type":"ImageObject","inLanguage":"es","@id":"https:\/\/www.zivautomation.com\/es\/productos\/comunicaciones\/swt-switch-gigabitfast-ethernet\/#primaryimage","url":"https:\/\/www.zivautomation.com\/wp-content\/uploads\/2022\/05\/jfswtm1314-2.jpg","contentUrl":"https:\/\/www.zivautomation.com\/wp-content\/uploads\/2022\/05\/jfswtm1314-2.jpg","width":800,"height":400},{"@type":"BreadcrumbList","@id":"https:\/\/www.zivautomation.com\/es\/productos\/comunicaciones\/swt-switch-gigabitfast-ethernet\/#breadcrumb","itemListElement":[{"@type":"ListItem","position":1,"name":"Home","item":"https:\/\/www.zivautomation.com\/es\/"},{"@type":"ListItem","position":2,"name":"Soluciones ZIV","item":"https:\/\/www.zivautomation.com\/es\/productos\/"},{"@type":"ListItem","position":3,"name":"Comunicaciones","item":"https:\/\/www.zivautomation.com\/es\/productos\/comunicaciones\/"},{"@type":"ListItem","position":4,"name":"SW3 L2\/L3 PTP &#8211; Switch de Subestaci\u00f3n (rack 19&#8243;)"}]},{"@type":"WebSite","@id":"https:\/\/www.zivautomation.com\/es\/#website","url":"https:\/\/www.zivautomation.com\/es\/","name":"ZIV","description":"Haciendo realidad la Red del Futuro","publisher":{"@id":"https:\/\/www.zivautomation.com\/es\/#organization"},"potentialAction":[{"@type":"SearchAction","target":{"@type":"EntryPoint","urlTemplate":"https:\/\/www.zivautomation.com\/es\/?s={search_term_string}"},"query-input":{"@type":"PropertyValueSpecification","valueRequired":true,"valueName":"search_term_string"}}],"inLanguage":"es"},{"@type":"Organization","@id":"https:\/\/www.zivautomation.com\/es\/#organization","name":"ZIV","url":"https:\/\/www.zivautomation.com\/es\/","logo":{"@type":"ImageObject","inLanguage":"es","@id":"https:\/\/www.zivautomation.com\/es\/#\/schema\/logo\/image\/","url":"https:\/\/www.zivautomation.com\/wp-content\/uploads\/2016\/10\/ziv_solo_cmyk_hr.jpg","contentUrl":"https:\/\/www.zivautomation.com\/wp-content\/uploads\/2016\/10\/ziv_solo_cmyk_hr.jpg","width":7078,"height":2234,"caption":"ZIV"},"image":{"@id":"https:\/\/www.zivautomation.com\/es\/#\/schema\/logo\/image\/"}}]}},"_links":{"self":[{"href":"https:\/\/www.zivautomation.com\/es\/wp-json\/wp\/v2\/pages\/6473","targetHints":{"allow":["GET"]}}],"collection":[{"href":"https:\/\/www.zivautomation.com\/es\/wp-json\/wp\/v2\/pages"}],"about":[{"href":"https:\/\/www.zivautomation.com\/es\/wp-json\/wp\/v2\/types\/page"}],"author":[{"embeddable":true,"href":"https:\/\/www.zivautomation.com\/es\/wp-json\/wp\/v2\/users\/1"}],"replies":[{"embeddable":true,"href":"https:\/\/www.zivautomation.com\/es\/wp-json\/wp\/v2\/comments?post=6473"}],"version-history":[{"count":29,"href":"https:\/\/www.zivautomation.com\/es\/wp-json\/wp\/v2\/pages\/6473\/revisions"}],"predecessor-version":[{"id":94264,"href":"https:\/\/www.zivautomation.com\/es\/wp-json\/wp\/v2\/pages\/6473\/revisions\/94264"}],"up":[{"embeddable":true,"href":"https:\/\/www.zivautomation.com\/es\/wp-json\/wp\/v2\/pages\/84941"}],"wp:featuredmedia":[{"embeddable":true,"href":"https:\/\/www.zivautomation.com\/es\/wp-json\/wp\/v2\/media\/84154"}],"wp:attachment":[{"href":"https:\/\/www.zivautomation.com\/es\/wp-json\/wp\/v2\/media?parent=6473"}],"wp:term":[{"taxonomy":"category","embeddable":true,"href":"https:\/\/www.zivautomation.com\/es\/wp-json\/wp\/v2\/categories?post=6473"},{"taxonomy":"post_tag","embeddable":true,"href":"https:\/\/www.zivautomation.com\/es\/wp-json\/wp\/v2\/tags?post=6473"}],"curies":[{"name":"wp","href":"https:\/\/api.w.org\/{rel}","templated":true}]}}