{"id":6472,"date":"2015-06-23T16:26:53","date_gmt":"2015-06-23T14:26:53","guid":{"rendered":"http:\/\/ziv.poselab.com\/cic-concentrator\/"},"modified":"2022-07-14T15:53:59","modified_gmt":"2022-07-14T13:53:59","slug":"cic-concentrador","status":"publish","type":"page","link":"https:\/\/www.zivautomation.com\/es\/productos\/comunicaciones\/cic-concentrador\/","title":{"rendered":"CIC &#8211; Concentrador"},"content":{"rendered":"<div class=\"wpb-content-wrapper\"><p>[vc_row][vc_column width=&#8221;1\/3&#8243;][vc_single_image image=&#8221;84140&#8243; img_size=&#8221;medium&#8221; onclick=&#8221;img_link_large&#8221;][\/vc_column][vc_column width=&#8221;2\/3&#8243;][vc_column_text]<span style=\"color: #000000; font-size: 27px;\">Dispositivo servidor serie para Subestaciones El\u00e9ctricas<\/span><\/p>\n<p>Concebido para conectar f\u00e1cilmente a una red IP hasta 9 dispositivos serie.<\/p>\n<p><strong>Caracter\u00edsticas principales<\/strong><\/p>\n<ul>\n<li>Cumple con los est\u00e1ndares de EMC.<\/li>\n<li>F\u00e1cil integraci\u00f3n de dispositivos serie en una red IP segura.<\/li>\n<li>1 switch Ethernet de dos puertos (RJ-45 \u00f3 MT-RJ) y 1 puerto serie con interfaz RS-232\/RS-485 (2 \u00f3 4 hilos).<\/li>\n<li>4 u 8 puertos serie adicionales para interfaz RS-232 o fibra \u00f3ptica (pl\u00e1stico o vidrio).<\/li>\n<li>1 interfaz WAN opcional con funcionalidad dual SIM.<\/li>\n<li>Protocolos de encapsulamiento: CEI 60870-5-101\/102\/103, DLMS, GESTEL, MODBUS, DNP 3.0, SAP20, PROCOME, Pid1 y Twc.<\/li>\n<li>Gesti\u00f3n local y remota mediante consola o a trav\u00e9s de un servidor web incorporado (http), servidor SSH y Telnet.<\/li>\n<li>SNMPv1 y SNMPv2c.<\/li>\n<li>DHCP, NTP y acceso a la gesti\u00f3n con TACACS+.<\/li>\n<li>Cliente IPSec \u00f3 SSL\/TLS.<\/li>\n<li>Panel compacto de 19&#8243;\/1 U.<\/li>\n<\/ul>\n<p><strong>Relacionado<\/strong><\/p>\n<ul>\n<li><a href=\"..\/..\/..\/\">Substation Automation<\/a><\/li>\n<\/ul>\n<p>[\/vc_column_text]<p><strong>Documentaci\u00f3n<\/strong><\/p><ul>\r\n \t<li>Instructions Manual:\u00a0 <a href=\"https:\/\/www.zivautomation.com\/wp-content\/uploads\/2019\/08\/m0cic1806iv03_cic_user_guide_r3-i.pdf\" target=\"_blank\" rel=\"noopener\">CIC_User_Guide_R3-I<\/a><\/li>\r\n \t<li>Data Sheet:\u00a0 \u00a0 \u00a0 \u00a0 \u00a0 \u00a0 \u00a0 \u00a0 <a target=\"_blank\" class=\"icon-lock\" data-id=\"84159\" href=\"https:\/\/www.zivautomation.com\/es\/access\/acceso\/\">F0CICA2205Iv02_ZIV_CIC_Data_Sheet_R2-I<\/a><\/li>\r\n<\/ul>[\/vc_column][\/vc_row]<\/p>\n<\/div>","protected":false},"excerpt":{"rendered":"<p>Dispositivo servidor serie para Subestaciones El\u00e9ctricas Concebido para conectar f\u00e1cilmente a una red IP hasta 9 dispositivos serie. Caracter\u00edsticas principales Cumple con los est\u00e1ndares de EMC. F\u00e1cil integraci\u00f3n de dispositivos serie en una red IP segura. 1 switch Ethernet de dos puertos (RJ-45 \u00f3 MT-RJ) y 1 puerto serie con interfaz RS-232\/RS-485 (2 \u00f3 4 [&hellip;]<\/p>\n","protected":false},"author":1,"featured_media":85050,"parent":84941,"menu_order":296,"comment_status":"closed","ping_status":"closed","template":"","meta":{"_acf_changed":false,"footnotes":""},"categories":[208,433,440,441,210],"tags":[],"class_list":["post-6472","page","type-page","status-publish","has-post-thumbnail","hentry","category-comunicaciones-cat","category-telecomunicaciones-at-cat","category-subestacion-primaria-cat","category-transmision-cat","category-networking-es-cat"],"acf":[],"yoast_head":"<!-- This site is optimized with the Yoast SEO plugin v27.4 - https:\/\/yoast.com\/product\/yoast-seo-wordpress\/ -->\n<title>CIC - Concentrador - ZIV<\/title>\n<meta name=\"robots\" content=\"index, follow, max-snippet:-1, max-image-preview:large, max-video-preview:-1\" \/>\n<link rel=\"canonical\" href=\"https:\/\/www.zivautomation.com\/es\/productos\/comunicaciones\/cic-concentrador\/\" \/>\n<meta property=\"og:locale\" content=\"es_ES\" \/>\n<meta property=\"og:type\" content=\"article\" \/>\n<meta property=\"og:title\" content=\"CIC - Concentrador - ZIV\" \/>\n<meta property=\"og:description\" content=\"[vc_row][vc_column width=&#8221;1\/3&#8243;][vc_single_image image=&#8221;84140&#8243; img_size=&#8221;medium&#8221; onclick=&#8221;img_link_large&#8221;][\/vc_column][vc_column width=&#8221;2\/3&#8243;][vc_column_text]Dispositivo servidor serie para Subestaciones El\u00e9ctricas Concebido para conectar f\u00e1cilmente a una red IP hasta 9 dispositivos serie. Caracter\u00edsticas principales Cumple con los est\u00e1ndares de EMC. F\u00e1cil integraci\u00f3n de dispositivos serie en una red IP segura. 1 switch Ethernet de dos puertos (RJ-45 \u00f3 MT-RJ) y 1 puerto serie con interfaz RS-232\/RS-485 (2 \u00f3 4 [&hellip;]\" \/>\n<meta property=\"og:url\" content=\"https:\/\/www.zivautomation.com\/es\/productos\/comunicaciones\/cic-concentrador\/\" \/>\n<meta property=\"og:site_name\" content=\"ZIV\" \/>\n<meta property=\"article:modified_time\" content=\"2022-07-14T13:53:59+00:00\" \/>\n<meta property=\"og:image\" content=\"https:\/\/www.zivautomation.com\/wp-content\/uploads\/2022\/07\/ffcic-0001_lr.jpg\" \/>\n\t<meta property=\"og:image:width\" content=\"2151\" \/>\n\t<meta property=\"og:image:height\" content=\"473\" \/>\n\t<meta property=\"og:image:type\" content=\"image\/jpeg\" \/>\n<meta name=\"twitter:card\" content=\"summary_large_image\" \/>\n<meta name=\"twitter:label1\" content=\"Tiempo de lectura\" \/>\n\t<meta name=\"twitter:data1\" content=\"1 minuto\" \/>\n<script type=\"application\/ld+json\" class=\"yoast-schema-graph\">{\"@context\":\"https:\\\/\\\/schema.org\",\"@graph\":[{\"@type\":\"WebPage\",\"@id\":\"https:\\\/\\\/www.zivautomation.com\\\/es\\\/productos\\\/comunicaciones\\\/cic-concentrador\\\/\",\"url\":\"https:\\\/\\\/www.zivautomation.com\\\/es\\\/productos\\\/comunicaciones\\\/cic-concentrador\\\/\",\"name\":\"CIC - Concentrador - ZIV\",\"isPartOf\":{\"@id\":\"https:\\\/\\\/www.zivautomation.com\\\/es\\\/#website\"},\"primaryImageOfPage\":{\"@id\":\"https:\\\/\\\/www.zivautomation.com\\\/es\\\/productos\\\/comunicaciones\\\/cic-concentrador\\\/#primaryimage\"},\"image\":{\"@id\":\"https:\\\/\\\/www.zivautomation.com\\\/es\\\/productos\\\/comunicaciones\\\/cic-concentrador\\\/#primaryimage\"},\"thumbnailUrl\":\"https:\\\/\\\/www.zivautomation.com\\\/wp-content\\\/uploads\\\/2022\\\/07\\\/ffcic-0001_lr.jpg\",\"datePublished\":\"2015-06-23T14:26:53+00:00\",\"dateModified\":\"2022-07-14T13:53:59+00:00\",\"breadcrumb\":{\"@id\":\"https:\\\/\\\/www.zivautomation.com\\\/es\\\/productos\\\/comunicaciones\\\/cic-concentrador\\\/#breadcrumb\"},\"inLanguage\":\"es\",\"potentialAction\":[{\"@type\":\"ReadAction\",\"target\":[\"https:\\\/\\\/www.zivautomation.com\\\/es\\\/productos\\\/comunicaciones\\\/cic-concentrador\\\/\"]}]},{\"@type\":\"ImageObject\",\"inLanguage\":\"es\",\"@id\":\"https:\\\/\\\/www.zivautomation.com\\\/es\\\/productos\\\/comunicaciones\\\/cic-concentrador\\\/#primaryimage\",\"url\":\"https:\\\/\\\/www.zivautomation.com\\\/wp-content\\\/uploads\\\/2022\\\/07\\\/ffcic-0001_lr.jpg\",\"contentUrl\":\"https:\\\/\\\/www.zivautomation.com\\\/wp-content\\\/uploads\\\/2022\\\/07\\\/ffcic-0001_lr.jpg\",\"width\":2151,\"height\":473},{\"@type\":\"BreadcrumbList\",\"@id\":\"https:\\\/\\\/www.zivautomation.com\\\/es\\\/productos\\\/comunicaciones\\\/cic-concentrador\\\/#breadcrumb\",\"itemListElement\":[{\"@type\":\"ListItem\",\"position\":1,\"name\":\"Home\",\"item\":\"https:\\\/\\\/www.zivautomation.com\\\/es\\\/\"},{\"@type\":\"ListItem\",\"position\":2,\"name\":\"Soluciones ZIV\",\"item\":\"https:\\\/\\\/www.zivautomation.com\\\/es\\\/productos\\\/\"},{\"@type\":\"ListItem\",\"position\":3,\"name\":\"Comunicaciones\",\"item\":\"https:\\\/\\\/www.zivautomation.com\\\/es\\\/productos\\\/comunicaciones\\\/\"},{\"@type\":\"ListItem\",\"position\":4,\"name\":\"CIC &#8211; Concentrador\"}]},{\"@type\":\"WebSite\",\"@id\":\"https:\\\/\\\/www.zivautomation.com\\\/es\\\/#website\",\"url\":\"https:\\\/\\\/www.zivautomation.com\\\/es\\\/\",\"name\":\"ZIV\",\"description\":\"Haciendo realidad la Red del Futuro\",\"publisher\":{\"@id\":\"https:\\\/\\\/www.zivautomation.com\\\/es\\\/#organization\"},\"potentialAction\":[{\"@type\":\"SearchAction\",\"target\":{\"@type\":\"EntryPoint\",\"urlTemplate\":\"https:\\\/\\\/www.zivautomation.com\\\/es\\\/?s={search_term_string}\"},\"query-input\":{\"@type\":\"PropertyValueSpecification\",\"valueRequired\":true,\"valueName\":\"search_term_string\"}}],\"inLanguage\":\"es\"},{\"@type\":\"Organization\",\"@id\":\"https:\\\/\\\/www.zivautomation.com\\\/es\\\/#organization\",\"name\":\"ZIV\",\"url\":\"https:\\\/\\\/www.zivautomation.com\\\/es\\\/\",\"logo\":{\"@type\":\"ImageObject\",\"inLanguage\":\"es\",\"@id\":\"https:\\\/\\\/www.zivautomation.com\\\/es\\\/#\\\/schema\\\/logo\\\/image\\\/\",\"url\":\"https:\\\/\\\/www.zivautomation.com\\\/wp-content\\\/uploads\\\/2016\\\/10\\\/ziv_solo_cmyk_hr.jpg\",\"contentUrl\":\"https:\\\/\\\/www.zivautomation.com\\\/wp-content\\\/uploads\\\/2016\\\/10\\\/ziv_solo_cmyk_hr.jpg\",\"width\":7078,\"height\":2234,\"caption\":\"ZIV\"},\"image\":{\"@id\":\"https:\\\/\\\/www.zivautomation.com\\\/es\\\/#\\\/schema\\\/logo\\\/image\\\/\"}}]}<\/script>\n<!-- \/ Yoast SEO plugin. -->","yoast_head_json":{"title":"CIC - Concentrador - ZIV","robots":{"index":"index","follow":"follow","max-snippet":"max-snippet:-1","max-image-preview":"max-image-preview:large","max-video-preview":"max-video-preview:-1"},"canonical":"https:\/\/www.zivautomation.com\/es\/productos\/comunicaciones\/cic-concentrador\/","og_locale":"es_ES","og_type":"article","og_title":"CIC - Concentrador - ZIV","og_description":"[vc_row][vc_column width=&#8221;1\/3&#8243;][vc_single_image image=&#8221;84140&#8243; img_size=&#8221;medium&#8221; onclick=&#8221;img_link_large&#8221;][\/vc_column][vc_column width=&#8221;2\/3&#8243;][vc_column_text]Dispositivo servidor serie para Subestaciones El\u00e9ctricas Concebido para conectar f\u00e1cilmente a una red IP hasta 9 dispositivos serie. Caracter\u00edsticas principales Cumple con los est\u00e1ndares de EMC. F\u00e1cil integraci\u00f3n de dispositivos serie en una red IP segura. 1 switch Ethernet de dos puertos (RJ-45 \u00f3 MT-RJ) y 1 puerto serie con interfaz RS-232\/RS-485 (2 \u00f3 4 [&hellip;]","og_url":"https:\/\/www.zivautomation.com\/es\/productos\/comunicaciones\/cic-concentrador\/","og_site_name":"ZIV","article_modified_time":"2022-07-14T13:53:59+00:00","og_image":[{"width":2151,"height":473,"url":"https:\/\/www.zivautomation.com\/wp-content\/uploads\/2022\/07\/ffcic-0001_lr.jpg","type":"image\/jpeg"}],"twitter_card":"summary_large_image","twitter_misc":{"Tiempo de lectura":"1 minuto"},"schema":{"@context":"https:\/\/schema.org","@graph":[{"@type":"WebPage","@id":"https:\/\/www.zivautomation.com\/es\/productos\/comunicaciones\/cic-concentrador\/","url":"https:\/\/www.zivautomation.com\/es\/productos\/comunicaciones\/cic-concentrador\/","name":"CIC - Concentrador - ZIV","isPartOf":{"@id":"https:\/\/www.zivautomation.com\/es\/#website"},"primaryImageOfPage":{"@id":"https:\/\/www.zivautomation.com\/es\/productos\/comunicaciones\/cic-concentrador\/#primaryimage"},"image":{"@id":"https:\/\/www.zivautomation.com\/es\/productos\/comunicaciones\/cic-concentrador\/#primaryimage"},"thumbnailUrl":"https:\/\/www.zivautomation.com\/wp-content\/uploads\/2022\/07\/ffcic-0001_lr.jpg","datePublished":"2015-06-23T14:26:53+00:00","dateModified":"2022-07-14T13:53:59+00:00","breadcrumb":{"@id":"https:\/\/www.zivautomation.com\/es\/productos\/comunicaciones\/cic-concentrador\/#breadcrumb"},"inLanguage":"es","potentialAction":[{"@type":"ReadAction","target":["https:\/\/www.zivautomation.com\/es\/productos\/comunicaciones\/cic-concentrador\/"]}]},{"@type":"ImageObject","inLanguage":"es","@id":"https:\/\/www.zivautomation.com\/es\/productos\/comunicaciones\/cic-concentrador\/#primaryimage","url":"https:\/\/www.zivautomation.com\/wp-content\/uploads\/2022\/07\/ffcic-0001_lr.jpg","contentUrl":"https:\/\/www.zivautomation.com\/wp-content\/uploads\/2022\/07\/ffcic-0001_lr.jpg","width":2151,"height":473},{"@type":"BreadcrumbList","@id":"https:\/\/www.zivautomation.com\/es\/productos\/comunicaciones\/cic-concentrador\/#breadcrumb","itemListElement":[{"@type":"ListItem","position":1,"name":"Home","item":"https:\/\/www.zivautomation.com\/es\/"},{"@type":"ListItem","position":2,"name":"Soluciones ZIV","item":"https:\/\/www.zivautomation.com\/es\/productos\/"},{"@type":"ListItem","position":3,"name":"Comunicaciones","item":"https:\/\/www.zivautomation.com\/es\/productos\/comunicaciones\/"},{"@type":"ListItem","position":4,"name":"CIC &#8211; Concentrador"}]},{"@type":"WebSite","@id":"https:\/\/www.zivautomation.com\/es\/#website","url":"https:\/\/www.zivautomation.com\/es\/","name":"ZIV","description":"Haciendo realidad la Red del Futuro","publisher":{"@id":"https:\/\/www.zivautomation.com\/es\/#organization"},"potentialAction":[{"@type":"SearchAction","target":{"@type":"EntryPoint","urlTemplate":"https:\/\/www.zivautomation.com\/es\/?s={search_term_string}"},"query-input":{"@type":"PropertyValueSpecification","valueRequired":true,"valueName":"search_term_string"}}],"inLanguage":"es"},{"@type":"Organization","@id":"https:\/\/www.zivautomation.com\/es\/#organization","name":"ZIV","url":"https:\/\/www.zivautomation.com\/es\/","logo":{"@type":"ImageObject","inLanguage":"es","@id":"https:\/\/www.zivautomation.com\/es\/#\/schema\/logo\/image\/","url":"https:\/\/www.zivautomation.com\/wp-content\/uploads\/2016\/10\/ziv_solo_cmyk_hr.jpg","contentUrl":"https:\/\/www.zivautomation.com\/wp-content\/uploads\/2016\/10\/ziv_solo_cmyk_hr.jpg","width":7078,"height":2234,"caption":"ZIV"},"image":{"@id":"https:\/\/www.zivautomation.com\/es\/#\/schema\/logo\/image\/"}}]}},"_links":{"self":[{"href":"https:\/\/www.zivautomation.com\/es\/wp-json\/wp\/v2\/pages\/6472","targetHints":{"allow":["GET"]}}],"collection":[{"href":"https:\/\/www.zivautomation.com\/es\/wp-json\/wp\/v2\/pages"}],"about":[{"href":"https:\/\/www.zivautomation.com\/es\/wp-json\/wp\/v2\/types\/page"}],"author":[{"embeddable":true,"href":"https:\/\/www.zivautomation.com\/es\/wp-json\/wp\/v2\/users\/1"}],"replies":[{"embeddable":true,"href":"https:\/\/www.zivautomation.com\/es\/wp-json\/wp\/v2\/comments?post=6472"}],"version-history":[{"count":9,"href":"https:\/\/www.zivautomation.com\/es\/wp-json\/wp\/v2\/pages\/6472\/revisions"}],"predecessor-version":[{"id":85063,"href":"https:\/\/www.zivautomation.com\/es\/wp-json\/wp\/v2\/pages\/6472\/revisions\/85063"}],"up":[{"embeddable":true,"href":"https:\/\/www.zivautomation.com\/es\/wp-json\/wp\/v2\/pages\/84941"}],"wp:featuredmedia":[{"embeddable":true,"href":"https:\/\/www.zivautomation.com\/es\/wp-json\/wp\/v2\/media\/85050"}],"wp:attachment":[{"href":"https:\/\/www.zivautomation.com\/es\/wp-json\/wp\/v2\/media?parent=6472"}],"wp:term":[{"taxonomy":"category","embeddable":true,"href":"https:\/\/www.zivautomation.com\/es\/wp-json\/wp\/v2\/categories?post=6472"},{"taxonomy":"post_tag","embeddable":true,"href":"https:\/\/www.zivautomation.com\/es\/wp-json\/wp\/v2\/tags?post=6472"}],"curies":[{"name":"wp","href":"https:\/\/api.w.org\/{rel}","templated":true}]}}