{"id":6460,"date":"2015-06-23T21:25:05","date_gmt":"2015-06-23T19:25:05","guid":{"rendered":"http:\/\/ziv.poselab.com\/dcv-capacitor-bank-differential\/"},"modified":"2023-06-27T12:02:49","modified_gmt":"2023-06-27T10:02:49","slug":"dcv-banco-de-condensadores-y-diferencial","status":"publish","type":"page","link":"https:\/\/www.zivautomation.com\/es\/productos\/sistemas-de-automatizacion-de-subestacion\/dcv-banco-de-condensadores-y-diferencial\/","title":{"rendered":"DCV &#8211; Posici\u00f3n de Protecci\u00f3n Diferencial de Barras \/ Bater\u00eda de Condensadores"},"content":{"rendered":"<div class=\"wpb-content-wrapper\"><p>[vc_row][vc_column width=&#8221;1\/3&#8243;][vc_single_image border_color=&#8221;grey&#8221; img_link_large=&#8221;yes&#8221; img_link_target=&#8221;_self&#8221; css_animation=&#8221;right-to-left&#8221; img_size=&#8221;medium&#8221; image=&#8221;6054&#8243;][\/vc_column][vc_column width=&#8221;2\/3&#8243;][vc_column_text css_animation=&#8221;right-to-left&#8221;]<\/p>\n<h1>Protecci\u00f3n, control y medida para la protecci\u00f3n de Bancos de Condensadores o Reactancias y con la funcionalidad completa de unidad de Posici\u00f3n Diferencial de Barras<strong><br \/>\n<\/strong><\/h1>\n<p>Los sistemas DCV son de aplicaci\u00f3n donde se ha planificado o puede planificarse en un futuro, la instalaci\u00f3n de la protecci\u00f3n diferencial de barras. La reducci\u00f3n del coste, debido a la integraci\u00f3n de la protecci\u00f3n de Bancos y unidad de posici\u00f3n diferencial en un \u00fanico equipo, hace viable la implementaci\u00f3n de la protecci\u00f3n diferencial de barras en subestaciones donde antes no lo era.<\/p>\n<p><strong>Caracter\u00edsticas principales<br \/>\n<\/strong><\/p>\n<ul>\n<li>Un \u00fanico equipo para la protecci\u00f3n completa del banco de condensadores.<\/li>\n<li>Funciones de sobrecorreinte, tensi\u00f3n y desequilibrio.<\/li>\n<li>87B and fallo de interruptor con re-disparo.<\/li>\n<li>Disparo de alta velocidad.<\/li>\n<li>Frecuencia de muestreo de 48m\/c.<\/li>\n<li>Comunicaci\u00f3n mediante fibra \u00f3ptica con la unidad central de 87B.<\/li>\n<li>Localizador de faltas.<\/li>\n<li>Hasta 82 entradas digitales y 30 salidas.<\/li>\n<li>L\u00f3gica programable complete para control de la posici\u00f3n.<\/li>\n<li>Registro oscilogr\u00e1fico e informe de faltas.<\/li>\n<li>Intensidad nominal seleccionable por software de 1A o 5A.<\/li>\n<li>Sincronizaci\u00f3n por IRIG-B y SNTP.<\/li>\n<\/ul>\n<p>[\/vc_column_text]<p><strong>Documentaci\u00f3n<\/strong><\/p><ul>\r\n \t<li>Manual de Instrucciones: <a target=\"_blank\" class=\"icon-lock\" data-id=\"89977\" href=\"https:\/\/www.zivautomation.com\/es\/access\/acceso\/\">M0DCVA2003Ev03<\/a> (01 \/ 03 \/ 2022)<\/li>\r\n<\/ul>[\/vc_column][\/vc_row]<\/p>\n<\/div>","protected":false},"excerpt":{"rendered":"<p> Protecci\u00f3n, control y medida para la protecci\u00f3n de Bancos de Condensadores o Reactancias y con la funcionalidad completa de unidad de Posici\u00f3n Diferencial de Barras Los sistemas DCV son de aplicaci\u00f3n donde se ha planificado o puede planificarse en un futuro, la instalaci\u00f3n de la protecci\u00f3n diferencial de barras. La [&hellip;]<\/p>\n","protected":false},"author":1,"featured_media":0,"parent":84398,"menu_order":255,"comment_status":"closed","ping_status":"closed","template":"","meta":{"_acf_changed":false,"footnotes":""},"categories":[268,440,441,217,219],"tags":[],"class_list":["post-6460","page","type-page","status-publish","hentry","category-sistemas-de-automatizacion-de-subestacion-cat","category-subestacion-primaria-cat","category-transmision-cat","category-protecciones-cat","category-proteccion-de-barras-cat"],"acf":[],"yoast_head":"<!-- This site is optimized with the Yoast SEO plugin v27.4 - https:\/\/yoast.com\/product\/yoast-seo-wordpress\/ -->\n<title>DCV - Posici\u00f3n de Protecci\u00f3n Diferencial de Barras \/ Bater\u00eda de Condensadores - ZIV<\/title>\n<meta name=\"robots\" content=\"index, follow, max-snippet:-1, max-image-preview:large, max-video-preview:-1\" \/>\n<link rel=\"canonical\" href=\"https:\/\/www.zivautomation.com\/es\/productos\/sistemas-de-automatizacion-de-subestacion\/dcv-banco-de-condensadores-y-diferencial\/\" \/>\n<meta property=\"og:locale\" content=\"es_ES\" \/>\n<meta property=\"og:type\" content=\"article\" \/>\n<meta property=\"og:title\" content=\"DCV - Posici\u00f3n de Protecci\u00f3n Diferencial de Barras \/ Bater\u00eda de Condensadores - ZIV\" \/>\n<meta property=\"og:description\" content=\"[vc_row][vc_column width=&#8221;1\/3&#8243;][vc_single_image border_color=&#8221;grey&#8221; img_link_large=&#8221;yes&#8221; img_link_target=&#8221;_self&#8221; css_animation=&#8221;right-to-left&#8221; img_size=&#8221;medium&#8221; image=&#8221;6054&#8243;][\/vc_column][vc_column width=&#8221;2\/3&#8243;][vc_column_text css_animation=&#8221;right-to-left&#8221;] Protecci\u00f3n, control y medida para la protecci\u00f3n de Bancos de Condensadores o Reactancias y con la funcionalidad completa de unidad de Posici\u00f3n Diferencial de Barras Los sistemas DCV son de aplicaci\u00f3n donde se ha planificado o puede planificarse en un futuro, la instalaci\u00f3n de la protecci\u00f3n diferencial de barras. La [&hellip;]\" \/>\n<meta property=\"og:url\" content=\"https:\/\/www.zivautomation.com\/es\/productos\/sistemas-de-automatizacion-de-subestacion\/dcv-banco-de-condensadores-y-diferencial\/\" \/>\n<meta property=\"og:site_name\" content=\"ZIV\" \/>\n<meta property=\"article:modified_time\" content=\"2023-06-27T10:02:49+00:00\" \/>\n<meta name=\"twitter:card\" content=\"summary_large_image\" \/>\n<meta name=\"twitter:label1\" content=\"Tiempo de lectura\" \/>\n\t<meta name=\"twitter:data1\" content=\"1 minuto\" \/>\n<script type=\"application\/ld+json\" class=\"yoast-schema-graph\">{\"@context\":\"https:\\\/\\\/schema.org\",\"@graph\":[{\"@type\":\"WebPage\",\"@id\":\"https:\\\/\\\/www.zivautomation.com\\\/es\\\/productos\\\/sistemas-de-automatizacion-de-subestacion\\\/dcv-banco-de-condensadores-y-diferencial\\\/\",\"url\":\"https:\\\/\\\/www.zivautomation.com\\\/es\\\/productos\\\/sistemas-de-automatizacion-de-subestacion\\\/dcv-banco-de-condensadores-y-diferencial\\\/\",\"name\":\"DCV - Posici\u00f3n de Protecci\u00f3n Diferencial de Barras \\\/ Bater\u00eda de Condensadores - ZIV\",\"isPartOf\":{\"@id\":\"https:\\\/\\\/www.zivautomation.com\\\/es\\\/#website\"},\"datePublished\":\"2015-06-23T19:25:05+00:00\",\"dateModified\":\"2023-06-27T10:02:49+00:00\",\"breadcrumb\":{\"@id\":\"https:\\\/\\\/www.zivautomation.com\\\/es\\\/productos\\\/sistemas-de-automatizacion-de-subestacion\\\/dcv-banco-de-condensadores-y-diferencial\\\/#breadcrumb\"},\"inLanguage\":\"es\",\"potentialAction\":[{\"@type\":\"ReadAction\",\"target\":[\"https:\\\/\\\/www.zivautomation.com\\\/es\\\/productos\\\/sistemas-de-automatizacion-de-subestacion\\\/dcv-banco-de-condensadores-y-diferencial\\\/\"]}]},{\"@type\":\"BreadcrumbList\",\"@id\":\"https:\\\/\\\/www.zivautomation.com\\\/es\\\/productos\\\/sistemas-de-automatizacion-de-subestacion\\\/dcv-banco-de-condensadores-y-diferencial\\\/#breadcrumb\",\"itemListElement\":[{\"@type\":\"ListItem\",\"position\":1,\"name\":\"Home\",\"item\":\"https:\\\/\\\/www.zivautomation.com\\\/es\\\/\"},{\"@type\":\"ListItem\",\"position\":2,\"name\":\"Soluciones ZIV\",\"item\":\"https:\\\/\\\/www.zivautomation.com\\\/es\\\/productos\\\/\"},{\"@type\":\"ListItem\",\"position\":3,\"name\":\"Sistemas de Automatizaci\u00f3n de Subestaciones\",\"item\":\"https:\\\/\\\/www.zivautomation.com\\\/es\\\/productos\\\/sistemas-de-automatizacion-de-subestacion\\\/\"},{\"@type\":\"ListItem\",\"position\":4,\"name\":\"DCV &#8211; Posici\u00f3n de Protecci\u00f3n Diferencial de Barras \\\/ Bater\u00eda de Condensadores\"}]},{\"@type\":\"WebSite\",\"@id\":\"https:\\\/\\\/www.zivautomation.com\\\/es\\\/#website\",\"url\":\"https:\\\/\\\/www.zivautomation.com\\\/es\\\/\",\"name\":\"ZIV\",\"description\":\"Haciendo realidad la Red del Futuro\",\"publisher\":{\"@id\":\"https:\\\/\\\/www.zivautomation.com\\\/es\\\/#organization\"},\"potentialAction\":[{\"@type\":\"SearchAction\",\"target\":{\"@type\":\"EntryPoint\",\"urlTemplate\":\"https:\\\/\\\/www.zivautomation.com\\\/es\\\/?s={search_term_string}\"},\"query-input\":{\"@type\":\"PropertyValueSpecification\",\"valueRequired\":true,\"valueName\":\"search_term_string\"}}],\"inLanguage\":\"es\"},{\"@type\":\"Organization\",\"@id\":\"https:\\\/\\\/www.zivautomation.com\\\/es\\\/#organization\",\"name\":\"ZIV\",\"url\":\"https:\\\/\\\/www.zivautomation.com\\\/es\\\/\",\"logo\":{\"@type\":\"ImageObject\",\"inLanguage\":\"es\",\"@id\":\"https:\\\/\\\/www.zivautomation.com\\\/es\\\/#\\\/schema\\\/logo\\\/image\\\/\",\"url\":\"https:\\\/\\\/www.zivautomation.com\\\/wp-content\\\/uploads\\\/2016\\\/10\\\/ziv_solo_cmyk_hr.jpg\",\"contentUrl\":\"https:\\\/\\\/www.zivautomation.com\\\/wp-content\\\/uploads\\\/2016\\\/10\\\/ziv_solo_cmyk_hr.jpg\",\"width\":7078,\"height\":2234,\"caption\":\"ZIV\"},\"image\":{\"@id\":\"https:\\\/\\\/www.zivautomation.com\\\/es\\\/#\\\/schema\\\/logo\\\/image\\\/\"}}]}<\/script>\n<!-- \/ Yoast SEO plugin. -->","yoast_head_json":{"title":"DCV - Posici\u00f3n de Protecci\u00f3n Diferencial de Barras \/ Bater\u00eda de Condensadores - ZIV","robots":{"index":"index","follow":"follow","max-snippet":"max-snippet:-1","max-image-preview":"max-image-preview:large","max-video-preview":"max-video-preview:-1"},"canonical":"https:\/\/www.zivautomation.com\/es\/productos\/sistemas-de-automatizacion-de-subestacion\/dcv-banco-de-condensadores-y-diferencial\/","og_locale":"es_ES","og_type":"article","og_title":"DCV - Posici\u00f3n de Protecci\u00f3n Diferencial de Barras \/ Bater\u00eda de Condensadores - ZIV","og_description":"[vc_row][vc_column width=&#8221;1\/3&#8243;][vc_single_image border_color=&#8221;grey&#8221; img_link_large=&#8221;yes&#8221; img_link_target=&#8221;_self&#8221; css_animation=&#8221;right-to-left&#8221; img_size=&#8221;medium&#8221; image=&#8221;6054&#8243;][\/vc_column][vc_column width=&#8221;2\/3&#8243;][vc_column_text css_animation=&#8221;right-to-left&#8221;] Protecci\u00f3n, control y medida para la protecci\u00f3n de Bancos de Condensadores o Reactancias y con la funcionalidad completa de unidad de Posici\u00f3n Diferencial de Barras Los sistemas DCV son de aplicaci\u00f3n donde se ha planificado o puede planificarse en un futuro, la instalaci\u00f3n de la protecci\u00f3n diferencial de barras. La [&hellip;]","og_url":"https:\/\/www.zivautomation.com\/es\/productos\/sistemas-de-automatizacion-de-subestacion\/dcv-banco-de-condensadores-y-diferencial\/","og_site_name":"ZIV","article_modified_time":"2023-06-27T10:02:49+00:00","twitter_card":"summary_large_image","twitter_misc":{"Tiempo de lectura":"1 minuto"},"schema":{"@context":"https:\/\/schema.org","@graph":[{"@type":"WebPage","@id":"https:\/\/www.zivautomation.com\/es\/productos\/sistemas-de-automatizacion-de-subestacion\/dcv-banco-de-condensadores-y-diferencial\/","url":"https:\/\/www.zivautomation.com\/es\/productos\/sistemas-de-automatizacion-de-subestacion\/dcv-banco-de-condensadores-y-diferencial\/","name":"DCV - Posici\u00f3n de Protecci\u00f3n Diferencial de Barras \/ Bater\u00eda de Condensadores - ZIV","isPartOf":{"@id":"https:\/\/www.zivautomation.com\/es\/#website"},"datePublished":"2015-06-23T19:25:05+00:00","dateModified":"2023-06-27T10:02:49+00:00","breadcrumb":{"@id":"https:\/\/www.zivautomation.com\/es\/productos\/sistemas-de-automatizacion-de-subestacion\/dcv-banco-de-condensadores-y-diferencial\/#breadcrumb"},"inLanguage":"es","potentialAction":[{"@type":"ReadAction","target":["https:\/\/www.zivautomation.com\/es\/productos\/sistemas-de-automatizacion-de-subestacion\/dcv-banco-de-condensadores-y-diferencial\/"]}]},{"@type":"BreadcrumbList","@id":"https:\/\/www.zivautomation.com\/es\/productos\/sistemas-de-automatizacion-de-subestacion\/dcv-banco-de-condensadores-y-diferencial\/#breadcrumb","itemListElement":[{"@type":"ListItem","position":1,"name":"Home","item":"https:\/\/www.zivautomation.com\/es\/"},{"@type":"ListItem","position":2,"name":"Soluciones ZIV","item":"https:\/\/www.zivautomation.com\/es\/productos\/"},{"@type":"ListItem","position":3,"name":"Sistemas de Automatizaci\u00f3n de Subestaciones","item":"https:\/\/www.zivautomation.com\/es\/productos\/sistemas-de-automatizacion-de-subestacion\/"},{"@type":"ListItem","position":4,"name":"DCV &#8211; Posici\u00f3n de Protecci\u00f3n Diferencial de Barras \/ Bater\u00eda de Condensadores"}]},{"@type":"WebSite","@id":"https:\/\/www.zivautomation.com\/es\/#website","url":"https:\/\/www.zivautomation.com\/es\/","name":"ZIV","description":"Haciendo realidad la Red del Futuro","publisher":{"@id":"https:\/\/www.zivautomation.com\/es\/#organization"},"potentialAction":[{"@type":"SearchAction","target":{"@type":"EntryPoint","urlTemplate":"https:\/\/www.zivautomation.com\/es\/?s={search_term_string}"},"query-input":{"@type":"PropertyValueSpecification","valueRequired":true,"valueName":"search_term_string"}}],"inLanguage":"es"},{"@type":"Organization","@id":"https:\/\/www.zivautomation.com\/es\/#organization","name":"ZIV","url":"https:\/\/www.zivautomation.com\/es\/","logo":{"@type":"ImageObject","inLanguage":"es","@id":"https:\/\/www.zivautomation.com\/es\/#\/schema\/logo\/image\/","url":"https:\/\/www.zivautomation.com\/wp-content\/uploads\/2016\/10\/ziv_solo_cmyk_hr.jpg","contentUrl":"https:\/\/www.zivautomation.com\/wp-content\/uploads\/2016\/10\/ziv_solo_cmyk_hr.jpg","width":7078,"height":2234,"caption":"ZIV"},"image":{"@id":"https:\/\/www.zivautomation.com\/es\/#\/schema\/logo\/image\/"}}]}},"_links":{"self":[{"href":"https:\/\/www.zivautomation.com\/es\/wp-json\/wp\/v2\/pages\/6460","targetHints":{"allow":["GET"]}}],"collection":[{"href":"https:\/\/www.zivautomation.com\/es\/wp-json\/wp\/v2\/pages"}],"about":[{"href":"https:\/\/www.zivautomation.com\/es\/wp-json\/wp\/v2\/types\/page"}],"author":[{"embeddable":true,"href":"https:\/\/www.zivautomation.com\/es\/wp-json\/wp\/v2\/users\/1"}],"replies":[{"embeddable":true,"href":"https:\/\/www.zivautomation.com\/es\/wp-json\/wp\/v2\/comments?post=6460"}],"version-history":[{"count":8,"href":"https:\/\/www.zivautomation.com\/es\/wp-json\/wp\/v2\/pages\/6460\/revisions"}],"predecessor-version":[{"id":89979,"href":"https:\/\/www.zivautomation.com\/es\/wp-json\/wp\/v2\/pages\/6460\/revisions\/89979"}],"up":[{"embeddable":true,"href":"https:\/\/www.zivautomation.com\/es\/wp-json\/wp\/v2\/pages\/84398"}],"wp:attachment":[{"href":"https:\/\/www.zivautomation.com\/es\/wp-json\/wp\/v2\/media?parent=6460"}],"wp:term":[{"taxonomy":"category","embeddable":true,"href":"https:\/\/www.zivautomation.com\/es\/wp-json\/wp\/v2\/categories?post=6460"},{"taxonomy":"post_tag","embeddable":true,"href":"https:\/\/www.zivautomation.com\/es\/wp-json\/wp\/v2\/tags?post=6460"}],"curies":[{"name":"wp","href":"https:\/\/api.w.org\/{rel}","templated":true}]}}