{"id":6455,"date":"2015-06-23T22:03:03","date_gmt":"2015-06-23T20:03:03","guid":{"rendered":"http:\/\/ziv.poselab.com\/aegis-f-oc-multifunction\/"},"modified":"2026-01-05T13:39:02","modified_gmt":"2026-01-05T12:39:02","slug":"irs-proteccion-autoalimentada-de-sobreintensidad","status":"publish","type":"page","link":"https:\/\/www.zivautomation.com\/es\/productos\/sistemas-de-automatizacion-de-subestacion\/irs-proteccion-autoalimentada-de-sobreintensidad\/","title":{"rendered":"IRS &#8211; Protecci\u00f3n Autoalimentada de Sobreintensidad"},"content":{"rendered":"<div class=\"wpb-content-wrapper\"><p>[vc_row][vc_column width=&#8221;1\/3&#8243;][vc_single_image border_color=&#8221;grey&#8221; img_link_large=&#8221;yes&#8221; img_link_target=&#8221;_self&#8221; css_animation=&#8221;right-to-left&#8221; image=&#8221;26154&#8243; img_size=&#8221;medium&#8221;][\/vc_column][vc_column width=&#8221;2\/3&#8243;][vc_column_text css_animation=&#8221;right-to-left&#8221;]<\/p>\n<h2>Protecci\u00f3n de Sobreintensidad y Fallo de Interruptor con Bloqueo por arm\u00f3nicos<\/h2>\n<p>Los equipos IRS\u00a0 utilizan la propia intensidad de operaci\u00f3n para autoalimentarse, aunque seg\u00fan modelo de datos habr\u00e1 opci\u00f3n de contar con equipos provistos de tensi\u00f3n de alimentaci\u00f3n auxiliar convencional. Adem\u00e1s todos los equipos pueden ser alimentados a trav\u00e9s del puerto USB frontal, lo que facilita la puesta en servicio y recogida de informaci\u00f3n de los mismos.<\/p>\n<p><strong>Caracter\u00edsticas principales<\/strong><\/p>\n<ul>\n<li>Dos salidas de energ\u00eda, una para la activaci\u00f3n del percutor de la celda y otra para la activaci\u00f3n del indicador de la celda.<\/li>\n<li>Dos salidas electromec\u00e1nicas conmutables y configurables, una de ellas biestable.<\/li>\n<li>Una entrada digital libre de potencial y tres entradas de tensi\u00f3n independientes que se activan seg\u00fan el nivel de tensi\u00f3n seleccionado<\/li>\n<li>Indicaci\u00f3n de disparo a trav\u00e9s de un indicador magn\u00e9tico biestable (negro\/rojo).<\/li>\n<li>Memoria no vol\u00e1til de 1 mes de duraci\u00f3n para el almacenamiento de registros en condiciones de fallo de alimentaci\u00f3n.<\/li>\n<li>Frecuencia de muestreo: 800 Hz.<\/li>\n<li>Registro oscilogr\u00e1fico: 16 muestras por ciclo con 500 ciclos de capacidad de almacenamiento total (10 segundos a 50Hz, 8,33 segundos a 60Hz).<\/li>\n<li>2 grupos de ajustes.<\/li>\n<li>Alto grado de protecci\u00f3n: IP52.<\/li>\n<\/ul>\n<p>[\/vc_column_text]<p><strong>Documentaci\u00f3n<\/strong><\/p><ul>\r\n \t<li>Manual de Instrucciones: <a target=\"_blank\" class=\"icon-lock\" data-id=\"87254\" href=\"https:\/\/www.zivautomation.com\/es\/access\/acceso\/\">M0IRSA1904Ev03<\/a> - <em>rev 11.2022<\/em><\/li>\r\n \t<li>Hoja de Producto:\r\n<ul>\r\n \t<li>IRS -A\u00a0<a href=\"https:\/\/www.zivautomation.com\/wp-content\/uploads\/2017\/11\/hirsi1610e.pdf\" target=\"_blank\" rel=\"noopener\">HIRSI1610E\u00a0<\/a><\/li>\r\n \t<li>IRS-B <a href=\"https:\/\/www.zivautomation.com\/wp-content\/uploads\/2019\/09\/h0irsb1903iv01.pdf\" target=\"_blank\" rel=\"noopener\">H0IRSB1903Iv01<\/a><\/li>\r\n \t<li>LPC-Low Power Coil: <a href=\"https:\/\/www.zivautomation.com\/wp-content\/uploads\/2018\/09\/h0lpca1807iv01.pdf\" target=\"_blank\" rel=\"noopener\">H0LPCA1807Iv01\u00a0<\/a><\/li>\r\n<\/ul>\r\n<\/li>\r\n<\/ul>[\/vc_column][\/vc_row][vc_row][vc_column][\/vc_column][\/vc_row]<\/p>\n<\/div>","protected":false},"excerpt":{"rendered":"<p> Protecci\u00f3n de Sobreintensidad y Fallo de Interruptor con Bloqueo por arm\u00f3nicos Los equipos IRS\u00a0 utilizan la propia intensidad de operaci\u00f3n para autoalimentarse, aunque seg\u00fan modelo de datos habr\u00e1 opci\u00f3n de contar con equipos provistos de tensi\u00f3n de alimentaci\u00f3n auxiliar convencional. Adem\u00e1s todos los equipos pueden ser alimentados a trav\u00e9s del [&hellip;]<\/p>\n","protected":false},"author":1,"featured_media":70934,"parent":84398,"menu_order":270,"comment_status":"closed","ping_status":"closed","template":"","meta":{"_acf_changed":false,"footnotes":""},"categories":[268,388,427,217],"tags":[],"class_list":["post-6455","page","type-page","status-publish","has-post-thumbnail","hentry","category-sistemas-de-automatizacion-de-subestacion-cat","category-subestacion-secundaria","category-proteccion-autoalimentada-cat","category-protecciones-cat"],"acf":[],"yoast_head":"<!-- This site is optimized with the Yoast SEO plugin v27.4 - https:\/\/yoast.com\/product\/yoast-seo-wordpress\/ -->\n<title>IRS - Protecci\u00f3n Autoalimentada de Sobreintensidad - ZIV<\/title>\n<meta name=\"robots\" content=\"index, follow, max-snippet:-1, max-image-preview:large, max-video-preview:-1\" \/>\n<link rel=\"canonical\" href=\"https:\/\/www.zivautomation.com\/es\/productos\/sistemas-de-automatizacion-de-subestacion\/irs-proteccion-autoalimentada-de-sobreintensidad\/\" \/>\n<meta property=\"og:locale\" content=\"es_ES\" \/>\n<meta property=\"og:type\" content=\"article\" \/>\n<meta property=\"og:title\" content=\"IRS - Protecci\u00f3n Autoalimentada de Sobreintensidad - ZIV\" \/>\n<meta property=\"og:description\" content=\"[vc_row][vc_column width=&#8221;1\/3&#8243;][vc_single_image border_color=&#8221;grey&#8221; img_link_large=&#8221;yes&#8221; img_link_target=&#8221;_self&#8221; css_animation=&#8221;right-to-left&#8221; image=&#8221;26154&#8243; img_size=&#8221;medium&#8221;][\/vc_column][vc_column width=&#8221;2\/3&#8243;][vc_column_text css_animation=&#8221;right-to-left&#8221;] Protecci\u00f3n de Sobreintensidad y Fallo de Interruptor con Bloqueo por arm\u00f3nicos Los equipos IRS\u00a0 utilizan la propia intensidad de operaci\u00f3n para autoalimentarse, aunque seg\u00fan modelo de datos habr\u00e1 opci\u00f3n de contar con equipos provistos de tensi\u00f3n de alimentaci\u00f3n auxiliar convencional. Adem\u00e1s todos los equipos pueden ser alimentados a trav\u00e9s del [&hellip;]\" \/>\n<meta property=\"og:url\" content=\"https:\/\/www.zivautomation.com\/es\/productos\/sistemas-de-automatizacion-de-subestacion\/irs-proteccion-autoalimentada-de-sobreintensidad\/\" \/>\n<meta property=\"og:site_name\" content=\"ZIV\" \/>\n<meta property=\"article:modified_time\" content=\"2026-01-05T12:39:02+00:00\" \/>\n<meta property=\"og:image\" content=\"https:\/\/www.zivautomation.com\/wp-content\/uploads\/2019\/06\/irs-self-powered-relay.png\" \/>\n\t<meta property=\"og:image:width\" content=\"800\" \/>\n\t<meta property=\"og:image:height\" content=\"400\" \/>\n\t<meta property=\"og:image:type\" content=\"image\/png\" \/>\n<meta name=\"twitter:card\" content=\"summary_large_image\" \/>\n<meta name=\"twitter:label1\" content=\"Tiempo de lectura\" \/>\n\t<meta name=\"twitter:data1\" content=\"2 minutos\" \/>\n<script type=\"application\/ld+json\" class=\"yoast-schema-graph\">{\"@context\":\"https:\\\/\\\/schema.org\",\"@graph\":[{\"@type\":\"WebPage\",\"@id\":\"https:\\\/\\\/www.zivautomation.com\\\/es\\\/productos\\\/sistemas-de-automatizacion-de-subestacion\\\/irs-proteccion-autoalimentada-de-sobreintensidad\\\/\",\"url\":\"https:\\\/\\\/www.zivautomation.com\\\/es\\\/productos\\\/sistemas-de-automatizacion-de-subestacion\\\/irs-proteccion-autoalimentada-de-sobreintensidad\\\/\",\"name\":\"IRS - Protecci\u00f3n Autoalimentada de Sobreintensidad - ZIV\",\"isPartOf\":{\"@id\":\"https:\\\/\\\/www.zivautomation.com\\\/es\\\/#website\"},\"primaryImageOfPage\":{\"@id\":\"https:\\\/\\\/www.zivautomation.com\\\/es\\\/productos\\\/sistemas-de-automatizacion-de-subestacion\\\/irs-proteccion-autoalimentada-de-sobreintensidad\\\/#primaryimage\"},\"image\":{\"@id\":\"https:\\\/\\\/www.zivautomation.com\\\/es\\\/productos\\\/sistemas-de-automatizacion-de-subestacion\\\/irs-proteccion-autoalimentada-de-sobreintensidad\\\/#primaryimage\"},\"thumbnailUrl\":\"https:\\\/\\\/www.zivautomation.com\\\/wp-content\\\/uploads\\\/2019\\\/06\\\/irs-self-powered-relay.png\",\"datePublished\":\"2015-06-23T20:03:03+00:00\",\"dateModified\":\"2026-01-05T12:39:02+00:00\",\"breadcrumb\":{\"@id\":\"https:\\\/\\\/www.zivautomation.com\\\/es\\\/productos\\\/sistemas-de-automatizacion-de-subestacion\\\/irs-proteccion-autoalimentada-de-sobreintensidad\\\/#breadcrumb\"},\"inLanguage\":\"es\",\"potentialAction\":[{\"@type\":\"ReadAction\",\"target\":[\"https:\\\/\\\/www.zivautomation.com\\\/es\\\/productos\\\/sistemas-de-automatizacion-de-subestacion\\\/irs-proteccion-autoalimentada-de-sobreintensidad\\\/\"]}]},{\"@type\":\"ImageObject\",\"inLanguage\":\"es\",\"@id\":\"https:\\\/\\\/www.zivautomation.com\\\/es\\\/productos\\\/sistemas-de-automatizacion-de-subestacion\\\/irs-proteccion-autoalimentada-de-sobreintensidad\\\/#primaryimage\",\"url\":\"https:\\\/\\\/www.zivautomation.com\\\/wp-content\\\/uploads\\\/2019\\\/06\\\/irs-self-powered-relay.png\",\"contentUrl\":\"https:\\\/\\\/www.zivautomation.com\\\/wp-content\\\/uploads\\\/2019\\\/06\\\/irs-self-powered-relay.png\",\"width\":800,\"height\":400,\"caption\":\"IRS SELF POWERED OVERCURRENT RELAY\"},{\"@type\":\"BreadcrumbList\",\"@id\":\"https:\\\/\\\/www.zivautomation.com\\\/es\\\/productos\\\/sistemas-de-automatizacion-de-subestacion\\\/irs-proteccion-autoalimentada-de-sobreintensidad\\\/#breadcrumb\",\"itemListElement\":[{\"@type\":\"ListItem\",\"position\":1,\"name\":\"Home\",\"item\":\"https:\\\/\\\/www.zivautomation.com\\\/es\\\/\"},{\"@type\":\"ListItem\",\"position\":2,\"name\":\"Soluciones ZIV\",\"item\":\"https:\\\/\\\/www.zivautomation.com\\\/es\\\/productos\\\/\"},{\"@type\":\"ListItem\",\"position\":3,\"name\":\"Sistemas de Automatizaci\u00f3n de Subestaciones\",\"item\":\"https:\\\/\\\/www.zivautomation.com\\\/es\\\/productos\\\/sistemas-de-automatizacion-de-subestacion\\\/\"},{\"@type\":\"ListItem\",\"position\":4,\"name\":\"IRS &#8211; Protecci\u00f3n Autoalimentada de Sobreintensidad\"}]},{\"@type\":\"WebSite\",\"@id\":\"https:\\\/\\\/www.zivautomation.com\\\/es\\\/#website\",\"url\":\"https:\\\/\\\/www.zivautomation.com\\\/es\\\/\",\"name\":\"ZIV\",\"description\":\"Haciendo realidad la Red del Futuro\",\"publisher\":{\"@id\":\"https:\\\/\\\/www.zivautomation.com\\\/es\\\/#organization\"},\"potentialAction\":[{\"@type\":\"SearchAction\",\"target\":{\"@type\":\"EntryPoint\",\"urlTemplate\":\"https:\\\/\\\/www.zivautomation.com\\\/es\\\/?s={search_term_string}\"},\"query-input\":{\"@type\":\"PropertyValueSpecification\",\"valueRequired\":true,\"valueName\":\"search_term_string\"}}],\"inLanguage\":\"es\"},{\"@type\":\"Organization\",\"@id\":\"https:\\\/\\\/www.zivautomation.com\\\/es\\\/#organization\",\"name\":\"ZIV\",\"url\":\"https:\\\/\\\/www.zivautomation.com\\\/es\\\/\",\"logo\":{\"@type\":\"ImageObject\",\"inLanguage\":\"es\",\"@id\":\"https:\\\/\\\/www.zivautomation.com\\\/es\\\/#\\\/schema\\\/logo\\\/image\\\/\",\"url\":\"https:\\\/\\\/www.zivautomation.com\\\/wp-content\\\/uploads\\\/2016\\\/10\\\/ziv_solo_cmyk_hr.jpg\",\"contentUrl\":\"https:\\\/\\\/www.zivautomation.com\\\/wp-content\\\/uploads\\\/2016\\\/10\\\/ziv_solo_cmyk_hr.jpg\",\"width\":7078,\"height\":2234,\"caption\":\"ZIV\"},\"image\":{\"@id\":\"https:\\\/\\\/www.zivautomation.com\\\/es\\\/#\\\/schema\\\/logo\\\/image\\\/\"}}]}<\/script>\n<!-- \/ Yoast SEO plugin. -->","yoast_head_json":{"title":"IRS - Protecci\u00f3n Autoalimentada de Sobreintensidad - ZIV","robots":{"index":"index","follow":"follow","max-snippet":"max-snippet:-1","max-image-preview":"max-image-preview:large","max-video-preview":"max-video-preview:-1"},"canonical":"https:\/\/www.zivautomation.com\/es\/productos\/sistemas-de-automatizacion-de-subestacion\/irs-proteccion-autoalimentada-de-sobreintensidad\/","og_locale":"es_ES","og_type":"article","og_title":"IRS - Protecci\u00f3n Autoalimentada de Sobreintensidad - ZIV","og_description":"[vc_row][vc_column width=&#8221;1\/3&#8243;][vc_single_image border_color=&#8221;grey&#8221; img_link_large=&#8221;yes&#8221; img_link_target=&#8221;_self&#8221; css_animation=&#8221;right-to-left&#8221; image=&#8221;26154&#8243; img_size=&#8221;medium&#8221;][\/vc_column][vc_column width=&#8221;2\/3&#8243;][vc_column_text css_animation=&#8221;right-to-left&#8221;] Protecci\u00f3n de Sobreintensidad y Fallo de Interruptor con Bloqueo por arm\u00f3nicos Los equipos IRS\u00a0 utilizan la propia intensidad de operaci\u00f3n para autoalimentarse, aunque seg\u00fan modelo de datos habr\u00e1 opci\u00f3n de contar con equipos provistos de tensi\u00f3n de alimentaci\u00f3n auxiliar convencional. Adem\u00e1s todos los equipos pueden ser alimentados a trav\u00e9s del [&hellip;]","og_url":"https:\/\/www.zivautomation.com\/es\/productos\/sistemas-de-automatizacion-de-subestacion\/irs-proteccion-autoalimentada-de-sobreintensidad\/","og_site_name":"ZIV","article_modified_time":"2026-01-05T12:39:02+00:00","og_image":[{"width":800,"height":400,"url":"https:\/\/www.zivautomation.com\/wp-content\/uploads\/2019\/06\/irs-self-powered-relay.png","type":"image\/png"}],"twitter_card":"summary_large_image","twitter_misc":{"Tiempo de lectura":"2 minutos"},"schema":{"@context":"https:\/\/schema.org","@graph":[{"@type":"WebPage","@id":"https:\/\/www.zivautomation.com\/es\/productos\/sistemas-de-automatizacion-de-subestacion\/irs-proteccion-autoalimentada-de-sobreintensidad\/","url":"https:\/\/www.zivautomation.com\/es\/productos\/sistemas-de-automatizacion-de-subestacion\/irs-proteccion-autoalimentada-de-sobreintensidad\/","name":"IRS - Protecci\u00f3n Autoalimentada de Sobreintensidad - ZIV","isPartOf":{"@id":"https:\/\/www.zivautomation.com\/es\/#website"},"primaryImageOfPage":{"@id":"https:\/\/www.zivautomation.com\/es\/productos\/sistemas-de-automatizacion-de-subestacion\/irs-proteccion-autoalimentada-de-sobreintensidad\/#primaryimage"},"image":{"@id":"https:\/\/www.zivautomation.com\/es\/productos\/sistemas-de-automatizacion-de-subestacion\/irs-proteccion-autoalimentada-de-sobreintensidad\/#primaryimage"},"thumbnailUrl":"https:\/\/www.zivautomation.com\/wp-content\/uploads\/2019\/06\/irs-self-powered-relay.png","datePublished":"2015-06-23T20:03:03+00:00","dateModified":"2026-01-05T12:39:02+00:00","breadcrumb":{"@id":"https:\/\/www.zivautomation.com\/es\/productos\/sistemas-de-automatizacion-de-subestacion\/irs-proteccion-autoalimentada-de-sobreintensidad\/#breadcrumb"},"inLanguage":"es","potentialAction":[{"@type":"ReadAction","target":["https:\/\/www.zivautomation.com\/es\/productos\/sistemas-de-automatizacion-de-subestacion\/irs-proteccion-autoalimentada-de-sobreintensidad\/"]}]},{"@type":"ImageObject","inLanguage":"es","@id":"https:\/\/www.zivautomation.com\/es\/productos\/sistemas-de-automatizacion-de-subestacion\/irs-proteccion-autoalimentada-de-sobreintensidad\/#primaryimage","url":"https:\/\/www.zivautomation.com\/wp-content\/uploads\/2019\/06\/irs-self-powered-relay.png","contentUrl":"https:\/\/www.zivautomation.com\/wp-content\/uploads\/2019\/06\/irs-self-powered-relay.png","width":800,"height":400,"caption":"IRS SELF POWERED OVERCURRENT RELAY"},{"@type":"BreadcrumbList","@id":"https:\/\/www.zivautomation.com\/es\/productos\/sistemas-de-automatizacion-de-subestacion\/irs-proteccion-autoalimentada-de-sobreintensidad\/#breadcrumb","itemListElement":[{"@type":"ListItem","position":1,"name":"Home","item":"https:\/\/www.zivautomation.com\/es\/"},{"@type":"ListItem","position":2,"name":"Soluciones ZIV","item":"https:\/\/www.zivautomation.com\/es\/productos\/"},{"@type":"ListItem","position":3,"name":"Sistemas de Automatizaci\u00f3n de Subestaciones","item":"https:\/\/www.zivautomation.com\/es\/productos\/sistemas-de-automatizacion-de-subestacion\/"},{"@type":"ListItem","position":4,"name":"IRS &#8211; Protecci\u00f3n Autoalimentada de Sobreintensidad"}]},{"@type":"WebSite","@id":"https:\/\/www.zivautomation.com\/es\/#website","url":"https:\/\/www.zivautomation.com\/es\/","name":"ZIV","description":"Haciendo realidad la Red del Futuro","publisher":{"@id":"https:\/\/www.zivautomation.com\/es\/#organization"},"potentialAction":[{"@type":"SearchAction","target":{"@type":"EntryPoint","urlTemplate":"https:\/\/www.zivautomation.com\/es\/?s={search_term_string}"},"query-input":{"@type":"PropertyValueSpecification","valueRequired":true,"valueName":"search_term_string"}}],"inLanguage":"es"},{"@type":"Organization","@id":"https:\/\/www.zivautomation.com\/es\/#organization","name":"ZIV","url":"https:\/\/www.zivautomation.com\/es\/","logo":{"@type":"ImageObject","inLanguage":"es","@id":"https:\/\/www.zivautomation.com\/es\/#\/schema\/logo\/image\/","url":"https:\/\/www.zivautomation.com\/wp-content\/uploads\/2016\/10\/ziv_solo_cmyk_hr.jpg","contentUrl":"https:\/\/www.zivautomation.com\/wp-content\/uploads\/2016\/10\/ziv_solo_cmyk_hr.jpg","width":7078,"height":2234,"caption":"ZIV"},"image":{"@id":"https:\/\/www.zivautomation.com\/es\/#\/schema\/logo\/image\/"}}]}},"_links":{"self":[{"href":"https:\/\/www.zivautomation.com\/es\/wp-json\/wp\/v2\/pages\/6455","targetHints":{"allow":["GET"]}}],"collection":[{"href":"https:\/\/www.zivautomation.com\/es\/wp-json\/wp\/v2\/pages"}],"about":[{"href":"https:\/\/www.zivautomation.com\/es\/wp-json\/wp\/v2\/types\/page"}],"author":[{"embeddable":true,"href":"https:\/\/www.zivautomation.com\/es\/wp-json\/wp\/v2\/users\/1"}],"replies":[{"embeddable":true,"href":"https:\/\/www.zivautomation.com\/es\/wp-json\/wp\/v2\/comments?post=6455"}],"version-history":[{"count":9,"href":"https:\/\/www.zivautomation.com\/es\/wp-json\/wp\/v2\/pages\/6455\/revisions"}],"predecessor-version":[{"id":156602,"href":"https:\/\/www.zivautomation.com\/es\/wp-json\/wp\/v2\/pages\/6455\/revisions\/156602"}],"up":[{"embeddable":true,"href":"https:\/\/www.zivautomation.com\/es\/wp-json\/wp\/v2\/pages\/84398"}],"wp:featuredmedia":[{"embeddable":true,"href":"https:\/\/www.zivautomation.com\/es\/wp-json\/wp\/v2\/media\/70934"}],"wp:attachment":[{"href":"https:\/\/www.zivautomation.com\/es\/wp-json\/wp\/v2\/media?parent=6455"}],"wp:term":[{"taxonomy":"category","embeddable":true,"href":"https:\/\/www.zivautomation.com\/es\/wp-json\/wp\/v2\/categories?post=6455"},{"taxonomy":"post_tag","embeddable":true,"href":"https:\/\/www.zivautomation.com\/es\/wp-json\/wp\/v2\/tags?post=6455"}],"curies":[{"name":"wp","href":"https:\/\/api.w.org\/{rel}","templated":true}]}}