{"id":6452,"date":"2015-06-23T22:22:54","date_gmt":"2015-06-23T20:22:54","guid":{"rendered":"http:\/\/ziv.poselab.com\/irv-breaker-protection\/"},"modified":"2023-06-27T12:33:47","modified_gmt":"2023-06-27T10:33:47","slug":"irv-terminal-interruptor","status":"publish","type":"page","link":"https:\/\/www.zivautomation.com\/es\/productos\/sistemas-de-automatizacion-de-subestacion\/irv-terminal-interruptor\/","title":{"rendered":"6IRV &#8211; Terminal de Control de Interruptor AT"},"content":{"rendered":"<div class=\"wpb-content-wrapper\"><p>[vc_row][vc_column width=&#8221;1\/3&#8243;][vc_single_image border_color=&#8221;grey&#8221; img_link_large=&#8221;yes&#8221; img_link_target=&#8221;_self&#8221; css_animation=&#8221;right-to-left&#8221; img_size=&#8221;medium&#8221; image=&#8221;6064&#8243;][\/vc_column][vc_column width=&#8221;2\/3&#8243;][vc_column_text css_animation=&#8221;right-to-left&#8221;]<\/p>\n<h2>Soluci\u00f3n Integrada de Control, Monitorizaci\u00f3n y Protecci\u00f3n para posiciones de Simple o Doble Interruptor<\/h2>\n<p>El equipo denominado gen\u00e9ricamente 6IRV integra todas las funciones requeridas para el control, la monitorizaci\u00f3n y la protecci\u00f3n de un interruptor. Son equipos que incorporan protecci\u00f3n de Fallo de interruptor, Reenganchador y comprobaci\u00f3n de Sincronismo. Asimismo, incluyen unidades de protecci\u00f3n de respaldo tales como Sobreintensidad, Sobre \/ subtensi\u00f3n, Sobre \/ subfrecuencia, adem\u00e1s de Control y Medida.<\/p>\n<p>El Reenganchador de los equipos 6IRV presenta la posibilidad de reenganchar disparos monof\u00e1sicos, trif\u00e1sicos o ambos, para lo cual incluye cuatro modos diferentes de operaci\u00f3n. Adem\u00e1s, previa a la orden de reenganche, efectuar\u00e1 opcionalmente la supervisi\u00f3n de la existencia de sincronismo, informaci\u00f3n que podr\u00e1 ser suministrada por la propia unidad de sincronismo del equipo. Existe la posibilidad de efectuar hasta 4 reenganches. El reenganchador de los equipos 6IRV-B permite controlar dos interruptores.<\/p>\n<p><strong>Caracter\u00edsticas principales<br \/>\n<\/strong><\/p>\n<ul>\n<li>Protecci\u00f3n de fallo de interruptor con funci\u00f3n de redisparo.<\/li>\n<li>Reenganchador dise\u00f1ado para controlar uno o dos interruptores.<\/li>\n<li>Comprobaci\u00f3n de sincronismo de cierre.<\/li>\n<li>Supervisi\u00f3n de interruptor.<\/li>\n<li>Detector de polo abierto y de discordancia de polos.<\/li>\n<li>Supervisi\u00f3n de circuitos de maniobra:\u00a0 hasta 6 circuitos de maniobra.<\/li>\n<li>L\u00f3gica programable.<\/li>\n<li>Versatilidad en comunicaciones.<\/li>\n<li>Registro de eventos y registro de medidas.<\/li>\n<li>Supervisi\u00f3n de la tension de alimentaci\u00f3n.<\/li>\n<li>Interfaz alfanum\u00e9rica y gr\u00e1fica configurable.<\/li>\n<li>Funciones de protecci\u00f3n de respaldo (sobrecorriente, voltaje, frecuencia, \u2026).<\/li>\n<\/ul>\n<p><strong>Relacionado<\/strong><\/p>\n<ul>\n<li><a href=\"https:\/\/www.zivautomation.com\/es\/smartgrid\/\">Sistemas de Automatizaci\u00f3n y Telecomunicaci\u00f3n de Subestaciones<\/a><\/li>\n<\/ul>\n<p>[\/vc_column_text]<p><strong>Documentaci\u00f3n<\/strong><\/p><ul>\r\n \t<li>Manual de instrucciones: <a target=\"_blank\" class=\"icon-lock\" data-id=\"89985\" href=\"https:\/\/www.zivautomation.com\/es\/access\/acceso\/\">M6IRVA1811Ev06<\/a> (27 \/ 02 \/ 2023)<\/li>\r\n \t<li>Hoja de Producto: <a target=\"_blank\" href=\"https:\/\/www.zivautomation.com\/wp-content\/uploads\/2015\/06\/h6ir1612b.pdf\">H6IR1612B<\/a><\/li>\r\n<\/ul>[\/vc_column][\/vc_row]<\/p>\n<\/div>","protected":false},"excerpt":{"rendered":"<p> Soluci\u00f3n Integrada de Control, Monitorizaci\u00f3n y Protecci\u00f3n para posiciones de Simple o Doble Interruptor El equipo denominado gen\u00e9ricamente 6IRV integra todas las funciones requeridas para el control, la monitorizaci\u00f3n y la protecci\u00f3n de un interruptor. Son equipos que incorporan protecci\u00f3n de Fallo de interruptor, Reenganchador y comprobaci\u00f3n de Sincronismo. Asimismo, [&hellip;]<\/p>\n","protected":false},"author":1,"featured_media":0,"parent":84398,"menu_order":237,"comment_status":"closed","ping_status":"closed","template":"","meta":{"_acf_changed":false,"footnotes":""},"categories":[268,440,441,217,218],"tags":[],"class_list":["post-6452","page","type-page","status-publish","hentry","category-sistemas-de-automatizacion-de-subestacion-cat","category-subestacion-primaria-cat","category-transmision-cat","category-protecciones-cat","category-proteccion-de-interruptor-cat"],"acf":[],"yoast_head":"<!-- This site is optimized with the Yoast SEO plugin v27.4 - https:\/\/yoast.com\/product\/yoast-seo-wordpress\/ -->\n<title>6IRV - Terminal de Control de Interruptor AT - ZIV<\/title>\n<meta name=\"robots\" content=\"index, follow, max-snippet:-1, max-image-preview:large, max-video-preview:-1\" \/>\n<link rel=\"canonical\" href=\"https:\/\/www.zivautomation.com\/es\/productos\/sistemas-de-automatizacion-de-subestacion\/irv-terminal-interruptor\/\" \/>\n<meta property=\"og:locale\" content=\"es_ES\" \/>\n<meta property=\"og:type\" content=\"article\" \/>\n<meta property=\"og:title\" content=\"6IRV - Terminal de Control de Interruptor AT - ZIV\" \/>\n<meta property=\"og:description\" content=\"[vc_row][vc_column width=&#8221;1\/3&#8243;][vc_single_image border_color=&#8221;grey&#8221; img_link_large=&#8221;yes&#8221; img_link_target=&#8221;_self&#8221; css_animation=&#8221;right-to-left&#8221; img_size=&#8221;medium&#8221; image=&#8221;6064&#8243;][\/vc_column][vc_column width=&#8221;2\/3&#8243;][vc_column_text css_animation=&#8221;right-to-left&#8221;] Soluci\u00f3n Integrada de Control, Monitorizaci\u00f3n y Protecci\u00f3n para posiciones de Simple o Doble Interruptor El equipo denominado gen\u00e9ricamente 6IRV integra todas las funciones requeridas para el control, la monitorizaci\u00f3n y la protecci\u00f3n de un interruptor. Son equipos que incorporan protecci\u00f3n de Fallo de interruptor, Reenganchador y comprobaci\u00f3n de Sincronismo. Asimismo, [&hellip;]\" \/>\n<meta property=\"og:url\" content=\"https:\/\/www.zivautomation.com\/es\/productos\/sistemas-de-automatizacion-de-subestacion\/irv-terminal-interruptor\/\" \/>\n<meta property=\"og:site_name\" content=\"ZIV\" \/>\n<meta property=\"article:modified_time\" content=\"2023-06-27T10:33:47+00:00\" \/>\n<meta name=\"twitter:card\" content=\"summary_large_image\" \/>\n<meta name=\"twitter:label1\" content=\"Tiempo de lectura\" \/>\n\t<meta name=\"twitter:data1\" content=\"2 minutos\" \/>\n<script type=\"application\/ld+json\" class=\"yoast-schema-graph\">{\"@context\":\"https:\\\/\\\/schema.org\",\"@graph\":[{\"@type\":\"WebPage\",\"@id\":\"https:\\\/\\\/www.zivautomation.com\\\/es\\\/productos\\\/sistemas-de-automatizacion-de-subestacion\\\/irv-terminal-interruptor\\\/\",\"url\":\"https:\\\/\\\/www.zivautomation.com\\\/es\\\/productos\\\/sistemas-de-automatizacion-de-subestacion\\\/irv-terminal-interruptor\\\/\",\"name\":\"6IRV - Terminal de Control de Interruptor AT - ZIV\",\"isPartOf\":{\"@id\":\"https:\\\/\\\/www.zivautomation.com\\\/es\\\/#website\"},\"datePublished\":\"2015-06-23T20:22:54+00:00\",\"dateModified\":\"2023-06-27T10:33:47+00:00\",\"breadcrumb\":{\"@id\":\"https:\\\/\\\/www.zivautomation.com\\\/es\\\/productos\\\/sistemas-de-automatizacion-de-subestacion\\\/irv-terminal-interruptor\\\/#breadcrumb\"},\"inLanguage\":\"es\",\"potentialAction\":[{\"@type\":\"ReadAction\",\"target\":[\"https:\\\/\\\/www.zivautomation.com\\\/es\\\/productos\\\/sistemas-de-automatizacion-de-subestacion\\\/irv-terminal-interruptor\\\/\"]}]},{\"@type\":\"BreadcrumbList\",\"@id\":\"https:\\\/\\\/www.zivautomation.com\\\/es\\\/productos\\\/sistemas-de-automatizacion-de-subestacion\\\/irv-terminal-interruptor\\\/#breadcrumb\",\"itemListElement\":[{\"@type\":\"ListItem\",\"position\":1,\"name\":\"Home\",\"item\":\"https:\\\/\\\/www.zivautomation.com\\\/es\\\/\"},{\"@type\":\"ListItem\",\"position\":2,\"name\":\"Soluciones ZIV\",\"item\":\"https:\\\/\\\/www.zivautomation.com\\\/es\\\/productos\\\/\"},{\"@type\":\"ListItem\",\"position\":3,\"name\":\"Sistemas de Automatizaci\u00f3n de Subestaciones\",\"item\":\"https:\\\/\\\/www.zivautomation.com\\\/es\\\/productos\\\/sistemas-de-automatizacion-de-subestacion\\\/\"},{\"@type\":\"ListItem\",\"position\":4,\"name\":\"6IRV &#8211; Terminal de Control de Interruptor AT\"}]},{\"@type\":\"WebSite\",\"@id\":\"https:\\\/\\\/www.zivautomation.com\\\/es\\\/#website\",\"url\":\"https:\\\/\\\/www.zivautomation.com\\\/es\\\/\",\"name\":\"ZIV\",\"description\":\"Haciendo realidad la Red del Futuro\",\"publisher\":{\"@id\":\"https:\\\/\\\/www.zivautomation.com\\\/es\\\/#organization\"},\"potentialAction\":[{\"@type\":\"SearchAction\",\"target\":{\"@type\":\"EntryPoint\",\"urlTemplate\":\"https:\\\/\\\/www.zivautomation.com\\\/es\\\/?s={search_term_string}\"},\"query-input\":{\"@type\":\"PropertyValueSpecification\",\"valueRequired\":true,\"valueName\":\"search_term_string\"}}],\"inLanguage\":\"es\"},{\"@type\":\"Organization\",\"@id\":\"https:\\\/\\\/www.zivautomation.com\\\/es\\\/#organization\",\"name\":\"ZIV\",\"url\":\"https:\\\/\\\/www.zivautomation.com\\\/es\\\/\",\"logo\":{\"@type\":\"ImageObject\",\"inLanguage\":\"es\",\"@id\":\"https:\\\/\\\/www.zivautomation.com\\\/es\\\/#\\\/schema\\\/logo\\\/image\\\/\",\"url\":\"https:\\\/\\\/www.zivautomation.com\\\/wp-content\\\/uploads\\\/2016\\\/10\\\/ziv_solo_cmyk_hr.jpg\",\"contentUrl\":\"https:\\\/\\\/www.zivautomation.com\\\/wp-content\\\/uploads\\\/2016\\\/10\\\/ziv_solo_cmyk_hr.jpg\",\"width\":7078,\"height\":2234,\"caption\":\"ZIV\"},\"image\":{\"@id\":\"https:\\\/\\\/www.zivautomation.com\\\/es\\\/#\\\/schema\\\/logo\\\/image\\\/\"}}]}<\/script>\n<!-- \/ Yoast SEO plugin. -->","yoast_head_json":{"title":"6IRV - Terminal de Control de Interruptor AT - ZIV","robots":{"index":"index","follow":"follow","max-snippet":"max-snippet:-1","max-image-preview":"max-image-preview:large","max-video-preview":"max-video-preview:-1"},"canonical":"https:\/\/www.zivautomation.com\/es\/productos\/sistemas-de-automatizacion-de-subestacion\/irv-terminal-interruptor\/","og_locale":"es_ES","og_type":"article","og_title":"6IRV - Terminal de Control de Interruptor AT - ZIV","og_description":"[vc_row][vc_column width=&#8221;1\/3&#8243;][vc_single_image border_color=&#8221;grey&#8221; img_link_large=&#8221;yes&#8221; img_link_target=&#8221;_self&#8221; css_animation=&#8221;right-to-left&#8221; img_size=&#8221;medium&#8221; image=&#8221;6064&#8243;][\/vc_column][vc_column width=&#8221;2\/3&#8243;][vc_column_text css_animation=&#8221;right-to-left&#8221;] Soluci\u00f3n Integrada de Control, Monitorizaci\u00f3n y Protecci\u00f3n para posiciones de Simple o Doble Interruptor El equipo denominado gen\u00e9ricamente 6IRV integra todas las funciones requeridas para el control, la monitorizaci\u00f3n y la protecci\u00f3n de un interruptor. Son equipos que incorporan protecci\u00f3n de Fallo de interruptor, Reenganchador y comprobaci\u00f3n de Sincronismo. Asimismo, [&hellip;]","og_url":"https:\/\/www.zivautomation.com\/es\/productos\/sistemas-de-automatizacion-de-subestacion\/irv-terminal-interruptor\/","og_site_name":"ZIV","article_modified_time":"2023-06-27T10:33:47+00:00","twitter_card":"summary_large_image","twitter_misc":{"Tiempo de lectura":"2 minutos"},"schema":{"@context":"https:\/\/schema.org","@graph":[{"@type":"WebPage","@id":"https:\/\/www.zivautomation.com\/es\/productos\/sistemas-de-automatizacion-de-subestacion\/irv-terminal-interruptor\/","url":"https:\/\/www.zivautomation.com\/es\/productos\/sistemas-de-automatizacion-de-subestacion\/irv-terminal-interruptor\/","name":"6IRV - Terminal de Control de Interruptor AT - ZIV","isPartOf":{"@id":"https:\/\/www.zivautomation.com\/es\/#website"},"datePublished":"2015-06-23T20:22:54+00:00","dateModified":"2023-06-27T10:33:47+00:00","breadcrumb":{"@id":"https:\/\/www.zivautomation.com\/es\/productos\/sistemas-de-automatizacion-de-subestacion\/irv-terminal-interruptor\/#breadcrumb"},"inLanguage":"es","potentialAction":[{"@type":"ReadAction","target":["https:\/\/www.zivautomation.com\/es\/productos\/sistemas-de-automatizacion-de-subestacion\/irv-terminal-interruptor\/"]}]},{"@type":"BreadcrumbList","@id":"https:\/\/www.zivautomation.com\/es\/productos\/sistemas-de-automatizacion-de-subestacion\/irv-terminal-interruptor\/#breadcrumb","itemListElement":[{"@type":"ListItem","position":1,"name":"Home","item":"https:\/\/www.zivautomation.com\/es\/"},{"@type":"ListItem","position":2,"name":"Soluciones ZIV","item":"https:\/\/www.zivautomation.com\/es\/productos\/"},{"@type":"ListItem","position":3,"name":"Sistemas de Automatizaci\u00f3n de Subestaciones","item":"https:\/\/www.zivautomation.com\/es\/productos\/sistemas-de-automatizacion-de-subestacion\/"},{"@type":"ListItem","position":4,"name":"6IRV &#8211; Terminal de Control de Interruptor AT"}]},{"@type":"WebSite","@id":"https:\/\/www.zivautomation.com\/es\/#website","url":"https:\/\/www.zivautomation.com\/es\/","name":"ZIV","description":"Haciendo realidad la Red del Futuro","publisher":{"@id":"https:\/\/www.zivautomation.com\/es\/#organization"},"potentialAction":[{"@type":"SearchAction","target":{"@type":"EntryPoint","urlTemplate":"https:\/\/www.zivautomation.com\/es\/?s={search_term_string}"},"query-input":{"@type":"PropertyValueSpecification","valueRequired":true,"valueName":"search_term_string"}}],"inLanguage":"es"},{"@type":"Organization","@id":"https:\/\/www.zivautomation.com\/es\/#organization","name":"ZIV","url":"https:\/\/www.zivautomation.com\/es\/","logo":{"@type":"ImageObject","inLanguage":"es","@id":"https:\/\/www.zivautomation.com\/es\/#\/schema\/logo\/image\/","url":"https:\/\/www.zivautomation.com\/wp-content\/uploads\/2016\/10\/ziv_solo_cmyk_hr.jpg","contentUrl":"https:\/\/www.zivautomation.com\/wp-content\/uploads\/2016\/10\/ziv_solo_cmyk_hr.jpg","width":7078,"height":2234,"caption":"ZIV"},"image":{"@id":"https:\/\/www.zivautomation.com\/es\/#\/schema\/logo\/image\/"}}]}},"_links":{"self":[{"href":"https:\/\/www.zivautomation.com\/es\/wp-json\/wp\/v2\/pages\/6452","targetHints":{"allow":["GET"]}}],"collection":[{"href":"https:\/\/www.zivautomation.com\/es\/wp-json\/wp\/v2\/pages"}],"about":[{"href":"https:\/\/www.zivautomation.com\/es\/wp-json\/wp\/v2\/types\/page"}],"author":[{"embeddable":true,"href":"https:\/\/www.zivautomation.com\/es\/wp-json\/wp\/v2\/users\/1"}],"replies":[{"embeddable":true,"href":"https:\/\/www.zivautomation.com\/es\/wp-json\/wp\/v2\/comments?post=6452"}],"version-history":[{"count":8,"href":"https:\/\/www.zivautomation.com\/es\/wp-json\/wp\/v2\/pages\/6452\/revisions"}],"predecessor-version":[{"id":89992,"href":"https:\/\/www.zivautomation.com\/es\/wp-json\/wp\/v2\/pages\/6452\/revisions\/89992"}],"up":[{"embeddable":true,"href":"https:\/\/www.zivautomation.com\/es\/wp-json\/wp\/v2\/pages\/84398"}],"wp:attachment":[{"href":"https:\/\/www.zivautomation.com\/es\/wp-json\/wp\/v2\/media?parent=6452"}],"wp:term":[{"taxonomy":"category","embeddable":true,"href":"https:\/\/www.zivautomation.com\/es\/wp-json\/wp\/v2\/categories?post=6452"},{"taxonomy":"post_tag","embeddable":true,"href":"https:\/\/www.zivautomation.com\/es\/wp-json\/wp\/v2\/tags?post=6452"}],"curies":[{"name":"wp","href":"https:\/\/api.w.org\/{rel}","templated":true}]}}