{"id":6436,"date":"2015-09-17T17:30:04","date_gmt":"2015-09-17T15:30:04","guid":{"rendered":"http:\/\/ziv.poselab.com\/zbp-1-distribution-line-carrier\/"},"modified":"2023-01-26T09:53:03","modified_gmt":"2023-01-26T08:53:03","slug":"zbp-1-portadora-para-lineas-de-distribucion","status":"publish","type":"page","link":"https:\/\/www.zivautomation.com\/es\/productos\/comunicaciones\/zbp-1-portadora-para-lineas-de-distribucion\/","title":{"rendered":"ZBP-1 &#8211; Equipo PLC de Media Tensi\u00f3n"},"content":{"rendered":"<div class=\"wpb-content-wrapper\"><p>[vc_row][vc_column width=&#8221;1\/3&#8243;][vc_single_image border_color=&#8221;grey&#8221; img_link_large=&#8221;yes&#8221; img_link_target=&#8221;_self&#8221; css_animation=&#8221;right-to-left&#8221; image=&#8221;6350&#8243; img_size=&#8221;medium&#8221;][\/vc_column][vc_column width=&#8221;2\/3&#8243;][vc_column_text css_animation=&#8221;right-to-left&#8221;]<\/p>\n<h2>Portadora de MT para entorno urbano<\/h2>\n<p><strong>Equipo PLC de MT para el transporte de datos, por las l\u00edneas el\u00e9ctricas de media tensi\u00f3n, entre Centros de Transformaci\u00f3n hacia la Subestaci\u00f3n.\u00a0<\/strong><\/p>\n<p>Para conseguir este objetivo, el sistema utiliza una modulaci\u00f3n OFDM (Multiplexaci\u00f3n por Divisi\u00f3n de Frecuencias Ortogonales). El canal se examina constantemente de forma que las portadoras afectadas por el ruido o por las interferencias pueden reducir su modulaci\u00f3n autom\u00e1ticamente e incluso anularse.<\/p>\n<p><strong>Caracter\u00edsticas principales<\/strong><\/p>\n<ul>\n<li>Transmisi\u00f3n de datos en distancias de nivel medio (entorno urbano).<\/li>\n<li>Dise\u00f1ada para dotar de conectividad a los Centros de Transformaci\u00f3n (CTs).<\/li>\n<li>Rango de frecuencias: seleccionable por el usuario entre 2 MHz y 12 MHz \u00f3 entre 2 MHz y 14 MHz, seg\u00fan modelo.<\/li>\n<li>Modulaci\u00f3n OFDM de 296 \u00f3 380 portadoras \u00fatiles, seg\u00fan modelo.<\/li>\n<li>Modulaci\u00f3n QPSK\/QAM aplicada a cada portadora.<\/li>\n<li>Turbo c\u00f3digo con FEC (Forward Error Correction).<\/li>\n<li>Velocidad de transmisi\u00f3n de hasta 28 Mbit\/s \u00f3 36 Mbit\/s, seg\u00fan modelo.<\/li>\n<li>Distancias de hasta 5 km.<\/li>\n<li>1 puerto Ethernet.<\/li>\n<li>Conexi\u00f3n a l\u00ednea mediante conector BNC.<\/li>\n<li>Gesti\u00f3n local y remota mediante consola o a trav\u00e9s de un\u2028 servidor web incorporado (HTTP\/HTTPS), servidor SSH y Telnet.<\/li>\n<\/ul>\n<p>[\/vc_column_text]<p><strong>Documentaci\u00f3n<\/strong><\/p><ul>\r\n \t<li>Manual de Instrucciones: <a target=\"_blank\" class=\"icon-lock\" data-id=\"84580\" href=\"https:\/\/www.zivautomation.com\/es\/access\/acceso\/\">M0ZBP12206Ev04_ZBP-1_Manual_de_Usuario_R4-C<\/a> - <strong>Rev 06.2022<\/strong><\/li>\r\n \t<li>Hoja de Producto: <a target=\"_blank\" class=\"icon-lock\" data-id=\"84131\" href=\"https:\/\/www.zivautomation.com\/es\/access\/acceso\/\">F0ZBP12205Ev03_ZIV_ZBP-1_Data_Sheet_R3-C<\/a><\/li>\r\n<\/ul>[\/vc_column][\/vc_row]<\/p>\n<\/div>","protected":false},"excerpt":{"rendered":"<p> Portadora de MT para entorno urbano Equipo PLC de MT para el transporte de datos, por las l\u00edneas el\u00e9ctricas de media tensi\u00f3n, entre Centros de Transformaci\u00f3n hacia la Subestaci\u00f3n.\u00a0 Para conseguir este objetivo, el sistema utiliza una modulaci\u00f3n OFDM (Multiplexaci\u00f3n por Divisi\u00f3n de Frecuencias Ortogonales). El canal se examina constantemente [&hellip;]<\/p>\n","protected":false},"author":1,"featured_media":71422,"parent":84941,"menu_order":233,"comment_status":"closed","ping_status":"closed","template":"","meta":{"_acf_changed":false,"footnotes":""},"categories":[429,208,388,209],"tags":[],"class_list":["post-6436","page","type-page","status-publish","has-post-thumbnail","hentry","category-comunicaciones-mt-bt-cat","category-comunicaciones-cat","category-subestacion-secundaria","category-plc-de-banda-ancha-cat"],"acf":[],"yoast_head":"<!-- This site is optimized with the Yoast SEO plugin v27.4 - https:\/\/yoast.com\/product\/yoast-seo-wordpress\/ -->\n<title>ZBP-1 - Equipo PLC de Media Tensi\u00f3n - ZIV Redes de Distribuci\u00f3n<\/title>\n<meta name=\"description\" content=\"Equipo PLC para el transporte de datos, por las l\u00edneas el\u00e9ctricas de media tensi\u00f3n, entre Centros de Transformaci\u00f3n hacia la Subestaci\u00f3n.\u00a0Modulaci\u00f3n OFDM\" \/>\n<meta name=\"robots\" content=\"index, follow, max-snippet:-1, max-image-preview:large, max-video-preview:-1\" \/>\n<link rel=\"canonical\" href=\"https:\/\/www.zivautomation.com\/es\/productos\/comunicaciones\/zbp-1-portadora-para-lineas-de-distribucion\/\" \/>\n<meta property=\"og:locale\" content=\"es_ES\" \/>\n<meta property=\"og:type\" content=\"article\" \/>\n<meta property=\"og:title\" content=\"ZBP-1 - Equipo PLC de Media Tensi\u00f3n - ZIV Redes de Distribuci\u00f3n\" \/>\n<meta property=\"og:description\" content=\"Equipo PLC para el transporte de datos, por las l\u00edneas el\u00e9ctricas de media tensi\u00f3n, entre Centros de Transformaci\u00f3n hacia la Subestaci\u00f3n.\u00a0Modulaci\u00f3n OFDM\" \/>\n<meta property=\"og:url\" content=\"https:\/\/www.zivautomation.com\/es\/productos\/comunicaciones\/zbp-1-portadora-para-lineas-de-distribucion\/\" \/>\n<meta property=\"og:site_name\" content=\"ZIV\" \/>\n<meta property=\"article:modified_time\" content=\"2023-01-26T08:53:03+00:00\" \/>\n<meta property=\"og:image\" content=\"https:\/\/www.zivautomation.com\/wp-content\/uploads\/2019\/07\/zbp-communications-over-mv-plc.png\" \/>\n\t<meta property=\"og:image:width\" content=\"800\" \/>\n\t<meta property=\"og:image:height\" content=\"400\" \/>\n\t<meta property=\"og:image:type\" content=\"image\/png\" \/>\n<meta name=\"twitter:card\" content=\"summary_large_image\" \/>\n<meta name=\"twitter:label1\" content=\"Tiempo de lectura\" \/>\n\t<meta name=\"twitter:data1\" content=\"1 minuto\" \/>\n<script type=\"application\/ld+json\" class=\"yoast-schema-graph\">{\"@context\":\"https:\\\/\\\/schema.org\",\"@graph\":[{\"@type\":\"WebPage\",\"@id\":\"https:\\\/\\\/www.zivautomation.com\\\/es\\\/productos\\\/comunicaciones\\\/zbp-1-portadora-para-lineas-de-distribucion\\\/\",\"url\":\"https:\\\/\\\/www.zivautomation.com\\\/es\\\/productos\\\/comunicaciones\\\/zbp-1-portadora-para-lineas-de-distribucion\\\/\",\"name\":\"ZBP-1 - Equipo PLC de Media Tensi\u00f3n - ZIV Redes de Distribuci\u00f3n\",\"isPartOf\":{\"@id\":\"https:\\\/\\\/www.zivautomation.com\\\/es\\\/#website\"},\"primaryImageOfPage\":{\"@id\":\"https:\\\/\\\/www.zivautomation.com\\\/es\\\/productos\\\/comunicaciones\\\/zbp-1-portadora-para-lineas-de-distribucion\\\/#primaryimage\"},\"image\":{\"@id\":\"https:\\\/\\\/www.zivautomation.com\\\/es\\\/productos\\\/comunicaciones\\\/zbp-1-portadora-para-lineas-de-distribucion\\\/#primaryimage\"},\"thumbnailUrl\":\"https:\\\/\\\/www.zivautomation.com\\\/wp-content\\\/uploads\\\/2019\\\/07\\\/zbp-communications-over-mv-plc.png\",\"datePublished\":\"2015-09-17T15:30:04+00:00\",\"dateModified\":\"2023-01-26T08:53:03+00:00\",\"description\":\"Equipo PLC para el transporte de datos, por las l\u00edneas el\u00e9ctricas de media tensi\u00f3n, entre Centros de Transformaci\u00f3n hacia la Subestaci\u00f3n.\u00a0Modulaci\u00f3n OFDM\",\"breadcrumb\":{\"@id\":\"https:\\\/\\\/www.zivautomation.com\\\/es\\\/productos\\\/comunicaciones\\\/zbp-1-portadora-para-lineas-de-distribucion\\\/#breadcrumb\"},\"inLanguage\":\"es\",\"potentialAction\":[{\"@type\":\"ReadAction\",\"target\":[\"https:\\\/\\\/www.zivautomation.com\\\/es\\\/productos\\\/comunicaciones\\\/zbp-1-portadora-para-lineas-de-distribucion\\\/\"]}]},{\"@type\":\"ImageObject\",\"inLanguage\":\"es\",\"@id\":\"https:\\\/\\\/www.zivautomation.com\\\/es\\\/productos\\\/comunicaciones\\\/zbp-1-portadora-para-lineas-de-distribucion\\\/#primaryimage\",\"url\":\"https:\\\/\\\/www.zivautomation.com\\\/wp-content\\\/uploads\\\/2019\\\/07\\\/zbp-communications-over-mv-plc.png\",\"contentUrl\":\"https:\\\/\\\/www.zivautomation.com\\\/wp-content\\\/uploads\\\/2019\\\/07\\\/zbp-communications-over-mv-plc.png\",\"width\":800,\"height\":400,\"caption\":\"ZBP - COMMUNICATIONS OVER MV PLC\"},{\"@type\":\"BreadcrumbList\",\"@id\":\"https:\\\/\\\/www.zivautomation.com\\\/es\\\/productos\\\/comunicaciones\\\/zbp-1-portadora-para-lineas-de-distribucion\\\/#breadcrumb\",\"itemListElement\":[{\"@type\":\"ListItem\",\"position\":1,\"name\":\"Home\",\"item\":\"https:\\\/\\\/www.zivautomation.com\\\/es\\\/\"},{\"@type\":\"ListItem\",\"position\":2,\"name\":\"Soluciones ZIV\",\"item\":\"https:\\\/\\\/www.zivautomation.com\\\/es\\\/productos\\\/\"},{\"@type\":\"ListItem\",\"position\":3,\"name\":\"Comunicaciones\",\"item\":\"https:\\\/\\\/www.zivautomation.com\\\/es\\\/productos\\\/comunicaciones\\\/\"},{\"@type\":\"ListItem\",\"position\":4,\"name\":\"ZBP-1 &#8211; Equipo PLC de Media Tensi\u00f3n\"}]},{\"@type\":\"WebSite\",\"@id\":\"https:\\\/\\\/www.zivautomation.com\\\/es\\\/#website\",\"url\":\"https:\\\/\\\/www.zivautomation.com\\\/es\\\/\",\"name\":\"ZIV\",\"description\":\"Haciendo realidad la Red del Futuro\",\"publisher\":{\"@id\":\"https:\\\/\\\/www.zivautomation.com\\\/es\\\/#organization\"},\"potentialAction\":[{\"@type\":\"SearchAction\",\"target\":{\"@type\":\"EntryPoint\",\"urlTemplate\":\"https:\\\/\\\/www.zivautomation.com\\\/es\\\/?s={search_term_string}\"},\"query-input\":{\"@type\":\"PropertyValueSpecification\",\"valueRequired\":true,\"valueName\":\"search_term_string\"}}],\"inLanguage\":\"es\"},{\"@type\":\"Organization\",\"@id\":\"https:\\\/\\\/www.zivautomation.com\\\/es\\\/#organization\",\"name\":\"ZIV\",\"url\":\"https:\\\/\\\/www.zivautomation.com\\\/es\\\/\",\"logo\":{\"@type\":\"ImageObject\",\"inLanguage\":\"es\",\"@id\":\"https:\\\/\\\/www.zivautomation.com\\\/es\\\/#\\\/schema\\\/logo\\\/image\\\/\",\"url\":\"https:\\\/\\\/www.zivautomation.com\\\/wp-content\\\/uploads\\\/2016\\\/10\\\/ziv_solo_cmyk_hr.jpg\",\"contentUrl\":\"https:\\\/\\\/www.zivautomation.com\\\/wp-content\\\/uploads\\\/2016\\\/10\\\/ziv_solo_cmyk_hr.jpg\",\"width\":7078,\"height\":2234,\"caption\":\"ZIV\"},\"image\":{\"@id\":\"https:\\\/\\\/www.zivautomation.com\\\/es\\\/#\\\/schema\\\/logo\\\/image\\\/\"}}]}<\/script>\n<!-- \/ Yoast SEO plugin. -->","yoast_head_json":{"title":"ZBP-1 - Equipo PLC de Media Tensi\u00f3n - ZIV Redes de Distribuci\u00f3n","description":"Equipo PLC para el transporte de datos, por las l\u00edneas el\u00e9ctricas de media tensi\u00f3n, entre Centros de Transformaci\u00f3n hacia la Subestaci\u00f3n.\u00a0Modulaci\u00f3n OFDM","robots":{"index":"index","follow":"follow","max-snippet":"max-snippet:-1","max-image-preview":"max-image-preview:large","max-video-preview":"max-video-preview:-1"},"canonical":"https:\/\/www.zivautomation.com\/es\/productos\/comunicaciones\/zbp-1-portadora-para-lineas-de-distribucion\/","og_locale":"es_ES","og_type":"article","og_title":"ZBP-1 - Equipo PLC de Media Tensi\u00f3n - ZIV Redes de Distribuci\u00f3n","og_description":"Equipo PLC para el transporte de datos, por las l\u00edneas el\u00e9ctricas de media tensi\u00f3n, entre Centros de Transformaci\u00f3n hacia la Subestaci\u00f3n.\u00a0Modulaci\u00f3n OFDM","og_url":"https:\/\/www.zivautomation.com\/es\/productos\/comunicaciones\/zbp-1-portadora-para-lineas-de-distribucion\/","og_site_name":"ZIV","article_modified_time":"2023-01-26T08:53:03+00:00","og_image":[{"width":800,"height":400,"url":"https:\/\/www.zivautomation.com\/wp-content\/uploads\/2019\/07\/zbp-communications-over-mv-plc.png","type":"image\/png"}],"twitter_card":"summary_large_image","twitter_misc":{"Tiempo de lectura":"1 minuto"},"schema":{"@context":"https:\/\/schema.org","@graph":[{"@type":"WebPage","@id":"https:\/\/www.zivautomation.com\/es\/productos\/comunicaciones\/zbp-1-portadora-para-lineas-de-distribucion\/","url":"https:\/\/www.zivautomation.com\/es\/productos\/comunicaciones\/zbp-1-portadora-para-lineas-de-distribucion\/","name":"ZBP-1 - Equipo PLC de Media Tensi\u00f3n - ZIV Redes de Distribuci\u00f3n","isPartOf":{"@id":"https:\/\/www.zivautomation.com\/es\/#website"},"primaryImageOfPage":{"@id":"https:\/\/www.zivautomation.com\/es\/productos\/comunicaciones\/zbp-1-portadora-para-lineas-de-distribucion\/#primaryimage"},"image":{"@id":"https:\/\/www.zivautomation.com\/es\/productos\/comunicaciones\/zbp-1-portadora-para-lineas-de-distribucion\/#primaryimage"},"thumbnailUrl":"https:\/\/www.zivautomation.com\/wp-content\/uploads\/2019\/07\/zbp-communications-over-mv-plc.png","datePublished":"2015-09-17T15:30:04+00:00","dateModified":"2023-01-26T08:53:03+00:00","description":"Equipo PLC para el transporte de datos, por las l\u00edneas el\u00e9ctricas de media tensi\u00f3n, entre Centros de Transformaci\u00f3n hacia la Subestaci\u00f3n.\u00a0Modulaci\u00f3n OFDM","breadcrumb":{"@id":"https:\/\/www.zivautomation.com\/es\/productos\/comunicaciones\/zbp-1-portadora-para-lineas-de-distribucion\/#breadcrumb"},"inLanguage":"es","potentialAction":[{"@type":"ReadAction","target":["https:\/\/www.zivautomation.com\/es\/productos\/comunicaciones\/zbp-1-portadora-para-lineas-de-distribucion\/"]}]},{"@type":"ImageObject","inLanguage":"es","@id":"https:\/\/www.zivautomation.com\/es\/productos\/comunicaciones\/zbp-1-portadora-para-lineas-de-distribucion\/#primaryimage","url":"https:\/\/www.zivautomation.com\/wp-content\/uploads\/2019\/07\/zbp-communications-over-mv-plc.png","contentUrl":"https:\/\/www.zivautomation.com\/wp-content\/uploads\/2019\/07\/zbp-communications-over-mv-plc.png","width":800,"height":400,"caption":"ZBP - COMMUNICATIONS OVER MV PLC"},{"@type":"BreadcrumbList","@id":"https:\/\/www.zivautomation.com\/es\/productos\/comunicaciones\/zbp-1-portadora-para-lineas-de-distribucion\/#breadcrumb","itemListElement":[{"@type":"ListItem","position":1,"name":"Home","item":"https:\/\/www.zivautomation.com\/es\/"},{"@type":"ListItem","position":2,"name":"Soluciones ZIV","item":"https:\/\/www.zivautomation.com\/es\/productos\/"},{"@type":"ListItem","position":3,"name":"Comunicaciones","item":"https:\/\/www.zivautomation.com\/es\/productos\/comunicaciones\/"},{"@type":"ListItem","position":4,"name":"ZBP-1 &#8211; Equipo PLC de Media Tensi\u00f3n"}]},{"@type":"WebSite","@id":"https:\/\/www.zivautomation.com\/es\/#website","url":"https:\/\/www.zivautomation.com\/es\/","name":"ZIV","description":"Haciendo realidad la Red del Futuro","publisher":{"@id":"https:\/\/www.zivautomation.com\/es\/#organization"},"potentialAction":[{"@type":"SearchAction","target":{"@type":"EntryPoint","urlTemplate":"https:\/\/www.zivautomation.com\/es\/?s={search_term_string}"},"query-input":{"@type":"PropertyValueSpecification","valueRequired":true,"valueName":"search_term_string"}}],"inLanguage":"es"},{"@type":"Organization","@id":"https:\/\/www.zivautomation.com\/es\/#organization","name":"ZIV","url":"https:\/\/www.zivautomation.com\/es\/","logo":{"@type":"ImageObject","inLanguage":"es","@id":"https:\/\/www.zivautomation.com\/es\/#\/schema\/logo\/image\/","url":"https:\/\/www.zivautomation.com\/wp-content\/uploads\/2016\/10\/ziv_solo_cmyk_hr.jpg","contentUrl":"https:\/\/www.zivautomation.com\/wp-content\/uploads\/2016\/10\/ziv_solo_cmyk_hr.jpg","width":7078,"height":2234,"caption":"ZIV"},"image":{"@id":"https:\/\/www.zivautomation.com\/es\/#\/schema\/logo\/image\/"}}]}},"_links":{"self":[{"href":"https:\/\/www.zivautomation.com\/es\/wp-json\/wp\/v2\/pages\/6436","targetHints":{"allow":["GET"]}}],"collection":[{"href":"https:\/\/www.zivautomation.com\/es\/wp-json\/wp\/v2\/pages"}],"about":[{"href":"https:\/\/www.zivautomation.com\/es\/wp-json\/wp\/v2\/types\/page"}],"author":[{"embeddable":true,"href":"https:\/\/www.zivautomation.com\/es\/wp-json\/wp\/v2\/users\/1"}],"replies":[{"embeddable":true,"href":"https:\/\/www.zivautomation.com\/es\/wp-json\/wp\/v2\/comments?post=6436"}],"version-history":[{"count":16,"href":"https:\/\/www.zivautomation.com\/es\/wp-json\/wp\/v2\/pages\/6436\/revisions"}],"predecessor-version":[{"id":87475,"href":"https:\/\/www.zivautomation.com\/es\/wp-json\/wp\/v2\/pages\/6436\/revisions\/87475"}],"up":[{"embeddable":true,"href":"https:\/\/www.zivautomation.com\/es\/wp-json\/wp\/v2\/pages\/84941"}],"wp:featuredmedia":[{"embeddable":true,"href":"https:\/\/www.zivautomation.com\/es\/wp-json\/wp\/v2\/media\/71422"}],"wp:attachment":[{"href":"https:\/\/www.zivautomation.com\/es\/wp-json\/wp\/v2\/media?parent=6436"}],"wp:term":[{"taxonomy":"category","embeddable":true,"href":"https:\/\/www.zivautomation.com\/es\/wp-json\/wp\/v2\/categories?post=6436"},{"taxonomy":"post_tag","embeddable":true,"href":"https:\/\/www.zivautomation.com\/es\/wp-json\/wp\/v2\/tags?post=6436"}],"curies":[{"name":"wp","href":"https:\/\/api.w.org\/{rel}","templated":true}]}}