{"id":31978,"date":"2018-03-16T22:54:08","date_gmt":"2018-03-16T21:54:08","guid":{"rendered":"https:\/\/www.zivautomation.com\/?page_id=31978"},"modified":"2025-02-12T08:44:22","modified_gmt":"2025-02-12T07:44:22","slug":"digitalizando-la-red-de-distribucion-2","status":"publish","type":"page","link":"https:\/\/www.zivautomation.com\/es\/digitalizando-la-red-de-distribucion-2\/","title":{"rendered":"Sistemas de Automatizaci\u00f3n de MT y BT"},"content":{"rendered":"<div class=\"wpb-content-wrapper\"><p>[vc_row][vc_column][vc_column_text]<\/p>\n<h2>Soluciones y sistemas de monitorizaci\u00f3n y automatizaci\u00f3n de la Red de Distribuci\u00f3n<\/h2>\n<p>[\/vc_column_text]<div  class=\"kleo-gap\" style=\"height:30px;line-height:30px;\"><\/div>[vc_single_image image=&#8221;85890&#8243; img_size=&#8221;full&#8221;]<div  class=\"kleo-gap\" style=\"height:30px;line-height:30px;\"><\/div>[vc_basic_grid post_type=&#8221;ids&#8221; item=&#8221;masonryGrid_Default&#8221; grid_id=&#8221;vc_gid:1661505214877-abbdab46-0dd0-7&#8243; include=&#8221;70368, 70375, 70502, 69314, 16505, 16219&#8243;]<div  class=\"kleo-gap\" style=\"height:30px;line-height:30px;\"><\/div>[\/vc_column][\/vc_row][vc_row][vc_column][vc_column_text]<\/p>\n<h2>Digitalizando la red de distribuci\u00f3n<\/h2>\n<p>[\/vc_column_text][vc_basic_grid post_type=&#8221;ids&#8221; item=&#8221;masonryGrid_Default&#8221; grid_id=&#8221;vc_gid:1661505214874-108befcb-faf7-2&#8243; include=&#8221;83084, 70316, 71118, 78221&#8243;][\/vc_column][\/vc_row][vc_row][vc_column][vc_column_text]<\/p>\n<h2>I+D<\/h2>\n<p>[\/vc_column_text][vc_basic_grid post_type=&#8221;ids&#8221; item=&#8221;masonryGrid_Default&#8221; grid_id=&#8221;vc_gid:1661505214879-53db000d-9bad-0&#8243; include=&#8221;31130&#8243;]<div  class=\"kleo-gap\" style=\"height:30px;line-height:30px;\"><\/div>[\/vc_column][\/vc_row][vc_row][vc_column][vc_btn title=&#8221;\u00bf EST\u00c1 PENSANDO EN AL DIGITALIZACI\u00d3N DE LA RED DE BT Y MT? NOSOTROS TAMBI\u00c9N. CU\u00c9NTENOS SUS RETOS&#8230;&#8221; align=&#8221;center&#8221; i_icon_fontawesome=&#8221;&#8221; css_animation=&#8221;fadeIn&#8221; add_icon=&#8221;true&#8221; link=&#8221;url:https%3A%2F%2Fwww.zivautomation.com%2Fcontact%2F|||&#8221;][\/vc_column][\/vc_row][vc_row][vc_column]<div  class=\"kleo-gap\" style=\"height:30px;line-height:30px;\"><\/div>[\/vc_column][\/vc_row][vc_column][\/vc_column]<\/p>\n<\/div>","protected":false},"excerpt":{"rendered":"<p> Soluciones y sistemas de monitorizaci\u00f3n y automatizaci\u00f3n de la Red de Distribuci\u00f3n  Digitalizando la red de distribuci\u00f3n  I+D <\/p>\n","protected":false},"author":1,"featured_media":0,"parent":0,"menu_order":104,"comment_status":"closed","ping_status":"closed","template":"","meta":{"_acf_changed":false,"footnotes":""},"categories":[268,455],"tags":[],"class_list":["post-31978","page","type-page","status-publish","hentry","category-sistemas-de-automatizacion-de-subestacion-cat","category-sistemas"],"acf":[],"yoast_head":"<!-- This site is optimized with the Yoast SEO plugin v27.6 - https:\/\/yoast.com\/product\/yoast-seo-wordpress\/ -->\n<title>Sistemas de Automatizaci\u00f3n de MT y BT - ZIV<\/title>\n<meta name=\"robots\" content=\"index, follow, max-snippet:-1, max-image-preview:large, max-video-preview:-1\" \/>\n<link rel=\"canonical\" href=\"https:\/\/www.zivautomation.com\/es\/digitalizando-la-red-de-distribucion-2\/\" \/>\n<meta property=\"og:locale\" content=\"es_ES\" \/>\n<meta property=\"og:type\" content=\"article\" \/>\n<meta property=\"og:title\" content=\"Sistemas de Automatizaci\u00f3n de MT y BT - ZIV\" \/>\n<meta property=\"og:description\" content=\"[vc_row][vc_column][vc_column_text] Soluciones y sistemas de monitorizaci\u00f3n y automatizaci\u00f3n de la Red de Distribuci\u00f3n [\/vc_column_text][vc_single_image image=&#8221;85890&#8243; img_size=&#8221;full&#8221;][vc_basic_grid post_type=&#8221;ids&#8221; item=&#8221;masonryGrid_Default&#8221; grid_id=&#8221;vc_gid:1661505214877-abbdab46-0dd0-7&#8243; include=&#8221;70368, 70375, 70502, 69314, 16505, 16219&#8243;][\/vc_column][\/vc_row][vc_row][vc_column][vc_column_text] Digitalizando la red de distribuci\u00f3n [\/vc_column_text][vc_basic_grid post_type=&#8221;ids&#8221; item=&#8221;masonryGrid_Default&#8221; grid_id=&#8221;vc_gid:1661505214874-108befcb-faf7-2&#8243; include=&#8221;83084, 70316, 71118, 78221&#8243;][\/vc_column][\/vc_row][vc_row][vc_column][vc_column_text] I+D [\/vc_column_text][vc_basic_grid post_type=&#8221;ids&#8221; item=&#8221;masonryGrid_Default&#8221; grid_id=&#8221;vc_gid:1661505214879-53db000d-9bad-0&#8243; include=&#8221;31130&#8243;][\/vc_column][\/vc_row][vc_row][vc_column][vc_btn title=&#8221;\u00bf EST\u00c1 PENSANDO EN AL DIGITALIZACI\u00d3N DE LA RED DE BT Y MT? NOSOTROS TAMBI\u00c9N. CU\u00c9NTENOS [&hellip;]\" \/>\n<meta property=\"og:url\" content=\"https:\/\/www.zivautomation.com\/es\/digitalizando-la-red-de-distribucion-2\/\" \/>\n<meta property=\"og:site_name\" content=\"ZIV\" \/>\n<meta property=\"article:modified_time\" content=\"2025-02-12T07:44:22+00:00\" \/>\n<meta name=\"twitter:card\" content=\"summary_large_image\" \/>\n<meta name=\"twitter:label1\" content=\"Tiempo de lectura\" \/>\n\t<meta name=\"twitter:data1\" content=\"1 minuto\" \/>\n<script type=\"application\/ld+json\" class=\"yoast-schema-graph\">{\"@context\":\"https:\\\/\\\/schema.org\",\"@graph\":[{\"@type\":\"WebPage\",\"@id\":\"https:\\\/\\\/www.zivautomation.com\\\/es\\\/digitalizando-la-red-de-distribucion-2\\\/\",\"url\":\"https:\\\/\\\/www.zivautomation.com\\\/es\\\/digitalizando-la-red-de-distribucion-2\\\/\",\"name\":\"Sistemas de Automatizaci\u00f3n de MT y BT - ZIV\",\"isPartOf\":{\"@id\":\"https:\\\/\\\/www.zivautomation.com\\\/es\\\/#website\"},\"datePublished\":\"2018-03-16T21:54:08+00:00\",\"dateModified\":\"2025-02-12T07:44:22+00:00\",\"breadcrumb\":{\"@id\":\"https:\\\/\\\/www.zivautomation.com\\\/es\\\/digitalizando-la-red-de-distribucion-2\\\/#breadcrumb\"},\"inLanguage\":\"es\",\"potentialAction\":[{\"@type\":\"ReadAction\",\"target\":[\"https:\\\/\\\/www.zivautomation.com\\\/es\\\/digitalizando-la-red-de-distribucion-2\\\/\"]}]},{\"@type\":\"BreadcrumbList\",\"@id\":\"https:\\\/\\\/www.zivautomation.com\\\/es\\\/digitalizando-la-red-de-distribucion-2\\\/#breadcrumb\",\"itemListElement\":[{\"@type\":\"ListItem\",\"position\":1,\"name\":\"Home\",\"item\":\"https:\\\/\\\/www.zivautomation.com\\\/es\\\/\"},{\"@type\":\"ListItem\",\"position\":2,\"name\":\"Sistemas de Automatizaci\u00f3n de MT y BT\"}]},{\"@type\":\"WebSite\",\"@id\":\"https:\\\/\\\/www.zivautomation.com\\\/es\\\/#website\",\"url\":\"https:\\\/\\\/www.zivautomation.com\\\/es\\\/\",\"name\":\"ZIV\",\"description\":\"Haciendo realidad la Red del Futuro\",\"publisher\":{\"@id\":\"https:\\\/\\\/www.zivautomation.com\\\/es\\\/#organization\"},\"potentialAction\":[{\"@type\":\"SearchAction\",\"target\":{\"@type\":\"EntryPoint\",\"urlTemplate\":\"https:\\\/\\\/www.zivautomation.com\\\/es\\\/?s={search_term_string}\"},\"query-input\":{\"@type\":\"PropertyValueSpecification\",\"valueRequired\":true,\"valueName\":\"search_term_string\"}}],\"inLanguage\":\"es\"},{\"@type\":\"Organization\",\"@id\":\"https:\\\/\\\/www.zivautomation.com\\\/es\\\/#organization\",\"name\":\"ZIV\",\"url\":\"https:\\\/\\\/www.zivautomation.com\\\/es\\\/\",\"logo\":{\"@type\":\"ImageObject\",\"inLanguage\":\"es\",\"@id\":\"https:\\\/\\\/www.zivautomation.com\\\/es\\\/#\\\/schema\\\/logo\\\/image\\\/\",\"url\":\"https:\\\/\\\/www.zivautomation.com\\\/wp-content\\\/uploads\\\/2016\\\/10\\\/ziv_solo_cmyk_hr.jpg\",\"contentUrl\":\"https:\\\/\\\/www.zivautomation.com\\\/wp-content\\\/uploads\\\/2016\\\/10\\\/ziv_solo_cmyk_hr.jpg\",\"width\":7078,\"height\":2234,\"caption\":\"ZIV\"},\"image\":{\"@id\":\"https:\\\/\\\/www.zivautomation.com\\\/es\\\/#\\\/schema\\\/logo\\\/image\\\/\"}}]}<\/script>\n<!-- \/ Yoast SEO plugin. -->","yoast_head_json":{"title":"Sistemas de Automatizaci\u00f3n de MT y BT - ZIV","robots":{"index":"index","follow":"follow","max-snippet":"max-snippet:-1","max-image-preview":"max-image-preview:large","max-video-preview":"max-video-preview:-1"},"canonical":"https:\/\/www.zivautomation.com\/es\/digitalizando-la-red-de-distribucion-2\/","og_locale":"es_ES","og_type":"article","og_title":"Sistemas de Automatizaci\u00f3n de MT y BT - ZIV","og_description":"[vc_row][vc_column][vc_column_text] Soluciones y sistemas de monitorizaci\u00f3n y automatizaci\u00f3n de la Red de Distribuci\u00f3n [\/vc_column_text][vc_single_image image=&#8221;85890&#8243; img_size=&#8221;full&#8221;][vc_basic_grid post_type=&#8221;ids&#8221; item=&#8221;masonryGrid_Default&#8221; grid_id=&#8221;vc_gid:1661505214877-abbdab46-0dd0-7&#8243; include=&#8221;70368, 70375, 70502, 69314, 16505, 16219&#8243;][\/vc_column][\/vc_row][vc_row][vc_column][vc_column_text] Digitalizando la red de distribuci\u00f3n [\/vc_column_text][vc_basic_grid post_type=&#8221;ids&#8221; item=&#8221;masonryGrid_Default&#8221; grid_id=&#8221;vc_gid:1661505214874-108befcb-faf7-2&#8243; include=&#8221;83084, 70316, 71118, 78221&#8243;][\/vc_column][\/vc_row][vc_row][vc_column][vc_column_text] I+D [\/vc_column_text][vc_basic_grid post_type=&#8221;ids&#8221; item=&#8221;masonryGrid_Default&#8221; grid_id=&#8221;vc_gid:1661505214879-53db000d-9bad-0&#8243; include=&#8221;31130&#8243;][\/vc_column][\/vc_row][vc_row][vc_column][vc_btn title=&#8221;\u00bf EST\u00c1 PENSANDO EN AL DIGITALIZACI\u00d3N DE LA RED DE BT Y MT? NOSOTROS TAMBI\u00c9N. CU\u00c9NTENOS [&hellip;]","og_url":"https:\/\/www.zivautomation.com\/es\/digitalizando-la-red-de-distribucion-2\/","og_site_name":"ZIV","article_modified_time":"2025-02-12T07:44:22+00:00","twitter_card":"summary_large_image","twitter_misc":{"Tiempo de lectura":"1 minuto"},"schema":{"@context":"https:\/\/schema.org","@graph":[{"@type":"WebPage","@id":"https:\/\/www.zivautomation.com\/es\/digitalizando-la-red-de-distribucion-2\/","url":"https:\/\/www.zivautomation.com\/es\/digitalizando-la-red-de-distribucion-2\/","name":"Sistemas de Automatizaci\u00f3n de MT y BT - ZIV","isPartOf":{"@id":"https:\/\/www.zivautomation.com\/es\/#website"},"datePublished":"2018-03-16T21:54:08+00:00","dateModified":"2025-02-12T07:44:22+00:00","breadcrumb":{"@id":"https:\/\/www.zivautomation.com\/es\/digitalizando-la-red-de-distribucion-2\/#breadcrumb"},"inLanguage":"es","potentialAction":[{"@type":"ReadAction","target":["https:\/\/www.zivautomation.com\/es\/digitalizando-la-red-de-distribucion-2\/"]}]},{"@type":"BreadcrumbList","@id":"https:\/\/www.zivautomation.com\/es\/digitalizando-la-red-de-distribucion-2\/#breadcrumb","itemListElement":[{"@type":"ListItem","position":1,"name":"Home","item":"https:\/\/www.zivautomation.com\/es\/"},{"@type":"ListItem","position":2,"name":"Sistemas de Automatizaci\u00f3n de MT y BT"}]},{"@type":"WebSite","@id":"https:\/\/www.zivautomation.com\/es\/#website","url":"https:\/\/www.zivautomation.com\/es\/","name":"ZIV","description":"Haciendo realidad la Red del Futuro","publisher":{"@id":"https:\/\/www.zivautomation.com\/es\/#organization"},"potentialAction":[{"@type":"SearchAction","target":{"@type":"EntryPoint","urlTemplate":"https:\/\/www.zivautomation.com\/es\/?s={search_term_string}"},"query-input":{"@type":"PropertyValueSpecification","valueRequired":true,"valueName":"search_term_string"}}],"inLanguage":"es"},{"@type":"Organization","@id":"https:\/\/www.zivautomation.com\/es\/#organization","name":"ZIV","url":"https:\/\/www.zivautomation.com\/es\/","logo":{"@type":"ImageObject","inLanguage":"es","@id":"https:\/\/www.zivautomation.com\/es\/#\/schema\/logo\/image\/","url":"https:\/\/www.zivautomation.com\/wp-content\/uploads\/2016\/10\/ziv_solo_cmyk_hr.jpg","contentUrl":"https:\/\/www.zivautomation.com\/wp-content\/uploads\/2016\/10\/ziv_solo_cmyk_hr.jpg","width":7078,"height":2234,"caption":"ZIV"},"image":{"@id":"https:\/\/www.zivautomation.com\/es\/#\/schema\/logo\/image\/"}}]}},"_links":{"self":[{"href":"https:\/\/www.zivautomation.com\/es\/wp-json\/wp\/v2\/pages\/31978","targetHints":{"allow":["GET"]}}],"collection":[{"href":"https:\/\/www.zivautomation.com\/es\/wp-json\/wp\/v2\/pages"}],"about":[{"href":"https:\/\/www.zivautomation.com\/es\/wp-json\/wp\/v2\/types\/page"}],"author":[{"embeddable":true,"href":"https:\/\/www.zivautomation.com\/es\/wp-json\/wp\/v2\/users\/1"}],"replies":[{"embeddable":true,"href":"https:\/\/www.zivautomation.com\/es\/wp-json\/wp\/v2\/comments?post=31978"}],"version-history":[{"count":31,"href":"https:\/\/www.zivautomation.com\/es\/wp-json\/wp\/v2\/pages\/31978\/revisions"}],"predecessor-version":[{"id":85898,"href":"https:\/\/www.zivautomation.com\/es\/wp-json\/wp\/v2\/pages\/31978\/revisions\/85898"}],"wp:attachment":[{"href":"https:\/\/www.zivautomation.com\/es\/wp-json\/wp\/v2\/media?parent=31978"}],"wp:term":[{"taxonomy":"category","embeddable":true,"href":"https:\/\/www.zivautomation.com\/es\/wp-json\/wp\/v2\/categories?post=31978"},{"taxonomy":"post_tag","embeddable":true,"href":"https:\/\/www.zivautomation.com\/es\/wp-json\/wp\/v2\/tags?post=31978"}],"curies":[{"name":"wp","href":"https:\/\/api.w.org\/{rel}","templated":true}]}}